{"id":70001,"date":"2023-12-04T13:34:37","date_gmt":"2023-12-04T13:34:37","guid":{"rendered":"https:\/\/roboyo.global\/?page_id=70001"},"modified":"2023-12-12T14:06:07","modified_gmt":"2023-12-12T14:06:07","slug":"solutions","status":"publish","type":"page","link":"https:\/\/roboyo.global\/fr\/solutions\/","title":{"rendered":"Solutions"},"content":{"rendered":"\n\n<section data-nav-transparent data-loaded data-nav-transparent\n    class=\"hero-header-3 hero-header-3--no-cat \">\n    <div class=\"hero-header-3__wrapper\">\n        <div class=\"hero-header-3__video hero-header-3__video--overlay\">\n                                    \n    \n            <div class=\"hero-header-3__image\" data-lazy=\"1\">\n            <img decoding=\"async\" src=\"https:\/\/roboyo.global\/app\/uploads\/2023\/11\/Copy-of-Blog-Post-HeroFeatured-Image.png\" alt=\"Blue room with lights within the walls\" loading=\"eager\" fetchpriority=\"high\">\n        <\/div>\n                                                            <\/div>\n        <div class=\"hero-header-3__container\">\n            <div class=\"hero-header-3__content\">\n                                <p class=\"hero-header-3__title\">Solutions<\/p>\n                \n                                                <h1 class=\"hero-header-3__subtitle\">\n                    <span>R\u00c9VOLUTIONNER LA TRANSFORMATION NUM\u00c9RIQUE<\/span>\n                <\/h1>\n                \n                            <\/div>\n                    <\/div>\n                <div class=\"hero-header-3__gradient hero-header-3__gradient--overall\"\n            style=\"background: linear-gradient(, rgb() 0%, rgb() 100%)\">\n        <\/div>\n            <\/div>\n<\/section>\n\n\n\n<div aria-hidden=\"true\" class=\"appeal-spacer appeal-spacer--69e9196430027  appeal-spacer--transparent\">\r\n<style>\r\n\/* Ultrawide *\/\r\n.appeal-spacer--69e9196430027 {\r\n    height: 75px;\r\n}\r\n\r\n\/* Desktop *\/\r\n@media (max-width: 1920px) {\r\n    .appeal-spacer--69e9196430027 {\r\n        height: 75px;\r\n    }\r\n}\r\n\r\n\/* Laptop *\/\r\n@media (max-width: 1024px) {\r\n    .appeal-spacer--69e9196430027 {\r\n        height: 50px;\r\n    }\r\n}\r\n\r\n\/* Mobile *\/\r\n@media (max-width: 767px) {\r\n    .appeal-spacer--69e9196430027 {\r\n        height: 50px;\r\n    }\r\n}\r\n<\/style>\r\n<\/div>\r\n\n\n\r\n\r\n<div class=\"\"\r\n    style=\"background-color: #fff; position: relative\">\r\n    \r\n    \r\n    <section class=\"container-block container--medium\">\r\n        <div class=\"container-block__elements\">\r\n            \n\n<p class=\"has-t-h-7-font-size\"><strong>Nous sommes conscients que le chemin de chaque organisation vers la transformation num\u00e9rique est diff\u00e9rent. C&#8217;est pourquoi nous proposons une gamme de solutions m\u00e9ticuleusement adapt\u00e9es aux besoins de votre entreprise, aux r\u00e9sultats souhait\u00e9s et aux fonctions op\u00e9rationnelles.<\/strong><\/p>\n\n\n\n<p class=\"has-t-h-7-font-size\">Au c\u0153ur de notre mission se trouve l&#8217;engagement de vous mener vers l&#8217;excellence organisationnelle. Nous y parvenons en int\u00e9grant de mani\u00e8re transparente la technologie, les personnes et les processus et en lib\u00e9rant toute la puissance de l&#8217;automatisation.&nbsp;&nbsp;&nbsp;&nbsp;<\/p>\n\n\n\n<p class=\"has-t-h-7-font-size\">O\u00f9 que vous en soyez dans votre parcours de transformation num\u00e9rique, nous sommes l\u00e0 pour vous faire passer \u00e0 l&#8217;\u00e9tape suivante. Maintenant, c&#8217;est \u00e0 vous de jouer ! Explorez notre gamme de solutions et attendez-vous \u00e0 des op\u00e9rations rationalis\u00e9es, des r\u00e9sultats tangibles et l&#8217;avantage n\u00e9cessaire pour d\u00e9passer la concurrence.&nbsp;&nbsp;<\/p>\n\n\r\n        <\/div>\r\n    <\/section>\r\n<\/div>\n\n<div aria-hidden=\"true\" class=\"appeal-spacer appeal-spacer--69e9196430cea  appeal-spacer--transparent\">\r\n<style>\r\n\/* Ultrawide *\/\r\n.appeal-spacer--69e9196430cea {\r\n    height: 75px;\r\n}\r\n\r\n\/* Desktop *\/\r\n@media (max-width: 1920px) {\r\n    .appeal-spacer--69e9196430cea {\r\n        height: 75px;\r\n    }\r\n}\r\n\r\n\/* Laptop *\/\r\n@media (max-width: 1024px) {\r\n    .appeal-spacer--69e9196430cea {\r\n        height: 50px;\r\n    }\r\n}\r\n\r\n\/* Mobile *\/\r\n@media (max-width: 767px) {\r\n    .appeal-spacer--69e9196430cea {\r\n        height: 50px;\r\n    }\r\n}\r\n<\/style>\r\n<\/div>\r\n\n\n\n\n<section class=\"icon-descriptions  js-icon-descriptions\"    data-block=\"appeal\/icon-descriptions\">\n    <div class=\"container\">\n        <div class=\"icon-descriptions__intro-text\"><p><span style=\"color: #1ff4ff;\">Solutions <span class=\"TextRun SCXW207616607 BCX0\" lang=\"EN-GB\" style=\"color: #ffffff;\" xml:lang=\"EN-GB\" data-contrast=\"auto\"><span class=\"NormalTextRun SCXW207616607 BCX0\">EN UN COUP D&#8217;\u0152IL<\/span><\/span><\/span><\/p>\n<\/div>\n        <div class=\"icon-descriptions__icon-list\">\n                            <div class=\"icon-list-item\">\n                    <div class=\"icon-list-item__icon-wrapper\">\n                                                                                \n    \n            <div class=\"icon-list-item__image\" data-lazy >\n                            <img decoding=\"async\" loading=\"lazy\" data-lazy-placeholder src=\"https:\/\/roboyo.global\/app\/uploads\/2023\/12\/ByOutcome-1-150x150.gif\" alt=\"By outcome GIF\">\n                                        <img loading=\"lazy\" data-lazy-full=\"https:\/\/roboyo.global\/app\/uploads\/2023\/12\/ByOutcome-1.gif\" alt=\"By outcome GIF\">\n                    <\/div>\n    \n                                            <\/div>\n\n                                            <div class=\"icon-list-item__title\">PAR R\u00c9SULTAT   <\/div>\n                    \n                                            <div class=\"icon-list-item__description\">Que vous cherchiez \u00e0 acqu\u00e9rir un avantage concurrentiel, \u00e0 garantir un avantage en termes de co\u00fbts, \u00e0 assurer l&#8217;avenir de vos op\u00e9rations num\u00e9riques, \u00e0 stimuler les talents ou \u00e0 ravir vos clients, nos solutions sur mesure sont con\u00e7ues pour r\u00e9pondre \u00e0 vos objectifs commerciaux.  <\/div>\n                    \n                                        <div class=\"icon-list-item__button\">\n                    \n<a\n    class=\"animated-cta__link link--primary link--dark link--dark-blue link--internal link--large link link--primary link--internal\"\n    href=\"https:\/\/roboyo.global\/fr\/solutions-par-resultat\/\"     aria-label=\"Learn more about: En savoir plus\"    data-loaded\n>\n  <div>\n          <i><\/i>\n        <span>En savoir plus<\/span>\n      <\/div>\n<\/a>                    <\/div>\n                                    <\/div>\n                            <div class=\"icon-list-item\">\n                    <div class=\"icon-list-item__icon-wrapper\">\n                                                                                \n    \n            <div class=\"icon-list-item__image\" data-lazy >\n                            <img decoding=\"async\" loading=\"lazy\" data-lazy-placeholder src=\"https:\/\/roboyo.global\/app\/uploads\/2023\/12\/ByNeed-1-150x150.gif\" alt=\"By need GIF\">\n                                        <img loading=\"lazy\" data-lazy-full=\"https:\/\/roboyo.global\/app\/uploads\/2023\/12\/ByNeed-1.gif\" alt=\"By need GIF\">\n                    <\/div>\n    \n                                            <\/div>\n\n                                            <div class=\"icon-list-item__title\">PAR BESOIN   <\/div>\n                    \n                                            <div class=\"icon-list-item__description\">Chaque phase de votre parcours d&#8217;automatisation exige une approche nuanc\u00e9e, et nos solutions sont finement ajust\u00e9es pour fournir le soutien ad\u00e9quat et la r\u00e9flexion strat\u00e9gique \u00e0 chaque \u00e9tape.    <\/div>\n                    \n                                        <div class=\"icon-list-item__button\">\n                    \n<a\n    class=\"animated-cta__link link--primary link--dark link--dark-blue link--internal link--large link link--primary link--internal\"\n    href=\"https:\/\/roboyo.global\/fr\/solutions-par-besoin\/\"     aria-label=\"Learn more about: En savoir plus\"    data-loaded\n>\n  <div>\n          <i><\/i>\n        <span>En savoir plus<\/span>\n      <\/div>\n<\/a>                    <\/div>\n                                    <\/div>\n                            <div class=\"icon-list-item\">\n                    <div class=\"icon-list-item__icon-wrapper\">\n                                                                                \n    \n            <div class=\"icon-list-item__image\" data-lazy >\n                            <img decoding=\"async\" loading=\"lazy\" data-lazy-placeholder src=\"https:\/\/roboyo.global\/app\/uploads\/2023\/12\/ByFunction-1-150x150.gif\" alt=\"By function GIF\">\n                                        <img loading=\"lazy\" data-lazy-full=\"https:\/\/roboyo.global\/app\/uploads\/2023\/12\/ByFunction-1.gif\" alt=\"By function GIF\">\n                    <\/div>\n    \n                                            <\/div>\n\n                                            <div class=\"icon-list-item__title\">PAR FONCTION   <\/div>\n                    \n                                            <div class=\"icon-list-item__description\">D\u00e9couvrez la puissance des solutions d&#8217;automatisation sp\u00e9cialis\u00e9es de Roboyo qui s&#8217;adressent \u00e0 diverses fonctions de l&#8217;entreprise, des finances et de l&#8217;informatique aux ressources humaines et aux op\u00e9rations. Notre approche holistique garantit l&#8217;optimisation et l&#8217;am\u00e9lioration des performances dans tous les d\u00e9partements, contribuant ainsi au succ\u00e8s et \u00e0 l&#8217;efficacit\u00e9 de votre organisation. <\/div>\n                    \n                                        <div class=\"icon-list-item__button\">\n                    \n<a\n    class=\"animated-cta__link link--primary link--dark link--dark-blue link--internal link--large link link--primary link--internal\"\n    href=\"https:\/\/roboyo.global\/fr\/solutions-par-fonction\/\"     aria-label=\"Learn more about: En savoir plus\"    data-loaded\n>\n  <div>\n          <i><\/i>\n        <span>En savoir plus<\/span>\n      <\/div>\n<\/a>                    <\/div>\n                                    <\/div>\n                    <\/div>\n    <\/div>\n<\/section>\n","protected":false},"excerpt":{"rendered":"","protected":false},"author":25,"featured_media":29766,"parent":0,"menu_order":0,"comment_status":"closed","ping_status":"closed","template":"","meta":{"_acf_changed":false,"footnotes":""},"wf_page_folders":[],"class_list":["post-70001","page","type-page","status-publish","has-post-thumbnail","hentry"],"acf":[],"yoast_head":"<!-- This site is optimized with the Yoast SEO Premium plugin v26.0 (Yoast SEO v26.8) - https:\/\/yoast.com\/product\/yoast-seo-premium-wordpress\/ -->\n<title>D\u00e9couvrez Les Solutions Que Nous Proposons - Roboyo<\/title>\n<meta name=\"description\" content=\"Notre expertise en mati\u00e8re d&#039;op\u00e9rationnalisation des technologies nous permet de catalyser des mod\u00e8les d&#039;entreprise \u00e0 grande vitesse.\" \/>\n<meta name=\"robots\" content=\"index, follow, max-snippet:-1, max-image-preview:large, max-video-preview:-1\" \/>\n<link rel=\"canonical\" href=\"https:\/\/roboyo.global\/fr\/solutions\/\" \/>\n<meta property=\"og:locale\" content=\"fr_FR\" \/>\n<meta property=\"og:type\" content=\"article\" \/>\n<meta property=\"og:title\" content=\"Solutions\" \/>\n<meta property=\"og:description\" content=\"Notre expertise en mati\u00e8re d&#039;op\u00e9rationnalisation des technologies nous permet de catalyser des mod\u00e8les d&#039;entreprise \u00e0 grande vitesse.\" \/>\n<meta property=\"og:url\" content=\"https:\/\/roboyo.global\/fr\/solutions\/\" \/>\n<meta property=\"og:site_name\" content=\"Roboyo\" \/>\n<meta property=\"article:modified_time\" content=\"2023-12-12T14:06:07+00:00\" \/>\n<meta property=\"og:image\" content=\"https:\/\/roboyo.global\/app\/uploads\/2022\/05\/img-sbo-competitive-edge-square.jpg\" \/>\n\t<meta property=\"og:image:width\" content=\"1420\" \/>\n\t<meta property=\"og:image:height\" content=\"1420\" \/>\n\t<meta property=\"og:image:type\" content=\"image\/jpeg\" \/>\n<meta name=\"twitter:card\" content=\"summary_large_image\" \/>\n<meta name=\"twitter:label1\" content=\"Est. reading time\" \/>\n\t<meta name=\"twitter:data1\" content=\"1 minute\" \/>\n<script type=\"application\/ld+json\" class=\"yoast-schema-graph\">{\"@context\":\"https:\/\/schema.org\",\"@graph\":[{\"@type\":\"WebPage\",\"@id\":\"https:\/\/roboyo.global\/fr\/solutions\/\",\"url\":\"https:\/\/roboyo.global\/fr\/solutions\/\",\"name\":\"D\u00e9couvrez Les Solutions Que Nous Proposons - Roboyo\",\"isPartOf\":{\"@id\":\"https:\/\/roboyo.global\/fr\/#website\"},\"primaryImageOfPage\":{\"@id\":\"https:\/\/roboyo.global\/fr\/solutions\/#primaryimage\"},\"image\":{\"@id\":\"https:\/\/roboyo.global\/fr\/solutions\/#primaryimage\"},\"thumbnailUrl\":\"https:\/\/roboyo.global\/app\/uploads\/2022\/05\/img-sbo-competitive-edge-square.jpg\",\"datePublished\":\"2023-12-04T13:34:37+00:00\",\"dateModified\":\"2023-12-12T14:06:07+00:00\",\"description\":\"Notre expertise en mati\u00e8re d'op\u00e9rationnalisation des technologies nous permet de catalyser des mod\u00e8les d'entreprise \u00e0 grande vitesse.\",\"breadcrumb\":{\"@id\":\"https:\/\/roboyo.global\/fr\/solutions\/#breadcrumb\"},\"inLanguage\":\"fr-FR\",\"potentialAction\":[{\"@type\":\"ReadAction\",\"target\":[\"https:\/\/roboyo.global\/fr\/solutions\/\"]}]},{\"@type\":\"ImageObject\",\"inLanguage\":\"fr-FR\",\"@id\":\"https:\/\/roboyo.global\/fr\/solutions\/#primaryimage\",\"url\":\"https:\/\/roboyo.global\/app\/uploads\/2022\/05\/img-sbo-competitive-edge-square.jpg\",\"contentUrl\":\"https:\/\/roboyo.global\/app\/uploads\/2022\/05\/img-sbo-competitive-edge-square.jpg\",\"width\":1420,\"height\":1420,\"caption\":\"F1 racing car\"},{\"@type\":\"BreadcrumbList\",\"@id\":\"https:\/\/roboyo.global\/fr\/solutions\/#breadcrumb\",\"itemListElement\":[{\"@type\":\"ListItem\",\"position\":1,\"name\":\"Home\",\"item\":\"https:\/\/roboyo.global\/fr\/\"},{\"@type\":\"ListItem\",\"position\":2,\"name\":\"Solutions\"}]},{\"@type\":\"WebSite\",\"@id\":\"https:\/\/roboyo.global\/fr\/#website\",\"url\":\"https:\/\/roboyo.global\/fr\/\",\"name\":\"Roboyo - Your Agentic Automation & AI Partner of Choice\",\"description\":\"We take what\u2019s possible to the next level. Now.\",\"potentialAction\":[{\"@type\":\"SearchAction\",\"target\":{\"@type\":\"EntryPoint\",\"urlTemplate\":\"https:\/\/roboyo.global\/fr\/?s={search_term_string}\"},\"query-input\":{\"@type\":\"PropertyValueSpecification\",\"valueRequired\":true,\"valueName\":\"search_term_string\"}}],\"inLanguage\":\"fr-FR\"}]}<\/script>\n<!-- \/ Yoast SEO Premium plugin. -->","yoast_head_json":{"title":"D\u00e9couvrez Les Solutions Que Nous Proposons - Roboyo","description":"Notre expertise en mati\u00e8re d'op\u00e9rationnalisation des technologies nous permet de catalyser des mod\u00e8les d'entreprise \u00e0 grande vitesse.","robots":{"index":"index","follow":"follow","max-snippet":"max-snippet:-1","max-image-preview":"max-image-preview:large","max-video-preview":"max-video-preview:-1"},"canonical":"https:\/\/roboyo.global\/fr\/solutions\/","og_locale":"fr_FR","og_type":"article","og_title":"Solutions","og_description":"Notre expertise en mati\u00e8re d'op\u00e9rationnalisation des technologies nous permet de catalyser des mod\u00e8les d'entreprise \u00e0 grande vitesse.","og_url":"https:\/\/roboyo.global\/fr\/solutions\/","og_site_name":"Roboyo","article_modified_time":"2023-12-12T14:06:07+00:00","og_image":[{"width":1420,"height":1420,"url":"https:\/\/roboyo.global\/app\/uploads\/2022\/05\/img-sbo-competitive-edge-square.jpg","type":"image\/jpeg"}],"twitter_card":"summary_large_image","twitter_misc":{"Est. reading time":"1 minute"},"schema":{"@context":"https:\/\/schema.org","@graph":[{"@type":"WebPage","@id":"https:\/\/roboyo.global\/fr\/solutions\/","url":"https:\/\/roboyo.global\/fr\/solutions\/","name":"D\u00e9couvrez Les Solutions Que Nous Proposons - Roboyo","isPartOf":{"@id":"https:\/\/roboyo.global\/fr\/#website"},"primaryImageOfPage":{"@id":"https:\/\/roboyo.global\/fr\/solutions\/#primaryimage"},"image":{"@id":"https:\/\/roboyo.global\/fr\/solutions\/#primaryimage"},"thumbnailUrl":"https:\/\/roboyo.global\/app\/uploads\/2022\/05\/img-sbo-competitive-edge-square.jpg","datePublished":"2023-12-04T13:34:37+00:00","dateModified":"2023-12-12T14:06:07+00:00","description":"Notre expertise en mati\u00e8re d'op\u00e9rationnalisation des technologies nous permet de catalyser des mod\u00e8les d'entreprise \u00e0 grande vitesse.","breadcrumb":{"@id":"https:\/\/roboyo.global\/fr\/solutions\/#breadcrumb"},"inLanguage":"fr-FR","potentialAction":[{"@type":"ReadAction","target":["https:\/\/roboyo.global\/fr\/solutions\/"]}]},{"@type":"ImageObject","inLanguage":"fr-FR","@id":"https:\/\/roboyo.global\/fr\/solutions\/#primaryimage","url":"https:\/\/roboyo.global\/app\/uploads\/2022\/05\/img-sbo-competitive-edge-square.jpg","contentUrl":"https:\/\/roboyo.global\/app\/uploads\/2022\/05\/img-sbo-competitive-edge-square.jpg","width":1420,"height":1420,"caption":"F1 racing car"},{"@type":"BreadcrumbList","@id":"https:\/\/roboyo.global\/fr\/solutions\/#breadcrumb","itemListElement":[{"@type":"ListItem","position":1,"name":"Home","item":"https:\/\/roboyo.global\/fr\/"},{"@type":"ListItem","position":2,"name":"Solutions"}]},{"@type":"WebSite","@id":"https:\/\/roboyo.global\/fr\/#website","url":"https:\/\/roboyo.global\/fr\/","name":"Roboyo - Your Agentic Automation & AI Partner of Choice","description":"We take what\u2019s possible to the next level. Now.","potentialAction":[{"@type":"SearchAction","target":{"@type":"EntryPoint","urlTemplate":"https:\/\/roboyo.global\/fr\/?s={search_term_string}"},"query-input":{"@type":"PropertyValueSpecification","valueRequired":true,"valueName":"search_term_string"}}],"inLanguage":"fr-FR"}]}},"_links":{"self":[{"href":"https:\/\/roboyo.global\/fr\/wp-json\/wp\/v2\/pages\/70001","targetHints":{"allow":["GET"]}}],"collection":[{"href":"https:\/\/roboyo.global\/fr\/wp-json\/wp\/v2\/pages"}],"about":[{"href":"https:\/\/roboyo.global\/fr\/wp-json\/wp\/v2\/types\/page"}],"author":[{"embeddable":true,"href":"https:\/\/roboyo.global\/fr\/wp-json\/wp\/v2\/users\/25"}],"replies":[{"embeddable":true,"href":"https:\/\/roboyo.global\/fr\/wp-json\/wp\/v2\/comments?post=70001"}],"version-history":[{"count":6,"href":"https:\/\/roboyo.global\/fr\/wp-json\/wp\/v2\/pages\/70001\/revisions"}],"predecessor-version":[{"id":71597,"href":"https:\/\/roboyo.global\/fr\/wp-json\/wp\/v2\/pages\/70001\/revisions\/71597"}],"wp:featuredmedia":[{"embeddable":true,"href":"https:\/\/roboyo.global\/fr\/wp-json\/wp\/v2\/media\/29766"}],"wp:attachment":[{"href":"https:\/\/roboyo.global\/fr\/wp-json\/wp\/v2\/media?parent=70001"}],"wp:term":[{"taxonomy":"wf_page_folders","embeddable":true,"href":"https:\/\/roboyo.global\/fr\/wp-json\/wp\/v2\/wf_page_folders?post=70001"}],"curies":[{"name":"wp","href":"https:\/\/api.w.org\/{rel}","templated":true}]}}