{"id":69985,"date":"2023-12-04T13:51:38","date_gmt":"2023-12-04T13:51:38","guid":{"rendered":"https:\/\/roboyo.global\/?page_id=69985"},"modified":"2023-12-11T11:51:12","modified_gmt":"2023-12-11T11:51:12","slug":"perspectives","status":"publish","type":"page","link":"https:\/\/roboyo.global\/fr\/perspectives\/","title":{"rendered":"Perspectives"},"content":{"rendered":"\r\n\r\n<section  data-loaded data-nav-transparent class=\"hero-header-4 hero-header-4--h6 hero-header-4--left  hero-header-4--fw\" data-block=\"appeal\/hero-4\">\r\n    <div class=\"hero-header-4__wrapper hero-header-4__wrapper--white\">\r\n        <div class=\"hero-header-4__container\">\r\n                        <div class=\"hero-header-4__content hero-header-4__content--\">\r\n                \r\n\r\n                                    <h1 class=\"hero-header-4__title h6 uppercase\">Automatisation Intelligente<\/h1>\r\n                \r\n                                    <h2 class=\"hero-header-4__subtitle h3 uppercase\">Perspectives<\/h2>\r\n                \r\n                \r\n            <\/div>\r\n        <\/div>\r\n    <\/div>\r\n<\/section>\n\n\r\n\r\n<section  data-loaded class=\"horizontal-nav horizontal-nav--light  async-load\">\r\n    <div class=\"horizontal-nav__container container--1644\">\r\n        <nav class=\"horizontal-nav__nav\">\r\n            <ul class=\"horizontal-nav__links\">\r\n                                                                                        <li class=\"horizontal-nav__link  horizontal-nav__link--mobile-default  js-hnav-default-mobile-link\">\r\n                                <a href=\"#\">Menu<\/a>\r\n                            <\/li>\r\n                                                <li class=\"horizontal-nav__link  js-hnav-link\" data-url-path=\"\/fr\/tous-les-apercus\/\">\r\n                                                        <a href=\"https:\/\/roboyo.global\/fr\/tous-les-apercus\/\">\ufeffTous les Aper\u00e7us<\/a>\r\n                            \r\n                                                    <\/li>\r\n                                                                                                        <li class=\"horizontal-nav__link  js-hnav-link\" data-url-path=\"\/fr\/tous-les-apercus\/blog\/ \/\">\r\n                                                        <a href=\"https:\/\/roboyo.global\/fr\/tous-les-apercus\/blog\/ \">Blog<\/a>\r\n                            \r\n                                                    <\/li>\r\n                                                                                                        <li class=\"horizontal-nav__link  js-hnav-link\" data-url-path=\"\/fr\/tous-les-apercus\/etudes-de-cas\/\">\r\n                                                        <a href=\"https:\/\/roboyo.global\/fr\/tous-les-apercus\/etudes-de-cas\/\">Histoires de r\u00e9ussite<\/a>\r\n                            \r\n                                                    <\/li>\r\n                                                                                                        <li class=\"horizontal-nav__link  js-hnav-link\" data-url-path=\"\/fr\/tous-les-apercus\/ressources\/\">\r\n                                                        <a href=\"https:\/\/roboyo.global\/fr\/tous-les-apercus\/ressources\/\">Ressources<\/a>\r\n                            \r\n                                                    <\/li>\r\n                                                                                                        <li class=\"horizontal-nav__link  js-hnav-link\" data-url-path=\"\/fr\/tous-les-apercus\/presse\/\">\r\n                                                        <a href=\"https:\/\/roboyo.global\/fr\/tous-les-apercus\/presse\/\">Presse<\/a>\r\n                            \r\n                                                    <\/li>\r\n                                                                                                        <li class=\"horizontal-nav__link  js-hnav-link\" data-url-path=\"\/fr\/tous-les-apercus\/evenements\/\">\r\n                                                        <a href=\"https:\/\/roboyo.global\/fr\/tous-les-apercus\/evenements\/\">Ev\u00e9nements<\/a>\r\n                            \r\n                                                    <\/li>\r\n                                                                                                        <li class=\"horizontal-nav__link  js-hnav-link\" data-url-path=\"\/fr\/tous-les-apercus\/videos\/\">\r\n                                                        <a href=\"https:\/\/roboyo.global\/fr\/tous-les-apercus\/videos\/\">Vid\u00e9os<\/a>\r\n                            \r\n                                                    <\/li>\r\n                                                <\/ul>\r\n        <\/nav>\r\n    <\/div>\r\n<\/section>\n\n\n\n<section id=\"feed-v2\" class=\"no-top-spacing\">\n    <feed-component :feed-layout='{\"layout\":\"multiple_post_types\",\"postTypes\":[\"post\",\"case_study\",\"press_release\",\"resource\",\"video\",\"podcast\",\"event\"],\"enableFilters\":true,\"filtersType\":\"tabs\",\"taxonomiesList\":[{\"taxonomy\":{\"name\":\"Taper\",\"slug\":\"post_types\"},\"terms\":[{\"name\":\"Blog\",\"slug\":\"post\",\"taxonomy\":\"post_types\"},{\"name\":\"Histoires de r\\u00e9ussite\",\"slug\":\"case_study\",\"taxonomy\":\"post_types\"},{\"name\":\"Presse\",\"slug\":\"press_release\",\"taxonomy\":\"post_types\"},{\"name\":\"Resource\",\"slug\":\"resource\",\"taxonomy\":\"post_types\"},{\"name\":\"Event\",\"slug\":\"event\",\"taxonomy\":\"post_types\"}]},{\"taxonomy\":{\"name\":\"Th\\u00e8me\",\"slug\":\"topic\"},\"terms\":[{\"name\":\"AI\",\"slug\":\"ai-fr\",\"taxonomy\":\"topic\"},{\"name\":\"BPM\",\"slug\":\"bpm-fr\",\"taxonomy\":\"topic\"},{\"name\":\"Cybers\\u00e9curit\\u00e9\",\"slug\":\"cybersecurite\",\"taxonomy\":\"topic\"},{\"name\":\"Exploitation Mini\\u00e8re\",\"slug\":\"exploitation-miniere\",\"taxonomy\":\"topic\"},{\"name\":\"IDP\",\"slug\":\"idp-fr\",\"taxonomy\":\"topic\"},{\"name\":\"Lean Six Sigma\",\"slug\":\"lean-six-sigma-fr\",\"taxonomy\":\"topic\"},{\"name\":\"Les Personnes\",\"slug\":\"les-personnes\",\"taxonomy\":\"topic\"},{\"name\":\"Low-Code\",\"slug\":\"low-code-fr\",\"taxonomy\":\"topic\"},{\"name\":\"RPA\",\"slug\":\"rpa-fr\",\"taxonomy\":\"topic\"},{\"name\":\"Services G\\u00e9r\\u00e9s\",\"slug\":\"services-geres\",\"taxonomy\":\"topic\"}]},{\"taxonomy\":{\"name\":\"Industrie\",\"slug\":\"industry\"},\"terms\":[{\"name\":\"Automobile\",\"slug\":\"automobile\",\"taxonomy\":\"industry\"},{\"name\":\"Biens De Consommation\\\/Vente Au D\\u00e9tail\",\"slug\":\"biens-de-consommation-vente-au-detail\",\"taxonomy\":\"industry\"},{\"name\":\"\\u00c9ducation Sup\\u00e9rieure\",\"slug\":\"education-superieure\",\"taxonomy\":\"industry\"},{\"name\":\"Fabrication\",\"slug\":\"fabrication\",\"taxonomy\":\"industry\"},{\"name\":\"Sciences De La Vie\",\"slug\":\"sciences-de-la-vie\",\"taxonomy\":\"industry\"},{\"name\":\"Secteur Public\\\/Gouvernement Am\\u00e9ricain\",\"slug\":\"secteur-public-gouvernement-americain\",\"taxonomy\":\"industry\"},{\"name\":\"Services Financiers\",\"slug\":\"services-financiers\",\"taxonomy\":\"industry\"},{\"name\":\"Toutes Les Industries\",\"slug\":\"toutes-les-industries\",\"taxonomy\":\"industry\"}]},{\"taxonomy\":{\"name\":\"D\\u00e9partement\",\"slug\":\"function\"},\"terms\":[{\"name\":\"Cha\\u00eene D\\u0027Approvisionnement\",\"slug\":\"chaine-dapprovisionnement\",\"taxonomy\":\"function\"},{\"name\":\"Finances\",\"slug\":\"finances\",\"taxonomy\":\"function\"},{\"name\":\"IT\",\"slug\":\"it-fr\",\"taxonomy\":\"function\"},{\"name\":\"March\\u00e9s Publics\",\"slug\":\"marches-publics\",\"taxonomy\":\"function\"},{\"name\":\"Op\\u00e9rations De l\\u0027ISF\",\"slug\":\"operations-de-lisf\",\"taxonomy\":\"function\"},{\"name\":\"RH Et Administration\",\"slug\":\"rh-et-administration\",\"taxonomy\":\"function\"},{\"name\":\"Service Client\\u00e8le\",\"slug\":\"service-clientele\",\"taxonomy\":\"function\"},{\"name\":\"Tous Les D\\u00e9partements\",\"slug\":\"tous-les-departements\",\"taxonomy\":\"function\"}]}]}' :translations='{\"Load Previous Insights\":\"Load Previous Insights\",\"Load More Insights\":\"charger plus d\\u0027informations\",\"No results to show\":\"Pas de r\\u00e9sultats \\u00e0 montrer\",\"Filter\":\"Filter\",\"Filters\":\"Filters\",\"Clear all filters\":\"Clear all filters\",\"Show results\":\"Show results\",\"All Results\":\"All Results\",\"%read_time% min read\":\"%read_time% min lire\",\"By\":\"Par\",\"more\":\"more\",\"Episode\":\"Episode\",\"Latest\":\"Latest\",\"Listen here\":\"Listen here\",\"Watch episode\":\"Watch episode\"}' language-code='fr' \/>\n<\/section>\n\n    <noscript>\n                    <article>\n                <a href=\"https:\/\/roboyo.global\/fr\/case-study\/scoring-ia-en-action-150-me-de-chiffre-daffaires-et-570-ke-economises-grace-a-lautomatisation-des-rfq\/\">\n                    <h3>Scoring IA en action : +150 M\u20ac de chiffre d\u2019affaires et 570 K\u20ac \u00e9conomis\u00e9s gr\u00e2ce \u00e0 l\u2019automatisation des RFQ<\/h3>\n                <\/a>\n            <\/article>\n                    <article>\n                <a href=\"https:\/\/roboyo.global\/fr\/case-study\/extraction-de-documents-immobiliers-par-ia-atteindre-99-de-precision-et-85-de-traitement-direct-stp\/\">\n                    <h3>Extraction de documents immobiliers par IA : atteindre 99 % de pr\u00e9cision et 85 % de traitement direct (STP)<\/h3>\n                <\/a>\n            <\/article>\n                    <article>\n                <a href=\"https:\/\/roboyo.global\/fr\/case-study\/classification-des-cas-propulsee-par-lia-amelioration-de-la-precision-et-economie-de-58-etp-dans-le-service-client\/\">\n                    <h3>Classification des Cas Propuls\u00e9e par l&#8217;IA : Am\u00e9lioration de la Pr\u00e9cision et \u00c9conomie de 5,8 ETP dans le Service Client<\/h3>\n                <\/a>\n            <\/article>\n                    <article>\n                <a href=\"https:\/\/roboyo.global\/fr\/case-study\/lautomatisation-a-grande-echelle-dans-lindustrie-automobile-comment-opmobility-a-recupere-plus-de-100-heures-par-mois\/\">\n                    <h3>L&#8217;automatisation \u00e0 grande \u00e9chelle dans l&#8217;industrie automobile : comment OPmobility a r\u00e9cup\u00e9r\u00e9 plus de 100 heures par mois<\/h3>\n                <\/a>\n            <\/article>\n                    <article>\n                <a href=\"https:\/\/roboyo.global\/fr\/case-study\/lia-agentique-ameliore-la-prevision-des-comptes-fournisseurs-une-intelligence-evolutive-pour-la-finance\/\">\n                    <h3>L\u2019IA agentique am\u00e9liore la pr\u00e9vision des comptes fournisseurs : une intelligence \u00e9volutive pour la finance<\/h3>\n                <\/a>\n            <\/article>\n                    <article>\n                <a href=\"https:\/\/roboyo.global\/fr\/case-study\/fabrication-pour-une-productivite-datelier-de-niveau-superieur\/\">\n                    <h3>FABRICATION: POUR UNE PRODUCTIVIT\u00c9 D\u2019ATELIER DE NIVEAU SUP\u00c9RIEUR<\/h3>\n                <\/a>\n            <\/article>\n                    <article>\n                <a href=\"https:\/\/roboyo.global\/fr\/blog\/tracer-lavenir-de-lautomatisation-agentique-reflexions-tirees-de-mes-voyages\/\">\n                    <h3>Tracer l&#8217;avenir de l&#8217;automatisation agentique : R\u00e9flexions tir\u00e9es de mes voyages<\/h3>\n                <\/a>\n            <\/article>\n                    <article>\n                <a href=\"https:\/\/roboyo.global\/fr\/blog\/comment-lautomatisation-basee-sur-lia-peut-vous-aider-a-planifier-un-meilleur-q1-pour-les-fetes-de-fin-dannee\/\">\n                    <h3>Comment l&#8217;automatisation bas\u00e9e sur l&#8217;IA peut vous aider \u00e0 planifier un meilleur Q1 pour les f\u00eates de fin d&#8217;ann\u00e9e<\/h3>\n                <\/a>\n            <\/article>\n                    <article>\n                <a href=\"https:\/\/roboyo.global\/fr\/all-insights\/press-release\/roboyo-nomme-derk-weinheimer-au-poste-de-directeur-general\/\">\n                    <h3>Roboyo nomme Derk Weinheimer au poste de directeur g\u00e9n\u00e9ral<\/h3>\n                <\/a>\n            <\/article>\n                    <article>\n                <a href=\"https:\/\/roboyo.global\/fr\/all-insights\/presse\/andreas-obermair-reconnu-comme-mvp-2024-uipath\/\">\n                    <h3>Andreas Obermair Reconnu Comme MVP 2024 UiPath<\/h3>\n                <\/a>\n            <\/article>\n                    <article>\n                <a href=\"https:\/\/roboyo.global\/fr\/blog\/une-ferrari-peut-labourer-un-champ-cela-ne-veut-pas-dire-quelle-doit-le-faire\/\">\n                    <h3>Une Ferrari Peut Labourer Un Champ, Cela Ne Veut Pas Dire Qu&#8217;elle Doit Le Faire !<\/h3>\n                <\/a>\n            <\/article>\n                    <article>\n                <a href=\"https:\/\/roboyo.global\/fr\/blog\/deballer-lefficacite-latelier-du-pere-noel-se-modernise\/\">\n                    <h3>D\u00e9baller L&#8217;efficacit\u00e9 : L&#8217;atelier Du P\u00e8re No\u00ebl Se Modernise<\/h3>\n                <\/a>\n            <\/article>\n                                    <a href=\"\/fr\/wp-json\/wp\/v2\/pages\/69985?current_page=2\" rel=\"next\">Next<\/a>\n            <\/noscript>\n\n\n\r\n\r\n<section  data-horizontal-hide data-loaded class=\"cta cta--none cta--  async-load\" data-block=\"appeal\/cta\">\r\n    \r\n    <div class=\"cta__container container--edge-to-edge\">\r\n                    <h2 class=\"cta__title\">Passez \u00e0 la Next Level. NOW.<\/h2>\r\n                        <div class=\"cta__button\">\r\n                            \n<a\n    class=\"cta__link modal-button link--dark link--dark-blue  link link--primary link--internal\"\n    href=\"#cta_footer\"     aria-label=\"Contact Us: NOUS CONTACTER\"    data-loaded\n>\n  <div>\n          <i><\/i>\n        <span>NOUS CONTACTER<\/span>\n      <\/div>\n<\/a>                    <\/div>\r\n    <\/div>\r\n    <div class=\"cta__modal\">\r\n        \r\n    <\/div>\r\n<\/section>","protected":false},"excerpt":{"rendered":"","protected":false},"author":25,"featured_media":42961,"parent":0,"menu_order":0,"comment_status":"closed","ping_status":"closed","template":"","meta":{"_acf_changed":false,"footnotes":""},"wf_page_folders":[],"class_list":["post-69985","page","type-page","status-publish","has-post-thumbnail","hentry"],"acf":[],"yoast_head":"<!-- This site is optimized with the Yoast SEO Premium plugin v26.0 (Yoast SEO v26.8) - https:\/\/yoast.com\/product\/yoast-seo-premium-wordpress\/ -->\n<title>Lire Notre Biblioth\u00e8que D&#039;id\u00e9es - Roboyo<\/title>\n<meta name=\"description\" content=\"Des informations sur les derni\u00e8res tendances de l&#039;industrie et des points de vue d&#039;experts de nos principaux professionnels.\" \/>\n<meta name=\"robots\" content=\"index, follow, max-snippet:-1, max-image-preview:large, max-video-preview:-1\" \/>\n<link rel=\"canonical\" href=\"https:\/\/roboyo.global\/fr\/perspectives\/\" \/>\n<meta property=\"og:locale\" content=\"fr_FR\" \/>\n<meta property=\"og:type\" content=\"article\" \/>\n<meta property=\"og:title\" content=\"Perspectives\" \/>\n<meta property=\"og:description\" content=\"Intelligent Automation insights covering the latest industry trends and expert insights from our leading professionals.\" \/>\n<meta property=\"og:url\" content=\"https:\/\/roboyo.global\/fr\/perspectives\/\" \/>\n<meta property=\"og:site_name\" content=\"Roboyo\" \/>\n<meta property=\"article:modified_time\" content=\"2023-12-11T11:51:12+00:00\" \/>\n<meta property=\"og:image\" content=\"https:\/\/roboyo.global\/app\/uploads\/2022\/10\/1.png\" \/>\n\t<meta property=\"og:image:width\" content=\"1080\" \/>\n\t<meta property=\"og:image:height\" content=\"1080\" \/>\n\t<meta property=\"og:image:type\" content=\"image\/png\" \/>\n<meta name=\"twitter:card\" content=\"summary_large_image\" \/>\n<meta name=\"twitter:description\" content=\"Intelligent Automation insights covering the latest industry trends and expert insights from our leading professionals.\" \/>\n<script type=\"application\/ld+json\" class=\"yoast-schema-graph\">{\"@context\":\"https:\/\/schema.org\",\"@graph\":[{\"@type\":\"WebPage\",\"@id\":\"https:\/\/roboyo.global\/fr\/perspectives\/\",\"url\":\"https:\/\/roboyo.global\/fr\/perspectives\/\",\"name\":\"Lire Notre Biblioth\u00e8que D'id\u00e9es - Roboyo\",\"isPartOf\":{\"@id\":\"https:\/\/roboyo.global\/fr\/#website\"},\"primaryImageOfPage\":{\"@id\":\"https:\/\/roboyo.global\/fr\/perspectives\/#primaryimage\"},\"image\":{\"@id\":\"https:\/\/roboyo.global\/fr\/perspectives\/#primaryimage\"},\"thumbnailUrl\":\"https:\/\/roboyo.global\/app\/uploads\/2022\/10\/1.png\",\"datePublished\":\"2023-12-04T13:51:38+00:00\",\"dateModified\":\"2023-12-11T11:51:12+00:00\",\"description\":\"Des informations sur les derni\u00e8res tendances de l'industrie et des points de vue d'experts de nos principaux professionnels.\",\"breadcrumb\":{\"@id\":\"https:\/\/roboyo.global\/fr\/perspectives\/#breadcrumb\"},\"inLanguage\":\"fr-FR\",\"potentialAction\":[{\"@type\":\"ReadAction\",\"target\":[\"https:\/\/roboyo.global\/fr\/perspectives\/\"]}]},{\"@type\":\"ImageObject\",\"inLanguage\":\"fr-FR\",\"@id\":\"https:\/\/roboyo.global\/fr\/perspectives\/#primaryimage\",\"url\":\"https:\/\/roboyo.global\/app\/uploads\/2022\/10\/1.png\",\"contentUrl\":\"https:\/\/roboyo.global\/app\/uploads\/2022\/10\/1.png\",\"width\":1080,\"height\":1080,\"caption\":\"Insights\"},{\"@type\":\"BreadcrumbList\",\"@id\":\"https:\/\/roboyo.global\/fr\/perspectives\/#breadcrumb\",\"itemListElement\":[{\"@type\":\"ListItem\",\"position\":1,\"name\":\"Home\",\"item\":\"https:\/\/roboyo.global\/fr\/\"},{\"@type\":\"ListItem\",\"position\":2,\"name\":\"Perspectives\"}]},{\"@type\":\"WebSite\",\"@id\":\"https:\/\/roboyo.global\/fr\/#website\",\"url\":\"https:\/\/roboyo.global\/fr\/\",\"name\":\"Roboyo - Your Agentic Automation & AI Partner of Choice\",\"description\":\"We take what\u2019s possible to the next level. Now.\",\"potentialAction\":[{\"@type\":\"SearchAction\",\"target\":{\"@type\":\"EntryPoint\",\"urlTemplate\":\"https:\/\/roboyo.global\/fr\/?s={search_term_string}\"},\"query-input\":{\"@type\":\"PropertyValueSpecification\",\"valueRequired\":true,\"valueName\":\"search_term_string\"}}],\"inLanguage\":\"fr-FR\"}]}<\/script>\n<!-- \/ Yoast SEO Premium plugin. -->","yoast_head_json":{"title":"Lire Notre Biblioth\u00e8que D'id\u00e9es - Roboyo","description":"Des informations sur les derni\u00e8res tendances de l'industrie et des points de vue d'experts de nos principaux professionnels.","robots":{"index":"index","follow":"follow","max-snippet":"max-snippet:-1","max-image-preview":"max-image-preview:large","max-video-preview":"max-video-preview:-1"},"canonical":"https:\/\/roboyo.global\/fr\/perspectives\/","og_locale":"fr_FR","og_type":"article","og_title":"Perspectives","og_description":"Intelligent Automation insights covering the latest industry trends and expert insights from our leading professionals.","og_url":"https:\/\/roboyo.global\/fr\/perspectives\/","og_site_name":"Roboyo","article_modified_time":"2023-12-11T11:51:12+00:00","og_image":[{"width":1080,"height":1080,"url":"https:\/\/roboyo.global\/app\/uploads\/2022\/10\/1.png","type":"image\/png"}],"twitter_card":"summary_large_image","twitter_description":"Intelligent Automation insights covering the latest industry trends and expert insights from our leading professionals.","schema":{"@context":"https:\/\/schema.org","@graph":[{"@type":"WebPage","@id":"https:\/\/roboyo.global\/fr\/perspectives\/","url":"https:\/\/roboyo.global\/fr\/perspectives\/","name":"Lire Notre Biblioth\u00e8que D'id\u00e9es - Roboyo","isPartOf":{"@id":"https:\/\/roboyo.global\/fr\/#website"},"primaryImageOfPage":{"@id":"https:\/\/roboyo.global\/fr\/perspectives\/#primaryimage"},"image":{"@id":"https:\/\/roboyo.global\/fr\/perspectives\/#primaryimage"},"thumbnailUrl":"https:\/\/roboyo.global\/app\/uploads\/2022\/10\/1.png","datePublished":"2023-12-04T13:51:38+00:00","dateModified":"2023-12-11T11:51:12+00:00","description":"Des informations sur les derni\u00e8res tendances de l'industrie et des points de vue d'experts de nos principaux professionnels.","breadcrumb":{"@id":"https:\/\/roboyo.global\/fr\/perspectives\/#breadcrumb"},"inLanguage":"fr-FR","potentialAction":[{"@type":"ReadAction","target":["https:\/\/roboyo.global\/fr\/perspectives\/"]}]},{"@type":"ImageObject","inLanguage":"fr-FR","@id":"https:\/\/roboyo.global\/fr\/perspectives\/#primaryimage","url":"https:\/\/roboyo.global\/app\/uploads\/2022\/10\/1.png","contentUrl":"https:\/\/roboyo.global\/app\/uploads\/2022\/10\/1.png","width":1080,"height":1080,"caption":"Insights"},{"@type":"BreadcrumbList","@id":"https:\/\/roboyo.global\/fr\/perspectives\/#breadcrumb","itemListElement":[{"@type":"ListItem","position":1,"name":"Home","item":"https:\/\/roboyo.global\/fr\/"},{"@type":"ListItem","position":2,"name":"Perspectives"}]},{"@type":"WebSite","@id":"https:\/\/roboyo.global\/fr\/#website","url":"https:\/\/roboyo.global\/fr\/","name":"Roboyo - Your Agentic Automation & AI Partner of Choice","description":"We take what\u2019s possible to the next level. Now.","potentialAction":[{"@type":"SearchAction","target":{"@type":"EntryPoint","urlTemplate":"https:\/\/roboyo.global\/fr\/?s={search_term_string}"},"query-input":{"@type":"PropertyValueSpecification","valueRequired":true,"valueName":"search_term_string"}}],"inLanguage":"fr-FR"}]}},"_links":{"self":[{"href":"https:\/\/roboyo.global\/fr\/wp-json\/wp\/v2\/pages\/69985","targetHints":{"allow":["GET"]}}],"collection":[{"href":"https:\/\/roboyo.global\/fr\/wp-json\/wp\/v2\/pages"}],"about":[{"href":"https:\/\/roboyo.global\/fr\/wp-json\/wp\/v2\/types\/page"}],"author":[{"embeddable":true,"href":"https:\/\/roboyo.global\/fr\/wp-json\/wp\/v2\/users\/25"}],"replies":[{"embeddable":true,"href":"https:\/\/roboyo.global\/fr\/wp-json\/wp\/v2\/comments?post=69985"}],"version-history":[{"count":8,"href":"https:\/\/roboyo.global\/fr\/wp-json\/wp\/v2\/pages\/69985\/revisions"}],"predecessor-version":[{"id":71580,"href":"https:\/\/roboyo.global\/fr\/wp-json\/wp\/v2\/pages\/69985\/revisions\/71580"}],"wp:featuredmedia":[{"embeddable":true,"href":"https:\/\/roboyo.global\/fr\/wp-json\/wp\/v2\/media\/42961"}],"wp:attachment":[{"href":"https:\/\/roboyo.global\/fr\/wp-json\/wp\/v2\/media?parent=69985"}],"wp:term":[{"taxonomy":"wf_page_folders","embeddable":true,"href":"https:\/\/roboyo.global\/fr\/wp-json\/wp\/v2\/wf_page_folders?post=69985"}],"curies":[{"name":"wp","href":"https:\/\/api.w.org\/{rel}","templated":true}]}}