{"id":69977,"date":"2023-12-04T13:58:02","date_gmt":"2023-12-04T13:58:02","guid":{"rendered":"https:\/\/roboyo.global\/?page_id=69977"},"modified":"2023-12-04T13:58:49","modified_gmt":"2023-12-04T13:58:49","slug":"about","status":"publish","type":"page","link":"https:\/\/roboyo.global\/fr\/a-propos-de\/","title":{"rendered":"A Propos De"},"content":{"rendered":"\n\n<section  data-loaded data-nav-transparent\n    class=\"hero-header-3 hero-header-3--left hero-header-3--no-cat hero-header-3--fw\">\n    <div class=\"hero-header-3__wrapper\">\n        <div class=\"hero-header-3__video hero-header-3__video--overlay\">\n                                                <div class=\"hero-header-3__video-fg\">\n                 <div class=\"brlbs-cmpnt-container brlbs-cmpnt-content-blocker brlbs-cmpnt-with-individual-styles\" data-borlabs-cookie-content-blocker-id=\"vimeo-content-blocker\" data-borlabs-cookie-content=\"PGlmcmFtZSB0aXRsZT0iMDAyIC0gVmlkZW8gQ29kZSBIRCAxOTIweDk1MF8xOTA1MjFfdjYubXA0IiBzcmM9Imh0dHBzOi8vcGxheWVyLnZpbWVvLmNvbS92aWRlby81NjAzMzIxNjg\/ZG50PTEmYW1wO2FwcF9pZD0xMjI5NjMmY29udHJvbHM9MCZoZD0xJmF1dG9oaWRlPTEmc2hvd2luZm89MCZhdXRvcGxheT0xJm11dGU9MSZtdXRlZD0xJmxvb3A9MSZwbGF5c2lubGluZT0xJnJlbD0wJmFwaT0xIiB3aWR0aD0iNjQwIiBoZWlnaHQ9IjMxNyIgZnJhbWVib3JkZXI9IjAiIGFsbG93PSJhdXRvcGxheTsgZnVsbHNjcmVlbjsgcGljdHVyZS1pbi1waWN0dXJlOyBjbGlwYm9hcmQtd3JpdGU7IGVuY3J5cHRlZC1tZWRpYTsgd2ViLXNoYXJlIiByZWZlcnJlcnBvbGljeT0ic3RyaWN0LW9yaWdpbi13aGVuLWNyb3NzLW9yaWdpbiIgZnJhbWVib3JkZXI9IjAiIGlkPSJ5b3V0dWJlLXZpZGVvIiBvbmxvYWQ9InJldHVybiB0aGlzLmRpc3BhdGNoRXZlbnQobmV3IEV2ZW50KCd2aWRlbzpsb2FkZWQnLCB7YnViYmxlczogdHJ1ZX0pKTsiPjwvaWZyYW1lPg==\"><div class=\"brlbs-cmpnt-cb-preset-c brlbs-cmpnt-cb-vimeo\"> <div class=\"brlbs-cmpnt-cb-thumbnail\" style=\"background-image: url('https:\/\/roboyo.global\/app\/uploads\/borlabs-cookie\/1\/vimeo_560332168.jpg')\"><\/div> <div class=\"brlbs-cmpnt-cb-main\"> <div class=\"brlbs-cmpnt-cb-play-button\"><\/div> <div class=\"brlbs-cmpnt-cb-content\"> <p class=\"brlbs-cmpnt-cb-description\">Vous \u00eates actuellement en train de consulter le contenu d&#8217;un espace r\u00e9serv\u00e9 de <strong>Vimeo<\/strong>. Pour acc\u00e9der au contenu r\u00e9el, cliquez sur le bouton ci-dessous. Veuillez noter que ce faisant, des donn\u00e9es seront partag\u00e9es avec des providers tiers.<\/p> <a class=\"brlbs-cmpnt-cb-provider-toggle\" href=\"#\" data-borlabs-cookie-show-provider-information role=\"button\">Plus d&#8217;informations<\/a> <\/div> <div class=\"brlbs-cmpnt-cb-buttons\"> <a class=\"brlbs-cmpnt-cb-btn\" href=\"#\" data-borlabs-cookie-unblock role=\"button\">D\u00e9bloquer le contenu<\/a> <a class=\"brlbs-cmpnt-cb-btn\" href=\"#\" data-borlabs-cookie-accept-service role=\"button\" style=\"display: inherit\">Accepter le service requis et d\u00e9bloquer le contenu<\/a> <\/div> <\/div> <\/div><\/div>            <\/div>\n                    <\/div>\n        <div class=\"hero-header-3__container\">\n            <div class=\"hero-header-3__content\">\n                                <p class=\"hero-header-3__title\">A Propos De<\/p>\n                \n                                                <h1 class=\"hero-header-3__subtitle\">\n                    <span>NOUS SOMMES DES ING\u00c9NIEURS EN AUTOMATISATION INTELLIGENTS<\/span>\n                <\/h1>\n                \n                            <\/div>\n                    <\/div>\n                <div class=\"hero-header-3__gradient hero-header-3__gradient--overall\"\n            style=\"background: linear-gradient(180deg, rgba(0,0,0,0.0) 0%, rgba(0,0,0,1) 100%)\">\n        <\/div>\n            <\/div>\n<\/section>\n\n\n\n\r\n\r\n<div class=\"\"\r\n    style=\"background-color: #000000; position: relative\">\r\n    \r\n    \r\n    <section class=\"container-block container--1120\">\r\n        <div class=\"container-block__elements\">\r\n            \n\r\n\r\n<style>\r\n    @media (max-width: 599px) {\r\n        #heading_block_637f8177b42b0 > .heading {\r\n            font-size: 30px;\r\n            line-height: 40px;\r\n        }\r\n    }\r\n\r\n    @media (min-width: 600px) and (max-width: 1023px) {\r\n        #heading_block_637f8177b42b0 > .heading {\r\n            font-size: 50px;\r\n            line-height: 60px;\r\n        }\r\n    }\r\n\r\n    @media (min-width: 1024px) and (max-width: 1919px) {\r\n        #heading_block_637f8177b42b0 > .heading {\r\n            font-size: 70px;\r\n            line-height: 80px;\r\n        }\r\n    }\r\n\r\n    @media (min-width: 1920px) {\r\n        #heading_block_637f8177b42b0 > .heading {\r\n            font-size: 70px;\r\n            line-height: 80px;\r\n        }\r\n    }\r\n    \r\n<\/style>\r\n\r\n\r\n<div id=\"heading_block_637f8177b42b0\" class=\"heading__container heading__container--#000000\">\r\n\r\n<h3 style=\"color: #ffffff; padding-left: 40px; padding-right: 40px;\" class=\"heading heading__size--h4 heading__alignment--center heading__weight--medium\">Roboyo est n\u00e9 en Allemagne mais est con\u00e7u pour le monde entier.<\/h3>\r\n\r\n<\/div>\n\r\n        <\/div>\r\n    <\/section>\r\n<\/div>\n\n<div aria-hidden=\"true\" class=\"appeal-spacer appeal-spacer--69df692f38ee4  appeal-spacer--black\">\r\n<style>\r\n\/* Ultrawide *\/\r\n.appeal-spacer--69df692f38ee4 {\r\n    height: 100px;\r\n}\r\n\r\n\/* Desktop *\/\r\n@media (max-width: 1920px) {\r\n    .appeal-spacer--69df692f38ee4 {\r\n        height: 100px;\r\n    }\r\n}\r\n\r\n\/* Laptop *\/\r\n@media (max-width: 1024px) {\r\n    .appeal-spacer--69df692f38ee4 {\r\n        height: 50px;\r\n    }\r\n}\r\n\r\n\/* Mobile *\/\r\n@media (max-width: 767px) {\r\n    .appeal-spacer--69df692f38ee4 {\r\n        height: 25px;\r\n    }\r\n}\r\n<\/style>\r\n<\/div>\r\n\n\n\r\n\r\n<div class=\"\"\r\n    style=\"background-color: #000000; position: relative\">\r\n    \r\n    \r\n    <section class=\"container-block container--700\">\r\n        <div class=\"container-block__elements\">\r\n            \n\n<figure class=\"wp-block-embed is-type-video is-provider-youtube wp-block-embed-youtube wp-embed-aspect-16-9 wp-has-aspect-ratio\"><div class=\"wp-block-embed__wrapper\">\n <div class=\"brlbs-cmpnt-container brlbs-cmpnt-content-blocker brlbs-cmpnt-with-individual-styles\" data-borlabs-cookie-content-blocker-id=\"youtube-content-blocker\" data-borlabs-cookie-content=\"PGRpdiBjbGFzcz0idmlkZW8tY29udGFpbmVyIj48aWZyYW1lIHRpdGxlPSJVbmUgYnLDqHZlIGhpc3RvaXJlIHwgQSBwcm9wb3MgZGUgbm91cyB8IFJvYm95byB8IEZvdXJuaXNzZXVyIG1vbmRpYWwgZCYjMDM5O2h5cGVyYXV0b21hdGlzYXRpb24iIHdpZHRoPSI1MDAiIGhlaWdodD0iMjgxIiBzcmM9Imh0dHBzOi8vd3d3LnlvdXR1YmUtbm9jb29raWUuY29tL2VtYmVkL0R3ZW9sY0d1UFFBP2ZlYXR1cmU9b2VtYmVkIiBmcmFtZWJvcmRlcj0iMCIgYWxsb3c9ImFjY2VsZXJvbWV0ZXI7IGF1dG9wbGF5OyBjbGlwYm9hcmQtd3JpdGU7IGVuY3J5cHRlZC1tZWRpYTsgZ3lyb3Njb3BlOyBwaWN0dXJlLWluLXBpY3R1cmU7IHdlYi1zaGFyZSIgcmVmZXJyZXJwb2xpY3k9InN0cmljdC1vcmlnaW4td2hlbi1jcm9zcy1vcmlnaW4iIGFsbG93ZnVsbHNjcmVlbj48L2lmcmFtZT48L2Rpdj4=\"><div class=\"brlbs-cmpnt-cb-preset-c brlbs-cmpnt-cb-youtube\"> <div class=\"brlbs-cmpnt-cb-thumbnail\" style=\"background-image: url('https:\/\/roboyo.global\/app\/uploads\/borlabs-cookie\/1\/yt_DweolcGuPQA_hqdefault.jpg')\"><\/div> <div class=\"brlbs-cmpnt-cb-main\"> <div class=\"brlbs-cmpnt-cb-play-button\"><\/div> <div class=\"brlbs-cmpnt-cb-content\"> <p class=\"brlbs-cmpnt-cb-description\">Vous \u00eates actuellement en train de consulter le contenu d&#8217;un espace r\u00e9serv\u00e9 de <strong>Youtube<\/strong>. Pour acc\u00e9der au contenu r\u00e9el, cliquez sur le bouton ci-dessous. Veuillez noter que ce faisant, des donn\u00e9es seront partag\u00e9es avec des providers tiers.<\/p> <a class=\"brlbs-cmpnt-cb-provider-toggle\" href=\"#\" data-borlabs-cookie-show-provider-information role=\"button\">Plus d&#8217;informations<\/a> <\/div> <div class=\"brlbs-cmpnt-cb-buttons\"> <a class=\"brlbs-cmpnt-cb-btn\" href=\"#\" data-borlabs-cookie-unblock role=\"button\">D\u00e9bloquer le contenu<\/a> <a class=\"brlbs-cmpnt-cb-btn\" href=\"#\" data-borlabs-cookie-accept-service role=\"button\" style=\"display: inherit\">Accepter le service requis et d\u00e9bloquer le contenu<\/a> <\/div> <\/div> <\/div><\/div>\n<\/div><\/figure>\n\n\r\n        <\/div>\r\n    <\/section>\r\n<\/div>\n\n<div aria-hidden=\"true\" class=\"appeal-spacer appeal-spacer--69df692f398c0  appeal-spacer--black\">\r\n<style>\r\n\/* Ultrawide *\/\r\n.appeal-spacer--69df692f398c0 {\r\n    height: 100px;\r\n}\r\n\r\n\/* Desktop *\/\r\n@media (max-width: 1920px) {\r\n    .appeal-spacer--69df692f398c0 {\r\n        height: 100px;\r\n    }\r\n}\r\n\r\n\/* Laptop *\/\r\n@media (max-width: 1024px) {\r\n    .appeal-spacer--69df692f398c0 {\r\n        height: 50px;\r\n    }\r\n}\r\n\r\n\/* Mobile *\/\r\n@media (max-width: 767px) {\r\n    .appeal-spacer--69df692f398c0 {\r\n        height: 25px;\r\n    }\r\n}\r\n<\/style>\r\n<\/div>\r\n\n\n\r\n\r\n<div class=\"\"\r\n    style=\"background-color: #000000; position: relative\">\r\n    \r\n    \r\n    <section class=\"container-block container--1120\">\r\n        <div class=\"container-block__elements\">\r\n            \n\r\n<style>\r\n\r\n#paragraph_block_637f81f5b42b3 p {\r\n    margin-top: 18px;\r\n    margin-bottom: 18px;\r\n    padding-top: 0px;\r\n    padding-bottom: 0px;\r\n}\r\n\r\n<\/style>\r\n\r\n\r\n<style>\r\n    @media (max-width: 599px) {\r\n        #paragraph_block_637f81f5b42b3 {\r\n            font-size: 14px;\r\n            line-height: 16px;\r\n        }\r\n    }\r\n\r\n    @media (min-width: 600px) and (max-width: 1023px) {\r\n        #paragraph_block_637f81f5b42b3 {\r\n            font-size: 16px;\r\n            line-height: 20px;\r\n        }\r\n    }\r\n\r\n    @media (min-width: 1024px) and (max-width: 1919px) {\r\n        #paragraph_block_637f81f5b42b3 {\r\n            font-size: 18px;\r\n            line-height: 22px;\r\n        }\r\n    }\r\n\r\n    @media (min-width: 1920px) {\r\n        #paragraph_block_637f81f5b42b3 {\r\n            font-size: 18px;\r\n            line-height: 22px;\r\n        }\r\n    }\r\n<\/style>\r\n\r\n<div id=\"paragraph_block_637f81f5b42b3\" class=\"aparagraph__container aparagraph__container--#000000\">\r\n    <p><span style=\"color: #ffffff;\">Soci\u00e9t\u00e9 fond\u00e9e \u00e0 Nuremberg en 2015 par 3 amis, nous servons aujourd\u2019hui des clients dans 24 villes, 15 pays, sur 4 continents et nous grandissons de minute en minute.\u00a0<\/span><\/p>\n<p><span style=\"color: #ffffff;\">Compte parmi ses clients de nombreuses soci\u00e9t\u00e9s du Fortune 500 et 22 des 40 soci\u00e9t\u00e9s allemandes cot\u00e9es au DAX.<\/span><\/p>\n<p><span style=\"color: #ffffff;\">Nous venons de 22 pays et parlons au moins autant de langues. Nous pouvons pratiquer des sports diff\u00e9rents, voire adorer des dieux diff\u00e9rents, mais nous sommes unis par le fait que nous sommes tous ing\u00e9nieurs en automatisation.\u00a0<\/span><\/p>\n<p><span style=\"color: #ffffff;\">La r\u00e9solution de probl\u00e8mes techniques complexes est notre passion et ce qui nous motive. \u00c0 mi-chemin entre vision et pr\u00e9cision, nous avons la capacit\u00e9 de construire et de guider. Nous avons une vision d\u2019ensemble, le sens du d\u00e9tail et la passion du travail accompli.\u00a0<\/span><\/p>\n<p><span style=\"color: #ffffff;\">Nous r\u00e9unissons des strat\u00e8ges, des technologues, des analystes commerciaux, des porteurs de ceintures Six Sigma de toutes les couleurs et 6 des 100 MVP\u00a0<a style=\"color: #ffffff;\" href=\"https:\/\/www.uipath.com\/fr\/\" target=\"_blank\" rel=\"noopener\">UiPath<\/a>\u00a0dans le monde.\u00a0<\/span><\/p>\n<p><span style=\"color: #ffffff;\">Ensemble, nous avons acquis une r\u00e9putation d\u2019ing\u00e9nierie des r\u00e9sultats commerciaux pour certaines des entreprises les plus grandes et les plus dynamiques au monde.<\/span><\/p>\n<\/div>\n\n<div aria-hidden=\"true\" class=\"appeal-spacer appeal-spacer--69df692f40613  appeal-spacer--black\">\r\n<style>\r\n\/* Ultrawide *\/\r\n.appeal-spacer--69df692f40613 {\r\n    height: 100px;\r\n}\r\n\r\n\/* Desktop *\/\r\n@media (max-width: 1920px) {\r\n    .appeal-spacer--69df692f40613 {\r\n        height: 100px;\r\n    }\r\n}\r\n\r\n\/* Laptop *\/\r\n@media (max-width: 1024px) {\r\n    .appeal-spacer--69df692f40613 {\r\n        height: 50px;\r\n    }\r\n}\r\n\r\n\/* Mobile *\/\r\n@media (max-width: 767px) {\r\n    .appeal-spacer--69df692f40613 {\r\n        height: 25px;\r\n    }\r\n}\r\n<\/style>\r\n<\/div>\r\n\n\n\r\n<section class=\"button-grid button-grid--2\">\r\n        \n<a\n    class=\"customisable-button  customisable-button__link  link  customisable-button__link--bg-blue  customisable-button__link--icon-white  customisable-button__link--colour-white  customisable-button__link--colour-hover-white link link--primary link--internal\"\n    href=\"https:\/\/roboyo.global\/fr\/contact\/\"     aria-label=\"Learn more about: EMBAUCHEZ-NOUS\"    data-loaded\n>\n  <div>\n          <i><\/i>\n        <span>EMBAUCHEZ-NOUS<\/span>\n      <\/div>\n<\/a>\r\n\r\n        \n<a\n    class=\"customisable-button  customisable-button__link  link  customisable-button__link--bg-blue  customisable-button__link--icon-white  customisable-button__link--colour-white  customisable-button__link--colour-hover-white link link--primary link--internal\"\n    href=\"https:\/\/roboyo.global\/fr\/carrieres\/\"     aria-label=\"Learn more about: VENEZ TRAVAILLER AVEC NOUS\"    data-loaded\n>\n  <div>\n          <i><\/i>\n        <span>VENEZ TRAVAILLER AVEC NOUS<\/span>\n      <\/div>\n<\/a>\r\n\r\n<\/section>\n\r\n        <\/div>\r\n    <\/section>\r\n<\/div>\n\n<div aria-hidden=\"true\" class=\"appeal-spacer appeal-spacer--69df692f455f7  appeal-spacer--black\">\r\n<style>\r\n\/* Ultrawide *\/\r\n.appeal-spacer--69df692f455f7 {\r\n    height: 125px;\r\n}\r\n\r\n\/* Desktop *\/\r\n@media (max-width: 1920px) {\r\n    .appeal-spacer--69df692f455f7 {\r\n        height: 125px;\r\n    }\r\n}\r\n\r\n\/* Laptop *\/\r\n@media (max-width: 1024px) {\r\n    .appeal-spacer--69df692f455f7 {\r\n        height: 75px;\r\n    }\r\n}\r\n\r\n\/* Mobile *\/\r\n@media (max-width: 767px) {\r\n    .appeal-spacer--69df692f455f7 {\r\n        height: 25px;\r\n    }\r\n}\r\n<\/style>\r\n<\/div>\r\n","protected":false},"excerpt":{"rendered":"","protected":false},"author":25,"featured_media":50933,"parent":0,"menu_order":0,"comment_status":"closed","ping_status":"closed","template":"","meta":{"_acf_changed":false,"footnotes":""},"wf_page_folders":[],"class_list":["post-69977","page","type-page","status-publish","has-post-thumbnail","hentry"],"acf":[],"yoast_head":"<!-- This site is optimized with the Yoast SEO Premium plugin v26.0 (Yoast SEO v26.8) - https:\/\/yoast.com\/product\/yoast-seo-premium-wordpress\/ -->\n<title>\u00c0 Propos De Roboyo - Experts En Automatisation Intelligente<\/title>\n<meta name=\"description\" content=\"Nous transformons les technologies \u00e0 grande \u00e9chelle pour am\u00e9liorer rapidement les performances des entreprises.\" \/>\n<meta name=\"robots\" content=\"index, follow, max-snippet:-1, max-image-preview:large, max-video-preview:-1\" \/>\n<link rel=\"canonical\" href=\"https:\/\/roboyo.global\/fr\/a-propos-de\/\" \/>\n<meta property=\"og:locale\" content=\"fr_FR\" \/>\n<meta property=\"og:type\" content=\"article\" \/>\n<meta property=\"og:title\" content=\"A Propos De\" \/>\n<meta property=\"og:description\" content=\"Nous transformons les technologies \u00e0 grande \u00e9chelle pour am\u00e9liorer rapidement les performances des entreprises.\" \/>\n<meta property=\"og:url\" content=\"https:\/\/roboyo.global\/fr\/a-propos-de\/\" \/>\n<meta property=\"og:site_name\" content=\"Roboyo\" \/>\n<meta property=\"article:modified_time\" content=\"2023-12-04T13:58:49+00:00\" \/>\n<meta property=\"og:image\" content=\"https:\/\/roboyo.global\/app\/uploads\/2023\/03\/About-us-we-are-engineers.png\" \/>\n\t<meta property=\"og:image:width\" content=\"700\" \/>\n\t<meta property=\"og:image:height\" content=\"392\" \/>\n\t<meta property=\"og:image:type\" content=\"image\/png\" \/>\n<meta name=\"twitter:card\" content=\"summary_large_image\" \/>\n<meta name=\"twitter:label1\" content=\"Est. reading time\" \/>\n\t<meta name=\"twitter:data1\" content=\"1 minute\" \/>\n<script type=\"application\/ld+json\" class=\"yoast-schema-graph\">{\"@context\":\"https:\/\/schema.org\",\"@graph\":[{\"@type\":\"WebPage\",\"@id\":\"https:\/\/roboyo.global\/fr\/a-propos-de\/\",\"url\":\"https:\/\/roboyo.global\/fr\/a-propos-de\/\",\"name\":\"\u00c0 Propos De Roboyo - Experts En Automatisation Intelligente\",\"isPartOf\":{\"@id\":\"https:\/\/roboyo.global\/fr\/#website\"},\"primaryImageOfPage\":{\"@id\":\"https:\/\/roboyo.global\/fr\/a-propos-de\/#primaryimage\"},\"image\":{\"@id\":\"https:\/\/roboyo.global\/fr\/a-propos-de\/#primaryimage\"},\"thumbnailUrl\":\"https:\/\/roboyo.global\/app\/uploads\/2023\/03\/About-us-we-are-engineers.png\",\"datePublished\":\"2023-12-04T13:58:02+00:00\",\"dateModified\":\"2023-12-04T13:58:49+00:00\",\"description\":\"Nous transformons les technologies \u00e0 grande \u00e9chelle pour am\u00e9liorer rapidement les performances des entreprises.\",\"breadcrumb\":{\"@id\":\"https:\/\/roboyo.global\/fr\/a-propos-de\/#breadcrumb\"},\"inLanguage\":\"fr-FR\",\"potentialAction\":[{\"@type\":\"ReadAction\",\"target\":[\"https:\/\/roboyo.global\/fr\/a-propos-de\/\"]}]},{\"@type\":\"ImageObject\",\"inLanguage\":\"fr-FR\",\"@id\":\"https:\/\/roboyo.global\/fr\/a-propos-de\/#primaryimage\",\"url\":\"https:\/\/roboyo.global\/app\/uploads\/2023\/03\/About-us-we-are-engineers.png\",\"contentUrl\":\"https:\/\/roboyo.global\/app\/uploads\/2023\/03\/About-us-we-are-engineers.png\",\"width\":700,\"height\":392,\"caption\":\"About us - we are engineers\"},{\"@type\":\"BreadcrumbList\",\"@id\":\"https:\/\/roboyo.global\/fr\/a-propos-de\/#breadcrumb\",\"itemListElement\":[{\"@type\":\"ListItem\",\"position\":1,\"name\":\"Home\",\"item\":\"https:\/\/roboyo.global\/fr\/\"},{\"@type\":\"ListItem\",\"position\":2,\"name\":\"A Propos De\"}]},{\"@type\":\"WebSite\",\"@id\":\"https:\/\/roboyo.global\/fr\/#website\",\"url\":\"https:\/\/roboyo.global\/fr\/\",\"name\":\"Roboyo - Your Agentic Automation & AI Partner of Choice\",\"description\":\"We take what\u2019s possible to the next level. Now.\",\"potentialAction\":[{\"@type\":\"SearchAction\",\"target\":{\"@type\":\"EntryPoint\",\"urlTemplate\":\"https:\/\/roboyo.global\/fr\/?s={search_term_string}\"},\"query-input\":{\"@type\":\"PropertyValueSpecification\",\"valueRequired\":true,\"valueName\":\"search_term_string\"}}],\"inLanguage\":\"fr-FR\"}]}<\/script>\n<!-- \/ Yoast SEO Premium plugin. -->","yoast_head_json":{"title":"\u00c0 Propos De Roboyo - Experts En Automatisation Intelligente","description":"Nous transformons les technologies \u00e0 grande \u00e9chelle pour am\u00e9liorer rapidement les performances des entreprises.","robots":{"index":"index","follow":"follow","max-snippet":"max-snippet:-1","max-image-preview":"max-image-preview:large","max-video-preview":"max-video-preview:-1"},"canonical":"https:\/\/roboyo.global\/fr\/a-propos-de\/","og_locale":"fr_FR","og_type":"article","og_title":"A Propos De","og_description":"Nous transformons les technologies \u00e0 grande \u00e9chelle pour am\u00e9liorer rapidement les performances des entreprises.","og_url":"https:\/\/roboyo.global\/fr\/a-propos-de\/","og_site_name":"Roboyo","article_modified_time":"2023-12-04T13:58:49+00:00","og_image":[{"width":700,"height":392,"url":"https:\/\/roboyo.global\/app\/uploads\/2023\/03\/About-us-we-are-engineers.png","type":"image\/png"}],"twitter_card":"summary_large_image","twitter_misc":{"Est. reading time":"1 minute"},"schema":{"@context":"https:\/\/schema.org","@graph":[{"@type":"WebPage","@id":"https:\/\/roboyo.global\/fr\/a-propos-de\/","url":"https:\/\/roboyo.global\/fr\/a-propos-de\/","name":"\u00c0 Propos De Roboyo - Experts En Automatisation Intelligente","isPartOf":{"@id":"https:\/\/roboyo.global\/fr\/#website"},"primaryImageOfPage":{"@id":"https:\/\/roboyo.global\/fr\/a-propos-de\/#primaryimage"},"image":{"@id":"https:\/\/roboyo.global\/fr\/a-propos-de\/#primaryimage"},"thumbnailUrl":"https:\/\/roboyo.global\/app\/uploads\/2023\/03\/About-us-we-are-engineers.png","datePublished":"2023-12-04T13:58:02+00:00","dateModified":"2023-12-04T13:58:49+00:00","description":"Nous transformons les technologies \u00e0 grande \u00e9chelle pour am\u00e9liorer rapidement les performances des entreprises.","breadcrumb":{"@id":"https:\/\/roboyo.global\/fr\/a-propos-de\/#breadcrumb"},"inLanguage":"fr-FR","potentialAction":[{"@type":"ReadAction","target":["https:\/\/roboyo.global\/fr\/a-propos-de\/"]}]},{"@type":"ImageObject","inLanguage":"fr-FR","@id":"https:\/\/roboyo.global\/fr\/a-propos-de\/#primaryimage","url":"https:\/\/roboyo.global\/app\/uploads\/2023\/03\/About-us-we-are-engineers.png","contentUrl":"https:\/\/roboyo.global\/app\/uploads\/2023\/03\/About-us-we-are-engineers.png","width":700,"height":392,"caption":"About us - we are engineers"},{"@type":"BreadcrumbList","@id":"https:\/\/roboyo.global\/fr\/a-propos-de\/#breadcrumb","itemListElement":[{"@type":"ListItem","position":1,"name":"Home","item":"https:\/\/roboyo.global\/fr\/"},{"@type":"ListItem","position":2,"name":"A Propos De"}]},{"@type":"WebSite","@id":"https:\/\/roboyo.global\/fr\/#website","url":"https:\/\/roboyo.global\/fr\/","name":"Roboyo - Your Agentic Automation & AI Partner of Choice","description":"We take what\u2019s possible to the next level. Now.","potentialAction":[{"@type":"SearchAction","target":{"@type":"EntryPoint","urlTemplate":"https:\/\/roboyo.global\/fr\/?s={search_term_string}"},"query-input":{"@type":"PropertyValueSpecification","valueRequired":true,"valueName":"search_term_string"}}],"inLanguage":"fr-FR"}]}},"_links":{"self":[{"href":"https:\/\/roboyo.global\/fr\/wp-json\/wp\/v2\/pages\/69977","targetHints":{"allow":["GET"]}}],"collection":[{"href":"https:\/\/roboyo.global\/fr\/wp-json\/wp\/v2\/pages"}],"about":[{"href":"https:\/\/roboyo.global\/fr\/wp-json\/wp\/v2\/types\/page"}],"author":[{"embeddable":true,"href":"https:\/\/roboyo.global\/fr\/wp-json\/wp\/v2\/users\/25"}],"replies":[{"embeddable":true,"href":"https:\/\/roboyo.global\/fr\/wp-json\/wp\/v2\/comments?post=69977"}],"version-history":[{"count":5,"href":"https:\/\/roboyo.global\/fr\/wp-json\/wp\/v2\/pages\/69977\/revisions"}],"predecessor-version":[{"id":71393,"href":"https:\/\/roboyo.global\/fr\/wp-json\/wp\/v2\/pages\/69977\/revisions\/71393"}],"wp:featuredmedia":[{"embeddable":true,"href":"https:\/\/roboyo.global\/fr\/wp-json\/wp\/v2\/media\/50933"}],"wp:attachment":[{"href":"https:\/\/roboyo.global\/fr\/wp-json\/wp\/v2\/media?parent=69977"}],"wp:term":[{"taxonomy":"wf_page_folders","embeddable":true,"href":"https:\/\/roboyo.global\/fr\/wp-json\/wp\/v2\/wf_page_folders?post=69977"}],"curies":[{"name":"wp","href":"https:\/\/api.w.org\/{rel}","templated":true}]}}