{"id":46132,"date":"2022-11-30T10:23:23","date_gmt":"2022-11-30T10:23:23","guid":{"rendered":"https:\/\/roboyo.global\/?page_id=46132"},"modified":"2025-12-10T10:56:30","modified_gmt":"2025-12-10T10:56:30","slug":"a-propos-nous-sommes-ingenieurs","status":"publish","type":"page","link":"https:\/\/roboyo.global\/fr\/a-propos-nous-sommes-ingenieurs\/","title":{"rendered":"\u00c0 propos \u2013 Votre partenaire de r\u00e9f\u00e9rence en IA agentique"},"content":{"rendered":"\n\n<section  data-loaded data-nav-transparent\n    class=\"hero-header-3 hero-header-3--left hero-header-3--no-cat hero-header-3--fw\">\n    <div class=\"hero-header-3__wrapper\">\n        <div class=\"hero-header-3__video hero-header-3__video--overlay\">\n                                                <div class=\"hero-header-3__video-fg\">\n                 <div class=\"brlbs-cmpnt-container brlbs-cmpnt-content-blocker brlbs-cmpnt-with-individual-styles\" data-borlabs-cookie-content-blocker-id=\"vimeo-content-blocker\" data-borlabs-cookie-content=\"PGlmcmFtZSB0aXRsZT0iMDAyIC0gVmlkZW8gQ29kZSBIRCAxOTIweDk1MF8xOTA1MjFfdjYubXA0IiBzcmM9Imh0dHBzOi8vcGxheWVyLnZpbWVvLmNvbS92aWRlby81NjAzMzIxNjg\/ZG50PTEmYW1wO2FwcF9pZD0xMjI5NjMmY29udHJvbHM9MCZoZD0xJmF1dG9oaWRlPTEmc2hvd2luZm89MCZhdXRvcGxheT0xJm11dGU9MSZtdXRlZD0xJmxvb3A9MSZwbGF5c2lubGluZT0xJnJlbD0wJmFwaT0xIiB3aWR0aD0iNjQwIiBoZWlnaHQ9IjMxNyIgZnJhbWVib3JkZXI9IjAiIGFsbG93PSJhdXRvcGxheTsgZnVsbHNjcmVlbjsgcGljdHVyZS1pbi1waWN0dXJlOyBjbGlwYm9hcmQtd3JpdGU7IGVuY3J5cHRlZC1tZWRpYTsgd2ViLXNoYXJlIiByZWZlcnJlcnBvbGljeT0ic3RyaWN0LW9yaWdpbi13aGVuLWNyb3NzLW9yaWdpbiIgZnJhbWVib3JkZXI9IjAiIGlkPSJ5b3V0dWJlLXZpZGVvIiBvbmxvYWQ9InJldHVybiB0aGlzLmRpc3BhdGNoRXZlbnQobmV3IEV2ZW50KCd2aWRlbzpsb2FkZWQnLCB7YnViYmxlczogdHJ1ZX0pKTsiPjwvaWZyYW1lPg==\"><div class=\"brlbs-cmpnt-cb-preset-c brlbs-cmpnt-cb-vimeo\"> <div class=\"brlbs-cmpnt-cb-thumbnail\" style=\"background-image: url('https:\/\/roboyo.global\/app\/uploads\/borlabs-cookie\/1\/vimeo_560332168.jpg')\"><\/div> <div class=\"brlbs-cmpnt-cb-main\"> <div class=\"brlbs-cmpnt-cb-play-button\"><\/div> <div class=\"brlbs-cmpnt-cb-content\"> <p class=\"brlbs-cmpnt-cb-description\">Vous \u00eates actuellement en train de consulter le contenu d&#8217;un espace r\u00e9serv\u00e9 de <strong>Vimeo<\/strong>. Pour acc\u00e9der au contenu r\u00e9el, cliquez sur le bouton ci-dessous. Veuillez noter que ce faisant, des donn\u00e9es seront partag\u00e9es avec des providers tiers.<\/p> <a class=\"brlbs-cmpnt-cb-provider-toggle\" href=\"#\" data-borlabs-cookie-show-provider-information role=\"button\">Plus d&#8217;informations<\/a> <\/div> <div class=\"brlbs-cmpnt-cb-buttons\"> <a class=\"brlbs-cmpnt-cb-btn\" href=\"#\" data-borlabs-cookie-unblock role=\"button\">D\u00e9bloquer le contenu<\/a> <a class=\"brlbs-cmpnt-cb-btn\" href=\"#\" data-borlabs-cookie-accept-service role=\"button\" style=\"display: inherit\">Accepter le service requis et d\u00e9bloquer le contenu<\/a> <\/div> <\/div> <\/div><\/div>            <\/div>\n                    <\/div>\n        <div class=\"hero-header-3__container\">\n            <div class=\"hero-header-3__content\">\n                                <p class=\"hero-header-3__title\">\u00c0 PROPOS<\/p>\n                \n                                                <h1 class=\"hero-header-3__subtitle\">\n                    <span>Votre partenaire de r\u00e9f\u00e9rence en IA agentique<\/span>\n                <\/h1>\n                \n                            <\/div>\n                    <\/div>\n                <div class=\"hero-header-3__gradient hero-header-3__gradient--overall\"\n            style=\"background: linear-gradient(180deg, rgba(0,0,0,0.0) 0%, rgba(0,0,0,1) 100%)\">\n        <\/div>\n            <\/div>\n<\/section>\n\n\n\n\r\n\r\n<div class=\"\"\r\n    style=\"background-color: #000000; position: relative\">\r\n    \r\n    \r\n    <section class=\"container-block container--1120\">\r\n        <div class=\"container-block__elements\">\r\n            \n\r\n\r\n<style>\r\n    @media (max-width: 599px) {\r\n        #heading_block_693951dc91f2d > .heading {\r\n            font-size: 30px;\r\n            line-height: 40px;\r\n        }\r\n    }\r\n\r\n    @media (min-width: 600px) and (max-width: 1023px) {\r\n        #heading_block_693951dc91f2d > .heading {\r\n            font-size: 50px;\r\n            line-height: 60px;\r\n        }\r\n    }\r\n\r\n    @media (min-width: 1024px) and (max-width: 1919px) {\r\n        #heading_block_693951dc91f2d > .heading {\r\n            font-size: 70px;\r\n            line-height: 80px;\r\n        }\r\n    }\r\n\r\n    @media (min-width: 1920px) {\r\n        #heading_block_693951dc91f2d > .heading {\r\n            font-size: 70px;\r\n            line-height: 80px;\r\n        }\r\n    }\r\n    \r\n<\/style>\r\n\r\n\r\n<div id=\"heading_block_693951dc91f2d\" class=\"heading__container heading__container--#000000\">\r\n\r\n<h3 style=\"color: #ffffff; padding-left: 40px; padding-right: 40px;\" class=\"heading heading__size--h4 heading__alignment--center heading__weight--medium\">Roboyo est n\u00e9 en Allemagne mais est con\u00e7u pour le monde entier.<\/h3>\r\n\r\n<\/div>\n\r\n        <\/div>\r\n    <\/section>\r\n<\/div>\n\n<div aria-hidden=\"true\" class=\"appeal-spacer appeal-spacer--69e8f769077c2  appeal-spacer--black\">\r\n<style>\r\n\/* Ultrawide *\/\r\n.appeal-spacer--69e8f769077c2 {\r\n    height: 100px;\r\n}\r\n\r\n\/* Desktop *\/\r\n@media (max-width: 1920px) {\r\n    .appeal-spacer--69e8f769077c2 {\r\n        height: 100px;\r\n    }\r\n}\r\n\r\n\/* Laptop *\/\r\n@media (max-width: 1024px) {\r\n    .appeal-spacer--69e8f769077c2 {\r\n        height: 50px;\r\n    }\r\n}\r\n\r\n\/* Mobile *\/\r\n@media (max-width: 767px) {\r\n    .appeal-spacer--69e8f769077c2 {\r\n        height: 25px;\r\n    }\r\n}\r\n<\/style>\r\n<\/div>\r\n\n\n\r\n\r\n<div class=\"\"\r\n    style=\"background-color: #000000; position: relative\">\r\n    \r\n    \r\n    <section class=\"container-block container--1120\">\r\n        <div class=\"container-block__elements\">\r\n            \n\r\n<style>\r\n\r\n#paragraph_block_693951dc91fb9 p {\r\n    margin-top: 18px;\r\n    margin-bottom: 18px;\r\n    padding-top: 0px;\r\n    padding-bottom: 0px;\r\n}\r\n\r\n<\/style>\r\n\r\n\r\n<style>\r\n    @media (max-width: 599px) {\r\n        #paragraph_block_693951dc91fb9 {\r\n            font-size: 14px;\r\n            line-height: 16px;\r\n        }\r\n    }\r\n\r\n    @media (min-width: 600px) and (max-width: 1023px) {\r\n        #paragraph_block_693951dc91fb9 {\r\n            font-size: 16px;\r\n            line-height: 20px;\r\n        }\r\n    }\r\n\r\n    @media (min-width: 1024px) and (max-width: 1919px) {\r\n        #paragraph_block_693951dc91fb9 {\r\n            font-size: 18px;\r\n            line-height: 22px;\r\n        }\r\n    }\r\n\r\n    @media (min-width: 1920px) {\r\n        #paragraph_block_693951dc91fb9 {\r\n            font-size: 18px;\r\n            line-height: 22px;\r\n        }\r\n    }\r\n<\/style>\r\n\r\n<div id=\"paragraph_block_693951dc91fb9\" class=\"aparagraph__container aparagraph__container--#000000\">\r\n    <p><span style=\"color: #ffffff;\">Soci\u00e9t\u00e9 fond\u00e9e \u00e0 Nuremberg en 2015 par 3 amis, nous servons aujourd\u2019hui des clients dans 20 villes, 15 pays, sur 4 continents et nous grandissons de minute en minute.\u00a0<\/span><\/p>\n<p><span style=\"color: #ffffff;\">Compte parmi ses clients de nombreuses soci\u00e9t\u00e9s du Fortune 500 et 22 des 40 soci\u00e9t\u00e9s allemandes cot\u00e9es au DAX.<\/span><\/p>\n<p><span style=\"color: #ffffff;\">Nous venons de 15 pays et parlons au moins autant de langues. Nous pouvons pratiquer des sports diff\u00e9rents, voire adorer des dieux diff\u00e9rents, mais nous sommes unis par le fait que nous sommes tous ing\u00e9nieurs en automatisation.\u00a0<\/span><\/p>\n<p><span style=\"color: #ffffff;\">La r\u00e9solution de probl\u00e8mes techniques complexes est notre passion et ce qui nous motive. \u00c0 mi-chemin entre vision et pr\u00e9cision, nous avons la capacit\u00e9 de construire et de guider. Nous avons une vision d\u2019ensemble, le sens du d\u00e9tail et la passion du travail accompli.\u00a0<\/span><\/p>\n<p><span style=\"color: #ffffff;\">Ensemble, nous avons acquis une r\u00e9putation d\u2019ing\u00e9nierie des r\u00e9sultats commerciaux pour certaines des entreprises les plus grandes et les plus dynamiques au monde.<\/span><\/p>\n<\/div>\n\n<div aria-hidden=\"true\" class=\"appeal-spacer appeal-spacer--69e8f7690cb9e  appeal-spacer--black\">\r\n<style>\r\n\/* Ultrawide *\/\r\n.appeal-spacer--69e8f7690cb9e {\r\n    height: 100px;\r\n}\r\n\r\n\/* Desktop *\/\r\n@media (max-width: 1920px) {\r\n    .appeal-spacer--69e8f7690cb9e {\r\n        height: 100px;\r\n    }\r\n}\r\n\r\n\/* Laptop *\/\r\n@media (max-width: 1024px) {\r\n    .appeal-spacer--69e8f7690cb9e {\r\n        height: 50px;\r\n    }\r\n}\r\n\r\n\/* Mobile *\/\r\n@media (max-width: 767px) {\r\n    .appeal-spacer--69e8f7690cb9e {\r\n        height: 25px;\r\n    }\r\n}\r\n<\/style>\r\n<\/div>\r\n\n\n\n<figure class=\"wp-block-embed is-type-video is-provider-youtube wp-block-embed-youtube wp-embed-aspect-16-9 wp-has-aspect-ratio\"><div class=\"wp-block-embed__wrapper\">\n <div class=\"brlbs-cmpnt-container brlbs-cmpnt-content-blocker brlbs-cmpnt-with-individual-styles\" data-borlabs-cookie-content-blocker-id=\"youtube-content-blocker\" data-borlabs-cookie-content=\"PGRpdiBjbGFzcz0idmlkZW8tY29udGFpbmVyIj48aWZyYW1lIHRpdGxlPSJBdXRvbWF0aW9uIGlzIFRyYW5zZm9ybWF0aW9uIiB3aWR0aD0iNTAwIiBoZWlnaHQ9IjI4MSIgc3JjPSJodHRwczovL3d3dy55b3V0dWJlLW5vY29va2llLmNvbS9lbWJlZC9LVEFMVlowY01vVT9mZWF0dXJlPW9lbWJlZCIgZnJhbWVib3JkZXI9IjAiIGFsbG93PSJhY2NlbGVyb21ldGVyOyBhdXRvcGxheTsgY2xpcGJvYXJkLXdyaXRlOyBlbmNyeXB0ZWQtbWVkaWE7IGd5cm9zY29wZTsgcGljdHVyZS1pbi1waWN0dXJlOyB3ZWItc2hhcmUiIHJlZmVycmVycG9saWN5PSJzdHJpY3Qtb3JpZ2luLXdoZW4tY3Jvc3Mtb3JpZ2luIiBhbGxvd2Z1bGxzY3JlZW4+PC9pZnJhbWU+PC9kaXY+\"><div class=\"brlbs-cmpnt-cb-preset-c brlbs-cmpnt-cb-youtube\"> <div class=\"brlbs-cmpnt-cb-thumbnail\" style=\"background-image: url('https:\/\/roboyo.global\/app\/uploads\/borlabs-cookie\/1\/yt_KTALVZ0cMoU_hqdefault.jpg')\"><\/div> <div class=\"brlbs-cmpnt-cb-main\"> <div class=\"brlbs-cmpnt-cb-play-button\"><\/div> <div class=\"brlbs-cmpnt-cb-content\"> <p class=\"brlbs-cmpnt-cb-description\">Vous \u00eates actuellement en train de consulter le contenu d&#8217;un espace r\u00e9serv\u00e9 de <strong>Youtube<\/strong>. Pour acc\u00e9der au contenu r\u00e9el, cliquez sur le bouton ci-dessous. Veuillez noter que ce faisant, des donn\u00e9es seront partag\u00e9es avec des providers tiers.<\/p> <a class=\"brlbs-cmpnt-cb-provider-toggle\" href=\"#\" data-borlabs-cookie-show-provider-information role=\"button\">Plus d&#8217;informations<\/a> <\/div> <div class=\"brlbs-cmpnt-cb-buttons\"> <a class=\"brlbs-cmpnt-cb-btn\" href=\"#\" data-borlabs-cookie-unblock role=\"button\">D\u00e9bloquer le contenu<\/a> <a class=\"brlbs-cmpnt-cb-btn\" href=\"#\" data-borlabs-cookie-accept-service role=\"button\" style=\"display: inherit\">Accepter le service requis et d\u00e9bloquer le contenu<\/a> <\/div> <\/div> <\/div><\/div>\n<\/div><\/figure>\n\n\n<div aria-hidden=\"true\" class=\"appeal-spacer appeal-spacer--69e8f7690cf40  appeal-spacer--black\">\r\n<style>\r\n\/* Ultrawide *\/\r\n.appeal-spacer--69e8f7690cf40 {\r\n    height: 100px;\r\n}\r\n\r\n\/* Desktop *\/\r\n@media (max-width: 1920px) {\r\n    .appeal-spacer--69e8f7690cf40 {\r\n        height: 100px;\r\n    }\r\n}\r\n\r\n\/* Laptop *\/\r\n@media (max-width: 1024px) {\r\n    .appeal-spacer--69e8f7690cf40 {\r\n        height: 50px;\r\n    }\r\n}\r\n\r\n\/* Mobile *\/\r\n@media (max-width: 767px) {\r\n    .appeal-spacer--69e8f7690cf40 {\r\n        height: 25px;\r\n    }\r\n}\r\n<\/style>\r\n<\/div>\r\n\n\n\r\n<section class=\"button-grid button-grid--2\">\r\n        \n<a\n    class=\"customisable-button  customisable-button__link  link  customisable-button__link--bg-blue  customisable-button__link--icon-white  customisable-button__link--colour-white  customisable-button__link--colour-hover-white link link--primary link--internal\"\n    href=\"https:\/\/roboyo.global\/fr\/contact\/\"     aria-label=\"Learn more about: EMBAUCHEZ-NOUS\"    data-loaded\n>\n  <div>\n          <i><\/i>\n        <span>EMBAUCHEZ-NOUS<\/span>\n      <\/div>\n<\/a>\r\n\r\n        \n<a\n    class=\"customisable-button  customisable-button__link  link  customisable-button__link--bg-blue  customisable-button__link--icon-white  customisable-button__link--colour-white  customisable-button__link--colour-hover-white link link--primary link--internal\"\n    href=\"https:\/\/roboyo.global\/fr\/carrieres\/\"     aria-label=\"Learn more about: VENEZ TRAVAILLER AVEC NOUS\"    data-loaded\n>\n  <div>\n          <i><\/i>\n        <span>VENEZ TRAVAILLER AVEC NOUS<\/span>\n      <\/div>\n<\/a>\r\n\r\n<\/section>\n\r\n        <\/div>\r\n    <\/section>\r\n<\/div>\n\n<div aria-hidden=\"true\" class=\"appeal-spacer appeal-spacer--69e8f769129cc  appeal-spacer--black\">\r\n<style>\r\n\/* Ultrawide *\/\r\n.appeal-spacer--69e8f769129cc {\r\n    height: 125px;\r\n}\r\n\r\n\/* Desktop *\/\r\n@media (max-width: 1920px) {\r\n    .appeal-spacer--69e8f769129cc {\r\n        height: 125px;\r\n    }\r\n}\r\n\r\n\/* Laptop *\/\r\n@media (max-width: 1024px) {\r\n    .appeal-spacer--69e8f769129cc {\r\n        height: 75px;\r\n    }\r\n}\r\n\r\n\/* Mobile *\/\r\n@media (max-width: 767px) {\r\n    .appeal-spacer--69e8f769129cc {\r\n        height: 25px;\r\n    }\r\n}\r\n<\/style>\r\n<\/div>\r\n","protected":false},"excerpt":{"rendered":"","protected":false},"author":1,"featured_media":0,"parent":0,"menu_order":0,"comment_status":"closed","ping_status":"closed","template":"","meta":{"_acf_changed":false,"footnotes":""},"wf_page_folders":[],"class_list":["post-46132","page","type-page","status-publish","hentry"],"acf":[],"yoast_head":"<!-- This site is optimized with the Yoast SEO Premium plugin v26.0 (Yoast SEO v26.8) - https:\/\/yoast.com\/product\/yoast-seo-premium-wordpress\/ -->\n<title>A Propos De Nous | Votre partenaire de r\u00e9f\u00e9rence en IA agentique<\/title>\n<meta name=\"description\" content=\"Nous transformons les technologies \u00e0 grande \u00e9chelle pour am\u00e9liorer rapidement les performances de l\u2019entreprise.\" \/>\n<meta name=\"robots\" content=\"index, follow, max-snippet:-1, max-image-preview:large, max-video-preview:-1\" \/>\n<link rel=\"canonical\" href=\"https:\/\/roboyo.global\/fr\/a-propos-nous-sommes-ingenieurs\/\" \/>\n<meta property=\"og:locale\" content=\"fr_FR\" \/>\n<meta property=\"og:type\" content=\"article\" \/>\n<meta property=\"og:title\" content=\"\u00c0 propos \u2013 Votre partenaire de r\u00e9f\u00e9rence en IA agentique\" \/>\n<meta property=\"og:description\" content=\"Nous transformons les technologies \u00e0 grande \u00e9chelle pour am\u00e9liorer rapidement les performances de l\u2019entreprise.\" \/>\n<meta property=\"og:url\" content=\"https:\/\/roboyo.global\/fr\/a-propos-nous-sommes-ingenieurs\/\" \/>\n<meta property=\"og:site_name\" content=\"Roboyo\" \/>\n<meta property=\"article:modified_time\" content=\"2025-12-10T10:56:30+00:00\" \/>\n<meta name=\"twitter:card\" content=\"summary_large_image\" \/>\n<meta name=\"twitter:label1\" content=\"Est. reading time\" \/>\n\t<meta name=\"twitter:data1\" content=\"1 minute\" \/>\n<script type=\"application\/ld+json\" class=\"yoast-schema-graph\">{\"@context\":\"https:\/\/schema.org\",\"@graph\":[{\"@type\":\"WebPage\",\"@id\":\"https:\/\/roboyo.global\/fr\/a-propos-nous-sommes-ingenieurs\/\",\"url\":\"https:\/\/roboyo.global\/fr\/a-propos-nous-sommes-ingenieurs\/\",\"name\":\"A Propos De Nous | Votre partenaire de r\u00e9f\u00e9rence en IA agentique\",\"isPartOf\":{\"@id\":\"https:\/\/roboyo.global\/fr\/#website\"},\"datePublished\":\"2022-11-30T10:23:23+00:00\",\"dateModified\":\"2025-12-10T10:56:30+00:00\",\"description\":\"Nous transformons les technologies \u00e0 grande \u00e9chelle pour am\u00e9liorer rapidement les performances de l\u2019entreprise.\",\"breadcrumb\":{\"@id\":\"https:\/\/roboyo.global\/fr\/a-propos-nous-sommes-ingenieurs\/#breadcrumb\"},\"inLanguage\":\"fr-FR\",\"potentialAction\":[{\"@type\":\"ReadAction\",\"target\":[\"https:\/\/roboyo.global\/fr\/a-propos-nous-sommes-ingenieurs\/\"]}]},{\"@type\":\"BreadcrumbList\",\"@id\":\"https:\/\/roboyo.global\/fr\/a-propos-nous-sommes-ingenieurs\/#breadcrumb\",\"itemListElement\":[{\"@type\":\"ListItem\",\"position\":1,\"name\":\"Home\",\"item\":\"https:\/\/roboyo.global\/fr\/\"},{\"@type\":\"ListItem\",\"position\":2,\"name\":\"\u00c0 propos \u2013 Votre partenaire de r\u00e9f\u00e9rence en IA agentique\"}]},{\"@type\":\"WebSite\",\"@id\":\"https:\/\/roboyo.global\/fr\/#website\",\"url\":\"https:\/\/roboyo.global\/fr\/\",\"name\":\"Roboyo - Your Agentic Automation & AI Partner of Choice\",\"description\":\"We take what\u2019s possible to the next level. Now.\",\"potentialAction\":[{\"@type\":\"SearchAction\",\"target\":{\"@type\":\"EntryPoint\",\"urlTemplate\":\"https:\/\/roboyo.global\/fr\/?s={search_term_string}\"},\"query-input\":{\"@type\":\"PropertyValueSpecification\",\"valueRequired\":true,\"valueName\":\"search_term_string\"}}],\"inLanguage\":\"fr-FR\"}]}<\/script>\n<!-- \/ Yoast SEO Premium plugin. -->","yoast_head_json":{"title":"A Propos De Nous | Votre partenaire de r\u00e9f\u00e9rence en IA agentique","description":"Nous transformons les technologies \u00e0 grande \u00e9chelle pour am\u00e9liorer rapidement les performances de l\u2019entreprise.","robots":{"index":"index","follow":"follow","max-snippet":"max-snippet:-1","max-image-preview":"max-image-preview:large","max-video-preview":"max-video-preview:-1"},"canonical":"https:\/\/roboyo.global\/fr\/a-propos-nous-sommes-ingenieurs\/","og_locale":"fr_FR","og_type":"article","og_title":"\u00c0 propos \u2013 Votre partenaire de r\u00e9f\u00e9rence en IA agentique","og_description":"Nous transformons les technologies \u00e0 grande \u00e9chelle pour am\u00e9liorer rapidement les performances de l\u2019entreprise.","og_url":"https:\/\/roboyo.global\/fr\/a-propos-nous-sommes-ingenieurs\/","og_site_name":"Roboyo","article_modified_time":"2025-12-10T10:56:30+00:00","twitter_card":"summary_large_image","twitter_misc":{"Est. reading time":"1 minute"},"schema":{"@context":"https:\/\/schema.org","@graph":[{"@type":"WebPage","@id":"https:\/\/roboyo.global\/fr\/a-propos-nous-sommes-ingenieurs\/","url":"https:\/\/roboyo.global\/fr\/a-propos-nous-sommes-ingenieurs\/","name":"A Propos De Nous | Votre partenaire de r\u00e9f\u00e9rence en IA agentique","isPartOf":{"@id":"https:\/\/roboyo.global\/fr\/#website"},"datePublished":"2022-11-30T10:23:23+00:00","dateModified":"2025-12-10T10:56:30+00:00","description":"Nous transformons les technologies \u00e0 grande \u00e9chelle pour am\u00e9liorer rapidement les performances de l\u2019entreprise.","breadcrumb":{"@id":"https:\/\/roboyo.global\/fr\/a-propos-nous-sommes-ingenieurs\/#breadcrumb"},"inLanguage":"fr-FR","potentialAction":[{"@type":"ReadAction","target":["https:\/\/roboyo.global\/fr\/a-propos-nous-sommes-ingenieurs\/"]}]},{"@type":"BreadcrumbList","@id":"https:\/\/roboyo.global\/fr\/a-propos-nous-sommes-ingenieurs\/#breadcrumb","itemListElement":[{"@type":"ListItem","position":1,"name":"Home","item":"https:\/\/roboyo.global\/fr\/"},{"@type":"ListItem","position":2,"name":"\u00c0 propos \u2013 Votre partenaire de r\u00e9f\u00e9rence en IA agentique"}]},{"@type":"WebSite","@id":"https:\/\/roboyo.global\/fr\/#website","url":"https:\/\/roboyo.global\/fr\/","name":"Roboyo - Your Agentic Automation & AI Partner of Choice","description":"We take what\u2019s possible to the next level. Now.","potentialAction":[{"@type":"SearchAction","target":{"@type":"EntryPoint","urlTemplate":"https:\/\/roboyo.global\/fr\/?s={search_term_string}"},"query-input":{"@type":"PropertyValueSpecification","valueRequired":true,"valueName":"search_term_string"}}],"inLanguage":"fr-FR"}]}},"_links":{"self":[{"href":"https:\/\/roboyo.global\/fr\/wp-json\/wp\/v2\/pages\/46132","targetHints":{"allow":["GET"]}}],"collection":[{"href":"https:\/\/roboyo.global\/fr\/wp-json\/wp\/v2\/pages"}],"about":[{"href":"https:\/\/roboyo.global\/fr\/wp-json\/wp\/v2\/types\/page"}],"author":[{"embeddable":true,"href":"https:\/\/roboyo.global\/fr\/wp-json\/wp\/v2\/users\/1"}],"replies":[{"embeddable":true,"href":"https:\/\/roboyo.global\/fr\/wp-json\/wp\/v2\/comments?post=46132"}],"version-history":[{"count":18,"href":"https:\/\/roboyo.global\/fr\/wp-json\/wp\/v2\/pages\/46132\/revisions"}],"predecessor-version":[{"id":97008,"href":"https:\/\/roboyo.global\/fr\/wp-json\/wp\/v2\/pages\/46132\/revisions\/97008"}],"wp:attachment":[{"href":"https:\/\/roboyo.global\/fr\/wp-json\/wp\/v2\/media?parent=46132"}],"wp:term":[{"taxonomy":"wf_page_folders","embeddable":true,"href":"https:\/\/roboyo.global\/fr\/wp-json\/wp\/v2\/wf_page_folders?post=46132"}],"curies":[{"name":"wp","href":"https:\/\/api.w.org\/{rel}","templated":true}]}}