{"id":36487,"date":"2022-07-13T11:14:09","date_gmt":"2022-07-13T10:14:09","guid":{"rendered":"https:\/\/roboyo.global\/acquisitions\/"},"modified":"2023-11-29T14:18:03","modified_gmt":"2023-11-29T14:18:03","slug":"acquisitions","status":"publish","type":"page","link":"https:\/\/roboyo.global\/fr\/acquisitions\/","title":{"rendered":"Acquisitions globales de Roboyo"},"content":{"rendered":"\r\n\r\n<section  data-loaded data-nav-transparent class=\"hero-header-4 hero-header-4--default hero-header-4--right  hero-header-4--fw\" data-block=\"appeal\/hero-4\">\r\n    <div class=\"hero-header-4__wrapper hero-header-4__wrapper--ink\">\r\n        <div class=\"hero-header-4__container\">\r\n                                                <div class=\"hero-header-4__image-wrapper\">\r\n                                                    \n    \n            <div class=\"hero-header-4__image hero-header-4__image--not-svg\" data-lazy=\"1\">\n            <img decoding=\"async\" src=\"https:\/\/roboyo.global\/app\/uploads\/2023\/03\/acquisitions.png\" alt=\"acquisitions\" loading=\"eager\" fetchpriority=\"high\">\n        <\/div>\n                                                <\/div>\r\n                \r\n                        <div class=\"hero-header-4__content hero-header-4__content--\">\r\n                \r\n\r\n                                    <h1 class=\"hero-header-4__title default\">Nous grandissons <\/h1>\r\n                \r\n                                    <h2 class=\"hero-header-4__subtitle default\">LA CROISSANCE DE ROBOYO DANS LE DOMAINE DE L&#8217;HYPERAUTOMATISATION PAR LE BIAIS D&#8217;ACQUISITIONS <\/h2>\r\n                \r\n                \r\n            <\/div>\r\n        <\/div>\r\n    <\/div>\r\n<\/section>\n\n\n<div style=\"height:120px\" aria-hidden=\"true\" class=\"wp-block-spacer\"><\/div>\n\n\n\n<p><strong>Les acquisitions strat\u00e9giques de Roboyo aupr\u00e8s d&#8217;acteurs cl\u00e9s de l&#8217;industrie de l&#8217;hyperautomatisation nous ont permis d&#8217;\u00e9tendre nos capacit\u00e9s et nos offres, consolidant ainsi notre position de leader mondial dans ce domaine. Avec plus de 600 employ\u00e9s et des sites dans 24 villes, dans 15 pays et sur 4 continents, Roboyo est aujourd&#8217;hui le plus grand fournisseur de services professionnels d&#8217;hyperautomatisation au monde.<\/strong>&nbsp;<\/p>\n\n\n\n<p>La croissance de Roboyo par le biais d&#8217;acquisitions offre \u00e0 nos clients une gamme plus large de solutions et de services d&#8217;hyperautomatisation, une plus grande expertise et des capacit\u00e9s de livraison am\u00e9lior\u00e9es, ce qui se traduit par des solutions plus efficaces et plus performantes pour tous les besoins de l&#8217;entreprise.&nbsp;<\/p>\n\n\n\n<p>Les acquisitions d&#8217;AKOA, Jolt Advantage Group, Lean Consulting, WeMake et Procensol repr\u00e9sentent une avanc\u00e9e significative dans la mission de Roboyo de fournir \u00e0 ses clients les meilleures connaissances et comp\u00e9tences ainsi que les solutions technologiques les plus avanc\u00e9es.&nbsp;<\/p>\n\n\n\n<p>Lisez la suite pour en savoir plus sur chacune de ces acquisitions et sur la fa\u00e7on dont elles peuvent b\u00e9n\u00e9ficier \u00e0 votre strat\u00e9gie de transformation num\u00e9rique.&nbsp;<\/p>\n\n\n<div aria-hidden=\"true\" class=\"appeal-spacer appeal-spacer--69f4613af3491  appeal-spacer--transparent\">\r\n<style>\r\n\/* Ultrawide *\/\r\n.appeal-spacer--69f4613af3491 {\r\n    height: 50px;\r\n}\r\n\r\n\/* Desktop *\/\r\n@media (max-width: 1920px) {\r\n    .appeal-spacer--69f4613af3491 {\r\n        height: 50px;\r\n    }\r\n}\r\n\r\n\/* Laptop *\/\r\n@media (max-width: 1024px) {\r\n    .appeal-spacer--69f4613af3491 {\r\n        height: 25px;\r\n    }\r\n}\r\n\r\n\/* Mobile *\/\r\n@media (max-width: 767px) {\r\n    .appeal-spacer--69f4613af3491 {\r\n        height: 25px;\r\n    }\r\n}\r\n<\/style>\r\n<\/div>\r\n\n\n\n<h2 class=\"wp-block-heading has-t-h-6-font-size\" id=\"h-akoa-la-cle-pour-devenir-la-plus-grande-entreprise-d-hyperautomatisation-au-monde\"><strong>AKOA : La cl\u00e9 pour devenir la plus grande entreprise d&#8217;hyperautomatisation au monde<\/strong>&nbsp;<\/h2>\n\n\n\n<p>En 2021, Roboyo a acquis AKOA, un fournisseur de premier plan de solutions d&#8217;automatisation intelligentes. Avec cette acquisition, Roboyo est devenue la plus grande entreprise d&#8217;hyperautomatisation au monde, r\u00e9unissant deux leaders de l&#8217;industrie avec une expertise compl\u00e9mentaire dans la RPA, l&#8217;IA et l&#8217;automatisation cognitive. L&#8217;expertise d&#8217;AKOA dans les solutions d&#8217;automatisation de bout en bout, combin\u00e9e \u00e0 la port\u00e9e mondiale et \u00e0 la technologie avanc\u00e9e de Roboyo, a permis \u00e0 Roboyo d&#8217;offrir \u00e0 ses clients encore plus de services ax\u00e9s sur l&#8217;hyperautomatisation, y compris <a href=\"https:\/\/roboyo.global\/fr\/technologies\/ia-conversationnelle\/\">l&#8217;IA conversationnelle<\/a>, <a href=\"https:\/\/roboyo.global\/fr\/technologies\/traitement-intelligent-des-documents\/\">l&#8217;IDP<\/a> et la <a href=\"https:\/\/roboyo.global\/fr\/technologies\/automatisation-des-processus-robotises\/\">RPA<\/a>. <a href=\"https:\/\/roboyo.global\/fr\/all-insights\/press-release\/roboyo-et-akoa-sassocient-pour-creer-la-plus-grande-societe-de-services-professionnels-dautomatisation-intelligente-au-monde\/\">Pour en savoir plus<\/a>.&nbsp;<\/p>\n\n\n<div aria-hidden=\"true\" class=\"appeal-spacer appeal-spacer--69f4613af3a0b  appeal-spacer--transparent\">\r\n<style>\r\n\/* Ultrawide *\/\r\n.appeal-spacer--69f4613af3a0b {\r\n    height: 50px;\r\n}\r\n\r\n\/* Desktop *\/\r\n@media (max-width: 1920px) {\r\n    .appeal-spacer--69f4613af3a0b {\r\n        height: 50px;\r\n    }\r\n}\r\n\r\n\/* Laptop *\/\r\n@media (max-width: 1024px) {\r\n    .appeal-spacer--69f4613af3a0b {\r\n        height: 25px;\r\n    }\r\n}\r\n\r\n\/* Mobile *\/\r\n@media (max-width: 767px) {\r\n    .appeal-spacer--69f4613af3a0b {\r\n        height: 25px;\r\n    }\r\n}\r\n<\/style>\r\n<\/div>\r\n\n\n\n<h2 class=\"wp-block-heading has-t-h-6-font-size\" id=\"h-jolt-advantage-group-extension-de-l-empreinte-de-roboyo-sur-le-marche-americain\"><strong>Jolt Advantage Group : Extension de l&#8217;empreinte de Roboyo sur le march\u00e9 am\u00e9ricain<\/strong><\/h2>\n\n\n\n<p>En octobre 2021, Roboyo a acquis Jolt Advantage Group, un fournisseur de solutions d&#8217;automatisation bas\u00e9 aux \u00c9tats-Unis. Cette acquisition a permis d&#8217;ajouter 150 sp\u00e9cialistes de l&#8217;automatisation \u00e0 l&#8217;\u00e9quipe de Roboyo, offrant ainsi \u00e0 l&#8217;entreprise une couverture compl\u00e8te du march\u00e9 am\u00e9ricain. L&#8217;expertise de Jolt Advantage Group en mati\u00e8re de transformation num\u00e9rique, d&#8217;automatisation des processus et de gestion des donn\u00e9es compl\u00e8te les solutions d&#8217;hyperautomatisation de Roboyo, permettant \u00e0 l&#8217;entreprise de fournir des services d&#8217;automatisation de bout en bout \u00e0 ses clients dans toute l&#8217;Am\u00e9rique du Nord. <a href=\"https:\/\/roboyo.global\/fr\/all-insights\/press-release\/roboyo-et-le-groupe-jolt-advantage-sassocient-pour-renforcer-leur-presence-aux-etats-unis\/\">Pour en savoir plus<\/a>.&nbsp;<\/p>\n\n\n<div aria-hidden=\"true\" class=\"appeal-spacer appeal-spacer--69f4613af3e4a  appeal-spacer--transparent\">\r\n<style>\r\n\/* Ultrawide *\/\r\n.appeal-spacer--69f4613af3e4a {\r\n    height: 50px;\r\n}\r\n\r\n\/* Desktop *\/\r\n@media (max-width: 1920px) {\r\n    .appeal-spacer--69f4613af3e4a {\r\n        height: 50px;\r\n    }\r\n}\r\n\r\n\/* Laptop *\/\r\n@media (max-width: 1024px) {\r\n    .appeal-spacer--69f4613af3e4a {\r\n        height: 25px;\r\n    }\r\n}\r\n\r\n\/* Mobile *\/\r\n@media (max-width: 767px) {\r\n    .appeal-spacer--69f4613af3e4a {\r\n        height: 25px;\r\n    }\r\n}\r\n<\/style>\r\n<\/div>\r\n\n\n\n<h2 class=\"wp-block-heading has-t-h-6-font-size\" id=\"h-consultation-lean-ajout-de-specialistes-du-conseil-de-la-formation-et-de-l-automatisation-lean-six-sigma-aux-operations-de-roboyo\"><strong><strong>Consultation Lean : Ajout de sp\u00e9cialistes du conseil, de la formation et de l&#8217;automatisation Lean Six Sigma aux op\u00e9rations de Roboyo<\/strong><\/strong><\/h2>\n\n\n\n<p>En septembre 2022, Roboyo a acquis Lean Consulting, un fournisseur britannique de services de conseil, <a href=\"https:\/\/roboyo.global\/fr\/academy\/\">de formation<\/a> et de solutions d&#8217;automatisation <a href=\"https:\/\/roboyo.global\/fr\/?page_id=44438\">Lean Six Sigma<\/a>. Cette acquisition a ajout\u00e9 une \u00e9quipe de sp\u00e9cialistes exp\u00e9riment\u00e9s en conseil, formation et automatisation Lean Six Sigma aux op\u00e9rations de Roboyo, renfor\u00e7ant ainsi l&#8217;expertise de l&#8217;entreprise en mati\u00e8re d&#8217;am\u00e9lioration des processus et d&#8217;automatisation. L&#8217;exp\u00e9rience \u00e9prouv\u00e9e de Lean Consulting dans la r\u00e9alisation de projets d&#8217;automatisation r\u00e9ussis, combin\u00e9e \u00e0 la technologie et \u00e0 la port\u00e9e mondiale de Roboyo, nous permet de fournir \u00e0 nos clients des solutions personnalis\u00e9es et efficaces qui favorisent l&#8217;excellence op\u00e9rationnelle et la croissance de l&#8217;entreprise. <a href=\"https:\/\/roboyo.global\/fr\/all-insights\/press-release\/roboyo-lacquisition-lean-consulting\/\">Pour en savoir plus<\/a>.&nbsp;<\/p>\n\n\n<div aria-hidden=\"true\" class=\"appeal-spacer appeal-spacer--69f4613b0001b  appeal-spacer--transparent\">\r\n<style>\r\n\/* Ultrawide *\/\r\n.appeal-spacer--69f4613b0001b {\r\n    height: 50px;\r\n}\r\n\r\n\/* Desktop *\/\r\n@media (max-width: 1920px) {\r\n    .appeal-spacer--69f4613b0001b {\r\n        height: 50px;\r\n    }\r\n}\r\n\r\n\/* Laptop *\/\r\n@media (max-width: 1024px) {\r\n    .appeal-spacer--69f4613b0001b {\r\n        height: 25px;\r\n    }\r\n}\r\n\r\n\/* Mobile *\/\r\n@media (max-width: 767px) {\r\n    .appeal-spacer--69f4613b0001b {\r\n        height: 25px;\r\n    }\r\n}\r\n<\/style>\r\n<\/div>\r\n\n\n\n<h2 class=\"wp-block-heading has-t-h-6-font-size\" id=\"h-wemake-renforcer-les-capacites-de-roboyo-en-matiere-de-cybersecurite-et-de-conformite\"><strong><strong><strong>WeMake : renforcer les capacit\u00e9s de Roboyo en mati\u00e8re de cybers\u00e9curit\u00e9 et de conformit\u00e9<\/strong><\/strong><\/strong><\/h2>\n\n\n\n<p>Roboyo a acquis WeMake, un fournisseur de premier plan de solutions de <a href=\"https:\/\/roboyo.global\/fr\/services\/cybersecurite-et-conformite\/\">cybers\u00e9curit\u00e9 et de conformit\u00e9<\/a> en 2022, renfor\u00e7ant ainsi les effectifs de Roboyo avec une \u00e9quipe experte de sp\u00e9cialistes de la cybers\u00e9curit\u00e9 et de la conformit\u00e9. L&#8217;expertise de WeMake en mati\u00e8re de cybers\u00e9curit\u00e9 et de conformit\u00e9, combin\u00e9e \u00e0 la technologie avanc\u00e9e et \u00e0 la port\u00e9e mondiale de Roboyo, nous permet de fournir \u00e0 nos clients des solutions d&#8217;automatisation s\u00e9curis\u00e9es et conformes qui r\u00e9pondent aux normes les plus strictes en mati\u00e8re de qualit\u00e9 et de protection des donn\u00e9es. <a href=\"https:\/\/roboyo.global\/fr\/all-insights\/press-release\/roboyo-lacquisition-wemake\/\">Pour en savoir plus<\/a>.&nbsp;<\/p>\n\n\n<div aria-hidden=\"true\" class=\"appeal-spacer appeal-spacer--69f4613b0059f  appeal-spacer--transparent\">\r\n<style>\r\n\/* Ultrawide *\/\r\n.appeal-spacer--69f4613b0059f {\r\n    height: 50px;\r\n}\r\n\r\n\/* Desktop *\/\r\n@media (max-width: 1920px) {\r\n    .appeal-spacer--69f4613b0059f {\r\n        height: 50px;\r\n    }\r\n}\r\n\r\n\/* Laptop *\/\r\n@media (max-width: 1024px) {\r\n    .appeal-spacer--69f4613b0059f {\r\n        height: 25px;\r\n    }\r\n}\r\n\r\n\/* Mobile *\/\r\n@media (max-width: 767px) {\r\n    .appeal-spacer--69f4613b0059f {\r\n        height: 25px;\r\n    }\r\n}\r\n<\/style>\r\n<\/div>\r\n\n\n\n<h2 class=\"wp-block-heading has-t-h-6-font-size\" id=\"h-procensol-elargir-l-offre-de-roboyo-dans-le-secteur-des-codes-bas\"><strong><strong><strong><strong>Procensol : \u00c9largir l&#8217;offre de Roboyo dans le secteur des codes bas<\/strong><\/strong><\/strong><\/strong><\/h2>\n\n\n\n<p>En 2023, Roboyo a acquis Procensol, un fournisseur de premier plan de solutions de <a href=\"https:\/\/roboyo.global\/fr\/technologies\/developpement-rapide-dapplications\/\">d\u00e9veloppement de codes<\/a> bas. Cette acquisition a \u00e9largi l&#8217;offre de Roboyo dans le secteur du code bas, nous permettant de fournir des solutions d&#8217;automatisation plus rapides et plus rentables \u00e0 nos clients. L&#8217;expertise de Procensol en mati\u00e8re de d\u00e9veloppement de codes bas, combin\u00e9e aux solutions d&#8217;hyperautomatisation de Roboyo, permet \u00e0 l&#8217;entreprise d&#8217;offrir \u00e0 ses clients une gamme compl\u00e8te de services d&#8217;automatisation qui r\u00e9pondent \u00e0 leurs besoins et exigences uniques. <a href=\"https:\/\/roboyo.global\/fr\/all-insights\/press-release\/roboyo-fait-lacquisition-de-procensol\/\">Pour en savoir plus<\/a>.&nbsp;<\/p>\n\n\n\n<div style=\"height:120px\" aria-hidden=\"true\" class=\"wp-block-spacer\"><\/div>\n\n\n\r\n\r\n<section  data-loaded class=\"standalone\" data-block=\"appeal\/button\">\r\n    <div class=\"standalone__container container standalone__container--center\">\r\n        <div class=\"standalone__button\">\r\n                                                \n<a\n    class=\"standalone__link link standalone__link--blue link link--primary link--external\"\n    href=\"https:\/\/roboyo.global\/fr\/a-propos-nous-sommes-ingenieurs\/\" target=\"_blank\"    aria-label=\"Learn more about: En savoir plus sur le groupe Roboyo\"    data-loaded\n>\n  <div>\n        <span>En savoir plus sur le groupe Roboyo<\/span>\n          <i><\/i>\n      <\/div>\n<\/a>                                    <\/div>\r\n    <\/div>\r\n\r\n    \r\n    <\/section>","protected":false},"excerpt":{"rendered":"<p>Les acquisitions strat\u00e9giques de Roboyo aupr\u00e8s d&#8217;acteurs cl\u00e9s de l&#8217;industrie de l&#8217;hyperautomatisation nous ont permis d&#8217;\u00e9tendre nos capacit\u00e9s et nos offres, consolidant ainsi notre position de leader mondial dans ce domaine. Avec plus de 600 employ\u00e9s et des sites dans 24 villes, dans 15 pays et sur 4 continents, Roboyo est aujourd&#8217;hui le plus grand<\/p>\n","protected":false},"author":13,"featured_media":50316,"parent":0,"menu_order":0,"comment_status":"closed","ping_status":"closed","template":"","meta":{"_acf_changed":false,"footnotes":""},"wf_page_folders":[],"class_list":["post-36487","page","type-page","status-publish","has-post-thumbnail","hentry"],"acf":[],"yoast_head":"<!-- This site is optimized with the Yoast SEO Premium plugin v26.0 (Yoast SEO v26.8) - https:\/\/yoast.com\/product\/yoast-seo-premium-wordpress\/ -->\n<title>Roboyo S&#039;associe \u00c0 Des Entreprises Pour Former Un G\u00e9ant<\/title>\n<meta name=\"description\" content=\"Procensol, WeMake, Lean Consulting, Jolt Advantage Group et AKOA rejoignent Roboyo pour cr\u00e9er un leader mondial de l\u2019hyperautomatisation.\" \/>\n<meta name=\"robots\" content=\"index, follow, max-snippet:-1, max-image-preview:large, max-video-preview:-1\" \/>\n<link rel=\"canonical\" href=\"https:\/\/roboyo.global\/fr\/acquisitions\/\" \/>\n<meta property=\"og:locale\" content=\"fr_FR\" \/>\n<meta property=\"og:type\" content=\"article\" \/>\n<meta property=\"og:title\" content=\"Acquisitions globales de Roboyo\" \/>\n<meta property=\"og:description\" content=\"Procensol, WeMake, Lean Consulting, Jolt Advantage Group et AKOA rejoignent Roboyo pour cr\u00e9er un leader mondial de l\u2019hyperautomatisation.\" \/>\n<meta property=\"og:url\" content=\"https:\/\/roboyo.global\/fr\/acquisitions\/\" \/>\n<meta property=\"og:site_name\" content=\"Roboyo\" \/>\n<meta property=\"article:modified_time\" content=\"2023-11-29T14:18:03+00:00\" \/>\n<meta property=\"og:image\" content=\"https:\/\/roboyo.global\/app\/uploads\/2023\/03\/factured-image-acquisitions.png\" \/>\n\t<meta property=\"og:image:width\" content=\"890\" \/>\n\t<meta property=\"og:image:height\" content=\"620\" \/>\n\t<meta property=\"og:image:type\" content=\"image\/png\" \/>\n<meta name=\"twitter:card\" content=\"summary_large_image\" \/>\n<meta name=\"twitter:label1\" content=\"Est. reading time\" \/>\n\t<meta name=\"twitter:data1\" content=\"4 minutes\" \/>\n<script type=\"application\/ld+json\" class=\"yoast-schema-graph\">{\"@context\":\"https:\/\/schema.org\",\"@graph\":[{\"@type\":\"WebPage\",\"@id\":\"https:\/\/roboyo.global\/fr\/acquisitions\/\",\"url\":\"https:\/\/roboyo.global\/fr\/acquisitions\/\",\"name\":\"Roboyo S'associe \u00c0 Des Entreprises Pour Former Un G\u00e9ant\",\"isPartOf\":{\"@id\":\"https:\/\/roboyo.global\/fr\/#website\"},\"primaryImageOfPage\":{\"@id\":\"https:\/\/roboyo.global\/fr\/acquisitions\/#primaryimage\"},\"image\":{\"@id\":\"https:\/\/roboyo.global\/fr\/acquisitions\/#primaryimage\"},\"thumbnailUrl\":\"https:\/\/roboyo.global\/app\/uploads\/2023\/03\/factured-image-acquisitions.png\",\"datePublished\":\"2022-07-13T10:14:09+00:00\",\"dateModified\":\"2023-11-29T14:18:03+00:00\",\"description\":\"Procensol, WeMake, Lean Consulting, Jolt Advantage Group et AKOA rejoignent Roboyo pour cr\u00e9er un leader mondial de l\u2019hyperautomatisation.\",\"breadcrumb\":{\"@id\":\"https:\/\/roboyo.global\/fr\/acquisitions\/#breadcrumb\"},\"inLanguage\":\"fr-FR\",\"potentialAction\":[{\"@type\":\"ReadAction\",\"target\":[\"https:\/\/roboyo.global\/fr\/acquisitions\/\"]}]},{\"@type\":\"ImageObject\",\"inLanguage\":\"fr-FR\",\"@id\":\"https:\/\/roboyo.global\/fr\/acquisitions\/#primaryimage\",\"url\":\"https:\/\/roboyo.global\/app\/uploads\/2023\/03\/factured-image-acquisitions.png\",\"contentUrl\":\"https:\/\/roboyo.global\/app\/uploads\/2023\/03\/factured-image-acquisitions.png\",\"width\":890,\"height\":620,\"caption\":\"factured image acquisitions\"},{\"@type\":\"BreadcrumbList\",\"@id\":\"https:\/\/roboyo.global\/fr\/acquisitions\/#breadcrumb\",\"itemListElement\":[{\"@type\":\"ListItem\",\"position\":1,\"name\":\"Home\",\"item\":\"https:\/\/roboyo.global\/fr\/\"},{\"@type\":\"ListItem\",\"position\":2,\"name\":\"Acquisitions globales de Roboyo\"}]},{\"@type\":\"WebSite\",\"@id\":\"https:\/\/roboyo.global\/fr\/#website\",\"url\":\"https:\/\/roboyo.global\/fr\/\",\"name\":\"Roboyo - Your Agentic Automation & AI Partner of Choice\",\"description\":\"We take what\u2019s possible to the next level. Now.\",\"potentialAction\":[{\"@type\":\"SearchAction\",\"target\":{\"@type\":\"EntryPoint\",\"urlTemplate\":\"https:\/\/roboyo.global\/fr\/?s={search_term_string}\"},\"query-input\":{\"@type\":\"PropertyValueSpecification\",\"valueRequired\":true,\"valueName\":\"search_term_string\"}}],\"inLanguage\":\"fr-FR\"}]}<\/script>\n<!-- \/ Yoast SEO Premium plugin. -->","yoast_head_json":{"title":"Roboyo S'associe \u00c0 Des Entreprises Pour Former Un G\u00e9ant","description":"Procensol, WeMake, Lean Consulting, Jolt Advantage Group et AKOA rejoignent Roboyo pour cr\u00e9er un leader mondial de l\u2019hyperautomatisation.","robots":{"index":"index","follow":"follow","max-snippet":"max-snippet:-1","max-image-preview":"max-image-preview:large","max-video-preview":"max-video-preview:-1"},"canonical":"https:\/\/roboyo.global\/fr\/acquisitions\/","og_locale":"fr_FR","og_type":"article","og_title":"Acquisitions globales de Roboyo","og_description":"Procensol, WeMake, Lean Consulting, Jolt Advantage Group et AKOA rejoignent Roboyo pour cr\u00e9er un leader mondial de l\u2019hyperautomatisation.","og_url":"https:\/\/roboyo.global\/fr\/acquisitions\/","og_site_name":"Roboyo","article_modified_time":"2023-11-29T14:18:03+00:00","og_image":[{"width":890,"height":620,"url":"https:\/\/roboyo.global\/app\/uploads\/2023\/03\/factured-image-acquisitions.png","type":"image\/png"}],"twitter_card":"summary_large_image","twitter_misc":{"Est. reading time":"4 minutes"},"schema":{"@context":"https:\/\/schema.org","@graph":[{"@type":"WebPage","@id":"https:\/\/roboyo.global\/fr\/acquisitions\/","url":"https:\/\/roboyo.global\/fr\/acquisitions\/","name":"Roboyo S'associe \u00c0 Des Entreprises Pour Former Un G\u00e9ant","isPartOf":{"@id":"https:\/\/roboyo.global\/fr\/#website"},"primaryImageOfPage":{"@id":"https:\/\/roboyo.global\/fr\/acquisitions\/#primaryimage"},"image":{"@id":"https:\/\/roboyo.global\/fr\/acquisitions\/#primaryimage"},"thumbnailUrl":"https:\/\/roboyo.global\/app\/uploads\/2023\/03\/factured-image-acquisitions.png","datePublished":"2022-07-13T10:14:09+00:00","dateModified":"2023-11-29T14:18:03+00:00","description":"Procensol, WeMake, Lean Consulting, Jolt Advantage Group et AKOA rejoignent Roboyo pour cr\u00e9er un leader mondial de l\u2019hyperautomatisation.","breadcrumb":{"@id":"https:\/\/roboyo.global\/fr\/acquisitions\/#breadcrumb"},"inLanguage":"fr-FR","potentialAction":[{"@type":"ReadAction","target":["https:\/\/roboyo.global\/fr\/acquisitions\/"]}]},{"@type":"ImageObject","inLanguage":"fr-FR","@id":"https:\/\/roboyo.global\/fr\/acquisitions\/#primaryimage","url":"https:\/\/roboyo.global\/app\/uploads\/2023\/03\/factured-image-acquisitions.png","contentUrl":"https:\/\/roboyo.global\/app\/uploads\/2023\/03\/factured-image-acquisitions.png","width":890,"height":620,"caption":"factured image acquisitions"},{"@type":"BreadcrumbList","@id":"https:\/\/roboyo.global\/fr\/acquisitions\/#breadcrumb","itemListElement":[{"@type":"ListItem","position":1,"name":"Home","item":"https:\/\/roboyo.global\/fr\/"},{"@type":"ListItem","position":2,"name":"Acquisitions globales de Roboyo"}]},{"@type":"WebSite","@id":"https:\/\/roboyo.global\/fr\/#website","url":"https:\/\/roboyo.global\/fr\/","name":"Roboyo - Your Agentic Automation & AI Partner of Choice","description":"We take what\u2019s possible to the next level. Now.","potentialAction":[{"@type":"SearchAction","target":{"@type":"EntryPoint","urlTemplate":"https:\/\/roboyo.global\/fr\/?s={search_term_string}"},"query-input":{"@type":"PropertyValueSpecification","valueRequired":true,"valueName":"search_term_string"}}],"inLanguage":"fr-FR"}]}},"_links":{"self":[{"href":"https:\/\/roboyo.global\/fr\/wp-json\/wp\/v2\/pages\/36487","targetHints":{"allow":["GET"]}}],"collection":[{"href":"https:\/\/roboyo.global\/fr\/wp-json\/wp\/v2\/pages"}],"about":[{"href":"https:\/\/roboyo.global\/fr\/wp-json\/wp\/v2\/types\/page"}],"author":[{"embeddable":true,"href":"https:\/\/roboyo.global\/fr\/wp-json\/wp\/v2\/users\/13"}],"replies":[{"embeddable":true,"href":"https:\/\/roboyo.global\/fr\/wp-json\/wp\/v2\/comments?post=36487"}],"version-history":[{"count":10,"href":"https:\/\/roboyo.global\/fr\/wp-json\/wp\/v2\/pages\/36487\/revisions"}],"predecessor-version":[{"id":71091,"href":"https:\/\/roboyo.global\/fr\/wp-json\/wp\/v2\/pages\/36487\/revisions\/71091"}],"wp:featuredmedia":[{"embeddable":true,"href":"https:\/\/roboyo.global\/fr\/wp-json\/wp\/v2\/media\/50316"}],"wp:attachment":[{"href":"https:\/\/roboyo.global\/fr\/wp-json\/wp\/v2\/media?parent=36487"}],"wp:term":[{"taxonomy":"wf_page_folders","embeddable":true,"href":"https:\/\/roboyo.global\/fr\/wp-json\/wp\/v2\/wf_page_folders?post=36487"}],"curies":[{"name":"wp","href":"https:\/\/api.w.org\/{rel}","templated":true}]}}