{"id":13307,"date":"2021-05-28T06:10:43","date_gmt":"2021-05-28T05:10:43","guid":{"rendered":"https:\/\/roboyo.global\/?page_id=13307"},"modified":"2024-03-13T14:36:08","modified_gmt":"2024-03-13T14:36:08","slug":"technologies","status":"publish","type":"page","link":"https:\/\/roboyo.global\/fr\/technologies\/","title":{"rendered":"Technologies"},"content":{"rendered":"\n\n<section data-nav-transparent data-loaded data-nav-transparent\n    class=\"hero-header-3 hero-header-3--no-cat \">\n    <div class=\"hero-header-3__wrapper\">\n        <div class=\"hero-header-3__video hero-header-3__video--overlay\">\n                                    \n    \n            <div class=\"hero-header-3__image\" data-lazy=\"1\">\n            <img decoding=\"async\" src=\"https:\/\/roboyo.global\/app\/uploads\/2023\/11\/Copy-of-Blog-Post-HeroFeatured-Image-3.png\" alt=\"Image of lots of blue fairy lights\" loading=\"eager\" fetchpriority=\"high\">\n        <\/div>\n                                                            <\/div>\n        <div class=\"hero-header-3__container\">\n            <div class=\"hero-header-3__content\">\n                                <p class=\"hero-header-3__title\">Technologies<\/p>\n                \n                                                <h1 class=\"hero-header-3__subtitle\">\n                    <span>LIB\u00c9RER LA PUISSANCE DE L&#8217;AUTOMATISATION    <\/span>\n                <\/h1>\n                \n                            <\/div>\n                    <\/div>\n                <div class=\"hero-header-3__gradient hero-header-3__gradient--overall\"\n            style=\"background: linear-gradient(, rgb() 0%, rgb() 100%)\">\n        <\/div>\n            <\/div>\n<\/section>\n\n\n\n<div aria-hidden=\"true\" class=\"appeal-spacer appeal-spacer--69f3fc847cafd  appeal-spacer--transparent\">\r\n<style>\r\n\/* Ultrawide *\/\r\n.appeal-spacer--69f3fc847cafd {\r\n    height: 75px;\r\n}\r\n\r\n\/* Desktop *\/\r\n@media (max-width: 1920px) {\r\n    .appeal-spacer--69f3fc847cafd {\r\n        height: 75px;\r\n    }\r\n}\r\n\r\n\/* Laptop *\/\r\n@media (max-width: 1024px) {\r\n    .appeal-spacer--69f3fc847cafd {\r\n        height: 50px;\r\n    }\r\n}\r\n\r\n\/* Mobile *\/\r\n@media (max-width: 767px) {\r\n    .appeal-spacer--69f3fc847cafd {\r\n        height: 50px;\r\n    }\r\n}\r\n<\/style>\r\n<\/div>\r\n\n\n\r\n\r\n<div class=\"\"\r\n    style=\"background-color: #fff; position: relative\">\r\n    \r\n    \r\n    <section class=\"container-block container--medium\">\r\n        <div class=\"container-block__elements\">\r\n            \n\n<p class=\"has-text-align-center has-t-h-7-font-size\"><strong>Au carrefour de l&#8217;innovation et de l&#8217;efficacit\u00e9, nous utilisons la technologie de l&#8217;automatisation pour red\u00e9finir l&#8217;avenir des solutions commerciales. Notre gamme de technologies, de l&#8217;intelligence artificielle \u00e0 l&#8217;automatisation des processus robotiques, est strat\u00e9giquement int\u00e9gr\u00e9e \u00e0 nos solutions. Cette int\u00e9gration am\u00e9liore la productivit\u00e9, rationalise les op\u00e9rations et ouvre un monde de nouvelles possibilit\u00e9s.<\/strong><\/p>\n\n\r\n        <\/div>\r\n    <\/section>\r\n<\/div>\n\n\n<section class=\"column-tiles column-tiles--white\">\n  <div class=\"container--1562 column-tiles__container\">\n          <div class=\"column-tiles__tiles\">\n                  <div class=\"column-tile column-tile--white\">\n                          \n    \n            <div class=\"column-tile__icon\" data-lazy >\n                            <img decoding=\"async\" loading=\"lazy\" data-lazy-placeholder src=\"https:\/\/roboyo.global\/app\/uploads\/2023\/11\/Life-at-Roboyo-Icons-3-2-150x150.png\" alt=\"Lightning bolt logo\">\n                                        <img loading=\"lazy\" data-lazy-full=\"https:\/\/roboyo.global\/app\/uploads\/2023\/11\/Life-at-Roboyo-Icons-3-2-964x1024.png\" alt=\"Lightning bolt logo\">\n                    <\/div>\n                            <div class=\"column-tile__content\">\n                                            <h4 class=\"column-tile__title\">Hyperautomation<\/h4>\n                                            <p class=\"column-tile__description\">Exploitez la puissance de l&#8217;hyperautomatisation en r\u00e9unissant des technologies de pointe, offrant ainsi des avantages commerciaux in\u00e9gal\u00e9s.   <\/p>\n                                            \n<a\n    class=\"link--40 link--internal column-tile__link link link--primary link--internal\"\n    href=\"https:\/\/roboyo.global\/fr\/technologies\/hyperautomatisation\/\"     aria-label=\"EN SAVOIR PLUS\"    data-loaded\n>\n  <div>\n          <i><\/i>\n        <span>EN SAVOIR PLUS   <\/span>\n      <\/div>\n<\/a>                          <\/div>\n          <\/div>\n                  <div class=\"column-tile column-tile--white\">\n                          \n    \n            <div class=\"column-tile__icon\" data-lazy >\n                            <img decoding=\"async\" loading=\"lazy\" data-lazy-placeholder src=\"https:\/\/roboyo.global\/app\/uploads\/2023\/11\/Life-at-Roboyo-Icons-8-150x150.png\" alt=\"Roboyo icon\">\n                                        <img loading=\"lazy\" data-lazy-full=\"https:\/\/roboyo.global\/app\/uploads\/2023\/11\/Life-at-Roboyo-Icons-8-964x1024.png\" alt=\"Roboyo icon\">\n                    <\/div>\n                            <div class=\"column-tile__content\">\n                                            <h4 class=\"column-tile__title\">AUTOMATISATION DES PROCESSUS ROBOTIQUES (RPA)   <\/h4>\n                                            <p class=\"column-tile__description\">Exploitez la RPA pour automatiser les co\u00fbts, le temps et la monotonie tout en automatisant la vitesse, la pr\u00e9cision et la productivit\u00e9.    <\/p>\n                                            \n<a\n    class=\"link--40 link--internal column-tile__link link link--primary link--internal\"\n    href=\"https:\/\/roboyo.global\/fr\/technologies\/automatisation-des-processus-robotiques\/\"     aria-label=\"EN SAVOIR PLUS\"    data-loaded\n>\n  <div>\n          <i><\/i>\n        <span>EN SAVOIR PLUS   <\/span>\n      <\/div>\n<\/a>                          <\/div>\n          <\/div>\n                  <div class=\"column-tile column-tile--white\">\n                          \n    \n            <div class=\"column-tile__icon\" data-lazy >\n                            <img decoding=\"async\" loading=\"lazy\" data-lazy-placeholder src=\"https:\/\/roboyo.global\/app\/uploads\/2023\/11\/Life-at-Roboyo-Icons-9-150x150.png\" alt=\"Roboyo icon\">\n                                        <img loading=\"lazy\" data-lazy-full=\"https:\/\/roboyo.global\/app\/uploads\/2023\/11\/Life-at-Roboyo-Icons-9-964x1024.png\" alt=\"Roboyo icon\">\n                    <\/div>\n                            <div class=\"column-tile__content\">\n                                            <h4 class=\"column-tile__title\">TRAITEMENT INTELLIGENT DES DOCUMENTS (IDP)   <\/h4>\n                                            <p class=\"column-tile__description\">Extrayez des donn\u00e9es, des informations et de la valeur commerciale de vos documents d&#8217;entreprise.  <\/p>\n                                            \n<a\n    class=\"link--40 link--internal column-tile__link link link--primary link--internal\"\n    href=\"https:\/\/roboyo.global\/fr\/technologies\/traitement-intelligent-des-documents\/\"     aria-label=\"EN SAVOIR PLUS\"    data-loaded\n>\n  <div>\n          <i><\/i>\n        <span>EN SAVOIR PLUS  <\/span>\n      <\/div>\n<\/a>                          <\/div>\n          <\/div>\n                  <div class=\"column-tile column-tile--white\">\n                          \n    \n            <div class=\"column-tile__icon\" data-lazy >\n                            <img decoding=\"async\" loading=\"lazy\" data-lazy-placeholder src=\"https:\/\/roboyo.global\/app\/uploads\/2023\/11\/Life-at-Roboyo-Icons-10-150x150.png\" alt=\"Roboyo icon\">\n                                        <img loading=\"lazy\" data-lazy-full=\"https:\/\/roboyo.global\/app\/uploads\/2023\/11\/Life-at-Roboyo-Icons-10-964x1024.png\" alt=\"Roboyo icon\">\n                    <\/div>\n                            <div class=\"column-tile__content\">\n                                            <h4 class=\"column-tile__title\">GESTION DES PROCESSUS D&#8217;ENTREPRISE (BPM)   <\/h4>\n                                            <p class=\"column-tile__description\">Am\u00e9liorez les performances de votre entreprise en centralisant, stabilisant et optimisant les processus m\u00e9tier gr\u00e2ce \u00e0 la gestion des processus m\u00e9tier (BPM).    <\/p>\n                                            \n<a\n    class=\"link--40 link--internal column-tile__link link link--primary link--internal\"\n    href=\"https:\/\/roboyo.global\/fr\/technologies\/gestion-des-processus-daffaires\/\"     aria-label=\"EN SAVOIR PLUS\"    data-loaded\n>\n  <div>\n          <i><\/i>\n        <span>EN SAVOIR PLUS  <\/span>\n      <\/div>\n<\/a>                          <\/div>\n          <\/div>\n                  <div class=\"column-tile column-tile--white\">\n                          \n    \n            <div class=\"column-tile__icon\" data-lazy >\n                            <img decoding=\"async\" loading=\"lazy\" data-lazy-placeholder src=\"https:\/\/roboyo.global\/app\/uploads\/2023\/11\/Life-at-Roboyo-Icons-11-150x150.png\" alt=\"Roboyo icon\">\n                                        <img loading=\"lazy\" data-lazy-full=\"https:\/\/roboyo.global\/app\/uploads\/2023\/11\/Life-at-Roboyo-Icons-11-964x1024.png\" alt=\"Roboyo icon\">\n                    <\/div>\n                            <div class=\"column-tile__content\">\n                                            <h4 class=\"column-tile__title\">IA CONVERSATIONNELLE   <\/h4>\n                                            <p class=\"column-tile__description\">Am\u00e9liorez la satisfaction et la fid\u00e9lit\u00e9 de vos clients gr\u00e2ce \u00e0 des interactions bas\u00e9es sur l&#8217;IA.    <\/p>\n                                            \n<a\n    class=\"link--40 link--internal column-tile__link link link--primary link--internal\"\n    href=\"https:\/\/roboyo.global\/fr\/technologies\/ia-conversationnelle\/\"     aria-label=\"EN SAVOIR PLUS\"    data-loaded\n>\n  <div>\n          <i><\/i>\n        <span>EN SAVOIR PLUS   <\/span>\n      <\/div>\n<\/a>                          <\/div>\n          <\/div>\n                  <div class=\"column-tile column-tile--white\">\n                          \n    \n            <div class=\"column-tile__icon\" data-lazy >\n                            <img decoding=\"async\" loading=\"lazy\" data-lazy-placeholder src=\"https:\/\/roboyo.global\/app\/uploads\/2023\/11\/Life-at-Roboyo-Icons-12.png\" alt=\"Roboyo icon\">\n                                        <img loading=\"lazy\" data-lazy-full=\"https:\/\/roboyo.global\/app\/uploads\/2023\/11\/Life-at-Roboyo-Icons-12.png\" alt=\"Roboyo icon\">\n                    <\/div>\n                            <div class=\"column-tile__content\">\n                                            <h4 class=\"column-tile__title\">PROCESS MINING   <\/h4>\n                                            <p class=\"column-tile__description\">Cartographier intelligemment les flux de travail pour d\u00e9couvrir de pr\u00e9cieuses opportunit\u00e9s d&#8217;automatisation.    <\/p>\n                                            \n<a\n    class=\"link--40 link--internal column-tile__link link link--primary link--internal\"\n    href=\"https:\/\/roboyo.global\/fr\/technologies\/process-mining-et-task-mining\/\"     aria-label=\"EN SAVOIR PLUS\"    data-loaded\n>\n  <div>\n          <i><\/i>\n        <span>EN SAVOIR PLUS   <\/span>\n      <\/div>\n<\/a>                          <\/div>\n          <\/div>\n                  <div class=\"column-tile column-tile--white\">\n                          \n    \n            <div class=\"column-tile__icon\" data-lazy >\n                            <img decoding=\"async\" loading=\"lazy\" data-lazy-placeholder src=\"https:\/\/roboyo.global\/app\/uploads\/2023\/11\/Life-at-Roboyo-Icons-12-1-150x150.png\" alt=\"Roboyo icon\">\n                                        <img loading=\"lazy\" data-lazy-full=\"https:\/\/roboyo.global\/app\/uploads\/2023\/11\/Life-at-Roboyo-Icons-12-1-964x1024.png\" alt=\"Roboyo icon\">\n                    <\/div>\n                            <div class=\"column-tile__content\">\n                                            <h4 class=\"column-tile__title\">EXPLORATION DES T\u00c2CHES (TASK MINING)   <\/h4>\n                                            <p class=\"column-tile__description\">Capturez et analysez les interactions des utilisateurs pour identifier les opportunit\u00e9s d&#8217;am\u00e9lioration.   <\/p>\n                                            \n<a\n    class=\"link--40 link--internal column-tile__link link link--primary link--internal\"\n    href=\"https:\/\/roboyo.global\/fr\/technologies\/process-mining-et-task-mining\/\"     aria-label=\"EN SAVOIR PLUS\"    data-loaded\n>\n  <div>\n          <i><\/i>\n        <span>EN SAVOIR PLUS   <\/span>\n      <\/div>\n<\/a>                          <\/div>\n          <\/div>\n                  <div class=\"column-tile column-tile--white\">\n                          \n    \n            <div class=\"column-tile__icon\" data-lazy >\n                            <img decoding=\"async\" loading=\"lazy\" data-lazy-placeholder src=\"https:\/\/roboyo.global\/app\/uploads\/2023\/11\/Life-at-Roboyo-Icons-1-3-150x150.png\" alt=\"Roboyo icon\">\n                                        <img loading=\"lazy\" data-lazy-full=\"https:\/\/roboyo.global\/app\/uploads\/2023\/11\/Life-at-Roboyo-Icons-1-3-964x1024.png\" alt=\"Roboyo icon\">\n                    <\/div>\n                            <div class=\"column-tile__content\">\n                                            <h4 class=\"column-tile__title\">Low-Code<\/h4>\n                                            <p class=\"column-tile__description\">Acc\u00e9l\u00e9rer le d\u00e9veloppement d&#8217;applications, r\u00e9duire les co\u00fbts et am\u00e9liorer l&#8217;agilit\u00e9.   <\/p>\n                                            \n<a\n    class=\"link--40 link--internal column-tile__link link link--primary link--internal\"\n    href=\"https:\/\/roboyo.global\/fr\/technologies\/low-code\/\"     aria-label=\"EN SAVOIR PLUS\"    data-loaded\n>\n  <div>\n          <i><\/i>\n        <span>EN SAVOIR PLUS   <\/span>\n      <\/div>\n<\/a>                          <\/div>\n          <\/div>\n                  <div class=\"column-tile column-tile--white\">\n                          \n    \n            <div class=\"column-tile__icon\" data-lazy >\n                            <img decoding=\"async\" loading=\"lazy\" data-lazy-placeholder src=\"https:\/\/roboyo.global\/app\/uploads\/2023\/11\/Life-at-Roboyo-Icons-17-150x150.png\" alt=\"Roboyo icon\">\n                                        <img loading=\"lazy\" data-lazy-full=\"https:\/\/roboyo.global\/app\/uploads\/2023\/11\/Life-at-Roboyo-Icons-17-964x1024.png\" alt=\"Roboyo icon\">\n                    <\/div>\n                            <div class=\"column-tile__content\">\n                                            <h4 class=\"column-tile__title\">AUTOMATISATION DES TESTS   <\/h4>\n                                            <p class=\"column-tile__description\">Optimisez et affinez votre assurance qualit\u00e9 tout en r\u00e9duisant et en att\u00e9nuant les risques.    <\/p>\n                                            \n<a\n    class=\"link--40 link--internal column-tile__link link link--primary link--internal\"\n    href=\"https:\/\/roboyo.global\/fr\/technologies\/automatisation-des-tests\/\"     aria-label=\"EN SAVOIR PLUS\"    data-loaded\n>\n  <div>\n          <i><\/i>\n        <span>EN SAVOIR PLUS    <\/span>\n      <\/div>\n<\/a>                          <\/div>\n          <\/div>\n                  <div class=\"column-tile column-tile--white\">\n                          \n    \n            <div class=\"column-tile__icon\" data-lazy >\n                            <img decoding=\"async\" loading=\"lazy\" data-lazy-placeholder src=\"https:\/\/roboyo.global\/app\/uploads\/2023\/11\/Life-at-Roboyo-Icons-2-2-150x150.png\" alt=\"Timer logo\">\n                                        <img loading=\"lazy\" data-lazy-full=\"https:\/\/roboyo.global\/app\/uploads\/2023\/11\/Life-at-Roboyo-Icons-2-2-964x1024.png\" alt=\"Timer logo\">\n                    <\/div>\n                            <div class=\"column-tile__content\">\n                                            <h4 class=\"column-tile__title\">D\u00c9VELOPPEMENT RAPIDE D&#8217;APPLICATIONS   <\/h4>\n                                            <p class=\"column-tile__description\">Exploitez le d\u00e9veloppement d&#8217;applications \u00e0 code bas pour fournir de nouveaux services plus rapidement que jamais.    <\/p>\n                                            \n<a\n    class=\"link--40 link--internal column-tile__link link link--primary link--internal\"\n    href=\"https:\/\/roboyo.global\/fr\/technologies\/developpement-rapide-dapplications\/\"     aria-label=\"EN SAVOIR PLUS\"    data-loaded\n>\n  <div>\n          <i><\/i>\n        <span>EN SAVOIR PLUS  <\/span>\n      <\/div>\n<\/a>                          <\/div>\n          <\/div>\n              <\/div>\n      <\/div>\n<\/section>\n\n\r\n\r\n<section  data-horizontal-hide data-loaded class=\"cta cta--none cta--  async-load\" data-block=\"appeal\/cta\">\r\n    \r\n    <div class=\"cta__container container--edge-to-edge\">\r\n                    <h2 class=\"cta__title\">PASSEZ AU NIVEAU SUIVANT. MAINTENANT.   <\/h2>\r\n                        <div class=\"cta__button\">\r\n                            \n<a\n    class=\"cta__link modal-button link--dark link--dark-blue  link link--primary link--internal\"\n    href=\"#cta_footer\"     aria-label=\"Contact Us: CONTACTEZ-NOUS\"    data-loaded\n>\n  <div>\n          <i><\/i>\n        <span>CONTACTEZ-NOUS <\/span>\n      <\/div>\n<\/a>                    <\/div>\r\n    <\/div>\r\n    <div class=\"cta__modal\">\r\n        \r\n    <\/div>\r\n<\/section>","protected":false},"excerpt":{"rendered":"","protected":false},"author":1,"featured_media":70322,"parent":0,"menu_order":0,"comment_status":"closed","ping_status":"closed","template":"","meta":{"_acf_changed":false,"footnotes":""},"wf_page_folders":[],"class_list":["post-13307","page","type-page","status-publish","has-post-thumbnail","hentry"],"acf":[],"yoast_head":"<!-- This site is optimized with the Yoast SEO Premium plugin v26.0 (Yoast SEO v26.8) - https:\/\/yoast.com\/product\/yoast-seo-premium-wordpress\/ -->\n<title>D\u00e9couvrez Notre Pile Technologique - Roboyo<\/title>\n<meta name=\"description\" content=\"En savoir plus sur les technologies de pointe offertes par Roboyo, du traitement intelligent des documents (IDP) \u00e0 la RPA !\" \/>\n<meta name=\"robots\" content=\"index, follow, max-snippet:-1, max-image-preview:large, max-video-preview:-1\" \/>\n<link rel=\"canonical\" href=\"https:\/\/roboyo.global\/fr\/technologies\/\" \/>\n<meta property=\"og:locale\" content=\"fr_FR\" \/>\n<meta property=\"og:type\" content=\"article\" \/>\n<meta property=\"og:title\" content=\"Technologies\" \/>\n<meta property=\"og:description\" content=\"En savoir plus sur les technologies de pointe offertes par Roboyo, du traitement intelligent des documents (IDP) \u00e0 la RPA !\" \/>\n<meta property=\"og:url\" content=\"https:\/\/roboyo.global\/fr\/technologies\/\" \/>\n<meta property=\"og:site_name\" content=\"Roboyo\" \/>\n<meta property=\"article:modified_time\" content=\"2024-03-13T14:36:08+00:00\" \/>\n<meta property=\"og:image\" content=\"https:\/\/roboyo.global\/app\/uploads\/2023\/11\/Copy-of-Blog-Post-HeroFeatured-Image-3.png\" \/>\n\t<meta property=\"og:image:width\" content=\"1500\" \/>\n\t<meta property=\"og:image:height\" content=\"750\" \/>\n\t<meta property=\"og:image:type\" content=\"image\/png\" \/>\n<meta name=\"twitter:card\" content=\"summary_large_image\" \/>\n<meta name=\"twitter:label1\" content=\"Est. reading time\" \/>\n\t<meta name=\"twitter:data1\" content=\"1 minute\" \/>\n<script type=\"application\/ld+json\" class=\"yoast-schema-graph\">{\"@context\":\"https:\/\/schema.org\",\"@graph\":[{\"@type\":\"WebPage\",\"@id\":\"https:\/\/roboyo.global\/fr\/technologies\/\",\"url\":\"https:\/\/roboyo.global\/fr\/technologies\/\",\"name\":\"D\u00e9couvrez Notre Pile Technologique - Roboyo\",\"isPartOf\":{\"@id\":\"https:\/\/roboyo.global\/fr\/#website\"},\"primaryImageOfPage\":{\"@id\":\"https:\/\/roboyo.global\/fr\/technologies\/#primaryimage\"},\"image\":{\"@id\":\"https:\/\/roboyo.global\/fr\/technologies\/#primaryimage\"},\"thumbnailUrl\":\"https:\/\/roboyo.global\/app\/uploads\/2023\/11\/Copy-of-Blog-Post-HeroFeatured-Image-3.png\",\"datePublished\":\"2021-05-28T05:10:43+00:00\",\"dateModified\":\"2024-03-13T14:36:08+00:00\",\"description\":\"En savoir plus sur les technologies de pointe offertes par Roboyo, du traitement intelligent des documents (IDP) \u00e0 la RPA !\",\"breadcrumb\":{\"@id\":\"https:\/\/roboyo.global\/fr\/technologies\/#breadcrumb\"},\"inLanguage\":\"fr-FR\",\"potentialAction\":[{\"@type\":\"ReadAction\",\"target\":[\"https:\/\/roboyo.global\/fr\/technologies\/\"]}]},{\"@type\":\"ImageObject\",\"inLanguage\":\"fr-FR\",\"@id\":\"https:\/\/roboyo.global\/fr\/technologies\/#primaryimage\",\"url\":\"https:\/\/roboyo.global\/app\/uploads\/2023\/11\/Copy-of-Blog-Post-HeroFeatured-Image-3.png\",\"contentUrl\":\"https:\/\/roboyo.global\/app\/uploads\/2023\/11\/Copy-of-Blog-Post-HeroFeatured-Image-3.png\",\"width\":1500,\"height\":750,\"caption\":\"Image of lots of blue fairy lights\"},{\"@type\":\"BreadcrumbList\",\"@id\":\"https:\/\/roboyo.global\/fr\/technologies\/#breadcrumb\",\"itemListElement\":[{\"@type\":\"ListItem\",\"position\":1,\"name\":\"Home\",\"item\":\"https:\/\/roboyo.global\/fr\/\"},{\"@type\":\"ListItem\",\"position\":2,\"name\":\"Technologies\"}]},{\"@type\":\"WebSite\",\"@id\":\"https:\/\/roboyo.global\/fr\/#website\",\"url\":\"https:\/\/roboyo.global\/fr\/\",\"name\":\"Roboyo - Your Agentic Automation & AI Partner of Choice\",\"description\":\"We take what\u2019s possible to the next level. Now.\",\"potentialAction\":[{\"@type\":\"SearchAction\",\"target\":{\"@type\":\"EntryPoint\",\"urlTemplate\":\"https:\/\/roboyo.global\/fr\/?s={search_term_string}\"},\"query-input\":{\"@type\":\"PropertyValueSpecification\",\"valueRequired\":true,\"valueName\":\"search_term_string\"}}],\"inLanguage\":\"fr-FR\"}]}<\/script>\n<!-- \/ Yoast SEO Premium plugin. -->","yoast_head_json":{"title":"D\u00e9couvrez Notre Pile Technologique - Roboyo","description":"En savoir plus sur les technologies de pointe offertes par Roboyo, du traitement intelligent des documents (IDP) \u00e0 la RPA !","robots":{"index":"index","follow":"follow","max-snippet":"max-snippet:-1","max-image-preview":"max-image-preview:large","max-video-preview":"max-video-preview:-1"},"canonical":"https:\/\/roboyo.global\/fr\/technologies\/","og_locale":"fr_FR","og_type":"article","og_title":"Technologies","og_description":"En savoir plus sur les technologies de pointe offertes par Roboyo, du traitement intelligent des documents (IDP) \u00e0 la RPA !","og_url":"https:\/\/roboyo.global\/fr\/technologies\/","og_site_name":"Roboyo","article_modified_time":"2024-03-13T14:36:08+00:00","og_image":[{"width":1500,"height":750,"url":"https:\/\/roboyo.global\/app\/uploads\/2023\/11\/Copy-of-Blog-Post-HeroFeatured-Image-3.png","type":"image\/png"}],"twitter_card":"summary_large_image","twitter_misc":{"Est. reading time":"1 minute"},"schema":{"@context":"https:\/\/schema.org","@graph":[{"@type":"WebPage","@id":"https:\/\/roboyo.global\/fr\/technologies\/","url":"https:\/\/roboyo.global\/fr\/technologies\/","name":"D\u00e9couvrez Notre Pile Technologique - Roboyo","isPartOf":{"@id":"https:\/\/roboyo.global\/fr\/#website"},"primaryImageOfPage":{"@id":"https:\/\/roboyo.global\/fr\/technologies\/#primaryimage"},"image":{"@id":"https:\/\/roboyo.global\/fr\/technologies\/#primaryimage"},"thumbnailUrl":"https:\/\/roboyo.global\/app\/uploads\/2023\/11\/Copy-of-Blog-Post-HeroFeatured-Image-3.png","datePublished":"2021-05-28T05:10:43+00:00","dateModified":"2024-03-13T14:36:08+00:00","description":"En savoir plus sur les technologies de pointe offertes par Roboyo, du traitement intelligent des documents (IDP) \u00e0 la RPA !","breadcrumb":{"@id":"https:\/\/roboyo.global\/fr\/technologies\/#breadcrumb"},"inLanguage":"fr-FR","potentialAction":[{"@type":"ReadAction","target":["https:\/\/roboyo.global\/fr\/technologies\/"]}]},{"@type":"ImageObject","inLanguage":"fr-FR","@id":"https:\/\/roboyo.global\/fr\/technologies\/#primaryimage","url":"https:\/\/roboyo.global\/app\/uploads\/2023\/11\/Copy-of-Blog-Post-HeroFeatured-Image-3.png","contentUrl":"https:\/\/roboyo.global\/app\/uploads\/2023\/11\/Copy-of-Blog-Post-HeroFeatured-Image-3.png","width":1500,"height":750,"caption":"Image of lots of blue fairy lights"},{"@type":"BreadcrumbList","@id":"https:\/\/roboyo.global\/fr\/technologies\/#breadcrumb","itemListElement":[{"@type":"ListItem","position":1,"name":"Home","item":"https:\/\/roboyo.global\/fr\/"},{"@type":"ListItem","position":2,"name":"Technologies"}]},{"@type":"WebSite","@id":"https:\/\/roboyo.global\/fr\/#website","url":"https:\/\/roboyo.global\/fr\/","name":"Roboyo - Your Agentic Automation & AI Partner of Choice","description":"We take what\u2019s possible to the next level. Now.","potentialAction":[{"@type":"SearchAction","target":{"@type":"EntryPoint","urlTemplate":"https:\/\/roboyo.global\/fr\/?s={search_term_string}"},"query-input":{"@type":"PropertyValueSpecification","valueRequired":true,"valueName":"search_term_string"}}],"inLanguage":"fr-FR"}]}},"_links":{"self":[{"href":"https:\/\/roboyo.global\/fr\/wp-json\/wp\/v2\/pages\/13307","targetHints":{"allow":["GET"]}}],"collection":[{"href":"https:\/\/roboyo.global\/fr\/wp-json\/wp\/v2\/pages"}],"about":[{"href":"https:\/\/roboyo.global\/fr\/wp-json\/wp\/v2\/types\/page"}],"author":[{"embeddable":true,"href":"https:\/\/roboyo.global\/fr\/wp-json\/wp\/v2\/users\/1"}],"replies":[{"embeddable":true,"href":"https:\/\/roboyo.global\/fr\/wp-json\/wp\/v2\/comments?post=13307"}],"version-history":[{"count":5,"href":"https:\/\/roboyo.global\/fr\/wp-json\/wp\/v2\/pages\/13307\/revisions"}],"predecessor-version":[{"id":79406,"href":"https:\/\/roboyo.global\/fr\/wp-json\/wp\/v2\/pages\/13307\/revisions\/79406"}],"wp:featuredmedia":[{"embeddable":true,"href":"https:\/\/roboyo.global\/fr\/wp-json\/wp\/v2\/media\/70322"}],"wp:attachment":[{"href":"https:\/\/roboyo.global\/fr\/wp-json\/wp\/v2\/media?parent=13307"}],"wp:term":[{"taxonomy":"wf_page_folders","embeddable":true,"href":"https:\/\/roboyo.global\/fr\/wp-json\/wp\/v2\/wf_page_folders?post=13307"}],"curies":[{"name":"wp","href":"https:\/\/api.w.org\/{rel}","templated":true}]}}