{"id":13301,"date":"2021-05-28T05:27:37","date_gmt":"2021-05-28T04:27:37","guid":{"rendered":"https:\/\/roboyo.global\/?page_id=13301"},"modified":"2024-03-13T14:39:47","modified_gmt":"2024-03-13T14:39:47","slug":"services","status":"publish","type":"page","link":"https:\/\/roboyo.global\/fr\/services\/","title":{"rendered":"Services"},"content":{"rendered":"\n\n<section data-nav-transparent data-loaded data-nav-transparent\n    class=\"hero-header-3 hero-header-3--no-cat \">\n    <div class=\"hero-header-3__wrapper\">\n        <div class=\"hero-header-3__video hero-header-3__video--overlay\">\n                                    \n    \n            <div class=\"hero-header-3__image\" data-lazy=\"1\">\n            <img decoding=\"async\" src=\"https:\/\/roboyo.global\/app\/uploads\/2023\/11\/new.jpg\" alt=\"Wide lens view of skyscraper offices over a river with lights reflecting in the water\" loading=\"eager\" fetchpriority=\"high\">\n        <\/div>\n                                                            <\/div>\n        <div class=\"hero-header-3__container\">\n            <div class=\"hero-header-3__content\">\n                                <p class=\"hero-header-3__title\">Services<\/p>\n                \n                                                <h1 class=\"hero-header-3__subtitle\">\n                    <span>L&#8217;EXCELLENCE EN MATI\u00c8RE D&#8217;AUTOMATISATION<\/span>\n                <\/h1>\n                \n                            <\/div>\n                    <\/div>\n                <div class=\"hero-header-3__gradient hero-header-3__gradient--overall\"\n            style=\"background: linear-gradient(, rgb() 0%, rgb() 100%)\">\n        <\/div>\n            <\/div>\n<\/section>\n\n\n\n<div aria-hidden=\"true\" class=\"appeal-spacer appeal-spacer--69ef8c61cdcc8  appeal-spacer--transparent\">\r\n<style>\r\n\/* Ultrawide *\/\r\n.appeal-spacer--69ef8c61cdcc8 {\r\n    height: 75px;\r\n}\r\n\r\n\/* Desktop *\/\r\n@media (max-width: 1920px) {\r\n    .appeal-spacer--69ef8c61cdcc8 {\r\n        height: 75px;\r\n    }\r\n}\r\n\r\n\/* Laptop *\/\r\n@media (max-width: 1024px) {\r\n    .appeal-spacer--69ef8c61cdcc8 {\r\n        height: 50px;\r\n    }\r\n}\r\n\r\n\/* Mobile *\/\r\n@media (max-width: 767px) {\r\n    .appeal-spacer--69ef8c61cdcc8 {\r\n        height: 50px;\r\n    }\r\n}\r\n<\/style>\r\n<\/div>\r\n\n\n\r\n\r\n<div class=\"\"\r\n    style=\"background-color: #fff; position: relative\">\r\n    \r\n    \r\n    <section class=\"container-block container--medium\">\r\n        <div class=\"container-block__elements\">\r\n            \n\n<p class=\"has-t-h-7-font-size\"><strong>Nous nous engageons \u00e0 r\u00e9volutionner le mode de fonctionnement des entreprises. Nos services de pointe sont m\u00e9ticuleusement con\u00e7us pour lib\u00e9rer tout le potentiel de l&#8217;automatisation, en am\u00e9liorant l&#8217;efficacit\u00e9, la productivit\u00e9, l&#8217;innovation et, en fin de compte, la comp\u00e9titivit\u00e9 au fil du temps.<\/strong><\/p>\n\n\n\n<p>Soutenus par une \u00e9quipe d&#8217;experts en automatisation et en conseil de bout en bout, et b\u00e9n\u00e9ficiant d&#8217;un acc\u00e8s total aux derni\u00e8res technologies, nous offrons une gamme compl\u00e8te de services pour stimuler votre parcours de transformation. Que vous soyez en train de peaufiner des programmes existants ou que vous cherchiez \u00e0 les d\u00e9velopper, notre expertise est pr\u00eate \u00e0 faire passer votre organisation au niveau sup\u00e9rieur.&nbsp;&nbsp;&nbsp;&nbsp;<\/p>\n\n\n\n<p>Explorez notre gamme de services et d\u00e9couvrez comment Roboyo peut acc\u00e9l\u00e9rer les performances de votre entreprise.\u00a0<\/p>\n\n\r\n        <\/div>\r\n    <\/section>\r\n<\/div>\n\n\n<section class=\"column-tiles column-tiles--white\">\n  <div class=\"container--1562 column-tiles__container\">\n          <div class=\"column-tiles__tiles\">\n                  <div class=\"column-tile column-tile--white\">\n                          \n    \n            <div class=\"column-tile__icon\" data-lazy >\n                            <img decoding=\"async\" loading=\"lazy\" data-lazy-placeholder src=\"https:\/\/roboyo.global\/app\/uploads\/2023\/11\/Life-at-Roboyo-Icons-1-150x150.png\" alt=\"Roboyo icon\">\n                                        <img loading=\"lazy\" data-lazy-full=\"https:\/\/roboyo.global\/app\/uploads\/2023\/11\/Life-at-Roboyo-Icons-1-964x1024.png\" alt=\"Roboyo icon\">\n                    <\/div>\n                            <div class=\"column-tile__content\">\n                                            <h4 class=\"column-tile__title\">CONSEIL EN AUTOMATISATION<\/h4>\n                                            <p class=\"column-tile__description\">Nos services de conseil fusionnent les personnes, la technologie et la performance pour cr\u00e9er une force de travail harmonieuse et humaine. Qu&#8217;il s&#8217;agisse de d\u00e9couvrir les possibilit\u00e9s d&#8217;automatisation, d&#8217;\u00e9tablir une infrastructure et une gouvernance \u00e9volutives ou d&#8217;instaurer une culture de l&#8217;automatisation, nous vous aidons \u00e0 exploiter la puissance de l&#8217;automatisation.    <\/p>\n                                            \n<a\n    class=\"link--40 link--internal column-tile__link link link--primary link--internal\"\n    href=\"https:\/\/roboyo.global\/fr\/services\/conseil-en-automatisation-intelligente\/\"     aria-label=\"EN SAVOIR PLUS\"    data-loaded\n>\n  <div>\n          <i><\/i>\n        <span>EN SAVOIR PLUS<\/span>\n      <\/div>\n<\/a>                          <\/div>\n          <\/div>\n                  <div class=\"column-tile column-tile--white\">\n                          \n    \n            <div class=\"column-tile__icon\" data-lazy >\n                            <img decoding=\"async\" loading=\"lazy\" data-lazy-placeholder src=\"https:\/\/roboyo.global\/app\/uploads\/2023\/11\/Life-at-Roboyo-Icons-1-1-150x150.png\" alt=\"Roboyo icon\">\n                                        <img loading=\"lazy\" data-lazy-full=\"https:\/\/roboyo.global\/app\/uploads\/2023\/11\/Life-at-Roboyo-Icons-1-1-964x1024.png\" alt=\"Roboyo icon\">\n                    <\/div>\n                            <div class=\"column-tile__content\">\n                                            <h4 class=\"column-tile__title\">D\u00c9COUVERTE DE L&#8217;AUTOMATISATION   <\/h4>\n                                            <p class=\"column-tile__description\">En menant des \u00e9valuations m\u00e9ticuleuses des processus existants, en identifiant les opportunit\u00e9s et en offrant une expertise dans les derni\u00e8res technologies, Roboyo est votre partenaire de confiance pour maximiser l&#8217;efficacit\u00e9 et la croissance de votre organisation gr\u00e2ce \u00e0 l&#8217;automatisation.    <\/p>\n                                            \n<a\n    class=\"link--40 link--internal column-tile__link link link--primary link--internal\"\n    href=\"https:\/\/roboyo.global\/fr\/services\/la-decouverte-de-lautomatisation\/\"     aria-label=\"EN SAVOIR PLUS\"    data-loaded\n>\n  <div>\n          <i><\/i>\n        <span>EN SAVOIR PLUS   <\/span>\n      <\/div>\n<\/a>                          <\/div>\n          <\/div>\n                  <div class=\"column-tile column-tile--white\">\n                          \n    \n            <div class=\"column-tile__icon\" data-lazy >\n                            <img decoding=\"async\" loading=\"lazy\" data-lazy-placeholder src=\"https:\/\/roboyo.global\/app\/uploads\/2023\/11\/Life-at-Roboyo-Icons-2-150x150.png\" alt=\"\">\n                                        <img loading=\"lazy\" data-lazy-full=\"https:\/\/roboyo.global\/app\/uploads\/2023\/11\/Life-at-Roboyo-Icons-2-964x1024.png\" alt=\"\">\n                    <\/div>\n                            <div class=\"column-tile__content\">\n                                            <h4 class=\"column-tile__title\">CONSEIL LEAN SIX SIGMA   <\/h4>\n                                            <p class=\"column-tile__description\">Nos consultants experts se consacrent \u00e0 la rationalisation de vos processus, \u00e0 la r\u00e9duction des d\u00e9chets et \u00e0 l&#8217;optimisation de la productivit\u00e9 gr\u00e2ce aux principes \u00e9prouv\u00e9s de Lean Six Sigma. Notre \u00e9quipe vous guidera dans la mise en \u0153uvre des m\u00e9thodologies Lean Six Sigma et vous permettra de r\u00e9aliser des \u00e9conomies in\u00e9gal\u00e9es, d&#8217;am\u00e9liorer la qualit\u00e9 et de vous d\u00e9velopper.    <\/p>\n                                            \n<a\n    class=\"link--40 link--internal column-tile__link link link--primary link--internal\"\n    href=\"https:\/\/roboyo.global\/fr\/services\/le-conseil-lean\/\"     aria-label=\"EN SAVOIR PLUS\"    data-loaded\n>\n  <div>\n          <i><\/i>\n        <span>EN SAVOIR PLUS  <\/span>\n      <\/div>\n<\/a>                          <\/div>\n          <\/div>\n                  <div class=\"column-tile column-tile--white\">\n                          \n    \n            <div class=\"column-tile__icon\" data-lazy >\n                            <img decoding=\"async\" loading=\"lazy\" data-lazy-placeholder src=\"https:\/\/roboyo.global\/app\/uploads\/2023\/11\/Life-at-Roboyo-Icons-5-150x150.png\" alt=\"Roboyo icon\">\n                                        <img loading=\"lazy\" data-lazy-full=\"https:\/\/roboyo.global\/app\/uploads\/2023\/11\/Life-at-Roboyo-Icons-5-964x1024.png\" alt=\"Roboyo icon\">\n                    <\/div>\n                            <div class=\"column-tile__content\">\n                                            <h4 class=\"column-tile__title\">MISE EN \u0152UVRE   <\/h4>\n                                            <p class=\"column-tile__description\">Notre \u00e9quipe mondiale est compos\u00e9e de sp\u00e9cialistes de haut niveau qui poss\u00e8dent une grande exp\u00e9rience dans la conception et le d\u00e9ploiement de programmes d&#8217;automatisation tr\u00e8s performants. Nous faisons constamment preuve d&#8217;ing\u00e9niosit\u00e9 pour adapter les solutions aux besoins uniques de chaque organisation, garantissant ainsi une approche personnalis\u00e9e et efficace.   <\/p>\n                                            \n<a\n    class=\"link--40 link--internal column-tile__link link link--primary link--internal\"\n    href=\"https:\/\/roboyo.global\/fr\/services\/mise-en-oeuvre\/\"     aria-label=\"EN SAVOIR PLUS\"    data-loaded\n>\n  <div>\n          <i><\/i>\n        <span>EN SAVOIR PLUS  <\/span>\n      <\/div>\n<\/a>                          <\/div>\n          <\/div>\n                  <div class=\"column-tile column-tile--white\">\n                          \n    \n            <div class=\"column-tile__icon\" data-lazy >\n                            <img decoding=\"async\" loading=\"lazy\" data-lazy-placeholder src=\"https:\/\/roboyo.global\/app\/uploads\/2023\/11\/Life-at-Roboyo-Icons-3.png\" alt=\"Roboyo icon\">\n                                        <img loading=\"lazy\" data-lazy-full=\"https:\/\/roboyo.global\/app\/uploads\/2023\/11\/Life-at-Roboyo-Icons-3.png\" alt=\"Roboyo icon\">\n                    <\/div>\n                            <div class=\"column-tile__content\">\n                                            <h4 class=\"column-tile__title\">CYBERS\u00c9CURIT\u00c9 ET CONFORMIT\u00c9   <\/h4>\n                                            <p class=\"column-tile__description\">Nous sommes sp\u00e9cialis\u00e9s dans l&#8217;\u00e9laboration de solutions robustes et adaptables en mati\u00e8re de cybers\u00e9curit\u00e9 et de conformit\u00e9, afin de r\u00e9pondre aux besoins sp\u00e9cifiques de votre organisation. Notre approche ne se limite pas \u00e0 relever les d\u00e9fis imm\u00e9diats, mais int\u00e8gre des mesures proactives pour anticiper et att\u00e9nuer les risques futurs en mati\u00e8re de cybers\u00e9curit\u00e9.    <\/p>\n                                            \n<a\n    class=\"link--40 link--internal column-tile__link link link--primary link--internal\"\n    href=\"https:\/\/roboyo.global\/fr\/services\/cybersecurite-et-conformite\/\"     aria-label=\"EN SAVOIR PLUS\"    data-loaded\n>\n  <div>\n          <i><\/i>\n        <span>EN SAVOIR PLUS  <\/span>\n      <\/div>\n<\/a>                          <\/div>\n          <\/div>\n                  <div class=\"column-tile column-tile--white\">\n                          \n    \n            <div class=\"column-tile__icon\" data-lazy >\n                            <img decoding=\"async\" loading=\"lazy\" data-lazy-placeholder src=\"https:\/\/roboyo.global\/app\/uploads\/2023\/11\/Life-at-Roboyo-Icons-4.png\" alt=\"Roboyo icon\">\n                                        <img loading=\"lazy\" data-lazy-full=\"https:\/\/roboyo.global\/app\/uploads\/2023\/11\/Life-at-Roboyo-Icons-4.png\" alt=\"Roboyo icon\">\n                    <\/div>\n                            <div class=\"column-tile__content\">\n                                            <h4 class=\"column-tile__title\">SERVICES G\u00c9R\u00c9S\u00a0<\/h4>\n                                            <p class=\"column-tile__description\">Notre soutien strat\u00e9gique permet d&#8217;anticiper et de r\u00e9soudre les probl\u00e8mes, en donnant la priorit\u00e9 \u00e0 l&#8217;am\u00e9lioration continue. Gr\u00e2ce \u00e0 une approche personnalis\u00e9e, nous garantissons une optimisation fiable et efficace des performances op\u00e9rationnelles, lib\u00e9rant ainsi vos ressources pour des t\u00e2ches \u00e0 plus forte valeur ajout\u00e9e. <\/p>\n                                            \n<a\n    class=\"link--40 link--internal column-tile__link link link--primary link--internal\"\n    href=\"https:\/\/roboyo.global\/fr\/services\/services-geres\/\"     aria-label=\"EN SAVOIR PLUS\"    data-loaded\n>\n  <div>\n          <i><\/i>\n        <span>EN SAVOIR PLUS  <\/span>\n      <\/div>\n<\/a>                          <\/div>\n          <\/div>\n                  <div class=\"column-tile column-tile--white\">\n                          \n    \n            <div class=\"column-tile__icon\" data-lazy >\n                            <img decoding=\"async\" loading=\"lazy\" data-lazy-placeholder src=\"https:\/\/roboyo.global\/app\/uploads\/2023\/11\/Life-at-Roboyo-Icons-6-150x150.png\" alt=\"Roboyo icon\">\n                                        <img loading=\"lazy\" data-lazy-full=\"https:\/\/roboyo.global\/app\/uploads\/2023\/11\/Life-at-Roboyo-Icons-6-964x1024.png\" alt=\"Roboyo icon\">\n                    <\/div>\n                            <div class=\"column-tile__content\">\n                                            <h4 class=\"column-tile__title\">AUTOMATISATION PLUG AND PLAY   <\/h4>\n                                            <p class=\"column-tile__description\">Notre mod\u00e8le d&#8217;automatisation Plug and Play est une solution d&#8217;automatisation intelligente des processus de bout en bout, con\u00e7ue pour renforcer l&#8217;autonomie des entreprises. Ce cadre permet aux chefs d&#8217;entreprise de se concentrer sur les op\u00e9rations principales, tandis que Roboyo g\u00e8re de mani\u00e8re transparente l&#8217;automatisation des processus.    <\/p>\n                                            \n<a\n    class=\"link--40 link--internal column-tile__link link link--primary link--internal\"\n    href=\"https:\/\/roboyo.global\/fr\/services\/automisation-plug-and-play\/\"     aria-label=\"EN SAVOIR PLUS\"    data-loaded\n>\n  <div>\n          <i><\/i>\n        <span>EN SAVOIR PLUS  <\/span>\n      <\/div>\n<\/a>                          <\/div>\n          <\/div>\n                  <div class=\"column-tile column-tile--white\">\n                          \n    \n            <div class=\"column-tile__icon\" data-lazy >\n                            <img decoding=\"async\" loading=\"lazy\" data-lazy-placeholder src=\"https:\/\/roboyo.global\/app\/uploads\/2023\/11\/Life-at-Roboyo-Icons-7-150x150.png\" alt=\"Roboyo icon\">\n                                        <img loading=\"lazy\" data-lazy-full=\"https:\/\/roboyo.global\/app\/uploads\/2023\/11\/Life-at-Roboyo-Icons-7-964x1024.png\" alt=\"Roboyo icon\">\n                    <\/div>\n                            <div class=\"column-tile__content\">\n                                            <h4 class=\"column-tile__title\">ACADEMIE   <\/h4>\n                                            <p class=\"column-tile__description\">Nous croyons en la puissance d&#8217;une main-d&#8217;\u0153uvre hybride (humaine + num\u00e9rique) qui combine l&#8217;expertise humaine et les capacit\u00e9s num\u00e9riques. En associant une technologie de pointe aux comp\u00e9tences et aux connaissances de votre \u00e9quipe, nous contribuons \u00e0 optimiser les performances, ouvrant ainsi la voie \u00e0 un avenir plus radieux pour votre entreprise.    <\/p>\n                                            \n<a\n    class=\"link--40 link--internal column-tile__link link link--primary link--internal\"\n    href=\"https:\/\/roboyo.global\/intelligent-automation-training-academy\/\"     aria-label=\"EN SAVOIR PLUS\"    data-loaded\n>\n  <div>\n          <i><\/i>\n        <span>EN SAVOIR PLUS   <\/span>\n      <\/div>\n<\/a>                          <\/div>\n          <\/div>\n              <\/div>\n      <\/div>\n<\/section>\n\n\r\n\r\n<section  data-horizontal-hide data-loaded class=\"cta cta--none cta--  async-load\" data-block=\"appeal\/cta\">\r\n    \r\n    <div class=\"cta__container container--edge-to-edge\">\r\n                    <h2 class=\"cta__title\">PASSEZ AU NIVEAU SUIVANT. MAINTENANT.   <\/h2>\r\n                        <div class=\"cta__button\">\r\n                            \n<a\n    class=\"cta__link modal-button link--dark link--dark-blue  link link--primary link--internal\"\n    href=\"#cta_footer\"     aria-label=\"Contact Us: CONTACTEZ-NOUS\"    data-loaded\n>\n  <div>\n          <i><\/i>\n        <span>CONTACTEZ-NOUS <\/span>\n      <\/div>\n<\/a>                    <\/div>\r\n    <\/div>\r\n    <div class=\"cta__modal\">\r\n        \r\n    <\/div>\r\n<\/section>","protected":false},"excerpt":{"rendered":"","protected":false},"author":1,"featured_media":70389,"parent":0,"menu_order":0,"comment_status":"closed","ping_status":"closed","template":"","meta":{"_acf_changed":false,"footnotes":""},"wf_page_folders":[],"class_list":["post-13301","page","type-page","status-publish","has-post-thumbnail","hentry"],"acf":[],"yoast_head":"<!-- This site is optimized with the Yoast SEO Premium plugin v26.0 (Yoast SEO v26.8) - https:\/\/yoast.com\/product\/yoast-seo-premium-wordpress\/ -->\n<title>D\u00e9couvrez Les Services Que Nous Proposons - Roboyo<\/title>\n<meta name=\"description\" content=\"En savoir plus sur les services de niveau sup\u00e9rieur offerts par Roboyo, de Lean Six Sigma aux services g\u00e9r\u00e9s.\" \/>\n<meta name=\"robots\" content=\"index, follow, max-snippet:-1, max-image-preview:large, max-video-preview:-1\" \/>\n<link rel=\"canonical\" href=\"https:\/\/roboyo.global\/fr\/services\/\" \/>\n<meta property=\"og:locale\" content=\"fr_FR\" \/>\n<meta property=\"og:type\" content=\"article\" \/>\n<meta property=\"og:title\" content=\"Services\" \/>\n<meta property=\"og:description\" content=\"En savoir plus sur les services de niveau sup\u00e9rieur offerts par Roboyo, de Lean Six Sigma aux services g\u00e9r\u00e9s.\" \/>\n<meta property=\"og:url\" content=\"https:\/\/roboyo.global\/fr\/services\/\" \/>\n<meta property=\"og:site_name\" content=\"Roboyo\" \/>\n<meta property=\"article:modified_time\" content=\"2024-03-13T14:39:47+00:00\" \/>\n<meta property=\"og:image\" content=\"https:\/\/roboyo.global\/app\/uploads\/2023\/11\/new.jpg\" \/>\n\t<meta property=\"og:image:width\" content=\"1500\" \/>\n\t<meta property=\"og:image:height\" content=\"1000\" \/>\n\t<meta property=\"og:image:type\" content=\"image\/jpeg\" \/>\n<meta name=\"twitter:card\" content=\"summary_large_image\" \/>\n<meta name=\"twitter:label1\" content=\"Est. reading time\" \/>\n\t<meta name=\"twitter:data1\" content=\"1 minute\" \/>\n<script type=\"application\/ld+json\" class=\"yoast-schema-graph\">{\"@context\":\"https:\/\/schema.org\",\"@graph\":[{\"@type\":\"WebPage\",\"@id\":\"https:\/\/roboyo.global\/fr\/services\/\",\"url\":\"https:\/\/roboyo.global\/fr\/services\/\",\"name\":\"D\u00e9couvrez Les Services Que Nous Proposons - Roboyo\",\"isPartOf\":{\"@id\":\"https:\/\/roboyo.global\/fr\/#website\"},\"primaryImageOfPage\":{\"@id\":\"https:\/\/roboyo.global\/fr\/services\/#primaryimage\"},\"image\":{\"@id\":\"https:\/\/roboyo.global\/fr\/services\/#primaryimage\"},\"thumbnailUrl\":\"https:\/\/roboyo.global\/app\/uploads\/2023\/11\/new.jpg\",\"datePublished\":\"2021-05-28T04:27:37+00:00\",\"dateModified\":\"2024-03-13T14:39:47+00:00\",\"description\":\"En savoir plus sur les services de niveau sup\u00e9rieur offerts par Roboyo, de Lean Six Sigma aux services g\u00e9r\u00e9s.\",\"breadcrumb\":{\"@id\":\"https:\/\/roboyo.global\/fr\/services\/#breadcrumb\"},\"inLanguage\":\"fr-FR\",\"potentialAction\":[{\"@type\":\"ReadAction\",\"target\":[\"https:\/\/roboyo.global\/fr\/services\/\"]}]},{\"@type\":\"ImageObject\",\"inLanguage\":\"fr-FR\",\"@id\":\"https:\/\/roboyo.global\/fr\/services\/#primaryimage\",\"url\":\"https:\/\/roboyo.global\/app\/uploads\/2023\/11\/new.jpg\",\"contentUrl\":\"https:\/\/roboyo.global\/app\/uploads\/2023\/11\/new.jpg\",\"width\":1500,\"height\":1000,\"caption\":\"Wide lens view of skyscraper offices over a river with lights reflecting in the water\"},{\"@type\":\"BreadcrumbList\",\"@id\":\"https:\/\/roboyo.global\/fr\/services\/#breadcrumb\",\"itemListElement\":[{\"@type\":\"ListItem\",\"position\":1,\"name\":\"Home\",\"item\":\"https:\/\/roboyo.global\/fr\/\"},{\"@type\":\"ListItem\",\"position\":2,\"name\":\"Services\"}]},{\"@type\":\"WebSite\",\"@id\":\"https:\/\/roboyo.global\/fr\/#website\",\"url\":\"https:\/\/roboyo.global\/fr\/\",\"name\":\"Roboyo - Your Agentic Automation & AI Partner of Choice\",\"description\":\"We take what\u2019s possible to the next level. Now.\",\"potentialAction\":[{\"@type\":\"SearchAction\",\"target\":{\"@type\":\"EntryPoint\",\"urlTemplate\":\"https:\/\/roboyo.global\/fr\/?s={search_term_string}\"},\"query-input\":{\"@type\":\"PropertyValueSpecification\",\"valueRequired\":true,\"valueName\":\"search_term_string\"}}],\"inLanguage\":\"fr-FR\"}]}<\/script>\n<!-- \/ Yoast SEO Premium plugin. -->","yoast_head_json":{"title":"D\u00e9couvrez Les Services Que Nous Proposons - Roboyo","description":"En savoir plus sur les services de niveau sup\u00e9rieur offerts par Roboyo, de Lean Six Sigma aux services g\u00e9r\u00e9s.","robots":{"index":"index","follow":"follow","max-snippet":"max-snippet:-1","max-image-preview":"max-image-preview:large","max-video-preview":"max-video-preview:-1"},"canonical":"https:\/\/roboyo.global\/fr\/services\/","og_locale":"fr_FR","og_type":"article","og_title":"Services","og_description":"En savoir plus sur les services de niveau sup\u00e9rieur offerts par Roboyo, de Lean Six Sigma aux services g\u00e9r\u00e9s.","og_url":"https:\/\/roboyo.global\/fr\/services\/","og_site_name":"Roboyo","article_modified_time":"2024-03-13T14:39:47+00:00","og_image":[{"width":1500,"height":1000,"url":"https:\/\/roboyo.global\/app\/uploads\/2023\/11\/new.jpg","type":"image\/jpeg"}],"twitter_card":"summary_large_image","twitter_misc":{"Est. reading time":"1 minute"},"schema":{"@context":"https:\/\/schema.org","@graph":[{"@type":"WebPage","@id":"https:\/\/roboyo.global\/fr\/services\/","url":"https:\/\/roboyo.global\/fr\/services\/","name":"D\u00e9couvrez Les Services Que Nous Proposons - Roboyo","isPartOf":{"@id":"https:\/\/roboyo.global\/fr\/#website"},"primaryImageOfPage":{"@id":"https:\/\/roboyo.global\/fr\/services\/#primaryimage"},"image":{"@id":"https:\/\/roboyo.global\/fr\/services\/#primaryimage"},"thumbnailUrl":"https:\/\/roboyo.global\/app\/uploads\/2023\/11\/new.jpg","datePublished":"2021-05-28T04:27:37+00:00","dateModified":"2024-03-13T14:39:47+00:00","description":"En savoir plus sur les services de niveau sup\u00e9rieur offerts par Roboyo, de Lean Six Sigma aux services g\u00e9r\u00e9s.","breadcrumb":{"@id":"https:\/\/roboyo.global\/fr\/services\/#breadcrumb"},"inLanguage":"fr-FR","potentialAction":[{"@type":"ReadAction","target":["https:\/\/roboyo.global\/fr\/services\/"]}]},{"@type":"ImageObject","inLanguage":"fr-FR","@id":"https:\/\/roboyo.global\/fr\/services\/#primaryimage","url":"https:\/\/roboyo.global\/app\/uploads\/2023\/11\/new.jpg","contentUrl":"https:\/\/roboyo.global\/app\/uploads\/2023\/11\/new.jpg","width":1500,"height":1000,"caption":"Wide lens view of skyscraper offices over a river with lights reflecting in the water"},{"@type":"BreadcrumbList","@id":"https:\/\/roboyo.global\/fr\/services\/#breadcrumb","itemListElement":[{"@type":"ListItem","position":1,"name":"Home","item":"https:\/\/roboyo.global\/fr\/"},{"@type":"ListItem","position":2,"name":"Services"}]},{"@type":"WebSite","@id":"https:\/\/roboyo.global\/fr\/#website","url":"https:\/\/roboyo.global\/fr\/","name":"Roboyo - Your Agentic Automation & AI Partner of Choice","description":"We take what\u2019s possible to the next level. Now.","potentialAction":[{"@type":"SearchAction","target":{"@type":"EntryPoint","urlTemplate":"https:\/\/roboyo.global\/fr\/?s={search_term_string}"},"query-input":{"@type":"PropertyValueSpecification","valueRequired":true,"valueName":"search_term_string"}}],"inLanguage":"fr-FR"}]}},"_links":{"self":[{"href":"https:\/\/roboyo.global\/fr\/wp-json\/wp\/v2\/pages\/13301","targetHints":{"allow":["GET"]}}],"collection":[{"href":"https:\/\/roboyo.global\/fr\/wp-json\/wp\/v2\/pages"}],"about":[{"href":"https:\/\/roboyo.global\/fr\/wp-json\/wp\/v2\/types\/page"}],"author":[{"embeddable":true,"href":"https:\/\/roboyo.global\/fr\/wp-json\/wp\/v2\/users\/1"}],"replies":[{"embeddable":true,"href":"https:\/\/roboyo.global\/fr\/wp-json\/wp\/v2\/comments?post=13301"}],"version-history":[{"count":5,"href":"https:\/\/roboyo.global\/fr\/wp-json\/wp\/v2\/pages\/13301\/revisions"}],"predecessor-version":[{"id":79410,"href":"https:\/\/roboyo.global\/fr\/wp-json\/wp\/v2\/pages\/13301\/revisions\/79410"}],"wp:featuredmedia":[{"embeddable":true,"href":"https:\/\/roboyo.global\/fr\/wp-json\/wp\/v2\/media\/70389"}],"wp:attachment":[{"href":"https:\/\/roboyo.global\/fr\/wp-json\/wp\/v2\/media?parent=13301"}],"wp:term":[{"taxonomy":"wf_page_folders","embeddable":true,"href":"https:\/\/roboyo.global\/fr\/wp-json\/wp\/v2\/wf_page_folders?post=13301"}],"curies":[{"name":"wp","href":"https:\/\/api.w.org\/{rel}","templated":true}]}}