{"id":12724,"date":"2021-07-09T11:43:59","date_gmt":"2021-07-09T10:43:59","guid":{"rendered":"https:\/\/roboyo.global\/?page_id=12724"},"modified":"2024-03-13T14:56:11","modified_gmt":"2024-03-13T14:56:11","slug":"groupe","status":"publish","type":"page","link":"https:\/\/roboyo.global\/fr\/mentions-legales\/","title":{"rendered":"Groupe"},"content":{"rendered":"\r\n\r\n<section  data-loaded data-nav-transparent class=\"hero-header-4 hero-header-4--default hero-header-4--left  hero-header-4--fw\" data-block=\"appeal\/hero-4\">\r\n    <div class=\"hero-header-4__wrapper hero-header-4__wrapper--white\">\r\n        <div class=\"hero-header-4__container\">\r\n                        <div class=\"hero-header-4__content hero-header-4__content--\">\r\n                \r\n\r\n                                    <h1 class=\"hero-header-4__title default\">Roboyo<\/h1>\r\n                \r\n                                    <h2 class=\"hero-header-4__subtitle default\">GROUPE<\/h2>\r\n                \r\n                \r\n            <\/div>\r\n        <\/div>\r\n    <\/div>\r\n<\/section>\n\n\n<h6 class=\"wp-block-heading\" id=\"h-roboyo-group-limited\"><strong>ROBOYO GROUP LIMITED<\/strong>&nbsp;<\/h6>\n\n\n\n<p>Num\u00e9ro d&#8217;entreprise 1283031<\/p>\n\n\n\n<p><strong><strong>Adresse du si\u00e8ge social&nbsp;<\/strong><\/strong><\/p>\n\n\n\n<p>Orion House,&nbsp;&nbsp;<\/p>\n\n\n\n<p>5 Upper St Martin&#8217;s Lane,&nbsp;&nbsp;<\/p>\n\n\n\n<p>Londres, Royaume-Uni, WC2H 9EA&nbsp;<\/p>\n\n\n\n<p>Num\u00e9ro de TVA&nbsp;360659387&nbsp;<\/p>\n\n\n\n<h6 class=\"wp-block-heading\" id=\"h-avis-de-non-responsabilite-du-site-web\"><strong>Avis de non-responsabilit\u00e9 du site Web<\/strong><\/h6>\n\n\n\n<p>Lesinformations contenues dans ce site Web sont uniquement destin\u00e9es \u00e0 des fins d&#8217;informationg\u00e9n\u00e9rale. Les informations sont fournies par ROBOYO GROUP LIMITED et, bien que nous nousefforcions de maintenir les informations \u00e0 jour et correctes, nous ne faisons aucune d\u00e9claration ougarantie de quelque nature que ce soit, expresse ou implicite, concernant l&#8217;exhaustivit\u00e9, l&#8217;exactitude,la fiabilit\u00e9, la pertinence ou la disponibilit\u00e9 du site Web ou des informations, produits, services ougraphiques connexes contenus sur le site Web \u00e0 quelque fin que ce soit. Toute confiance que vousaccordez \u00e0 ces informations est donc strictement \u00e0 vos risques et p\u00e9rils.<\/p>\n\n\n\n<p>En aucun cas, nous ne serons responsables de toute perte ou de tout dommage, y compris, maissans s&#8217;y limiter, les pertes ou les dommages indirects ou cons\u00e9cutifs, ou toute perte ou toutdommage, quel qu&#8217;il soit, r\u00e9sultant de la perte de donn\u00e9es ou de profits d\u00e9coulant de, ou en relationavec, l&#8217;utilisation de ce site Web.<\/p>\n\n\n\n<p>Par le biais de ce site web, vous pouvez vous connecter \u00e0 d&#8217;autres sites web qui ne sont pas sous lecontr\u00f4le de ROBOYO GROUP LIMITED. Nous n&#8217;avons aucun contr\u00f4le sur la nature, le contenu et ladisponibilit\u00e9 de ces sites. L&#8217;inclusion de tout lien n&#8217;implique pas n\u00e9cessairement unerecommandation ou l&#8217;approbation des opinions exprim\u00e9es dans ces sites.<\/p>\n\n\n\n<p>Tous les efforts sont faits pour assurer le bon fonctionnement du site Web. Cependant, ROBOYOGROUP LIMITED ne prend aucune responsabilit\u00e9 et ne sera pas responsable de l&#8217;indisponibilit\u00e9temporairedu site web en raison de probl\u00e8mes techniques ind\u00e9pendants de notre volont\u00e9<\/p>\n\n\n\n<h6 class=\"wp-block-heading\" id=\"h-conditions-generales-d-utilisation-du-site-web\"><strong><strong>Conditions g\u00e9n\u00e9rales d&#8217;utilisation du site We<\/strong><\/strong>b<\/h6>\n\n\n\n<p>Bienvenue sur notre site Internet. Si vous continuez \u00e0 naviguer et \u00e0 utiliser ce site Web, vous acceptez de respecter et d&#8217;\u00eatre li\u00e9 par les conditions d&#8217;utilisation suivantes, qui, avec notre politique de confidentialit\u00e9, r\u00e9gissent la relation entre ROBOYO GROUP LIMITED et vous en ce qui concerne ce site Web. Si vous n&#8217;\u00eates pas d&#8217;accord avec une partie de ces termes et conditions, veuillez ne pas utiliser notre site web.&nbsp;<\/p>\n\n\n\n<p>Le terme &#8220;ROBOYO GROUP LIMITED&#8221; ou &#8220;nous&#8221; fait r\u00e9f\u00e9rence au propri\u00e9taire du site Web dont le si\u00e8ge social est Orion House, 5 Upper St Martin&#8217;s Lane, Londres, Royaume-Uni, WC2H 9EA. Notre num\u00e9ro d&#8217;enregistrement de soci\u00e9t\u00e9 est 12830317 et le lieu d&#8217;enregistrement est le Royaume-Uni. Le terme &#8220;vous&#8221; fait r\u00e9f\u00e9rence \u00e0 l&#8217;utilisateur ou au spectateur de notre site web.&nbsp;<\/p>\n\n\n\n<p>L&#8217;utilisation de ce site web est soumise aux conditions d&#8217;utilisation suivantes :<\/p>\n\n\n\n<ul class=\"wp-block-list\">\n<li>Le contenu des pages de ce site Web est destin\u00e9 \u00e0 votre information g\u00e9n\u00e9rale et \u00e0 votre utilisation uniquement. Il est susceptible d&#8217;\u00eatre modifi\u00e9 sans pr\u00e9avis.&nbsp;<\/li>\n\n\n\n<li>Ce site Web utilise des cookies pour surveiller les pr\u00e9f\u00e9rences de navigation.&nbsp;&nbsp;<\/li>\n\n\n\n<li>Ni nous ni aucun tiers ne fournissons de garantie quant \u00e0 l&#8217;exactitude, l&#8217;opportunit\u00e9, la performance, l&#8217;exhaustivit\u00e9 ou l&#8217;ad\u00e9quation des informations et des mat\u00e9riaux trouv\u00e9s ou offerts sur ce site Web pour un usage particulier. Vous reconnaissez que ces informations et mat\u00e9riaux peuvent contenir des inexactitudes ou des erreurs et nous excluons express\u00e9ment toute responsabilit\u00e9 pour de telles inexactitudes ou erreurs dans toute la mesure permise par la loi.&nbsp;<\/li>\n\n\n\n<li>L&#8217;utilisation de toute information ou de tout mat\u00e9riel sur ce site Web est enti\u00e8rement \u00e0 vos propres risques, pour lesquels nous ne serons pas responsables. Il vous incombe de vous assurer que les produits, services ou informations disponibles sur ce site Web r\u00e9pondent \u00e0 vos besoins sp\u00e9cifiques.&nbsp;<\/li>\n\n\n\n<li>Ce site Web contient du mat\u00e9riel dont nous sommes propri\u00e9taires ou d\u00e9tenteurs d&#8217;une licence. Ce mat\u00e9riel comprend, sans s&#8217;y limiter, la conception, la mise en page, l&#8217;aspect, l&#8217;apparence et les graphiques. La reproduction est interdite autrement que conform\u00e9ment \u00e0 l&#8217;avis de droit d&#8217;auteur, qui fait partie de ces conditions g\u00e9n\u00e9rales.&nbsp;<\/li>\n\n\n\n<li>Toutes les marques commerciales reproduites sur ce site Web qui ne sont pas la propri\u00e9t\u00e9 de l&#8217;op\u00e9rateur ou qui ne lui sont pas conc\u00e9d\u00e9es sous licence sont reconnues sur le site Web.&nbsp;<\/li>\n\n\n\n<li>L&#8217;utilisation non autoris\u00e9e de ce site Web peut donner lieu \u00e0 une demande de dommages et int\u00e9r\u00eats et\/ou constituer une infraction p\u00e9nale.&nbsp;<\/li>\n\n\n\n<li>De temps \u00e0 autre, ce site Web peut \u00e9galement inclure des liens vers d&#8217;autres sites Web. Ces liens sont fournis pour votre commodit\u00e9 afin de fournir des informations suppl\u00e9mentaires. Ils ne signifient pas que nous approuvons le(s) site(s) Web. Nous n&#8217;avons aucune responsabilit\u00e9 quant au contenu du ou des sites Web li\u00e9s.&nbsp;<\/li>\n\n\n\n<li>Votre utilisation de ce site Web et tout litige d\u00e9coulant de cette utilisation du site Web sont soumis aux lois de l&#8217;Angleterre, de l&#8217;Irlande du Nord, de l&#8217;\u00c9cosse et du Pays de Galles.<\/li>\n<\/ul>\n\n\n\n<h6 class=\"wp-block-heading\" id=\"h-declaration-de-copyright-britannique\"><strong><strong>D\u00e9claration de copyright britannique<\/strong><\/strong><\/h6>\n\n\n\n<p>Ce site Web et son contenu sont prot\u00e9g\u00e9s par le droit d&#8217;auteur de ROBOYO GROUP LIMITED &#8211; \u00a9 ROBOYO GROUP LIMITED 2021. Tous droits r\u00e9serv\u00e9s.&nbsp;<\/p>\n\n\n\n<p>Toute redistribution ou reproduction d&#8217;une partie ou de la totalit\u00e9 du contenu sous quelque forme que ce soit est interdite, \u00e0 l&#8217;exception de ce qui suit :<\/p>\n\n\n\n<ul class=\"wp-block-list\">\n<li>vous pouvez imprimer ou t\u00e9l\u00e9charger sur un disque dur local des extraits pour votre usage personnel et non commercial uniquement&nbsp;<\/li>\n\n\n\n<li>vous pouvez copier le contenu \u00e0 des tiers individuels pour leur usage personnel, mais uniquement si vous reconnaissez le site Web comme la source du mat\u00e9riel<\/li>\n<\/ul>\n\n\n\n<p>Vous ne pouvez pas, sauf avec notre autorisation \u00e9crite expresse, distribuer ou exploiter commercialement le contenu. Vous ne pouvez pas non plus le transmettre ou le stocker dans un autre site Web ou une autre forme de syst\u00e8me d&#8217;extraction \u00e9lectronique.<\/p>\n\n\n<div aria-hidden=\"true\" class=\"appeal-spacer appeal-spacer--69f8a9309da53  appeal-spacer--transparent\">\r\n<style>\r\n\/* Ultrawide *\/\r\n.appeal-spacer--69f8a9309da53 {\r\n    height: 100px;\r\n}\r\n\r\n\/* Desktop *\/\r\n@media (max-width: 1920px) {\r\n    .appeal-spacer--69f8a9309da53 {\r\n        height: 100px;\r\n    }\r\n}\r\n\r\n\/* Laptop *\/\r\n@media (max-width: 1024px) {\r\n    .appeal-spacer--69f8a9309da53 {\r\n        height: 50px;\r\n    }\r\n}\r\n\r\n\/* Mobile *\/\r\n@media (max-width: 767px) {\r\n    .appeal-spacer--69f8a9309da53 {\r\n        height: 30px;\r\n    }\r\n}\r\n<\/style>\r\n<\/div>\r\n\n\n\n<p><\/p>\n","protected":false},"excerpt":{"rendered":"<p>ROBOYO GROUP LIMITED&nbsp; Num\u00e9ro d&#8217;entreprise 1283031 Adresse du si\u00e8ge social&nbsp; Orion House,&nbsp;&nbsp; 5 Upper St Martin&#8217;s Lane,&nbsp;&nbsp; Londres, Royaume-Uni, WC2H 9EA&nbsp; Num\u00e9ro de TVA&nbsp;360659387&nbsp; Avis de non-responsabilit\u00e9 du site Web Lesinformations contenues dans ce site Web sont uniquement destin\u00e9es \u00e0 des fins d&#8217;informationg\u00e9n\u00e9rale. Les informations sont fournies par ROBOYO GROUP LIMITED et, bien que nous<\/p>\n","protected":false},"author":1,"featured_media":64383,"parent":0,"menu_order":0,"comment_status":"closed","ping_status":"closed","template":"","meta":{"_acf_changed":false,"footnotes":""},"wf_page_folders":[],"class_list":["post-12724","page","type-page","status-publish","has-post-thumbnail","hentry"],"acf":[],"yoast_head":"<!-- This site is optimized with the Yoast SEO Premium plugin v26.0 (Yoast SEO v26.8) - https:\/\/yoast.com\/product\/yoast-seo-premium-wordpress\/ -->\n<title>Roboyo Group Limited - Informations Sur L&#039;entreprise<\/title>\n<meta name=\"description\" content=\"Les informations contenues dans ce site web sont fournies \u00e0 titre d&#039;information g\u00e9n\u00e9rale et nous nous effor\u00e7ons de les tenir \u00e0 jour.\" \/>\n<meta name=\"robots\" content=\"index, follow, max-snippet:-1, max-image-preview:large, max-video-preview:-1\" \/>\n<link rel=\"canonical\" href=\"https:\/\/roboyo.global\/fr\/mentions-legales\/\" \/>\n<meta property=\"og:locale\" content=\"fr_FR\" \/>\n<meta property=\"og:type\" content=\"article\" \/>\n<meta property=\"og:title\" content=\"Groupe\" \/>\n<meta property=\"og:description\" content=\"Les informations contenues dans ce site web sont fournies \u00e0 titre d&#039;information g\u00e9n\u00e9rale et nous nous effor\u00e7ons de les tenir \u00e0 jour.\" \/>\n<meta property=\"og:url\" content=\"https:\/\/roboyo.global\/fr\/mentions-legales\/\" \/>\n<meta property=\"og:site_name\" content=\"Roboyo\" \/>\n<meta property=\"article:modified_time\" content=\"2024-03-13T14:56:11+00:00\" \/>\n<meta property=\"og:image\" content=\"https:\/\/roboyo.global\/app\/uploads\/2023\/08\/Roboyo-Logo-Tag-Blue-RGB-resized-for-Teams.webp\" \/>\n\t<meta property=\"og:image:width\" content=\"400\" \/>\n\t<meta property=\"og:image:height\" content=\"148\" \/>\n\t<meta property=\"og:image:type\" content=\"image\/webp\" \/>\n<meta name=\"twitter:card\" content=\"summary_large_image\" \/>\n<meta name=\"twitter:label1\" content=\"Est. reading time\" \/>\n\t<meta name=\"twitter:data1\" content=\"5 minutes\" \/>\n<script type=\"application\/ld+json\" class=\"yoast-schema-graph\">{\"@context\":\"https:\/\/schema.org\",\"@graph\":[{\"@type\":\"WebPage\",\"@id\":\"https:\/\/roboyo.global\/fr\/mentions-legales\/\",\"url\":\"https:\/\/roboyo.global\/fr\/mentions-legales\/\",\"name\":\"Roboyo Group Limited - Informations Sur L'entreprise\",\"isPartOf\":{\"@id\":\"https:\/\/roboyo.global\/fr\/#website\"},\"primaryImageOfPage\":{\"@id\":\"https:\/\/roboyo.global\/fr\/mentions-legales\/#primaryimage\"},\"image\":{\"@id\":\"https:\/\/roboyo.global\/fr\/mentions-legales\/#primaryimage\"},\"thumbnailUrl\":\"https:\/\/roboyo.global\/app\/uploads\/2023\/08\/Roboyo-Logo-Tag-Blue-RGB-resized-for-Teams.webp\",\"datePublished\":\"2021-07-09T10:43:59+00:00\",\"dateModified\":\"2024-03-13T14:56:11+00:00\",\"description\":\"Les informations contenues dans ce site web sont fournies \u00e0 titre d'information g\u00e9n\u00e9rale et nous nous effor\u00e7ons de les tenir \u00e0 jour.\",\"breadcrumb\":{\"@id\":\"https:\/\/roboyo.global\/fr\/mentions-legales\/#breadcrumb\"},\"inLanguage\":\"fr-FR\",\"potentialAction\":[{\"@type\":\"ReadAction\",\"target\":[\"https:\/\/roboyo.global\/fr\/mentions-legales\/\"]}]},{\"@type\":\"ImageObject\",\"inLanguage\":\"fr-FR\",\"@id\":\"https:\/\/roboyo.global\/fr\/mentions-legales\/#primaryimage\",\"url\":\"https:\/\/roboyo.global\/app\/uploads\/2023\/08\/Roboyo-Logo-Tag-Blue-RGB-resized-for-Teams.webp\",\"contentUrl\":\"https:\/\/roboyo.global\/app\/uploads\/2023\/08\/Roboyo-Logo-Tag-Blue-RGB-resized-for-Teams.webp\",\"width\":400,\"height\":148,\"caption\":\"Roboyo logo\"},{\"@type\":\"BreadcrumbList\",\"@id\":\"https:\/\/roboyo.global\/fr\/mentions-legales\/#breadcrumb\",\"itemListElement\":[{\"@type\":\"ListItem\",\"position\":1,\"name\":\"Home\",\"item\":\"https:\/\/roboyo.global\/fr\/\"},{\"@type\":\"ListItem\",\"position\":2,\"name\":\"Groupe\"}]},{\"@type\":\"WebSite\",\"@id\":\"https:\/\/roboyo.global\/fr\/#website\",\"url\":\"https:\/\/roboyo.global\/fr\/\",\"name\":\"Roboyo - Your Agentic Automation & AI Partner of Choice\",\"description\":\"We take what\u2019s possible to the next level. Now.\",\"potentialAction\":[{\"@type\":\"SearchAction\",\"target\":{\"@type\":\"EntryPoint\",\"urlTemplate\":\"https:\/\/roboyo.global\/fr\/?s={search_term_string}\"},\"query-input\":{\"@type\":\"PropertyValueSpecification\",\"valueRequired\":true,\"valueName\":\"search_term_string\"}}],\"inLanguage\":\"fr-FR\"}]}<\/script>\n<!-- \/ Yoast SEO Premium plugin. -->","yoast_head_json":{"title":"Roboyo Group Limited - Informations Sur L'entreprise","description":"Les informations contenues dans ce site web sont fournies \u00e0 titre d'information g\u00e9n\u00e9rale et nous nous effor\u00e7ons de les tenir \u00e0 jour.","robots":{"index":"index","follow":"follow","max-snippet":"max-snippet:-1","max-image-preview":"max-image-preview:large","max-video-preview":"max-video-preview:-1"},"canonical":"https:\/\/roboyo.global\/fr\/mentions-legales\/","og_locale":"fr_FR","og_type":"article","og_title":"Groupe","og_description":"Les informations contenues dans ce site web sont fournies \u00e0 titre d'information g\u00e9n\u00e9rale et nous nous effor\u00e7ons de les tenir \u00e0 jour.","og_url":"https:\/\/roboyo.global\/fr\/mentions-legales\/","og_site_name":"Roboyo","article_modified_time":"2024-03-13T14:56:11+00:00","og_image":[{"width":400,"height":148,"url":"https:\/\/roboyo.global\/app\/uploads\/2023\/08\/Roboyo-Logo-Tag-Blue-RGB-resized-for-Teams.webp","type":"image\/webp"}],"twitter_card":"summary_large_image","twitter_misc":{"Est. reading time":"5 minutes"},"schema":{"@context":"https:\/\/schema.org","@graph":[{"@type":"WebPage","@id":"https:\/\/roboyo.global\/fr\/mentions-legales\/","url":"https:\/\/roboyo.global\/fr\/mentions-legales\/","name":"Roboyo Group Limited - Informations Sur L'entreprise","isPartOf":{"@id":"https:\/\/roboyo.global\/fr\/#website"},"primaryImageOfPage":{"@id":"https:\/\/roboyo.global\/fr\/mentions-legales\/#primaryimage"},"image":{"@id":"https:\/\/roboyo.global\/fr\/mentions-legales\/#primaryimage"},"thumbnailUrl":"https:\/\/roboyo.global\/app\/uploads\/2023\/08\/Roboyo-Logo-Tag-Blue-RGB-resized-for-Teams.webp","datePublished":"2021-07-09T10:43:59+00:00","dateModified":"2024-03-13T14:56:11+00:00","description":"Les informations contenues dans ce site web sont fournies \u00e0 titre d'information g\u00e9n\u00e9rale et nous nous effor\u00e7ons de les tenir \u00e0 jour.","breadcrumb":{"@id":"https:\/\/roboyo.global\/fr\/mentions-legales\/#breadcrumb"},"inLanguage":"fr-FR","potentialAction":[{"@type":"ReadAction","target":["https:\/\/roboyo.global\/fr\/mentions-legales\/"]}]},{"@type":"ImageObject","inLanguage":"fr-FR","@id":"https:\/\/roboyo.global\/fr\/mentions-legales\/#primaryimage","url":"https:\/\/roboyo.global\/app\/uploads\/2023\/08\/Roboyo-Logo-Tag-Blue-RGB-resized-for-Teams.webp","contentUrl":"https:\/\/roboyo.global\/app\/uploads\/2023\/08\/Roboyo-Logo-Tag-Blue-RGB-resized-for-Teams.webp","width":400,"height":148,"caption":"Roboyo logo"},{"@type":"BreadcrumbList","@id":"https:\/\/roboyo.global\/fr\/mentions-legales\/#breadcrumb","itemListElement":[{"@type":"ListItem","position":1,"name":"Home","item":"https:\/\/roboyo.global\/fr\/"},{"@type":"ListItem","position":2,"name":"Groupe"}]},{"@type":"WebSite","@id":"https:\/\/roboyo.global\/fr\/#website","url":"https:\/\/roboyo.global\/fr\/","name":"Roboyo - Your Agentic Automation & AI Partner of Choice","description":"We take what\u2019s possible to the next level. Now.","potentialAction":[{"@type":"SearchAction","target":{"@type":"EntryPoint","urlTemplate":"https:\/\/roboyo.global\/fr\/?s={search_term_string}"},"query-input":{"@type":"PropertyValueSpecification","valueRequired":true,"valueName":"search_term_string"}}],"inLanguage":"fr-FR"}]}},"_links":{"self":[{"href":"https:\/\/roboyo.global\/fr\/wp-json\/wp\/v2\/pages\/12724","targetHints":{"allow":["GET"]}}],"collection":[{"href":"https:\/\/roboyo.global\/fr\/wp-json\/wp\/v2\/pages"}],"about":[{"href":"https:\/\/roboyo.global\/fr\/wp-json\/wp\/v2\/types\/page"}],"author":[{"embeddable":true,"href":"https:\/\/roboyo.global\/fr\/wp-json\/wp\/v2\/users\/1"}],"replies":[{"embeddable":true,"href":"https:\/\/roboyo.global\/fr\/wp-json\/wp\/v2\/comments?post=12724"}],"version-history":[{"count":7,"href":"https:\/\/roboyo.global\/fr\/wp-json\/wp\/v2\/pages\/12724\/revisions"}],"predecessor-version":[{"id":71103,"href":"https:\/\/roboyo.global\/fr\/wp-json\/wp\/v2\/pages\/12724\/revisions\/71103"}],"wp:featuredmedia":[{"embeddable":true,"href":"https:\/\/roboyo.global\/fr\/wp-json\/wp\/v2\/media\/64383"}],"wp:attachment":[{"href":"https:\/\/roboyo.global\/fr\/wp-json\/wp\/v2\/media?parent=12724"}],"wp:term":[{"taxonomy":"wf_page_folders","embeddable":true,"href":"https:\/\/roboyo.global\/fr\/wp-json\/wp\/v2\/wf_page_folders?post=12724"}],"curies":[{"name":"wp","href":"https:\/\/api.w.org\/{rel}","templated":true}]}}