{"id":12640,"date":"2021-07-09T10:47:06","date_gmt":"2021-07-09T09:47:06","guid":{"rendered":"https:\/\/roboyo.global\/?page_id=12640"},"modified":"2023-09-12T14:03:57","modified_gmt":"2023-09-12T13:03:57","slug":"point-de-vue","status":"publish","type":"page","link":"https:\/\/roboyo.global\/fr\/tous-les-apercus\/blog\/","title":{"rendered":"Blog de l&#8217;automatisation intelligente"},"content":{"rendered":"\r\n\r\n<section  data-loaded data-nav-transparent class=\"hero-header-4 hero-header-4--h6 hero-header-4--left  hero-header-4--fw\" data-block=\"appeal\/hero-4\">\r\n    <div class=\"hero-header-4__wrapper hero-header-4__wrapper--white\">\r\n        <div class=\"hero-header-4__container\">\r\n                        <div class=\"hero-header-4__content hero-header-4__content--\">\r\n                \r\n\r\n                                    <p class=\"hero-header-4__title h6 uppercase\">AUTOMATISATION INTELLIGENTE<\/p>\r\n                \r\n                                    <h1 class=\"hero-header-4__subtitle h3 uppercase\">NEXT LEVEL BLOG<\/h1>\r\n                \r\n                \r\n            <\/div>\r\n        <\/div>\r\n    <\/div>\r\n<\/section>\n\n\r\n\r\n<section  data-loaded class=\"horizontal-nav horizontal-nav--light  async-load\">\r\n    <div class=\"horizontal-nav__container container--1644\">\r\n        <nav class=\"horizontal-nav__nav\">\r\n            <ul class=\"horizontal-nav__links\">\r\n                                                                                        <li class=\"horizontal-nav__link  horizontal-nav__link--mobile-default  js-hnav-default-mobile-link\">\r\n                                <a href=\"#\">Menu<\/a>\r\n                            <\/li>\r\n                                                <li class=\"horizontal-nav__link  js-hnav-link\" data-url-path=\"\/fr\/tous-les-apercus\/\">\r\n                                                        <a href=\"https:\/\/roboyo.global\/fr\/tous-les-apercus\/\">\ufeffTous les Aper\u00e7us<\/a>\r\n                            \r\n                                                    <\/li>\r\n                                                                                                        <li class=\"horizontal-nav__link  js-hnav-link\" data-url-path=\"\/fr\/tous-les-apercus\/blog\/ \/\">\r\n                                                        <a href=\"https:\/\/roboyo.global\/fr\/tous-les-apercus\/blog\/ \">Blog<\/a>\r\n                            \r\n                                                    <\/li>\r\n                                                                                                        <li class=\"horizontal-nav__link  js-hnav-link\" data-url-path=\"\/fr\/tous-les-apercus\/etudes-de-cas\/\">\r\n                                                        <a href=\"https:\/\/roboyo.global\/fr\/tous-les-apercus\/etudes-de-cas\/\">Histoires de r\u00e9ussite<\/a>\r\n                            \r\n                                                    <\/li>\r\n                                                                                                        <li class=\"horizontal-nav__link  js-hnav-link\" data-url-path=\"\/fr\/tous-les-apercus\/ressources\/\">\r\n                                                        <a href=\"https:\/\/roboyo.global\/fr\/tous-les-apercus\/ressources\/\">Ressources<\/a>\r\n                            \r\n                                                    <\/li>\r\n                                                                                                        <li class=\"horizontal-nav__link  js-hnav-link\" data-url-path=\"\/fr\/tous-les-apercus\/presse\/\">\r\n                                                        <a href=\"https:\/\/roboyo.global\/fr\/tous-les-apercus\/presse\/\">Presse<\/a>\r\n                            \r\n                                                    <\/li>\r\n                                                                                                        <li class=\"horizontal-nav__link  js-hnav-link\" data-url-path=\"\/fr\/tous-les-apercus\/evenements\/\">\r\n                                                        <a href=\"https:\/\/roboyo.global\/fr\/tous-les-apercus\/evenements\/\">Ev\u00e9nements<\/a>\r\n                            \r\n                                                    <\/li>\r\n                                                                                                        <li class=\"horizontal-nav__link  js-hnav-link\" data-url-path=\"\/fr\/tous-les-apercus\/videos\/\">\r\n                                                        <a href=\"https:\/\/roboyo.global\/fr\/tous-les-apercus\/videos\/\">Vid\u00e9os<\/a>\r\n                            \r\n                                                    <\/li>\r\n                                                <\/ul>\r\n        <\/nav>\r\n    <\/div>\r\n<\/section>\n\n\n\n<section id=\"feed-v2\" >\n    <feed-component :feed-layout='{\"layout\":\"single_post_type\",\"postType\":\"post\",\"enableFilters\":false}' :translations='{\"Load Previous Insights\":\"Load Previous Insights\",\"Load More Insights\":\"charger plus d\\u0027informations\",\"No results to show\":\"Pas de r\\u00e9sultats \\u00e0 montrer\",\"Filter\":\"Filter\",\"Filters\":\"Filters\",\"Clear all filters\":\"Clear all filters\",\"Show results\":\"Show results\",\"All Results\":\"All Results\",\"%read_time% min read\":\"%read_time% min lire\",\"By\":\"Par\",\"more\":\"more\",\"Episode\":\"Episode\",\"Latest\":\"Latest\",\"Listen here\":\"Listen here\",\"Watch episode\":\"Watch episode\"}' language-code='fr' \/>\n<\/section>\n\n    <noscript>\n                    <article>\n                <a href=\"https:\/\/roboyo.global\/fr\/blog\/tracer-lavenir-de-lautomatisation-agentique-reflexions-tirees-de-mes-voyages\/\">\n                    <h3>Tracer l&#8217;avenir de l&#8217;automatisation agentique : R\u00e9flexions tir\u00e9es de mes voyages<\/h3>\n                <\/a>\n            <\/article>\n                    <article>\n                <a href=\"https:\/\/roboyo.global\/fr\/blog\/comment-lautomatisation-basee-sur-lia-peut-vous-aider-a-planifier-un-meilleur-q1-pour-les-fetes-de-fin-dannee\/\">\n                    <h3>Comment l&#8217;automatisation bas\u00e9e sur l&#8217;IA peut vous aider \u00e0 planifier un meilleur Q1 pour les f\u00eates de fin d&#8217;ann\u00e9e<\/h3>\n                <\/a>\n            <\/article>\n                    <article>\n                <a href=\"https:\/\/roboyo.global\/fr\/blog\/une-ferrari-peut-labourer-un-champ-cela-ne-veut-pas-dire-quelle-doit-le-faire\/\">\n                    <h3>Une Ferrari Peut Labourer Un Champ, Cela Ne Veut Pas Dire Qu&#8217;elle Doit Le Faire !<\/h3>\n                <\/a>\n            <\/article>\n                    <article>\n                <a href=\"https:\/\/roboyo.global\/fr\/blog\/deballer-lefficacite-latelier-du-pere-noel-se-modernise\/\">\n                    <h3>D\u00e9baller L&#8217;efficacit\u00e9 : L&#8217;atelier Du P\u00e8re No\u00ebl Se Modernise<\/h3>\n                <\/a>\n            <\/article>\n                    <article>\n                <a href=\"https:\/\/roboyo.global\/fr\/blog\/les-5-principaux-avantages-du-process-mining\/\">\n                    <h3>Les 5 Principaux Avantages Du Process Mining<\/h3>\n                <\/a>\n            <\/article>\n                    <article>\n                <a href=\"https:\/\/roboyo.global\/fr\/blog\/des-donnees-approfondies-pour-perfectionner-les-processus\/\">\n                    <h3>Plong\u00e9e Profonde Dans Les Donn\u00e9es Pour Une Perfection Du Processus<\/h3>\n                <\/a>\n            <\/article>\n                    <article>\n                <a href=\"https:\/\/roboyo.global\/fr\/blog\/hyperautomation-et-renovation-de-maisons-des-voies-paralleles-vers-la-transformation\/\">\n                    <h3>R\u00e9novation De Maison Et Hyperautomatisation : Parcours Parall\u00e8les Vers La Transformation<\/h3>\n                <\/a>\n            <\/article>\n                    <article>\n                <a href=\"https:\/\/roboyo.global\/fr\/blog\/comment-le-rpa-peut-rendre-les-fonctions-courantes-plus-efficaces\/\">\n                    <h3>Comment le rpa peut rendre les fonctions courantes plus efficaces<\/h3>\n                <\/a>\n            <\/article>\n                    <article>\n                <a href=\"https:\/\/roboyo.global\/fr\/blog\/comment-lautomatisation-robotique-des-processus-differe-t-elle-de-lautomatisation-intelligente\/\">\n                    <h3>En quoi l\u2019automatisation des processus robotis\u00e9s (RPA) diff\u00e8re-t-elle de l\u2019automatisation intelligente\u202f?\u00a0<\/h3>\n                <\/a>\n            <\/article>\n                    <article>\n                <a href=\"https:\/\/roboyo.global\/fr\/blog\/quest-ce-que-lautomatisation-robotisee-des-processus\/\">\n                    <h3>Qu\u2019est-ce que l\u2019automatisation robotis\u00e9e des processus?<\/h3>\n                <\/a>\n            <\/article>\n                    <article>\n                <a href=\"https:\/\/roboyo.global\/fr\/blog\/top-5-des-avantages-de-lautomatisation-des-processus-robotises\/\">\n                    <h3>Top\u202f5 des avantages de l\u2019automatisation des processus robotis\u00e9s (RPA)<\/h3>\n                <\/a>\n            <\/article>\n                    <article>\n                <a href=\"https:\/\/roboyo.global\/fr\/blog\/lautomatisation-intelligente-dans-un-monde-post-pandemique\/\">\n                    <h3>L&#8217;automatisation intelligente dans un monde post-pand\u00e9mique<\/h3>\n                <\/a>\n            <\/article>\n                                    <a href=\"\/fr\/wp-json\/wp\/v2\/pages\/12640?current_page=2\" rel=\"next\">Next<\/a>\n            <\/noscript>\n\n\n\n\n\r\n\r\n<section  data-horizontal-hide data-loaded class=\"cta cta--none cta--  async-load\" data-block=\"appeal\/cta\">\r\n    \r\n    <div class=\"cta__container container--edge-to-edge\">\r\n                    <h2 class=\"cta__title\">Passez \u00e0 la Next Level. NOW.<\/h2>\r\n                        <div class=\"cta__button\">\r\n                            \n<a\n    class=\"cta__link modal-button link--dark link--dark-blue  link link--primary link--internal\"\n    href=\"#cta_footer\"     aria-label=\"Contact Us: NOUS CONTACTER\"    data-loaded\n>\n  <div>\n          <i><\/i>\n        <span>NOUS CONTACTER<\/span>\n      <\/div>\n<\/a>                    <\/div>\r\n    <\/div>\r\n    <div class=\"cta__modal\">\r\n        \r\n    <\/div>\r\n<\/section>","protected":false},"excerpt":{"rendered":"","protected":false},"author":1,"featured_media":42966,"parent":10107,"menu_order":0,"comment_status":"closed","ping_status":"closed","template":"","meta":{"_acf_changed":false,"footnotes":""},"wf_page_folders":[],"class_list":["post-12640","page","type-page","status-publish","has-post-thumbnail","hentry"],"acf":[],"yoast_head":"<!-- This site is optimized with the Yoast SEO Premium plugin v26.0 (Yoast SEO v26.8) - https:\/\/yoast.com\/product\/yoast-seo-premium-wordpress\/ -->\n<title>Blog de l&#039;automatisation intelligente - Roboyo<\/title>\n<meta name=\"description\" content=\"Restez \u00e0 jour avec les blogs de Roboyo pour les derni\u00e8res tendances des principaux professionnels de l\u2019industrie de l\u2019automatisation.\" \/>\n<meta name=\"robots\" content=\"index, follow, max-snippet:-1, max-image-preview:large, max-video-preview:-1\" \/>\n<link rel=\"canonical\" href=\"https:\/\/roboyo.global\/fr\/tous-les-apercus\/blog\/\" \/>\n<meta property=\"og:locale\" content=\"fr_FR\" \/>\n<meta property=\"og:type\" content=\"article\" \/>\n<meta property=\"og:title\" content=\"Blog de l&#039;automatisation intelligente\" \/>\n<meta property=\"og:description\" content=\"Restez \u00e0 jour avec les blogs de Roboyo pour les derni\u00e8res tendances des principaux professionnels de l\u2019industrie de l\u2019automatisation.\" \/>\n<meta property=\"og:url\" content=\"https:\/\/roboyo.global\/fr\/tous-les-apercus\/blog\/\" \/>\n<meta property=\"og:site_name\" content=\"Roboyo\" \/>\n<meta property=\"article:modified_time\" content=\"2023-09-12T13:03:57+00:00\" \/>\n<meta property=\"og:image\" content=\"https:\/\/roboyo.global\/app\/uploads\/2022\/10\/2.png\" \/>\n\t<meta property=\"og:image:width\" content=\"1080\" \/>\n\t<meta property=\"og:image:height\" content=\"1080\" \/>\n\t<meta property=\"og:image:type\" content=\"image\/png\" \/>\n<meta name=\"twitter:card\" content=\"summary_large_image\" \/>\n<script type=\"application\/ld+json\" class=\"yoast-schema-graph\">{\"@context\":\"https:\/\/schema.org\",\"@graph\":[{\"@type\":\"WebPage\",\"@id\":\"https:\/\/roboyo.global\/fr\/tous-les-apercus\/blog\/\",\"url\":\"https:\/\/roboyo.global\/fr\/tous-les-apercus\/blog\/\",\"name\":\"Blog de l'automatisation intelligente - Roboyo\",\"isPartOf\":{\"@id\":\"https:\/\/roboyo.global\/fr\/#website\"},\"primaryImageOfPage\":{\"@id\":\"https:\/\/roboyo.global\/fr\/tous-les-apercus\/blog\/#primaryimage\"},\"image\":{\"@id\":\"https:\/\/roboyo.global\/fr\/tous-les-apercus\/blog\/#primaryimage\"},\"thumbnailUrl\":\"https:\/\/roboyo.global\/app\/uploads\/2022\/10\/2.png\",\"datePublished\":\"2021-07-09T09:47:06+00:00\",\"dateModified\":\"2023-09-12T13:03:57+00:00\",\"description\":\"Restez \u00e0 jour avec les blogs de Roboyo pour les derni\u00e8res tendances des principaux professionnels de l\u2019industrie de l\u2019automatisation.\",\"breadcrumb\":{\"@id\":\"https:\/\/roboyo.global\/fr\/tous-les-apercus\/blog\/#breadcrumb\"},\"inLanguage\":\"fr-FR\",\"potentialAction\":[{\"@type\":\"ReadAction\",\"target\":[\"https:\/\/roboyo.global\/fr\/tous-les-apercus\/blog\/\"]}]},{\"@type\":\"ImageObject\",\"inLanguage\":\"fr-FR\",\"@id\":\"https:\/\/roboyo.global\/fr\/tous-les-apercus\/blog\/#primaryimage\",\"url\":\"https:\/\/roboyo.global\/app\/uploads\/2022\/10\/2.png\",\"contentUrl\":\"https:\/\/roboyo.global\/app\/uploads\/2022\/10\/2.png\",\"width\":1080,\"height\":1080,\"caption\":\"Blog\"},{\"@type\":\"BreadcrumbList\",\"@id\":\"https:\/\/roboyo.global\/fr\/tous-les-apercus\/blog\/#breadcrumb\",\"itemListElement\":[{\"@type\":\"ListItem\",\"position\":1,\"name\":\"Home\",\"item\":\"https:\/\/roboyo.global\/fr\/\"},{\"@type\":\"ListItem\",\"position\":2,\"name\":\"Aper\u00e7u de l&#8217;automatisation intelligente\",\"item\":\"https:\/\/roboyo.global\/fr\/?page_id=10107\"},{\"@type\":\"ListItem\",\"position\":3,\"name\":\"Blog de l&#8217;automatisation intelligente\"}]},{\"@type\":\"WebSite\",\"@id\":\"https:\/\/roboyo.global\/fr\/#website\",\"url\":\"https:\/\/roboyo.global\/fr\/\",\"name\":\"Roboyo - Your Agentic Automation & AI Partner of Choice\",\"description\":\"We take what\u2019s possible to the next level. Now.\",\"potentialAction\":[{\"@type\":\"SearchAction\",\"target\":{\"@type\":\"EntryPoint\",\"urlTemplate\":\"https:\/\/roboyo.global\/fr\/?s={search_term_string}\"},\"query-input\":{\"@type\":\"PropertyValueSpecification\",\"valueRequired\":true,\"valueName\":\"search_term_string\"}}],\"inLanguage\":\"fr-FR\"}]}<\/script>\n<!-- \/ Yoast SEO Premium plugin. -->","yoast_head_json":{"title":"Blog de l'automatisation intelligente - Roboyo","description":"Restez \u00e0 jour avec les blogs de Roboyo pour les derni\u00e8res tendances des principaux professionnels de l\u2019industrie de l\u2019automatisation.","robots":{"index":"index","follow":"follow","max-snippet":"max-snippet:-1","max-image-preview":"max-image-preview:large","max-video-preview":"max-video-preview:-1"},"canonical":"https:\/\/roboyo.global\/fr\/tous-les-apercus\/blog\/","og_locale":"fr_FR","og_type":"article","og_title":"Blog de l'automatisation intelligente","og_description":"Restez \u00e0 jour avec les blogs de Roboyo pour les derni\u00e8res tendances des principaux professionnels de l\u2019industrie de l\u2019automatisation.","og_url":"https:\/\/roboyo.global\/fr\/tous-les-apercus\/blog\/","og_site_name":"Roboyo","article_modified_time":"2023-09-12T13:03:57+00:00","og_image":[{"width":1080,"height":1080,"url":"https:\/\/roboyo.global\/app\/uploads\/2022\/10\/2.png","type":"image\/png"}],"twitter_card":"summary_large_image","schema":{"@context":"https:\/\/schema.org","@graph":[{"@type":"WebPage","@id":"https:\/\/roboyo.global\/fr\/tous-les-apercus\/blog\/","url":"https:\/\/roboyo.global\/fr\/tous-les-apercus\/blog\/","name":"Blog de l'automatisation intelligente - Roboyo","isPartOf":{"@id":"https:\/\/roboyo.global\/fr\/#website"},"primaryImageOfPage":{"@id":"https:\/\/roboyo.global\/fr\/tous-les-apercus\/blog\/#primaryimage"},"image":{"@id":"https:\/\/roboyo.global\/fr\/tous-les-apercus\/blog\/#primaryimage"},"thumbnailUrl":"https:\/\/roboyo.global\/app\/uploads\/2022\/10\/2.png","datePublished":"2021-07-09T09:47:06+00:00","dateModified":"2023-09-12T13:03:57+00:00","description":"Restez \u00e0 jour avec les blogs de Roboyo pour les derni\u00e8res tendances des principaux professionnels de l\u2019industrie de l\u2019automatisation.","breadcrumb":{"@id":"https:\/\/roboyo.global\/fr\/tous-les-apercus\/blog\/#breadcrumb"},"inLanguage":"fr-FR","potentialAction":[{"@type":"ReadAction","target":["https:\/\/roboyo.global\/fr\/tous-les-apercus\/blog\/"]}]},{"@type":"ImageObject","inLanguage":"fr-FR","@id":"https:\/\/roboyo.global\/fr\/tous-les-apercus\/blog\/#primaryimage","url":"https:\/\/roboyo.global\/app\/uploads\/2022\/10\/2.png","contentUrl":"https:\/\/roboyo.global\/app\/uploads\/2022\/10\/2.png","width":1080,"height":1080,"caption":"Blog"},{"@type":"BreadcrumbList","@id":"https:\/\/roboyo.global\/fr\/tous-les-apercus\/blog\/#breadcrumb","itemListElement":[{"@type":"ListItem","position":1,"name":"Home","item":"https:\/\/roboyo.global\/fr\/"},{"@type":"ListItem","position":2,"name":"Aper\u00e7u de l&#8217;automatisation intelligente","item":"https:\/\/roboyo.global\/fr\/?page_id=10107"},{"@type":"ListItem","position":3,"name":"Blog de l&#8217;automatisation intelligente"}]},{"@type":"WebSite","@id":"https:\/\/roboyo.global\/fr\/#website","url":"https:\/\/roboyo.global\/fr\/","name":"Roboyo - Your Agentic Automation & AI Partner of Choice","description":"We take what\u2019s possible to the next level. Now.","potentialAction":[{"@type":"SearchAction","target":{"@type":"EntryPoint","urlTemplate":"https:\/\/roboyo.global\/fr\/?s={search_term_string}"},"query-input":{"@type":"PropertyValueSpecification","valueRequired":true,"valueName":"search_term_string"}}],"inLanguage":"fr-FR"}]}},"_links":{"self":[{"href":"https:\/\/roboyo.global\/fr\/wp-json\/wp\/v2\/pages\/12640","targetHints":{"allow":["GET"]}}],"collection":[{"href":"https:\/\/roboyo.global\/fr\/wp-json\/wp\/v2\/pages"}],"about":[{"href":"https:\/\/roboyo.global\/fr\/wp-json\/wp\/v2\/types\/page"}],"author":[{"embeddable":true,"href":"https:\/\/roboyo.global\/fr\/wp-json\/wp\/v2\/users\/1"}],"replies":[{"embeddable":true,"href":"https:\/\/roboyo.global\/fr\/wp-json\/wp\/v2\/comments?post=12640"}],"version-history":[{"count":42,"href":"https:\/\/roboyo.global\/fr\/wp-json\/wp\/v2\/pages\/12640\/revisions"}],"predecessor-version":[{"id":65357,"href":"https:\/\/roboyo.global\/fr\/wp-json\/wp\/v2\/pages\/12640\/revisions\/65357"}],"up":[{"embeddable":true,"href":"https:\/\/roboyo.global\/fr\/wp-json\/wp\/v2\/pages\/10107"}],"wp:featuredmedia":[{"embeddable":true,"href":"https:\/\/roboyo.global\/fr\/wp-json\/wp\/v2\/media\/42966"}],"wp:attachment":[{"href":"https:\/\/roboyo.global\/fr\/wp-json\/wp\/v2\/media?parent=12640"}],"wp:term":[{"taxonomy":"wf_page_folders","embeddable":true,"href":"https:\/\/roboyo.global\/fr\/wp-json\/wp\/v2\/wf_page_folders?post=12640"}],"curies":[{"name":"wp","href":"https:\/\/api.w.org\/{rel}","templated":true}]}}