{"id":12637,"date":"2021-07-09T10:45:07","date_gmt":"2021-07-09T09:45:07","guid":{"rendered":"https:\/\/roboyo.global\/?page_id=12637"},"modified":"2023-11-29T15:29:32","modified_gmt":"2023-11-29T15:29:32","slug":"presse","status":"publish","type":"page","link":"https:\/\/roboyo.global\/fr\/tous-les-apercus\/presse\/","title":{"rendered":"Communiqu\u00e9s de presse sur l&#8217;automatisation intelligente"},"content":{"rendered":"\r\n\r\n<section  data-loaded data-nav-transparent class=\"hero-header-4 hero-header-4--h6 hero-header-4--left  hero-header-4--fw\" data-block=\"appeal\/hero-4\">\r\n    <div class=\"hero-header-4__wrapper hero-header-4__wrapper--white\">\r\n        <div class=\"hero-header-4__container\">\r\n                        <div class=\"hero-header-4__content hero-header-4__content--\">\r\n                \r\n\r\n                                    <p class=\"hero-header-4__title h6 uppercase\">AUTOMATISATION INTELLIGENTE<\/p>\r\n                \r\n                                    <h1 class=\"hero-header-4__subtitle h3 uppercase\">niveau suivant appuyer<\/h1>\r\n                \r\n                \r\n            <\/div>\r\n        <\/div>\r\n    <\/div>\r\n<\/section>\n\n\r\n\r\n<section  data-loaded class=\"horizontal-nav horizontal-nav--light  async-load\">\r\n    <div class=\"horizontal-nav__container container--1644\">\r\n        <nav class=\"horizontal-nav__nav\">\r\n            <ul class=\"horizontal-nav__links\">\r\n                                                                                        <li class=\"horizontal-nav__link  horizontal-nav__link--mobile-default  js-hnav-default-mobile-link\">\r\n                                <a href=\"#\">Menu<\/a>\r\n                            <\/li>\r\n                                                <li class=\"horizontal-nav__link  js-hnav-link\" data-url-path=\"\/fr\/tous-les-apercus\/\">\r\n                                                        <a href=\"https:\/\/roboyo.global\/fr\/tous-les-apercus\/\">\ufeffTous les Aper\u00e7us<\/a>\r\n                            \r\n                                                    <\/li>\r\n                                                                                                        <li class=\"horizontal-nav__link  js-hnav-link\" data-url-path=\"\/fr\/tous-les-apercus\/blog\/ \/\">\r\n                                                        <a href=\"https:\/\/roboyo.global\/fr\/tous-les-apercus\/blog\/ \">Blog<\/a>\r\n                            \r\n                                                    <\/li>\r\n                                                                                                        <li class=\"horizontal-nav__link  js-hnav-link\" data-url-path=\"\/fr\/tous-les-apercus\/etudes-de-cas\/\">\r\n                                                        <a href=\"https:\/\/roboyo.global\/fr\/tous-les-apercus\/etudes-de-cas\/\">Histoires de r\u00e9ussite<\/a>\r\n                            \r\n                                                    <\/li>\r\n                                                                                                        <li class=\"horizontal-nav__link  js-hnav-link\" data-url-path=\"\/fr\/tous-les-apercus\/ressources\/\">\r\n                                                        <a href=\"https:\/\/roboyo.global\/fr\/tous-les-apercus\/ressources\/\">Ressources<\/a>\r\n                            \r\n                                                    <\/li>\r\n                                                                                                        <li class=\"horizontal-nav__link  js-hnav-link\" data-url-path=\"\/fr\/tous-les-apercus\/presse\/\">\r\n                                                        <a href=\"https:\/\/roboyo.global\/fr\/tous-les-apercus\/presse\/\">Presse<\/a>\r\n                            \r\n                                                    <\/li>\r\n                                                                                                        <li class=\"horizontal-nav__link  js-hnav-link\" data-url-path=\"\/fr\/tous-les-apercus\/evenements\/\">\r\n                                                        <a href=\"https:\/\/roboyo.global\/fr\/tous-les-apercus\/evenements\/\">Ev\u00e9nements<\/a>\r\n                            \r\n                                                    <\/li>\r\n                                                                                                        <li class=\"horizontal-nav__link  js-hnav-link\" data-url-path=\"\/fr\/tous-les-apercus\/videos\/\">\r\n                                                        <a href=\"https:\/\/roboyo.global\/fr\/tous-les-apercus\/videos\/\">Vid\u00e9os<\/a>\r\n                            \r\n                                                    <\/li>\r\n                                                <\/ul>\r\n        <\/nav>\r\n    <\/div>\r\n<\/section>\n\n\n\n<section id=\"feed-v2\" >\n    <feed-component :feed-layout='{\"layout\":\"single_post_type\",\"postType\":\"press_release\",\"enableFilters\":false}' :translations='{\"Load Previous Insights\":\"Load Previous Insights\",\"Load More Insights\":\"charger plus d\\u0027informations\",\"No results to show\":\"Pas de r\\u00e9sultats \\u00e0 montrer\",\"Filter\":\"Filter\",\"Filters\":\"Filters\",\"Clear all filters\":\"Clear all filters\",\"Show results\":\"Show results\",\"All Results\":\"All Results\",\"%read_time% min read\":\"%read_time% min lire\",\"By\":\"Par\",\"more\":\"more\",\"Episode\":\"Episode\",\"Latest\":\"Latest\",\"Listen here\":\"Listen here\",\"Watch episode\":\"Watch episode\"}' language-code='fr' \/>\n<\/section>\n\n    <noscript>\n                    <article>\n                <a href=\"https:\/\/roboyo.global\/fr\/all-insights\/press-release\/roboyo-nomme-derk-weinheimer-au-poste-de-directeur-general\/\">\n                    <h3>Roboyo nomme Derk Weinheimer au poste de directeur g\u00e9n\u00e9ral<\/h3>\n                <\/a>\n            <\/article>\n                    <article>\n                <a href=\"https:\/\/roboyo.global\/fr\/all-insights\/presse\/andreas-obermair-reconnu-comme-mvp-2024-uipath\/\">\n                    <h3>Andreas Obermair Reconnu Comme MVP 2024 UiPath<\/h3>\n                <\/a>\n            <\/article>\n                    <article>\n                <a href=\"https:\/\/roboyo.global\/fr\/presse\/roboyo-forme-un-partenariat-strategique-avec-druid-pour-ameliorer-leur-offre-en-intelligence-artificielle-conversationnelle\/\">\n                    <h3>Roboyo Forme Un Partenariat Strat\u00e9gique Avec Druid Pour Am\u00e9liorer Leur Offre En Intelligence Artificielle Conversationnelle<\/h3>\n                <\/a>\n            <\/article>\n                    <article>\n                <a href=\"https:\/\/roboyo.global\/fr\/all-insights\/presse\/roboyo-accueille-stanley-capital-partners-en-tant-quinvestisseur-strategique-cle\/\">\n                    <h3>Roboyo Accueille Stanley Capital Partners En Tant Qu&#8217;investisseur Strat\u00e9gique Cl\u00e9<\/h3>\n                <\/a>\n            <\/article>\n                    <article>\n                <a href=\"https:\/\/roboyo.global\/fr\/all-insights\/presse\/roboyo-sassocie-a-parashift\/\">\n                    <h3>Roboyo S&#8217;associe \u00c0 Parashift<\/h3>\n                <\/a>\n            <\/article>\n                    <article>\n                <a href=\"https:\/\/roboyo.global\/fr\/all-insights\/press-release\/roboyo-expanse-impression-footprint-global-et-apporte-lexpertise-en-hyper-automation-a-singapour\/\">\n                    <h3>Roboyo \u00e9tend son empreinte mondiale et apporte son expertise en hyperautomatisation \u00e0 Singapour<\/h3>\n                <\/a>\n            <\/article>\n                    <article>\n                <a href=\"https:\/\/roboyo.global\/fr\/all-insights\/press-release\/everest-group-nomme-roboyo-star-performer-dans-la-categorie-intelligent-process-automation-ipa\/\">\n                    <h3>Everest Group nomme Roboyo Star Performer dans la cat\u00e9gorie Intelligent Process Automation (IPA)<\/h3>\n                <\/a>\n            <\/article>\n                    <article>\n                <a href=\"https:\/\/roboyo.global\/fr\/all-insights\/press-release\/quatre-experts-en-automatisation-de-roboyo-ont-recu-le-status-de-uipath-mvp\/\">\n                    <h3>Quatre experts en automatisation de roboyo ont re\u00e7u le status de UiPath MVP<\/h3>\n                <\/a>\n            <\/article>\n                    <article>\n                <a href=\"https:\/\/roboyo.global\/fr\/all-insights\/press-release\/roboyo-wins-mendix-partenaire-de-lannee\/\">\n                    <h3>Roboyo Remporte Le Prix Du Partenaire De L&#8217;ann\u00e9e De Mendix UK Et Ireland<\/h3>\n                <\/a>\n            <\/article>\n                    <article>\n                <a href=\"https:\/\/roboyo.global\/fr\/all-insights\/press-release\/double-victoire-aux-global-partner-awards-dappian\/\">\n                    <h3>Double Victoire Aux Global Partner Awards D&#8217;Appian<\/h3>\n                <\/a>\n            <\/article>\n                    <article>\n                <a href=\"https:\/\/roboyo.global\/fr\/all-insights\/press-release\/roboyo-fait-lacquisition-de-procensol\/\">\n                    <h3>Roboyo fait l&#8217;acquisition de Procensol<\/h3>\n                <\/a>\n            <\/article>\n                    <article>\n                <a href=\"https:\/\/roboyo.global\/fr\/all-insights\/press-release\/roboyo-sassocie-au-programme-de-partenariat-dentreprise-de-la-cems\/\">\n                    <h3>Roboyo S&#8217;associe Au Programme De Partenariat D&#8217;entreprise De La Cems<\/h3>\n                <\/a>\n            <\/article>\n                                    <a href=\"\/fr\/wp-json\/wp\/v2\/pages\/12637?current_page=2\" rel=\"next\">Next<\/a>\n            <\/noscript>\n\n\n\r\n\r\n<section  data-horizontal-hide data-loaded class=\"cta cta--none cta--  async-load\" data-block=\"appeal\/cta\">\r\n    \r\n    <div class=\"cta__container container--edge-to-edge\">\r\n                    <h2 class=\"cta__title\">Passez \u00e0 la Next Level. NOW.<\/h2>\r\n                        <div class=\"cta__button\">\r\n                            \n<a\n    class=\"cta__link modal-button link--dark link--dark-blue  link link--primary link--internal\"\n    href=\"#cta_footer\"     aria-label=\"Contact Us: NOUS CONTACTER\"    data-loaded\n>\n  <div>\n          <i><\/i>\n        <span>NOUS CONTACTER<\/span>\n      <\/div>\n<\/a>                    <\/div>\r\n    <\/div>\r\n    <div class=\"cta__modal\">\r\n        \r\n    <\/div>\r\n<\/section>","protected":false},"excerpt":{"rendered":"","protected":false},"author":1,"featured_media":42980,"parent":10107,"menu_order":0,"comment_status":"closed","ping_status":"closed","template":"","meta":{"_acf_changed":false,"footnotes":""},"wf_page_folders":[],"class_list":["post-12637","page","type-page","status-publish","has-post-thumbnail","hentry"],"acf":[],"yoast_head":"<!-- This site is optimized with the Yoast SEO Premium plugin v26.0 (Yoast SEO v26.8) - https:\/\/yoast.com\/product\/yoast-seo-premium-wordpress\/ -->\n<title>Communiqu\u00e9s De Presse Sur L&#039;automatisation Intelligente<\/title>\n<meta name=\"description\" content=\"Consultez notre presse pour conna\u00eetre les derni\u00e8res tendances en mati\u00e8re d\u2019automatisation et les mises \u00e0 jour d\u2019experts du secteur de la RPA.\" \/>\n<meta name=\"robots\" content=\"index, follow, max-snippet:-1, max-image-preview:large, max-video-preview:-1\" \/>\n<link rel=\"canonical\" href=\"https:\/\/roboyo.global\/fr\/tous-les-apercus\/presse\/\" \/>\n<meta property=\"og:locale\" content=\"fr_FR\" \/>\n<meta property=\"og:type\" content=\"article\" \/>\n<meta property=\"og:title\" content=\"Communiqu\u00e9s de presse sur l&#039;automatisation intelligente\" \/>\n<meta property=\"og:description\" content=\"Consultez notre presse pour conna\u00eetre les derni\u00e8res tendances en mati\u00e8re d\u2019automatisation et les mises \u00e0 jour d\u2019experts du secteur de la RPA.\" \/>\n<meta property=\"og:url\" content=\"https:\/\/roboyo.global\/fr\/tous-les-apercus\/presse\/\" \/>\n<meta property=\"og:site_name\" content=\"Roboyo\" \/>\n<meta property=\"article:modified_time\" content=\"2023-11-29T15:29:32+00:00\" \/>\n<meta property=\"og:image\" content=\"https:\/\/roboyo.global\/app\/uploads\/2022\/10\/5.png\" \/>\n\t<meta property=\"og:image:width\" content=\"1080\" \/>\n\t<meta property=\"og:image:height\" content=\"1080\" \/>\n\t<meta property=\"og:image:type\" content=\"image\/png\" \/>\n<meta name=\"twitter:card\" content=\"summary_large_image\" \/>\n<script type=\"application\/ld+json\" class=\"yoast-schema-graph\">{\"@context\":\"https:\/\/schema.org\",\"@graph\":[{\"@type\":\"WebPage\",\"@id\":\"https:\/\/roboyo.global\/fr\/tous-les-apercus\/presse\/\",\"url\":\"https:\/\/roboyo.global\/fr\/tous-les-apercus\/presse\/\",\"name\":\"Communiqu\u00e9s De Presse Sur L'automatisation Intelligente\",\"isPartOf\":{\"@id\":\"https:\/\/roboyo.global\/fr\/#website\"},\"primaryImageOfPage\":{\"@id\":\"https:\/\/roboyo.global\/fr\/tous-les-apercus\/presse\/#primaryimage\"},\"image\":{\"@id\":\"https:\/\/roboyo.global\/fr\/tous-les-apercus\/presse\/#primaryimage\"},\"thumbnailUrl\":\"https:\/\/roboyo.global\/app\/uploads\/2022\/10\/5.png\",\"datePublished\":\"2021-07-09T09:45:07+00:00\",\"dateModified\":\"2023-11-29T15:29:32+00:00\",\"description\":\"Consultez notre presse pour conna\u00eetre les derni\u00e8res tendances en mati\u00e8re d\u2019automatisation et les mises \u00e0 jour d\u2019experts du secteur de la RPA.\",\"breadcrumb\":{\"@id\":\"https:\/\/roboyo.global\/fr\/tous-les-apercus\/presse\/#breadcrumb\"},\"inLanguage\":\"fr-FR\",\"potentialAction\":[{\"@type\":\"ReadAction\",\"target\":[\"https:\/\/roboyo.global\/fr\/tous-les-apercus\/presse\/\"]}]},{\"@type\":\"ImageObject\",\"inLanguage\":\"fr-FR\",\"@id\":\"https:\/\/roboyo.global\/fr\/tous-les-apercus\/presse\/#primaryimage\",\"url\":\"https:\/\/roboyo.global\/app\/uploads\/2022\/10\/5.png\",\"contentUrl\":\"https:\/\/roboyo.global\/app\/uploads\/2022\/10\/5.png\",\"width\":1080,\"height\":1080,\"caption\":\"Press Releases\"},{\"@type\":\"BreadcrumbList\",\"@id\":\"https:\/\/roboyo.global\/fr\/tous-les-apercus\/presse\/#breadcrumb\",\"itemListElement\":[{\"@type\":\"ListItem\",\"position\":1,\"name\":\"Home\",\"item\":\"https:\/\/roboyo.global\/fr\/\"},{\"@type\":\"ListItem\",\"position\":2,\"name\":\"Aper\u00e7u de l&#8217;automatisation intelligente\",\"item\":\"https:\/\/roboyo.global\/fr\/?page_id=10107\"},{\"@type\":\"ListItem\",\"position\":3,\"name\":\"Communiqu\u00e9s de presse sur l&#8217;automatisation intelligente\"}]},{\"@type\":\"WebSite\",\"@id\":\"https:\/\/roboyo.global\/fr\/#website\",\"url\":\"https:\/\/roboyo.global\/fr\/\",\"name\":\"Roboyo - Your Agentic Automation & AI Partner of Choice\",\"description\":\"We take what\u2019s possible to the next level. Now.\",\"potentialAction\":[{\"@type\":\"SearchAction\",\"target\":{\"@type\":\"EntryPoint\",\"urlTemplate\":\"https:\/\/roboyo.global\/fr\/?s={search_term_string}\"},\"query-input\":{\"@type\":\"PropertyValueSpecification\",\"valueRequired\":true,\"valueName\":\"search_term_string\"}}],\"inLanguage\":\"fr-FR\"}]}<\/script>\n<!-- \/ Yoast SEO Premium plugin. -->","yoast_head_json":{"title":"Communiqu\u00e9s De Presse Sur L'automatisation Intelligente","description":"Consultez notre presse pour conna\u00eetre les derni\u00e8res tendances en mati\u00e8re d\u2019automatisation et les mises \u00e0 jour d\u2019experts du secteur de la RPA.","robots":{"index":"index","follow":"follow","max-snippet":"max-snippet:-1","max-image-preview":"max-image-preview:large","max-video-preview":"max-video-preview:-1"},"canonical":"https:\/\/roboyo.global\/fr\/tous-les-apercus\/presse\/","og_locale":"fr_FR","og_type":"article","og_title":"Communiqu\u00e9s de presse sur l'automatisation intelligente","og_description":"Consultez notre presse pour conna\u00eetre les derni\u00e8res tendances en mati\u00e8re d\u2019automatisation et les mises \u00e0 jour d\u2019experts du secteur de la RPA.","og_url":"https:\/\/roboyo.global\/fr\/tous-les-apercus\/presse\/","og_site_name":"Roboyo","article_modified_time":"2023-11-29T15:29:32+00:00","og_image":[{"width":1080,"height":1080,"url":"https:\/\/roboyo.global\/app\/uploads\/2022\/10\/5.png","type":"image\/png"}],"twitter_card":"summary_large_image","schema":{"@context":"https:\/\/schema.org","@graph":[{"@type":"WebPage","@id":"https:\/\/roboyo.global\/fr\/tous-les-apercus\/presse\/","url":"https:\/\/roboyo.global\/fr\/tous-les-apercus\/presse\/","name":"Communiqu\u00e9s De Presse Sur L'automatisation Intelligente","isPartOf":{"@id":"https:\/\/roboyo.global\/fr\/#website"},"primaryImageOfPage":{"@id":"https:\/\/roboyo.global\/fr\/tous-les-apercus\/presse\/#primaryimage"},"image":{"@id":"https:\/\/roboyo.global\/fr\/tous-les-apercus\/presse\/#primaryimage"},"thumbnailUrl":"https:\/\/roboyo.global\/app\/uploads\/2022\/10\/5.png","datePublished":"2021-07-09T09:45:07+00:00","dateModified":"2023-11-29T15:29:32+00:00","description":"Consultez notre presse pour conna\u00eetre les derni\u00e8res tendances en mati\u00e8re d\u2019automatisation et les mises \u00e0 jour d\u2019experts du secteur de la RPA.","breadcrumb":{"@id":"https:\/\/roboyo.global\/fr\/tous-les-apercus\/presse\/#breadcrumb"},"inLanguage":"fr-FR","potentialAction":[{"@type":"ReadAction","target":["https:\/\/roboyo.global\/fr\/tous-les-apercus\/presse\/"]}]},{"@type":"ImageObject","inLanguage":"fr-FR","@id":"https:\/\/roboyo.global\/fr\/tous-les-apercus\/presse\/#primaryimage","url":"https:\/\/roboyo.global\/app\/uploads\/2022\/10\/5.png","contentUrl":"https:\/\/roboyo.global\/app\/uploads\/2022\/10\/5.png","width":1080,"height":1080,"caption":"Press Releases"},{"@type":"BreadcrumbList","@id":"https:\/\/roboyo.global\/fr\/tous-les-apercus\/presse\/#breadcrumb","itemListElement":[{"@type":"ListItem","position":1,"name":"Home","item":"https:\/\/roboyo.global\/fr\/"},{"@type":"ListItem","position":2,"name":"Aper\u00e7u de l&#8217;automatisation intelligente","item":"https:\/\/roboyo.global\/fr\/?page_id=10107"},{"@type":"ListItem","position":3,"name":"Communiqu\u00e9s de presse sur l&#8217;automatisation intelligente"}]},{"@type":"WebSite","@id":"https:\/\/roboyo.global\/fr\/#website","url":"https:\/\/roboyo.global\/fr\/","name":"Roboyo - Your Agentic Automation & AI Partner of Choice","description":"We take what\u2019s possible to the next level. Now.","potentialAction":[{"@type":"SearchAction","target":{"@type":"EntryPoint","urlTemplate":"https:\/\/roboyo.global\/fr\/?s={search_term_string}"},"query-input":{"@type":"PropertyValueSpecification","valueRequired":true,"valueName":"search_term_string"}}],"inLanguage":"fr-FR"}]}},"_links":{"self":[{"href":"https:\/\/roboyo.global\/fr\/wp-json\/wp\/v2\/pages\/12637","targetHints":{"allow":["GET"]}}],"collection":[{"href":"https:\/\/roboyo.global\/fr\/wp-json\/wp\/v2\/pages"}],"about":[{"href":"https:\/\/roboyo.global\/fr\/wp-json\/wp\/v2\/types\/page"}],"author":[{"embeddable":true,"href":"https:\/\/roboyo.global\/fr\/wp-json\/wp\/v2\/users\/1"}],"replies":[{"embeddable":true,"href":"https:\/\/roboyo.global\/fr\/wp-json\/wp\/v2\/comments?post=12637"}],"version-history":[{"count":25,"href":"https:\/\/roboyo.global\/fr\/wp-json\/wp\/v2\/pages\/12637\/revisions"}],"predecessor-version":[{"id":65341,"href":"https:\/\/roboyo.global\/fr\/wp-json\/wp\/v2\/pages\/12637\/revisions\/65341"}],"up":[{"embeddable":true,"href":"https:\/\/roboyo.global\/fr\/wp-json\/wp\/v2\/pages\/10107"}],"wp:featuredmedia":[{"embeddable":true,"href":"https:\/\/roboyo.global\/fr\/wp-json\/wp\/v2\/media\/42980"}],"wp:attachment":[{"href":"https:\/\/roboyo.global\/fr\/wp-json\/wp\/v2\/media?parent=12637"}],"wp:term":[{"taxonomy":"wf_page_folders","embeddable":true,"href":"https:\/\/roboyo.global\/fr\/wp-json\/wp\/v2\/wf_page_folders?post=12637"}],"curies":[{"name":"wp","href":"https:\/\/api.w.org\/{rel}","templated":true}]}}