{"id":12635,"date":"2021-07-09T10:44:52","date_gmt":"2021-07-09T09:44:52","guid":{"rendered":"https:\/\/roboyo.global\/?page_id=12635"},"modified":"2024-05-23T16:45:10","modified_gmt":"2024-05-23T15:45:10","slug":"evenements","status":"publish","type":"page","link":"https:\/\/roboyo.global\/fr\/tous-les-apercus\/evenements\/","title":{"rendered":"\u00c9v\u00e9nements de l&#8217;automatisation intelligente"},"content":{"rendered":"\r\n\r\n<section\r\n    data-loaded\r\n    data-nav-transparent\r\n    data-block=\"appeal\/hero-header-narrow\"\r\n    class=\"hero-header-narrow\"\r\n>\r\n    <div class=\"hero-header-narrow__container\">\r\n        <div class=\"hero-header-narrow__content\">\r\n                            <p class=\"hero-header-narrow__subtitle  \">\r\n                    AUTOMATISATION INTELLIGENTE                <\/p>\r\n            \r\n                            <h1 class=\"hero-header-narrow__title  \">\r\n                    \u00e9v\u00e9nements de niveau sup\u00e9rieur                <\/h1>\r\n                    <\/div>\r\n    <\/div>\r\n<\/section>\r\n\n\n\r\n\r\n<section  data-loaded class=\"horizontal-nav horizontal-nav--light  async-load\">\r\n    <div class=\"horizontal-nav__container container--1644\">\r\n        <nav class=\"horizontal-nav__nav\">\r\n            <ul class=\"horizontal-nav__links\">\r\n                                                                                        <li class=\"horizontal-nav__link  horizontal-nav__link--mobile-default  js-hnav-default-mobile-link\">\r\n                                <a href=\"#\">Menu<\/a>\r\n                            <\/li>\r\n                                                <li class=\"horizontal-nav__link  js-hnav-link\" data-url-path=\"\/fr\/tous-les-apercus\/\">\r\n                                                        <a href=\"https:\/\/roboyo.global\/fr\/tous-les-apercus\/\">\ufeffTous les Aper\u00e7us<\/a>\r\n                            \r\n                                                    <\/li>\r\n                                                                                                        <li class=\"horizontal-nav__link  js-hnav-link\" data-url-path=\"\/fr\/tous-les-apercus\/blog\/ \/\">\r\n                                                        <a href=\"https:\/\/roboyo.global\/fr\/tous-les-apercus\/blog\/ \">Blog<\/a>\r\n                            \r\n                                                    <\/li>\r\n                                                                                                        <li class=\"horizontal-nav__link  js-hnav-link\" data-url-path=\"\/fr\/tous-les-apercus\/etudes-de-cas\/\">\r\n                                                        <a href=\"https:\/\/roboyo.global\/fr\/tous-les-apercus\/etudes-de-cas\/\">Histoires de r\u00e9ussite<\/a>\r\n                            \r\n                                                    <\/li>\r\n                                                                                                        <li class=\"horizontal-nav__link  js-hnav-link\" data-url-path=\"\/fr\/tous-les-apercus\/ressources\/\">\r\n                                                        <a href=\"https:\/\/roboyo.global\/fr\/tous-les-apercus\/ressources\/\">Ressources<\/a>\r\n                            \r\n                                                    <\/li>\r\n                                                                                                        <li class=\"horizontal-nav__link  js-hnav-link\" data-url-path=\"\/fr\/tous-les-apercus\/presse\/\">\r\n                                                        <a href=\"https:\/\/roboyo.global\/fr\/tous-les-apercus\/presse\/\">Presse<\/a>\r\n                            \r\n                                                    <\/li>\r\n                                                                                                        <li class=\"horizontal-nav__link  js-hnav-link\" data-url-path=\"\/fr\/tous-les-apercus\/evenements\/\">\r\n                                                        <a href=\"https:\/\/roboyo.global\/fr\/tous-les-apercus\/evenements\/\">Ev\u00e9nements<\/a>\r\n                            \r\n                                                    <\/li>\r\n                                                                                                        <li class=\"horizontal-nav__link  js-hnav-link\" data-url-path=\"\/fr\/tous-les-apercus\/videos\/\">\r\n                                                        <a href=\"https:\/\/roboyo.global\/fr\/tous-les-apercus\/videos\/\">Vid\u00e9os<\/a>\r\n                            \r\n                                                    <\/li>\r\n                                                <\/ul>\r\n        <\/nav>\r\n    <\/div>\r\n<\/section>\n\n\r\n<section class=\"feed-v-container\" >\r\n  <event-feed :translations='{\"Events\":\"Events\",\"type\":\"Taper\",\"Upcoming events\":\"\\u00c9v\\u00e9nements \\u00e0 venir\",\"Previous events\":\"\\u00c9v\\u00e9nements pass\\u00e9s\",\"Location\":\"Lieu\",\"Share Event\":\"Partagez l\\u0027\\u00e9v\\u00e9nement\",\"time\":\"time\",\"Register\":\"Registre\",\"st\":\" \",\"No updates\":\"No upcoming events to show right now. Come back soon for updates.\",\"nd\":\" \",\"rd\":\" \",\"th\":\" \",\"Next Level Insights from Roboyo\":\"Les id\\u00e9es Next Level de Roboyo\"}' language-code=\"fr\"><\/event-feed>\r\n<\/section>\r\n\r\n\r\n<noscript>\r\n            <\/noscript>\r\n\n\n<div aria-hidden=\"true\" class=\"appeal-spacer appeal-spacer--69e1970d9f221  appeal-spacer--transparent\">\r\n<style>\r\n\/* Ultrawide *\/\r\n.appeal-spacer--69e1970d9f221 {\r\n    height: 150px;\r\n}\r\n\r\n\/* Desktop *\/\r\n@media (max-width: 1920px) {\r\n    .appeal-spacer--69e1970d9f221 {\r\n        height: 150px;\r\n    }\r\n}\r\n\r\n\/* Laptop *\/\r\n@media (max-width: 1024px) {\r\n    .appeal-spacer--69e1970d9f221 {\r\n        height: 75px;\r\n    }\r\n}\r\n\r\n\/* Mobile *\/\r\n@media (max-width: 767px) {\r\n    .appeal-spacer--69e1970d9f221 {\r\n        height: 75px;\r\n    }\r\n}\r\n<\/style>\r\n<\/div>\r\n\n\n\r\n\r\n<section  data-horizontal-hide data-loaded class=\"cta cta--none cta--  async-load\" data-block=\"appeal\/cta\">\r\n    \r\n    <div class=\"cta__container container--edge-to-edge\">\r\n                    <h2 class=\"cta__title\">Passez \u00e0 la Next Level. NOW.<\/h2>\r\n                        <div class=\"cta__button\">\r\n                            \n<a\n    class=\"cta__link modal-button link--dark link--dark-blue  link link--primary link--internal\"\n    href=\"#cta_footer\"     aria-label=\"Contact Us: NOUS CONTACTER\"    data-loaded\n>\n  <div>\n          <i><\/i>\n        <span>NOUS CONTACTER<\/span>\n      <\/div>\n<\/a>                    <\/div>\r\n    <\/div>\r\n    <div class=\"cta__modal\">\r\n        \r\n    <\/div>\r\n<\/section>","protected":false},"excerpt":{"rendered":"","protected":false},"author":1,"featured_media":42985,"parent":10107,"menu_order":0,"comment_status":"closed","ping_status":"closed","template":"","meta":{"_acf_changed":false,"footnotes":""},"wf_page_folders":[],"class_list":["post-12635","page","type-page","status-publish","has-post-thumbnail","hentry"],"acf":[],"yoast_head":"<!-- This site is optimized with the Yoast SEO Premium plugin v26.0 (Yoast SEO v26.8) - https:\/\/yoast.com\/product\/yoast-seo-premium-wordpress\/ -->\n<title>\u00c9v\u00e9nements de l&#039;automatisation intelligente - Roboyo<\/title>\n<meta name=\"description\" content=\"Tenez-vous au courant des derniers \u00e9v\u00e9nements et webinaires sur l\u2019automatisation intelligente de Roboyo dans le secteur de la RPA.\" \/>\n<meta name=\"robots\" content=\"index, follow, max-snippet:-1, max-image-preview:large, max-video-preview:-1\" \/>\n<link rel=\"canonical\" href=\"https:\/\/roboyo.global\/fr\/tous-les-apercus\/evenements\/\" \/>\n<meta property=\"og:locale\" content=\"fr_FR\" \/>\n<meta property=\"og:type\" content=\"article\" \/>\n<meta property=\"og:title\" content=\"\u00c9v\u00e9nements de l&#039;automatisation intelligente\" \/>\n<meta property=\"og:description\" content=\"Tenez-vous au courant des derniers \u00e9v\u00e9nements et webinaires sur l\u2019automatisation intelligente de Roboyo dans le secteur de la RPA.\" \/>\n<meta property=\"og:url\" content=\"https:\/\/roboyo.global\/fr\/tous-les-apercus\/evenements\/\" \/>\n<meta property=\"og:site_name\" content=\"Roboyo\" \/>\n<meta property=\"article:modified_time\" content=\"2024-05-23T15:45:10+00:00\" \/>\n<meta property=\"og:image\" content=\"https:\/\/roboyo.global\/app\/uploads\/2022\/10\/6.png\" \/>\n\t<meta property=\"og:image:width\" content=\"1080\" \/>\n\t<meta property=\"og:image:height\" content=\"1080\" \/>\n\t<meta property=\"og:image:type\" content=\"image\/png\" \/>\n<meta name=\"twitter:card\" content=\"summary_large_image\" \/>\n<meta name=\"twitter:label1\" content=\"Est. reading time\" \/>\n\t<meta name=\"twitter:data1\" content=\"1 minute\" \/>\n<script type=\"application\/ld+json\" class=\"yoast-schema-graph\">{\"@context\":\"https:\/\/schema.org\",\"@graph\":[{\"@type\":\"WebPage\",\"@id\":\"https:\/\/roboyo.global\/fr\/tous-les-apercus\/evenements\/\",\"url\":\"https:\/\/roboyo.global\/fr\/tous-les-apercus\/evenements\/\",\"name\":\"\u00c9v\u00e9nements de l'automatisation intelligente - Roboyo\",\"isPartOf\":{\"@id\":\"https:\/\/roboyo.global\/fr\/#website\"},\"primaryImageOfPage\":{\"@id\":\"https:\/\/roboyo.global\/fr\/tous-les-apercus\/evenements\/#primaryimage\"},\"image\":{\"@id\":\"https:\/\/roboyo.global\/fr\/tous-les-apercus\/evenements\/#primaryimage\"},\"thumbnailUrl\":\"https:\/\/roboyo.global\/app\/uploads\/2022\/10\/6.png\",\"datePublished\":\"2021-07-09T09:44:52+00:00\",\"dateModified\":\"2024-05-23T15:45:10+00:00\",\"description\":\"Tenez-vous au courant des derniers \u00e9v\u00e9nements et webinaires sur l\u2019automatisation intelligente de Roboyo dans le secteur de la RPA.\",\"breadcrumb\":{\"@id\":\"https:\/\/roboyo.global\/fr\/tous-les-apercus\/evenements\/#breadcrumb\"},\"inLanguage\":\"fr-FR\",\"potentialAction\":[{\"@type\":\"ReadAction\",\"target\":[\"https:\/\/roboyo.global\/fr\/tous-les-apercus\/evenements\/\"]}]},{\"@type\":\"ImageObject\",\"inLanguage\":\"fr-FR\",\"@id\":\"https:\/\/roboyo.global\/fr\/tous-les-apercus\/evenements\/#primaryimage\",\"url\":\"https:\/\/roboyo.global\/app\/uploads\/2022\/10\/6.png\",\"contentUrl\":\"https:\/\/roboyo.global\/app\/uploads\/2022\/10\/6.png\",\"width\":1080,\"height\":1080,\"caption\":\"Events\"},{\"@type\":\"BreadcrumbList\",\"@id\":\"https:\/\/roboyo.global\/fr\/tous-les-apercus\/evenements\/#breadcrumb\",\"itemListElement\":[{\"@type\":\"ListItem\",\"position\":1,\"name\":\"Home\",\"item\":\"https:\/\/roboyo.global\/fr\/\"},{\"@type\":\"ListItem\",\"position\":2,\"name\":\"Aper\u00e7u de l&#8217;automatisation intelligente\",\"item\":\"https:\/\/roboyo.global\/fr\/?page_id=10107\"},{\"@type\":\"ListItem\",\"position\":3,\"name\":\"\u00c9v\u00e9nements de l&#8217;automatisation intelligente\"}]},{\"@type\":\"WebSite\",\"@id\":\"https:\/\/roboyo.global\/fr\/#website\",\"url\":\"https:\/\/roboyo.global\/fr\/\",\"name\":\"Roboyo - Your Agentic Automation & AI Partner of Choice\",\"description\":\"We take what\u2019s possible to the next level. Now.\",\"potentialAction\":[{\"@type\":\"SearchAction\",\"target\":{\"@type\":\"EntryPoint\",\"urlTemplate\":\"https:\/\/roboyo.global\/fr\/?s={search_term_string}\"},\"query-input\":{\"@type\":\"PropertyValueSpecification\",\"valueRequired\":true,\"valueName\":\"search_term_string\"}}],\"inLanguage\":\"fr-FR\"}]}<\/script>\n<!-- \/ Yoast SEO Premium plugin. -->","yoast_head_json":{"title":"\u00c9v\u00e9nements de l'automatisation intelligente - Roboyo","description":"Tenez-vous au courant des derniers \u00e9v\u00e9nements et webinaires sur l\u2019automatisation intelligente de Roboyo dans le secteur de la RPA.","robots":{"index":"index","follow":"follow","max-snippet":"max-snippet:-1","max-image-preview":"max-image-preview:large","max-video-preview":"max-video-preview:-1"},"canonical":"https:\/\/roboyo.global\/fr\/tous-les-apercus\/evenements\/","og_locale":"fr_FR","og_type":"article","og_title":"\u00c9v\u00e9nements de l'automatisation intelligente","og_description":"Tenez-vous au courant des derniers \u00e9v\u00e9nements et webinaires sur l\u2019automatisation intelligente de Roboyo dans le secteur de la RPA.","og_url":"https:\/\/roboyo.global\/fr\/tous-les-apercus\/evenements\/","og_site_name":"Roboyo","article_modified_time":"2024-05-23T15:45:10+00:00","og_image":[{"width":1080,"height":1080,"url":"https:\/\/roboyo.global\/app\/uploads\/2022\/10\/6.png","type":"image\/png"}],"twitter_card":"summary_large_image","twitter_misc":{"Est. reading time":"1 minute"},"schema":{"@context":"https:\/\/schema.org","@graph":[{"@type":"WebPage","@id":"https:\/\/roboyo.global\/fr\/tous-les-apercus\/evenements\/","url":"https:\/\/roboyo.global\/fr\/tous-les-apercus\/evenements\/","name":"\u00c9v\u00e9nements de l'automatisation intelligente - Roboyo","isPartOf":{"@id":"https:\/\/roboyo.global\/fr\/#website"},"primaryImageOfPage":{"@id":"https:\/\/roboyo.global\/fr\/tous-les-apercus\/evenements\/#primaryimage"},"image":{"@id":"https:\/\/roboyo.global\/fr\/tous-les-apercus\/evenements\/#primaryimage"},"thumbnailUrl":"https:\/\/roboyo.global\/app\/uploads\/2022\/10\/6.png","datePublished":"2021-07-09T09:44:52+00:00","dateModified":"2024-05-23T15:45:10+00:00","description":"Tenez-vous au courant des derniers \u00e9v\u00e9nements et webinaires sur l\u2019automatisation intelligente de Roboyo dans le secteur de la RPA.","breadcrumb":{"@id":"https:\/\/roboyo.global\/fr\/tous-les-apercus\/evenements\/#breadcrumb"},"inLanguage":"fr-FR","potentialAction":[{"@type":"ReadAction","target":["https:\/\/roboyo.global\/fr\/tous-les-apercus\/evenements\/"]}]},{"@type":"ImageObject","inLanguage":"fr-FR","@id":"https:\/\/roboyo.global\/fr\/tous-les-apercus\/evenements\/#primaryimage","url":"https:\/\/roboyo.global\/app\/uploads\/2022\/10\/6.png","contentUrl":"https:\/\/roboyo.global\/app\/uploads\/2022\/10\/6.png","width":1080,"height":1080,"caption":"Events"},{"@type":"BreadcrumbList","@id":"https:\/\/roboyo.global\/fr\/tous-les-apercus\/evenements\/#breadcrumb","itemListElement":[{"@type":"ListItem","position":1,"name":"Home","item":"https:\/\/roboyo.global\/fr\/"},{"@type":"ListItem","position":2,"name":"Aper\u00e7u de l&#8217;automatisation intelligente","item":"https:\/\/roboyo.global\/fr\/?page_id=10107"},{"@type":"ListItem","position":3,"name":"\u00c9v\u00e9nements de l&#8217;automatisation intelligente"}]},{"@type":"WebSite","@id":"https:\/\/roboyo.global\/fr\/#website","url":"https:\/\/roboyo.global\/fr\/","name":"Roboyo - Your Agentic Automation & AI Partner of Choice","description":"We take what\u2019s possible to the next level. Now.","potentialAction":[{"@type":"SearchAction","target":{"@type":"EntryPoint","urlTemplate":"https:\/\/roboyo.global\/fr\/?s={search_term_string}"},"query-input":{"@type":"PropertyValueSpecification","valueRequired":true,"valueName":"search_term_string"}}],"inLanguage":"fr-FR"}]}},"_links":{"self":[{"href":"https:\/\/roboyo.global\/fr\/wp-json\/wp\/v2\/pages\/12635","targetHints":{"allow":["GET"]}}],"collection":[{"href":"https:\/\/roboyo.global\/fr\/wp-json\/wp\/v2\/pages"}],"about":[{"href":"https:\/\/roboyo.global\/fr\/wp-json\/wp\/v2\/types\/page"}],"author":[{"embeddable":true,"href":"https:\/\/roboyo.global\/fr\/wp-json\/wp\/v2\/users\/1"}],"replies":[{"embeddable":true,"href":"https:\/\/roboyo.global\/fr\/wp-json\/wp\/v2\/comments?post=12635"}],"version-history":[{"count":33,"href":"https:\/\/roboyo.global\/fr\/wp-json\/wp\/v2\/pages\/12635\/revisions"}],"predecessor-version":[{"id":82025,"href":"https:\/\/roboyo.global\/fr\/wp-json\/wp\/v2\/pages\/12635\/revisions\/82025"}],"up":[{"embeddable":true,"href":"https:\/\/roboyo.global\/fr\/wp-json\/wp\/v2\/pages\/10107"}],"wp:featuredmedia":[{"embeddable":true,"href":"https:\/\/roboyo.global\/fr\/wp-json\/wp\/v2\/media\/42985"}],"wp:attachment":[{"href":"https:\/\/roboyo.global\/fr\/wp-json\/wp\/v2\/media?parent=12635"}],"wp:term":[{"taxonomy":"wf_page_folders","embeddable":true,"href":"https:\/\/roboyo.global\/fr\/wp-json\/wp\/v2\/wf_page_folders?post=12635"}],"curies":[{"name":"wp","href":"https:\/\/api.w.org\/{rel}","templated":true}]}}