{"id":12632,"date":"2021-07-09T10:44:23","date_gmt":"2021-07-09T09:44:23","guid":{"rendered":"https:\/\/roboyo.global\/?page_id=12632"},"modified":"2023-11-29T15:42:53","modified_gmt":"2023-11-29T15:42:53","slug":"etudes-de-cas-sur-lautomatisation-intelligente-roboyo","status":"publish","type":"page","link":"https:\/\/roboyo.global\/fr\/tous-les-apercus\/etudes-de-cas\/","title":{"rendered":"Histoires de r\u00e9ussite de l&#8217;automatisation intelligente"},"content":{"rendered":"\r\n\r\n<section  data-loaded data-nav-transparent class=\"hero-header-4 hero-header-4--h6 hero-header-4--left  hero-header-4--fw\" data-block=\"appeal\/hero-4\">\r\n    <div class=\"hero-header-4__wrapper hero-header-4__wrapper--white\">\r\n        <div class=\"hero-header-4__container\">\r\n                        <div class=\"hero-header-4__content hero-header-4__content--\">\r\n                \r\n\r\n                                    <p class=\"hero-header-4__title h6 uppercase\">AUTOMATISATION INTELLIGENTE<\/p>\r\n                \r\n                                    <h1 class=\"hero-header-4__subtitle h3 uppercase\">Histoires de r\u00e9ussite Next Level<\/h1>\r\n                \r\n                \r\n            <\/div>\r\n        <\/div>\r\n    <\/div>\r\n<\/section>\n\n\r\n\r\n<section  data-loaded class=\"horizontal-nav horizontal-nav--light  async-load\">\r\n    <div class=\"horizontal-nav__container container--1644\">\r\n        <nav class=\"horizontal-nav__nav\">\r\n            <ul class=\"horizontal-nav__links\">\r\n                                                                                        <li class=\"horizontal-nav__link  horizontal-nav__link--mobile-default  js-hnav-default-mobile-link\">\r\n                                <a href=\"#\">Menu<\/a>\r\n                            <\/li>\r\n                                                <li class=\"horizontal-nav__link  js-hnav-link\" data-url-path=\"\/fr\/tous-les-apercus\/\">\r\n                                                        <a href=\"https:\/\/roboyo.global\/fr\/tous-les-apercus\/\">\ufeffTous les Aper\u00e7us<\/a>\r\n                            \r\n                                                    <\/li>\r\n                                                                                                        <li class=\"horizontal-nav__link  js-hnav-link\" data-url-path=\"\/fr\/tous-les-apercus\/blog\/ \/\">\r\n                                                        <a href=\"https:\/\/roboyo.global\/fr\/tous-les-apercus\/blog\/ \">Blog<\/a>\r\n                            \r\n                                                    <\/li>\r\n                                                                                                        <li class=\"horizontal-nav__link  js-hnav-link\" data-url-path=\"\/fr\/tous-les-apercus\/etudes-de-cas\/\">\r\n                                                        <a href=\"https:\/\/roboyo.global\/fr\/tous-les-apercus\/etudes-de-cas\/\">Histoires de r\u00e9ussite<\/a>\r\n                            \r\n                                                    <\/li>\r\n                                                                                                        <li class=\"horizontal-nav__link  js-hnav-link\" data-url-path=\"\/fr\/tous-les-apercus\/ressources\/\">\r\n                                                        <a href=\"https:\/\/roboyo.global\/fr\/tous-les-apercus\/ressources\/\">Ressources<\/a>\r\n                            \r\n                                                    <\/li>\r\n                                                                                                        <li class=\"horizontal-nav__link  js-hnav-link\" data-url-path=\"\/fr\/tous-les-apercus\/presse\/\">\r\n                                                        <a href=\"https:\/\/roboyo.global\/fr\/tous-les-apercus\/presse\/\">Presse<\/a>\r\n                            \r\n                                                    <\/li>\r\n                                                                                                        <li class=\"horizontal-nav__link  js-hnav-link\" data-url-path=\"\/fr\/tous-les-apercus\/evenements\/\">\r\n                                                        <a href=\"https:\/\/roboyo.global\/fr\/tous-les-apercus\/evenements\/\">Ev\u00e9nements<\/a>\r\n                            \r\n                                                    <\/li>\r\n                                                                                                        <li class=\"horizontal-nav__link  js-hnav-link\" data-url-path=\"\/fr\/tous-les-apercus\/videos\/\">\r\n                                                        <a href=\"https:\/\/roboyo.global\/fr\/tous-les-apercus\/videos\/\">Vid\u00e9os<\/a>\r\n                            \r\n                                                    <\/li>\r\n                                                <\/ul>\r\n        <\/nav>\r\n    <\/div>\r\n<\/section>\n\n\n\n<section id=\"feed-v2\" >\n    <feed-component :feed-layout='{\"layout\":\"single_post_type\",\"postType\":\"case_study\",\"enableFilters\":false}' :translations='{\"Load Previous Insights\":\"Load Previous Insights\",\"Load More Insights\":\"charger plus d\\u0027informations\",\"No results to show\":\"Pas de r\\u00e9sultats \\u00e0 montrer\",\"Filter\":\"Filter\",\"Filters\":\"Filters\",\"Clear all filters\":\"Clear all filters\",\"Show results\":\"Show results\",\"All Results\":\"All Results\",\"%read_time% min read\":\"%read_time% min lire\",\"By\":\"Par\",\"more\":\"more\",\"Episode\":\"Episode\",\"Latest\":\"Latest\",\"Listen here\":\"Listen here\",\"Watch episode\":\"Watch episode\"}' language-code='fr' \/>\n<\/section>\n\n    <noscript>\n                    <article>\n                <a href=\"https:\/\/roboyo.global\/fr\/case-study\/scoring-ia-en-action-150-me-de-chiffre-daffaires-et-570-ke-economises-grace-a-lautomatisation-des-rfq\/\">\n                    <h3>Scoring IA en action : +150 M\u20ac de chiffre d\u2019affaires et 570 K\u20ac \u00e9conomis\u00e9s gr\u00e2ce \u00e0 l\u2019automatisation des RFQ<\/h3>\n                <\/a>\n            <\/article>\n                    <article>\n                <a href=\"https:\/\/roboyo.global\/fr\/case-study\/extraction-de-documents-immobiliers-par-ia-atteindre-99-de-precision-et-85-de-traitement-direct-stp\/\">\n                    <h3>Extraction de documents immobiliers par IA : atteindre 99 % de pr\u00e9cision et 85 % de traitement direct (STP)<\/h3>\n                <\/a>\n            <\/article>\n                    <article>\n                <a href=\"https:\/\/roboyo.global\/fr\/case-study\/classification-des-cas-propulsee-par-lia-amelioration-de-la-precision-et-economie-de-58-etp-dans-le-service-client\/\">\n                    <h3>Classification des Cas Propuls\u00e9e par l&#8217;IA : Am\u00e9lioration de la Pr\u00e9cision et \u00c9conomie de 5,8 ETP dans le Service Client<\/h3>\n                <\/a>\n            <\/article>\n                    <article>\n                <a href=\"https:\/\/roboyo.global\/fr\/case-study\/lautomatisation-a-grande-echelle-dans-lindustrie-automobile-comment-opmobility-a-recupere-plus-de-100-heures-par-mois\/\">\n                    <h3>L&#8217;automatisation \u00e0 grande \u00e9chelle dans l&#8217;industrie automobile : comment OPmobility a r\u00e9cup\u00e9r\u00e9 plus de 100 heures par mois<\/h3>\n                <\/a>\n            <\/article>\n                    <article>\n                <a href=\"https:\/\/roboyo.global\/fr\/case-study\/lia-agentique-ameliore-la-prevision-des-comptes-fournisseurs-une-intelligence-evolutive-pour-la-finance\/\">\n                    <h3>L\u2019IA agentique am\u00e9liore la pr\u00e9vision des comptes fournisseurs : une intelligence \u00e9volutive pour la finance<\/h3>\n                <\/a>\n            <\/article>\n                    <article>\n                <a href=\"https:\/\/roboyo.global\/fr\/case-study\/fabrication-pour-une-productivite-datelier-de-niveau-superieur\/\">\n                    <h3>FABRICATION: POUR UNE PRODUCTIVIT\u00c9 D\u2019ATELIER DE NIVEAU SUP\u00c9RIEUR<\/h3>\n                <\/a>\n            <\/article>\n                    <article>\n                <a href=\"https:\/\/roboyo.global\/fr\/case-study\/gouvernement-delivrer-une-gestion-de-cas-next-level\/\">\n                    <h3>GOUVERNEMENT: D\u00c9LIVRER UNE GESTION DE CAS NEXT LEVEL<\/h3>\n                <\/a>\n            <\/article>\n                    <article>\n                <a href=\"https:\/\/roboyo.global\/fr\/case-study\/automobile-une-prise-de-decision-next-level\/\">\n                    <h3>Automobile : Une prise de d\u00e9cision Next Level<\/h3>\n                <\/a>\n            <\/article>\n                    <article>\n                <a href=\"https:\/\/roboyo.global\/fr\/case-study\/sciences-de-la-vie-assurer-une-transformation-next-level\/\">\n                    <h3>Sciences de la vie : Assurer une transformation Next Level<\/h3>\n                <\/a>\n            <\/article>\n                    <article>\n                <a href=\"https:\/\/roboyo.global\/fr\/case-study\/assurance-un-niveau-eleve-dexperience-client\/\">\n                    <h3>Assurance: Offrir un service CX de haut niveau<\/h3>\n                <\/a>\n            <\/article>\n                    <article>\n                <a href=\"https:\/\/roboyo.global\/fr\/case-study\/banque-proporcionar-eficiencia-operativa-a-un-nivel-superior\/\">\n                    <h3>Banque: Une efficacit\u00e9 op\u00e9rationnelle de niveau sup\u00e9rieur<\/h3>\n                <\/a>\n            <\/article>\n                    <article>\n                <a href=\"https:\/\/roboyo.global\/fr\/etudes-de-cas\/gouvernement-fournir-une-assurance-financiere-de-niveau-superieur\/\">\n                    <h3>Fournir Une Assurance Financi\u00e8re De Niveau Sup\u00e9rieur<\/h3>\n                <\/a>\n            <\/article>\n                                    <a href=\"\/fr\/wp-json\/wp\/v2\/pages\/12632?current_page=2\" rel=\"next\">Next<\/a>\n            <\/noscript>\n\n\n\r\n\r\n<section  data-horizontal-hide data-loaded class=\"cta cta--none cta--  async-load\" data-block=\"appeal\/cta\">\r\n    \r\n    <div class=\"cta__container container--edge-to-edge\">\r\n                    <h2 class=\"cta__title\">Passez \u00e0 la Next Level. NOW.<\/h2>\r\n                        <div class=\"cta__button\">\r\n                            \n<a\n    class=\"cta__link modal-button link--dark link--dark-blue  link link--primary link--internal\"\n    href=\"#cta_footer\"     aria-label=\"Contact Us: NOUS CONTACTER\"    data-loaded\n>\n  <div>\n          <i><\/i>\n        <span>NOUS CONTACTER<\/span>\n      <\/div>\n<\/a>                    <\/div>\r\n    <\/div>\r\n    <div class=\"cta__modal\">\r\n        \r\n    <\/div>\r\n<\/section>","protected":false},"excerpt":{"rendered":"","protected":false},"author":1,"featured_media":42970,"parent":10107,"menu_order":0,"comment_status":"closed","ping_status":"closed","template":"","meta":{"_acf_changed":false,"footnotes":""},"wf_page_folders":[],"class_list":["post-12632","page","type-page","status-publish","has-post-thumbnail","hentry"],"acf":[],"yoast_head":"<!-- This site is optimized with the Yoast SEO Premium plugin v26.0 (Yoast SEO v26.8) - https:\/\/yoast.com\/product\/yoast-seo-premium-wordpress\/ -->\n<title>Histoires De R\u00e9ussite De L&#039;automatisation Intelligente<\/title>\n<meta name=\"description\" content=\"Lisez nos Histoires de r\u00e9ussite pour d\u00e9couvrir comment nous avons aid\u00e9 nos clients \u00e0 exploiter la puissance de la RPA.\" \/>\n<meta name=\"robots\" content=\"index, follow, max-snippet:-1, max-image-preview:large, max-video-preview:-1\" \/>\n<link rel=\"canonical\" href=\"https:\/\/roboyo.global\/fr\/tous-les-apercus\/etudes-de-cas\/\" \/>\n<meta property=\"og:locale\" content=\"fr_FR\" \/>\n<meta property=\"og:type\" content=\"article\" \/>\n<meta property=\"og:title\" content=\"Histoires de r\u00e9ussite de l&#039;automatisation intelligente\" \/>\n<meta property=\"og:description\" content=\"Lisez nos Histoires de r\u00e9ussite pour d\u00e9couvrir comment nous avons aid\u00e9 nos clients \u00e0 exploiter la puissance de la RPA.\" \/>\n<meta property=\"og:url\" content=\"https:\/\/roboyo.global\/fr\/tous-les-apercus\/etudes-de-cas\/\" \/>\n<meta property=\"og:site_name\" content=\"Roboyo\" \/>\n<meta property=\"article:modified_time\" content=\"2023-11-29T15:42:53+00:00\" \/>\n<meta property=\"og:image\" content=\"https:\/\/roboyo.global\/app\/uploads\/2022\/10\/3.png\" \/>\n\t<meta property=\"og:image:width\" content=\"1080\" \/>\n\t<meta property=\"og:image:height\" content=\"1080\" \/>\n\t<meta property=\"og:image:type\" content=\"image\/png\" \/>\n<meta name=\"twitter:card\" content=\"summary_large_image\" \/>\n<script type=\"application\/ld+json\" class=\"yoast-schema-graph\">{\"@context\":\"https:\/\/schema.org\",\"@graph\":[{\"@type\":\"WebPage\",\"@id\":\"https:\/\/roboyo.global\/fr\/tous-les-apercus\/etudes-de-cas\/\",\"url\":\"https:\/\/roboyo.global\/fr\/tous-les-apercus\/etudes-de-cas\/\",\"name\":\"Histoires De R\u00e9ussite De L'automatisation Intelligente\",\"isPartOf\":{\"@id\":\"https:\/\/roboyo.global\/fr\/#website\"},\"primaryImageOfPage\":{\"@id\":\"https:\/\/roboyo.global\/fr\/tous-les-apercus\/etudes-de-cas\/#primaryimage\"},\"image\":{\"@id\":\"https:\/\/roboyo.global\/fr\/tous-les-apercus\/etudes-de-cas\/#primaryimage\"},\"thumbnailUrl\":\"https:\/\/roboyo.global\/app\/uploads\/2022\/10\/3.png\",\"datePublished\":\"2021-07-09T09:44:23+00:00\",\"dateModified\":\"2023-11-29T15:42:53+00:00\",\"description\":\"Lisez nos Histoires de r\u00e9ussite pour d\u00e9couvrir comment nous avons aid\u00e9 nos clients \u00e0 exploiter la puissance de la RPA.\",\"breadcrumb\":{\"@id\":\"https:\/\/roboyo.global\/fr\/tous-les-apercus\/etudes-de-cas\/#breadcrumb\"},\"inLanguage\":\"fr-FR\",\"potentialAction\":[{\"@type\":\"ReadAction\",\"target\":[\"https:\/\/roboyo.global\/fr\/tous-les-apercus\/etudes-de-cas\/\"]}]},{\"@type\":\"ImageObject\",\"inLanguage\":\"fr-FR\",\"@id\":\"https:\/\/roboyo.global\/fr\/tous-les-apercus\/etudes-de-cas\/#primaryimage\",\"url\":\"https:\/\/roboyo.global\/app\/uploads\/2022\/10\/3.png\",\"contentUrl\":\"https:\/\/roboyo.global\/app\/uploads\/2022\/10\/3.png\",\"width\":1080,\"height\":1080,\"caption\":\"Case Studies\"},{\"@type\":\"BreadcrumbList\",\"@id\":\"https:\/\/roboyo.global\/fr\/tous-les-apercus\/etudes-de-cas\/#breadcrumb\",\"itemListElement\":[{\"@type\":\"ListItem\",\"position\":1,\"name\":\"Home\",\"item\":\"https:\/\/roboyo.global\/fr\/\"},{\"@type\":\"ListItem\",\"position\":2,\"name\":\"Aper\u00e7u de l&#8217;automatisation intelligente\",\"item\":\"https:\/\/roboyo.global\/fr\/?page_id=10107\"},{\"@type\":\"ListItem\",\"position\":3,\"name\":\"Histoires de r\u00e9ussite de l&#8217;automatisation intelligente\"}]},{\"@type\":\"WebSite\",\"@id\":\"https:\/\/roboyo.global\/fr\/#website\",\"url\":\"https:\/\/roboyo.global\/fr\/\",\"name\":\"Roboyo - Your Agentic Automation & AI Partner of Choice\",\"description\":\"We take what\u2019s possible to the next level. Now.\",\"potentialAction\":[{\"@type\":\"SearchAction\",\"target\":{\"@type\":\"EntryPoint\",\"urlTemplate\":\"https:\/\/roboyo.global\/fr\/?s={search_term_string}\"},\"query-input\":{\"@type\":\"PropertyValueSpecification\",\"valueRequired\":true,\"valueName\":\"search_term_string\"}}],\"inLanguage\":\"fr-FR\"}]}<\/script>\n<!-- \/ Yoast SEO Premium plugin. -->","yoast_head_json":{"title":"Histoires De R\u00e9ussite De L'automatisation Intelligente","description":"Lisez nos Histoires de r\u00e9ussite pour d\u00e9couvrir comment nous avons aid\u00e9 nos clients \u00e0 exploiter la puissance de la RPA.","robots":{"index":"index","follow":"follow","max-snippet":"max-snippet:-1","max-image-preview":"max-image-preview:large","max-video-preview":"max-video-preview:-1"},"canonical":"https:\/\/roboyo.global\/fr\/tous-les-apercus\/etudes-de-cas\/","og_locale":"fr_FR","og_type":"article","og_title":"Histoires de r\u00e9ussite de l'automatisation intelligente","og_description":"Lisez nos Histoires de r\u00e9ussite pour d\u00e9couvrir comment nous avons aid\u00e9 nos clients \u00e0 exploiter la puissance de la RPA.","og_url":"https:\/\/roboyo.global\/fr\/tous-les-apercus\/etudes-de-cas\/","og_site_name":"Roboyo","article_modified_time":"2023-11-29T15:42:53+00:00","og_image":[{"width":1080,"height":1080,"url":"https:\/\/roboyo.global\/app\/uploads\/2022\/10\/3.png","type":"image\/png"}],"twitter_card":"summary_large_image","schema":{"@context":"https:\/\/schema.org","@graph":[{"@type":"WebPage","@id":"https:\/\/roboyo.global\/fr\/tous-les-apercus\/etudes-de-cas\/","url":"https:\/\/roboyo.global\/fr\/tous-les-apercus\/etudes-de-cas\/","name":"Histoires De R\u00e9ussite De L'automatisation Intelligente","isPartOf":{"@id":"https:\/\/roboyo.global\/fr\/#website"},"primaryImageOfPage":{"@id":"https:\/\/roboyo.global\/fr\/tous-les-apercus\/etudes-de-cas\/#primaryimage"},"image":{"@id":"https:\/\/roboyo.global\/fr\/tous-les-apercus\/etudes-de-cas\/#primaryimage"},"thumbnailUrl":"https:\/\/roboyo.global\/app\/uploads\/2022\/10\/3.png","datePublished":"2021-07-09T09:44:23+00:00","dateModified":"2023-11-29T15:42:53+00:00","description":"Lisez nos Histoires de r\u00e9ussite pour d\u00e9couvrir comment nous avons aid\u00e9 nos clients \u00e0 exploiter la puissance de la RPA.","breadcrumb":{"@id":"https:\/\/roboyo.global\/fr\/tous-les-apercus\/etudes-de-cas\/#breadcrumb"},"inLanguage":"fr-FR","potentialAction":[{"@type":"ReadAction","target":["https:\/\/roboyo.global\/fr\/tous-les-apercus\/etudes-de-cas\/"]}]},{"@type":"ImageObject","inLanguage":"fr-FR","@id":"https:\/\/roboyo.global\/fr\/tous-les-apercus\/etudes-de-cas\/#primaryimage","url":"https:\/\/roboyo.global\/app\/uploads\/2022\/10\/3.png","contentUrl":"https:\/\/roboyo.global\/app\/uploads\/2022\/10\/3.png","width":1080,"height":1080,"caption":"Case Studies"},{"@type":"BreadcrumbList","@id":"https:\/\/roboyo.global\/fr\/tous-les-apercus\/etudes-de-cas\/#breadcrumb","itemListElement":[{"@type":"ListItem","position":1,"name":"Home","item":"https:\/\/roboyo.global\/fr\/"},{"@type":"ListItem","position":2,"name":"Aper\u00e7u de l&#8217;automatisation intelligente","item":"https:\/\/roboyo.global\/fr\/?page_id=10107"},{"@type":"ListItem","position":3,"name":"Histoires de r\u00e9ussite de l&#8217;automatisation intelligente"}]},{"@type":"WebSite","@id":"https:\/\/roboyo.global\/fr\/#website","url":"https:\/\/roboyo.global\/fr\/","name":"Roboyo - Your Agentic Automation & AI Partner of Choice","description":"We take what\u2019s possible to the next level. Now.","potentialAction":[{"@type":"SearchAction","target":{"@type":"EntryPoint","urlTemplate":"https:\/\/roboyo.global\/fr\/?s={search_term_string}"},"query-input":{"@type":"PropertyValueSpecification","valueRequired":true,"valueName":"search_term_string"}}],"inLanguage":"fr-FR"}]}},"_links":{"self":[{"href":"https:\/\/roboyo.global\/fr\/wp-json\/wp\/v2\/pages\/12632","targetHints":{"allow":["GET"]}}],"collection":[{"href":"https:\/\/roboyo.global\/fr\/wp-json\/wp\/v2\/pages"}],"about":[{"href":"https:\/\/roboyo.global\/fr\/wp-json\/wp\/v2\/types\/page"}],"author":[{"embeddable":true,"href":"https:\/\/roboyo.global\/fr\/wp-json\/wp\/v2\/users\/1"}],"replies":[{"embeddable":true,"href":"https:\/\/roboyo.global\/fr\/wp-json\/wp\/v2\/comments?post=12632"}],"version-history":[{"count":35,"href":"https:\/\/roboyo.global\/fr\/wp-json\/wp\/v2\/pages\/12632\/revisions"}],"predecessor-version":[{"id":65363,"href":"https:\/\/roboyo.global\/fr\/wp-json\/wp\/v2\/pages\/12632\/revisions\/65363"}],"up":[{"embeddable":true,"href":"https:\/\/roboyo.global\/fr\/wp-json\/wp\/v2\/pages\/10107"}],"wp:featuredmedia":[{"embeddable":true,"href":"https:\/\/roboyo.global\/fr\/wp-json\/wp\/v2\/media\/42970"}],"wp:attachment":[{"href":"https:\/\/roboyo.global\/fr\/wp-json\/wp\/v2\/media?parent=12632"}],"wp:term":[{"taxonomy":"wf_page_folders","embeddable":true,"href":"https:\/\/roboyo.global\/fr\/wp-json\/wp\/v2\/wf_page_folders?post=12632"}],"curies":[{"name":"wp","href":"https:\/\/api.w.org\/{rel}","templated":true}]}}