{"id":12549,"date":"2021-07-08T16:44:03","date_gmt":"2021-07-08T15:44:03","guid":{"rendered":"https:\/\/roboyo.global\/?page_id=12549"},"modified":"2024-05-21T12:14:51","modified_gmt":"2024-05-21T11:14:51","slug":"automatisation-intelligente-dans-les-achats","status":"publish","type":"page","link":"https:\/\/roboyo.global\/fr\/solutions-par-fonction\/automatisation-intelligente-dans-les-achats\/","title":{"rendered":"Automatisation intelligente dans les Achats"},"content":{"rendered":"\r\n\r\n<section  data-loaded data-nav-transparent class=\"hero-header-2 \" data-block=\"appeal\/hero-2\">\r\n    <div class=\"hero-header-2__wrapper\">\r\n        <div class=\"hero-header-2__container\">\r\n            <div class=\"hero-header-2__content\">\r\n                                <h1 class=\"hero-header-2__title hero-header-2__title--small\">\r\n                                            <span class=\"hero-header-2__title hero-header-2__title--top hero-header-2__title--small\">Automatisation intelligente dans les Achats<\/span>\r\n                    \r\n\r\n                    \r\n                <\/h1>\r\n                <div class=\"hero-header-2__description\">\r\n                                    <\/div>\r\n            <\/div>\r\n                    <\/div>\r\n    <\/div>\r\n<\/section>\n\n\r\n\r\n<section  data-loaded class=\"horizontal-nav horizontal-nav--light  async-load\">\r\n    <div class=\"horizontal-nav__container container--1644\">\r\n        <nav class=\"horizontal-nav__nav\">\r\n            <ul class=\"horizontal-nav__links\">\r\n                                                                                        <li class=\"horizontal-nav__link  horizontal-nav__link--mobile-default  js-hnav-default-mobile-link\">\r\n                                <a href=\"#\">Menu<\/a>\r\n                            <\/li>\r\n                                                <li class=\"horizontal-nav__link  js-hnav-link\" data-url-path=\"\/fr\/solutions-par-fonction\/automatisation-intelligente-en-finance\/\">\r\n                                                        <a href=\"https:\/\/roboyo.global\/fr\/solutions-par-fonction\/automatisation-intelligente-en-finance\/\">FINANCE<\/a>\r\n                            \r\n                                                    <\/li>\r\n                                                                                                        <li class=\"horizontal-nav__link  js-hnav-link\" data-url-path=\"\/fr\/solutions-par-fonction\/automatisation-intelligente-de-la-fonction-informatique\/\">\r\n                                                        <a href=\"https:\/\/roboyo.global\/fr\/solutions-par-fonction\/automatisation-intelligente-de-la-fonction-informatique\/\">INFORMATIQUE<\/a>\r\n                            \r\n                                                    <\/li>\r\n                                                                                                        <li class=\"horizontal-nav__link  js-hnav-link\" data-url-path=\"\/fr\/solutions-par-fonction\/automatisation-intelligente-des-operations\/\">\r\n                                                        <a href=\"https:\/\/roboyo.global\/fr\/solutions-par-fonction\/automatisation-intelligente-des-operations\/\">OP\u00c9RATIONS<\/a>\r\n                            \r\n                                                    <\/li>\r\n                                                                                                        <li class=\"horizontal-nav__link  js-hnav-link\" data-url-path=\"\/fr\/solutions-par-fonction\/automatisation-intelligente-dans-les-ressources-humaines\/\">\r\n                                                        <a href=\"https:\/\/roboyo.global\/fr\/solutions-par-fonction\/automatisation-intelligente-dans-les-ressources-humaines\/\">RESSOURCES HUMAINES<\/a>\r\n                            \r\n                                                    <\/li>\r\n                                                                                                        <li class=\"horizontal-nav__link  js-hnav-link\" data-url-path=\"\/fr\/solutions-par-fonction\/automatisation-intelligente-dans-les-achats\/\">\r\n                                                        <a href=\"https:\/\/roboyo.global\/fr\/solutions-par-fonction\/automatisation-intelligente-dans-les-achats\/\">ACHATS<\/a>\r\n                            \r\n                                                    <\/li>\r\n                                                                                                        <li class=\"horizontal-nav__link  js-hnav-link\" data-url-path=\"\/fr\/solutions-par-fonction\/automatisation-intelligente-dans-le-service-client\/\">\r\n                                                        <a href=\"https:\/\/roboyo.global\/fr\/solutions-par-fonction\/automatisation-intelligente-dans-le-service-client\/\">SERVICE CLIENT<\/a>\r\n                            \r\n                                                    <\/li>\r\n                                                                                                        <li class=\"horizontal-nav__link  js-hnav-link\" data-url-path=\"\/fr\/solutions-par-fonction\/automatisation-intelligente-dans-la-chaine-dapprovisionnement\/\">\r\n                                                        <a href=\"https:\/\/roboyo.global\/fr\/solutions-par-fonction\/automatisation-intelligente-dans-la-chaine-dapprovisionnement\/\">CHA\u00ceNE D\u2019APPROVISIONNEMENT<\/a>\r\n                            \r\n                                                    <\/li>\r\n                                                <\/ul>\r\n        <\/nav>\r\n    <\/div>\r\n<\/section>\n\n\r\n\r\n<section data-loaded data-nav-transparent class=\"hero-header-5 hero-header-5--white \" data-block=\"appeal\/hero-5\">\r\n    <div class=\"hero-header-5__container\">\r\n        <div class=\"hero-header-5__content\">\r\n            <div class=\"hero-header-5__inner-content\">\r\n                                    <h2 class=\"hero-header-5__title\">Solutions par fonction<\/h2>\r\n                \r\n                                    <p class=\"hero-header-5__subtitle\">Achats<\/p>\r\n                            <\/div>\r\n                    <\/div>\r\n    <\/div>\r\n<\/section>\n\n<div aria-hidden=\"true\" class=\"appeal-spacer appeal-spacer--69f8a9ceb1b00  appeal-spacer--transparent\">\r\n<style>\r\n\/* Ultrawide *\/\r\n.appeal-spacer--69f8a9ceb1b00 {\r\n    height: 100px;\r\n}\r\n\r\n\/* Desktop *\/\r\n@media (max-width: 1920px) {\r\n    .appeal-spacer--69f8a9ceb1b00 {\r\n        height: 100px;\r\n    }\r\n}\r\n\r\n\/* Laptop *\/\r\n@media (max-width: 1024px) {\r\n    .appeal-spacer--69f8a9ceb1b00 {\r\n        height: 50px;\r\n    }\r\n}\r\n\r\n\/* Mobile *\/\r\n@media (max-width: 767px) {\r\n    .appeal-spacer--69f8a9ceb1b00 {\r\n        height: 50px;\r\n    }\r\n}\r\n<\/style>\r\n<\/div>\r\n\n\n\r\n\r\n\r\n<section class=\"standout-text \" data-block=\"appeal\/standout-text\">\r\n  <div class=\"standout-text__container container--large\">\r\n    <div class=\"standout-text__content\">\r\n              <h2 class=\"standout-text__title standout-text__title-- standout-text__title--demi standout-text__title--\">Nous travaillons en partenariat avec les responsables des achats afin d\u2019identifier et exploiter les opportunit\u00e9s d\u2019automatisation \u00e0 forte valeur ajout\u00e9e qui permettent de r\u00e9organiser la mani\u00e8re dont ils ach\u00e8tent et la valeur qui en d\u00e9coule.<\/h2>\r\n          <\/div>\r\n  <\/div>\r\n<\/section>\n\n<div aria-hidden=\"true\" class=\"appeal-spacer appeal-spacer--69f8a9ceb2b7d  appeal-spacer--transparent\">\r\n<style>\r\n\/* Ultrawide *\/\r\n.appeal-spacer--69f8a9ceb2b7d {\r\n    height: 150px;\r\n}\r\n\r\n\/* Desktop *\/\r\n@media (max-width: 1920px) {\r\n    .appeal-spacer--69f8a9ceb2b7d {\r\n        height: 150px;\r\n    }\r\n}\r\n\r\n\/* Laptop *\/\r\n@media (max-width: 1024px) {\r\n    .appeal-spacer--69f8a9ceb2b7d {\r\n        height: 70px;\r\n    }\r\n}\r\n\r\n\/* Mobile *\/\r\n@media (max-width: 767px) {\r\n    .appeal-spacer--69f8a9ceb2b7d {\r\n        height: 70px;\r\n    }\r\n}\r\n<\/style>\r\n<\/div>\r\n\n\n\n\n\n<section data-loaded class=\"tam tam--ltr tam--light  tam--\" data-block=\"appeal\/text-and-inner-content\">\n  <div class=\"tam__container container--1543\">\n    <div class=\"tam__contain\">\n          <div class=\"tam__text container--default-desktop tam__text--top\">\n\n        \n                          \n        \n        \n\n        \n        <div class=\"tam__content wysiwyg\">\n          <h6><span style=\"font-weight: 400;\">Des <a href=\"https:\/\/roboyo.global\/fr\/solutions-par-fonction\/automatisation-intelligente-dans-la-chaine-dapprovisionnement\/\">cha\u00eenes d\u2019approvisionnement<\/a> agiles et efficaces et une gestion rigoureuse des co\u00fbts n\u2019ont jamais \u00e9t\u00e9 aussi importantes qu\u2019aujourd\u2019hui. L\u2019automatisation intelligente des processus d\u2019affaires r\u00e9pond \u00e0 cette urgence sans pr\u00e9c\u00e9dent avec une efficacit\u00e9 in\u00e9gal\u00e9e.<\/span><\/h6>\n<p><span style=\"color: #2154ed;\"><b>L\u2019automatisation transforme les processus administratifs lourds de la collecte de donn\u00e9es provenant de sources multiples dans un contexte de conformit\u00e9 et de r\u00e9glementation strictes.\u00a0<\/b><\/span><\/p>\n<p><span style=\"font-weight: 400;\">En rendant op\u00e9rationnelles les technologies robotiques et cognitives, les processus d\u2019approvisionnement peuvent \u00eatre men\u00e9s beaucoup plus rapidement, \u00e0 une fraction des co\u00fbts et avec z\u00e9ro erreur. Mais ce n\u2019est qu\u2019un d\u00e9but.\u00a0<\/span><\/p>\n<p><span style=\"font-weight: 400;\">L\u2019automatisation des achats permet d\u2019int\u00e9grer de mani\u00e8re transparente la conformit\u00e9, les politiques et les contr\u00f4les dans les workflows. Cela permet \u00e0 la fonction d\u2019approvisionnement de cr\u00e9er une cha\u00eene d\u2019approvisionnement agile et r\u00e9siliente qui prot\u00e8ge l\u2019entreprise de la volatilit\u00e9 et lui ouvre des possibilit\u00e9s \u00e0 l\u2019\u00e9chelle mondiale.<\/span><\/p>\n<p><strong>Discutez avec nous de la mani\u00e8re dont votre service des achats peut exploiter tout le potentiel de l\u2019automatisation.<\/strong><\/p>\n        <\/div>\n\n                            \n<a\n    class=\"tam__link link--31 link--blue modal-button link--light link link--primary link--internal\"\n    href=\"#nous_contacter\"     aria-label=\": Nous contacter\"    data-loaded\n>\n  <div>\n          <i><\/i>\n        <span>Nous contacter<\/span>\n      <\/div>\n<\/a>              <\/div>\n      <div class=\"tam__block container--default-desktop  wysiwyg\">\n        \n\n\n<div  class=\"image js-image image--square image--small\">\n  <div class=\"image__container\">\n          <picture>\n                <img decoding=\"async\" src=\"https:\/\/roboyo.global\/app\/uploads\/2021\/06\/img-sbf-procurement-square.jpg\" alt=\"Warehouse with boxes stacked on each other\" class=\"image__image\" \/>\n      <\/picture>\n    \n    \n      <\/div>\n<\/div>\n\n      <\/div>\n    <\/div>\n  <\/div>\n<\/section>\n\n\n\n<section  data-loaded\n  class=\"horizontal-posts slider-common  slider-common--dark horizontal-posts--\"\n  data-block=\"appeal\/horizontal-scroller\">\n  <h2 class=\"horizontal-posts__title container\">Contenus Similaires  <\/h2>\n  <h2 class=\"horizontal-posts__subtitle container\"><\/h2>\n    <div class=\"horizontal-posts__posts draggable\">\n    \n<article class=\"horizontal-posts__post card--padding card card--post\" data-id=\"12734\">\n  \n    \n            <div class=\"card__image card__image--1-1\" data-lazy style=\"background-color: #f1f1f1;\">\n                                        <img loading=\"lazy\" data-lazy-full=\"https:\/\/roboyo.global\/app\/uploads\/2021\/06\/Header-image-for-Three-Questions-blog-1-1024x498.jpg\" alt=\"Automatisation intelligente : trois questions pour obtenir un impact imm\u00e9diat et se pr\u00e9parer pour l\u2019avenir\">\n                    <\/div>\n      <div class=\"card__body\">\n        <h4 class=\"card__category\">Blog<\/h4>\n\n            <a href=\"https:\/\/roboyo.global\/fr\/blog\/automatisation-intelligente-trois-questions-pour-obtenir-un-impact-immediat-et-se-preparer-pour-lavenir\/\">\n            <h3 class=\"card__title\">Automatisation intelligente : trois questions pour obtenir un impact imm\u00e9diat et se pr\u00e9parer pour l\u2019avenir<\/h3>\n        <\/a>\n\n      <\/div>\n<\/article>  <\/div>\n  <div class=\"horizontal-posts__footer container\">\n    <input class=\"horizontal-posts__scrollbar\" type=\"range\" min=\"0\" max=\"100\" step=\"0.01\" value=\"0\" \/>\n\n    <div\n      class=\"slider-common__controls-wrapper  slider-common__controls-wrapper--hide\">\n      <button type=\"button\" class=\"swiper-button  swiper-button--prev  js-hozposts-button-prev\"><\/button>\n      <button type=\"button\" class=\"swiper-button  swiper-button--next  js-hozposts-button-next\"><\/button>\n      <div class=\"swiper-pagination  js-slider-pagination\">\n        <span class=\"pagination-current\"><\/span>\n        <span class=\"fraction-symbol\">&#8211;<\/span>\n        <span class=\"pagination-total\"><\/span>\n      <\/div>\n    <\/div>\n\n\n  <\/div>\n  <\/section>\n\n<div aria-hidden=\"true\" class=\"appeal-spacer appeal-spacer--69f8a9cebf79e  appeal-spacer--transparent\">\r\n<style>\r\n\/* Ultrawide *\/\r\n.appeal-spacer--69f8a9cebf79e {\r\n    height: 0px;\r\n}\r\n\r\n\/* Desktop *\/\r\n@media (max-width: 1920px) {\r\n    .appeal-spacer--69f8a9cebf79e {\r\n        height: 0px;\r\n    }\r\n}\r\n\r\n\/* Laptop *\/\r\n@media (max-width: 1024px) {\r\n    .appeal-spacer--69f8a9cebf79e {\r\n        height: 50px;\r\n    }\r\n}\r\n\r\n\/* Mobile *\/\r\n@media (max-width: 767px) {\r\n    .appeal-spacer--69f8a9cebf79e {\r\n        height: 50px;\r\n    }\r\n}\r\n<\/style>\r\n<\/div>\r\n\n\n\r\n\r\n<section  data-horizontal-hide data-loaded class=\"cta cta--none cta--  async-load\" data-block=\"appeal\/cta\">\r\n    \r\n    <div class=\"cta__container container--edge-to-edge\">\r\n                    <h2 class=\"cta__title\">Passez \u00e0 la Next Level. NOW.<\/h2>\r\n                        <div class=\"cta__button\">\r\n                            \n<a\n    class=\"cta__link modal-button link--dark link--dark-blue  link link--primary link--internal\"\n    href=\"#cta_footer\"     aria-label=\"Contact Us: NOUS CONTACTER\"    data-loaded\n>\n  <div>\n          <i><\/i>\n        <span>NOUS CONTACTER<\/span>\n      <\/div>\n<\/a>                    <\/div>\r\n    <\/div>\r\n    <div class=\"cta__modal\">\r\n        \r\n    <\/div>\r\n<\/section>","protected":false},"excerpt":{"rendered":"","protected":false},"author":1,"featured_media":3246,"parent":13305,"menu_order":5,"comment_status":"closed","ping_status":"closed","template":"","meta":{"_acf_changed":false,"footnotes":""},"wf_page_folders":[],"class_list":["post-12549","page","type-page","status-publish","has-post-thumbnail","hentry"],"acf":[],"yoast_head":"<!-- This site is optimized with the Yoast SEO Premium plugin v26.0 (Yoast SEO v26.8) - https:\/\/yoast.com\/product\/yoast-seo-premium-wordpress\/ -->\n<title>Automatisation intelligente dans les Achats - Roboyo<\/title>\n<meta name=\"description\" content=\"D\u00e9couvrez comment l\u2019IA dans les achats peut r\u00e9volutionner vos processus d\u2019affaires gr\u00e2ce \u00e0 la technologie de pointe de Roboyo.\" \/>\n<meta name=\"robots\" content=\"index, follow, max-snippet:-1, max-image-preview:large, max-video-preview:-1\" \/>\n<link rel=\"canonical\" href=\"https:\/\/roboyo.global\/fr\/solutions-par-fonction\/automatisation-intelligente-dans-les-achats\/\" \/>\n<meta property=\"og:locale\" content=\"fr_FR\" \/>\n<meta property=\"og:type\" content=\"article\" \/>\n<meta property=\"og:title\" content=\"Automatisation intelligente dans les Achats\" \/>\n<meta property=\"og:description\" content=\"D\u00e9couvrez comment l\u2019IA dans les achats peut r\u00e9volutionner vos processus d\u2019affaires gr\u00e2ce \u00e0 la technologie de pointe de Roboyo.\" \/>\n<meta property=\"og:url\" content=\"https:\/\/roboyo.global\/fr\/solutions-par-fonction\/automatisation-intelligente-dans-les-achats\/\" \/>\n<meta property=\"og:site_name\" content=\"Roboyo\" \/>\n<meta property=\"article:modified_time\" content=\"2024-05-21T11:14:51+00:00\" \/>\n<meta property=\"og:image\" content=\"https:\/\/roboyo.global\/app\/uploads\/2021\/06\/img-sbf-procurement-square.jpg\" \/>\n\t<meta property=\"og:image:width\" content=\"1420\" \/>\n\t<meta property=\"og:image:height\" content=\"1420\" \/>\n\t<meta property=\"og:image:type\" content=\"image\/jpeg\" \/>\n<meta name=\"twitter:card\" content=\"summary_large_image\" \/>\n<meta name=\"twitter:label1\" content=\"Est. reading time\" \/>\n\t<meta name=\"twitter:data1\" content=\"3 minutes\" \/>\n<script type=\"application\/ld+json\" class=\"yoast-schema-graph\">{\"@context\":\"https:\/\/schema.org\",\"@graph\":[{\"@type\":\"WebPage\",\"@id\":\"https:\/\/roboyo.global\/fr\/solutions-par-fonction\/automatisation-intelligente-dans-les-achats\/\",\"url\":\"https:\/\/roboyo.global\/fr\/solutions-par-fonction\/automatisation-intelligente-dans-les-achats\/\",\"name\":\"Automatisation intelligente dans les Achats - Roboyo\",\"isPartOf\":{\"@id\":\"https:\/\/roboyo.global\/fr\/#website\"},\"primaryImageOfPage\":{\"@id\":\"https:\/\/roboyo.global\/fr\/solutions-par-fonction\/automatisation-intelligente-dans-les-achats\/#primaryimage\"},\"image\":{\"@id\":\"https:\/\/roboyo.global\/fr\/solutions-par-fonction\/automatisation-intelligente-dans-les-achats\/#primaryimage\"},\"thumbnailUrl\":\"https:\/\/roboyo.global\/app\/uploads\/2021\/06\/img-sbf-procurement-square.jpg\",\"datePublished\":\"2021-07-08T15:44:03+00:00\",\"dateModified\":\"2024-05-21T11:14:51+00:00\",\"description\":\"D\u00e9couvrez comment l\u2019IA dans les achats peut r\u00e9volutionner vos processus d\u2019affaires gr\u00e2ce \u00e0 la technologie de pointe de Roboyo.\",\"breadcrumb\":{\"@id\":\"https:\/\/roboyo.global\/fr\/solutions-par-fonction\/automatisation-intelligente-dans-les-achats\/#breadcrumb\"},\"inLanguage\":\"fr-FR\",\"potentialAction\":[{\"@type\":\"ReadAction\",\"target\":[\"https:\/\/roboyo.global\/fr\/solutions-par-fonction\/automatisation-intelligente-dans-les-achats\/\"]}]},{\"@type\":\"ImageObject\",\"inLanguage\":\"fr-FR\",\"@id\":\"https:\/\/roboyo.global\/fr\/solutions-par-fonction\/automatisation-intelligente-dans-les-achats\/#primaryimage\",\"url\":\"https:\/\/roboyo.global\/app\/uploads\/2021\/06\/img-sbf-procurement-square.jpg\",\"contentUrl\":\"https:\/\/roboyo.global\/app\/uploads\/2021\/06\/img-sbf-procurement-square.jpg\",\"width\":1420,\"height\":1420,\"caption\":\"Warehouse with boxes stacked on each other\"},{\"@type\":\"BreadcrumbList\",\"@id\":\"https:\/\/roboyo.global\/fr\/solutions-par-fonction\/automatisation-intelligente-dans-les-achats\/#breadcrumb\",\"itemListElement\":[{\"@type\":\"ListItem\",\"position\":1,\"name\":\"Home\",\"item\":\"https:\/\/roboyo.global\/fr\/\"},{\"@type\":\"ListItem\",\"position\":2,\"name\":\"Solutions par fonction\"},{\"@type\":\"ListItem\",\"position\":3,\"name\":\"Automatisation intelligente dans les Achats\"}]},{\"@type\":\"WebSite\",\"@id\":\"https:\/\/roboyo.global\/fr\/#website\",\"url\":\"https:\/\/roboyo.global\/fr\/\",\"name\":\"Roboyo - Your Agentic Automation & AI Partner of Choice\",\"description\":\"We take what\u2019s possible to the next level. Now.\",\"potentialAction\":[{\"@type\":\"SearchAction\",\"target\":{\"@type\":\"EntryPoint\",\"urlTemplate\":\"https:\/\/roboyo.global\/fr\/?s={search_term_string}\"},\"query-input\":{\"@type\":\"PropertyValueSpecification\",\"valueRequired\":true,\"valueName\":\"search_term_string\"}}],\"inLanguage\":\"fr-FR\"}]}<\/script>\n<!-- \/ Yoast SEO Premium plugin. -->","yoast_head_json":{"title":"Automatisation intelligente dans les Achats - Roboyo","description":"D\u00e9couvrez comment l\u2019IA dans les achats peut r\u00e9volutionner vos processus d\u2019affaires gr\u00e2ce \u00e0 la technologie de pointe de Roboyo.","robots":{"index":"index","follow":"follow","max-snippet":"max-snippet:-1","max-image-preview":"max-image-preview:large","max-video-preview":"max-video-preview:-1"},"canonical":"https:\/\/roboyo.global\/fr\/solutions-par-fonction\/automatisation-intelligente-dans-les-achats\/","og_locale":"fr_FR","og_type":"article","og_title":"Automatisation intelligente dans les Achats","og_description":"D\u00e9couvrez comment l\u2019IA dans les achats peut r\u00e9volutionner vos processus d\u2019affaires gr\u00e2ce \u00e0 la technologie de pointe de Roboyo.","og_url":"https:\/\/roboyo.global\/fr\/solutions-par-fonction\/automatisation-intelligente-dans-les-achats\/","og_site_name":"Roboyo","article_modified_time":"2024-05-21T11:14:51+00:00","og_image":[{"width":1420,"height":1420,"url":"https:\/\/roboyo.global\/app\/uploads\/2021\/06\/img-sbf-procurement-square.jpg","type":"image\/jpeg"}],"twitter_card":"summary_large_image","twitter_misc":{"Est. reading time":"3 minutes"},"schema":{"@context":"https:\/\/schema.org","@graph":[{"@type":"WebPage","@id":"https:\/\/roboyo.global\/fr\/solutions-par-fonction\/automatisation-intelligente-dans-les-achats\/","url":"https:\/\/roboyo.global\/fr\/solutions-par-fonction\/automatisation-intelligente-dans-les-achats\/","name":"Automatisation intelligente dans les Achats - Roboyo","isPartOf":{"@id":"https:\/\/roboyo.global\/fr\/#website"},"primaryImageOfPage":{"@id":"https:\/\/roboyo.global\/fr\/solutions-par-fonction\/automatisation-intelligente-dans-les-achats\/#primaryimage"},"image":{"@id":"https:\/\/roboyo.global\/fr\/solutions-par-fonction\/automatisation-intelligente-dans-les-achats\/#primaryimage"},"thumbnailUrl":"https:\/\/roboyo.global\/app\/uploads\/2021\/06\/img-sbf-procurement-square.jpg","datePublished":"2021-07-08T15:44:03+00:00","dateModified":"2024-05-21T11:14:51+00:00","description":"D\u00e9couvrez comment l\u2019IA dans les achats peut r\u00e9volutionner vos processus d\u2019affaires gr\u00e2ce \u00e0 la technologie de pointe de Roboyo.","breadcrumb":{"@id":"https:\/\/roboyo.global\/fr\/solutions-par-fonction\/automatisation-intelligente-dans-les-achats\/#breadcrumb"},"inLanguage":"fr-FR","potentialAction":[{"@type":"ReadAction","target":["https:\/\/roboyo.global\/fr\/solutions-par-fonction\/automatisation-intelligente-dans-les-achats\/"]}]},{"@type":"ImageObject","inLanguage":"fr-FR","@id":"https:\/\/roboyo.global\/fr\/solutions-par-fonction\/automatisation-intelligente-dans-les-achats\/#primaryimage","url":"https:\/\/roboyo.global\/app\/uploads\/2021\/06\/img-sbf-procurement-square.jpg","contentUrl":"https:\/\/roboyo.global\/app\/uploads\/2021\/06\/img-sbf-procurement-square.jpg","width":1420,"height":1420,"caption":"Warehouse with boxes stacked on each other"},{"@type":"BreadcrumbList","@id":"https:\/\/roboyo.global\/fr\/solutions-par-fonction\/automatisation-intelligente-dans-les-achats\/#breadcrumb","itemListElement":[{"@type":"ListItem","position":1,"name":"Home","item":"https:\/\/roboyo.global\/fr\/"},{"@type":"ListItem","position":2,"name":"Solutions par fonction"},{"@type":"ListItem","position":3,"name":"Automatisation intelligente dans les Achats"}]},{"@type":"WebSite","@id":"https:\/\/roboyo.global\/fr\/#website","url":"https:\/\/roboyo.global\/fr\/","name":"Roboyo - Your Agentic Automation & AI Partner of Choice","description":"We take what\u2019s possible to the next level. Now.","potentialAction":[{"@type":"SearchAction","target":{"@type":"EntryPoint","urlTemplate":"https:\/\/roboyo.global\/fr\/?s={search_term_string}"},"query-input":{"@type":"PropertyValueSpecification","valueRequired":true,"valueName":"search_term_string"}}],"inLanguage":"fr-FR"}]}},"_links":{"self":[{"href":"https:\/\/roboyo.global\/fr\/wp-json\/wp\/v2\/pages\/12549","targetHints":{"allow":["GET"]}}],"collection":[{"href":"https:\/\/roboyo.global\/fr\/wp-json\/wp\/v2\/pages"}],"about":[{"href":"https:\/\/roboyo.global\/fr\/wp-json\/wp\/v2\/types\/page"}],"author":[{"embeddable":true,"href":"https:\/\/roboyo.global\/fr\/wp-json\/wp\/v2\/users\/1"}],"replies":[{"embeddable":true,"href":"https:\/\/roboyo.global\/fr\/wp-json\/wp\/v2\/comments?post=12549"}],"version-history":[{"count":16,"href":"https:\/\/roboyo.global\/fr\/wp-json\/wp\/v2\/pages\/12549\/revisions"}],"predecessor-version":[{"id":81740,"href":"https:\/\/roboyo.global\/fr\/wp-json\/wp\/v2\/pages\/12549\/revisions\/81740"}],"up":[{"embeddable":true,"href":"https:\/\/roboyo.global\/fr\/wp-json\/wp\/v2\/pages\/13305"}],"wp:featuredmedia":[{"embeddable":true,"href":"https:\/\/roboyo.global\/fr\/wp-json\/wp\/v2\/media\/3246"}],"wp:attachment":[{"href":"https:\/\/roboyo.global\/fr\/wp-json\/wp\/v2\/media?parent=12549"}],"wp:term":[{"taxonomy":"wf_page_folders","embeddable":true,"href":"https:\/\/roboyo.global\/fr\/wp-json\/wp\/v2\/wf_page_folders?post=12549"}],"curies":[{"name":"wp","href":"https:\/\/api.w.org\/{rel}","templated":true}]}}