{"id":12525,"date":"2021-07-08T16:13:22","date_gmt":"2021-07-08T15:13:22","guid":{"rendered":"https:\/\/roboyo.global\/?page_id=12525"},"modified":"2024-05-21T14:40:35","modified_gmt":"2024-05-21T13:40:35","slug":"mise-en-oeuvre","status":"publish","type":"page","link":"https:\/\/roboyo.global\/fr\/services\/mise-en-oeuvre\/","title":{"rendered":"Mise oeuvre"},"content":{"rendered":"\n\n<section data-nav-transparent data-loaded data-nav-transparent\n    class=\"hero-header-3 hero-header-3--left hero-header-3--no-cat \">\n    <div class=\"hero-header-3__wrapper\">\n        <div class=\"hero-header-3__video hero-header-3__video--overlay\">\n                                    \n    \n            <div class=\"hero-header-3__image\" data-lazy=\"1\">\n            <img decoding=\"async\" src=\"https:\/\/roboyo.global\/app\/uploads\/2021\/06\/img-services-implementation-header-1.jpg\" alt=\"services implementation\" loading=\"eager\" fetchpriority=\"high\">\n        <\/div>\n                                                            <\/div>\n        <div class=\"hero-header-3__container\">\n            <div class=\"hero-header-3__content\">\n                                <p class=\"hero-header-3__title\">Services<\/p>\n                \n                                                <h1 class=\"hero-header-3__subtitle\">\n                    <span>Mise en \u0153uvre d&#8217;une automatisation intelligente <\/span>\n                <\/h1>\n                \n                            <\/div>\n                    <\/div>\n                <div class=\"hero-header-3__gradient hero-header-3__gradient--overall\"\n            style=\"background: linear-gradient(, rgb() 0%, rgb() 100%)\">\n        <\/div>\n            <\/div>\n<\/section>\n\n\n\n<div aria-hidden=\"true\" class=\"appeal-spacer appeal-spacer--69d8d988a4c23  appeal-spacer--transparent\">\r\n<style>\r\n\/* Ultrawide *\/\r\n.appeal-spacer--69d8d988a4c23 {\r\n    height: 100px;\r\n}\r\n\r\n\/* Desktop *\/\r\n@media (max-width: 1920px) {\r\n    .appeal-spacer--69d8d988a4c23 {\r\n        height: 100px;\r\n    }\r\n}\r\n\r\n\/* Laptop *\/\r\n@media (max-width: 1024px) {\r\n    .appeal-spacer--69d8d988a4c23 {\r\n        height: 100px;\r\n    }\r\n}\r\n\r\n\/* Mobile *\/\r\n@media (max-width: 767px) {\r\n    .appeal-spacer--69d8d988a4c23 {\r\n        height: 50px;\r\n    }\r\n}\r\n<\/style>\r\n<\/div>\r\n\n\n\r\n\r\n\r\n<section class=\"standout-text \" data-block=\"appeal\/standout-text\">\r\n  <div class=\"standout-text__container container--large\">\r\n    <div class=\"standout-text__content\">\r\n              <h2 class=\"standout-text__title standout-text__title-- standout-text__title--demi standout-text__title--\">Traduire le potentiel d\u2019automatisation en valeur commerciale r\u00e9elle exige une expertise approfondie et un souci constant de la qualit\u00e9.<\/h2>\r\n          <\/div>\r\n  <\/div>\r\n<\/section>\n\n<div aria-hidden=\"true\" class=\"appeal-spacer appeal-spacer--69d8d988a5d08  appeal-spacer--transparent\">\r\n<style>\r\n\/* Ultrawide *\/\r\n.appeal-spacer--69d8d988a5d08 {\r\n    height: 100px;\r\n}\r\n\r\n\/* Desktop *\/\r\n@media (max-width: 1920px) {\r\n    .appeal-spacer--69d8d988a5d08 {\r\n        height: 100px;\r\n    }\r\n}\r\n\r\n\/* Laptop *\/\r\n@media (max-width: 1024px) {\r\n    .appeal-spacer--69d8d988a5d08 {\r\n        height: 75px;\r\n    }\r\n}\r\n\r\n\/* Mobile *\/\r\n@media (max-width: 767px) {\r\n    .appeal-spacer--69d8d988a5d08 {\r\n        height: 50px;\r\n    }\r\n}\r\n<\/style>\r\n<\/div>\r\n\n\n\n\n\n<section data-loaded class=\"tam tam--ltr tam--light  tam--\" data-block=\"appeal\/text-and-inner-content\">\n  <div class=\"tam__container container--1543\">\n    <div class=\"tam__contain\">\n          <div class=\"tam__text container--default-desktop tam__text--top\">\n\n        \n                          \n        \n        \n\n        \n        <div class=\"tam__content wysiwyg\">\n          <h6><span style=\"font-weight: 400;\">Nous partons des processus op\u00e9rationnels et combinons les technologies bas\u00e9es sur <a href=\"https:\/\/roboyo.global\/fr\/technologies\/ia-conversationnelle\/\">l\u2019IA<\/a> pour int\u00e9grer les silos fonctionnels et automatiser les workflows de bout en bout dans l\u2019entreprise. Nous cr\u00e9ons des syst\u00e8mes \u00e9volutifs, flexibles et intelligents qui garantissent le plus haut degr\u00e9 d\u2019automatisation \u00e0 un rapport valeur\/performance qui convient \u00e0 nos clients.<\/span><\/h6>\n<p><span style=\"font-weight: 400;\">Nos mises en \u0153uvre techniques sont assur\u00e9es par des sp\u00e9cialistes de haut niveau poss\u00e9dant une vaste exp\u00e9rience de la cr\u00e9ation de programmes d\u2019automatisation performants. Parmi eux figurent <a href=\"https:\/\/roboyo.global\/fr\/all-insights\/press-release\/uipath-reconnait-cinq-nouveaux-mvps-de-la-communaute-parmi-les-experts-roboyo\/\">5 des 100 professionnels les plus appr\u00e9ci\u00e9s (MVP) d\u2019UiPath<\/a> dans le monde, reconnus pour leur engagement en faveur de l\u2019innovation et de l\u2019apprentissage continu. Nos professionnels qualifi\u00e9s cr\u00e9ent constamment les approches les plus innovantes et les plus efficaces pour r\u00e9pondre aux exigences des clients.<\/span><\/p>\n<p><span style=\"font-weight: 400;\">Nous croyons au partage des connaissances et \u00e0 l\u2019int\u00e9gration de l\u2019expertise. Nous travaillons en collaboration avec les \u00e9quipes de votre Centre d\u2019excellence pour renforcer les comp\u00e9tences et les capacit\u00e9s internes. Par ailleurs, nous surveillons vos automatisations pendant une p\u00e9riode prolong\u00e9e apr\u00e8s le lancement dans notre phase hypercare pour fournir un soutien proactif. Nous avons con\u00e7u <\/span><a href=\"https:\/\/roboyo.global\/fr\/plateforme\/coach\/\"><span style=\"font-weight: 400;\">Coach<\/span><\/a><span style=\"font-weight: 400;\">, notre module de v\u00e9rification du code, afin de nous imposer les normes de qualit\u00e9 et de bonnes pratiques les plus \u00e9lev\u00e9es, refl\u00e9tant ainsi notre engagement envers l\u2019excellence.<\/span><\/p>\n        <\/div>\n\n                            \n<a\n    class=\"tam__link link--31 link--blue modal-button link--light link link--primary link--internal\"\n    href=\"#discuter_de_la_mise_en_oeuvre\"     aria-label=\": Discuter de la mise en \u0153uvre\"    data-loaded\n>\n  <div>\n          <i><\/i>\n        <span>Discuter de la mise en \u0153uvre<\/span>\n      <\/div>\n<\/a>              <\/div>\n      <div class=\"tam__block container--default-desktop  wysiwyg\">\n        \n\n\n<div  class=\"image js-image image--square image--small\">\n  <div class=\"image__container\">\n          <picture>\n                <img decoding=\"async\" src=\"https:\/\/roboyo.global\/app\/uploads\/2021\/06\/img-services-implementation-square.jpg\" alt=\"Person looking at monitor with code on \" class=\"image__image\" \/>\n      <\/picture>\n    \n    \n      <\/div>\n<\/div>\n\n      <\/div>\n    <\/div>\n  <\/div>\n<\/section>\n\n<div aria-hidden=\"true\" class=\"appeal-spacer appeal-spacer--69d8d988b14eb  appeal-spacer--transparent\">\r\n<style>\r\n\/* Ultrawide *\/\r\n.appeal-spacer--69d8d988b14eb {\r\n    height: 50px;\r\n}\r\n\r\n\/* Desktop *\/\r\n@media (max-width: 1920px) {\r\n    .appeal-spacer--69d8d988b14eb {\r\n        height: 50px;\r\n    }\r\n}\r\n\r\n\/* Laptop *\/\r\n@media (max-width: 1024px) {\r\n    .appeal-spacer--69d8d988b14eb {\r\n        height: 50px;\r\n    }\r\n}\r\n\r\n\/* Mobile *\/\r\n@media (max-width: 767px) {\r\n    .appeal-spacer--69d8d988b14eb {\r\n        height: 50px;\r\n    }\r\n}\r\n<\/style>\r\n<\/div>\r\n\n\n\r\n\r\n<section  data-horizontal-hide data-loaded class=\"link-list link-list--light link-list--left\" data-block=\"appeal\/link-list\">\r\n    <div class=\"link-list__container link-list__container--four-tiles container--1644\">\r\n                 <h4 class=\"link-list__title link-list__title--left link-list__title--tablet\">Explorer les services<\/h4>\r\n        <div class=\"link-list__content\">\r\n             <h4 class=\"link-list__title link-list__title--left\">Explorer les services<\/h4>\r\n                        <h4 class=\"link-list__title link-list__title--mobile\"><\/h4>\r\n\r\n            <div class=\"link-list__links \">\r\n                \r\n                                    <ol>\r\n                                            \r\n                        <li class=\"link-list__link\"><a href=\"https:\/\/roboyo.global\/fr\/services\/conseil-en-automatisation-intelligente\/\">CONSEIL EN AUTOMATISATION INTELLIGENTE <\/a><\/li>\r\n                                            \r\n                        <li class=\"link-list__link\"><a href=\"https:\/\/roboyo.global\/fr\/services\/cybersecurite-et-conformite\/\">CYBERS\u00c9CURIT\u00c9 ET CONFORMIT\u00c9 <\/a><\/li>\r\n                                        <\/ol>\r\n\r\n                                \r\n            <\/div>\r\n                        <h4 class=\"link-list__title link-list__title--mobile\"><\/h4>\r\n\r\n            <div class=\"link-list__links \">\r\n                \r\n                                    <ol>\r\n                                            \r\n                        <li class=\"link-list__link\"><a href=\"https:\/\/roboyo.global\/fr\/services\/soutien-a-la-main-doeuvre-numerique\/\">SERVICES G\u00c9R\u00c9S POUR UNE AUTOMATISATION INTELLIGENTE <\/a><\/li>\r\n                                            \r\n                        <li class=\"link-list__link\"><a href=\"https:\/\/roboyo.global\/fr\/services\/automisation-plug-and-play\/\">Automatisation Plug &#038; Play <\/a><\/li>\r\n                                        <\/ol>\r\n\r\n                                \r\n            <\/div>\r\n                    <\/div>                           \r\n    <\/div>\r\n<\/section>\n\n<div aria-hidden=\"true\" class=\"appeal-spacer appeal-spacer--69d8d988b4446  appeal-spacer--transparent\">\r\n<style>\r\n\/* Ultrawide *\/\r\n.appeal-spacer--69d8d988b4446 {\r\n    height: 0px;\r\n}\r\n\r\n\/* Desktop *\/\r\n@media (max-width: 1920px) {\r\n    .appeal-spacer--69d8d988b4446 {\r\n        height: 0px;\r\n    }\r\n}\r\n\r\n\/* Laptop *\/\r\n@media (max-width: 1024px) {\r\n    .appeal-spacer--69d8d988b4446 {\r\n        height: 25px;\r\n    }\r\n}\r\n\r\n\/* Mobile *\/\r\n@media (max-width: 767px) {\r\n    .appeal-spacer--69d8d988b4446 {\r\n        height: 25px;\r\n    }\r\n}\r\n<\/style>\r\n<\/div>\r\n\n\n\n\n<section  data-loaded\n  class=\"horizontal-posts slider-common  slider-common--dark horizontal-posts--dark\"\n  data-block=\"appeal\/horizontal-scroller\">\n  <h2 class=\"horizontal-posts__title container\">Contenus Similaires  <\/h2>\n  <h2 class=\"horizontal-posts__subtitle container\"><\/h2>\n    <div class=\"horizontal-posts__posts draggable\">\n    \n<article class=\"horizontal-posts__post card--padding card card--post card--dark\" data-id=\"32031\">\n  \n    \n            <div class=\"card__image card__image--1-1\" data-lazy >\n                            <img decoding=\"async\" loading=\"lazy\" data-lazy-placeholder src=\"https:\/\/roboyo.global\/app\/uploads\/2022\/02\/Untitled-design-11-150x150.png\" alt=\"Soins de sant\u00e9 : Fournir des capacit\u00e9s de haut niveau\">\n                                        <img loading=\"lazy\" data-lazy-full=\"https:\/\/roboyo.global\/app\/uploads\/2022\/02\/Untitled-design-11-1024x507.png\" alt=\"Soins de sant\u00e9 : Fournir des capacit\u00e9s de haut niveau\">\n                    <\/div>\n      <div class=\"card__body\">\n        <h4 class=\"card__category\">Histoires de r\u00e9ussite<\/h4>\n\n            <a href=\"https:\/\/roboyo.global\/fr\/case-study\/soins-de-sante-fournir-des-capacites-de-haut-niveau\/\">\n            <h3 class=\"card__title\">Soins de sant\u00e9 : Fournir des capacit\u00e9s de haut niveau<\/h3>\n        <\/a>\n\n      <\/div>\n<\/article>  <\/div>\n  <div class=\"horizontal-posts__footer container\">\n    <input class=\"horizontal-posts__scrollbar\" type=\"range\" min=\"0\" max=\"100\" step=\"0.01\" value=\"0\" \/>\n\n    <div\n      class=\"slider-common__controls-wrapper  slider-common__controls-wrapper--hide\">\n      <button type=\"button\" class=\"swiper-button  swiper-button--prev  js-hozposts-button-prev\"><\/button>\n      <button type=\"button\" class=\"swiper-button  swiper-button--next  js-hozposts-button-next\"><\/button>\n      <div class=\"swiper-pagination  js-slider-pagination\">\n        <span class=\"pagination-current\"><\/span>\n        <span class=\"fraction-symbol\">&#8211;<\/span>\n        <span class=\"pagination-total\"><\/span>\n      <\/div>\n    <\/div>\n\n\n  <\/div>\n  <\/section>\n\n<div aria-hidden=\"true\" class=\"appeal-spacer appeal-spacer--69d8d988b7452  appeal-spacer--transparent\">\r\n<style>\r\n\/* Ultrawide *\/\r\n.appeal-spacer--69d8d988b7452 {\r\n    height: 0px;\r\n}\r\n\r\n\/* Desktop *\/\r\n@media (max-width: 1920px) {\r\n    .appeal-spacer--69d8d988b7452 {\r\n        height: 0px;\r\n    }\r\n}\r\n\r\n\/* Laptop *\/\r\n@media (max-width: 1024px) {\r\n    .appeal-spacer--69d8d988b7452 {\r\n        height: 25px;\r\n    }\r\n}\r\n\r\n\/* Mobile *\/\r\n@media (max-width: 767px) {\r\n    .appeal-spacer--69d8d988b7452 {\r\n        height: 25px;\r\n    }\r\n}\r\n<\/style>\r\n<\/div>\r\n\n\n\n\n\r\n\r\n<section  data-horizontal-hide data-loaded class=\"cta cta--none cta--  async-load\" data-block=\"appeal\/cta\">\r\n    \r\n    <div class=\"cta__container container--edge-to-edge\">\r\n                    <h2 class=\"cta__title\">Passez \u00e0 la Next Level. NOW.<\/h2>\r\n                        <div class=\"cta__button\">\r\n                            \n<a\n    class=\"cta__link modal-button link--dark link--dark-blue  link link--primary link--internal\"\n    href=\"#cta_footer\"     aria-label=\"Contact Us: NOUS CONTACTER\"    data-loaded\n>\n  <div>\n          <i><\/i>\n        <span>NOUS CONTACTER<\/span>\n      <\/div>\n<\/a>                    <\/div>\r\n    <\/div>\r\n    <div class=\"cta__modal\">\r\n        \r\n    <\/div>\r\n<\/section>","protected":false},"excerpt":{"rendered":"","protected":false},"author":1,"featured_media":7519,"parent":13301,"menu_order":2,"comment_status":"closed","ping_status":"closed","template":"","meta":{"_acf_changed":false,"footnotes":""},"wf_page_folders":[],"class_list":["post-12525","page","type-page","status-publish","has-post-thumbnail","hentry"],"acf":[],"yoast_head":"<!-- This site is optimized with the Yoast SEO Premium plugin v26.0 (Yoast SEO v26.8) - https:\/\/yoast.com\/product\/yoast-seo-premium-wordpress\/ -->\n<title>Mise en \u0153uvre d&#039;une automatisation intelligente - Roboyo<\/title>\n<meta name=\"description\" content=\"Traduire le potentiel d\u2019automatisation en valeur commerciale r\u00e9elle exige une expertise approfondie et un souci constant de la qualit\u00e9.\" \/>\n<meta name=\"robots\" content=\"index, follow, max-snippet:-1, max-image-preview:large, max-video-preview:-1\" \/>\n<link rel=\"canonical\" href=\"https:\/\/roboyo.global\/fr\/services\/mise-en-oeuvre\/\" \/>\n<meta property=\"og:locale\" content=\"fr_FR\" \/>\n<meta property=\"og:type\" content=\"article\" \/>\n<meta property=\"og:title\" content=\"Mise oeuvre\" \/>\n<meta property=\"og:description\" content=\"Traduire le potentiel d\u2019automatisation en valeur commerciale r\u00e9elle exige une expertise approfondie et un souci constant de la qualit\u00e9.\" \/>\n<meta property=\"og:url\" content=\"https:\/\/roboyo.global\/fr\/services\/mise-en-oeuvre\/\" \/>\n<meta property=\"og:site_name\" content=\"Roboyo\" \/>\n<meta property=\"article:modified_time\" content=\"2024-05-21T13:40:35+00:00\" \/>\n<meta property=\"og:image\" content=\"https:\/\/roboyo.global\/app\/uploads\/2021\/06\/img-services-implementation-header-1.jpg\" \/>\n\t<meta property=\"og:image:width\" content=\"2560\" \/>\n\t<meta property=\"og:image:height\" content=\"1267\" \/>\n\t<meta property=\"og:image:type\" content=\"image\/jpeg\" \/>\n<meta name=\"twitter:card\" content=\"summary_large_image\" \/>\n<meta name=\"twitter:label1\" content=\"Est. reading time\" \/>\n\t<meta name=\"twitter:data1\" content=\"2 minutes\" \/>\n<script type=\"application\/ld+json\" class=\"yoast-schema-graph\">{\"@context\":\"https:\/\/schema.org\",\"@graph\":[{\"@type\":\"WebPage\",\"@id\":\"https:\/\/roboyo.global\/fr\/services\/mise-en-oeuvre\/\",\"url\":\"https:\/\/roboyo.global\/fr\/services\/mise-en-oeuvre\/\",\"name\":\"Mise en \u0153uvre d'une automatisation intelligente - Roboyo\",\"isPartOf\":{\"@id\":\"https:\/\/roboyo.global\/fr\/#website\"},\"primaryImageOfPage\":{\"@id\":\"https:\/\/roboyo.global\/fr\/services\/mise-en-oeuvre\/#primaryimage\"},\"image\":{\"@id\":\"https:\/\/roboyo.global\/fr\/services\/mise-en-oeuvre\/#primaryimage\"},\"thumbnailUrl\":\"https:\/\/roboyo.global\/app\/uploads\/2021\/06\/img-services-implementation-header-1.jpg\",\"datePublished\":\"2021-07-08T15:13:22+00:00\",\"dateModified\":\"2024-05-21T13:40:35+00:00\",\"description\":\"Traduire le potentiel d\u2019automatisation en valeur commerciale r\u00e9elle exige une expertise approfondie et un souci constant de la qualit\u00e9.\",\"breadcrumb\":{\"@id\":\"https:\/\/roboyo.global\/fr\/services\/mise-en-oeuvre\/#breadcrumb\"},\"inLanguage\":\"fr-FR\",\"potentialAction\":[{\"@type\":\"ReadAction\",\"target\":[\"https:\/\/roboyo.global\/fr\/services\/mise-en-oeuvre\/\"]}]},{\"@type\":\"ImageObject\",\"inLanguage\":\"fr-FR\",\"@id\":\"https:\/\/roboyo.global\/fr\/services\/mise-en-oeuvre\/#primaryimage\",\"url\":\"https:\/\/roboyo.global\/app\/uploads\/2021\/06\/img-services-implementation-header-1.jpg\",\"contentUrl\":\"https:\/\/roboyo.global\/app\/uploads\/2021\/06\/img-services-implementation-header-1.jpg\",\"width\":2560,\"height\":1267,\"caption\":\"services implementation\"},{\"@type\":\"BreadcrumbList\",\"@id\":\"https:\/\/roboyo.global\/fr\/services\/mise-en-oeuvre\/#breadcrumb\",\"itemListElement\":[{\"@type\":\"ListItem\",\"position\":1,\"name\":\"Home\",\"item\":\"https:\/\/roboyo.global\/fr\/\"},{\"@type\":\"ListItem\",\"position\":2,\"name\":\"Services\",\"item\":\"https:\/\/roboyo.global\/fr\/services\/\"},{\"@type\":\"ListItem\",\"position\":3,\"name\":\"Mise oeuvre\"}]},{\"@type\":\"WebSite\",\"@id\":\"https:\/\/roboyo.global\/fr\/#website\",\"url\":\"https:\/\/roboyo.global\/fr\/\",\"name\":\"Roboyo - Your Agentic Automation & AI Partner of Choice\",\"description\":\"We take what\u2019s possible to the next level. Now.\",\"potentialAction\":[{\"@type\":\"SearchAction\",\"target\":{\"@type\":\"EntryPoint\",\"urlTemplate\":\"https:\/\/roboyo.global\/fr\/?s={search_term_string}\"},\"query-input\":{\"@type\":\"PropertyValueSpecification\",\"valueRequired\":true,\"valueName\":\"search_term_string\"}}],\"inLanguage\":\"fr-FR\"}]}<\/script>\n<!-- \/ Yoast SEO Premium plugin. -->","yoast_head_json":{"title":"Mise en \u0153uvre d'une automatisation intelligente - Roboyo","description":"Traduire le potentiel d\u2019automatisation en valeur commerciale r\u00e9elle exige une expertise approfondie et un souci constant de la qualit\u00e9.","robots":{"index":"index","follow":"follow","max-snippet":"max-snippet:-1","max-image-preview":"max-image-preview:large","max-video-preview":"max-video-preview:-1"},"canonical":"https:\/\/roboyo.global\/fr\/services\/mise-en-oeuvre\/","og_locale":"fr_FR","og_type":"article","og_title":"Mise oeuvre","og_description":"Traduire le potentiel d\u2019automatisation en valeur commerciale r\u00e9elle exige une expertise approfondie et un souci constant de la qualit\u00e9.","og_url":"https:\/\/roboyo.global\/fr\/services\/mise-en-oeuvre\/","og_site_name":"Roboyo","article_modified_time":"2024-05-21T13:40:35+00:00","og_image":[{"width":2560,"height":1267,"url":"https:\/\/roboyo.global\/app\/uploads\/2021\/06\/img-services-implementation-header-1.jpg","type":"image\/jpeg"}],"twitter_card":"summary_large_image","twitter_misc":{"Est. reading time":"2 minutes"},"schema":{"@context":"https:\/\/schema.org","@graph":[{"@type":"WebPage","@id":"https:\/\/roboyo.global\/fr\/services\/mise-en-oeuvre\/","url":"https:\/\/roboyo.global\/fr\/services\/mise-en-oeuvre\/","name":"Mise en \u0153uvre d'une automatisation intelligente - Roboyo","isPartOf":{"@id":"https:\/\/roboyo.global\/fr\/#website"},"primaryImageOfPage":{"@id":"https:\/\/roboyo.global\/fr\/services\/mise-en-oeuvre\/#primaryimage"},"image":{"@id":"https:\/\/roboyo.global\/fr\/services\/mise-en-oeuvre\/#primaryimage"},"thumbnailUrl":"https:\/\/roboyo.global\/app\/uploads\/2021\/06\/img-services-implementation-header-1.jpg","datePublished":"2021-07-08T15:13:22+00:00","dateModified":"2024-05-21T13:40:35+00:00","description":"Traduire le potentiel d\u2019automatisation en valeur commerciale r\u00e9elle exige une expertise approfondie et un souci constant de la qualit\u00e9.","breadcrumb":{"@id":"https:\/\/roboyo.global\/fr\/services\/mise-en-oeuvre\/#breadcrumb"},"inLanguage":"fr-FR","potentialAction":[{"@type":"ReadAction","target":["https:\/\/roboyo.global\/fr\/services\/mise-en-oeuvre\/"]}]},{"@type":"ImageObject","inLanguage":"fr-FR","@id":"https:\/\/roboyo.global\/fr\/services\/mise-en-oeuvre\/#primaryimage","url":"https:\/\/roboyo.global\/app\/uploads\/2021\/06\/img-services-implementation-header-1.jpg","contentUrl":"https:\/\/roboyo.global\/app\/uploads\/2021\/06\/img-services-implementation-header-1.jpg","width":2560,"height":1267,"caption":"services implementation"},{"@type":"BreadcrumbList","@id":"https:\/\/roboyo.global\/fr\/services\/mise-en-oeuvre\/#breadcrumb","itemListElement":[{"@type":"ListItem","position":1,"name":"Home","item":"https:\/\/roboyo.global\/fr\/"},{"@type":"ListItem","position":2,"name":"Services","item":"https:\/\/roboyo.global\/fr\/services\/"},{"@type":"ListItem","position":3,"name":"Mise oeuvre"}]},{"@type":"WebSite","@id":"https:\/\/roboyo.global\/fr\/#website","url":"https:\/\/roboyo.global\/fr\/","name":"Roboyo - Your Agentic Automation & AI Partner of Choice","description":"We take what\u2019s possible to the next level. Now.","potentialAction":[{"@type":"SearchAction","target":{"@type":"EntryPoint","urlTemplate":"https:\/\/roboyo.global\/fr\/?s={search_term_string}"},"query-input":{"@type":"PropertyValueSpecification","valueRequired":true,"valueName":"search_term_string"}}],"inLanguage":"fr-FR"}]}},"_links":{"self":[{"href":"https:\/\/roboyo.global\/fr\/wp-json\/wp\/v2\/pages\/12525","targetHints":{"allow":["GET"]}}],"collection":[{"href":"https:\/\/roboyo.global\/fr\/wp-json\/wp\/v2\/pages"}],"about":[{"href":"https:\/\/roboyo.global\/fr\/wp-json\/wp\/v2\/types\/page"}],"author":[{"embeddable":true,"href":"https:\/\/roboyo.global\/fr\/wp-json\/wp\/v2\/users\/1"}],"replies":[{"embeddable":true,"href":"https:\/\/roboyo.global\/fr\/wp-json\/wp\/v2\/comments?post=12525"}],"version-history":[{"count":38,"href":"https:\/\/roboyo.global\/fr\/wp-json\/wp\/v2\/pages\/12525\/revisions"}],"predecessor-version":[{"id":81808,"href":"https:\/\/roboyo.global\/fr\/wp-json\/wp\/v2\/pages\/12525\/revisions\/81808"}],"up":[{"embeddable":true,"href":"https:\/\/roboyo.global\/fr\/wp-json\/wp\/v2\/pages\/13301"}],"wp:featuredmedia":[{"embeddable":true,"href":"https:\/\/roboyo.global\/fr\/wp-json\/wp\/v2\/media\/7519"}],"wp:attachment":[{"href":"https:\/\/roboyo.global\/fr\/wp-json\/wp\/v2\/media?parent=12525"}],"wp:term":[{"taxonomy":"wf_page_folders","embeddable":true,"href":"https:\/\/roboyo.global\/fr\/wp-json\/wp\/v2\/wf_page_folders?post=12525"}],"curies":[{"name":"wp","href":"https:\/\/api.w.org\/{rel}","templated":true}]}}