{"id":12515,"date":"2021-07-08T14:47:38","date_gmt":"2021-07-08T13:47:38","guid":{"rendered":"https:\/\/roboyo.global\/?page_id=12515"},"modified":"2023-05-22T15:18:30","modified_gmt":"2023-05-22T14:18:30","slug":"cockpit","status":"publish","type":"page","link":"https:\/\/roboyo.global\/fr\/plateforme\/cockpit\/","title":{"rendered":"Cockpit"},"content":{"rendered":"\r\n\r\n<section data-nav-transparent data-loaded data-nav-transparent class=\"hero-header-4 hero-header-4--default hero-header-4--left  hero-header-4--nav-overlap hero-header-4--fw\" data-block=\"appeal\/hero-4\">\r\n    <div class=\"hero-header-4__wrapper hero-header-4__wrapper--navy\">\r\n        <div class=\"hero-header-4__container\">\r\n                                                <div class=\"hero-header-4__image-wrapper\">\r\n                                                    \n    \n            <div class=\"hero-header-4__image hero-header-4__image--not-svg\" data-lazy=\"1\">\n            <img decoding=\"async\" src=\"https:\/\/roboyo.global\/app\/uploads\/2021\/06\/026-COCKPIT_NOLOOP-200521.gif\" alt=\"roboyo converge cockpit animation\" loading=\"eager\" fetchpriority=\"high\">\n        <\/div>\n                                                <\/div>\r\n                \r\n                        <div class=\"hero-header-4__content hero-header-4__content--\">\r\n                \r\n\r\n                                    <p class=\"hero-header-4__title default\">PLATEFORME<\/p>\r\n                \r\n                                    <h1 class=\"hero-header-4__subtitle default\">Cockpit<\/h1>\r\n                \r\n                                    <p class=\"hero-header-4__description\">Suivi et analyse des r\u00e9sultats<\/p>\r\n                \r\n            <\/div>\r\n        <\/div>\r\n    <\/div>\r\n<\/section>\n\n\r\n\r\n<section  data-loaded class=\"horizontal-nav horizontal-nav--dark  async-load\">\r\n    <div class=\"horizontal-nav__container container--1644\">\r\n        <nav class=\"horizontal-nav__nav\">\r\n            <ul class=\"horizontal-nav__links\">\r\n                                                                                        <li class=\"horizontal-nav__link  horizontal-nav__link--mobile-default  js-hnav-default-mobile-link\">\r\n                                <a href=\"#\">Menu<\/a>\r\n                            <\/li>\r\n                                                <li class=\"horizontal-nav__link  js-hnav-link\" data-url-path=\"\/fr\/plateforme\/roboyo-converge\/\">\r\n                                                        <a href=\"https:\/\/roboyo.global\/fr\/plateforme\/roboyo-converge\/\">Converge<\/a>\r\n                            \r\n                                                    <\/li>\r\n                                                                                                        <li class=\"horizontal-nav__link  js-hnav-link\" data-url-path=\"\/fr\/plateforme\/campaign-decouvrez-des-opportunites-dautomatisation-roboyo\/\">\r\n                                                        <a href=\"https:\/\/roboyo.global\/fr\/plateforme\/campaign-decouvrez-des-opportunites-dautomatisation-roboyo\/\">Campaign<\/a>\r\n                            \r\n                                                    <\/li>\r\n                                                                                                        <li class=\"horizontal-nav__link  js-hnav-link\" data-url-path=\"\/fr\/plateforme\/scout\/\">\r\n                                                        <a href=\"https:\/\/roboyo.global\/fr\/plateforme\/scout\/\">Scout<\/a>\r\n                            \r\n                                                    <\/li>\r\n                                                                                                        <li class=\"horizontal-nav__link  js-hnav-link\" data-url-path=\"\/fr\/plateforme\/pipeline\/\">\r\n                                                        <a href=\"https:\/\/roboyo.global\/fr\/plateforme\/pipeline\/\">Pipeline<\/a>\r\n                            \r\n                                                    <\/li>\r\n                                                                                                        <li class=\"horizontal-nav__link  js-hnav-link\" data-url-path=\"\/fr\/plateforme\/coach\/\">\r\n                                                        <a href=\"https:\/\/roboyo.global\/fr\/plateforme\/coach\/\">Coach<\/a>\r\n                            \r\n                                                    <\/li>\r\n                                                                                                        <li class=\"horizontal-nav__link  js-hnav-link\" data-url-path=\"\/fr\/plateforme\/cockpit\/\">\r\n                                                        <a href=\"https:\/\/roboyo.global\/fr\/plateforme\/cockpit\/\">Cockpit<\/a>\r\n                            \r\n                                                    <\/li>\r\n                                                <\/ul>\r\n        <\/nav>\r\n    <\/div>\r\n<\/section>\n\n<div aria-hidden=\"true\" class=\"appeal-spacer appeal-spacer--69e4c7d2ef793  appeal-spacer--transparent\">\r\n<style>\r\n\/* Ultrawide *\/\r\n.appeal-spacer--69e4c7d2ef793 {\r\n    height: 155px;\r\n}\r\n\r\n\/* Desktop *\/\r\n@media (max-width: 1920px) {\r\n    .appeal-spacer--69e4c7d2ef793 {\r\n        height: 155px;\r\n    }\r\n}\r\n\r\n\/* Laptop *\/\r\n@media (max-width: 1024px) {\r\n    .appeal-spacer--69e4c7d2ef793 {\r\n        height: 70px;\r\n    }\r\n}\r\n\r\n\/* Mobile *\/\r\n@media (max-width: 767px) {\r\n    .appeal-spacer--69e4c7d2ef793 {\r\n        height: 70px;\r\n    }\r\n}\r\n<\/style>\r\n<\/div>\r\n\n\n\n\n\n<section data-loaded class=\"tam tam--ltr tam--ltr-respect tam--light  tam--\" data-block=\"appeal\/text-and-inner-content\">\n  <div class=\"tam__container container--1543\">\n    <div class=\"tam__contain\">\n          <div class=\"tam__text container--default-desktop tam__text--top\">\n\n        \n                          \n        \n        \n\n                  \n          <h4 class=\"tam__title tam__title--smaller\">\n            Cockpit est un outil BI pr\u00eat \u00e0 l\u2019emploi qui vous permet de mesurer la valeur de votre \u00e9cosyst\u00e8me d\u2019automatisation et d\u2019am\u00e9liorer son impact.          <\/h4>\n        \n        <div class=\"tam__content wysiwyg\">\n                  <\/div>\n\n                                          <\/div>\n      <div class=\"tam__block container--default-desktop  wysiwyg\">\n        \n\n<p style=\"font-size:22px\">Le module Cockpit fournit des rapports puissants, pr\u00eats \u00e0 l\u2019emploi et personnalis\u00e9s afin que vous puissiez gouverner votre parcours vers l\u2019automatisation avec une approche bas\u00e9e sur les preuves et les donn\u00e9es.<\/p>\n\n\n\n<p>Son tableau de bord tr\u00e8s visuel met en \u00e9vidence les mesures critiques pour l\u2019entreprise sur l\u2019ensemble de votre portefeuille d\u2019automatisation, tout en permettant aux utilisateurs d\u2019acc\u00e9der \u00e0 des donn\u00e9es granulaires pour un suivi plus pr\u00e9cis. La visibilit\u00e9 sur les processus en production accro\u00eet la transparence et renforce la confiance. Une surveillance active et des alertes lorsque les accords de niveau de service sont menac\u00e9s garantissent le respect des objectifs de performance en mati\u00e8re de qualit\u00e9.<\/p>\n\n\n\n<p><strong><span class=\"has-inline-color has-blue-color\"><strong>Cockpit peut brancher des flux de donn\u00e9es en temps r\u00e9el provenant de l\u2019ensemble de la plateforme Converge, ajouter des sources de donn\u00e9es externes ou s\u2019int\u00e9grer \u00e0 votre intranet.<\/strong><\/span><\/strong><\/p>\n\n\n\n<p>Cockpit va plus loin que l\u2019exploitation des donn\u00e9es pour un diagnostic plus rapide des probl\u00e8mes, une meilleure maintenance et des op\u00e9rations plus stables. Les informations fournies par Cockpit d\u00e9finissent la feuille de route n\u00e9cessaire pour aller au-del\u00e0 de l\u2019automatisation des processus et transformer l\u2019entreprise.<\/p>\n\n\n\n\n<a\n    class=\"link modal-button link link--primary link--internal\"\n    href=\"#reserver_une_demo\"     aria-label=\"R\u00e9server une d\u00e9mo\"    data-loaded\n>\n  <div>\n          <i><\/i>\n        <span>R\u00e9server une d\u00e9mo<\/span>\n      <\/div>\n<\/a>\n\n      <\/div>\n    <\/div>\n  <\/div>\n<\/section>\n\n<div aria-hidden=\"true\" class=\"appeal-spacer appeal-spacer--69e4c7d301f5a  appeal-spacer--transparent\">\r\n<style>\r\n\/* Ultrawide *\/\r\n.appeal-spacer--69e4c7d301f5a {\r\n    height: 130px;\r\n}\r\n\r\n\/* Desktop *\/\r\n@media (max-width: 1920px) {\r\n    .appeal-spacer--69e4c7d301f5a {\r\n        height: 130px;\r\n    }\r\n}\r\n\r\n\/* Laptop *\/\r\n@media (max-width: 1024px) {\r\n    .appeal-spacer--69e4c7d301f5a {\r\n        height: 75px;\r\n    }\r\n}\r\n\r\n\/* Mobile *\/\r\n@media (max-width: 767px) {\r\n    .appeal-spacer--69e4c7d301f5a {\r\n        height: 50px;\r\n    }\r\n}\r\n<\/style>\r\n<\/div>\r\n\n\n\n\n\n<section data-loaded class=\"tam tam--rtl tam--  tam--\" data-block=\"appeal\/text-and-inner-content\">\n  <div class=\"tam__container container--1543\">\n    <div class=\"tam__contain\">\n          <div class=\"tam__text container--default-desktop tam__text--center\">\n\n        \n                          \n        \n    \n            <div class=\"tam__image\" data-lazy >\n                            <img decoding=\"async\" loading=\"lazy\" data-lazy-placeholder src=\"https:\/\/roboyo.global\/app\/uploads\/2021\/06\/026-COCKPIT-LIGHT_NOLOOP-200521-1-150x150.gif\" alt=\"roboyo converge cockpit animation\">\n                                        <img loading=\"lazy\" data-lazy-full=\"https:\/\/roboyo.global\/app\/uploads\/2021\/06\/026-COCKPIT-LIGHT_NOLOOP-200521-1.gif\" alt=\"roboyo converge cockpit animation\">\n                    <\/div>\n    \n        \n\n        \n        <div class=\"tam__content wysiwyg\">\n          <p><b>Caract\u00e9ristiques principales<\/b><\/p>\n<ul>\n<li style=\"font-weight: 400;\" aria-level=\"1\"><span style=\"font-weight: 400;\">Mod\u00e8les de rapports pr\u00eats \u00e0 l\u2019emploi<\/span><\/li>\n<li style=\"font-weight: 400;\" aria-level=\"1\"><span style=\"font-weight: 400;\">Contr\u00f4ler la valeur et la rentabilit\u00e9 des investissements en temps r\u00e9el<\/span><\/li>\n<li style=\"font-weight: 400;\" aria-level=\"1\"><span style=\"font-weight: 400;\">\u00c9valuer les performances de l\u2019automatisation sur l\u2019ensemble de votre portefeuille<\/span><\/li>\n<li style=\"font-weight: 400;\" aria-level=\"1\"><span style=\"font-weight: 400;\">Exportation des donn\u00e9es dans divers formats<\/span><\/li>\n<li style=\"font-weight: 400;\" aria-level=\"1\"><span style=\"font-weight: 400;\">Cr\u00e9er vos propres rapports personnalis\u00e9s<\/span><\/li>\n<\/ul>\n        <\/div>\n\n                                          <\/div>\n      <div class=\"tam__block container--default-desktop  tam__block--center wysiwyg\">\n        \n\n\n<div  class=\"image js-image image--square image--small\">\n  <div class=\"image__container\">\n          <picture>\n                <img decoding=\"async\" src=\"https:\/\/roboyo.global\/app\/uploads\/2021\/06\/img-platform-cockpit-square.jpg\" alt=\"People drawing and collaborating\" class=\"image__image\" \/>\n      <\/picture>\n    \n    \n      <\/div>\n<\/div>\n\n      <\/div>\n    <\/div>\n  <\/div>\n<\/section>\n\n<div aria-hidden=\"true\" class=\"appeal-spacer appeal-spacer--69e4c7d306206  appeal-spacer--transparent\">\r\n<style>\r\n\/* Ultrawide *\/\r\n.appeal-spacer--69e4c7d306206 {\r\n    height: 100px;\r\n}\r\n\r\n\/* Desktop *\/\r\n@media (max-width: 1920px) {\r\n    .appeal-spacer--69e4c7d306206 {\r\n        height: 100px;\r\n    }\r\n}\r\n\r\n\/* Laptop *\/\r\n@media (max-width: 1024px) {\r\n    .appeal-spacer--69e4c7d306206 {\r\n        height: 50px;\r\n    }\r\n}\r\n\r\n\/* Mobile *\/\r\n@media (max-width: 767px) {\r\n    .appeal-spacer--69e4c7d306206 {\r\n        height: 50px;\r\n    }\r\n}\r\n<\/style>\r\n<\/div>\r\n\n\n\r\n\r\n<section  data-loaded class=\"standalone\" data-block=\"appeal\/button\">\r\n    <div class=\"standalone__container container standalone__container--center\">\r\n        <div class=\"standalone__button\">\r\n                                                \n<a\n    class=\"standalone__link standalone__link-- modal-button link link--primary link--internal\"\n    href=\"#essayer_cockpit\"     aria-label=\"Learn more about: Essayer Cockpit\"    data-loaded\n>\n  <div>\n          <i><\/i>\n        <span>Essayer Cockpit<\/span>\n      <\/div>\n<\/a>                                    <\/div>\r\n    <\/div>\r\n\r\n    \r\n    <\/section>","protected":false},"excerpt":{"rendered":"","protected":false},"author":1,"featured_media":35713,"parent":13299,"menu_order":6,"comment_status":"closed","ping_status":"closed","template":"","meta":{"_acf_changed":false,"footnotes":""},"wf_page_folders":[],"class_list":["post-12515","page","type-page","status-publish","has-post-thumbnail","hentry"],"acf":[],"yoast_head":"<!-- This site is optimized with the Yoast SEO Premium plugin v26.0 (Yoast SEO v26.8) - https:\/\/yoast.com\/product\/yoast-seo-premium-wordpress\/ -->\n<title>Cockpit - Tableau de reporting disponible | Roboyo<\/title>\n<meta name=\"description\" content=\"Cockpit est un outil qui vous permet de mesurer la valeur de votre \u00e9cosyst\u00e8me d\u2019automatisation et d\u2019am\u00e9liorer son impact.\" \/>\n<meta name=\"robots\" content=\"index, follow, max-snippet:-1, max-image-preview:large, max-video-preview:-1\" \/>\n<link rel=\"canonical\" href=\"https:\/\/roboyo.global\/fr\/plateforme\/cockpit\/\" \/>\n<meta property=\"og:locale\" content=\"fr_FR\" \/>\n<meta property=\"og:type\" content=\"article\" \/>\n<meta property=\"og:title\" content=\"Cockpit\" \/>\n<meta property=\"og:description\" content=\"Cockpit est un outil qui vous permet de mesurer la valeur de votre \u00e9cosyst\u00e8me d\u2019automatisation et d\u2019am\u00e9liorer son impact.\" \/>\n<meta property=\"og:url\" content=\"https:\/\/roboyo.global\/fr\/plateforme\/cockpit\/\" \/>\n<meta property=\"og:site_name\" content=\"Roboyo\" \/>\n<meta property=\"article:modified_time\" content=\"2023-05-22T14:18:30+00:00\" \/>\n<meta property=\"og:image\" content=\"https:\/\/roboyo.global\/app\/uploads\/2022\/07\/cockpit-schema-thumbnail-e1657024704420.png\" \/>\n\t<meta property=\"og:image:width\" content=\"2559\" \/>\n\t<meta property=\"og:image:height\" content=\"1439\" \/>\n\t<meta property=\"og:image:type\" content=\"image\/png\" \/>\n<meta name=\"twitter:card\" content=\"summary_large_image\" \/>\n<meta name=\"twitter:label1\" content=\"Est. reading time\" \/>\n\t<meta name=\"twitter:data1\" content=\"1 minute\" \/>\n<script type=\"application\/ld+json\" class=\"yoast-schema-graph\">{\"@context\":\"https:\/\/schema.org\",\"@graph\":[{\"@type\":\"WebPage\",\"@id\":\"https:\/\/roboyo.global\/fr\/plateforme\/cockpit\/\",\"url\":\"https:\/\/roboyo.global\/fr\/plateforme\/cockpit\/\",\"name\":\"Cockpit - Tableau de reporting disponible | Roboyo\",\"isPartOf\":{\"@id\":\"https:\/\/roboyo.global\/fr\/#website\"},\"primaryImageOfPage\":{\"@id\":\"https:\/\/roboyo.global\/fr\/plateforme\/cockpit\/#primaryimage\"},\"image\":{\"@id\":\"https:\/\/roboyo.global\/fr\/plateforme\/cockpit\/#primaryimage\"},\"thumbnailUrl\":\"https:\/\/roboyo.global\/app\/uploads\/2022\/07\/cockpit-schema-thumbnail-e1657024704420.png\",\"datePublished\":\"2021-07-08T13:47:38+00:00\",\"dateModified\":\"2023-05-22T14:18:30+00:00\",\"description\":\"Cockpit est un outil qui vous permet de mesurer la valeur de votre \u00e9cosyst\u00e8me d\u2019automatisation et d\u2019am\u00e9liorer son impact.\",\"breadcrumb\":{\"@id\":\"https:\/\/roboyo.global\/fr\/plateforme\/cockpit\/#breadcrumb\"},\"inLanguage\":\"fr-FR\",\"potentialAction\":[{\"@type\":\"ReadAction\",\"target\":[\"https:\/\/roboyo.global\/fr\/plateforme\/cockpit\/\"]}]},{\"@type\":\"ImageObject\",\"inLanguage\":\"fr-FR\",\"@id\":\"https:\/\/roboyo.global\/fr\/plateforme\/cockpit\/#primaryimage\",\"url\":\"https:\/\/roboyo.global\/app\/uploads\/2022\/07\/cockpit-schema-thumbnail-e1657024704420.png\",\"contentUrl\":\"https:\/\/roboyo.global\/app\/uploads\/2022\/07\/cockpit-schema-thumbnail-e1657024704420.png\",\"width\":2559,\"height\":1439,\"caption\":\"cockpit schema thumbnail\"},{\"@type\":\"BreadcrumbList\",\"@id\":\"https:\/\/roboyo.global\/fr\/plateforme\/cockpit\/#breadcrumb\",\"itemListElement\":[{\"@type\":\"ListItem\",\"position\":1,\"name\":\"Home\",\"item\":\"https:\/\/roboyo.global\/fr\/\"},{\"@type\":\"ListItem\",\"position\":2,\"name\":\"Plateforme\",\"item\":\"https:\/\/roboyo.global\/fr\/plateforme\/\"},{\"@type\":\"ListItem\",\"position\":3,\"name\":\"Cockpit\"}]},{\"@type\":\"WebSite\",\"@id\":\"https:\/\/roboyo.global\/fr\/#website\",\"url\":\"https:\/\/roboyo.global\/fr\/\",\"name\":\"Roboyo - Your Agentic Automation & AI Partner of Choice\",\"description\":\"We take what\u2019s possible to the next level. Now.\",\"potentialAction\":[{\"@type\":\"SearchAction\",\"target\":{\"@type\":\"EntryPoint\",\"urlTemplate\":\"https:\/\/roboyo.global\/fr\/?s={search_term_string}\"},\"query-input\":{\"@type\":\"PropertyValueSpecification\",\"valueRequired\":true,\"valueName\":\"search_term_string\"}}],\"inLanguage\":\"fr-FR\"}]}<\/script>\n<!-- \/ Yoast SEO Premium plugin. -->","yoast_head_json":{"title":"Cockpit - Tableau de reporting disponible | Roboyo","description":"Cockpit est un outil qui vous permet de mesurer la valeur de votre \u00e9cosyst\u00e8me d\u2019automatisation et d\u2019am\u00e9liorer son impact.","robots":{"index":"index","follow":"follow","max-snippet":"max-snippet:-1","max-image-preview":"max-image-preview:large","max-video-preview":"max-video-preview:-1"},"canonical":"https:\/\/roboyo.global\/fr\/plateforme\/cockpit\/","og_locale":"fr_FR","og_type":"article","og_title":"Cockpit","og_description":"Cockpit est un outil qui vous permet de mesurer la valeur de votre \u00e9cosyst\u00e8me d\u2019automatisation et d\u2019am\u00e9liorer son impact.","og_url":"https:\/\/roboyo.global\/fr\/plateforme\/cockpit\/","og_site_name":"Roboyo","article_modified_time":"2023-05-22T14:18:30+00:00","og_image":[{"width":2559,"height":1439,"url":"https:\/\/roboyo.global\/app\/uploads\/2022\/07\/cockpit-schema-thumbnail-e1657024704420.png","type":"image\/png"}],"twitter_card":"summary_large_image","twitter_misc":{"Est. reading time":"1 minute"},"schema":{"@context":"https:\/\/schema.org","@graph":[{"@type":"WebPage","@id":"https:\/\/roboyo.global\/fr\/plateforme\/cockpit\/","url":"https:\/\/roboyo.global\/fr\/plateforme\/cockpit\/","name":"Cockpit - Tableau de reporting disponible | Roboyo","isPartOf":{"@id":"https:\/\/roboyo.global\/fr\/#website"},"primaryImageOfPage":{"@id":"https:\/\/roboyo.global\/fr\/plateforme\/cockpit\/#primaryimage"},"image":{"@id":"https:\/\/roboyo.global\/fr\/plateforme\/cockpit\/#primaryimage"},"thumbnailUrl":"https:\/\/roboyo.global\/app\/uploads\/2022\/07\/cockpit-schema-thumbnail-e1657024704420.png","datePublished":"2021-07-08T13:47:38+00:00","dateModified":"2023-05-22T14:18:30+00:00","description":"Cockpit est un outil qui vous permet de mesurer la valeur de votre \u00e9cosyst\u00e8me d\u2019automatisation et d\u2019am\u00e9liorer son impact.","breadcrumb":{"@id":"https:\/\/roboyo.global\/fr\/plateforme\/cockpit\/#breadcrumb"},"inLanguage":"fr-FR","potentialAction":[{"@type":"ReadAction","target":["https:\/\/roboyo.global\/fr\/plateforme\/cockpit\/"]}]},{"@type":"ImageObject","inLanguage":"fr-FR","@id":"https:\/\/roboyo.global\/fr\/plateforme\/cockpit\/#primaryimage","url":"https:\/\/roboyo.global\/app\/uploads\/2022\/07\/cockpit-schema-thumbnail-e1657024704420.png","contentUrl":"https:\/\/roboyo.global\/app\/uploads\/2022\/07\/cockpit-schema-thumbnail-e1657024704420.png","width":2559,"height":1439,"caption":"cockpit schema thumbnail"},{"@type":"BreadcrumbList","@id":"https:\/\/roboyo.global\/fr\/plateforme\/cockpit\/#breadcrumb","itemListElement":[{"@type":"ListItem","position":1,"name":"Home","item":"https:\/\/roboyo.global\/fr\/"},{"@type":"ListItem","position":2,"name":"Plateforme","item":"https:\/\/roboyo.global\/fr\/plateforme\/"},{"@type":"ListItem","position":3,"name":"Cockpit"}]},{"@type":"WebSite","@id":"https:\/\/roboyo.global\/fr\/#website","url":"https:\/\/roboyo.global\/fr\/","name":"Roboyo - Your Agentic Automation & AI Partner of Choice","description":"We take what\u2019s possible to the next level. Now.","potentialAction":[{"@type":"SearchAction","target":{"@type":"EntryPoint","urlTemplate":"https:\/\/roboyo.global\/fr\/?s={search_term_string}"},"query-input":{"@type":"PropertyValueSpecification","valueRequired":true,"valueName":"search_term_string"}}],"inLanguage":"fr-FR"}]}},"_links":{"self":[{"href":"https:\/\/roboyo.global\/fr\/wp-json\/wp\/v2\/pages\/12515","targetHints":{"allow":["GET"]}}],"collection":[{"href":"https:\/\/roboyo.global\/fr\/wp-json\/wp\/v2\/pages"}],"about":[{"href":"https:\/\/roboyo.global\/fr\/wp-json\/wp\/v2\/types\/page"}],"author":[{"embeddable":true,"href":"https:\/\/roboyo.global\/fr\/wp-json\/wp\/v2\/users\/1"}],"replies":[{"embeddable":true,"href":"https:\/\/roboyo.global\/fr\/wp-json\/wp\/v2\/comments?post=12515"}],"version-history":[{"count":12,"href":"https:\/\/roboyo.global\/fr\/wp-json\/wp\/v2\/pages\/12515\/revisions"}],"predecessor-version":[{"id":56926,"href":"https:\/\/roboyo.global\/fr\/wp-json\/wp\/v2\/pages\/12515\/revisions\/56926"}],"up":[{"embeddable":true,"href":"https:\/\/roboyo.global\/fr\/wp-json\/wp\/v2\/pages\/13299"}],"wp:featuredmedia":[{"embeddable":true,"href":"https:\/\/roboyo.global\/fr\/wp-json\/wp\/v2\/media\/35713"}],"wp:attachment":[{"href":"https:\/\/roboyo.global\/fr\/wp-json\/wp\/v2\/media?parent=12515"}],"wp:term":[{"taxonomy":"wf_page_folders","embeddable":true,"href":"https:\/\/roboyo.global\/fr\/wp-json\/wp\/v2\/wf_page_folders?post=12515"}],"curies":[{"name":"wp","href":"https:\/\/api.w.org\/{rel}","templated":true}]}}