{"id":70000,"date":"2023-12-01T14:03:51","date_gmt":"2023-12-01T14:03:51","guid":{"rendered":"https:\/\/roboyo.global\/?page_id=70000"},"modified":"2023-12-12T14:07:51","modified_gmt":"2023-12-12T14:07:51","slug":"soluciones","status":"publish","type":"page","link":"https:\/\/roboyo.global\/es\/soluciones\/","title":{"rendered":"Soluciones\u00a0\u00a0\u00a0"},"content":{"rendered":"\n\n<section data-nav-transparent data-loaded data-nav-transparent\n    class=\"hero-header-3 hero-header-3--no-cat \">\n    <div class=\"hero-header-3__wrapper\">\n        <div class=\"hero-header-3__video hero-header-3__video--overlay\">\n                                    \n    \n            <div class=\"hero-header-3__image\" data-lazy=\"1\">\n            <img decoding=\"async\" src=\"https:\/\/roboyo.global\/app\/uploads\/2023\/11\/Copy-of-Blog-Post-HeroFeatured-Image.png\" alt=\"Blue room with lights within the walls\" loading=\"eager\" fetchpriority=\"high\">\n        <\/div>\n                                                            <\/div>\n        <div class=\"hero-header-3__container\">\n            <div class=\"hero-header-3__content\">\n                                <p class=\"hero-header-3__title\">Soluciones   <\/p>\n                \n                                                <h1 class=\"hero-header-3__subtitle\">\n                    <span>REVOLUCIONANDO LA TRANSFORMACI\u00d3N DIGITAL    <\/span>\n                <\/h1>\n                \n                            <\/div>\n                    <\/div>\n                <div class=\"hero-header-3__gradient hero-header-3__gradient--overall\"\n            style=\"background: linear-gradient(, rgb() 0%, rgb() 100%)\">\n        <\/div>\n            <\/div>\n<\/section>\n\n\n\n<div aria-hidden=\"true\" class=\"appeal-spacer appeal-spacer--69d00c94cf0ec  appeal-spacer--transparent\">\r\n<style>\r\n\/* Ultrawide *\/\r\n.appeal-spacer--69d00c94cf0ec {\r\n    height: 75px;\r\n}\r\n\r\n\/* Desktop *\/\r\n@media (max-width: 1920px) {\r\n    .appeal-spacer--69d00c94cf0ec {\r\n        height: 75px;\r\n    }\r\n}\r\n\r\n\/* Laptop *\/\r\n@media (max-width: 1024px) {\r\n    .appeal-spacer--69d00c94cf0ec {\r\n        height: 50px;\r\n    }\r\n}\r\n\r\n\/* Mobile *\/\r\n@media (max-width: 767px) {\r\n    .appeal-spacer--69d00c94cf0ec {\r\n        height: 50px;\r\n    }\r\n}\r\n<\/style>\r\n<\/div>\r\n\n\n\r\n\r\n<div class=\"\"\r\n    style=\"background-color: #fff; position: relative\">\r\n    \r\n    \r\n    <section class=\"container-block container--medium\">\r\n        <div class=\"container-block__elements\">\r\n            \n\n<p class=\"has-t-h-7-font-size\"><strong>Reconocemos que el camino de cada organizaci\u00f3n hacia la transformaci\u00f3n digital es diferente. Por eso ofrecemos una gama de soluciones meticulosamente adaptadas a tus necesidades empresariales, resultados deseados y funciones operativas.<\/strong><\/p>\n\n\n\n<p class=\"has-t-h-7-font-size\">En el centro de nuestra misi\u00f3n est\u00e1 el compromiso de guiarte hacia la excelencia organizativa. Lo conseguimos integrando a la perfecci\u00f3n la tecnolog\u00eda, las personas y los procesos, y liberando todo el poder de la automatizaci\u00f3n.<\/p>\n\n\n\n<p class=\"has-t-h-7-font-size\">Est\u00e9s donde est\u00e9s en tu viaje hacia la transformaci\u00f3n digital, estamos aqu\u00ed para llevarte al siguiente nivel. Ahora. Explora nuestra gama de soluciones y disfruta de operaciones optimizadas, resultados tangibles y la ventaja necesaria para superar a la competencia.<\/p>\n\n\r\n        <\/div>\r\n    <\/section>\r\n<\/div>\n\n<div aria-hidden=\"true\" class=\"appeal-spacer appeal-spacer--69d00c94d0058  appeal-spacer--transparent\">\r\n<style>\r\n\/* Ultrawide *\/\r\n.appeal-spacer--69d00c94d0058 {\r\n    height: 75px;\r\n}\r\n\r\n\/* Desktop *\/\r\n@media (max-width: 1920px) {\r\n    .appeal-spacer--69d00c94d0058 {\r\n        height: 75px;\r\n    }\r\n}\r\n\r\n\/* Laptop *\/\r\n@media (max-width: 1024px) {\r\n    .appeal-spacer--69d00c94d0058 {\r\n        height: 50px;\r\n    }\r\n}\r\n\r\n\/* Mobile *\/\r\n@media (max-width: 767px) {\r\n    .appeal-spacer--69d00c94d0058 {\r\n        height: 50px;\r\n    }\r\n}\r\n<\/style>\r\n<\/div>\r\n\n\n\n\n<section class=\"icon-descriptions  js-icon-descriptions\"    data-block=\"appeal\/icon-descriptions\">\n    <div class=\"container\">\n        <div class=\"icon-descriptions__intro-text\"><p><span style=\"color: #1ff4ff;\"><span style=\"color: #ffffff;\"><span class=\"NormalTextRun SCXW156688876 BCX0\" style=\"color: #1ff4ff;\">LAS <\/span><span class=\"NormalTextRun SCXW156688876 BCX0\"><span style=\"color: #1ff4ff;\">SOLUCIONES<\/span> EN UN VISTAZO \u00a0\u00a0<\/span><\/span><\/span><\/p>\n<\/div>\n        <div class=\"icon-descriptions__icon-list\">\n                            <div class=\"icon-list-item\">\n                    <div class=\"icon-list-item__icon-wrapper\">\n                                                                                \n    \n            <div class=\"icon-list-item__image\" data-lazy >\n                            <img decoding=\"async\" loading=\"lazy\" data-lazy-placeholder src=\"https:\/\/roboyo.global\/app\/uploads\/2023\/12\/ByOutcome-1-150x150.gif\" alt=\"By outcome GIF\">\n                                        <img loading=\"lazy\" data-lazy-full=\"https:\/\/roboyo.global\/app\/uploads\/2023\/12\/ByOutcome-1.gif\" alt=\"By outcome GIF\">\n                    <\/div>\n    \n                                            <\/div>\n\n                                            <div class=\"icon-list-item__title\">POR RESULTADO   <\/div>\n                    \n                                            <div class=\"icon-list-item__description\">Tanto si sutobjetivo es obtener una ventaja competitiva, asegurar una ventaja de costes, preparar tus operaciones digitales para el futuro, impulsar el talento o satisfacer a tus clientes, nuestras soluciones personalizadas est\u00e1n dise\u00f1adas para cumplir tus objetivos empresariales.    <\/div>\n                    \n                                        <div class=\"icon-list-item__button\">\n                    \n<a\n    class=\"animated-cta__link link--primary link--dark link--dark-blue link--internal link--large link link--primary link--internal\"\n    href=\"https:\/\/roboyo.global\/es\/soluciones-por-resultado\/\"     aria-label=\"Learn more about: M\u00e1s informaci\u00f3n\"    data-loaded\n>\n  <div>\n          <i><\/i>\n        <span>M\u00e1s informaci\u00f3n<\/span>\n      <\/div>\n<\/a>                    <\/div>\n                                    <\/div>\n                            <div class=\"icon-list-item\">\n                    <div class=\"icon-list-item__icon-wrapper\">\n                                                                                \n    \n            <div class=\"icon-list-item__image\" data-lazy >\n                            <img decoding=\"async\" loading=\"lazy\" data-lazy-placeholder src=\"https:\/\/roboyo.global\/app\/uploads\/2023\/12\/ByNeed-1-150x150.gif\" alt=\"By need GIF\">\n                                        <img loading=\"lazy\" data-lazy-full=\"https:\/\/roboyo.global\/app\/uploads\/2023\/12\/ByNeed-1.gif\" alt=\"By need GIF\">\n                    <\/div>\n    \n                                            <\/div>\n\n                                            <div class=\"icon-list-item__title\">POR NECESIDAD   <\/div>\n                    \n                                            <div class=\"icon-list-item__description\">Cada fase de tu viaje hacia la automatizaci\u00f3n exige un enfoque matizado, y nuestras soluciones se ajustan con precisi\u00f3n para proporcionar el apoyo adecuado y el pensamiento estrat\u00e9gico en cada paso.<\/div>\n                    \n                                        <div class=\"icon-list-item__button\">\n                    \n<a\n    class=\"animated-cta__link link--primary link--dark link--dark-blue link--internal link--large link link--primary link--internal\"\n    href=\"https:\/\/roboyo.global\/es\/soluciones-por-necesidad\/\"     aria-label=\"Learn more about: M\u00e1s informaci\u00f3n\"    data-loaded\n>\n  <div>\n          <i><\/i>\n        <span>M\u00e1s informaci\u00f3n<\/span>\n      <\/div>\n<\/a>                    <\/div>\n                                    <\/div>\n                            <div class=\"icon-list-item\">\n                    <div class=\"icon-list-item__icon-wrapper\">\n                                                                                \n    \n            <div class=\"icon-list-item__image\" data-lazy >\n                            <img decoding=\"async\" loading=\"lazy\" data-lazy-placeholder src=\"https:\/\/roboyo.global\/app\/uploads\/2023\/12\/ByFunction-1-150x150.gif\" alt=\"By function GIF\">\n                                        <img loading=\"lazy\" data-lazy-full=\"https:\/\/roboyo.global\/app\/uploads\/2023\/12\/ByFunction-1.gif\" alt=\"By function GIF\">\n                    <\/div>\n    \n                                            <\/div>\n\n                                            <div class=\"icon-list-item__title\">POR FUNCI\u00d3N   <\/div>\n                    \n                                            <div class=\"icon-list-item__description\">Descubre el poder de las soluciones de automatizaci\u00f3n especializadas de Roboyo para diversas funciones empresariales, desde Finanzas y TI hasta Recursos Humanos y Operaciones. Nuestro enfoque hol\u00edstico garantiza la optimizaci\u00f3n y la mejora del rendimiento en todos los departamentos, contribuyendo al \u00e9xito y la eficiencia general de su organizaci\u00f3n. <\/div>\n                    \n                                        <div class=\"icon-list-item__button\">\n                    \n<a\n    class=\"animated-cta__link link--primary link--dark link--dark-blue link--internal link--large link link--primary link--internal\"\n    href=\"https:\/\/roboyo.global\/es\/soluciones-por-departamento\/\"     aria-label=\"Learn more about: M\u00e1s informaci\u00f3n\"    data-loaded\n>\n  <div>\n          <i><\/i>\n        <span>M\u00e1s informaci\u00f3n<\/span>\n      <\/div>\n<\/a>                    <\/div>\n                                    <\/div>\n                    <\/div>\n    <\/div>\n<\/section>\n","protected":false},"excerpt":{"rendered":"","protected":false},"author":25,"featured_media":29768,"parent":0,"menu_order":0,"comment_status":"closed","ping_status":"closed","template":"","meta":{"_acf_changed":false,"footnotes":""},"wf_page_folders":[],"class_list":["post-70000","page","type-page","status-publish","has-post-thumbnail","hentry"],"acf":[],"yoast_head":"<!-- This site is optimized with the Yoast SEO Premium plugin v26.0 (Yoast SEO v26.8) - https:\/\/yoast.com\/product\/yoast-seo-premium-wordpress\/ -->\n<title>Explore Las Soluciones Que Ofrecemos - Roboyo<\/title>\n<meta name=\"description\" content=\"Nuestra experiencia en la puesta en marcha de tecnolog\u00edas cataliza la adopci\u00f3n de nuevos modelos empresariales a gran velocidad y escala.\" \/>\n<meta name=\"robots\" content=\"index, follow, max-snippet:-1, max-image-preview:large, max-video-preview:-1\" \/>\n<link rel=\"canonical\" href=\"https:\/\/roboyo.global\/es\/soluciones\/\" \/>\n<meta property=\"og:locale\" content=\"es_ES\" \/>\n<meta property=\"og:type\" content=\"article\" \/>\n<meta property=\"og:title\" content=\"Soluciones\u00a0\u00a0\u00a0\" \/>\n<meta property=\"og:description\" content=\"Nuestra experiencia en la puesta en marcha de tecnolog\u00edas cataliza la adopci\u00f3n de nuevos modelos empresariales a gran velocidad y escala.\" \/>\n<meta property=\"og:url\" content=\"https:\/\/roboyo.global\/es\/soluciones\/\" \/>\n<meta property=\"og:site_name\" content=\"Roboyo\" \/>\n<meta property=\"article:modified_time\" content=\"2023-12-12T14:07:51+00:00\" \/>\n<meta property=\"og:image\" content=\"https:\/\/roboyo.global\/app\/uploads\/2022\/05\/img-sbo-competitive-edge-square.jpg\" \/>\n\t<meta property=\"og:image:width\" content=\"1420\" \/>\n\t<meta property=\"og:image:height\" content=\"1420\" \/>\n\t<meta property=\"og:image:type\" content=\"image\/jpeg\" \/>\n<meta name=\"twitter:card\" content=\"summary_large_image\" \/>\n<meta name=\"twitter:label1\" content=\"Est. reading time\" \/>\n\t<meta name=\"twitter:data1\" content=\"1 minute\" \/>\n<script type=\"application\/ld+json\" class=\"yoast-schema-graph\">{\"@context\":\"https:\/\/schema.org\",\"@graph\":[{\"@type\":\"WebPage\",\"@id\":\"https:\/\/roboyo.global\/es\/soluciones\/\",\"url\":\"https:\/\/roboyo.global\/es\/soluciones\/\",\"name\":\"Explore Las Soluciones Que Ofrecemos - Roboyo\",\"isPartOf\":{\"@id\":\"https:\/\/roboyo.global\/es\/#website\"},\"primaryImageOfPage\":{\"@id\":\"https:\/\/roboyo.global\/es\/soluciones\/#primaryimage\"},\"image\":{\"@id\":\"https:\/\/roboyo.global\/es\/soluciones\/#primaryimage\"},\"thumbnailUrl\":\"https:\/\/roboyo.global\/app\/uploads\/2022\/05\/img-sbo-competitive-edge-square.jpg\",\"datePublished\":\"2023-12-01T14:03:51+00:00\",\"dateModified\":\"2023-12-12T14:07:51+00:00\",\"description\":\"Nuestra experiencia en la puesta en marcha de tecnolog\u00edas cataliza la adopci\u00f3n de nuevos modelos empresariales a gran velocidad y escala.\",\"breadcrumb\":{\"@id\":\"https:\/\/roboyo.global\/es\/soluciones\/#breadcrumb\"},\"inLanguage\":\"es-ES\",\"potentialAction\":[{\"@type\":\"ReadAction\",\"target\":[\"https:\/\/roboyo.global\/es\/soluciones\/\"]}]},{\"@type\":\"ImageObject\",\"inLanguage\":\"es-ES\",\"@id\":\"https:\/\/roboyo.global\/es\/soluciones\/#primaryimage\",\"url\":\"https:\/\/roboyo.global\/app\/uploads\/2022\/05\/img-sbo-competitive-edge-square.jpg\",\"contentUrl\":\"https:\/\/roboyo.global\/app\/uploads\/2022\/05\/img-sbo-competitive-edge-square.jpg\",\"width\":1420,\"height\":1420,\"caption\":\"F1 racing car\"},{\"@type\":\"BreadcrumbList\",\"@id\":\"https:\/\/roboyo.global\/es\/soluciones\/#breadcrumb\",\"itemListElement\":[{\"@type\":\"ListItem\",\"position\":1,\"name\":\"Home\",\"item\":\"https:\/\/roboyo.global\/es\/\"},{\"@type\":\"ListItem\",\"position\":2,\"name\":\"Soluciones\u00a0\u00a0\u00a0\"}]},{\"@type\":\"WebSite\",\"@id\":\"https:\/\/roboyo.global\/es\/#website\",\"url\":\"https:\/\/roboyo.global\/es\/\",\"name\":\"Roboyo - Your Agentic Automation & AI Partner of Choice\",\"description\":\"We take what\u2019s possible to the next level. Now.\",\"potentialAction\":[{\"@type\":\"SearchAction\",\"target\":{\"@type\":\"EntryPoint\",\"urlTemplate\":\"https:\/\/roboyo.global\/es\/?s={search_term_string}\"},\"query-input\":{\"@type\":\"PropertyValueSpecification\",\"valueRequired\":true,\"valueName\":\"search_term_string\"}}],\"inLanguage\":\"es-ES\"}]}<\/script>\n<!-- \/ Yoast SEO Premium plugin. -->","yoast_head_json":{"title":"Explore Las Soluciones Que Ofrecemos - Roboyo","description":"Nuestra experiencia en la puesta en marcha de tecnolog\u00edas cataliza la adopci\u00f3n de nuevos modelos empresariales a gran velocidad y escala.","robots":{"index":"index","follow":"follow","max-snippet":"max-snippet:-1","max-image-preview":"max-image-preview:large","max-video-preview":"max-video-preview:-1"},"canonical":"https:\/\/roboyo.global\/es\/soluciones\/","og_locale":"es_ES","og_type":"article","og_title":"Soluciones\u00a0\u00a0\u00a0","og_description":"Nuestra experiencia en la puesta en marcha de tecnolog\u00edas cataliza la adopci\u00f3n de nuevos modelos empresariales a gran velocidad y escala.","og_url":"https:\/\/roboyo.global\/es\/soluciones\/","og_site_name":"Roboyo","article_modified_time":"2023-12-12T14:07:51+00:00","og_image":[{"width":1420,"height":1420,"url":"https:\/\/roboyo.global\/app\/uploads\/2022\/05\/img-sbo-competitive-edge-square.jpg","type":"image\/jpeg"}],"twitter_card":"summary_large_image","twitter_misc":{"Est. reading time":"1 minute"},"schema":{"@context":"https:\/\/schema.org","@graph":[{"@type":"WebPage","@id":"https:\/\/roboyo.global\/es\/soluciones\/","url":"https:\/\/roboyo.global\/es\/soluciones\/","name":"Explore Las Soluciones Que Ofrecemos - Roboyo","isPartOf":{"@id":"https:\/\/roboyo.global\/es\/#website"},"primaryImageOfPage":{"@id":"https:\/\/roboyo.global\/es\/soluciones\/#primaryimage"},"image":{"@id":"https:\/\/roboyo.global\/es\/soluciones\/#primaryimage"},"thumbnailUrl":"https:\/\/roboyo.global\/app\/uploads\/2022\/05\/img-sbo-competitive-edge-square.jpg","datePublished":"2023-12-01T14:03:51+00:00","dateModified":"2023-12-12T14:07:51+00:00","description":"Nuestra experiencia en la puesta en marcha de tecnolog\u00edas cataliza la adopci\u00f3n de nuevos modelos empresariales a gran velocidad y escala.","breadcrumb":{"@id":"https:\/\/roboyo.global\/es\/soluciones\/#breadcrumb"},"inLanguage":"es-ES","potentialAction":[{"@type":"ReadAction","target":["https:\/\/roboyo.global\/es\/soluciones\/"]}]},{"@type":"ImageObject","inLanguage":"es-ES","@id":"https:\/\/roboyo.global\/es\/soluciones\/#primaryimage","url":"https:\/\/roboyo.global\/app\/uploads\/2022\/05\/img-sbo-competitive-edge-square.jpg","contentUrl":"https:\/\/roboyo.global\/app\/uploads\/2022\/05\/img-sbo-competitive-edge-square.jpg","width":1420,"height":1420,"caption":"F1 racing car"},{"@type":"BreadcrumbList","@id":"https:\/\/roboyo.global\/es\/soluciones\/#breadcrumb","itemListElement":[{"@type":"ListItem","position":1,"name":"Home","item":"https:\/\/roboyo.global\/es\/"},{"@type":"ListItem","position":2,"name":"Soluciones\u00a0\u00a0\u00a0"}]},{"@type":"WebSite","@id":"https:\/\/roboyo.global\/es\/#website","url":"https:\/\/roboyo.global\/es\/","name":"Roboyo - Your Agentic Automation & AI Partner of Choice","description":"We take what\u2019s possible to the next level. Now.","potentialAction":[{"@type":"SearchAction","target":{"@type":"EntryPoint","urlTemplate":"https:\/\/roboyo.global\/es\/?s={search_term_string}"},"query-input":{"@type":"PropertyValueSpecification","valueRequired":true,"valueName":"search_term_string"}}],"inLanguage":"es-ES"}]}},"_links":{"self":[{"href":"https:\/\/roboyo.global\/es\/wp-json\/wp\/v2\/pages\/70000","targetHints":{"allow":["GET"]}}],"collection":[{"href":"https:\/\/roboyo.global\/es\/wp-json\/wp\/v2\/pages"}],"about":[{"href":"https:\/\/roboyo.global\/es\/wp-json\/wp\/v2\/types\/page"}],"author":[{"embeddable":true,"href":"https:\/\/roboyo.global\/es\/wp-json\/wp\/v2\/users\/25"}],"replies":[{"embeddable":true,"href":"https:\/\/roboyo.global\/es\/wp-json\/wp\/v2\/comments?post=70000"}],"version-history":[{"count":5,"href":"https:\/\/roboyo.global\/es\/wp-json\/wp\/v2\/pages\/70000\/revisions"}],"predecessor-version":[{"id":71600,"href":"https:\/\/roboyo.global\/es\/wp-json\/wp\/v2\/pages\/70000\/revisions\/71600"}],"wp:featuredmedia":[{"embeddable":true,"href":"https:\/\/roboyo.global\/es\/wp-json\/wp\/v2\/media\/29768"}],"wp:attachment":[{"href":"https:\/\/roboyo.global\/es\/wp-json\/wp\/v2\/media?parent=70000"}],"wp:term":[{"taxonomy":"wf_page_folders","embeddable":true,"href":"https:\/\/roboyo.global\/es\/wp-json\/wp\/v2\/wf_page_folders?post=70000"}],"curies":[{"name":"wp","href":"https:\/\/api.w.org\/{rel}","templated":true}]}}