{"id":69984,"date":"2023-12-01T14:28:10","date_gmt":"2023-12-01T14:28:10","guid":{"rendered":"https:\/\/roboyo.global\/?page_id=69984"},"modified":"2023-12-01T14:28:11","modified_gmt":"2023-12-01T14:28:11","slug":"insights","status":"publish","type":"page","link":"https:\/\/roboyo.global\/es\/insights\/","title":{"rendered":"Insights"},"content":{"rendered":"\r\n\r\n<section  data-loaded data-nav-transparent class=\"hero-header-4 hero-header-4--h6 hero-header-4--left  hero-header-4--fw\" data-block=\"appeal\/hero-4\">\r\n    <div class=\"hero-header-4__wrapper hero-header-4__wrapper--white\">\r\n        <div class=\"hero-header-4__container\">\r\n                        <div class=\"hero-header-4__content hero-header-4__content--\">\r\n                \r\n\r\n                                    <p class=\"hero-header-4__title h6 uppercase\">AUTOMATIZACI\u00d3N INTELIGENTE<\/p>\r\n                \r\n                                    <h1 class=\"hero-header-4__subtitle h3 uppercase\">Insights<\/h1>\r\n                \r\n                \r\n            <\/div>\r\n        <\/div>\r\n    <\/div>\r\n<\/section>\n\n\r\n\r\n<section  data-loaded class=\"horizontal-nav horizontal-nav--light  async-load\">\r\n    <div class=\"horizontal-nav__container container--1644\">\r\n        <nav class=\"horizontal-nav__nav\">\r\n            <ul class=\"horizontal-nav__links\">\r\n                                                                                        <li class=\"horizontal-nav__link  horizontal-nav__link--mobile-default  js-hnav-default-mobile-link\">\r\n                                <a href=\"#\">Menu<\/a>\r\n                            <\/li>\r\n                                                <li class=\"horizontal-nav__link  js-hnav-link\" data-url-path=\"\/es\/todos-los-insights\/\">\r\n                                                        <a href=\"https:\/\/roboyo.global\/es\/todos-los-insights\/\">Todos los insights<\/a>\r\n                            \r\n                                                    <\/li>\r\n                                                                                                        <li class=\"horizontal-nav__link  js-hnav-link\" data-url-path=\"\/es\/todos-los-insights\/blog\/\">\r\n                                                        <a href=\"https:\/\/roboyo.global\/es\/todos-los-insights\/blog\/\">Blog<\/a>\r\n                            \r\n                                                    <\/li>\r\n                                                                                                        <li class=\"horizontal-nav__link  js-hnav-link\" data-url-path=\"\/es\/todos-los-insights\/casos-de-exito\/\">\r\n                                                        <a href=\"https:\/\/roboyo.global\/es\/todos-los-insights\/casos-de-exito\/\">Casos de \u00e9xito<\/a>\r\n                            \r\n                                                    <\/li>\r\n                                                                                                        <li class=\"horizontal-nav__link  js-hnav-link\" data-url-path=\"\/es\/todos-los-insights\/recursos\/\">\r\n                                                        <a href=\"https:\/\/roboyo.global\/es\/todos-los-insights\/recursos\/\">Recursos<\/a>\r\n                            \r\n                                                    <\/li>\r\n                                                                                                        <li class=\"horizontal-nav__link  js-hnav-link\" data-url-path=\"\/es\/todos-los-insights\/prensa\/\">\r\n                                                        <a href=\"https:\/\/roboyo.global\/es\/todos-los-insights\/prensa\/\">Prensa<\/a>\r\n                            \r\n                                                    <\/li>\r\n                                                                                                        <li class=\"horizontal-nav__link  js-hnav-link\" data-url-path=\"\/es\/todos-los-insights\/eventos\/\">\r\n                                                        <a href=\"https:\/\/roboyo.global\/es\/todos-los-insights\/eventos\/\">Eventos<\/a>\r\n                            \r\n                                                    <\/li>\r\n                                                                                                        <li class=\"horizontal-nav__link  js-hnav-link\" data-url-path=\"\/es\/todos-los-insights\/videos\/\">\r\n                                                        <a href=\"https:\/\/roboyo.global\/es\/todos-los-insights\/videos\/\">Videos<\/a>\r\n                            \r\n                                                    <\/li>\r\n                                                <\/ul>\r\n        <\/nav>\r\n    <\/div>\r\n<\/section>\n\n\n\n<section id=\"feed-v2\" class=\"no-top-spacing\">\n    <feed-component :feed-layout='{\"layout\":\"multiple_post_types\",\"postTypes\":[\"post\",\"case_study\",\"press_release\",\"resource\",\"video\",\"podcast\",\"event\"],\"enableFilters\":true,\"filtersType\":\"tabs\",\"taxonomiesList\":[{\"taxonomy\":{\"name\":\"Tipo\",\"slug\":\"post_types\"},\"terms\":[{\"name\":\"Blog\",\"slug\":\"post\",\"taxonomy\":\"post_types\"},{\"name\":\"Casos de \\u00e9xito\",\"slug\":\"case_study\",\"taxonomy\":\"post_types\"},{\"name\":\"COMUNICADO DE PRENSA\",\"slug\":\"press_release\",\"taxonomy\":\"post_types\"},{\"name\":\"Resource\",\"slug\":\"resource\",\"taxonomy\":\"post_types\"},{\"name\":\"Event\",\"slug\":\"event\",\"taxonomy\":\"post_types\"}]},{\"taxonomy\":{\"name\":\"Tema\",\"slug\":\"topic\"},\"terms\":[{\"name\":\"AI\",\"slug\":\"ai-es\",\"taxonomy\":\"topic\"},{\"name\":\"Automatizaci\\u00f3n De Pruebas\",\"slug\":\"automatizacion-de-pruebas\",\"taxonomy\":\"topic\"},{\"name\":\"BPM\",\"slug\":\"bpm-es\",\"taxonomy\":\"topic\"},{\"name\":\"Ciberseguridad\",\"slug\":\"ciberseguridad\",\"taxonomy\":\"topic\"},{\"name\":\"C\\u00f3digo bajo\",\"slug\":\"codigo-bajo\",\"taxonomy\":\"topic\"},{\"name\":\"IDP\",\"slug\":\"idp-es\",\"taxonomy\":\"topic\"},{\"name\":\"Lean Seis Sigma\",\"slug\":\"lean-seis-sigma\",\"taxonomy\":\"topic\"},{\"name\":\"Miner\\u00eda De Procesos\",\"slug\":\"mineria-de-procesos\",\"taxonomy\":\"topic\"},{\"name\":\"Personas\",\"slug\":\"personas\",\"taxonomy\":\"topic\"},{\"name\":\"RPA\",\"slug\":\"rpa-es\",\"taxonomy\":\"topic\"},{\"name\":\"Servicios Gestionados\",\"slug\":\"servicios-gestionados\",\"taxonomy\":\"topic\"}]},{\"taxonomy\":{\"name\":\"Industria\",\"slug\":\"industry\"},\"terms\":[{\"name\":\"Automoci\\u00f3n\",\"slug\":\"automocion\",\"taxonomy\":\"industry\"},{\"name\":\"Bienes De Consumo\\\/Minoristas\",\"slug\":\"bienes-de-consumo-minoristas\",\"taxonomy\":\"industry\"},{\"name\":\"Ciencias De La Vida\",\"slug\":\"ciencias-de-la-vida\",\"taxonomy\":\"industry\"},{\"name\":\"Educaci\\u00f3n Superior\",\"slug\":\"educacion-superior\",\"taxonomy\":\"industry\"},{\"name\":\"Fabricaci\\u00f3n\",\"slug\":\"fabricacion\",\"taxonomy\":\"industry\"},{\"name\":\"Sector P\\u00fablico\\\/Gobierno Estadounidense\",\"slug\":\"sector-publico-gobierno-estadounidense\",\"taxonomy\":\"industry\"},{\"name\":\"Servicios Financieros\",\"slug\":\"servicios-financieros\",\"taxonomy\":\"industry\"},{\"name\":\"Todas Las Industrias\",\"slug\":\"todas-las-industrias\",\"taxonomy\":\"industry\"}]},{\"taxonomy\":{\"name\":\"Departamento\",\"slug\":\"function\"},\"terms\":[{\"name\":\"Adquisiciones\",\"slug\":\"adquisiciones\",\"taxonomy\":\"function\"},{\"name\":\"Atenci\\u00f3n Al Cliente\",\"slug\":\"atencion-al-cliente\",\"taxonomy\":\"function\"},{\"name\":\"Cadena De Suministro\",\"slug\":\"cadena-de-suministro\",\"taxonomy\":\"function\"},{\"name\":\"Finanzas\",\"slug\":\"finanzas\",\"taxonomy\":\"function\"},{\"name\":\"IT\",\"slug\":\"it-es\",\"taxonomy\":\"function\"},{\"name\":\"Operaciones FSI\",\"slug\":\"operaciones-fsi\",\"taxonomy\":\"function\"},{\"name\":\"Recursos Humanos y Administraci\\u00f3n\",\"slug\":\"recursos-humanos-y-administracion\",\"taxonomy\":\"function\"},{\"name\":\"Todos Los Departamentos\",\"slug\":\"todos-los-departamentos\",\"taxonomy\":\"function\"}]}]}' :translations='{\"Load Previous Insights\":\"Load Previous Insights\",\"Load More Insights\":\"cargar m\\u00e1s informaci\\u00f3n\",\"No results to show\":\"No hay resultados que mostrar\",\"Filter\":\"Filter\",\"Filters\":\"Filters\",\"Clear all filters\":\"Clear all filters\",\"Show results\":\"Show results\",\"All Results\":\"All Results\",\"%read_time% min read\":\"%read_time% min leer\",\"By\":\"Por\",\"more\":\"more\",\"Episode\":\"Episode\",\"Latest\":\"Latest\",\"Listen here\":\"Listen here\",\"Watch episode\":\"Watch episode\"}' language-code='es' \/>\n<\/section>\n\n    <noscript>\n                    <article>\n                <a href=\"https:\/\/roboyo.global\/es\/case-study\/extraccion-de-documentos-de-propiedad-impulsada-por-ia-precision-del-99-y-un-85-de-procesamiento-directo-stp\/\">\n                    <h3>Extracci\u00f3n de documentos de propiedad impulsada por IA: precisi\u00f3n del 99% y un 85% de procesamiento directo (STP)<\/h3>\n                <\/a>\n            <\/article>\n                    <article>\n                <a href=\"https:\/\/roboyo.global\/es\/case-study\/clasificacion-de-casos-impulsada-por-ia-aumentando-la-precision-y-ahorrando-58-fte-en-atencion-al-cliente\/\">\n                    <h3>Clasificaci\u00f3n de Casos Impulsada por IA: Aumentando la Precisi\u00f3n y Ahorrando 5,8 FTE en Atenci\u00f3n al Cliente<\/h3>\n                <\/a>\n            <\/article>\n                    <article>\n                <a href=\"https:\/\/roboyo.global\/es\/case-study\/puntuacion-de-ia-en-accion-150-me-de-aumento-de-ingresos-y-570-ke-ahorrados-en-la-automatizacion-de-rfq\/\">\n                    <h3>Puntuaci\u00f3n de IA en acci\u00f3n: 150 M\u20ac de aumento de ingresos y 570 K\u20ac ahorrados en la automatizaci\u00f3n de RFQ<\/h3>\n                <\/a>\n            <\/article>\n                    <article>\n                <a href=\"https:\/\/roboyo.global\/es\/case-study\/la-ia-agente-mejora-la-prevision-de-cuentas-por-pagar-inteligencia-escalable-para-todas-las-finanzas\/\">\n                    <h3>La IA Agente mejora la previsi\u00f3n de cuentas por pagar: inteligencia escalable para todas las finanzas<\/h3>\n                <\/a>\n            <\/article>\n                    <article>\n                <a href=\"https:\/\/roboyo.global\/es\/case-study\/escala-de-las-operaciones-de-automatizacion-en-automocion-como-opmobility-recupero-mas-de-100-horas-al-mes\/\">\n                    <h3>Escala de las operaciones de automatizaci\u00f3n en automoci\u00f3n: c\u00f3mo OPmobility recuper\u00f3 m\u00e1s de 100 horas al mes<\/h3>\n                <\/a>\n            <\/article>\n                    <article>\n                <a href=\"https:\/\/roboyo.global\/es\/all-insights\/press-release\/roboyo-gana-el-premio-al-socio-automation-for-good-de-uipath\/\">\n                    <h3>Roboyo gana el premio al socio &#8220;Automation for Good&#8221; de UiPath<\/h3>\n                <\/a>\n            <\/article>\n                    <article>\n                <a href=\"https:\/\/roboyo.global\/es\/blog\/como-sacar-lean-sixeis-sigma-de-la-fabrica-y-llevarlo-a-la-oficina\/\">\n                    <h3>C\u00f3mo Sacar Lean Six Sigma De La F\u00e1brica Y Llevarlo A La Oficina<\/h3>\n                <\/a>\n            <\/article>\n                    <article>\n                <a href=\"https:\/\/roboyo.global\/es\/blog\/como-la-automatizacion-de-pruebas-puede-hacer-que-tu-empresa-sea-mas-resiliente\/\">\n                    <h3>C\u00f3mo La Automatizaci\u00f3n De Pruebas Puede Hacer Que Tu Empresa Sea M\u00e1s Resiliente<\/h3>\n                <\/a>\n            <\/article>\n                    <article>\n                <a href=\"https:\/\/roboyo.global\/es\/blog\/por-que-los-proyectos-lean-six-sigma-se-quedan-cortos\/\">\n                    <h3>Por qu\u00e9 los proyectos Lean Six Sigma se quedan cortos<\/h3>\n                <\/a>\n            <\/article>\n                    <article>\n                <a href=\"https:\/\/roboyo.global\/es\/all-insights\/press-release\/roboyo-nombra-a-derk-weinheimer-como-ceo\/\">\n                    <h3>Roboyo nombra a Derk Weinheimer como ceo<\/h3>\n                <\/a>\n            <\/article>\n                    <article>\n                <a href=\"https:\/\/roboyo.global\/es\/blog\/el-poder-de-la-automatizacion-del-marketing\/\">\n                    <h3>El Poder De La Automatizaci\u00f3n Del Marketing<\/h3>\n                <\/a>\n            <\/article>\n                    <article>\n                <a href=\"https:\/\/roboyo.global\/es\/blog\/revolucionando-la-automatizacion-en-la-era-de-la-ia-generativa\/\">\n                    <h3>Revolucionando La Automatizaci\u00f3n En La Era De La IA Generativa<\/h3>\n                <\/a>\n            <\/article>\n                                    <a href=\"\/es\/wp-json\/wp\/v2\/pages\/69984?current_page=2\" rel=\"next\">Next<\/a>\n            <\/noscript>\n\n\n\r\n\r\n<section  data-horizontal-hide data-loaded class=\"cta cta--none cta--  async-load\" data-block=\"appeal\/cta\">\r\n    \r\n    <div class=\"cta__container container--edge-to-edge\">\r\n                    <h2 class=\"cta__title\">pasa al siguiente nivel. ahora.<\/h2>\r\n                        <div class=\"cta__button\">\r\n                            \n<a\n    class=\"cta__link modal-button link--dark link--dark-blue  link link--primary link--internal\"\n    href=\"#cta_footer\"     aria-label=\"Contact Us: contacta con nosotros\"    data-loaded\n>\n  <div>\n          <i><\/i>\n        <span>contacta con nosotros<\/span>\n      <\/div>\n<\/a>                    <\/div>\r\n    <\/div>\r\n    <div class=\"cta__modal\">\r\n        \r\n    <\/div>\r\n<\/section>","protected":false},"excerpt":{"rendered":"","protected":false},"author":25,"featured_media":42963,"parent":0,"menu_order":0,"comment_status":"closed","ping_status":"closed","template":"","meta":{"_acf_changed":false,"footnotes":""},"wf_page_folders":[],"class_list":["post-69984","page","type-page","status-publish","has-post-thumbnail","hentry"],"acf":[],"yoast_head":"<!-- This site is optimized with the Yoast SEO Premium plugin v26.0 (Yoast SEO v26.8) - https:\/\/yoast.com\/product\/yoast-seo-premium-wordpress\/ -->\n<title>Lea Nuestra Biblioteca De Ideas - Roboyo<\/title>\n<meta name=\"description\" content=\"Informaci\u00f3n sobre las \u00faltimas tendencias del sector y opiniones de expertos de nuestros principales profesionales.\" \/>\n<meta name=\"robots\" content=\"index, follow, max-snippet:-1, max-image-preview:large, max-video-preview:-1\" \/>\n<link rel=\"canonical\" href=\"https:\/\/roboyo.global\/es\/insights\/\" \/>\n<meta property=\"og:locale\" content=\"es_ES\" \/>\n<meta property=\"og:type\" content=\"article\" \/>\n<meta property=\"og:title\" content=\"Insights\" \/>\n<meta property=\"og:description\" content=\"Informaci\u00f3n sobre las \u00faltimas tendencias del sector y opiniones de expertos de nuestros principales profesionales.\" \/>\n<meta property=\"og:url\" content=\"https:\/\/roboyo.global\/es\/insights\/\" \/>\n<meta property=\"og:site_name\" content=\"Roboyo\" \/>\n<meta property=\"article:modified_time\" content=\"2023-12-01T14:28:11+00:00\" \/>\n<meta property=\"og:image\" content=\"https:\/\/roboyo.global\/app\/uploads\/2022\/10\/1.png\" \/>\n\t<meta property=\"og:image:width\" content=\"1080\" \/>\n\t<meta property=\"og:image:height\" content=\"1080\" \/>\n\t<meta property=\"og:image:type\" content=\"image\/png\" \/>\n<meta name=\"twitter:card\" content=\"summary_large_image\" \/>\n<meta name=\"twitter:description\" content=\"Informaci\u00f3n sobre las \u00faltimas tendencias del sector y opiniones de expertos de nuestros principales profesionales.\" \/>\n<script type=\"application\/ld+json\" class=\"yoast-schema-graph\">{\"@context\":\"https:\/\/schema.org\",\"@graph\":[{\"@type\":\"WebPage\",\"@id\":\"https:\/\/roboyo.global\/es\/insights\/\",\"url\":\"https:\/\/roboyo.global\/es\/insights\/\",\"name\":\"Lea Nuestra Biblioteca De Ideas - Roboyo\",\"isPartOf\":{\"@id\":\"https:\/\/roboyo.global\/es\/#website\"},\"primaryImageOfPage\":{\"@id\":\"https:\/\/roboyo.global\/es\/insights\/#primaryimage\"},\"image\":{\"@id\":\"https:\/\/roboyo.global\/es\/insights\/#primaryimage\"},\"thumbnailUrl\":\"https:\/\/roboyo.global\/app\/uploads\/2022\/10\/1.png\",\"datePublished\":\"2023-12-01T14:28:10+00:00\",\"dateModified\":\"2023-12-01T14:28:11+00:00\",\"description\":\"Informaci\u00f3n sobre las \u00faltimas tendencias del sector y opiniones de expertos de nuestros principales profesionales.\",\"breadcrumb\":{\"@id\":\"https:\/\/roboyo.global\/es\/insights\/#breadcrumb\"},\"inLanguage\":\"es-ES\",\"potentialAction\":[{\"@type\":\"ReadAction\",\"target\":[\"https:\/\/roboyo.global\/es\/insights\/\"]}]},{\"@type\":\"ImageObject\",\"inLanguage\":\"es-ES\",\"@id\":\"https:\/\/roboyo.global\/es\/insights\/#primaryimage\",\"url\":\"https:\/\/roboyo.global\/app\/uploads\/2022\/10\/1.png\",\"contentUrl\":\"https:\/\/roboyo.global\/app\/uploads\/2022\/10\/1.png\",\"width\":1080,\"height\":1080,\"caption\":\"Insights\"},{\"@type\":\"BreadcrumbList\",\"@id\":\"https:\/\/roboyo.global\/es\/insights\/#breadcrumb\",\"itemListElement\":[{\"@type\":\"ListItem\",\"position\":1,\"name\":\"Home\",\"item\":\"https:\/\/roboyo.global\/es\/\"},{\"@type\":\"ListItem\",\"position\":2,\"name\":\"Insights\"}]},{\"@type\":\"WebSite\",\"@id\":\"https:\/\/roboyo.global\/es\/#website\",\"url\":\"https:\/\/roboyo.global\/es\/\",\"name\":\"Roboyo - Your Agentic Automation & AI Partner of Choice\",\"description\":\"We take what\u2019s possible to the next level. Now.\",\"potentialAction\":[{\"@type\":\"SearchAction\",\"target\":{\"@type\":\"EntryPoint\",\"urlTemplate\":\"https:\/\/roboyo.global\/es\/?s={search_term_string}\"},\"query-input\":{\"@type\":\"PropertyValueSpecification\",\"valueRequired\":true,\"valueName\":\"search_term_string\"}}],\"inLanguage\":\"es-ES\"}]}<\/script>\n<!-- \/ Yoast SEO Premium plugin. -->","yoast_head_json":{"title":"Lea Nuestra Biblioteca De Ideas - Roboyo","description":"Informaci\u00f3n sobre las \u00faltimas tendencias del sector y opiniones de expertos de nuestros principales profesionales.","robots":{"index":"index","follow":"follow","max-snippet":"max-snippet:-1","max-image-preview":"max-image-preview:large","max-video-preview":"max-video-preview:-1"},"canonical":"https:\/\/roboyo.global\/es\/insights\/","og_locale":"es_ES","og_type":"article","og_title":"Insights","og_description":"Informaci\u00f3n sobre las \u00faltimas tendencias del sector y opiniones de expertos de nuestros principales profesionales.","og_url":"https:\/\/roboyo.global\/es\/insights\/","og_site_name":"Roboyo","article_modified_time":"2023-12-01T14:28:11+00:00","og_image":[{"width":1080,"height":1080,"url":"https:\/\/roboyo.global\/app\/uploads\/2022\/10\/1.png","type":"image\/png"}],"twitter_card":"summary_large_image","twitter_description":"Informaci\u00f3n sobre las \u00faltimas tendencias del sector y opiniones de expertos de nuestros principales profesionales.","schema":{"@context":"https:\/\/schema.org","@graph":[{"@type":"WebPage","@id":"https:\/\/roboyo.global\/es\/insights\/","url":"https:\/\/roboyo.global\/es\/insights\/","name":"Lea Nuestra Biblioteca De Ideas - Roboyo","isPartOf":{"@id":"https:\/\/roboyo.global\/es\/#website"},"primaryImageOfPage":{"@id":"https:\/\/roboyo.global\/es\/insights\/#primaryimage"},"image":{"@id":"https:\/\/roboyo.global\/es\/insights\/#primaryimage"},"thumbnailUrl":"https:\/\/roboyo.global\/app\/uploads\/2022\/10\/1.png","datePublished":"2023-12-01T14:28:10+00:00","dateModified":"2023-12-01T14:28:11+00:00","description":"Informaci\u00f3n sobre las \u00faltimas tendencias del sector y opiniones de expertos de nuestros principales profesionales.","breadcrumb":{"@id":"https:\/\/roboyo.global\/es\/insights\/#breadcrumb"},"inLanguage":"es-ES","potentialAction":[{"@type":"ReadAction","target":["https:\/\/roboyo.global\/es\/insights\/"]}]},{"@type":"ImageObject","inLanguage":"es-ES","@id":"https:\/\/roboyo.global\/es\/insights\/#primaryimage","url":"https:\/\/roboyo.global\/app\/uploads\/2022\/10\/1.png","contentUrl":"https:\/\/roboyo.global\/app\/uploads\/2022\/10\/1.png","width":1080,"height":1080,"caption":"Insights"},{"@type":"BreadcrumbList","@id":"https:\/\/roboyo.global\/es\/insights\/#breadcrumb","itemListElement":[{"@type":"ListItem","position":1,"name":"Home","item":"https:\/\/roboyo.global\/es\/"},{"@type":"ListItem","position":2,"name":"Insights"}]},{"@type":"WebSite","@id":"https:\/\/roboyo.global\/es\/#website","url":"https:\/\/roboyo.global\/es\/","name":"Roboyo - Your Agentic Automation & AI Partner of Choice","description":"We take what\u2019s possible to the next level. Now.","potentialAction":[{"@type":"SearchAction","target":{"@type":"EntryPoint","urlTemplate":"https:\/\/roboyo.global\/es\/?s={search_term_string}"},"query-input":{"@type":"PropertyValueSpecification","valueRequired":true,"valueName":"search_term_string"}}],"inLanguage":"es-ES"}]}},"_links":{"self":[{"href":"https:\/\/roboyo.global\/es\/wp-json\/wp\/v2\/pages\/69984","targetHints":{"allow":["GET"]}}],"collection":[{"href":"https:\/\/roboyo.global\/es\/wp-json\/wp\/v2\/pages"}],"about":[{"href":"https:\/\/roboyo.global\/es\/wp-json\/wp\/v2\/types\/page"}],"author":[{"embeddable":true,"href":"https:\/\/roboyo.global\/es\/wp-json\/wp\/v2\/users\/25"}],"replies":[{"embeddable":true,"href":"https:\/\/roboyo.global\/es\/wp-json\/wp\/v2\/comments?post=69984"}],"version-history":[{"count":3,"href":"https:\/\/roboyo.global\/es\/wp-json\/wp\/v2\/pages\/69984\/revisions"}],"predecessor-version":[{"id":71309,"href":"https:\/\/roboyo.global\/es\/wp-json\/wp\/v2\/pages\/69984\/revisions\/71309"}],"wp:featuredmedia":[{"embeddable":true,"href":"https:\/\/roboyo.global\/es\/wp-json\/wp\/v2\/media\/42963"}],"wp:attachment":[{"href":"https:\/\/roboyo.global\/es\/wp-json\/wp\/v2\/media?parent=69984"}],"wp:term":[{"taxonomy":"wf_page_folders","embeddable":true,"href":"https:\/\/roboyo.global\/es\/wp-json\/wp\/v2\/wf_page_folders?post=69984"}],"curies":[{"name":"wp","href":"https:\/\/api.w.org\/{rel}","templated":true}]}}