{"id":46137,"date":"2022-11-30T10:23:50","date_gmt":"2022-11-30T10:23:50","guid":{"rendered":"https:\/\/roboyo.global\/?page_id=46137"},"modified":"2025-12-10T11:01:52","modified_gmt":"2025-12-10T11:01:52","slug":"sobre-nosotros-somos-ingenieros","status":"publish","type":"page","link":"https:\/\/roboyo.global\/es\/sobre-nosotros-somos-ingenieros\/","title":{"rendered":"Somos Ingenieros De Automatizaci\u00f3n Inteligente"},"content":{"rendered":"\n\n<section  data-loaded data-nav-transparent\n    class=\"hero-header-3 hero-header-3--left hero-header-3--no-cat hero-header-3--fw\">\n    <div class=\"hero-header-3__wrapper\">\n        <div class=\"hero-header-3__video hero-header-3__video--overlay\">\n                                                <div class=\"hero-header-3__video-fg\">\n                 <div class=\"brlbs-cmpnt-container brlbs-cmpnt-content-blocker brlbs-cmpnt-with-individual-styles\" data-borlabs-cookie-content-blocker-id=\"vimeo-content-blocker\" data-borlabs-cookie-content=\"PGlmcmFtZSB0aXRsZT0iMDAyIC0gVmlkZW8gQ29kZSBIRCAxOTIweDk1MF8xOTA1MjFfdjYubXA0IiBzcmM9Imh0dHBzOi8vcGxheWVyLnZpbWVvLmNvbS92aWRlby81NjAzMzIxNjg\/ZG50PTEmYW1wO2FwcF9pZD0xMjI5NjMmY29udHJvbHM9MCZoZD0xJmF1dG9oaWRlPTEmc2hvd2luZm89MCZhdXRvcGxheT0xJm11dGU9MSZtdXRlZD0xJmxvb3A9MSZwbGF5c2lubGluZT0xJnJlbD0wJmFwaT0xIiB3aWR0aD0iNjQwIiBoZWlnaHQ9IjMxNyIgZnJhbWVib3JkZXI9IjAiIGFsbG93PSJhdXRvcGxheTsgZnVsbHNjcmVlbjsgcGljdHVyZS1pbi1waWN0dXJlOyBjbGlwYm9hcmQtd3JpdGU7IGVuY3J5cHRlZC1tZWRpYTsgd2ViLXNoYXJlIiByZWZlcnJlcnBvbGljeT0ic3RyaWN0LW9yaWdpbi13aGVuLWNyb3NzLW9yaWdpbiIgZnJhbWVib3JkZXI9IjAiIGlkPSJ5b3V0dWJlLXZpZGVvIiBvbmxvYWQ9InJldHVybiB0aGlzLmRpc3BhdGNoRXZlbnQobmV3IEV2ZW50KCd2aWRlbzpsb2FkZWQnLCB7YnViYmxlczogdHJ1ZX0pKTsiPjwvaWZyYW1lPg==\"><div class=\"brlbs-cmpnt-cb-preset-c brlbs-cmpnt-cb-vimeo\"> <div class=\"brlbs-cmpnt-cb-thumbnail\" style=\"background-image: url('https:\/\/roboyo.global\/app\/uploads\/borlabs-cookie\/1\/vimeo_560332168.jpg')\"><\/div> <div class=\"brlbs-cmpnt-cb-main\"> <div class=\"brlbs-cmpnt-cb-play-button\"><\/div> <div class=\"brlbs-cmpnt-cb-content\"> <p class=\"brlbs-cmpnt-cb-description\">Est\u00e1s viendo un contenido de marcador de posici\u00f3n de <strong>Vimeo<\/strong>. Para acceder al contenido real, haz clic en el siguiente bot\u00f3n. Ten en cuenta que al hacerlo compartir\u00e1s datos con terceros proveedores.<\/p> <a class=\"brlbs-cmpnt-cb-provider-toggle\" href=\"#\" data-borlabs-cookie-show-provider-information role=\"button\">M\u00e1s informaci\u00f3n<\/a> <\/div> <div class=\"brlbs-cmpnt-cb-buttons\"> <a class=\"brlbs-cmpnt-cb-btn\" href=\"#\" data-borlabs-cookie-unblock role=\"button\">Desbloquear contenido<\/a> <a class=\"brlbs-cmpnt-cb-btn\" href=\"#\" data-borlabs-cookie-accept-service role=\"button\" style=\"display: inherit\">Aceptar el servicio requerido y desbloquear el contenido<\/a> <\/div> <\/div> <\/div><\/div>            <\/div>\n                    <\/div>\n        <div class=\"hero-header-3__container\">\n            <div class=\"hero-header-3__content\">\n                                <p class=\"hero-header-3__title\">SOBRE NOSOTROS<\/p>\n                \n                                                <h1 class=\"hero-header-3__subtitle\">\n                    <span>Su socio de referencia en IA agentiva<\/span>\n                <\/h1>\n                \n                            <\/div>\n                    <\/div>\n                <div class=\"hero-header-3__gradient hero-header-3__gradient--overall\"\n            style=\"background: linear-gradient(180deg, rgba(0,0,0,0.0) 0%, rgba(0,0,0,1) 100%)\">\n        <\/div>\n            <\/div>\n<\/section>\n\n\n\n\r\n\r\n<div class=\"\"\r\n    style=\"background-color: #000000; position: relative\">\r\n    \r\n    \r\n    <section class=\"container-block container--1120\">\r\n        <div class=\"container-block__elements\">\r\n            \n\r\n\r\n<style>\r\n    @media (max-width: 599px) {\r\n        #heading_block_6939531f807c9 > .heading {\r\n            font-size: 30px;\r\n            line-height: 40px;\r\n        }\r\n    }\r\n\r\n    @media (min-width: 600px) and (max-width: 1023px) {\r\n        #heading_block_6939531f807c9 > .heading {\r\n            font-size: 50px;\r\n            line-height: 60px;\r\n        }\r\n    }\r\n\r\n    @media (min-width: 1024px) and (max-width: 1919px) {\r\n        #heading_block_6939531f807c9 > .heading {\r\n            font-size: 70px;\r\n            line-height: 80px;\r\n        }\r\n    }\r\n\r\n    @media (min-width: 1920px) {\r\n        #heading_block_6939531f807c9 > .heading {\r\n            font-size: 70px;\r\n            line-height: 80px;\r\n        }\r\n    }\r\n    \r\n<\/style>\r\n\r\n\r\n<div id=\"heading_block_6939531f807c9\" class=\"heading__container heading__container--#000000\">\r\n\r\n<h3 style=\"color: #ffffff; padding-left: 40px; padding-right: 40px;\" class=\"heading heading__size--h4 heading__alignment--center heading__weight--medium\">Roboyo naci\u00f3 en Alemania, pero est\u00e1 hecho para el mundo.<\/h3>\r\n\r\n<\/div>\n\r\n        <\/div>\r\n    <\/section>\r\n<\/div>\n\n<div aria-hidden=\"true\" class=\"appeal-spacer appeal-spacer--69e1782777cdb  appeal-spacer--black\">\r\n<style>\r\n\/* Ultrawide *\/\r\n.appeal-spacer--69e1782777cdb {\r\n    height: 100px;\r\n}\r\n\r\n\/* Desktop *\/\r\n@media (max-width: 1920px) {\r\n    .appeal-spacer--69e1782777cdb {\r\n        height: 100px;\r\n    }\r\n}\r\n\r\n\/* Laptop *\/\r\n@media (max-width: 1024px) {\r\n    .appeal-spacer--69e1782777cdb {\r\n        height: 50px;\r\n    }\r\n}\r\n\r\n\/* Mobile *\/\r\n@media (max-width: 767px) {\r\n    .appeal-spacer--69e1782777cdb {\r\n        height: 25px;\r\n    }\r\n}\r\n<\/style>\r\n<\/div>\r\n\n\n\r\n\r\n<div class=\"\"\r\n    style=\"background-color: #000000; position: relative\">\r\n    \r\n    \r\n    <section class=\"container-block container--1120\">\r\n        <div class=\"container-block__elements\">\r\n            \n\r\n<style>\r\n\r\n#paragraph_block_6939531f8083b p {\r\n    margin-top: 18px;\r\n    margin-bottom: 18px;\r\n    padding-top: 0px;\r\n    padding-bottom: 0px;\r\n}\r\n\r\n<\/style>\r\n\r\n\r\n<style>\r\n    @media (max-width: 599px) {\r\n        #paragraph_block_6939531f8083b {\r\n            font-size: 14px;\r\n            line-height: 16px;\r\n        }\r\n    }\r\n\r\n    @media (min-width: 600px) and (max-width: 1023px) {\r\n        #paragraph_block_6939531f8083b {\r\n            font-size: 16px;\r\n            line-height: 20px;\r\n        }\r\n    }\r\n\r\n    @media (min-width: 1024px) and (max-width: 1919px) {\r\n        #paragraph_block_6939531f8083b {\r\n            font-size: 18px;\r\n            line-height: 22px;\r\n        }\r\n    }\r\n\r\n    @media (min-width: 1920px) {\r\n        #paragraph_block_6939531f8083b {\r\n            font-size: 18px;\r\n            line-height: 22px;\r\n        }\r\n    }\r\n<\/style>\r\n\r\n<div id=\"paragraph_block_6939531f8083b\" class=\"aparagraph__container aparagraph__container--#000000\">\r\n    <p><span style=\"color: #f7f7f7;\">Roboyo es ahora la mayor empresa de servicios profesionales de Automatizaci\u00f3n Inteligente del mundo, con oficinas en 20 ciudades, en 15 pa\u00edses y 4 continentes.<\/span><\/p>\n<p><span style=\"color: #f7f7f7;\">Entre nuestros clientes se encuentran muchas de las empresas de la lista Fortune 500 y 22 de las del DAX 40.<\/span><\/p>\n<p><span style=\"color: #f7f7f7;\">Somos de 15 pa\u00edses y hablamos al menos el mismo n\u00famero de idiomas. Puede que seamos de equipos deportivos diferentes, o incluso de religiones diferentes, pero nos une el hecho de que todos somos ingenieros de automatizaci\u00f3n.<\/span><\/p>\n<p><span style=\"color: #f7f7f7;\">Resolver problemas t\u00e9cnicos complejos es lo que nos quita el sue\u00f1o y nos hace levantarnos cada ma\u00f1ana. Con una visi\u00f3n y precisi\u00f3n equilibradas, tenemos la capacidad de construir y guiar. Somos pensadores con visi\u00f3n panor\u00e1mica, con un buen ojo para los detalles y una pasi\u00f3n por ponernos manos a la obra.\u00a0<\/span><\/p>\n<p><span style=\"color: #f7f7f7;\">Reunimos a estrategas, tecn\u00f3logos, analistas de negocio y expertos con cinturones six sigma de todos los colores. <\/span><span style=\"color: #f7f7f7;\">Juntos, nos hemos ganado la reputaci\u00f3n de crear resultados empresariales para algunas de las empresas m\u00e1s grandes y din\u00e1micas del mundo.<\/span><\/p>\n<\/div>\n\n<div aria-hidden=\"true\" class=\"appeal-spacer appeal-spacer--69e178277cd88  appeal-spacer--black\">\r\n<style>\r\n\/* Ultrawide *\/\r\n.appeal-spacer--69e178277cd88 {\r\n    height: 100px;\r\n}\r\n\r\n\/* Desktop *\/\r\n@media (max-width: 1920px) {\r\n    .appeal-spacer--69e178277cd88 {\r\n        height: 100px;\r\n    }\r\n}\r\n\r\n\/* Laptop *\/\r\n@media (max-width: 1024px) {\r\n    .appeal-spacer--69e178277cd88 {\r\n        height: 50px;\r\n    }\r\n}\r\n\r\n\/* Mobile *\/\r\n@media (max-width: 767px) {\r\n    .appeal-spacer--69e178277cd88 {\r\n        height: 25px;\r\n    }\r\n}\r\n<\/style>\r\n<\/div>\r\n\n\n\n<figure class=\"wp-block-embed is-type-video is-provider-youtube wp-block-embed-youtube wp-embed-aspect-16-9 wp-has-aspect-ratio\"><div class=\"wp-block-embed__wrapper\">\n <div class=\"brlbs-cmpnt-container brlbs-cmpnt-content-blocker brlbs-cmpnt-with-individual-styles\" data-borlabs-cookie-content-blocker-id=\"youtube-content-blocker\" data-borlabs-cookie-content=\"PGRpdiBjbGFzcz0idmlkZW8tY29udGFpbmVyIj48aWZyYW1lIHRpdGxlPSJBdXRvbWF0aW9uIGlzIFRyYW5zZm9ybWF0aW9uIiB3aWR0aD0iNTAwIiBoZWlnaHQ9IjI4MSIgc3JjPSJodHRwczovL3d3dy55b3V0dWJlLW5vY29va2llLmNvbS9lbWJlZC9LVEFMVlowY01vVT9mZWF0dXJlPW9lbWJlZCIgZnJhbWVib3JkZXI9IjAiIGFsbG93PSJhY2NlbGVyb21ldGVyOyBhdXRvcGxheTsgY2xpcGJvYXJkLXdyaXRlOyBlbmNyeXB0ZWQtbWVkaWE7IGd5cm9zY29wZTsgcGljdHVyZS1pbi1waWN0dXJlOyB3ZWItc2hhcmUiIHJlZmVycmVycG9saWN5PSJzdHJpY3Qtb3JpZ2luLXdoZW4tY3Jvc3Mtb3JpZ2luIiBhbGxvd2Z1bGxzY3JlZW4+PC9pZnJhbWU+PC9kaXY+\"><div class=\"brlbs-cmpnt-cb-preset-c brlbs-cmpnt-cb-youtube\"> <div class=\"brlbs-cmpnt-cb-thumbnail\" style=\"background-image: url('https:\/\/roboyo.global\/app\/uploads\/borlabs-cookie\/1\/yt_KTALVZ0cMoU_hqdefault.jpg')\"><\/div> <div class=\"brlbs-cmpnt-cb-main\"> <div class=\"brlbs-cmpnt-cb-play-button\"><\/div> <div class=\"brlbs-cmpnt-cb-content\"> <p class=\"brlbs-cmpnt-cb-description\">Est\u00e1s viendo un contenido de marcador de posici\u00f3n de <strong>Youtube<\/strong>. Para acceder al contenido real, haz clic en el siguiente bot\u00f3n. Ten en cuenta que al hacerlo compartir\u00e1s datos con terceros proveedores.<\/p> <a class=\"brlbs-cmpnt-cb-provider-toggle\" href=\"#\" data-borlabs-cookie-show-provider-information role=\"button\">M\u00e1s informaci\u00f3n<\/a> <\/div> <div class=\"brlbs-cmpnt-cb-buttons\"> <a class=\"brlbs-cmpnt-cb-btn\" href=\"#\" data-borlabs-cookie-unblock role=\"button\">Desbloquear contenido<\/a> <a class=\"brlbs-cmpnt-cb-btn\" href=\"#\" data-borlabs-cookie-accept-service role=\"button\" style=\"display: inherit\">Aceptar el servicio requerido y desbloquear el contenido<\/a> <\/div> <\/div> <\/div><\/div>\n<\/div><\/figure>\n\n\n<div aria-hidden=\"true\" class=\"appeal-spacer appeal-spacer--69e178277d101  appeal-spacer--black\">\r\n<style>\r\n\/* Ultrawide *\/\r\n.appeal-spacer--69e178277d101 {\r\n    height: 100px;\r\n}\r\n\r\n\/* Desktop *\/\r\n@media (max-width: 1920px) {\r\n    .appeal-spacer--69e178277d101 {\r\n        height: 100px;\r\n    }\r\n}\r\n\r\n\/* Laptop *\/\r\n@media (max-width: 1024px) {\r\n    .appeal-spacer--69e178277d101 {\r\n        height: 50px;\r\n    }\r\n}\r\n\r\n\/* Mobile *\/\r\n@media (max-width: 767px) {\r\n    .appeal-spacer--69e178277d101 {\r\n        height: 25px;\r\n    }\r\n}\r\n<\/style>\r\n<\/div>\r\n\n\n\r\n<section class=\"button-grid button-grid--2\">\r\n        \n<a\n    class=\"customisable-button  customisable-button__link  link  customisable-button__link--bg-blue  customisable-button__link--icon-white  customisable-button__link--colour-white  customisable-button__link--colour-hover-white link link--primary link--internal\"\n    href=\"https:\/\/roboyo.global\/es\/contacto\/\"     aria-label=\"Learn more about: P\u00d3NGANOS A TRABAJAR\"    data-loaded\n>\n  <div>\n          <i><\/i>\n        <span>P\u00d3NGANOS A TRABAJAR<\/span>\n      <\/div>\n<\/a>\r\n\r\n        \n<a\n    class=\"customisable-button  customisable-button__link  link  customisable-button__link--bg-blue  customisable-button__link--icon-white  customisable-button__link--colour-white  customisable-button__link--colour-hover-white link link--primary link--internal\"\n    href=\"https:\/\/roboyo.global\/es\/carreras\/\"     aria-label=\"Learn more about: TRABAJA CON NOSOTROS\"    data-loaded\n>\n  <div>\n          <i><\/i>\n        <span>TRABAJA CON NOSOTROS<\/span>\n      <\/div>\n<\/a>\r\n\r\n<\/section>\n\r\n        <\/div>\r\n    <\/section>\r\n<\/div>\n\n<div aria-hidden=\"true\" class=\"appeal-spacer appeal-spacer--69e178278133b  appeal-spacer--black\">\r\n<style>\r\n\/* Ultrawide *\/\r\n.appeal-spacer--69e178278133b {\r\n    height: 125px;\r\n}\r\n\r\n\/* Desktop *\/\r\n@media (max-width: 1920px) {\r\n    .appeal-spacer--69e178278133b {\r\n        height: 125px;\r\n    }\r\n}\r\n\r\n\/* Laptop *\/\r\n@media (max-width: 1024px) {\r\n    .appeal-spacer--69e178278133b {\r\n        height: 75px;\r\n    }\r\n}\r\n\r\n\/* Mobile *\/\r\n@media (max-width: 767px) {\r\n    .appeal-spacer--69e178278133b {\r\n        height: 25px;\r\n    }\r\n}\r\n<\/style>\r\n<\/div>\r\n","protected":false},"excerpt":{"rendered":"","protected":false},"author":1,"featured_media":0,"parent":0,"menu_order":0,"comment_status":"closed","ping_status":"closed","template":"","meta":{"_acf_changed":false,"footnotes":""},"wf_page_folders":[],"class_list":["post-46137","page","type-page","status-publish","hentry"],"acf":[],"yoast_head":"<!-- This site is optimized with the Yoast SEO Premium plugin v26.0 (Yoast SEO v26.8) - https:\/\/yoast.com\/product\/yoast-seo-premium-wordpress\/ -->\n<title>Acerca De Nosotros | Su socio de referencia en IA agentiva<\/title>\n<meta name=\"description\" content=\"Transformamos tecnolog\u00edas a escala para impulsar el siguiente nivel de rendimiento empresarial a gran velocidad.\" \/>\n<meta name=\"robots\" content=\"index, follow, max-snippet:-1, max-image-preview:large, max-video-preview:-1\" \/>\n<link rel=\"canonical\" href=\"https:\/\/roboyo.global\/es\/sobre-nosotros-somos-ingenieros\/\" \/>\n<meta property=\"og:locale\" content=\"es_ES\" \/>\n<meta property=\"og:type\" content=\"article\" \/>\n<meta property=\"og:title\" content=\"Somos Ingenieros De Automatizaci\u00f3n Inteligente\" \/>\n<meta property=\"og:description\" content=\"Transformamos tecnolog\u00edas a escala para impulsar el siguiente nivel de rendimiento empresarial a gran velocidad.\" \/>\n<meta property=\"og:url\" content=\"https:\/\/roboyo.global\/es\/sobre-nosotros-somos-ingenieros\/\" \/>\n<meta property=\"og:site_name\" content=\"Roboyo\" \/>\n<meta property=\"article:modified_time\" content=\"2025-12-10T11:01:52+00:00\" \/>\n<meta name=\"twitter:card\" content=\"summary_large_image\" \/>\n<meta name=\"twitter:label1\" content=\"Est. reading time\" \/>\n\t<meta name=\"twitter:data1\" content=\"1 minute\" \/>\n<script type=\"application\/ld+json\" class=\"yoast-schema-graph\">{\"@context\":\"https:\/\/schema.org\",\"@graph\":[{\"@type\":\"WebPage\",\"@id\":\"https:\/\/roboyo.global\/es\/sobre-nosotros-somos-ingenieros\/\",\"url\":\"https:\/\/roboyo.global\/es\/sobre-nosotros-somos-ingenieros\/\",\"name\":\"Acerca De Nosotros | Su socio de referencia en IA agentiva\",\"isPartOf\":{\"@id\":\"https:\/\/roboyo.global\/es\/#website\"},\"datePublished\":\"2022-11-30T10:23:50+00:00\",\"dateModified\":\"2025-12-10T11:01:52+00:00\",\"description\":\"Transformamos tecnolog\u00edas a escala para impulsar el siguiente nivel de rendimiento empresarial a gran velocidad.\",\"breadcrumb\":{\"@id\":\"https:\/\/roboyo.global\/es\/sobre-nosotros-somos-ingenieros\/#breadcrumb\"},\"inLanguage\":\"es-ES\",\"potentialAction\":[{\"@type\":\"ReadAction\",\"target\":[\"https:\/\/roboyo.global\/es\/sobre-nosotros-somos-ingenieros\/\"]}]},{\"@type\":\"BreadcrumbList\",\"@id\":\"https:\/\/roboyo.global\/es\/sobre-nosotros-somos-ingenieros\/#breadcrumb\",\"itemListElement\":[{\"@type\":\"ListItem\",\"position\":1,\"name\":\"Home\",\"item\":\"https:\/\/roboyo.global\/es\/\"},{\"@type\":\"ListItem\",\"position\":2,\"name\":\"Somos Ingenieros De Automatizaci\u00f3n Inteligente\"}]},{\"@type\":\"WebSite\",\"@id\":\"https:\/\/roboyo.global\/es\/#website\",\"url\":\"https:\/\/roboyo.global\/es\/\",\"name\":\"Roboyo - Your Agentic Automation & AI Partner of Choice\",\"description\":\"We take what\u2019s possible to the next level. Now.\",\"potentialAction\":[{\"@type\":\"SearchAction\",\"target\":{\"@type\":\"EntryPoint\",\"urlTemplate\":\"https:\/\/roboyo.global\/es\/?s={search_term_string}\"},\"query-input\":{\"@type\":\"PropertyValueSpecification\",\"valueRequired\":true,\"valueName\":\"search_term_string\"}}],\"inLanguage\":\"es-ES\"}]}<\/script>\n<!-- \/ Yoast SEO Premium plugin. -->","yoast_head_json":{"title":"Acerca De Nosotros | Su socio de referencia en IA agentiva","description":"Transformamos tecnolog\u00edas a escala para impulsar el siguiente nivel de rendimiento empresarial a gran velocidad.","robots":{"index":"index","follow":"follow","max-snippet":"max-snippet:-1","max-image-preview":"max-image-preview:large","max-video-preview":"max-video-preview:-1"},"canonical":"https:\/\/roboyo.global\/es\/sobre-nosotros-somos-ingenieros\/","og_locale":"es_ES","og_type":"article","og_title":"Somos Ingenieros De Automatizaci\u00f3n Inteligente","og_description":"Transformamos tecnolog\u00edas a escala para impulsar el siguiente nivel de rendimiento empresarial a gran velocidad.","og_url":"https:\/\/roboyo.global\/es\/sobre-nosotros-somos-ingenieros\/","og_site_name":"Roboyo","article_modified_time":"2025-12-10T11:01:52+00:00","twitter_card":"summary_large_image","twitter_misc":{"Est. reading time":"1 minute"},"schema":{"@context":"https:\/\/schema.org","@graph":[{"@type":"WebPage","@id":"https:\/\/roboyo.global\/es\/sobre-nosotros-somos-ingenieros\/","url":"https:\/\/roboyo.global\/es\/sobre-nosotros-somos-ingenieros\/","name":"Acerca De Nosotros | Su socio de referencia en IA agentiva","isPartOf":{"@id":"https:\/\/roboyo.global\/es\/#website"},"datePublished":"2022-11-30T10:23:50+00:00","dateModified":"2025-12-10T11:01:52+00:00","description":"Transformamos tecnolog\u00edas a escala para impulsar el siguiente nivel de rendimiento empresarial a gran velocidad.","breadcrumb":{"@id":"https:\/\/roboyo.global\/es\/sobre-nosotros-somos-ingenieros\/#breadcrumb"},"inLanguage":"es-ES","potentialAction":[{"@type":"ReadAction","target":["https:\/\/roboyo.global\/es\/sobre-nosotros-somos-ingenieros\/"]}]},{"@type":"BreadcrumbList","@id":"https:\/\/roboyo.global\/es\/sobre-nosotros-somos-ingenieros\/#breadcrumb","itemListElement":[{"@type":"ListItem","position":1,"name":"Home","item":"https:\/\/roboyo.global\/es\/"},{"@type":"ListItem","position":2,"name":"Somos Ingenieros De Automatizaci\u00f3n Inteligente"}]},{"@type":"WebSite","@id":"https:\/\/roboyo.global\/es\/#website","url":"https:\/\/roboyo.global\/es\/","name":"Roboyo - Your Agentic Automation & AI Partner of Choice","description":"We take what\u2019s possible to the next level. Now.","potentialAction":[{"@type":"SearchAction","target":{"@type":"EntryPoint","urlTemplate":"https:\/\/roboyo.global\/es\/?s={search_term_string}"},"query-input":{"@type":"PropertyValueSpecification","valueRequired":true,"valueName":"search_term_string"}}],"inLanguage":"es-ES"}]}},"_links":{"self":[{"href":"https:\/\/roboyo.global\/es\/wp-json\/wp\/v2\/pages\/46137","targetHints":{"allow":["GET"]}}],"collection":[{"href":"https:\/\/roboyo.global\/es\/wp-json\/wp\/v2\/pages"}],"about":[{"href":"https:\/\/roboyo.global\/es\/wp-json\/wp\/v2\/types\/page"}],"author":[{"embeddable":true,"href":"https:\/\/roboyo.global\/es\/wp-json\/wp\/v2\/users\/1"}],"replies":[{"embeddable":true,"href":"https:\/\/roboyo.global\/es\/wp-json\/wp\/v2\/comments?post=46137"}],"version-history":[{"count":18,"href":"https:\/\/roboyo.global\/es\/wp-json\/wp\/v2\/pages\/46137\/revisions"}],"predecessor-version":[{"id":97010,"href":"https:\/\/roboyo.global\/es\/wp-json\/wp\/v2\/pages\/46137\/revisions\/97010"}],"wp:attachment":[{"href":"https:\/\/roboyo.global\/es\/wp-json\/wp\/v2\/media?parent=46137"}],"wp:term":[{"taxonomy":"wf_page_folders","embeddable":true,"href":"https:\/\/roboyo.global\/es\/wp-json\/wp\/v2\/wf_page_folders?post=46137"}],"curies":[{"name":"wp","href":"https:\/\/api.w.org\/{rel}","templated":true}]}}