{"id":36489,"date":"2022-07-13T11:14:09","date_gmt":"2022-07-13T10:14:09","guid":{"rendered":"https:\/\/roboyo.global\/acquisitions\/"},"modified":"2023-11-29T13:39:11","modified_gmt":"2023-11-29T13:39:11","slug":"adquisiciones","status":"publish","type":"page","link":"https:\/\/roboyo.global\/es\/acquisitions\/","title":{"rendered":"Roboyo Global Acquisitions"},"content":{"rendered":"\r\n\r\n<section  data-loaded data-nav-transparent class=\"hero-header-4 hero-header-4--default hero-header-4--right  hero-header-4--fw\" data-block=\"appeal\/hero-4\">\r\n    <div class=\"hero-header-4__wrapper hero-header-4__wrapper--ink\">\r\n        <div class=\"hero-header-4__container\">\r\n                                                <div class=\"hero-header-4__image-wrapper\">\r\n                                                    \n    \n            <div class=\"hero-header-4__image hero-header-4__image--not-svg\" data-lazy=\"1\">\n            <img decoding=\"async\" src=\"https:\/\/roboyo.global\/app\/uploads\/2023\/03\/acquisitions.png\" alt=\"acquisitions\" loading=\"eager\" fetchpriority=\"high\">\n        <\/div>\n                                                <\/div>\r\n                \r\n                        <div class=\"hero-header-4__content hero-header-4__content--\">\r\n                \r\n\r\n                                    <h1 class=\"hero-header-4__title default\">Estamos creciendo <\/h1>\r\n                \r\n                                    <h2 class=\"hero-header-4__subtitle default\">CRECIMIENTO DE ROBOYO IMPULSADO POR LAS ADQUISICIONES EN HIPERAUTOMATIZACI\u00d3N <\/h2>\r\n                \r\n                \r\n            <\/div>\r\n        <\/div>\r\n    <\/div>\r\n<\/section>\n\n\n<div style=\"height:120px\" aria-hidden=\"true\" class=\"wp-block-spacer\"><\/div>\n\n\n\n<p><strong>Las adquisiciones estrat\u00e9gicas de Roboyo de empresas clave en el sector de la hiperautomatizaci\u00f3n nos han permitido ampliar nuestras capacidades y ofertas, consolidando nuestra posici\u00f3n como l\u00edder mundial en este campo. Con m\u00e1s de 600 empleados y sedes en 24 ciudades, 15 pa\u00edses y 4 continentes, Roboyo es ahora el mayor proveedor mundial de servicios profesionales de hiperautomatizaci\u00f3n.<\/strong>&nbsp;<\/p>\n\n\n\n<p>El crecimiento de Roboyo a trav\u00e9s de las adquisiciones proporciona a nuestros clientes una gama m\u00e1s amplia de soluciones y servicios de hiperautomatizaci\u00f3n, mayor experiencia y mejores capacidades de entrega, lo que se traduce en soluciones m\u00e1s eficientes y eficaces para cada necesidad empresarial.&nbsp;<\/p>\n\n\n\n<p>Las adquisiciones de AKOA, Jolt Advantage Group, Lean Consulting, WeMake y Procensol representan un importante paso adelante en la misi\u00f3n de Roboyo de proporcionar a los clientes los mejores conocimientos y capacidades y las soluciones tecnol\u00f3gicas m\u00e1s avanzadas.&nbsp;<\/p>\n\n\n\n<p>Sigue leyendo para saber m\u00e1s sobre cada una de estas adquisiciones y c\u00f3mo pueden beneficiar a tu estrategia de transformaci\u00f3n digital.&nbsp;<\/p>\n\n\n\n<h2 class=\"wp-block-heading has-t-h-6-font-size\" id=\"h-akoa-la-clave-para-convertirse-en-la-mayor-empresa-de-hiperautomatizacion-del-mundo\"><strong>AKOA: La clave para convertirse en la mayor empresa de hiperautomatizaci\u00f3n del mundo<\/strong><\/h2>\n\n\n\n<p>En 2021, Roboyo adquiri\u00f3 AKOA, un proveedor l\u00edder de soluciones de automatizaci\u00f3n inteligente. Con esta adquisici\u00f3n, Roboyo se convirti\u00f3 en la mayor empresa de hiperautomatizaci\u00f3n del mundo, reuniendo a dos l\u00edderes del sector con experiencia complementaria en RPA, IA y automatizaci\u00f3n cognitiva. La experiencia de AKOA en soluciones de automatizaci\u00f3n integrales, combinada con el alcance global y la tecnolog\u00eda avanzada de Roboyo, permiti\u00f3 a Roboyo ofrecer a sus clientes servicios a\u00fan m\u00e1s centrados en la hiperautomatizaci\u00f3n, como la <a href=\"https:\/\/roboyo.global\/es\/tecnologias\/ia-conversacional\/\">IA conversacional<\/a>, la <a href=\"https:\/\/roboyo.global\/es\/tecnologias\/procesamiento-inteligente-de-documentos\/\">IDP<\/a> y el <a href=\"https:\/\/roboyo.global\/es\/tecnologias\/automatizacion-robotica-de-procesos\/\">RPA<\/a>. <a href=\"https:\/\/roboyo.global\/es\/all-insights\/press-release\/roboyo-y-akoa-crean-la-mayor-empresa-de-servicios-de-automatizacion-inteligente-del-mundo\/\">Descubre m\u00e1s<\/a>.&nbsp;<\/p>\n\n\n\n<h2 class=\"wp-block-heading has-t-h-6-font-size\" id=\"h-grupo-jolt-advantage-ampliacion-de-la-presencia-de-roboyo-en-el-mercado-estadounidense\"><strong>Grupo Jolt Advantage: Ampliaci\u00f3n de la presencia de Roboyo en el mercado estadounidense<\/strong><\/h2>\n\n\n\n<p>En octubre de 2021, Roboyo adquiri\u00f3 Jolt Advantage Group, un proveedor estadounidense de soluciones de automatizaci\u00f3n. Esta adquisici\u00f3n a\u00f1adi\u00f3 150 especialistas en automatizaci\u00f3n al equipo de Roboyo, dando a la empresa una cobertura total del mercado estadounidense. La experiencia de Jolt Advantage Group en transformaci\u00f3n digital, automatizaci\u00f3n de procesos y gesti\u00f3n de datos complementa las soluciones de hiperautomatizaci\u00f3n de Roboyo, lo que permite a la empresa ofrecer servicios de automatizaci\u00f3n integrales&nbsp; a clientes de toda Norteam\u00e9rica. <a href=\"https:\/\/roboyo.global\/es\/all-insights\/press-release\/roboyo-y-el-grupo-jolt-advantage-se-unen-para-reforzar-su-presencia-en-estados-unidos\/\">Descubre m\u00e1s<\/a>.&nbsp;<\/p>\n\n\n\n<h2 class=\"wp-block-heading has-t-h-6-font-size\" id=\"h-consultoria-lean-incorporacion-de-especialistas-en-consultoria-lean-six-sigma-formacion-y-automatizacion-a-las-operaciones-de-roboyo\"><strong>Consultor\u00eda Lean: Incorporaci\u00f3n de especialistas en consultor\u00eda Lean Six Sigma, formaci\u00f3n y automatizaci\u00f3n a las operaciones de Roboyo<\/strong><\/h2>\n\n\n\n<p>En septiembre de 2022, Roboyo adquiri\u00f3 Lean Consulting, un proveedor de soluciones de consultor\u00eda, formaci\u00f3n y automatizaci\u00f3n <a href=\"https:\/\/roboyo.global\/es\/servicios\/lean-consulting\/\">Lean Six Sigma<\/a> con sede en el Reino Unido. Esta adquisici\u00f3n a\u00f1adi\u00f3 un equipo de experimentados especialistas en consultor\u00eda, formaci\u00f3n y automatizaci\u00f3n Lean Six Sigma a las operaciones de Roboyo, reforzando a\u00fan m\u00e1s la experiencia de la empresa en la mejora y automatizaci\u00f3n de procesos. El historial probado de Lean Consulting en la entrega de proyectos de automatizaci\u00f3n de \u00e9xito, combinado con la tecnolog\u00eda y el alcance global de Roboyo, nos permite ofrecer a los clientes soluciones personalizadas y eficaces que impulsan la excelencia operativa y el crecimiento empresarial. <a href=\"https:\/\/roboyo.global\/es\/all-insights\/press-release\/roboyo-adquisicion-lean-consulting\/\">Descubre m\u00e1s<\/a>.&nbsp;<\/p>\n\n\n\n<h2 class=\"wp-block-heading has-t-h-6-font-size\" id=\"h-wemake-mejora-de-las-capacidades-de-roboyo-en-materia-de-ciberseguridad-y-compliance\"><strong>WeMake: Mejora de las capacidades de Roboyo en materia de ciberseguridad y compliance<\/strong><\/h2>\n\n\n\n<p>Roboyo adquiri\u00f3 WeMake, un proveedor l\u00edder de soluciones de <a href=\"https:\/\/roboyo.global\/es\/servicios\/ciberseguridad-y-compliance\/\">ciberseguridad y compliance<\/a> en 2022, aumentando las cifras de Roboyo con un equipo experto de especialistas en ciberseguridad y ccompliance. La experiencia de WeMake en ciberseguridad y compliance, combinada con la tecnolog\u00eda avanzada y el alcance global de Roboyo, nos permite ofrecer a los clientes soluciones de automatizaci\u00f3n seguras y conformes con la normativa que cumplen los m\u00e1s altos est\u00e1ndares de calidad y protecci\u00f3n de datos. <a href=\"https:\/\/roboyo.global\/es\/all-insights\/press-release\/roboyo-adquisicion-de-wemake\/\">Descubre m\u00e1s<\/a>.&nbsp;<\/p>\n\n\n\n<h2 class=\"wp-block-heading has-t-h-6-font-size\" id=\"h-procensol-ampliacion-de-la-oferta-de-roboyo-en-el-sector-de-low-code\"><strong>Procensol: Ampliaci\u00f3n de la oferta de Roboyo en el sector de low-code<\/strong><\/h2>\n\n\n\n<p>En 2023, Roboyo adquiri\u00f3 Procensol, un proveedor l\u00edder de soluciones de desarrollo de <a href=\"https:\/\/roboyo.global\/es\/tecnologias\/desarrollo-rapido-de-aplicaciones\/\">low-code<\/a>. Esta adquisici\u00f3n ampli\u00f3 a\u00fan m\u00e1s la oferta de Roboyo en estesector, permiti\u00e9ndonos ofrecer a los clientes soluciones de automatizaci\u00f3n m\u00e1s r\u00e1pidas y rentables. La experiencia de Procensol en el desarrollo de low-code, combinada con las soluciones de hiperautomatizaci\u00f3n de Roboyo, permite a la empresa ofrecer a los clientes una gama completa de servicios de automatizaci\u00f3n que satisfacen sus necesidades y requisitos exclusivos. <a href=\"https:\/\/roboyo.global\/es\/all-insights\/press-release\/roboyo-adquiere-procensol\/\">Descubre m\u00e1s<\/a>.&nbsp;<\/p>\n\n\n\n<div style=\"height:120px\" aria-hidden=\"true\" class=\"wp-block-spacer\"><\/div>\n\n\n\r\n\r\n<section  data-loaded class=\"standalone\" data-block=\"appeal\/button\">\r\n    <div class=\"standalone__container container standalone__container--center\">\r\n        <div class=\"standalone__button\">\r\n                                                \n<a\n    class=\"standalone__link link standalone__link--blue link link--primary link--external\"\n    href=\"https:\/\/roboyo.global\/es\/sobre-nosotros-somos-ingenieros\/\" target=\"_blank\"    aria-label=\"Learn more about: M\u00e1s informaci\u00f3n sobre el Grupo Roboyo\"    data-loaded\n>\n  <div>\n        <span>M\u00e1s informaci\u00f3n sobre el Grupo Roboyo<\/span>\n          <i><\/i>\n      <\/div>\n<\/a>                                    <\/div>\r\n    <\/div>\r\n\r\n    \r\n    <\/section>\n\n\n<p><\/p>\n","protected":false},"excerpt":{"rendered":"<p>Las adquisiciones estrat\u00e9gicas de Roboyo de empresas clave en el sector de la hiperautomatizaci\u00f3n nos han permitido ampliar nuestras capacidades y ofertas, consolidando nuestra posici\u00f3n como l\u00edder mundial en este campo. Con m\u00e1s de 600 empleados y sedes en 24 ciudades, 15 pa\u00edses y 4 continentes, Roboyo es ahora el mayor proveedor mundial de servicios<\/p>\n","protected":false},"author":13,"featured_media":50318,"parent":0,"menu_order":0,"comment_status":"closed","ping_status":"closed","template":"","meta":{"_acf_changed":false,"footnotes":""},"wf_page_folders":[],"class_list":["post-36489","page","type-page","status-publish","has-post-thumbnail","hentry"],"acf":[],"yoast_head":"<!-- This site is optimized with the Yoast SEO Premium plugin v26.0 (Yoast SEO v26.8) - https:\/\/yoast.com\/product\/yoast-seo-premium-wordpress\/ -->\n<title>Roboyo Se Une Para Formar Un Gigante De La Hiperautogesti\u00f3n<\/title>\n<meta name=\"description\" content=\"Procensol, WeMake, Lean Consulting, Jolt Advantage Group y AKOA se unen a Roboyo para crear un l\u00edder global en hiperautomatizaci\u00f3n.\" \/>\n<meta name=\"robots\" content=\"index, follow, max-snippet:-1, max-image-preview:large, max-video-preview:-1\" \/>\n<link rel=\"canonical\" href=\"https:\/\/roboyo.global\/es\/acquisitions\/\" \/>\n<meta property=\"og:locale\" content=\"es_ES\" \/>\n<meta property=\"og:type\" content=\"article\" \/>\n<meta property=\"og:title\" content=\"Roboyo Global Acquisitions\" \/>\n<meta property=\"og:description\" content=\"Procensol, WeMake, Lean Consulting, Jolt Advantage Group y AKOA se unen a Roboyo para crear un l\u00edder global en hiperautomatizaci\u00f3n.\" \/>\n<meta property=\"og:url\" content=\"https:\/\/roboyo.global\/es\/acquisitions\/\" \/>\n<meta property=\"og:site_name\" content=\"Roboyo\" \/>\n<meta property=\"article:modified_time\" content=\"2023-11-29T13:39:11+00:00\" \/>\n<meta property=\"og:image\" content=\"https:\/\/roboyo.global\/app\/uploads\/2023\/03\/factured-image-acquisitions.png\" \/>\n\t<meta property=\"og:image:width\" content=\"890\" \/>\n\t<meta property=\"og:image:height\" content=\"620\" \/>\n\t<meta property=\"og:image:type\" content=\"image\/png\" \/>\n<meta name=\"twitter:card\" content=\"summary_large_image\" \/>\n<meta name=\"twitter:label1\" content=\"Est. reading time\" \/>\n\t<meta name=\"twitter:data1\" content=\"3 minutes\" \/>\n<script type=\"application\/ld+json\" class=\"yoast-schema-graph\">{\"@context\":\"https:\/\/schema.org\",\"@graph\":[{\"@type\":\"WebPage\",\"@id\":\"https:\/\/roboyo.global\/es\/acquisitions\/\",\"url\":\"https:\/\/roboyo.global\/es\/acquisitions\/\",\"name\":\"Roboyo Se Une Para Formar Un Gigante De La Hiperautogesti\u00f3n\",\"isPartOf\":{\"@id\":\"https:\/\/roboyo.global\/es\/#website\"},\"primaryImageOfPage\":{\"@id\":\"https:\/\/roboyo.global\/es\/acquisitions\/#primaryimage\"},\"image\":{\"@id\":\"https:\/\/roboyo.global\/es\/acquisitions\/#primaryimage\"},\"thumbnailUrl\":\"https:\/\/roboyo.global\/app\/uploads\/2023\/03\/factured-image-acquisitions.png\",\"datePublished\":\"2022-07-13T10:14:09+00:00\",\"dateModified\":\"2023-11-29T13:39:11+00:00\",\"description\":\"Procensol, WeMake, Lean Consulting, Jolt Advantage Group y AKOA se unen a Roboyo para crear un l\u00edder global en hiperautomatizaci\u00f3n.\",\"breadcrumb\":{\"@id\":\"https:\/\/roboyo.global\/es\/acquisitions\/#breadcrumb\"},\"inLanguage\":\"es-ES\",\"potentialAction\":[{\"@type\":\"ReadAction\",\"target\":[\"https:\/\/roboyo.global\/es\/acquisitions\/\"]}]},{\"@type\":\"ImageObject\",\"inLanguage\":\"es-ES\",\"@id\":\"https:\/\/roboyo.global\/es\/acquisitions\/#primaryimage\",\"url\":\"https:\/\/roboyo.global\/app\/uploads\/2023\/03\/factured-image-acquisitions.png\",\"contentUrl\":\"https:\/\/roboyo.global\/app\/uploads\/2023\/03\/factured-image-acquisitions.png\",\"width\":890,\"height\":620,\"caption\":\"factured image acquisitions\"},{\"@type\":\"BreadcrumbList\",\"@id\":\"https:\/\/roboyo.global\/es\/acquisitions\/#breadcrumb\",\"itemListElement\":[{\"@type\":\"ListItem\",\"position\":1,\"name\":\"Home\",\"item\":\"https:\/\/roboyo.global\/es\/\"},{\"@type\":\"ListItem\",\"position\":2,\"name\":\"Roboyo Global Acquisitions\"}]},{\"@type\":\"WebSite\",\"@id\":\"https:\/\/roboyo.global\/es\/#website\",\"url\":\"https:\/\/roboyo.global\/es\/\",\"name\":\"Roboyo - Your Agentic Automation & AI Partner of Choice\",\"description\":\"We take what\u2019s possible to the next level. Now.\",\"potentialAction\":[{\"@type\":\"SearchAction\",\"target\":{\"@type\":\"EntryPoint\",\"urlTemplate\":\"https:\/\/roboyo.global\/es\/?s={search_term_string}\"},\"query-input\":{\"@type\":\"PropertyValueSpecification\",\"valueRequired\":true,\"valueName\":\"search_term_string\"}}],\"inLanguage\":\"es-ES\"}]}<\/script>\n<!-- \/ Yoast SEO Premium plugin. -->","yoast_head_json":{"title":"Roboyo Se Une Para Formar Un Gigante De La Hiperautogesti\u00f3n","description":"Procensol, WeMake, Lean Consulting, Jolt Advantage Group y AKOA se unen a Roboyo para crear un l\u00edder global en hiperautomatizaci\u00f3n.","robots":{"index":"index","follow":"follow","max-snippet":"max-snippet:-1","max-image-preview":"max-image-preview:large","max-video-preview":"max-video-preview:-1"},"canonical":"https:\/\/roboyo.global\/es\/acquisitions\/","og_locale":"es_ES","og_type":"article","og_title":"Roboyo Global Acquisitions","og_description":"Procensol, WeMake, Lean Consulting, Jolt Advantage Group y AKOA se unen a Roboyo para crear un l\u00edder global en hiperautomatizaci\u00f3n.","og_url":"https:\/\/roboyo.global\/es\/acquisitions\/","og_site_name":"Roboyo","article_modified_time":"2023-11-29T13:39:11+00:00","og_image":[{"width":890,"height":620,"url":"https:\/\/roboyo.global\/app\/uploads\/2023\/03\/factured-image-acquisitions.png","type":"image\/png"}],"twitter_card":"summary_large_image","twitter_misc":{"Est. reading time":"3 minutes"},"schema":{"@context":"https:\/\/schema.org","@graph":[{"@type":"WebPage","@id":"https:\/\/roboyo.global\/es\/acquisitions\/","url":"https:\/\/roboyo.global\/es\/acquisitions\/","name":"Roboyo Se Une Para Formar Un Gigante De La Hiperautogesti\u00f3n","isPartOf":{"@id":"https:\/\/roboyo.global\/es\/#website"},"primaryImageOfPage":{"@id":"https:\/\/roboyo.global\/es\/acquisitions\/#primaryimage"},"image":{"@id":"https:\/\/roboyo.global\/es\/acquisitions\/#primaryimage"},"thumbnailUrl":"https:\/\/roboyo.global\/app\/uploads\/2023\/03\/factured-image-acquisitions.png","datePublished":"2022-07-13T10:14:09+00:00","dateModified":"2023-11-29T13:39:11+00:00","description":"Procensol, WeMake, Lean Consulting, Jolt Advantage Group y AKOA se unen a Roboyo para crear un l\u00edder global en hiperautomatizaci\u00f3n.","breadcrumb":{"@id":"https:\/\/roboyo.global\/es\/acquisitions\/#breadcrumb"},"inLanguage":"es-ES","potentialAction":[{"@type":"ReadAction","target":["https:\/\/roboyo.global\/es\/acquisitions\/"]}]},{"@type":"ImageObject","inLanguage":"es-ES","@id":"https:\/\/roboyo.global\/es\/acquisitions\/#primaryimage","url":"https:\/\/roboyo.global\/app\/uploads\/2023\/03\/factured-image-acquisitions.png","contentUrl":"https:\/\/roboyo.global\/app\/uploads\/2023\/03\/factured-image-acquisitions.png","width":890,"height":620,"caption":"factured image acquisitions"},{"@type":"BreadcrumbList","@id":"https:\/\/roboyo.global\/es\/acquisitions\/#breadcrumb","itemListElement":[{"@type":"ListItem","position":1,"name":"Home","item":"https:\/\/roboyo.global\/es\/"},{"@type":"ListItem","position":2,"name":"Roboyo Global Acquisitions"}]},{"@type":"WebSite","@id":"https:\/\/roboyo.global\/es\/#website","url":"https:\/\/roboyo.global\/es\/","name":"Roboyo - Your Agentic Automation & AI Partner of Choice","description":"We take what\u2019s possible to the next level. Now.","potentialAction":[{"@type":"SearchAction","target":{"@type":"EntryPoint","urlTemplate":"https:\/\/roboyo.global\/es\/?s={search_term_string}"},"query-input":{"@type":"PropertyValueSpecification","valueRequired":true,"valueName":"search_term_string"}}],"inLanguage":"es-ES"}]}},"_links":{"self":[{"href":"https:\/\/roboyo.global\/es\/wp-json\/wp\/v2\/pages\/36489","targetHints":{"allow":["GET"]}}],"collection":[{"href":"https:\/\/roboyo.global\/es\/wp-json\/wp\/v2\/pages"}],"about":[{"href":"https:\/\/roboyo.global\/es\/wp-json\/wp\/v2\/types\/page"}],"author":[{"embeddable":true,"href":"https:\/\/roboyo.global\/es\/wp-json\/wp\/v2\/users\/13"}],"replies":[{"embeddable":true,"href":"https:\/\/roboyo.global\/es\/wp-json\/wp\/v2\/comments?post=36489"}],"version-history":[{"count":12,"href":"https:\/\/roboyo.global\/es\/wp-json\/wp\/v2\/pages\/36489\/revisions"}],"predecessor-version":[{"id":71085,"href":"https:\/\/roboyo.global\/es\/wp-json\/wp\/v2\/pages\/36489\/revisions\/71085"}],"wp:featuredmedia":[{"embeddable":true,"href":"https:\/\/roboyo.global\/es\/wp-json\/wp\/v2\/media\/50318"}],"wp:attachment":[{"href":"https:\/\/roboyo.global\/es\/wp-json\/wp\/v2\/media?parent=36489"}],"wp:term":[{"taxonomy":"wf_page_folders","embeddable":true,"href":"https:\/\/roboyo.global\/es\/wp-json\/wp\/v2\/wf_page_folders?post=36489"}],"curies":[{"name":"wp","href":"https:\/\/api.w.org\/{rel}","templated":true}]}}