{"id":12155,"date":"2021-05-28T05:27:37","date_gmt":"2021-05-28T04:27:37","guid":{"rendered":"https:\/\/roboyo.global\/?page_id=12155"},"modified":"2024-03-13T14:38:41","modified_gmt":"2024-03-13T14:38:41","slug":"servicios","status":"publish","type":"page","link":"https:\/\/roboyo.global\/es\/servicios\/","title":{"rendered":"Servicios\u00a0\u00a0"},"content":{"rendered":"\n\n<section data-nav-transparent data-loaded data-nav-transparent\n    class=\"hero-header-3 hero-header-3--no-cat \">\n    <div class=\"hero-header-3__wrapper\">\n        <div class=\"hero-header-3__video hero-header-3__video--overlay\">\n                                    \n    \n            <div class=\"hero-header-3__image\" data-lazy=\"1\">\n            <img decoding=\"async\" src=\"https:\/\/roboyo.global\/app\/uploads\/2023\/11\/new.jpg\" alt=\"Wide lens view of skyscraper offices over a river with lights reflecting in the water\" loading=\"eager\" fetchpriority=\"high\">\n        <\/div>\n                                                            <\/div>\n        <div class=\"hero-header-3__container\">\n            <div class=\"hero-header-3__content\">\n                                <p class=\"hero-header-3__title\">Servicios  <\/p>\n                \n                                                <h1 class=\"hero-header-3__subtitle\">\n                    <span>DESBLOQUEANDO LA EXCELENCIA EN AUTOMATIZACI\u00d3N\u00a0<\/span>\n                <\/h1>\n                \n                            <\/div>\n                    <\/div>\n                <div class=\"hero-header-3__gradient hero-header-3__gradient--overall\"\n            style=\"background: linear-gradient(, rgb() 0%, rgb() 100%)\">\n        <\/div>\n            <\/div>\n<\/section>\n\n\n\n<div aria-hidden=\"true\" class=\"appeal-spacer appeal-spacer--69f58621d045a  appeal-spacer--transparent\">\r\n<style>\r\n\/* Ultrawide *\/\r\n.appeal-spacer--69f58621d045a {\r\n    height: 75px;\r\n}\r\n\r\n\/* Desktop *\/\r\n@media (max-width: 1920px) {\r\n    .appeal-spacer--69f58621d045a {\r\n        height: 75px;\r\n    }\r\n}\r\n\r\n\/* Laptop *\/\r\n@media (max-width: 1024px) {\r\n    .appeal-spacer--69f58621d045a {\r\n        height: 50px;\r\n    }\r\n}\r\n\r\n\/* Mobile *\/\r\n@media (max-width: 767px) {\r\n    .appeal-spacer--69f58621d045a {\r\n        height: 50px;\r\n    }\r\n}\r\n<\/style>\r\n<\/div>\r\n\n\n\r\n\r\n<div class=\"\"\r\n    style=\"background-color: #fff; position: relative\">\r\n    \r\n    \r\n    <section class=\"container-block container--medium\">\r\n        <div class=\"container-block__elements\">\r\n            \n\n<p class=\"has-t-h-7-font-size\"><strong>Estamos comprometidos a revolucionar la forma en que operan las empresas. Nuestros servicios de vanguardia est\u00e1n meticulosamente dise\u00f1ados para liberar todo el potencial de la automatizaci\u00f3n, impulsando mejoras en la eficiencia, la productividad, la innovaci\u00f3n y, en \u00faltima instancia, la competitividad a lo largo del tiempo.<\/strong><\/p>\n\n\n\n<p>Respaldados por un equipo de expertos en automatizaci\u00f3n integral y consultor\u00eda, y con pleno acceso al mercado de las \u00faltimas tecnolog\u00edas, ofrecemos un conjunto completo de servicios para impulsar tu viaje de transformaci\u00f3n. Tanto si est\u00e1s ajustando los programas existentes como si buscas ampliarlos, nuestra experiencia est\u00e1 preparada para llevar a tu organizaci\u00f3n al siguiente nivel.<\/p>\n\n\n\n<p>Explora nuestra gama de servicios y descubre c\u00f3mo Roboyo puede impulsar el rendimiento empresarial a gran velocidad.<\/p>\n\n\r\n        <\/div>\r\n    <\/section>\r\n<\/div>\n\n\n<section class=\"column-tiles column-tiles--white\">\n  <div class=\"container--1562 column-tiles__container\">\n          <div class=\"column-tiles__tiles\">\n                  <div class=\"column-tile column-tile--white\">\n                          \n    \n            <div class=\"column-tile__icon\" data-lazy >\n                            <img decoding=\"async\" loading=\"lazy\" data-lazy-placeholder src=\"https:\/\/roboyo.global\/app\/uploads\/2023\/11\/Life-at-Roboyo-Icons-1-150x150.png\" alt=\"Roboyo icon\">\n                                        <img loading=\"lazy\" data-lazy-full=\"https:\/\/roboyo.global\/app\/uploads\/2023\/11\/Life-at-Roboyo-Icons-1-964x1024.png\" alt=\"Roboyo icon\">\n                    <\/div>\n                            <div class=\"column-tile__content\">\n                                            <h4 class=\"column-tile__title\">CONSULTOR\u00cdA DE AUTOMATIZACI\u00d3N  <\/h4>\n                                            <p class=\"column-tile__description\">Nuestros servicios de consultor\u00eda fusionan personas, tecnolog\u00eda y rendimiento para crear fuerzas de trabajo armoniosas y humanas+. Ya sea descubriendo posibilidades de automatizaci\u00f3n, estableciendo infraestructura y gobernanza escalables, o integrando una cultura de automatizaci\u00f3n, te ayudamos a aprovechar el poder de la automatizaci\u00f3n. <\/p>\n                                            \n<a\n    class=\"link--40 link--internal column-tile__link link link--primary link--internal\"\n    href=\"https:\/\/roboyo.global\/es\/servicios\/consultoria-de-automatizacion-inteligente\/\"     aria-label=\"DESCUBRE M\u00c1S\"    data-loaded\n>\n  <div>\n          <i><\/i>\n        <span>DESCUBRE M\u00c1S   <\/span>\n      <\/div>\n<\/a>                          <\/div>\n          <\/div>\n                  <div class=\"column-tile column-tile--white\">\n                          \n    \n            <div class=\"column-tile__icon\" data-lazy >\n                            <img decoding=\"async\" loading=\"lazy\" data-lazy-placeholder src=\"https:\/\/roboyo.global\/app\/uploads\/2023\/11\/Life-at-Roboyo-Icons-1-1-150x150.png\" alt=\"Roboyo icon\">\n                                        <img loading=\"lazy\" data-lazy-full=\"https:\/\/roboyo.global\/app\/uploads\/2023\/11\/Life-at-Roboyo-Icons-1-1-964x1024.png\" alt=\"Roboyo icon\">\n                    <\/div>\n                            <div class=\"column-tile__content\">\n                                            <h4 class=\"column-tile__title\">DESCUBRIMIENTO DE LA AUTOMATIZACI\u00d3N  <\/h4>\n                                            <p class=\"column-tile__description\">Al realizar evaluaciones meticulosas de los procesos existentes,  identificar oportunidades, y ofrecer experiencia en las \u00faltimas tecnolog\u00edas, Roboyo es tu socio de confianza para maximizar la eficiencia organizativa y el crecimiento a trav\u00e9s de la automatizaci\u00f3n. <\/p>\n                                            \n<a\n    class=\"link--40 link--internal column-tile__link link link--primary link--internal\"\n    href=\"https:\/\/roboyo.global\/es\/servicios\/de-descubrimiento-de-automatizacion\/\"     aria-label=\"DESCUBRE M\u00c1S\"    data-loaded\n>\n  <div>\n          <i><\/i>\n        <span>DESCUBRE M\u00c1S <\/span>\n      <\/div>\n<\/a>                          <\/div>\n          <\/div>\n                  <div class=\"column-tile column-tile--white\">\n                          \n    \n            <div class=\"column-tile__icon\" data-lazy >\n                            <img decoding=\"async\" loading=\"lazy\" data-lazy-placeholder src=\"https:\/\/roboyo.global\/app\/uploads\/2023\/11\/Life-at-Roboyo-Icons-2-150x150.png\" alt=\"\">\n                                        <img loading=\"lazy\" data-lazy-full=\"https:\/\/roboyo.global\/app\/uploads\/2023\/11\/Life-at-Roboyo-Icons-2-964x1024.png\" alt=\"\">\n                    <\/div>\n                            <div class=\"column-tile__content\">\n                                            <h4 class=\"column-tile__title\">CONSULTOR\u00cdA LEAN SIX SIGMA <\/h4>\n                                            <p class=\"column-tile__description\">Nuestros consultores expertos se dedican a racionalizar tus procesos, reducir los residuos y maximizar la productividad a trav\u00e9s de los principios probados de Lean Six Sigma. Disfruta de un ahorro de costes sin precedentes, una mejora de la calidad y un mayor crecimiento mientras nuestro equipo te gu\u00eda en la implantaci\u00f3n de las metodolog\u00edas Lean Six Sigma.  <\/p>\n                                            \n<a\n    class=\"link--40 link--internal column-tile__link link link--primary link--internal\"\n    href=\"https:\/\/roboyo.global\/es\/servicios\/consultoria-lean-six-sigma\/\"     aria-label=\"DESCUBRE M\u00c1S\"    data-loaded\n>\n  <div>\n          <i><\/i>\n        <span>DESCUBRE M\u00c1S <\/span>\n      <\/div>\n<\/a>                          <\/div>\n          <\/div>\n                  <div class=\"column-tile column-tile--white\">\n                          \n    \n            <div class=\"column-tile__icon\" data-lazy >\n                            <img decoding=\"async\" loading=\"lazy\" data-lazy-placeholder src=\"https:\/\/roboyo.global\/app\/uploads\/2023\/11\/Life-at-Roboyo-Icons-5-150x150.png\" alt=\"Roboyo icon\">\n                                        <img loading=\"lazy\" data-lazy-full=\"https:\/\/roboyo.global\/app\/uploads\/2023\/11\/Life-at-Roboyo-Icons-5-964x1024.png\" alt=\"Roboyo icon\">\n                    <\/div>\n                            <div class=\"column-tile__content\">\n                                            <h4 class=\"column-tile__title\">IMPLEMENTACI\u00d3N  <\/h4>\n                                            <p class=\"column-tile__description\">Nuestro equipo global est\u00e1 formado por especialistas de primer nivel con amplia experiencia en el dise\u00f1o y la implementaci\u00f3n de programas de automatizaci\u00f3n de alto rendimiento. Demostramos constantemente nuestro ingenio a la hora de adaptar las soluciones a las necesidades \u00fanicas de cada organizaci\u00f3n, garantizando un enfoque personalizado y eficaz. <\/p>\n                                            \n<a\n    class=\"link--40 link--internal column-tile__link link link--primary link--internal\"\n    href=\"https:\/\/roboyo.global\/es\/servicios\/implementacion\/\"     aria-label=\"DESCUBRE M\u00c1S\"    data-loaded\n>\n  <div>\n          <i><\/i>\n        <span>DESCUBRE M\u00c1S <\/span>\n      <\/div>\n<\/a>                          <\/div>\n          <\/div>\n                  <div class=\"column-tile column-tile--white\">\n                          \n    \n            <div class=\"column-tile__icon\" data-lazy >\n                            <img decoding=\"async\" loading=\"lazy\" data-lazy-placeholder src=\"https:\/\/roboyo.global\/app\/uploads\/2023\/11\/Life-at-Roboyo-Icons-3.png\" alt=\"Roboyo icon\">\n                                        <img loading=\"lazy\" data-lazy-full=\"https:\/\/roboyo.global\/app\/uploads\/2023\/11\/Life-at-Roboyo-Icons-3.png\" alt=\"Roboyo icon\">\n                    <\/div>\n                            <div class=\"column-tile__content\">\n                                            <h4 class=\"column-tile__title\">CIBERSEGURIDAD Y CUMPLIMIENTO   <\/h4>\n                                            <p class=\"column-tile__description\">Nos especializamos en adaptar soluciones de ciberseguridad y cumplimiento normativo s\u00f3lidas y flexibles a las necesidades \u00fanicas de tu organizaci\u00f3n. Nuestro enfoque va m\u00e1s all\u00e1 de abordar los retos inmediatos, incorporando medidas proactivas para anticipar y mitigar futuros riesgos de ciberseguridad.   <\/p>\n                                            \n<a\n    class=\"link--40 link--internal column-tile__link link link--primary link--internal\"\n    href=\"https:\/\/roboyo.global\/es\/servicios\/ciberseguridad-y-compliance\/\"     aria-label=\"DESCUBRE M\u00c1S\"    data-loaded\n>\n  <div>\n          <i><\/i>\n        <span>DESCUBRE M\u00c1S <\/span>\n      <\/div>\n<\/a>                          <\/div>\n          <\/div>\n                  <div class=\"column-tile column-tile--white\">\n                          \n    \n            <div class=\"column-tile__icon\" data-lazy >\n                            <img decoding=\"async\" loading=\"lazy\" data-lazy-placeholder src=\"https:\/\/roboyo.global\/app\/uploads\/2023\/11\/Life-at-Roboyo-Icons-4.png\" alt=\"Roboyo icon\">\n                                        <img loading=\"lazy\" data-lazy-full=\"https:\/\/roboyo.global\/app\/uploads\/2023\/11\/Life-at-Roboyo-Icons-4.png\" alt=\"Roboyo icon\">\n                    <\/div>\n                            <div class=\"column-tile__content\">\n                                            <h4 class=\"column-tile__title\">Managed Services<\/h4>\n                                            <p class=\"column-tile__description\">Nuestro apoyo estrat\u00e9gico anticipa y aborda los problemas, dando prioridad a la mejora continua. Con un enfoque personalizado, garantizamos una optimizaci\u00f3n fiable y eficiente del rendimiento operativo, liberando tus recursos para tareas de mayor valor.    <\/p>\n                                            \n<a\n    class=\"link--40 link--internal column-tile__link link link--primary link--internal\"\n    href=\"https:\/\/roboyo.global\/es\/servicios\/servicios-gestionados\/\"     aria-label=\"DESCUBRE M\u00c1S\"    data-loaded\n>\n  <div>\n          <i><\/i>\n        <span>DESCUBRE M\u00c1S <\/span>\n      <\/div>\n<\/a>                          <\/div>\n          <\/div>\n                  <div class=\"column-tile column-tile--white\">\n                          \n    \n            <div class=\"column-tile__icon\" data-lazy >\n                            <img decoding=\"async\" loading=\"lazy\" data-lazy-placeholder src=\"https:\/\/roboyo.global\/app\/uploads\/2023\/11\/Life-at-Roboyo-Icons-6-150x150.png\" alt=\"Roboyo icon\">\n                                        <img loading=\"lazy\" data-lazy-full=\"https:\/\/roboyo.global\/app\/uploads\/2023\/11\/Life-at-Roboyo-Icons-6-964x1024.png\" alt=\"Roboyo icon\">\n                    <\/div>\n                            <div class=\"column-tile__content\">\n                                            <h4 class=\"column-tile__title\">AUTOMATIZACI\u00d3N PLUG AND PLAY  <\/h4>\n                                            <p class=\"column-tile__description\">Nuestro modelo de automatizaci\u00f3n Plug and Play sirve como soluci\u00f3n integral de automatizaci\u00f3n inteligente de procesos, dise\u00f1ada para capacitar a las organizaciones. Este marco libera a los l\u00edderes empresariales para centrarse en las operaciones principales, mientras que Roboyo gestiona a la perfecci\u00f3n la automatizaci\u00f3n de procesos. <\/p>\n                                            \n<a\n    class=\"link--40 link--internal column-tile__link link link--primary link--internal\"\n    href=\"https:\/\/roboyo.global\/es\/servicios\/automatizacion-plug-and-play\/\"     aria-label=\"DESCUBRE M\u00c1S\"    data-loaded\n>\n  <div>\n          <i><\/i>\n        <span>DESCUBRE M\u00c1S <\/span>\n      <\/div>\n<\/a>                          <\/div>\n          <\/div>\n                  <div class=\"column-tile column-tile--white\">\n                          \n    \n            <div class=\"column-tile__icon\" data-lazy >\n                            <img decoding=\"async\" loading=\"lazy\" data-lazy-placeholder src=\"https:\/\/roboyo.global\/app\/uploads\/2023\/11\/Life-at-Roboyo-Icons-7-150x150.png\" alt=\"Roboyo icon\">\n                                        <img loading=\"lazy\" data-lazy-full=\"https:\/\/roboyo.global\/app\/uploads\/2023\/11\/Life-at-Roboyo-Icons-7-964x1024.png\" alt=\"Roboyo icon\">\n                    <\/div>\n                            <div class=\"column-tile__content\">\n                                            <h4 class=\"column-tile__title\">ACADEMIA   <\/h4>\n                                            <p class=\"column-tile__description\">Creemos en el poder de una fuerza de trabajo h\u00edbrida (humana + digital) que combina la experiencia humana con las capacidades digitales. Al reunir la tecnolog\u00eda de vanguardia con las habilidades y conocimientos de tu equipo, ayudamos a lograr un rendimiento optimizado, allanando el camino para un futuro m\u00e1s brillante para tu negocio.    <\/p>\n                                            \n<a\n    class=\"link--40 link--internal column-tile__link link link--primary link--internal\"\n    href=\"https:\/\/roboyo.global\/intelligent-automation-training-academy\/\"     aria-label=\"DESCUBRE M\u00c1S\"    data-loaded\n>\n  <div>\n          <i><\/i>\n        <span>DESCUBRE M\u00c1S <\/span>\n      <\/div>\n<\/a>                          <\/div>\n          <\/div>\n              <\/div>\n      <\/div>\n<\/section>\n\n\r\n\r\n<section  data-horizontal-hide data-loaded class=\"cta cta--none cta--  async-load\" data-block=\"appeal\/cta\">\r\n    \r\n    <div class=\"cta__container container--edge-to-edge\">\r\n                    <h2 class=\"cta__title\">PASA AL SIGUIENTE NIVEL. AHORA.   <\/h2>\r\n                        <div class=\"cta__button\">\r\n                            \n<a\n    class=\"cta__link modal-button link--dark link--dark-blue  link link--primary link--internal\"\n    href=\"#cta_footer\"     aria-label=\"Contact Us: CONTACTA CON NOSOTROS\"    data-loaded\n>\n  <div>\n          <i><\/i>\n        <span>CONTACTA CON NOSOTROS <\/span>\n      <\/div>\n<\/a>                    <\/div>\r\n    <\/div>\r\n    <div class=\"cta__modal\">\r\n        \r\n    <\/div>\r\n<\/section>","protected":false},"excerpt":{"rendered":"","protected":false},"author":1,"featured_media":70391,"parent":0,"menu_order":0,"comment_status":"closed","ping_status":"closed","template":"","meta":{"_acf_changed":false,"footnotes":""},"wf_page_folders":[],"class_list":["post-12155","page","type-page","status-publish","has-post-thumbnail","hentry"],"acf":[],"yoast_head":"<!-- This site is optimized with the Yoast SEO Premium plugin v26.0 (Yoast SEO v26.8) - https:\/\/yoast.com\/product\/yoast-seo-premium-wordpress\/ -->\n<title>Explore Los Servicios Que Ofrecemos - Roboyo<\/title>\n<meta name=\"description\" content=\"Obtenga m\u00e1s informaci\u00f3n sobre los servicios de Next Level que ofrece Roboyo, desde Lean Six Sigma hasta servicios gestionados.\" \/>\n<meta name=\"robots\" content=\"index, follow, max-snippet:-1, max-image-preview:large, max-video-preview:-1\" \/>\n<link rel=\"canonical\" href=\"https:\/\/roboyo.global\/es\/servicios\/\" \/>\n<meta property=\"og:locale\" content=\"es_ES\" \/>\n<meta property=\"og:type\" content=\"article\" \/>\n<meta property=\"og:title\" content=\"Servicios\u00a0\u00a0\" \/>\n<meta property=\"og:description\" content=\"Obtenga m\u00e1s informaci\u00f3n sobre los servicios de Next Level que ofrece Roboyo, desde Lean Six Sigma hasta servicios gestionados.\" \/>\n<meta property=\"og:url\" content=\"https:\/\/roboyo.global\/es\/servicios\/\" \/>\n<meta property=\"og:site_name\" content=\"Roboyo\" \/>\n<meta property=\"article:modified_time\" content=\"2024-03-13T14:38:41+00:00\" \/>\n<meta property=\"og:image\" content=\"https:\/\/roboyo.global\/app\/uploads\/2023\/11\/new.jpg\" \/>\n\t<meta property=\"og:image:width\" content=\"1500\" \/>\n\t<meta property=\"og:image:height\" content=\"1000\" \/>\n\t<meta property=\"og:image:type\" content=\"image\/jpeg\" \/>\n<meta name=\"twitter:card\" content=\"summary_large_image\" \/>\n<meta name=\"twitter:label1\" content=\"Est. reading time\" \/>\n\t<meta name=\"twitter:data1\" content=\"1 minute\" \/>\n<script type=\"application\/ld+json\" class=\"yoast-schema-graph\">{\"@context\":\"https:\/\/schema.org\",\"@graph\":[{\"@type\":\"WebPage\",\"@id\":\"https:\/\/roboyo.global\/es\/servicios\/\",\"url\":\"https:\/\/roboyo.global\/es\/servicios\/\",\"name\":\"Explore Los Servicios Que Ofrecemos - Roboyo\",\"isPartOf\":{\"@id\":\"https:\/\/roboyo.global\/es\/#website\"},\"primaryImageOfPage\":{\"@id\":\"https:\/\/roboyo.global\/es\/servicios\/#primaryimage\"},\"image\":{\"@id\":\"https:\/\/roboyo.global\/es\/servicios\/#primaryimage\"},\"thumbnailUrl\":\"https:\/\/roboyo.global\/app\/uploads\/2023\/11\/new.jpg\",\"datePublished\":\"2021-05-28T04:27:37+00:00\",\"dateModified\":\"2024-03-13T14:38:41+00:00\",\"description\":\"Obtenga m\u00e1s informaci\u00f3n sobre los servicios de Next Level que ofrece Roboyo, desde Lean Six Sigma hasta servicios gestionados.\",\"breadcrumb\":{\"@id\":\"https:\/\/roboyo.global\/es\/servicios\/#breadcrumb\"},\"inLanguage\":\"es-ES\",\"potentialAction\":[{\"@type\":\"ReadAction\",\"target\":[\"https:\/\/roboyo.global\/es\/servicios\/\"]}]},{\"@type\":\"ImageObject\",\"inLanguage\":\"es-ES\",\"@id\":\"https:\/\/roboyo.global\/es\/servicios\/#primaryimage\",\"url\":\"https:\/\/roboyo.global\/app\/uploads\/2023\/11\/new.jpg\",\"contentUrl\":\"https:\/\/roboyo.global\/app\/uploads\/2023\/11\/new.jpg\",\"width\":1500,\"height\":1000,\"caption\":\"Wide lens view of skyscraper offices over a river with lights reflecting in the water\"},{\"@type\":\"BreadcrumbList\",\"@id\":\"https:\/\/roboyo.global\/es\/servicios\/#breadcrumb\",\"itemListElement\":[{\"@type\":\"ListItem\",\"position\":1,\"name\":\"Home\",\"item\":\"https:\/\/roboyo.global\/es\/\"},{\"@type\":\"ListItem\",\"position\":2,\"name\":\"Servicios\u00a0\u00a0\"}]},{\"@type\":\"WebSite\",\"@id\":\"https:\/\/roboyo.global\/es\/#website\",\"url\":\"https:\/\/roboyo.global\/es\/\",\"name\":\"Roboyo - Your Agentic Automation & AI Partner of Choice\",\"description\":\"We take what\u2019s possible to the next level. Now.\",\"potentialAction\":[{\"@type\":\"SearchAction\",\"target\":{\"@type\":\"EntryPoint\",\"urlTemplate\":\"https:\/\/roboyo.global\/es\/?s={search_term_string}\"},\"query-input\":{\"@type\":\"PropertyValueSpecification\",\"valueRequired\":true,\"valueName\":\"search_term_string\"}}],\"inLanguage\":\"es-ES\"}]}<\/script>\n<!-- \/ Yoast SEO Premium plugin. -->","yoast_head_json":{"title":"Explore Los Servicios Que Ofrecemos - Roboyo","description":"Obtenga m\u00e1s informaci\u00f3n sobre los servicios de Next Level que ofrece Roboyo, desde Lean Six Sigma hasta servicios gestionados.","robots":{"index":"index","follow":"follow","max-snippet":"max-snippet:-1","max-image-preview":"max-image-preview:large","max-video-preview":"max-video-preview:-1"},"canonical":"https:\/\/roboyo.global\/es\/servicios\/","og_locale":"es_ES","og_type":"article","og_title":"Servicios\u00a0\u00a0","og_description":"Obtenga m\u00e1s informaci\u00f3n sobre los servicios de Next Level que ofrece Roboyo, desde Lean Six Sigma hasta servicios gestionados.","og_url":"https:\/\/roboyo.global\/es\/servicios\/","og_site_name":"Roboyo","article_modified_time":"2024-03-13T14:38:41+00:00","og_image":[{"width":1500,"height":1000,"url":"https:\/\/roboyo.global\/app\/uploads\/2023\/11\/new.jpg","type":"image\/jpeg"}],"twitter_card":"summary_large_image","twitter_misc":{"Est. reading time":"1 minute"},"schema":{"@context":"https:\/\/schema.org","@graph":[{"@type":"WebPage","@id":"https:\/\/roboyo.global\/es\/servicios\/","url":"https:\/\/roboyo.global\/es\/servicios\/","name":"Explore Los Servicios Que Ofrecemos - Roboyo","isPartOf":{"@id":"https:\/\/roboyo.global\/es\/#website"},"primaryImageOfPage":{"@id":"https:\/\/roboyo.global\/es\/servicios\/#primaryimage"},"image":{"@id":"https:\/\/roboyo.global\/es\/servicios\/#primaryimage"},"thumbnailUrl":"https:\/\/roboyo.global\/app\/uploads\/2023\/11\/new.jpg","datePublished":"2021-05-28T04:27:37+00:00","dateModified":"2024-03-13T14:38:41+00:00","description":"Obtenga m\u00e1s informaci\u00f3n sobre los servicios de Next Level que ofrece Roboyo, desde Lean Six Sigma hasta servicios gestionados.","breadcrumb":{"@id":"https:\/\/roboyo.global\/es\/servicios\/#breadcrumb"},"inLanguage":"es-ES","potentialAction":[{"@type":"ReadAction","target":["https:\/\/roboyo.global\/es\/servicios\/"]}]},{"@type":"ImageObject","inLanguage":"es-ES","@id":"https:\/\/roboyo.global\/es\/servicios\/#primaryimage","url":"https:\/\/roboyo.global\/app\/uploads\/2023\/11\/new.jpg","contentUrl":"https:\/\/roboyo.global\/app\/uploads\/2023\/11\/new.jpg","width":1500,"height":1000,"caption":"Wide lens view of skyscraper offices over a river with lights reflecting in the water"},{"@type":"BreadcrumbList","@id":"https:\/\/roboyo.global\/es\/servicios\/#breadcrumb","itemListElement":[{"@type":"ListItem","position":1,"name":"Home","item":"https:\/\/roboyo.global\/es\/"},{"@type":"ListItem","position":2,"name":"Servicios\u00a0\u00a0"}]},{"@type":"WebSite","@id":"https:\/\/roboyo.global\/es\/#website","url":"https:\/\/roboyo.global\/es\/","name":"Roboyo - Your Agentic Automation & AI Partner of Choice","description":"We take what\u2019s possible to the next level. Now.","potentialAction":[{"@type":"SearchAction","target":{"@type":"EntryPoint","urlTemplate":"https:\/\/roboyo.global\/es\/?s={search_term_string}"},"query-input":{"@type":"PropertyValueSpecification","valueRequired":true,"valueName":"search_term_string"}}],"inLanguage":"es-ES"}]}},"_links":{"self":[{"href":"https:\/\/roboyo.global\/es\/wp-json\/wp\/v2\/pages\/12155","targetHints":{"allow":["GET"]}}],"collection":[{"href":"https:\/\/roboyo.global\/es\/wp-json\/wp\/v2\/pages"}],"about":[{"href":"https:\/\/roboyo.global\/es\/wp-json\/wp\/v2\/types\/page"}],"author":[{"embeddable":true,"href":"https:\/\/roboyo.global\/es\/wp-json\/wp\/v2\/users\/1"}],"replies":[{"embeddable":true,"href":"https:\/\/roboyo.global\/es\/wp-json\/wp\/v2\/comments?post=12155"}],"version-history":[{"count":5,"href":"https:\/\/roboyo.global\/es\/wp-json\/wp\/v2\/pages\/12155\/revisions"}],"predecessor-version":[{"id":79408,"href":"https:\/\/roboyo.global\/es\/wp-json\/wp\/v2\/pages\/12155\/revisions\/79408"}],"wp:featuredmedia":[{"embeddable":true,"href":"https:\/\/roboyo.global\/es\/wp-json\/wp\/v2\/media\/70391"}],"wp:attachment":[{"href":"https:\/\/roboyo.global\/es\/wp-json\/wp\/v2\/media?parent=12155"}],"wp:term":[{"taxonomy":"wf_page_folders","embeddable":true,"href":"https:\/\/roboyo.global\/es\/wp-json\/wp\/v2\/wf_page_folders?post=12155"}],"curies":[{"name":"wp","href":"https:\/\/api.w.org\/{rel}","templated":true}]}}