{"id":12108,"date":"2021-05-28T06:10:43","date_gmt":"2021-05-28T05:10:43","guid":{"rendered":"https:\/\/roboyo.global\/?page_id=12108"},"modified":"2024-03-13T14:34:05","modified_gmt":"2024-03-13T14:34:05","slug":"tecnologias","status":"publish","type":"page","link":"https:\/\/roboyo.global\/es\/tecnologias\/","title":{"rendered":"Tecnolog\u00edas\u00a0\u00a0\u00a0"},"content":{"rendered":"\n\n<section data-nav-transparent data-loaded data-nav-transparent\n    class=\"hero-header-3 hero-header-3--no-cat \">\n    <div class=\"hero-header-3__wrapper\">\n        <div class=\"hero-header-3__video hero-header-3__video--overlay\">\n                                    \n    \n            <div class=\"hero-header-3__image\" data-lazy=\"1\">\n            <img decoding=\"async\" src=\"https:\/\/roboyo.global\/app\/uploads\/2023\/11\/Copy-of-Blog-Post-HeroFeatured-Image-3.png\" alt=\"Image of lots of blue fairy lights\" loading=\"eager\" fetchpriority=\"high\">\n        <\/div>\n                                                            <\/div>\n        <div class=\"hero-header-3__container\">\n            <div class=\"hero-header-3__content\">\n                                <p class=\"hero-header-3__title\">Tecnolog\u00edas   <\/p>\n                \n                                                <h1 class=\"hero-header-3__subtitle\">\n                    <span>DESBLOQUEANDO EL PODER DE LA AUTOMATIZACI\u00d3N    <\/span>\n                <\/h1>\n                \n                            <\/div>\n                    <\/div>\n                <div class=\"hero-header-3__gradient hero-header-3__gradient--overall\"\n            style=\"background: linear-gradient(, rgb() 0%, rgb() 100%)\">\n        <\/div>\n            <\/div>\n<\/section>\n\n\n\n<div aria-hidden=\"true\" class=\"appeal-spacer appeal-spacer--69f5f248c5c3d  appeal-spacer--transparent\">\r\n<style>\r\n\/* Ultrawide *\/\r\n.appeal-spacer--69f5f248c5c3d {\r\n    height: 75px;\r\n}\r\n\r\n\/* Desktop *\/\r\n@media (max-width: 1920px) {\r\n    .appeal-spacer--69f5f248c5c3d {\r\n        height: 75px;\r\n    }\r\n}\r\n\r\n\/* Laptop *\/\r\n@media (max-width: 1024px) {\r\n    .appeal-spacer--69f5f248c5c3d {\r\n        height: 50px;\r\n    }\r\n}\r\n\r\n\/* Mobile *\/\r\n@media (max-width: 767px) {\r\n    .appeal-spacer--69f5f248c5c3d {\r\n        height: 50px;\r\n    }\r\n}\r\n<\/style>\r\n<\/div>\r\n\n\n\r\n\r\n<div class=\"\"\r\n    style=\"background-color: #fff; position: relative\">\r\n    \r\n    \r\n    <section class=\"container-block container--medium\">\r\n        <div class=\"container-block__elements\">\r\n            \n\n<p class=\"has-text-align-center has-t-h-7-font-size\"><strong>En la intersecci\u00f3n de la innovaci\u00f3n y la eficiencia, utilizamos la tecnolog\u00eda de automatizaci\u00f3n para redefinir el futuro de las soluciones empresariales. Nuestro conjunto de tecnolog\u00edas, desde la inteligencia artificial hasta la automatizaci\u00f3n rob\u00f3tica de procesos, se entreteje estrat\u00e9gicamente en nuestras soluciones. Esta integraci\u00f3n mejora la productividad, agiliza las operaciones y abre un mundo de nuevas posibilidades.<\/strong><\/p>\n\n\r\n        <\/div>\r\n    <\/section>\r\n<\/div>\n\n\n<section class=\"column-tiles column-tiles--white\">\n  <div class=\"container--1562 column-tiles__container\">\n          <div class=\"column-tiles__tiles\">\n                  <div class=\"column-tile column-tile--white\">\n                          \n    \n            <div class=\"column-tile__icon\" data-lazy >\n                            <img decoding=\"async\" loading=\"lazy\" data-lazy-placeholder src=\"https:\/\/roboyo.global\/app\/uploads\/2023\/11\/Life-at-Roboyo-Icons-3-2-150x150.png\" alt=\"Lightning bolt logo\">\n                                        <img loading=\"lazy\" data-lazy-full=\"https:\/\/roboyo.global\/app\/uploads\/2023\/11\/Life-at-Roboyo-Icons-3-2-964x1024.png\" alt=\"Lightning bolt logo\">\n                    <\/div>\n                            <div class=\"column-tile__content\">\n                                            <h4 class=\"column-tile__title\">HIPERAUTOMATIZACI\u00d3N\u00a0<\/h4>\n                                            <p class=\"column-tile__description\">Aprovecha el poder de la hiperautomatizaci\u00f3n reuniendo las tecnolog\u00edas m\u00e1s avanzadas para ofrecer ventajas empresariales sin precedentes.   <\/p>\n                                            \n<a\n    class=\"link--40 link--internal column-tile__link link link--primary link--internal\"\n    href=\"https:\/\/roboyo.global\/es\/tecnologias\/hiperautomatizacion\/\"     aria-label=\"DESCUBRE M\u00c1S\"    data-loaded\n>\n  <div>\n          <i><\/i>\n        <span>DESCUBRE M\u00c1S   <\/span>\n      <\/div>\n<\/a>                          <\/div>\n          <\/div>\n                  <div class=\"column-tile column-tile--white\">\n                          \n    \n            <div class=\"column-tile__icon\" data-lazy >\n                            <img decoding=\"async\" loading=\"lazy\" data-lazy-placeholder src=\"https:\/\/roboyo.global\/app\/uploads\/2023\/11\/Life-at-Roboyo-Icons-8-150x150.png\" alt=\"Roboyo icon\">\n                                        <img loading=\"lazy\" data-lazy-full=\"https:\/\/roboyo.global\/app\/uploads\/2023\/11\/Life-at-Roboyo-Icons-8-964x1024.png\" alt=\"Roboyo icon\">\n                    <\/div>\n                            <div class=\"column-tile__content\">\n                                            <h4 class=\"column-tile__title\">AUTOMATIZACI\u00d3N ROB\u00d3TICA DE PROCESOS (RPA)   <\/h4>\n                                            <p class=\"column-tile__description\">Aprovecha la RPA para automatizar los costes, el tiempo y la monoton\u00eda a la vez que automatizas en velocidad, precisi\u00f3n y productividad.    <\/p>\n                                            \n<a\n    class=\"link--40 link--internal column-tile__link link link--primary link--internal\"\n    href=\"https:\/\/roboyo.global\/es\/tecnologias\/automatizacion-robotica-de-procesos\/\"     aria-label=\"DESCUBRE M\u00c1S\"    data-loaded\n>\n  <div>\n          <i><\/i>\n        <span>DESCUBRE M\u00c1S   <\/span>\n      <\/div>\n<\/a>                          <\/div>\n          <\/div>\n                  <div class=\"column-tile column-tile--white\">\n                          \n    \n            <div class=\"column-tile__icon\" data-lazy >\n                            <img decoding=\"async\" loading=\"lazy\" data-lazy-placeholder src=\"https:\/\/roboyo.global\/app\/uploads\/2023\/11\/Life-at-Roboyo-Icons-9-150x150.png\" alt=\"Roboyo icon\">\n                                        <img loading=\"lazy\" data-lazy-full=\"https:\/\/roboyo.global\/app\/uploads\/2023\/11\/Life-at-Roboyo-Icons-9-964x1024.png\" alt=\"Roboyo icon\">\n                    <\/div>\n                            <div class=\"column-tile__content\">\n                                            <h4 class=\"column-tile__title\">PROCESAMIENTO INTELIGENTE DE DOCUMENTOS (IDP)   <\/h4>\n                                            <p class=\"column-tile__description\">Extrae datos, informaci\u00f3n y valor empresarial de los documentos de tu empresa.    <\/p>\n                                            \n<a\n    class=\"link--40 link--internal column-tile__link link link--primary link--internal\"\n    href=\"https:\/\/roboyo.global\/es\/tecnologias\/procesamiento-inteligente-de-documentos\/\"     aria-label=\"DESCUBRE M\u00c1S\"    data-loaded\n>\n  <div>\n          <i><\/i>\n        <span>DESCUBRE M\u00c1S <\/span>\n      <\/div>\n<\/a>                          <\/div>\n          <\/div>\n                  <div class=\"column-tile column-tile--white\">\n                          \n    \n            <div class=\"column-tile__icon\" data-lazy >\n                            <img decoding=\"async\" loading=\"lazy\" data-lazy-placeholder src=\"https:\/\/roboyo.global\/app\/uploads\/2023\/11\/Life-at-Roboyo-Icons-10-150x150.png\" alt=\"Roboyo icon\">\n                                        <img loading=\"lazy\" data-lazy-full=\"https:\/\/roboyo.global\/app\/uploads\/2023\/11\/Life-at-Roboyo-Icons-10-964x1024.png\" alt=\"Roboyo icon\">\n                    <\/div>\n                            <div class=\"column-tile__content\">\n                                            <h4 class=\"column-tile__title\">GESTI\u00d3N DE PROCESOS EMPRESARIALES (BPM)\u00a0<\/h4>\n                                            <p class=\"column-tile__description\">Impulsa el rendimiento empresarial al siguiente nivel centralizando, estabilizando y optimizando los procesos de negocio con BPM.    <\/p>\n                                            \n<a\n    class=\"link--40 link--internal column-tile__link link link--primary link--internal\"\n    href=\"https:\/\/roboyo.global\/es\/tecnologias\/gestion-de-procesos-empresariales\/\"     aria-label=\"DESCUBRE M\u00c1S\"    data-loaded\n>\n  <div>\n          <i><\/i>\n        <span>DESCUBRE M\u00c1S   <\/span>\n      <\/div>\n<\/a>                          <\/div>\n          <\/div>\n                  <div class=\"column-tile column-tile--white\">\n                          \n    \n            <div class=\"column-tile__icon\" data-lazy >\n                            <img decoding=\"async\" loading=\"lazy\" data-lazy-placeholder src=\"https:\/\/roboyo.global\/app\/uploads\/2023\/11\/Life-at-Roboyo-Icons-11-150x150.png\" alt=\"Roboyo icon\">\n                                        <img loading=\"lazy\" data-lazy-full=\"https:\/\/roboyo.global\/app\/uploads\/2023\/11\/Life-at-Roboyo-Icons-11-964x1024.png\" alt=\"Roboyo icon\">\n                    <\/div>\n                            <div class=\"column-tile__content\">\n                                            <h4 class=\"column-tile__title\">AI CONVERSACIONAL  <\/h4>\n                                            <p class=\"column-tile__description\">Aumenta la satisfacci\u00f3n y fidelidad de los clientes con interacciones impulsadas por IA.    <\/p>\n                                            \n<a\n    class=\"link--40 link--internal column-tile__link link link--primary link--internal\"\n    href=\"https:\/\/roboyo.global\/es\/tecnologias\/ia-conversacional\/\"     aria-label=\"DESCUBRE M\u00c1S\"    data-loaded\n>\n  <div>\n          <i><\/i>\n        <span>DESCUBRE M\u00c1S  <\/span>\n      <\/div>\n<\/a>                          <\/div>\n          <\/div>\n                  <div class=\"column-tile column-tile--white\">\n                          \n    \n            <div class=\"column-tile__icon\" data-lazy >\n                            <img decoding=\"async\" loading=\"lazy\" data-lazy-placeholder src=\"https:\/\/roboyo.global\/app\/uploads\/2023\/11\/Life-at-Roboyo-Icons-12.png\" alt=\"Roboyo icon\">\n                                        <img loading=\"lazy\" data-lazy-full=\"https:\/\/roboyo.global\/app\/uploads\/2023\/11\/Life-at-Roboyo-Icons-12.png\" alt=\"Roboyo icon\">\n                    <\/div>\n                            <div class=\"column-tile__content\">\n                                            <h4 class=\"column-tile__title\">MINER\u00cdA DE PROCESOS   <\/h4>\n                                            <p class=\"column-tile__description\">Mapea de forma inteligente los flujos de trabajo para descubrir valiosas oportunidades de automatizaci\u00f3n.    <\/p>\n                                            \n<a\n    class=\"link--40 link--internal column-tile__link link link--primary link--internal\"\n    href=\"https:\/\/roboyo.global\/es\/tecnologias\/mineria-de-procesos-y-tareas\/\"     aria-label=\"DESCUBRE M\u00c1S\"    data-loaded\n>\n  <div>\n          <i><\/i>\n        <span>DESCUBRE M\u00c1S   <\/span>\n      <\/div>\n<\/a>                          <\/div>\n          <\/div>\n                  <div class=\"column-tile column-tile--white\">\n                          \n    \n            <div class=\"column-tile__icon\" data-lazy >\n                            <img decoding=\"async\" loading=\"lazy\" data-lazy-placeholder src=\"https:\/\/roboyo.global\/app\/uploads\/2023\/11\/Life-at-Roboyo-Icons-12-1-150x150.png\" alt=\"Roboyo icon\">\n                                        <img loading=\"lazy\" data-lazy-full=\"https:\/\/roboyo.global\/app\/uploads\/2023\/11\/Life-at-Roboyo-Icons-12-1-964x1024.png\" alt=\"Roboyo icon\">\n                    <\/div>\n                            <div class=\"column-tile__content\">\n                                            <h4 class=\"column-tile__title\">MINER\u00cdA DE TAREAS  <\/h4>\n                                            <p class=\"column-tile__description\">Captura y analiza las interacciones de los usuarios para identificar oportunidades de mejora.    <\/p>\n                                            \n<a\n    class=\"link--40 link--internal column-tile__link link link--primary link--internal\"\n    href=\"https:\/\/roboyo.global\/es\/tecnologias\/mineria-de-procesos-y-tareas\/\"     aria-label=\"DESCUBRE M\u00c1S\"    data-loaded\n>\n  <div>\n          <i><\/i>\n        <span>DESCUBRE M\u00c1S  <\/span>\n      <\/div>\n<\/a>                          <\/div>\n          <\/div>\n                  <div class=\"column-tile column-tile--white\">\n                          \n    \n            <div class=\"column-tile__icon\" data-lazy >\n                            <img decoding=\"async\" loading=\"lazy\" data-lazy-placeholder src=\"https:\/\/roboyo.global\/app\/uploads\/2023\/11\/Life-at-Roboyo-Icons-1-3-150x150.png\" alt=\"Roboyo icon\">\n                                        <img loading=\"lazy\" data-lazy-full=\"https:\/\/roboyo.global\/app\/uploads\/2023\/11\/Life-at-Roboyo-Icons-1-3-964x1024.png\" alt=\"Roboyo icon\">\n                    <\/div>\n                            <div class=\"column-tile__content\">\n                                            <h4 class=\"column-tile__title\">BAJO C\u00d3DIGO   <\/h4>\n                                            <p class=\"column-tile__description\">Acelera el desarrollo de aplicaciones, reduce los costes y mejore la agilidad.    <\/p>\n                                            \n<a\n    class=\"link--40 link--internal column-tile__link link link--primary link--internal\"\n    href=\"https:\/\/roboyo.global\/es\/tecnologias\/codigo-bajo\/\"     aria-label=\"DESCUBRE M\u00c1S\"    data-loaded\n>\n  <div>\n          <i><\/i>\n        <span>DESCUBRE M\u00c1S  <\/span>\n      <\/div>\n<\/a>                          <\/div>\n          <\/div>\n                  <div class=\"column-tile column-tile--white\">\n                          \n    \n            <div class=\"column-tile__icon\" data-lazy >\n                            <img decoding=\"async\" loading=\"lazy\" data-lazy-placeholder src=\"https:\/\/roboyo.global\/app\/uploads\/2023\/11\/Life-at-Roboyo-Icons-17-150x150.png\" alt=\"Roboyo icon\">\n                                        <img loading=\"lazy\" data-lazy-full=\"https:\/\/roboyo.global\/app\/uploads\/2023\/11\/Life-at-Roboyo-Icons-17-964x1024.png\" alt=\"Roboyo icon\">\n                    <\/div>\n                            <div class=\"column-tile__content\">\n                                            <h4 class=\"column-tile__title\">AUTOMATIZACI\u00d3N DE PRUEBAS   <\/h4>\n                                            <p class=\"column-tile__description\">Optimiza y perfecciona tu garant\u00eda de calidad al tiempo que reduces y mitigas los riesgos.  <\/p>\n                                            \n<a\n    class=\"link--40 link--internal column-tile__link link link--primary link--internal\"\n    href=\"https:\/\/roboyo.global\/es\/tecnologias\/automatizacion-de-pruebas\/\"     aria-label=\"DESCUBRE M\u00c1S\"    data-loaded\n>\n  <div>\n          <i><\/i>\n        <span>DESCUBRE M\u00c1S   <\/span>\n      <\/div>\n<\/a>                          <\/div>\n          <\/div>\n                  <div class=\"column-tile column-tile--white\">\n                          \n    \n            <div class=\"column-tile__icon\" data-lazy >\n                            <img decoding=\"async\" loading=\"lazy\" data-lazy-placeholder src=\"https:\/\/roboyo.global\/app\/uploads\/2023\/11\/Life-at-Roboyo-Icons-2-2-150x150.png\" alt=\"Timer logo\">\n                                        <img loading=\"lazy\" data-lazy-full=\"https:\/\/roboyo.global\/app\/uploads\/2023\/11\/Life-at-Roboyo-Icons-2-2-964x1024.png\" alt=\"Timer logo\">\n                    <\/div>\n                            <div class=\"column-tile__content\">\n                                            <h4 class=\"column-tile__title\">DESARROLLO R\u00c1PIDO DE APLICACIONES   <\/h4>\n                                            <p class=\"column-tile__description\">Aprovecha el desarrollo de aplicaciones de c\u00f3digo reducido para ofrecer nuevos servicios m\u00e1s r\u00e1pido que nunca. <\/p>\n                                            \n<a\n    class=\"link--40 link--internal column-tile__link link link--primary link--internal\"\n    href=\"https:\/\/roboyo.global\/es\/tecnologias\/desarrollo-rapido-de-aplicaciones\/\"     aria-label=\"DESCUBRE M\u00c1S\"    data-loaded\n>\n  <div>\n          <i><\/i>\n        <span>DESCUBRE M\u00c1S   <\/span>\n      <\/div>\n<\/a>                          <\/div>\n          <\/div>\n              <\/div>\n      <\/div>\n<\/section>\n\n\r\n\r\n<section  data-horizontal-hide data-loaded class=\"cta cta--none cta--  async-load\" data-block=\"appeal\/cta\">\r\n    \r\n    <div class=\"cta__container container--edge-to-edge\">\r\n                    <h2 class=\"cta__title\">PASA AL SIGUIENTE NIVEL. AHORA.<\/h2>\r\n                        <div class=\"cta__button\">\r\n                            \n<a\n    class=\"cta__link modal-button link--dark link--dark-blue  link link--primary link--internal\"\n    href=\"#cta_footer\"     aria-label=\"Contact Us: CONTACTA CON NOSOTROS\"    data-loaded\n>\n  <div>\n          <i><\/i>\n        <span>CONTACTA CON NOSOTROS <\/span>\n      <\/div>\n<\/a>                    <\/div>\r\n    <\/div>\r\n    <div class=\"cta__modal\">\r\n        \r\n    <\/div>\r\n<\/section>","protected":false},"excerpt":{"rendered":"","protected":false},"author":1,"featured_media":70324,"parent":0,"menu_order":0,"comment_status":"closed","ping_status":"closed","template":"","meta":{"_acf_changed":false,"footnotes":""},"wf_page_folders":[],"class_list":["post-12108","page","type-page","status-publish","has-post-thumbnail","hentry"],"acf":[],"yoast_head":"<!-- This site is optimized with the Yoast SEO Premium plugin v26.0 (Yoast SEO v26.8) - https:\/\/yoast.com\/product\/yoast-seo-premium-wordpress\/ -->\n<title>Explore Nuestra Pila Tecnol\u00f3gica - Roboyo<\/title>\n<meta name=\"description\" content=\"Obtenga m\u00e1s informaci\u00f3n sobre las tecnolog\u00edas Next Level que ofrece Roboyo, desde IDP hasta Automatizaci\u00f3n Rob\u00f3tica de Procesos (RPA).\" \/>\n<meta name=\"robots\" content=\"index, follow, max-snippet:-1, max-image-preview:large, max-video-preview:-1\" \/>\n<link rel=\"canonical\" href=\"https:\/\/roboyo.global\/es\/tecnologias\/\" \/>\n<meta property=\"og:locale\" content=\"es_ES\" \/>\n<meta property=\"og:type\" content=\"article\" \/>\n<meta property=\"og:title\" content=\"Tecnolog\u00edas\u00a0\u00a0\u00a0\" \/>\n<meta property=\"og:description\" content=\"Obtenga m\u00e1s informaci\u00f3n sobre las tecnolog\u00edas Next Level que ofrece Roboyo, desde IDP hasta Automatizaci\u00f3n Rob\u00f3tica de Procesos (RPA).\" \/>\n<meta property=\"og:url\" content=\"https:\/\/roboyo.global\/es\/tecnologias\/\" \/>\n<meta property=\"og:site_name\" content=\"Roboyo\" \/>\n<meta property=\"article:modified_time\" content=\"2024-03-13T14:34:05+00:00\" \/>\n<meta property=\"og:image\" content=\"https:\/\/roboyo.global\/app\/uploads\/2023\/11\/Copy-of-Blog-Post-HeroFeatured-Image-3.png\" \/>\n\t<meta property=\"og:image:width\" content=\"1500\" \/>\n\t<meta property=\"og:image:height\" content=\"750\" \/>\n\t<meta property=\"og:image:type\" content=\"image\/png\" \/>\n<meta name=\"twitter:card\" content=\"summary_large_image\" \/>\n<meta name=\"twitter:label1\" content=\"Est. reading time\" \/>\n\t<meta name=\"twitter:data1\" content=\"1 minute\" \/>\n<script type=\"application\/ld+json\" class=\"yoast-schema-graph\">{\"@context\":\"https:\/\/schema.org\",\"@graph\":[{\"@type\":\"WebPage\",\"@id\":\"https:\/\/roboyo.global\/es\/tecnologias\/\",\"url\":\"https:\/\/roboyo.global\/es\/tecnologias\/\",\"name\":\"Explore Nuestra Pila Tecnol\u00f3gica - Roboyo\",\"isPartOf\":{\"@id\":\"https:\/\/roboyo.global\/es\/#website\"},\"primaryImageOfPage\":{\"@id\":\"https:\/\/roboyo.global\/es\/tecnologias\/#primaryimage\"},\"image\":{\"@id\":\"https:\/\/roboyo.global\/es\/tecnologias\/#primaryimage\"},\"thumbnailUrl\":\"https:\/\/roboyo.global\/app\/uploads\/2023\/11\/Copy-of-Blog-Post-HeroFeatured-Image-3.png\",\"datePublished\":\"2021-05-28T05:10:43+00:00\",\"dateModified\":\"2024-03-13T14:34:05+00:00\",\"description\":\"Obtenga m\u00e1s informaci\u00f3n sobre las tecnolog\u00edas Next Level que ofrece Roboyo, desde IDP hasta Automatizaci\u00f3n Rob\u00f3tica de Procesos (RPA).\",\"breadcrumb\":{\"@id\":\"https:\/\/roboyo.global\/es\/tecnologias\/#breadcrumb\"},\"inLanguage\":\"es-ES\",\"potentialAction\":[{\"@type\":\"ReadAction\",\"target\":[\"https:\/\/roboyo.global\/es\/tecnologias\/\"]}]},{\"@type\":\"ImageObject\",\"inLanguage\":\"es-ES\",\"@id\":\"https:\/\/roboyo.global\/es\/tecnologias\/#primaryimage\",\"url\":\"https:\/\/roboyo.global\/app\/uploads\/2023\/11\/Copy-of-Blog-Post-HeroFeatured-Image-3.png\",\"contentUrl\":\"https:\/\/roboyo.global\/app\/uploads\/2023\/11\/Copy-of-Blog-Post-HeroFeatured-Image-3.png\",\"width\":1500,\"height\":750,\"caption\":\"Image of lots of blue fairy lights\"},{\"@type\":\"BreadcrumbList\",\"@id\":\"https:\/\/roboyo.global\/es\/tecnologias\/#breadcrumb\",\"itemListElement\":[{\"@type\":\"ListItem\",\"position\":1,\"name\":\"Home\",\"item\":\"https:\/\/roboyo.global\/es\/\"},{\"@type\":\"ListItem\",\"position\":2,\"name\":\"Tecnolog\u00edas\u00a0\u00a0\u00a0\"}]},{\"@type\":\"WebSite\",\"@id\":\"https:\/\/roboyo.global\/es\/#website\",\"url\":\"https:\/\/roboyo.global\/es\/\",\"name\":\"Roboyo - Your Agentic Automation & AI Partner of Choice\",\"description\":\"We take what\u2019s possible to the next level. Now.\",\"potentialAction\":[{\"@type\":\"SearchAction\",\"target\":{\"@type\":\"EntryPoint\",\"urlTemplate\":\"https:\/\/roboyo.global\/es\/?s={search_term_string}\"},\"query-input\":{\"@type\":\"PropertyValueSpecification\",\"valueRequired\":true,\"valueName\":\"search_term_string\"}}],\"inLanguage\":\"es-ES\"}]}<\/script>\n<!-- \/ Yoast SEO Premium plugin. -->","yoast_head_json":{"title":"Explore Nuestra Pila Tecnol\u00f3gica - Roboyo","description":"Obtenga m\u00e1s informaci\u00f3n sobre las tecnolog\u00edas Next Level que ofrece Roboyo, desde IDP hasta Automatizaci\u00f3n Rob\u00f3tica de Procesos (RPA).","robots":{"index":"index","follow":"follow","max-snippet":"max-snippet:-1","max-image-preview":"max-image-preview:large","max-video-preview":"max-video-preview:-1"},"canonical":"https:\/\/roboyo.global\/es\/tecnologias\/","og_locale":"es_ES","og_type":"article","og_title":"Tecnolog\u00edas\u00a0\u00a0\u00a0","og_description":"Obtenga m\u00e1s informaci\u00f3n sobre las tecnolog\u00edas Next Level que ofrece Roboyo, desde IDP hasta Automatizaci\u00f3n Rob\u00f3tica de Procesos (RPA).","og_url":"https:\/\/roboyo.global\/es\/tecnologias\/","og_site_name":"Roboyo","article_modified_time":"2024-03-13T14:34:05+00:00","og_image":[{"width":1500,"height":750,"url":"https:\/\/roboyo.global\/app\/uploads\/2023\/11\/Copy-of-Blog-Post-HeroFeatured-Image-3.png","type":"image\/png"}],"twitter_card":"summary_large_image","twitter_misc":{"Est. reading time":"1 minute"},"schema":{"@context":"https:\/\/schema.org","@graph":[{"@type":"WebPage","@id":"https:\/\/roboyo.global\/es\/tecnologias\/","url":"https:\/\/roboyo.global\/es\/tecnologias\/","name":"Explore Nuestra Pila Tecnol\u00f3gica - Roboyo","isPartOf":{"@id":"https:\/\/roboyo.global\/es\/#website"},"primaryImageOfPage":{"@id":"https:\/\/roboyo.global\/es\/tecnologias\/#primaryimage"},"image":{"@id":"https:\/\/roboyo.global\/es\/tecnologias\/#primaryimage"},"thumbnailUrl":"https:\/\/roboyo.global\/app\/uploads\/2023\/11\/Copy-of-Blog-Post-HeroFeatured-Image-3.png","datePublished":"2021-05-28T05:10:43+00:00","dateModified":"2024-03-13T14:34:05+00:00","description":"Obtenga m\u00e1s informaci\u00f3n sobre las tecnolog\u00edas Next Level que ofrece Roboyo, desde IDP hasta Automatizaci\u00f3n Rob\u00f3tica de Procesos (RPA).","breadcrumb":{"@id":"https:\/\/roboyo.global\/es\/tecnologias\/#breadcrumb"},"inLanguage":"es-ES","potentialAction":[{"@type":"ReadAction","target":["https:\/\/roboyo.global\/es\/tecnologias\/"]}]},{"@type":"ImageObject","inLanguage":"es-ES","@id":"https:\/\/roboyo.global\/es\/tecnologias\/#primaryimage","url":"https:\/\/roboyo.global\/app\/uploads\/2023\/11\/Copy-of-Blog-Post-HeroFeatured-Image-3.png","contentUrl":"https:\/\/roboyo.global\/app\/uploads\/2023\/11\/Copy-of-Blog-Post-HeroFeatured-Image-3.png","width":1500,"height":750,"caption":"Image of lots of blue fairy lights"},{"@type":"BreadcrumbList","@id":"https:\/\/roboyo.global\/es\/tecnologias\/#breadcrumb","itemListElement":[{"@type":"ListItem","position":1,"name":"Home","item":"https:\/\/roboyo.global\/es\/"},{"@type":"ListItem","position":2,"name":"Tecnolog\u00edas\u00a0\u00a0\u00a0"}]},{"@type":"WebSite","@id":"https:\/\/roboyo.global\/es\/#website","url":"https:\/\/roboyo.global\/es\/","name":"Roboyo - Your Agentic Automation & AI Partner of Choice","description":"We take what\u2019s possible to the next level. Now.","potentialAction":[{"@type":"SearchAction","target":{"@type":"EntryPoint","urlTemplate":"https:\/\/roboyo.global\/es\/?s={search_term_string}"},"query-input":{"@type":"PropertyValueSpecification","valueRequired":true,"valueName":"search_term_string"}}],"inLanguage":"es-ES"}]}},"_links":{"self":[{"href":"https:\/\/roboyo.global\/es\/wp-json\/wp\/v2\/pages\/12108","targetHints":{"allow":["GET"]}}],"collection":[{"href":"https:\/\/roboyo.global\/es\/wp-json\/wp\/v2\/pages"}],"about":[{"href":"https:\/\/roboyo.global\/es\/wp-json\/wp\/v2\/types\/page"}],"author":[{"embeddable":true,"href":"https:\/\/roboyo.global\/es\/wp-json\/wp\/v2\/users\/1"}],"replies":[{"embeddable":true,"href":"https:\/\/roboyo.global\/es\/wp-json\/wp\/v2\/comments?post=12108"}],"version-history":[{"count":5,"href":"https:\/\/roboyo.global\/es\/wp-json\/wp\/v2\/pages\/12108\/revisions"}],"predecessor-version":[{"id":79405,"href":"https:\/\/roboyo.global\/es\/wp-json\/wp\/v2\/pages\/12108\/revisions\/79405"}],"wp:featuredmedia":[{"embeddable":true,"href":"https:\/\/roboyo.global\/es\/wp-json\/wp\/v2\/media\/70324"}],"wp:attachment":[{"href":"https:\/\/roboyo.global\/es\/wp-json\/wp\/v2\/media?parent=12108"}],"wp:term":[{"taxonomy":"wf_page_folders","embeddable":true,"href":"https:\/\/roboyo.global\/es\/wp-json\/wp\/v2\/wf_page_folders?post=12108"}],"curies":[{"name":"wp","href":"https:\/\/api.w.org\/{rel}","templated":true}]}}