{"id":12048,"date":"2021-07-07T15:46:35","date_gmt":"2021-07-07T14:46:35","guid":{"rendered":"https:\/\/roboyo.global\/?page_id=12048"},"modified":"2024-03-13T14:56:41","modified_gmt":"2024-03-13T14:56:41","slug":"grupo","status":"publish","type":"page","link":"https:\/\/roboyo.global\/es\/pie-de-imprenta\/","title":{"rendered":"Grupo"},"content":{"rendered":"\r\n\r\n<section  data-loaded data-nav-transparent class=\"hero-header-4 hero-header-4--default hero-header-4--left  hero-header-4--fw\" data-block=\"appeal\/hero-4\">\r\n    <div class=\"hero-header-4__wrapper hero-header-4__wrapper--white\">\r\n        <div class=\"hero-header-4__container\">\r\n                        <div class=\"hero-header-4__content hero-header-4__content--\">\r\n                \r\n\r\n                                    <h1 class=\"hero-header-4__title default\">Roboyo<\/h1>\r\n                \r\n                                    <h2 class=\"hero-header-4__subtitle default\">GRUPO<\/h2>\r\n                \r\n                \r\n            <\/div>\r\n        <\/div>\r\n    <\/div>\r\n<\/section>\n\n\n<h6 class=\"wp-block-heading\" id=\"h-roboyo-group-limited\"><strong>ROBOYO GROUP LIMITED<\/strong>&nbsp;<\/h6>\n\n\n\n<p>N\u00famero de empresa 12830317&nbsp;<\/p>\n\n\n\n<p><strong>Direcci\u00f3n de la oficina registrada:<\/strong><\/p>\n\n\n\n<p>Orion House,&nbsp;&nbsp;<\/p>\n\n\n\n<p>5 Upper St Martin&#8217;s Lane,&nbsp;&nbsp;<\/p>\n\n\n\n<p>London, United Kingdom, WC2H 9EA&nbsp;<\/p>\n\n\n\n<p>N\u00famero de IVA&nbsp;360659387&nbsp;<\/p>\n\n\n\n<h6 class=\"wp-block-heading\" id=\"h-aviso-legal-del-sitio-web\"><strong>Aviso legal del sitio web<\/strong><\/h6>\n\n\n\n<p>La informaci\u00f3n contenida en este sitio web es s\u00f3lo para fines de informaci\u00f3n general. La informaci\u00f3n es proporcionada por ROBOYO GROUP LIMITED y, aunque nos esforzamos por mantener la informaci\u00f3n actualizada y correcta, no hacemos ninguna declaraci\u00f3n o garant\u00eda de ning\u00fan tipo, expresa o impl\u00edcita, sobre la integridad, exactitud, fiabilidad, idoneidad o disponibilidad con respecto a la p\u00e1gina web o la informaci\u00f3n, productos, servicios o gr\u00e1ficos relacionados contenidos en la p\u00e1gina web para cualquier prop\u00f3sito. Por lo tanto, cualquier confianza que usted deposite en dicha informaci\u00f3n es estrictamente por su cuenta y riesgo.<\/p>\n\n\n\n<p>En ning\u00fan caso seremos responsables de cualquier p\u00e9rdida o da\u00f1o, incluyendo, sin limitaci\u00f3n, las p\u00e9rdidas o da\u00f1os indirectos o consecuentes, o cualquier p\u00e9rdida o da\u00f1o derivado de la p\u00e9rdida de datos o beneficios que surjan de, o en relaci\u00f3n con, el uso de este sitio web.<\/p>\n\n\n\n<p>A trav\u00e9s de esta p\u00e1gina web usted puede enlazar con otras p\u00e1ginas web que no est\u00e1n bajo el control de ROBOYO GROUP LIMITED. No tenemos ning\u00fan control sobre la naturaleza, el contenido y la disponibilidad de esos sitios. La inclusi\u00f3n de cualquier enlace no implica necesariamente una recomendaci\u00f3n ni respalda las opiniones expresadas en ellos.<\/p>\n\n\n\n<p>Se hacen todos los esfuerzos posibles para mantener el sitio web en funcionamiento. Sin embargo, ROBOYO GROUP LIMITED no se responsabiliza de que el sitio web no est\u00e9 disponible temporalmente debido a problemas t\u00e9cnicos ajenos a nuestro control.<\/p>\n\n\n\n<h6 class=\"wp-block-heading\" id=\"h-terminos-y-condiciones-del-sitio-web\"><strong>T\u00e9rminos y condiciones del sitio web<\/strong><\/h6>\n\n\n\n<p>Bienvenido a nuestra p\u00e1gina web. Si contin\u00faa navegando y utilizando este sitio web, est\u00e1 aceptando cumplir y estar obligado por los siguientes t\u00e9rminos y condiciones de uso, que junto con nuestra pol\u00edtica de privacidad rigen la relaci\u00f3n de ROBOYO GROUP LIMITED con usted en relaci\u00f3n con este sitio web. Si no est\u00e1 de acuerdo con alguna parte de estos t\u00e9rminos y condiciones, le rogamos que no utilice nuestro sitio web.<\/p>\n\n\n\n<p>El t\u00e9rmino &#8220;ROBOYO GROUP LIMITED&#8221; o &#8220;nosotros&#8221; se refiere al propietario de la p\u00e1gina web cuyo domicilio social es Orion House, 5 Upper St Martin&#8217;s Lane, Londres, Reino Unido, WC2H 9EA. Nuestro n\u00famero de registro de empresa es 12830317 y el lugar de registro es el Reino Unido. El t\u00e9rmino &#8220;usted&#8221; se refiere al usuario o espectador de nuestro sitio web.<\/p>\n\n\n\n<p>El uso de este sitio web est\u00e1 sujeto a las siguientes condiciones de uso:<\/p>\n\n\n\n<ul class=\"wp-block-list\">\n<li>El contenido de las p\u00e1ginas de este sitio web es s\u00f3lo para su informaci\u00f3n y uso general. Est\u00e1 sujeto a cambios sin previo aviso.&nbsp;<\/li>\n\n\n\n<li>Este sitio web utiliza cookies para controlar las preferencias de navegaci\u00f3n.&nbsp;&nbsp;<\/li>\n<\/ul>\n\n\n\n<ul class=\"wp-block-list\">\n<li>Ni nosotros ni ning\u00fan tercero ofrece ninguna garant\u00eda en cuanto a la exactitud, actualidad, rendimiento, integridad o idoneidad de la informaci\u00f3n y los materiales encontrados u ofrecidos en este sitio web para cualquier prop\u00f3sito particular. Usted reconoce que dicha informaci\u00f3n y materiales pueden contener inexactitudes o errores y nosotros excluimos expresamente la responsabilidad por dichas inexactitudes o errores en la medida en que lo permita la ley.<\/li>\n\n\n\n<li>El uso que usted haga de la informaci\u00f3n o los materiales de este sitio web es totalmente por su cuenta y riesgo, por lo que no seremos responsables. Ser\u00e1 su propia responsabilidad asegurarse de que cualquier producto, servicio o informaci\u00f3n disponible a trav\u00e9s de esta p\u00e1gina web cumple con sus requisitos espec\u00edficos.&nbsp;<\/li>\n\n\n\n<li>Este sitio web contiene material que es propiedad de nosotros o del que tenemos licencia. Este material incluye, entre otros, el dise\u00f1o, la disposici\u00f3n, el aspecto, la apariencia y los gr\u00e1ficos. Queda prohibida su reproducci\u00f3n si no es de acuerdo con el aviso de derechos de autor, que forma parte de estos t\u00e9rminos y condiciones.&nbsp;<\/li>\n\n\n\n<li>Todas las marcas comerciales reproducidas en esta p\u00e1gina web que no sean propiedad del operador o que no tengan licencia para ello, se reconocen en la p\u00e1gina web.&nbsp;<\/li>\n\n\n\n<li>El uso no autorizado de este sitio web puede dar lugar a una reclamaci\u00f3n por da\u00f1os y perjuicios y\/o constituir un delito.&nbsp;<\/li>\n<\/ul>\n\n\n\n<ul class=\"wp-block-list\">\n<li>De vez en cuando, este sitio web puede incluir enlaces a otros sitios web. Estos enlaces se proporcionan para su comodidad con el fin de proporcionar m\u00e1s informaci\u00f3n. No significan que respaldemos el\/los sitio(s) web. No tenemos ninguna responsabilidad sobre el contenido de la(s) p\u00e1gina(s) web enlazada(s).&nbsp;<\/li>\n\n\n\n<li>El uso de este sitio web y cualquier disputa que surja de dicho uso del sitio web est\u00e1n sujetos a las leyes de Inglaterra, Irlanda del Norte, Escocia y Gales.&nbsp;<\/li>\n<\/ul>\n\n\n\n<h6 class=\"wp-block-heading\" id=\"h-declaracion-de-derechos-de-autor-del-reino-unido\"><strong>Declaraci\u00f3n de derechos de autor del Reino Unido<\/strong><\/h6>\n\n\n\n<p>Este sitio web y su contenido son propiedad de ROBOYO GROUP LIMITED &#8211; \u00a9 ROBOYO GROUP LIMITED 2021. Todos los derechos reservados.<\/p>\n\n\n\n<p>Queda prohibida la redistribuci\u00f3n o reproducci\u00f3n de parte o de la totalidad de los contenidos en cualquier forma que no sea la siguiente:<\/p>\n\n\n\n<ul class=\"wp-block-list\">\n<li>puede imprimir o descargar a un disco duro local extractos para su uso personal y no comercial&nbsp;<\/li>\n\n\n\n<li>puede copiar el contenido a terceros individuales para su uso personal, pero s\u00f3lo si reconoce el sitio web como la fuente del material<\/li>\n<\/ul>\n\n\n\n<p>No puede, salvo con nuestra autorizaci\u00f3n expresa por escrito, distribuir o explotar comercialmente el contenido. Tampoco puede transmitirlo ni almacenarlo en ning\u00fan otro sitio web u otra forma de sistema de recuperaci\u00f3n electr\u00f3nica.<\/p>\n\n\n<div aria-hidden=\"true\" class=\"appeal-spacer appeal-spacer--69d37bf0ca0a7  appeal-spacer--transparent\">\r\n<style>\r\n\/* Ultrawide *\/\r\n.appeal-spacer--69d37bf0ca0a7 {\r\n    height: 100px;\r\n}\r\n\r\n\/* Desktop *\/\r\n@media (max-width: 1920px) {\r\n    .appeal-spacer--69d37bf0ca0a7 {\r\n        height: 100px;\r\n    }\r\n}\r\n\r\n\/* Laptop *\/\r\n@media (max-width: 1024px) {\r\n    .appeal-spacer--69d37bf0ca0a7 {\r\n        height: 50px;\r\n    }\r\n}\r\n\r\n\/* Mobile *\/\r\n@media (max-width: 767px) {\r\n    .appeal-spacer--69d37bf0ca0a7 {\r\n        height: 30px;\r\n    }\r\n}\r\n<\/style>\r\n<\/div>\r\n\n\n\n<p><\/p>\n","protected":false},"excerpt":{"rendered":"<p>ROBOYO GROUP LIMITED&nbsp; N\u00famero de empresa 12830317&nbsp; Direcci\u00f3n de la oficina registrada: Orion House,&nbsp;&nbsp; 5 Upper St Martin&#8217;s Lane,&nbsp;&nbsp; London, United Kingdom, WC2H 9EA&nbsp; N\u00famero de IVA&nbsp;360659387&nbsp; Aviso legal del sitio web La informaci\u00f3n contenida en este sitio web es s\u00f3lo para fines de informaci\u00f3n general. La informaci\u00f3n es proporcionada por ROBOYO GROUP LIMITED y,<\/p>\n","protected":false},"author":1,"featured_media":64385,"parent":0,"menu_order":0,"comment_status":"closed","ping_status":"closed","template":"","meta":{"_acf_changed":false,"footnotes":""},"wf_page_folders":[],"class_list":["post-12048","page","type-page","status-publish","has-post-thumbnail","hentry"],"acf":[],"yoast_head":"<!-- This site is optimized with the Yoast SEO Premium plugin v26.0 (Yoast SEO v26.8) - https:\/\/yoast.com\/product\/yoast-seo-premium-wordpress\/ -->\n<title>Grupo | Roboyo | Next Level Now |<\/title>\n<meta name=\"description\" content=\"La informaci\u00f3n es proporcionada por ROBOYO GRUPO LIMITED y nos esforzamos mantener la informaci\u00f3n actualizada y correcta.\" \/>\n<meta name=\"robots\" content=\"index, follow, max-snippet:-1, max-image-preview:large, max-video-preview:-1\" \/>\n<link rel=\"canonical\" href=\"https:\/\/roboyo.global\/es\/pie-de-imprenta\/\" \/>\n<meta property=\"og:locale\" content=\"es_ES\" \/>\n<meta property=\"og:type\" content=\"article\" \/>\n<meta property=\"og:title\" content=\"Grupo\" \/>\n<meta property=\"og:description\" content=\"La informaci\u00f3n es proporcionada por ROBOYO GRUPO LIMITED y nos esforzamos mantener la informaci\u00f3n actualizada y correcta.\" \/>\n<meta property=\"og:url\" content=\"https:\/\/roboyo.global\/es\/pie-de-imprenta\/\" \/>\n<meta property=\"og:site_name\" content=\"Roboyo\" \/>\n<meta property=\"article:modified_time\" content=\"2024-03-13T14:56:41+00:00\" \/>\n<meta property=\"og:image\" content=\"https:\/\/roboyo.global\/app\/uploads\/2023\/08\/Roboyo-Logo-Tag-Blue-RGB-resized-for-Teams.webp\" \/>\n\t<meta property=\"og:image:width\" content=\"400\" \/>\n\t<meta property=\"og:image:height\" content=\"148\" \/>\n\t<meta property=\"og:image:type\" content=\"image\/webp\" \/>\n<meta name=\"twitter:card\" content=\"summary_large_image\" \/>\n<meta name=\"twitter:label1\" content=\"Est. reading time\" \/>\n\t<meta name=\"twitter:data1\" content=\"4 minutes\" \/>\n<script type=\"application\/ld+json\" class=\"yoast-schema-graph\">{\"@context\":\"https:\/\/schema.org\",\"@graph\":[{\"@type\":\"WebPage\",\"@id\":\"https:\/\/roboyo.global\/es\/pie-de-imprenta\/\",\"url\":\"https:\/\/roboyo.global\/es\/pie-de-imprenta\/\",\"name\":\"Grupo | Roboyo | Next Level Now |\",\"isPartOf\":{\"@id\":\"https:\/\/roboyo.global\/es\/#website\"},\"primaryImageOfPage\":{\"@id\":\"https:\/\/roboyo.global\/es\/pie-de-imprenta\/#primaryimage\"},\"image\":{\"@id\":\"https:\/\/roboyo.global\/es\/pie-de-imprenta\/#primaryimage\"},\"thumbnailUrl\":\"https:\/\/roboyo.global\/app\/uploads\/2023\/08\/Roboyo-Logo-Tag-Blue-RGB-resized-for-Teams.webp\",\"datePublished\":\"2021-07-07T14:46:35+00:00\",\"dateModified\":\"2024-03-13T14:56:41+00:00\",\"description\":\"La informaci\u00f3n es proporcionada por ROBOYO GRUPO LIMITED y nos esforzamos mantener la informaci\u00f3n actualizada y correcta.\",\"breadcrumb\":{\"@id\":\"https:\/\/roboyo.global\/es\/pie-de-imprenta\/#breadcrumb\"},\"inLanguage\":\"es-ES\",\"potentialAction\":[{\"@type\":\"ReadAction\",\"target\":[\"https:\/\/roboyo.global\/es\/pie-de-imprenta\/\"]}]},{\"@type\":\"ImageObject\",\"inLanguage\":\"es-ES\",\"@id\":\"https:\/\/roboyo.global\/es\/pie-de-imprenta\/#primaryimage\",\"url\":\"https:\/\/roboyo.global\/app\/uploads\/2023\/08\/Roboyo-Logo-Tag-Blue-RGB-resized-for-Teams.webp\",\"contentUrl\":\"https:\/\/roboyo.global\/app\/uploads\/2023\/08\/Roboyo-Logo-Tag-Blue-RGB-resized-for-Teams.webp\",\"width\":400,\"height\":148,\"caption\":\"Roboyo logo\"},{\"@type\":\"BreadcrumbList\",\"@id\":\"https:\/\/roboyo.global\/es\/pie-de-imprenta\/#breadcrumb\",\"itemListElement\":[{\"@type\":\"ListItem\",\"position\":1,\"name\":\"Home\",\"item\":\"https:\/\/roboyo.global\/es\/\"},{\"@type\":\"ListItem\",\"position\":2,\"name\":\"Grupo\"}]},{\"@type\":\"WebSite\",\"@id\":\"https:\/\/roboyo.global\/es\/#website\",\"url\":\"https:\/\/roboyo.global\/es\/\",\"name\":\"Roboyo - Your Agentic Automation & AI Partner of Choice\",\"description\":\"We take what\u2019s possible to the next level. Now.\",\"potentialAction\":[{\"@type\":\"SearchAction\",\"target\":{\"@type\":\"EntryPoint\",\"urlTemplate\":\"https:\/\/roboyo.global\/es\/?s={search_term_string}\"},\"query-input\":{\"@type\":\"PropertyValueSpecification\",\"valueRequired\":true,\"valueName\":\"search_term_string\"}}],\"inLanguage\":\"es-ES\"}]}<\/script>\n<!-- \/ Yoast SEO Premium plugin. -->","yoast_head_json":{"title":"Grupo | Roboyo | Next Level Now |","description":"La informaci\u00f3n es proporcionada por ROBOYO GRUPO LIMITED y nos esforzamos mantener la informaci\u00f3n actualizada y correcta.","robots":{"index":"index","follow":"follow","max-snippet":"max-snippet:-1","max-image-preview":"max-image-preview:large","max-video-preview":"max-video-preview:-1"},"canonical":"https:\/\/roboyo.global\/es\/pie-de-imprenta\/","og_locale":"es_ES","og_type":"article","og_title":"Grupo","og_description":"La informaci\u00f3n es proporcionada por ROBOYO GRUPO LIMITED y nos esforzamos mantener la informaci\u00f3n actualizada y correcta.","og_url":"https:\/\/roboyo.global\/es\/pie-de-imprenta\/","og_site_name":"Roboyo","article_modified_time":"2024-03-13T14:56:41+00:00","og_image":[{"width":400,"height":148,"url":"https:\/\/roboyo.global\/app\/uploads\/2023\/08\/Roboyo-Logo-Tag-Blue-RGB-resized-for-Teams.webp","type":"image\/webp"}],"twitter_card":"summary_large_image","twitter_misc":{"Est. reading time":"4 minutes"},"schema":{"@context":"https:\/\/schema.org","@graph":[{"@type":"WebPage","@id":"https:\/\/roboyo.global\/es\/pie-de-imprenta\/","url":"https:\/\/roboyo.global\/es\/pie-de-imprenta\/","name":"Grupo | Roboyo | Next Level Now |","isPartOf":{"@id":"https:\/\/roboyo.global\/es\/#website"},"primaryImageOfPage":{"@id":"https:\/\/roboyo.global\/es\/pie-de-imprenta\/#primaryimage"},"image":{"@id":"https:\/\/roboyo.global\/es\/pie-de-imprenta\/#primaryimage"},"thumbnailUrl":"https:\/\/roboyo.global\/app\/uploads\/2023\/08\/Roboyo-Logo-Tag-Blue-RGB-resized-for-Teams.webp","datePublished":"2021-07-07T14:46:35+00:00","dateModified":"2024-03-13T14:56:41+00:00","description":"La informaci\u00f3n es proporcionada por ROBOYO GRUPO LIMITED y nos esforzamos mantener la informaci\u00f3n actualizada y correcta.","breadcrumb":{"@id":"https:\/\/roboyo.global\/es\/pie-de-imprenta\/#breadcrumb"},"inLanguage":"es-ES","potentialAction":[{"@type":"ReadAction","target":["https:\/\/roboyo.global\/es\/pie-de-imprenta\/"]}]},{"@type":"ImageObject","inLanguage":"es-ES","@id":"https:\/\/roboyo.global\/es\/pie-de-imprenta\/#primaryimage","url":"https:\/\/roboyo.global\/app\/uploads\/2023\/08\/Roboyo-Logo-Tag-Blue-RGB-resized-for-Teams.webp","contentUrl":"https:\/\/roboyo.global\/app\/uploads\/2023\/08\/Roboyo-Logo-Tag-Blue-RGB-resized-for-Teams.webp","width":400,"height":148,"caption":"Roboyo logo"},{"@type":"BreadcrumbList","@id":"https:\/\/roboyo.global\/es\/pie-de-imprenta\/#breadcrumb","itemListElement":[{"@type":"ListItem","position":1,"name":"Home","item":"https:\/\/roboyo.global\/es\/"},{"@type":"ListItem","position":2,"name":"Grupo"}]},{"@type":"WebSite","@id":"https:\/\/roboyo.global\/es\/#website","url":"https:\/\/roboyo.global\/es\/","name":"Roboyo - Your Agentic Automation & AI Partner of Choice","description":"We take what\u2019s possible to the next level. Now.","potentialAction":[{"@type":"SearchAction","target":{"@type":"EntryPoint","urlTemplate":"https:\/\/roboyo.global\/es\/?s={search_term_string}"},"query-input":{"@type":"PropertyValueSpecification","valueRequired":true,"valueName":"search_term_string"}}],"inLanguage":"es-ES"}]}},"_links":{"self":[{"href":"https:\/\/roboyo.global\/es\/wp-json\/wp\/v2\/pages\/12048","targetHints":{"allow":["GET"]}}],"collection":[{"href":"https:\/\/roboyo.global\/es\/wp-json\/wp\/v2\/pages"}],"about":[{"href":"https:\/\/roboyo.global\/es\/wp-json\/wp\/v2\/types\/page"}],"author":[{"embeddable":true,"href":"https:\/\/roboyo.global\/es\/wp-json\/wp\/v2\/users\/1"}],"replies":[{"embeddable":true,"href":"https:\/\/roboyo.global\/es\/wp-json\/wp\/v2\/comments?post=12048"}],"version-history":[{"count":8,"href":"https:\/\/roboyo.global\/es\/wp-json\/wp\/v2\/pages\/12048\/revisions"}],"predecessor-version":[{"id":51895,"href":"https:\/\/roboyo.global\/es\/wp-json\/wp\/v2\/pages\/12048\/revisions\/51895"}],"wp:featuredmedia":[{"embeddable":true,"href":"https:\/\/roboyo.global\/es\/wp-json\/wp\/v2\/media\/64385"}],"wp:attachment":[{"href":"https:\/\/roboyo.global\/es\/wp-json\/wp\/v2\/media?parent=12048"}],"wp:term":[{"taxonomy":"wf_page_folders","embeddable":true,"href":"https:\/\/roboyo.global\/es\/wp-json\/wp\/v2\/wf_page_folders?post=12048"}],"curies":[{"name":"wp","href":"https:\/\/api.w.org\/{rel}","templated":true}]}}