{"id":11987,"date":"2021-07-07T14:53:56","date_gmt":"2021-07-07T13:53:56","guid":{"rendered":"https:\/\/roboyo.global\/?page_id=11987"},"modified":"2023-09-12T13:51:07","modified_gmt":"2023-09-12T12:51:07","slug":"recursos","status":"publish","type":"page","link":"https:\/\/roboyo.global\/es\/todos-los-insights\/recursos\/","title":{"rendered":"Recursos de automatizaci\u00f3n inteligente"},"content":{"rendered":"\r\n\r\n<section  data-loaded data-nav-transparent class=\"hero-header-4 hero-header-4--h6 hero-header-4--left  hero-header-4--fw\" data-block=\"appeal\/hero-4\">\r\n    <div class=\"hero-header-4__wrapper hero-header-4__wrapper--white\">\r\n        <div class=\"hero-header-4__container\">\r\n                        <div class=\"hero-header-4__content hero-header-4__content--\">\r\n                \r\n\r\n                                    <p class=\"hero-header-4__title h6 uppercase\">AUTOMATIZACI\u00d3N INTELIGENTE<\/p>\r\n                \r\n                                    <h1 class=\"hero-header-4__subtitle h3 uppercase\">Recursos de siguiente nivel<\/h1>\r\n                \r\n                \r\n            <\/div>\r\n        <\/div>\r\n    <\/div>\r\n<\/section>\n\n\r\n\r\n<section  data-loaded class=\"horizontal-nav horizontal-nav--light  async-load\">\r\n    <div class=\"horizontal-nav__container container--1644\">\r\n        <nav class=\"horizontal-nav__nav\">\r\n            <ul class=\"horizontal-nav__links\">\r\n                                                                                        <li class=\"horizontal-nav__link  horizontal-nav__link--mobile-default  js-hnav-default-mobile-link\">\r\n                                <a href=\"#\">Menu<\/a>\r\n                            <\/li>\r\n                                                <li class=\"horizontal-nav__link  js-hnav-link\" data-url-path=\"\/es\/todos-los-insights\/\">\r\n                                                        <a href=\"https:\/\/roboyo.global\/es\/todos-los-insights\/\">Todos los insights<\/a>\r\n                            \r\n                                                    <\/li>\r\n                                                                                                        <li class=\"horizontal-nav__link  js-hnav-link\" data-url-path=\"\/es\/todos-los-insights\/blog\/\">\r\n                                                        <a href=\"https:\/\/roboyo.global\/es\/todos-los-insights\/blog\/\">Blog<\/a>\r\n                            \r\n                                                    <\/li>\r\n                                                                                                        <li class=\"horizontal-nav__link  js-hnav-link\" data-url-path=\"\/es\/todos-los-insights\/casos-de-exito\/\">\r\n                                                        <a href=\"https:\/\/roboyo.global\/es\/todos-los-insights\/casos-de-exito\/\">Casos de \u00e9xito<\/a>\r\n                            \r\n                                                    <\/li>\r\n                                                                                                        <li class=\"horizontal-nav__link  js-hnav-link\" data-url-path=\"\/es\/todos-los-insights\/recursos\/\">\r\n                                                        <a href=\"https:\/\/roboyo.global\/es\/todos-los-insights\/recursos\/\">Recursos<\/a>\r\n                            \r\n                                                    <\/li>\r\n                                                                                                        <li class=\"horizontal-nav__link  js-hnav-link\" data-url-path=\"\/es\/todos-los-insights\/prensa\/\">\r\n                                                        <a href=\"https:\/\/roboyo.global\/es\/todos-los-insights\/prensa\/\">Prensa<\/a>\r\n                            \r\n                                                    <\/li>\r\n                                                                                                        <li class=\"horizontal-nav__link  js-hnav-link\" data-url-path=\"\/es\/todos-los-insights\/eventos\/\">\r\n                                                        <a href=\"https:\/\/roboyo.global\/es\/todos-los-insights\/eventos\/\">Eventos<\/a>\r\n                            \r\n                                                    <\/li>\r\n                                                                                                        <li class=\"horizontal-nav__link  js-hnav-link\" data-url-path=\"\/es\/todos-los-insights\/videos\/\">\r\n                                                        <a href=\"https:\/\/roboyo.global\/es\/todos-los-insights\/videos\/\">Videos<\/a>\r\n                            \r\n                                                    <\/li>\r\n                                                <\/ul>\r\n        <\/nav>\r\n    <\/div>\r\n<\/section>\n\n\n<h6 class=\"wp-block-heading has-text-align-center\" id=\"proximamente\"><\/h6>\n\n\n\n\n<section id=\"feed-v2\" >\n    <feed-component :feed-layout='{\"layout\":\"single_post_type\",\"postType\":\"resource\",\"enableFilters\":false}' :translations='{\"Load Previous Insights\":\"Load Previous Insights\",\"Load More Insights\":\"cargar m\\u00e1s informaci\\u00f3n\",\"No results to show\":\"No hay resultados que mostrar\",\"Filter\":\"Filter\",\"Filters\":\"Filters\",\"Clear all filters\":\"Clear all filters\",\"Show results\":\"Show results\",\"All Results\":\"All Results\",\"%read_time% min read\":\"%read_time% min leer\",\"By\":\"Por\",\"more\":\"more\",\"Episode\":\"Episode\",\"Latest\":\"Latest\",\"Listen here\":\"Listen here\",\"Watch episode\":\"Watch episode\"}' language-code='es' \/>\n<\/section>\n\n    <noscript>\n                    <article>\n                <a href=\"https:\/\/roboyo.global\/es\/all-insights\/resource\/whitepaper-como-fortalecer-tu-plantilla-human\/\">\n                    <h3>Whitepaper: C\u00f3mo fortalecer tu plantilla Human+<\/h3>\n                <\/a>\n            <\/article>\n                            <\/noscript>\n\n\n<div aria-hidden=\"true\" class=\"appeal-spacer appeal-spacer--69d4d1c60958b  appeal-spacer--transparent\">\r\n<style>\r\n\/* Ultrawide *\/\r\n.appeal-spacer--69d4d1c60958b {\r\n    height: 100px;\r\n}\r\n\r\n\/* Desktop *\/\r\n@media (max-width: 1920px) {\r\n    .appeal-spacer--69d4d1c60958b {\r\n        height: 100px;\r\n    }\r\n}\r\n\r\n\/* Laptop *\/\r\n@media (max-width: 1024px) {\r\n    .appeal-spacer--69d4d1c60958b {\r\n        height: 25px;\r\n    }\r\n}\r\n\r\n\/* Mobile *\/\r\n@media (max-width: 767px) {\r\n    .appeal-spacer--69d4d1c60958b {\r\n        height: 25px;\r\n    }\r\n}\r\n<\/style>\r\n<\/div>\r\n\n\n\r\n\r\n<section  data-horizontal-hide data-loaded class=\"cta cta--none cta--  async-load\" data-block=\"appeal\/cta\">\r\n    \r\n    <div class=\"cta__container container--edge-to-edge\">\r\n                    <h2 class=\"cta__title\">pasa al siguiente nivel. ahora.<\/h2>\r\n                        <div class=\"cta__button\">\r\n                            \n<a\n    class=\"cta__link modal-button link--dark link--dark-blue  link link--primary link--internal\"\n    href=\"#cta_footer\"     aria-label=\"Contact Us: contacta con nosotros\"    data-loaded\n>\n  <div>\n          <i><\/i>\n        <span>contacta con nosotros<\/span>\n      <\/div>\n<\/a>                    <\/div>\r\n    <\/div>\r\n    <div class=\"cta__modal\">\r\n        \r\n    <\/div>\r\n<\/section>","protected":false},"excerpt":{"rendered":"","protected":false},"author":1,"featured_media":42977,"parent":10108,"menu_order":0,"comment_status":"closed","ping_status":"closed","template":"","meta":{"_acf_changed":false,"footnotes":""},"wf_page_folders":[],"class_list":["post-11987","page","type-page","status-publish","has-post-thumbnail","hentry"],"acf":[],"yoast_head":"<!-- This site is optimized with the Yoast SEO Premium plugin v26.0 (Yoast SEO v26.8) - https:\/\/yoast.com\/product\/yoast-seo-premium-wordpress\/ -->\n<title>Recursos de automatizaci\u00f3n inteligente - Roboyo<\/title>\n<meta name=\"description\" content=\"Mant\u00e9ngase al d\u00eda con los \u00faltimos recursos, ideas, estudios de casos y blogs de Roboyo en la industria de RPA.\" \/>\n<meta name=\"robots\" content=\"index, follow, max-snippet:-1, max-image-preview:large, max-video-preview:-1\" \/>\n<link rel=\"canonical\" href=\"https:\/\/roboyo.global\/es\/todos-los-insights\/recursos\/\" \/>\n<meta property=\"og:locale\" content=\"es_ES\" \/>\n<meta property=\"og:type\" content=\"article\" \/>\n<meta property=\"og:title\" content=\"Recursos de automatizaci\u00f3n inteligente\" \/>\n<meta property=\"og:description\" content=\"Mant\u00e9ngase al d\u00eda con los \u00faltimos recursos, ideas, estudios de casos y blogs de Roboyo en la industria de RPA.\" \/>\n<meta property=\"og:url\" content=\"https:\/\/roboyo.global\/es\/todos-los-insights\/recursos\/\" \/>\n<meta property=\"og:site_name\" content=\"Roboyo\" \/>\n<meta property=\"article:modified_time\" content=\"2023-09-12T12:51:07+00:00\" \/>\n<meta property=\"og:image\" content=\"https:\/\/roboyo.global\/app\/uploads\/2022\/10\/4.png\" \/>\n\t<meta property=\"og:image:width\" content=\"1080\" \/>\n\t<meta property=\"og:image:height\" content=\"1080\" \/>\n\t<meta property=\"og:image:type\" content=\"image\/png\" \/>\n<meta name=\"twitter:card\" content=\"summary_large_image\" \/>\n<script type=\"application\/ld+json\" class=\"yoast-schema-graph\">{\"@context\":\"https:\/\/schema.org\",\"@graph\":[{\"@type\":\"WebPage\",\"@id\":\"https:\/\/roboyo.global\/es\/todos-los-insights\/recursos\/\",\"url\":\"https:\/\/roboyo.global\/es\/todos-los-insights\/recursos\/\",\"name\":\"Recursos de automatizaci\u00f3n inteligente - Roboyo\",\"isPartOf\":{\"@id\":\"https:\/\/roboyo.global\/es\/#website\"},\"primaryImageOfPage\":{\"@id\":\"https:\/\/roboyo.global\/es\/todos-los-insights\/recursos\/#primaryimage\"},\"image\":{\"@id\":\"https:\/\/roboyo.global\/es\/todos-los-insights\/recursos\/#primaryimage\"},\"thumbnailUrl\":\"https:\/\/roboyo.global\/app\/uploads\/2022\/10\/4.png\",\"datePublished\":\"2021-07-07T13:53:56+00:00\",\"dateModified\":\"2023-09-12T12:51:07+00:00\",\"description\":\"Mant\u00e9ngase al d\u00eda con los \u00faltimos recursos, ideas, estudios de casos y blogs de Roboyo en la industria de RPA.\",\"breadcrumb\":{\"@id\":\"https:\/\/roboyo.global\/es\/todos-los-insights\/recursos\/#breadcrumb\"},\"inLanguage\":\"es-ES\",\"potentialAction\":[{\"@type\":\"ReadAction\",\"target\":[\"https:\/\/roboyo.global\/es\/todos-los-insights\/recursos\/\"]}]},{\"@type\":\"ImageObject\",\"inLanguage\":\"es-ES\",\"@id\":\"https:\/\/roboyo.global\/es\/todos-los-insights\/recursos\/#primaryimage\",\"url\":\"https:\/\/roboyo.global\/app\/uploads\/2022\/10\/4.png\",\"contentUrl\":\"https:\/\/roboyo.global\/app\/uploads\/2022\/10\/4.png\",\"width\":1080,\"height\":1080,\"caption\":\"Resources\"},{\"@type\":\"BreadcrumbList\",\"@id\":\"https:\/\/roboyo.global\/es\/todos-los-insights\/recursos\/#breadcrumb\",\"itemListElement\":[{\"@type\":\"ListItem\",\"position\":1,\"name\":\"Home\",\"item\":\"https:\/\/roboyo.global\/es\/\"},{\"@type\":\"ListItem\",\"position\":2,\"name\":\"Informaci\u00f3n sobre automatizaci\u00f3n inteligente\",\"item\":\"https:\/\/roboyo.global\/es\/?page_id=10108\"},{\"@type\":\"ListItem\",\"position\":3,\"name\":\"Recursos de automatizaci\u00f3n inteligente\"}]},{\"@type\":\"WebSite\",\"@id\":\"https:\/\/roboyo.global\/es\/#website\",\"url\":\"https:\/\/roboyo.global\/es\/\",\"name\":\"Roboyo - Your Agentic Automation & AI Partner of Choice\",\"description\":\"We take what\u2019s possible to the next level. Now.\",\"potentialAction\":[{\"@type\":\"SearchAction\",\"target\":{\"@type\":\"EntryPoint\",\"urlTemplate\":\"https:\/\/roboyo.global\/es\/?s={search_term_string}\"},\"query-input\":{\"@type\":\"PropertyValueSpecification\",\"valueRequired\":true,\"valueName\":\"search_term_string\"}}],\"inLanguage\":\"es-ES\"}]}<\/script>\n<!-- \/ Yoast SEO Premium plugin. -->","yoast_head_json":{"title":"Recursos de automatizaci\u00f3n inteligente - Roboyo","description":"Mant\u00e9ngase al d\u00eda con los \u00faltimos recursos, ideas, estudios de casos y blogs de Roboyo en la industria de RPA.","robots":{"index":"index","follow":"follow","max-snippet":"max-snippet:-1","max-image-preview":"max-image-preview:large","max-video-preview":"max-video-preview:-1"},"canonical":"https:\/\/roboyo.global\/es\/todos-los-insights\/recursos\/","og_locale":"es_ES","og_type":"article","og_title":"Recursos de automatizaci\u00f3n inteligente","og_description":"Mant\u00e9ngase al d\u00eda con los \u00faltimos recursos, ideas, estudios de casos y blogs de Roboyo en la industria de RPA.","og_url":"https:\/\/roboyo.global\/es\/todos-los-insights\/recursos\/","og_site_name":"Roboyo","article_modified_time":"2023-09-12T12:51:07+00:00","og_image":[{"width":1080,"height":1080,"url":"https:\/\/roboyo.global\/app\/uploads\/2022\/10\/4.png","type":"image\/png"}],"twitter_card":"summary_large_image","schema":{"@context":"https:\/\/schema.org","@graph":[{"@type":"WebPage","@id":"https:\/\/roboyo.global\/es\/todos-los-insights\/recursos\/","url":"https:\/\/roboyo.global\/es\/todos-los-insights\/recursos\/","name":"Recursos de automatizaci\u00f3n inteligente - Roboyo","isPartOf":{"@id":"https:\/\/roboyo.global\/es\/#website"},"primaryImageOfPage":{"@id":"https:\/\/roboyo.global\/es\/todos-los-insights\/recursos\/#primaryimage"},"image":{"@id":"https:\/\/roboyo.global\/es\/todos-los-insights\/recursos\/#primaryimage"},"thumbnailUrl":"https:\/\/roboyo.global\/app\/uploads\/2022\/10\/4.png","datePublished":"2021-07-07T13:53:56+00:00","dateModified":"2023-09-12T12:51:07+00:00","description":"Mant\u00e9ngase al d\u00eda con los \u00faltimos recursos, ideas, estudios de casos y blogs de Roboyo en la industria de RPA.","breadcrumb":{"@id":"https:\/\/roboyo.global\/es\/todos-los-insights\/recursos\/#breadcrumb"},"inLanguage":"es-ES","potentialAction":[{"@type":"ReadAction","target":["https:\/\/roboyo.global\/es\/todos-los-insights\/recursos\/"]}]},{"@type":"ImageObject","inLanguage":"es-ES","@id":"https:\/\/roboyo.global\/es\/todos-los-insights\/recursos\/#primaryimage","url":"https:\/\/roboyo.global\/app\/uploads\/2022\/10\/4.png","contentUrl":"https:\/\/roboyo.global\/app\/uploads\/2022\/10\/4.png","width":1080,"height":1080,"caption":"Resources"},{"@type":"BreadcrumbList","@id":"https:\/\/roboyo.global\/es\/todos-los-insights\/recursos\/#breadcrumb","itemListElement":[{"@type":"ListItem","position":1,"name":"Home","item":"https:\/\/roboyo.global\/es\/"},{"@type":"ListItem","position":2,"name":"Informaci\u00f3n sobre automatizaci\u00f3n inteligente","item":"https:\/\/roboyo.global\/es\/?page_id=10108"},{"@type":"ListItem","position":3,"name":"Recursos de automatizaci\u00f3n inteligente"}]},{"@type":"WebSite","@id":"https:\/\/roboyo.global\/es\/#website","url":"https:\/\/roboyo.global\/es\/","name":"Roboyo - Your Agentic Automation & AI Partner of Choice","description":"We take what\u2019s possible to the next level. Now.","potentialAction":[{"@type":"SearchAction","target":{"@type":"EntryPoint","urlTemplate":"https:\/\/roboyo.global\/es\/?s={search_term_string}"},"query-input":{"@type":"PropertyValueSpecification","valueRequired":true,"valueName":"search_term_string"}}],"inLanguage":"es-ES"}]}},"_links":{"self":[{"href":"https:\/\/roboyo.global\/es\/wp-json\/wp\/v2\/pages\/11987","targetHints":{"allow":["GET"]}}],"collection":[{"href":"https:\/\/roboyo.global\/es\/wp-json\/wp\/v2\/pages"}],"about":[{"href":"https:\/\/roboyo.global\/es\/wp-json\/wp\/v2\/types\/page"}],"author":[{"embeddable":true,"href":"https:\/\/roboyo.global\/es\/wp-json\/wp\/v2\/users\/1"}],"replies":[{"embeddable":true,"href":"https:\/\/roboyo.global\/es\/wp-json\/wp\/v2\/comments?post=11987"}],"version-history":[{"count":25,"href":"https:\/\/roboyo.global\/es\/wp-json\/wp\/v2\/pages\/11987\/revisions"}],"predecessor-version":[{"id":65337,"href":"https:\/\/roboyo.global\/es\/wp-json\/wp\/v2\/pages\/11987\/revisions\/65337"}],"up":[{"embeddable":true,"href":"https:\/\/roboyo.global\/es\/wp-json\/wp\/v2\/pages\/10108"}],"wp:featuredmedia":[{"embeddable":true,"href":"https:\/\/roboyo.global\/es\/wp-json\/wp\/v2\/media\/42977"}],"wp:attachment":[{"href":"https:\/\/roboyo.global\/es\/wp-json\/wp\/v2\/media?parent=11987"}],"wp:term":[{"taxonomy":"wf_page_folders","embeddable":true,"href":"https:\/\/roboyo.global\/es\/wp-json\/wp\/v2\/wf_page_folders?post=11987"}],"curies":[{"name":"wp","href":"https:\/\/api.w.org\/{rel}","templated":true}]}}