{"id":11984,"date":"2021-07-07T14:54:44","date_gmt":"2021-07-07T13:54:44","guid":{"rendered":"https:\/\/roboyo.global\/?page_id=11984"},"modified":"2025-02-11T17:47:57","modified_gmt":"2025-02-11T17:47:57","slug":"socios-de-siguiente-nivel","status":"publish","type":"page","link":"https:\/\/roboyo.global\/es\/socios-de-siguiente-nivel\/","title":{"rendered":"Socios De Siguiente Nivel"},"content":{"rendered":"<div aria-hidden=\"true\" class=\"appeal-spacer appeal-spacer--69f3ab5b3f1a2  appeal-spacer--transparent\">\r\n<style>\r\n\/* Ultrawide *\/\r\n.appeal-spacer--69f3ab5b3f1a2 {\r\n    height: 150px;\r\n}\r\n\r\n\/* Desktop *\/\r\n@media (max-width: 1920px) {\r\n    .appeal-spacer--69f3ab5b3f1a2 {\r\n        height: 150px;\r\n    }\r\n}\r\n\r\n\/* Laptop *\/\r\n@media (max-width: 1024px) {\r\n    .appeal-spacer--69f3ab5b3f1a2 {\r\n        height: 50px;\r\n    }\r\n}\r\n\r\n\/* Mobile *\/\r\n@media (max-width: 767px) {\r\n    .appeal-spacer--69f3ab5b3f1a2 {\r\n        height: 50px;\r\n    }\r\n}\r\n<\/style>\r\n<\/div>\r\n\n\n\r\n\r\n<section data-loaded data-nav-transparent class=\"hero-header-5 hero-header-5--white hero-header-5--horizontal \" data-block=\"appeal\/hero-5\">\r\n    <div class=\"hero-header-5__container\">\r\n        <div class=\"hero-header-5__content\">\r\n            <div class=\"hero-header-5__inner-content\">\r\n                                    <h2 class=\"hero-header-5__title\">SIGUIENTE NIVEL<\/h2>\r\n                \r\n                                    <h1 class=\"hero-header-5__subtitle\">SOCIOS DE SIGUIENTE NIVEL <\/h1>\r\n                            <\/div>\r\n                            <p class=\"hero-header-5__description\">Estamos orgullosos de trabajar con nuestros incre\u00edbles socios, que nos permiten plasmar el pensamiento abstracto en una realidad &#8220;inmediata&#8221; para nuestros clientes.<\/p>\r\n                    <\/div>\r\n    <\/div>\r\n<\/section>\n\n<div aria-hidden=\"true\" class=\"appeal-spacer appeal-spacer--69f3ab5b408db  appeal-spacer--transparent\">\r\n<style>\r\n\/* Ultrawide *\/\r\n.appeal-spacer--69f3ab5b408db {\r\n    height: 150px;\r\n}\r\n\r\n\/* Desktop *\/\r\n@media (max-width: 1920px) {\r\n    .appeal-spacer--69f3ab5b408db {\r\n        height: 150px;\r\n    }\r\n}\r\n\r\n\/* Laptop *\/\r\n@media (max-width: 1024px) {\r\n    .appeal-spacer--69f3ab5b408db {\r\n        height: 50px;\r\n    }\r\n}\r\n\r\n\/* Mobile *\/\r\n@media (max-width: 767px) {\r\n    .appeal-spacer--69f3ab5b408db {\r\n        height: 50px;\r\n    }\r\n}\r\n<\/style>\r\n<\/div>\r\n\n\n\r\n\r\n<section data-loaded class=\"divider  divider--white\" data-block=\"appeal\/divider\">\r\n    <div class=\"divider-container--medium\">    \r\n        <div class=\"divider__container divider__container--p-small\"><\/div>\r\n    <\/div>\r\n<\/section>\n\n\r\n\r\n<div class=\"\"\r\n    style=\"background-color: #fff; position: relative\">\r\n    \r\n    \r\n    <section class=\"container-block container--1644\">\r\n        <div class=\"container-block__elements\">\r\n            \n\n\n<section  data-loaded class=\"logos container--logos logos--global\">\n      <div class=\"logos__title\">Nuestras asociaciones estrat\u00e9gicas se basan en valores compartidos y en la innovaci\u00f3n tecnol\u00f3gica. Como una extensi\u00f3n de nuestro equipo, trabajamos juntos para desbloquear nuevas fuentes de valor para tu organizaci\u00f3n.   <\/div>\n  \n   \n\n  \n  \n    <div class=\"logos__featured logos__featured--4 logos__featured--last \">\n              <div class=\"logos__logo\">\n                      <a href=\"https:\/\/www.uipath.com\/partners\/business-partners?type=platinum&#038;search=roboyo\" target=\"_blank\"><\/a>\n                    \n    \n            <div class=\"logos__image\" data-lazy >\n                            <img decoding=\"async\" loading=\"lazy\" data-lazy-placeholder src=\"https:\/\/roboyo.global\/app\/uploads\/2024\/04\/Untitled-design-150x150.png\" alt=\"UiPath Platinum Partner - Transparent Background\">\n                                        <img loading=\"lazy\" data-lazy-full=\"https:\/\/roboyo.global\/app\/uploads\/2024\/04\/Untitled-design.png\" alt=\"UiPath Platinum Partner - Transparent Background\">\n                    <\/div>\n              <p class=\"logos__subtext\">\n            Global Platinum Status Partner          <\/p>\n        <\/div>\n              <div class=\"logos__logo\">\n                      <a href=\"https:\/\/www.celonis.com\/partner\/find-partner\/?search=roboyo\" target=\"_blank\"><\/a>\n                    \n    \n            <div class=\"logos__image\" data-lazy >\n                            <img decoding=\"async\" loading=\"lazy\" data-lazy-placeholder src=\"https:\/\/roboyo.global\/app\/uploads\/2022\/12\/Partner-Program-PlatCertified-4-204x300-1-150x150.png\" alt=\"Celonis Certified Platinum Partner logo\">\n                                        <img loading=\"lazy\" data-lazy-full=\"https:\/\/roboyo.global\/app\/uploads\/2022\/12\/Partner-Program-PlatCertified-4-204x300-1.png\" alt=\"Celonis Certified Platinum Partner logo\">\n                    <\/div>\n              <p class=\"logos__subtext\">\n            Certified Platinum Partner          <\/p>\n        <\/div>\n              <div class=\"logos__logo\">\n                      <a href=\"https:\/\/appian.com\/partners\/partner-program\/all-partners\/procensol.html\" target=\"_blank\"><\/a>\n                    \n    \n            <div class=\"logos__image\" data-lazy >\n                            <img decoding=\"async\" loading=\"lazy\" data-lazy-placeholder src=\"https:\/\/roboyo.global\/app\/uploads\/2023\/12\/5ef814a2-eafe-484a-adde-037494244589-150x150.png\" alt=\"Appian Premier Partner\">\n                                        <img loading=\"lazy\" data-lazy-full=\"https:\/\/roboyo.global\/app\/uploads\/2023\/12\/5ef814a2-eafe-484a-adde-037494244589.png\" alt=\"Appian Premier Partner\">\n                    <\/div>\n              <p class=\"logos__subtext\">\n            Appian Premier Partner          <\/p>\n        <\/div>\n              <div class=\"logos__logo\">\n                      <a href=\"https:\/\/www.mendix.com\/partners\/find-a-partner\/\" target=\"_blank\"><\/a>\n                    \n    \n            <div class=\"logos__image\" data-lazy >\n                            <img decoding=\"async\" loading=\"lazy\" data-lazy-placeholder src=\"https:\/\/roboyo.global\/app\/uploads\/2023\/11\/Platinum-Partner-Blue@2x1-150x150.png\" alt=\"Mendix platinum partner logo\">\n                                        <img loading=\"lazy\" data-lazy-full=\"https:\/\/roboyo.global\/app\/uploads\/2023\/11\/Platinum-Partner-Blue@2x1-1024x346.png\" alt=\"Mendix platinum partner logo\">\n                    <\/div>\n              <p class=\"logos__subtext\">\n            Mendix Platinum partner          <\/p>\n        <\/div>\n          <\/div>\n    \n      <div class=\"logos__logos\">\n              <div class=\"logos__logo\">\n                      <a href=\"https:\/\/www.abbyy.com\/es\/\" target=\"_blank\"><\/a>\n                    \n    \n            <div class=\"logos__image\" data-lazy >\n                            <img decoding=\"async\" loading=\"lazy\" data-lazy-placeholder src=\"https:\/\/roboyo.global\/app\/uploads\/2021\/06\/ABBYY-Partner-Logo-Premier_OFFICIAL.svg\" alt=\"ABBYY Premier Partner\">\n                                        <img loading=\"lazy\" data-lazy-full=\"https:\/\/roboyo.global\/app\/uploads\/2021\/06\/ABBYY-Partner-Logo-Premier_OFFICIAL.svg\" alt=\"ABBYY Premier Partner\">\n                    <\/div>\n            <\/div>\n              <div class=\"logos__logo\">\n                      <a href=\"https:\/\/www.blueprism.com\/es\/\" target=\"_blank\"><\/a>\n                    \n    \n            <div class=\"logos__image\" data-lazy >\n                            <img decoding=\"async\" loading=\"lazy\" data-lazy-placeholder src=\"https:\/\/roboyo.global\/app\/uploads\/2021\/06\/blue-blue_prism_logo_2020-10-29-131445-150x150.png\" alt=\"BluePrism Partner\">\n                                        <img loading=\"lazy\" data-lazy-full=\"https:\/\/roboyo.global\/app\/uploads\/2021\/06\/blue-blue_prism_logo_2020-10-29-131445-1024x235.png\" alt=\"BluePrism Partner\">\n                    <\/div>\n            <\/div>\n              <div class=\"logos__logo\">\n                      <a href=\"https:\/\/www.automationanywhere.com\/la\" target=\"_blank\"><\/a>\n                    \n    \n            <div class=\"logos__image\" data-lazy >\n                            <img decoding=\"async\" loading=\"lazy\" data-lazy-placeholder src=\"https:\/\/roboyo.global\/app\/uploads\/2021\/06\/Silver-Business-Partner-OFFICIAL-1-1-1-150x150.png\" alt=\"Automation Anywhere Silver Business Partner\">\n                                        <img loading=\"lazy\" data-lazy-full=\"https:\/\/roboyo.global\/app\/uploads\/2021\/06\/Silver-Business-Partner-OFFICIAL-1-1-1-1024x385.png\" alt=\"Automation Anywhere Silver Business Partner\">\n                    <\/div>\n            <\/div>\n              <div class=\"logos__logo\">\n                      <a href=\"https:\/\/www.bizagi.com\/es\" target=\"_blank\"><\/a>\n                    \n    \n            <div class=\"logos__image\" data-lazy >\n                            <img decoding=\"async\" loading=\"lazy\" data-lazy-placeholder src=\"https:\/\/roboyo.global\/app\/uploads\/2021\/06\/bizagi_logo-w.svg\" alt=\"Bizagi\">\n                                        <img loading=\"lazy\" data-lazy-full=\"https:\/\/roboyo.global\/app\/uploads\/2021\/06\/bizagi_logo-w.svg\" alt=\"Bizagi\">\n                    <\/div>\n            <\/div>\n              <div class=\"logos__logo\">\n                      <a href=\"https:\/\/powerautomate.microsoft.com\/es-es\/\" target=\"_blank\"><\/a>\n                    \n    \n            <div class=\"logos__image\" data-lazy >\n                            <img decoding=\"async\" loading=\"lazy\" data-lazy-placeholder src=\"https:\/\/roboyo.global\/app\/uploads\/2022\/12\/Microsoft-Power-platform-339-x-68-1-150x68.png\" alt=\"Microsoft Power platform \">\n                                        <img loading=\"lazy\" data-lazy-full=\"https:\/\/roboyo.global\/app\/uploads\/2022\/12\/Microsoft-Power-platform-339-x-68-1.png\" alt=\"Microsoft Power platform \">\n                    <\/div>\n            <\/div>\n              <div class=\"logos__logo\">\n                      <a href=\"https:\/\/www.druidai.com\/\" target=\"_blank\"><\/a>\n                    \n    \n            <div class=\"logos__image\" data-lazy >\n                            <img decoding=\"async\" loading=\"lazy\" data-lazy-placeholder src=\"https:\/\/roboyo.global\/app\/uploads\/2023\/06\/druid-new_transparent_bg-150x150.png\" alt=\"Druid logo\">\n                                        <img loading=\"lazy\" data-lazy-full=\"https:\/\/roboyo.global\/app\/uploads\/2023\/06\/druid-new_transparent_bg-1024x576.png\" alt=\"Druid logo\">\n                    <\/div>\n            <\/div>\n              <div class=\"logos__logo\">\n                      <a href=\"https:\/\/www.cognigy.com\/\" target=\"_blank\"><\/a>\n                    \n    \n            <div class=\"logos__image\" data-lazy >\n                            <img decoding=\"async\" loading=\"lazy\" data-lazy-placeholder src=\"https:\/\/roboyo.global\/app\/uploads\/2021\/09\/logo_cognigy-corporate_black.png-150x79.png\" alt=\"Cognigy logo\">\n                                        <img loading=\"lazy\" data-lazy-full=\"https:\/\/roboyo.global\/app\/uploads\/2021\/09\/logo_cognigy-corporate_black.png.png\" alt=\"Cognigy logo\">\n                    <\/div>\n            <\/div>\n              <div class=\"logos__logo\">\n                      <a href=\"http:\/\/www.ctwo.com\" target=\"_blank\"><\/a>\n                    \n    \n            <div class=\"logos__image\" data-lazy >\n                            <img decoding=\"async\" loading=\"lazy\" data-lazy-placeholder src=\"https:\/\/roboyo.global\/app\/uploads\/2024\/05\/CTWO-Black-150x150.png\" alt=\"CTWO logo black\">\n                                        <img loading=\"lazy\" data-lazy-full=\"https:\/\/roboyo.global\/app\/uploads\/2024\/05\/CTWO-Black-1024x284.png\" alt=\"CTWO logo black\">\n                    <\/div>\n            <\/div>\n              <div class=\"logos__logo\">\n                      <a href=\"https:\/\/rainbird.ai\/\" target=\"_blank\"><\/a>\n                    \n    \n            <div class=\"logos__image\" data-lazy >\n                            <img decoding=\"async\" loading=\"lazy\" data-lazy-placeholder src=\"https:\/\/roboyo.global\/app\/uploads\/2024\/11\/Rainbird_Main_720px-150x150.png\" alt=\"\">\n                                        <img loading=\"lazy\" data-lazy-full=\"https:\/\/roboyo.global\/app\/uploads\/2024\/11\/Rainbird_Main_720px.png\" alt=\"\">\n                    <\/div>\n            <\/div>\n          <\/div>\n  <\/section>\n\r\n        <\/div>\r\n    <\/section>\r\n<\/div>\n\n\r\n\r\n<section  data-horizontal-hide data-loaded class=\"cta cta--none cta--  async-load\" data-block=\"appeal\/cta\">\r\n    \r\n    <div class=\"cta__container container--edge-to-edge\">\r\n                    <h2 class=\"cta__title\">pasa al siguiente nivel. ahora.<\/h2>\r\n                        <div class=\"cta__button\">\r\n                            \n<a\n    class=\"cta__link modal-button link--dark link--dark-blue  link link--primary link--internal\"\n    href=\"#cta_footer\"     aria-label=\"Contact Us: contacta con nosotros\"    data-loaded\n>\n  <div>\n          <i><\/i>\n        <span>contacta con nosotros<\/span>\n      <\/div>\n<\/a>                    <\/div>\r\n    <\/div>\r\n    <div class=\"cta__modal\">\r\n        \r\n    <\/div>\r\n<\/section>","protected":false},"excerpt":{"rendered":"","protected":false},"author":1,"featured_media":61295,"parent":0,"menu_order":0,"comment_status":"closed","ping_status":"closed","template":"","meta":{"_acf_changed":false,"footnotes":""},"wf_page_folders":[],"class_list":["post-11984","page","type-page","status-publish","has-post-thumbnail","hentry"],"acf":[],"yoast_head":"<!-- This site is optimized with the Yoast SEO Premium plugin v26.0 (Yoast SEO v26.8) - https:\/\/yoast.com\/product\/yoast-seo-premium-wordpress\/ -->\n<title>Socios de Siguiente Nivel | Roboyo<\/title>\n<meta name=\"description\" content=\"Estamos orgullosos de tener incre\u00edbles asociaciones de siguiente nivel que nos permiten traducir el pensamiento en realidad para los clientes.\" \/>\n<meta name=\"robots\" content=\"index, follow, max-snippet:-1, max-image-preview:large, max-video-preview:-1\" \/>\n<link rel=\"canonical\" href=\"https:\/\/roboyo.global\/es\/socios-de-siguiente-nivel\/\" \/>\n<meta property=\"og:locale\" content=\"es_ES\" \/>\n<meta property=\"og:type\" content=\"article\" \/>\n<meta property=\"og:title\" content=\"Socios De Siguiente Nivel\" \/>\n<meta property=\"og:description\" content=\"Estamos orgullosos de tener incre\u00edbles asociaciones de siguiente nivel que nos permiten traducir el pensamiento en realidad para los clientes.\" \/>\n<meta property=\"og:url\" content=\"https:\/\/roboyo.global\/es\/socios-de-siguiente-nivel\/\" \/>\n<meta property=\"og:site_name\" content=\"Roboyo\" \/>\n<meta property=\"article:modified_time\" content=\"2025-02-11T17:47:57+00:00\" \/>\n<meta property=\"og:image\" content=\"https:\/\/roboyo.global\/app\/uploads\/2023\/07\/3.png\" \/>\n\t<meta property=\"og:image:width\" content=\"1384\" \/>\n\t<meta property=\"og:image:height\" content=\"617\" \/>\n\t<meta property=\"og:image:type\" content=\"image\/png\" \/>\n<meta name=\"twitter:card\" content=\"summary_large_image\" \/>\n<meta name=\"twitter:label1\" content=\"Est. reading time\" \/>\n\t<meta name=\"twitter:data1\" content=\"8 minutes\" \/>\n<script type=\"application\/ld+json\" class=\"yoast-schema-graph\">{\"@context\":\"https:\/\/schema.org\",\"@graph\":[{\"@type\":\"WebPage\",\"@id\":\"https:\/\/roboyo.global\/es\/socios-de-siguiente-nivel\/\",\"url\":\"https:\/\/roboyo.global\/es\/socios-de-siguiente-nivel\/\",\"name\":\"Socios de Siguiente Nivel | Roboyo\",\"isPartOf\":{\"@id\":\"https:\/\/roboyo.global\/es\/#website\"},\"primaryImageOfPage\":{\"@id\":\"https:\/\/roboyo.global\/es\/socios-de-siguiente-nivel\/#primaryimage\"},\"image\":{\"@id\":\"https:\/\/roboyo.global\/es\/socios-de-siguiente-nivel\/#primaryimage\"},\"thumbnailUrl\":\"https:\/\/roboyo.global\/app\/uploads\/2023\/07\/3.png\",\"datePublished\":\"2021-07-07T13:54:44+00:00\",\"dateModified\":\"2025-02-11T17:47:57+00:00\",\"description\":\"Estamos orgullosos de tener incre\u00edbles asociaciones de siguiente nivel que nos permiten traducir el pensamiento en realidad para los clientes.\",\"breadcrumb\":{\"@id\":\"https:\/\/roboyo.global\/es\/socios-de-siguiente-nivel\/#breadcrumb\"},\"inLanguage\":\"es-ES\",\"potentialAction\":[{\"@type\":\"ReadAction\",\"target\":[\"https:\/\/roboyo.global\/es\/socios-de-siguiente-nivel\/\"]}]},{\"@type\":\"ImageObject\",\"inLanguage\":\"es-ES\",\"@id\":\"https:\/\/roboyo.global\/es\/socios-de-siguiente-nivel\/#primaryimage\",\"url\":\"https:\/\/roboyo.global\/app\/uploads\/2023\/07\/3.png\",\"contentUrl\":\"https:\/\/roboyo.global\/app\/uploads\/2023\/07\/3.png\",\"width\":1384,\"height\":617,\"caption\":\"Next level partnerships\"},{\"@type\":\"BreadcrumbList\",\"@id\":\"https:\/\/roboyo.global\/es\/socios-de-siguiente-nivel\/#breadcrumb\",\"itemListElement\":[{\"@type\":\"ListItem\",\"position\":1,\"name\":\"Home\",\"item\":\"https:\/\/roboyo.global\/es\/\"},{\"@type\":\"ListItem\",\"position\":2,\"name\":\"Socios De Siguiente Nivel\"}]},{\"@type\":\"WebSite\",\"@id\":\"https:\/\/roboyo.global\/es\/#website\",\"url\":\"https:\/\/roboyo.global\/es\/\",\"name\":\"Roboyo - Your Agentic Automation & AI Partner of Choice\",\"description\":\"We take what\u2019s possible to the next level. Now.\",\"potentialAction\":[{\"@type\":\"SearchAction\",\"target\":{\"@type\":\"EntryPoint\",\"urlTemplate\":\"https:\/\/roboyo.global\/es\/?s={search_term_string}\"},\"query-input\":{\"@type\":\"PropertyValueSpecification\",\"valueRequired\":true,\"valueName\":\"search_term_string\"}}],\"inLanguage\":\"es-ES\"}]}<\/script>\n<!-- \/ Yoast SEO Premium plugin. -->","yoast_head_json":{"title":"Socios de Siguiente Nivel | Roboyo","description":"Estamos orgullosos de tener incre\u00edbles asociaciones de siguiente nivel que nos permiten traducir el pensamiento en realidad para los clientes.","robots":{"index":"index","follow":"follow","max-snippet":"max-snippet:-1","max-image-preview":"max-image-preview:large","max-video-preview":"max-video-preview:-1"},"canonical":"https:\/\/roboyo.global\/es\/socios-de-siguiente-nivel\/","og_locale":"es_ES","og_type":"article","og_title":"Socios De Siguiente Nivel","og_description":"Estamos orgullosos de tener incre\u00edbles asociaciones de siguiente nivel que nos permiten traducir el pensamiento en realidad para los clientes.","og_url":"https:\/\/roboyo.global\/es\/socios-de-siguiente-nivel\/","og_site_name":"Roboyo","article_modified_time":"2025-02-11T17:47:57+00:00","og_image":[{"width":1384,"height":617,"url":"https:\/\/roboyo.global\/app\/uploads\/2023\/07\/3.png","type":"image\/png"}],"twitter_card":"summary_large_image","twitter_misc":{"Est. reading time":"8 minutes"},"schema":{"@context":"https:\/\/schema.org","@graph":[{"@type":"WebPage","@id":"https:\/\/roboyo.global\/es\/socios-de-siguiente-nivel\/","url":"https:\/\/roboyo.global\/es\/socios-de-siguiente-nivel\/","name":"Socios de Siguiente Nivel | Roboyo","isPartOf":{"@id":"https:\/\/roboyo.global\/es\/#website"},"primaryImageOfPage":{"@id":"https:\/\/roboyo.global\/es\/socios-de-siguiente-nivel\/#primaryimage"},"image":{"@id":"https:\/\/roboyo.global\/es\/socios-de-siguiente-nivel\/#primaryimage"},"thumbnailUrl":"https:\/\/roboyo.global\/app\/uploads\/2023\/07\/3.png","datePublished":"2021-07-07T13:54:44+00:00","dateModified":"2025-02-11T17:47:57+00:00","description":"Estamos orgullosos de tener incre\u00edbles asociaciones de siguiente nivel que nos permiten traducir el pensamiento en realidad para los clientes.","breadcrumb":{"@id":"https:\/\/roboyo.global\/es\/socios-de-siguiente-nivel\/#breadcrumb"},"inLanguage":"es-ES","potentialAction":[{"@type":"ReadAction","target":["https:\/\/roboyo.global\/es\/socios-de-siguiente-nivel\/"]}]},{"@type":"ImageObject","inLanguage":"es-ES","@id":"https:\/\/roboyo.global\/es\/socios-de-siguiente-nivel\/#primaryimage","url":"https:\/\/roboyo.global\/app\/uploads\/2023\/07\/3.png","contentUrl":"https:\/\/roboyo.global\/app\/uploads\/2023\/07\/3.png","width":1384,"height":617,"caption":"Next level partnerships"},{"@type":"BreadcrumbList","@id":"https:\/\/roboyo.global\/es\/socios-de-siguiente-nivel\/#breadcrumb","itemListElement":[{"@type":"ListItem","position":1,"name":"Home","item":"https:\/\/roboyo.global\/es\/"},{"@type":"ListItem","position":2,"name":"Socios De Siguiente Nivel"}]},{"@type":"WebSite","@id":"https:\/\/roboyo.global\/es\/#website","url":"https:\/\/roboyo.global\/es\/","name":"Roboyo - Your Agentic Automation & AI Partner of Choice","description":"We take what\u2019s possible to the next level. Now.","potentialAction":[{"@type":"SearchAction","target":{"@type":"EntryPoint","urlTemplate":"https:\/\/roboyo.global\/es\/?s={search_term_string}"},"query-input":{"@type":"PropertyValueSpecification","valueRequired":true,"valueName":"search_term_string"}}],"inLanguage":"es-ES"}]}},"_links":{"self":[{"href":"https:\/\/roboyo.global\/es\/wp-json\/wp\/v2\/pages\/11984","targetHints":{"allow":["GET"]}}],"collection":[{"href":"https:\/\/roboyo.global\/es\/wp-json\/wp\/v2\/pages"}],"about":[{"href":"https:\/\/roboyo.global\/es\/wp-json\/wp\/v2\/types\/page"}],"author":[{"embeddable":true,"href":"https:\/\/roboyo.global\/es\/wp-json\/wp\/v2\/users\/1"}],"replies":[{"embeddable":true,"href":"https:\/\/roboyo.global\/es\/wp-json\/wp\/v2\/comments?post=11984"}],"version-history":[{"count":90,"href":"https:\/\/roboyo.global\/es\/wp-json\/wp\/v2\/pages\/11984\/revisions"}],"predecessor-version":[{"id":93463,"href":"https:\/\/roboyo.global\/es\/wp-json\/wp\/v2\/pages\/11984\/revisions\/93463"}],"wp:featuredmedia":[{"embeddable":true,"href":"https:\/\/roboyo.global\/es\/wp-json\/wp\/v2\/media\/61295"}],"wp:attachment":[{"href":"https:\/\/roboyo.global\/es\/wp-json\/wp\/v2\/media?parent=11984"}],"wp:term":[{"taxonomy":"wf_page_folders","embeddable":true,"href":"https:\/\/roboyo.global\/es\/wp-json\/wp\/v2\/wf_page_folders?post=11984"}],"curies":[{"name":"wp","href":"https:\/\/api.w.org\/{rel}","templated":true}]}}