{"id":11980,"date":"2021-07-07T14:52:37","date_gmt":"2021-07-07T13:52:37","guid":{"rendered":"https:\/\/roboyo.global\/?page_id=11980"},"modified":"2024-05-23T16:48:10","modified_gmt":"2024-05-23T15:48:10","slug":"eventos","status":"publish","type":"page","link":"https:\/\/roboyo.global\/es\/todos-los-insights\/eventos\/","title":{"rendered":"Eventos de automatizaci\u00f3n inteligente"},"content":{"rendered":"\r\n\r\n<section\r\n    data-loaded\r\n    data-nav-transparent\r\n    data-block=\"appeal\/hero-header-narrow\"\r\n    class=\"hero-header-narrow\"\r\n>\r\n    <div class=\"hero-header-narrow__container\">\r\n        <div class=\"hero-header-narrow__content\">\r\n                            <p class=\"hero-header-narrow__subtitle  \">\r\n                    AUTOMATIZACI\u00d3N INTELIGENTE                <\/p>\r\n            \r\n                            <h1 class=\"hero-header-narrow__title  \">\r\n                    Eventos de siguiente nivel                <\/h1>\r\n                    <\/div>\r\n    <\/div>\r\n<\/section>\r\n\n\n\r\n\r\n<section  data-loaded class=\"horizontal-nav horizontal-nav--light  async-load\">\r\n    <div class=\"horizontal-nav__container container--1644\">\r\n        <nav class=\"horizontal-nav__nav\">\r\n            <ul class=\"horizontal-nav__links\">\r\n                                                                                        <li class=\"horizontal-nav__link  horizontal-nav__link--mobile-default  js-hnav-default-mobile-link\">\r\n                                <a href=\"#\">Menu<\/a>\r\n                            <\/li>\r\n                                                <li class=\"horizontal-nav__link  js-hnav-link\" data-url-path=\"\/es\/todos-los-insights\/\">\r\n                                                        <a href=\"https:\/\/roboyo.global\/es\/todos-los-insights\/\">Todos los insights<\/a>\r\n                            \r\n                                                    <\/li>\r\n                                                                                                        <li class=\"horizontal-nav__link  js-hnav-link\" data-url-path=\"\/es\/todos-los-insights\/blog\/\">\r\n                                                        <a href=\"https:\/\/roboyo.global\/es\/todos-los-insights\/blog\/\">Blog<\/a>\r\n                            \r\n                                                    <\/li>\r\n                                                                                                        <li class=\"horizontal-nav__link  js-hnav-link\" data-url-path=\"\/es\/todos-los-insights\/casos-de-exito\/\">\r\n                                                        <a href=\"https:\/\/roboyo.global\/es\/todos-los-insights\/casos-de-exito\/\">Casos de \u00e9xito<\/a>\r\n                            \r\n                                                    <\/li>\r\n                                                                                                        <li class=\"horizontal-nav__link  js-hnav-link\" data-url-path=\"\/es\/todos-los-insights\/recursos\/\">\r\n                                                        <a href=\"https:\/\/roboyo.global\/es\/todos-los-insights\/recursos\/\">Recursos<\/a>\r\n                            \r\n                                                    <\/li>\r\n                                                                                                        <li class=\"horizontal-nav__link  js-hnav-link\" data-url-path=\"\/es\/todos-los-insights\/prensa\/\">\r\n                                                        <a href=\"https:\/\/roboyo.global\/es\/todos-los-insights\/prensa\/\">Prensa<\/a>\r\n                            \r\n                                                    <\/li>\r\n                                                                                                        <li class=\"horizontal-nav__link  js-hnav-link\" data-url-path=\"\/es\/todos-los-insights\/eventos\/\">\r\n                                                        <a href=\"https:\/\/roboyo.global\/es\/todos-los-insights\/eventos\/\">Eventos<\/a>\r\n                            \r\n                                                    <\/li>\r\n                                                                                                        <li class=\"horizontal-nav__link  js-hnav-link\" data-url-path=\"\/es\/todos-los-insights\/videos\/\">\r\n                                                        <a href=\"https:\/\/roboyo.global\/es\/todos-los-insights\/videos\/\">Videos<\/a>\r\n                            \r\n                                                    <\/li>\r\n                                                <\/ul>\r\n        <\/nav>\r\n    <\/div>\r\n<\/section>\n\n\r\n<section class=\"feed-v-container\" >\r\n  <event-feed :translations='{\"Events\":\"Events\",\"type\":\"Tipo\",\"Upcoming events\":\"Pr\\u00f3ximos eventos\",\"Previous events\":\"Acontecimientos pasados\",\"Location\":\"Ubicaci\\u00f3n\",\"Share Event\":\"Compartir el evento\",\"time\":\"Hora\",\"Register\":\"Reg\\u00edstrese\",\"st\":\" \",\"No updates\":\"No upcoming events to show right now. Come back soon for updates.\",\"nd\":\" \",\"rd\":\" \",\"th\":\" \",\"Next Level Insights from Roboyo\":\"Insights del siguiente nivel de Roboyo\"}' language-code=\"es\"><\/event-feed>\r\n<\/section>\r\n\r\n\r\n<noscript>\r\n            <\/noscript>\r\n\n\n<div aria-hidden=\"true\" class=\"appeal-spacer appeal-spacer--69dff48c7885d  appeal-spacer--transparent\">\r\n<style>\r\n\/* Ultrawide *\/\r\n.appeal-spacer--69dff48c7885d {\r\n    height: 150px;\r\n}\r\n\r\n\/* Desktop *\/\r\n@media (max-width: 1920px) {\r\n    .appeal-spacer--69dff48c7885d {\r\n        height: 150px;\r\n    }\r\n}\r\n\r\n\/* Laptop *\/\r\n@media (max-width: 1024px) {\r\n    .appeal-spacer--69dff48c7885d {\r\n        height: 75px;\r\n    }\r\n}\r\n\r\n\/* Mobile *\/\r\n@media (max-width: 767px) {\r\n    .appeal-spacer--69dff48c7885d {\r\n        height: 75px;\r\n    }\r\n}\r\n<\/style>\r\n<\/div>\r\n\n\n\r\n\r\n<section  data-horizontal-hide data-loaded class=\"cta cta--none cta--  async-load\" data-block=\"appeal\/cta\">\r\n    \r\n    <div class=\"cta__container container--edge-to-edge\">\r\n                    <h2 class=\"cta__title\">pasa al siguiente nivel. ahora.<\/h2>\r\n                        <div class=\"cta__button\">\r\n                            \n<a\n    class=\"cta__link modal-button link--dark link--dark-blue  link link--primary link--internal\"\n    href=\"#cta_footer\"     aria-label=\"Contact Us: contacta con nosotros\"    data-loaded\n>\n  <div>\n          <i><\/i>\n        <span>contacta con nosotros<\/span>\n      <\/div>\n<\/a>                    <\/div>\r\n    <\/div>\r\n    <div class=\"cta__modal\">\r\n        \r\n    <\/div>\r\n<\/section>","protected":false},"excerpt":{"rendered":"","protected":false},"author":1,"featured_media":42987,"parent":10108,"menu_order":0,"comment_status":"closed","ping_status":"closed","template":"","meta":{"_acf_changed":false,"footnotes":""},"wf_page_folders":[],"class_list":["post-11980","page","type-page","status-publish","has-post-thumbnail","hentry"],"acf":[],"yoast_head":"<!-- This site is optimized with the Yoast SEO Premium plugin v26.0 (Yoast SEO v26.8) - https:\/\/yoast.com\/product\/yoast-seo-premium-wordpress\/ -->\n<title>Eventos de automatizaci\u00f3n inteligente - Roboyo<\/title>\n<meta name=\"description\" content=\"\u00danase a nosotros en uno de nuestros eventos de automatizaci\u00f3n de Inteligente, ya sea en l\u00ednea o en persona.\" \/>\n<meta name=\"robots\" content=\"index, follow, max-snippet:-1, max-image-preview:large, max-video-preview:-1\" \/>\n<link rel=\"canonical\" href=\"https:\/\/roboyo.global\/es\/todos-los-insights\/eventos\/\" \/>\n<meta property=\"og:locale\" content=\"es_ES\" \/>\n<meta property=\"og:type\" content=\"article\" \/>\n<meta property=\"og:title\" content=\"Eventos de automatizaci\u00f3n inteligente\" \/>\n<meta property=\"og:description\" content=\"\u00danase a nosotros en uno de nuestros eventos de automatizaci\u00f3n de Inteligente, ya sea en l\u00ednea o en persona.\" \/>\n<meta property=\"og:url\" content=\"https:\/\/roboyo.global\/es\/todos-los-insights\/eventos\/\" \/>\n<meta property=\"og:site_name\" content=\"Roboyo\" \/>\n<meta property=\"article:modified_time\" content=\"2024-05-23T15:48:10+00:00\" \/>\n<meta property=\"og:image\" content=\"https:\/\/roboyo.global\/app\/uploads\/2022\/10\/6.png\" \/>\n\t<meta property=\"og:image:width\" content=\"1080\" \/>\n\t<meta property=\"og:image:height\" content=\"1080\" \/>\n\t<meta property=\"og:image:type\" content=\"image\/png\" \/>\n<meta name=\"twitter:card\" content=\"summary_large_image\" \/>\n<meta name=\"twitter:description\" content=\"\u00danase a nosotros en uno de nuestros eventos de automatizaci\u00f3n de Inteligente, ya sea en l\u00ednea o en persona.\" \/>\n<meta name=\"twitter:label1\" content=\"Est. reading time\" \/>\n\t<meta name=\"twitter:data1\" content=\"1 minute\" \/>\n<script type=\"application\/ld+json\" class=\"yoast-schema-graph\">{\"@context\":\"https:\/\/schema.org\",\"@graph\":[{\"@type\":\"WebPage\",\"@id\":\"https:\/\/roboyo.global\/es\/todos-los-insights\/eventos\/\",\"url\":\"https:\/\/roboyo.global\/es\/todos-los-insights\/eventos\/\",\"name\":\"Eventos de automatizaci\u00f3n inteligente - Roboyo\",\"isPartOf\":{\"@id\":\"https:\/\/roboyo.global\/es\/#website\"},\"primaryImageOfPage\":{\"@id\":\"https:\/\/roboyo.global\/es\/todos-los-insights\/eventos\/#primaryimage\"},\"image\":{\"@id\":\"https:\/\/roboyo.global\/es\/todos-los-insights\/eventos\/#primaryimage\"},\"thumbnailUrl\":\"https:\/\/roboyo.global\/app\/uploads\/2022\/10\/6.png\",\"datePublished\":\"2021-07-07T13:52:37+00:00\",\"dateModified\":\"2024-05-23T15:48:10+00:00\",\"description\":\"\u00danase a nosotros en uno de nuestros eventos de automatizaci\u00f3n de Inteligente, ya sea en l\u00ednea o en persona.\",\"breadcrumb\":{\"@id\":\"https:\/\/roboyo.global\/es\/todos-los-insights\/eventos\/#breadcrumb\"},\"inLanguage\":\"es-ES\",\"potentialAction\":[{\"@type\":\"ReadAction\",\"target\":[\"https:\/\/roboyo.global\/es\/todos-los-insights\/eventos\/\"]}]},{\"@type\":\"ImageObject\",\"inLanguage\":\"es-ES\",\"@id\":\"https:\/\/roboyo.global\/es\/todos-los-insights\/eventos\/#primaryimage\",\"url\":\"https:\/\/roboyo.global\/app\/uploads\/2022\/10\/6.png\",\"contentUrl\":\"https:\/\/roboyo.global\/app\/uploads\/2022\/10\/6.png\",\"width\":1080,\"height\":1080,\"caption\":\"Events\"},{\"@type\":\"BreadcrumbList\",\"@id\":\"https:\/\/roboyo.global\/es\/todos-los-insights\/eventos\/#breadcrumb\",\"itemListElement\":[{\"@type\":\"ListItem\",\"position\":1,\"name\":\"Home\",\"item\":\"https:\/\/roboyo.global\/es\/\"},{\"@type\":\"ListItem\",\"position\":2,\"name\":\"Informaci\u00f3n sobre automatizaci\u00f3n inteligente\",\"item\":\"https:\/\/roboyo.global\/es\/?page_id=10108\"},{\"@type\":\"ListItem\",\"position\":3,\"name\":\"Eventos de automatizaci\u00f3n inteligente\"}]},{\"@type\":\"WebSite\",\"@id\":\"https:\/\/roboyo.global\/es\/#website\",\"url\":\"https:\/\/roboyo.global\/es\/\",\"name\":\"Roboyo - Your Agentic Automation & AI Partner of Choice\",\"description\":\"We take what\u2019s possible to the next level. Now.\",\"potentialAction\":[{\"@type\":\"SearchAction\",\"target\":{\"@type\":\"EntryPoint\",\"urlTemplate\":\"https:\/\/roboyo.global\/es\/?s={search_term_string}\"},\"query-input\":{\"@type\":\"PropertyValueSpecification\",\"valueRequired\":true,\"valueName\":\"search_term_string\"}}],\"inLanguage\":\"es-ES\"}]}<\/script>\n<!-- \/ Yoast SEO Premium plugin. -->","yoast_head_json":{"title":"Eventos de automatizaci\u00f3n inteligente - Roboyo","description":"\u00danase a nosotros en uno de nuestros eventos de automatizaci\u00f3n de Inteligente, ya sea en l\u00ednea o en persona.","robots":{"index":"index","follow":"follow","max-snippet":"max-snippet:-1","max-image-preview":"max-image-preview:large","max-video-preview":"max-video-preview:-1"},"canonical":"https:\/\/roboyo.global\/es\/todos-los-insights\/eventos\/","og_locale":"es_ES","og_type":"article","og_title":"Eventos de automatizaci\u00f3n inteligente","og_description":"\u00danase a nosotros en uno de nuestros eventos de automatizaci\u00f3n de Inteligente, ya sea en l\u00ednea o en persona.","og_url":"https:\/\/roboyo.global\/es\/todos-los-insights\/eventos\/","og_site_name":"Roboyo","article_modified_time":"2024-05-23T15:48:10+00:00","og_image":[{"width":1080,"height":1080,"url":"https:\/\/roboyo.global\/app\/uploads\/2022\/10\/6.png","type":"image\/png"}],"twitter_card":"summary_large_image","twitter_description":"\u00danase a nosotros en uno de nuestros eventos de automatizaci\u00f3n de Inteligente, ya sea en l\u00ednea o en persona.","twitter_misc":{"Est. reading time":"1 minute"},"schema":{"@context":"https:\/\/schema.org","@graph":[{"@type":"WebPage","@id":"https:\/\/roboyo.global\/es\/todos-los-insights\/eventos\/","url":"https:\/\/roboyo.global\/es\/todos-los-insights\/eventos\/","name":"Eventos de automatizaci\u00f3n inteligente - Roboyo","isPartOf":{"@id":"https:\/\/roboyo.global\/es\/#website"},"primaryImageOfPage":{"@id":"https:\/\/roboyo.global\/es\/todos-los-insights\/eventos\/#primaryimage"},"image":{"@id":"https:\/\/roboyo.global\/es\/todos-los-insights\/eventos\/#primaryimage"},"thumbnailUrl":"https:\/\/roboyo.global\/app\/uploads\/2022\/10\/6.png","datePublished":"2021-07-07T13:52:37+00:00","dateModified":"2024-05-23T15:48:10+00:00","description":"\u00danase a nosotros en uno de nuestros eventos de automatizaci\u00f3n de Inteligente, ya sea en l\u00ednea o en persona.","breadcrumb":{"@id":"https:\/\/roboyo.global\/es\/todos-los-insights\/eventos\/#breadcrumb"},"inLanguage":"es-ES","potentialAction":[{"@type":"ReadAction","target":["https:\/\/roboyo.global\/es\/todos-los-insights\/eventos\/"]}]},{"@type":"ImageObject","inLanguage":"es-ES","@id":"https:\/\/roboyo.global\/es\/todos-los-insights\/eventos\/#primaryimage","url":"https:\/\/roboyo.global\/app\/uploads\/2022\/10\/6.png","contentUrl":"https:\/\/roboyo.global\/app\/uploads\/2022\/10\/6.png","width":1080,"height":1080,"caption":"Events"},{"@type":"BreadcrumbList","@id":"https:\/\/roboyo.global\/es\/todos-los-insights\/eventos\/#breadcrumb","itemListElement":[{"@type":"ListItem","position":1,"name":"Home","item":"https:\/\/roboyo.global\/es\/"},{"@type":"ListItem","position":2,"name":"Informaci\u00f3n sobre automatizaci\u00f3n inteligente","item":"https:\/\/roboyo.global\/es\/?page_id=10108"},{"@type":"ListItem","position":3,"name":"Eventos de automatizaci\u00f3n inteligente"}]},{"@type":"WebSite","@id":"https:\/\/roboyo.global\/es\/#website","url":"https:\/\/roboyo.global\/es\/","name":"Roboyo - Your Agentic Automation & AI Partner of Choice","description":"We take what\u2019s possible to the next level. Now.","potentialAction":[{"@type":"SearchAction","target":{"@type":"EntryPoint","urlTemplate":"https:\/\/roboyo.global\/es\/?s={search_term_string}"},"query-input":{"@type":"PropertyValueSpecification","valueRequired":true,"valueName":"search_term_string"}}],"inLanguage":"es-ES"}]}},"_links":{"self":[{"href":"https:\/\/roboyo.global\/es\/wp-json\/wp\/v2\/pages\/11980","targetHints":{"allow":["GET"]}}],"collection":[{"href":"https:\/\/roboyo.global\/es\/wp-json\/wp\/v2\/pages"}],"about":[{"href":"https:\/\/roboyo.global\/es\/wp-json\/wp\/v2\/types\/page"}],"author":[{"embeddable":true,"href":"https:\/\/roboyo.global\/es\/wp-json\/wp\/v2\/users\/1"}],"replies":[{"embeddable":true,"href":"https:\/\/roboyo.global\/es\/wp-json\/wp\/v2\/comments?post=11980"}],"version-history":[{"count":25,"href":"https:\/\/roboyo.global\/es\/wp-json\/wp\/v2\/pages\/11980\/revisions"}],"predecessor-version":[{"id":82031,"href":"https:\/\/roboyo.global\/es\/wp-json\/wp\/v2\/pages\/11980\/revisions\/82031"}],"up":[{"embeddable":true,"href":"https:\/\/roboyo.global\/es\/wp-json\/wp\/v2\/pages\/10108"}],"wp:featuredmedia":[{"embeddable":true,"href":"https:\/\/roboyo.global\/es\/wp-json\/wp\/v2\/media\/42987"}],"wp:attachment":[{"href":"https:\/\/roboyo.global\/es\/wp-json\/wp\/v2\/media?parent=11980"}],"wp:term":[{"taxonomy":"wf_page_folders","embeddable":true,"href":"https:\/\/roboyo.global\/es\/wp-json\/wp\/v2\/wf_page_folders?post=11980"}],"curies":[{"name":"wp","href":"https:\/\/api.w.org\/{rel}","templated":true}]}}