{"id":11977,"date":"2021-07-07T14:50:46","date_gmt":"2021-07-07T13:50:46","guid":{"rendered":"https:\/\/roboyo.global\/?page_id=11977"},"modified":"2023-09-12T14:10:17","modified_gmt":"2023-09-12T13:10:17","slug":"casos-de-exito","status":"publish","type":"page","link":"https:\/\/roboyo.global\/es\/todos-los-insights\/casos-de-exito\/","title":{"rendered":"Historias de \u00e9xito de automatizaci\u00f3n inteligente"},"content":{"rendered":"\r\n\r\n<section  data-loaded data-nav-transparent class=\"hero-header-4 hero-header-4--h6 hero-header-4--left  hero-header-4--fw\" data-block=\"appeal\/hero-4\">\r\n    <div class=\"hero-header-4__wrapper hero-header-4__wrapper--white\">\r\n        <div class=\"hero-header-4__container\">\r\n                        <div class=\"hero-header-4__content hero-header-4__content--\">\r\n                \r\n\r\n                                    <p class=\"hero-header-4__title h6 uppercase\">AUTOMATIZACI\u00d3N INTELIGENTE<\/p>\r\n                \r\n                                    <h1 class=\"hero-header-4__subtitle h3 uppercase\">Casos de \u00e9xito de siguiente nivel<\/h1>\r\n                \r\n                \r\n            <\/div>\r\n        <\/div>\r\n    <\/div>\r\n<\/section>\n\n\r\n\r\n<section  data-loaded class=\"horizontal-nav horizontal-nav--light  async-load\">\r\n    <div class=\"horizontal-nav__container container--1644\">\r\n        <nav class=\"horizontal-nav__nav\">\r\n            <ul class=\"horizontal-nav__links\">\r\n                                                                                        <li class=\"horizontal-nav__link  horizontal-nav__link--mobile-default  js-hnav-default-mobile-link\">\r\n                                <a href=\"#\">Menu<\/a>\r\n                            <\/li>\r\n                                                <li class=\"horizontal-nav__link  js-hnav-link\" data-url-path=\"\/es\/todos-los-insights\/\">\r\n                                                        <a href=\"https:\/\/roboyo.global\/es\/todos-los-insights\/\">Todos los insights<\/a>\r\n                            \r\n                                                    <\/li>\r\n                                                                                                        <li class=\"horizontal-nav__link  js-hnav-link\" data-url-path=\"\/es\/todos-los-insights\/blog\/\">\r\n                                                        <a href=\"https:\/\/roboyo.global\/es\/todos-los-insights\/blog\/\">Blog<\/a>\r\n                            \r\n                                                    <\/li>\r\n                                                                                                        <li class=\"horizontal-nav__link  js-hnav-link\" data-url-path=\"\/es\/todos-los-insights\/casos-de-exito\/\">\r\n                                                        <a href=\"https:\/\/roboyo.global\/es\/todos-los-insights\/casos-de-exito\/\">Casos de \u00e9xito<\/a>\r\n                            \r\n                                                    <\/li>\r\n                                                                                                        <li class=\"horizontal-nav__link  js-hnav-link\" data-url-path=\"\/es\/todos-los-insights\/recursos\/\">\r\n                                                        <a href=\"https:\/\/roboyo.global\/es\/todos-los-insights\/recursos\/\">Recursos<\/a>\r\n                            \r\n                                                    <\/li>\r\n                                                                                                        <li class=\"horizontal-nav__link  js-hnav-link\" data-url-path=\"\/es\/todos-los-insights\/prensa\/\">\r\n                                                        <a href=\"https:\/\/roboyo.global\/es\/todos-los-insights\/prensa\/\">Prensa<\/a>\r\n                            \r\n                                                    <\/li>\r\n                                                                                                        <li class=\"horizontal-nav__link  js-hnav-link\" data-url-path=\"\/es\/todos-los-insights\/eventos\/\">\r\n                                                        <a href=\"https:\/\/roboyo.global\/es\/todos-los-insights\/eventos\/\">Eventos<\/a>\r\n                            \r\n                                                    <\/li>\r\n                                                                                                        <li class=\"horizontal-nav__link  js-hnav-link\" data-url-path=\"\/es\/todos-los-insights\/videos\/\">\r\n                                                        <a href=\"https:\/\/roboyo.global\/es\/todos-los-insights\/videos\/\">Videos<\/a>\r\n                            \r\n                                                    <\/li>\r\n                                                <\/ul>\r\n        <\/nav>\r\n    <\/div>\r\n<\/section>\n\n\n\n<section id=\"feed-v2\" >\n    <feed-component :feed-layout='{\"layout\":\"single_post_type\",\"postType\":\"case_study\",\"enableFilters\":false}' :translations='{\"Load Previous Insights\":\"Load Previous Insights\",\"Load More Insights\":\"cargar m\\u00e1s informaci\\u00f3n\",\"No results to show\":\"No hay resultados que mostrar\",\"Filter\":\"Filter\",\"Filters\":\"Filters\",\"Clear all filters\":\"Clear all filters\",\"Show results\":\"Show results\",\"All Results\":\"All Results\",\"%read_time% min read\":\"%read_time% min leer\",\"By\":\"Por\",\"more\":\"more\",\"Episode\":\"Episode\",\"Latest\":\"Latest\",\"Listen here\":\"Listen here\",\"Watch episode\":\"Watch episode\"}' language-code='es' \/>\n<\/section>\n\n    <noscript>\n                    <article>\n                <a href=\"https:\/\/roboyo.global\/es\/case-study\/extraccion-de-documentos-de-propiedad-impulsada-por-ia-precision-del-99-y-un-85-de-procesamiento-directo-stp\/\">\n                    <h3>Extracci\u00f3n de documentos de propiedad impulsada por IA: precisi\u00f3n del 99% y un 85% de procesamiento directo (STP)<\/h3>\n                <\/a>\n            <\/article>\n                    <article>\n                <a href=\"https:\/\/roboyo.global\/es\/case-study\/clasificacion-de-casos-impulsada-por-ia-aumentando-la-precision-y-ahorrando-58-fte-en-atencion-al-cliente\/\">\n                    <h3>Clasificaci\u00f3n de Casos Impulsada por IA: Aumentando la Precisi\u00f3n y Ahorrando 5,8 FTE en Atenci\u00f3n al Cliente<\/h3>\n                <\/a>\n            <\/article>\n                    <article>\n                <a href=\"https:\/\/roboyo.global\/es\/case-study\/puntuacion-de-ia-en-accion-150-me-de-aumento-de-ingresos-y-570-ke-ahorrados-en-la-automatizacion-de-rfq\/\">\n                    <h3>Puntuaci\u00f3n de IA en acci\u00f3n: 150 M\u20ac de aumento de ingresos y 570 K\u20ac ahorrados en la automatizaci\u00f3n de RFQ<\/h3>\n                <\/a>\n            <\/article>\n                    <article>\n                <a href=\"https:\/\/roboyo.global\/es\/case-study\/la-ia-agente-mejora-la-prevision-de-cuentas-por-pagar-inteligencia-escalable-para-todas-las-finanzas\/\">\n                    <h3>La IA Agente mejora la previsi\u00f3n de cuentas por pagar: inteligencia escalable para todas las finanzas<\/h3>\n                <\/a>\n            <\/article>\n                    <article>\n                <a href=\"https:\/\/roboyo.global\/es\/case-study\/escala-de-las-operaciones-de-automatizacion-en-automocion-como-opmobility-recupero-mas-de-100-horas-al-mes\/\">\n                    <h3>Escala de las operaciones de automatizaci\u00f3n en automoci\u00f3n: c\u00f3mo OPmobility recuper\u00f3 m\u00e1s de 100 horas al mes<\/h3>\n                <\/a>\n            <\/article>\n                    <article>\n                <a href=\"https:\/\/roboyo.global\/es\/casos-de-exito\/servicios-financieros-proporcionando-workfloy-gestion-de-casos\/\">\n                    <h3>Servicios Financieros: Gesti\u00f3n De Casos Mediante Flujo De Trabajo<\/h3>\n                <\/a>\n            <\/article>\n                    <article>\n                <a href=\"https:\/\/roboyo.global\/es\/estudio-de-caso\/sector-publico-entrega-de-gestion-de-casos-de-proximo-nivel\/\">\n                    <h3>Sector Publico: Entrega De Gesti\u00f3n De Casos De Pr\u00f3ximo Nivel<\/h3>\n                <\/a>\n            <\/article>\n                    <article>\n                <a href=\"https:\/\/roboyo.global\/es\/case-study\/sanidad-proporcionando-capacidad-de-siguiente-nivel\/\">\n                    <h3>Sanidad: Proporcionando capacidad de siguiente nivel<\/h3>\n                <\/a>\n            <\/article>\n                    <article>\n                <a href=\"https:\/\/roboyo.global\/es\/case-study\/automocion-la-toma-de-decisiones-al-siguiente-nivel\/\">\n                    <h3>Automoci\u00f3n: La toma de decisiones al siguiente nivel<\/h3>\n                <\/a>\n            <\/article>\n                    <article>\n                <a href=\"https:\/\/roboyo.global\/es\/case-study\/fabricacion-ofrecer-agilidad-de-siguiente-nivel\/\">\n                    <h3>Fabricaci\u00f3n: Ofrecer Agilidad De Suguiente Nivel<\/h3>\n                <\/a>\n            <\/article>\n                    <article>\n                <a href=\"https:\/\/roboyo.global\/es\/case-study\/ciencias-de-la-vida-transformacion-al-siguiente-nivel\/\">\n                    <h3>Ciencias De La Vida: Transformaci\u00f3n Al Siguiente Nivel<\/h3>\n                <\/a>\n            <\/article>\n                    <article>\n                <a href=\"https:\/\/roboyo.global\/es\/case-study\/seguros-ofrecer-una-experiencia-de-cliente-de-un-nivel-superior\/\">\n                    <h3>Seguros: CX al siguiente nivel<\/h3>\n                <\/a>\n            <\/article>\n                                    <a href=\"\/es\/wp-json\/wp\/v2\/pages\/11977?current_page=2\" rel=\"next\">Next<\/a>\n            <\/noscript>\n\n\n\n<h6 class=\"wp-block-heading has-text-align-center\" id=\"proximamente\"><\/h6>\n\n\n\r\n\r\n<section  data-horizontal-hide data-loaded class=\"cta cta--none cta--  async-load\" data-block=\"appeal\/cta\">\r\n    \r\n    <div class=\"cta__container container--edge-to-edge\">\r\n                    <h2 class=\"cta__title\">pasa al siguiente nivel. ahora.<\/h2>\r\n                        <div class=\"cta__button\">\r\n                            \n<a\n    class=\"cta__link modal-button link--dark link--dark-blue  link link--primary link--internal\"\n    href=\"#cta_footer\"     aria-label=\"Contact Us: contacta con nosotros\"    data-loaded\n>\n  <div>\n          <i><\/i>\n        <span>contacta con nosotros<\/span>\n      <\/div>\n<\/a>                    <\/div>\r\n    <\/div>\r\n    <div class=\"cta__modal\">\r\n        \r\n    <\/div>\r\n<\/section>","protected":false},"excerpt":{"rendered":"","protected":false},"author":1,"featured_media":42972,"parent":10108,"menu_order":0,"comment_status":"closed","ping_status":"closed","template":"","meta":{"_acf_changed":false,"footnotes":""},"wf_page_folders":[],"class_list":["post-11977","page","type-page","status-publish","has-post-thumbnail","hentry"],"acf":[],"yoast_head":"<!-- This site is optimized with the Yoast SEO Premium plugin v26.0 (Yoast SEO v26.8) - https:\/\/yoast.com\/product\/yoast-seo-premium-wordpress\/ -->\n<title>Historias de \u00e9xito de automatizaci\u00f3n inteligente - Roboyo<\/title>\n<meta name=\"description\" content=\"En Roboyo, nos enorgullecemos de hacer una diferencia real y tangible en las empresas con las que trabajamos.\" \/>\n<meta name=\"robots\" content=\"index, follow, max-snippet:-1, max-image-preview:large, max-video-preview:-1\" \/>\n<link rel=\"canonical\" href=\"https:\/\/roboyo.global\/es\/todos-los-insights\/casos-de-exito\/\" \/>\n<meta property=\"og:locale\" content=\"es_ES\" \/>\n<meta property=\"og:type\" content=\"article\" \/>\n<meta property=\"og:title\" content=\"Historias de \u00e9xito de automatizaci\u00f3n inteligente\" \/>\n<meta property=\"og:description\" content=\"En Roboyo, nos enorgullecemos de hacer una diferencia real y tangible en las empresas con las que trabajamos.\" \/>\n<meta property=\"og:url\" content=\"https:\/\/roboyo.global\/es\/todos-los-insights\/casos-de-exito\/\" \/>\n<meta property=\"og:site_name\" content=\"Roboyo\" \/>\n<meta property=\"article:modified_time\" content=\"2023-09-12T13:10:17+00:00\" \/>\n<meta property=\"og:image\" content=\"https:\/\/roboyo.global\/app\/uploads\/2022\/10\/3.png\" \/>\n\t<meta property=\"og:image:width\" content=\"1080\" \/>\n\t<meta property=\"og:image:height\" content=\"1080\" \/>\n\t<meta property=\"og:image:type\" content=\"image\/png\" \/>\n<meta name=\"twitter:card\" content=\"summary_large_image\" \/>\n<script type=\"application\/ld+json\" class=\"yoast-schema-graph\">{\"@context\":\"https:\/\/schema.org\",\"@graph\":[{\"@type\":\"WebPage\",\"@id\":\"https:\/\/roboyo.global\/es\/todos-los-insights\/casos-de-exito\/\",\"url\":\"https:\/\/roboyo.global\/es\/todos-los-insights\/casos-de-exito\/\",\"name\":\"Historias de \u00e9xito de automatizaci\u00f3n inteligente - Roboyo\",\"isPartOf\":{\"@id\":\"https:\/\/roboyo.global\/es\/#website\"},\"primaryImageOfPage\":{\"@id\":\"https:\/\/roboyo.global\/es\/todos-los-insights\/casos-de-exito\/#primaryimage\"},\"image\":{\"@id\":\"https:\/\/roboyo.global\/es\/todos-los-insights\/casos-de-exito\/#primaryimage\"},\"thumbnailUrl\":\"https:\/\/roboyo.global\/app\/uploads\/2022\/10\/3.png\",\"datePublished\":\"2021-07-07T13:50:46+00:00\",\"dateModified\":\"2023-09-12T13:10:17+00:00\",\"description\":\"En Roboyo, nos enorgullecemos de hacer una diferencia real y tangible en las empresas con las que trabajamos.\",\"breadcrumb\":{\"@id\":\"https:\/\/roboyo.global\/es\/todos-los-insights\/casos-de-exito\/#breadcrumb\"},\"inLanguage\":\"es-ES\",\"potentialAction\":[{\"@type\":\"ReadAction\",\"target\":[\"https:\/\/roboyo.global\/es\/todos-los-insights\/casos-de-exito\/\"]}]},{\"@type\":\"ImageObject\",\"inLanguage\":\"es-ES\",\"@id\":\"https:\/\/roboyo.global\/es\/todos-los-insights\/casos-de-exito\/#primaryimage\",\"url\":\"https:\/\/roboyo.global\/app\/uploads\/2022\/10\/3.png\",\"contentUrl\":\"https:\/\/roboyo.global\/app\/uploads\/2022\/10\/3.png\",\"width\":1080,\"height\":1080,\"caption\":\"Case Studies\"},{\"@type\":\"BreadcrumbList\",\"@id\":\"https:\/\/roboyo.global\/es\/todos-los-insights\/casos-de-exito\/#breadcrumb\",\"itemListElement\":[{\"@type\":\"ListItem\",\"position\":1,\"name\":\"Home\",\"item\":\"https:\/\/roboyo.global\/es\/\"},{\"@type\":\"ListItem\",\"position\":2,\"name\":\"Informaci\u00f3n sobre automatizaci\u00f3n inteligente\",\"item\":\"https:\/\/roboyo.global\/es\/?page_id=10108\"},{\"@type\":\"ListItem\",\"position\":3,\"name\":\"Historias de \u00e9xito de automatizaci\u00f3n inteligente\"}]},{\"@type\":\"WebSite\",\"@id\":\"https:\/\/roboyo.global\/es\/#website\",\"url\":\"https:\/\/roboyo.global\/es\/\",\"name\":\"Roboyo - Your Agentic Automation & AI Partner of Choice\",\"description\":\"We take what\u2019s possible to the next level. Now.\",\"potentialAction\":[{\"@type\":\"SearchAction\",\"target\":{\"@type\":\"EntryPoint\",\"urlTemplate\":\"https:\/\/roboyo.global\/es\/?s={search_term_string}\"},\"query-input\":{\"@type\":\"PropertyValueSpecification\",\"valueRequired\":true,\"valueName\":\"search_term_string\"}}],\"inLanguage\":\"es-ES\"}]}<\/script>\n<!-- \/ Yoast SEO Premium plugin. -->","yoast_head_json":{"title":"Historias de \u00e9xito de automatizaci\u00f3n inteligente - Roboyo","description":"En Roboyo, nos enorgullecemos de hacer una diferencia real y tangible en las empresas con las que trabajamos.","robots":{"index":"index","follow":"follow","max-snippet":"max-snippet:-1","max-image-preview":"max-image-preview:large","max-video-preview":"max-video-preview:-1"},"canonical":"https:\/\/roboyo.global\/es\/todos-los-insights\/casos-de-exito\/","og_locale":"es_ES","og_type":"article","og_title":"Historias de \u00e9xito de automatizaci\u00f3n inteligente","og_description":"En Roboyo, nos enorgullecemos de hacer una diferencia real y tangible en las empresas con las que trabajamos.","og_url":"https:\/\/roboyo.global\/es\/todos-los-insights\/casos-de-exito\/","og_site_name":"Roboyo","article_modified_time":"2023-09-12T13:10:17+00:00","og_image":[{"width":1080,"height":1080,"url":"https:\/\/roboyo.global\/app\/uploads\/2022\/10\/3.png","type":"image\/png"}],"twitter_card":"summary_large_image","schema":{"@context":"https:\/\/schema.org","@graph":[{"@type":"WebPage","@id":"https:\/\/roboyo.global\/es\/todos-los-insights\/casos-de-exito\/","url":"https:\/\/roboyo.global\/es\/todos-los-insights\/casos-de-exito\/","name":"Historias de \u00e9xito de automatizaci\u00f3n inteligente - Roboyo","isPartOf":{"@id":"https:\/\/roboyo.global\/es\/#website"},"primaryImageOfPage":{"@id":"https:\/\/roboyo.global\/es\/todos-los-insights\/casos-de-exito\/#primaryimage"},"image":{"@id":"https:\/\/roboyo.global\/es\/todos-los-insights\/casos-de-exito\/#primaryimage"},"thumbnailUrl":"https:\/\/roboyo.global\/app\/uploads\/2022\/10\/3.png","datePublished":"2021-07-07T13:50:46+00:00","dateModified":"2023-09-12T13:10:17+00:00","description":"En Roboyo, nos enorgullecemos de hacer una diferencia real y tangible en las empresas con las que trabajamos.","breadcrumb":{"@id":"https:\/\/roboyo.global\/es\/todos-los-insights\/casos-de-exito\/#breadcrumb"},"inLanguage":"es-ES","potentialAction":[{"@type":"ReadAction","target":["https:\/\/roboyo.global\/es\/todos-los-insights\/casos-de-exito\/"]}]},{"@type":"ImageObject","inLanguage":"es-ES","@id":"https:\/\/roboyo.global\/es\/todos-los-insights\/casos-de-exito\/#primaryimage","url":"https:\/\/roboyo.global\/app\/uploads\/2022\/10\/3.png","contentUrl":"https:\/\/roboyo.global\/app\/uploads\/2022\/10\/3.png","width":1080,"height":1080,"caption":"Case Studies"},{"@type":"BreadcrumbList","@id":"https:\/\/roboyo.global\/es\/todos-los-insights\/casos-de-exito\/#breadcrumb","itemListElement":[{"@type":"ListItem","position":1,"name":"Home","item":"https:\/\/roboyo.global\/es\/"},{"@type":"ListItem","position":2,"name":"Informaci\u00f3n sobre automatizaci\u00f3n inteligente","item":"https:\/\/roboyo.global\/es\/?page_id=10108"},{"@type":"ListItem","position":3,"name":"Historias de \u00e9xito de automatizaci\u00f3n inteligente"}]},{"@type":"WebSite","@id":"https:\/\/roboyo.global\/es\/#website","url":"https:\/\/roboyo.global\/es\/","name":"Roboyo - Your Agentic Automation & AI Partner of Choice","description":"We take what\u2019s possible to the next level. Now.","potentialAction":[{"@type":"SearchAction","target":{"@type":"EntryPoint","urlTemplate":"https:\/\/roboyo.global\/es\/?s={search_term_string}"},"query-input":{"@type":"PropertyValueSpecification","valueRequired":true,"valueName":"search_term_string"}}],"inLanguage":"es-ES"}]}},"_links":{"self":[{"href":"https:\/\/roboyo.global\/es\/wp-json\/wp\/v2\/pages\/11977","targetHints":{"allow":["GET"]}}],"collection":[{"href":"https:\/\/roboyo.global\/es\/wp-json\/wp\/v2\/pages"}],"about":[{"href":"https:\/\/roboyo.global\/es\/wp-json\/wp\/v2\/types\/page"}],"author":[{"embeddable":true,"href":"https:\/\/roboyo.global\/es\/wp-json\/wp\/v2\/users\/1"}],"replies":[{"embeddable":true,"href":"https:\/\/roboyo.global\/es\/wp-json\/wp\/v2\/comments?post=11977"}],"version-history":[{"count":30,"href":"https:\/\/roboyo.global\/es\/wp-json\/wp\/v2\/pages\/11977\/revisions"}],"predecessor-version":[{"id":65365,"href":"https:\/\/roboyo.global\/es\/wp-json\/wp\/v2\/pages\/11977\/revisions\/65365"}],"up":[{"embeddable":true,"href":"https:\/\/roboyo.global\/es\/wp-json\/wp\/v2\/pages\/10108"}],"wp:featuredmedia":[{"embeddable":true,"href":"https:\/\/roboyo.global\/es\/wp-json\/wp\/v2\/media\/42972"}],"wp:attachment":[{"href":"https:\/\/roboyo.global\/es\/wp-json\/wp\/v2\/media?parent=11977"}],"wp:term":[{"taxonomy":"wf_page_folders","embeddable":true,"href":"https:\/\/roboyo.global\/es\/wp-json\/wp\/v2\/wf_page_folders?post=11977"}],"curies":[{"name":"wp","href":"https:\/\/api.w.org\/{rel}","templated":true}]}}