{"id":11924,"date":"2021-07-07T10:09:54","date_gmt":"2021-07-07T09:09:54","guid":{"rendered":"https:\/\/roboyo.global\/?page_id=11924"},"modified":"2024-05-21T12:16:36","modified_gmt":"2024-05-21T11:16:36","slug":"la-automatizacion-inteligente-en-el-departamento-de-suministros","status":"publish","type":"page","link":"https:\/\/roboyo.global\/es\/soluciones-por-departamento\/la-automatizacion-inteligente-en-el-departamento-de-suministros\/","title":{"rendered":"La automatizaci\u00f3n inteligente en el departamento de suministros"},"content":{"rendered":"\r\n\r\n<section  data-loaded data-nav-transparent class=\"hero-header-2 \" data-block=\"appeal\/hero-2\">\r\n    <div class=\"hero-header-2__wrapper\">\r\n        <div class=\"hero-header-2__container\">\r\n            <div class=\"hero-header-2__content\">\r\n                                <h1 class=\"hero-header-2__title hero-header-2__title--small\">\r\n                                            <span class=\"hero-header-2__title hero-header-2__title--top hero-header-2__title--small\">La automatizaci\u00f3n inteligente en el departamento de suministros<\/span>\r\n                    \r\n\r\n                    \r\n                <\/h1>\r\n                <div class=\"hero-header-2__description\">\r\n                                    <\/div>\r\n            <\/div>\r\n                    <\/div>\r\n    <\/div>\r\n<\/section>\n\n\r\n\r\n<section  data-loaded class=\"horizontal-nav horizontal-nav--light  async-load\">\r\n    <div class=\"horizontal-nav__container container--1644\">\r\n        <nav class=\"horizontal-nav__nav\">\r\n            <ul class=\"horizontal-nav__links\">\r\n                                                                                        <li class=\"horizontal-nav__link  horizontal-nav__link--mobile-default  js-hnav-default-mobile-link\">\r\n                                <a href=\"#\">Menu<\/a>\r\n                            <\/li>\r\n                                                <li class=\"horizontal-nav__link  js-hnav-link\" data-url-path=\"\/es\/soluciones-por-departamento\/la-automatizacion-inteligente-en-las-finanzas\/\">\r\n                                                        <a href=\"https:\/\/roboyo.global\/es\/soluciones-por-departamento\/la-automatizacion-inteligente-en-las-finanzas\/\">Finanzas<\/a>\r\n                            \r\n                                                    <\/li>\r\n                                                                                                        <li class=\"horizontal-nav__link  js-hnav-link\" data-url-path=\"\/es\/soluciones-por-departamento\/la-automatizacion-inteligente-en-el-departamento-de-informatica\/\">\r\n                                                        <a href=\"https:\/\/roboyo.global\/es\/soluciones-por-departamento\/la-automatizacion-inteligente-en-el-departamento-de-informatica\/\">Departamento de inform\u00e1tica<\/a>\r\n                            \r\n                                                    <\/li>\r\n                                                                                                        <li class=\"horizontal-nav__link  js-hnav-link\" data-url-path=\"\/es\/soluciones-por-departamento\/la-automatizacion-inteligente-en-el-departamento-de-operaciones\/\">\r\n                                                        <a href=\"https:\/\/roboyo.global\/es\/soluciones-por-departamento\/la-automatizacion-inteligente-en-el-departamento-de-operaciones\/\">Operaciones<\/a>\r\n                            \r\n                                                    <\/li>\r\n                                                                                                        <li class=\"horizontal-nav__link  js-hnav-link\" data-url-path=\"\/es\/soluciones-por-departamento\/la-automatizacion-inteligente-de-recursos-humanos\/\">\r\n                                                        <a href=\"https:\/\/roboyo.global\/es\/soluciones-por-departamento\/la-automatizacion-inteligente-de-recursos-humanos\/\">Recursos humanos<\/a>\r\n                            \r\n                                                    <\/li>\r\n                                                                                                        <li class=\"horizontal-nav__link  js-hnav-link\" data-url-path=\"\/es\/soluciones-por-departamento\/la-automatizacion-inteligente-en-el-departamento-de-suministros\/\">\r\n                                                        <a href=\"https:\/\/roboyo.global\/es\/soluciones-por-departamento\/la-automatizacion-inteligente-en-el-departamento-de-suministros\/\">Departamento de suministros<\/a>\r\n                            \r\n                                                    <\/li>\r\n                                                                                                        <li class=\"horizontal-nav__link  js-hnav-link\" data-url-path=\"\/es\/soluciones-por-departamento\/la-automatizacion-inteligente-en-el-servicio-de-atencion-al-cliente\/\">\r\n                                                        <a href=\"https:\/\/roboyo.global\/es\/soluciones-por-departamento\/la-automatizacion-inteligente-en-el-servicio-de-atencion-al-cliente\/\">Servicio de atenci\u00f3n al cliente<\/a>\r\n                            \r\n                                                    <\/li>\r\n                                                                                                        <li class=\"horizontal-nav__link  js-hnav-link\" data-url-path=\"\/es\/soluciones-por-departamento\/la-automatizacion-inteligente-en-la-cadena-de-suministro\/\">\r\n                                                        <a href=\"https:\/\/roboyo.global\/es\/soluciones-por-departamento\/la-automatizacion-inteligente-en-la-cadena-de-suministro\/\">CADENA DE SUMINISTRO<\/a>\r\n                            \r\n                                                    <\/li>\r\n                                                <\/ul>\r\n        <\/nav>\r\n    <\/div>\r\n<\/section>\n\n\r\n\r\n<section data-loaded data-nav-transparent class=\"hero-header-5 hero-header-5--white \" data-block=\"appeal\/hero-5\">\r\n    <div class=\"hero-header-5__container\">\r\n        <div class=\"hero-header-5__content\">\r\n            <div class=\"hero-header-5__inner-content\">\r\n                                    <h2 class=\"hero-header-5__title\">Soluciones por Departamento<\/h2>\r\n                \r\n                                    <p class=\"hero-header-5__subtitle\">DEPARTAMENTO DE SUMINISTROS<\/p>\r\n                            <\/div>\r\n                    <\/div>\r\n    <\/div>\r\n<\/section>\n\n<div aria-hidden=\"true\" class=\"appeal-spacer appeal-spacer--69d494c16ad12  appeal-spacer--transparent\">\r\n<style>\r\n\/* Ultrawide *\/\r\n.appeal-spacer--69d494c16ad12 {\r\n    height: 100px;\r\n}\r\n\r\n\/* Desktop *\/\r\n@media (max-width: 1920px) {\r\n    .appeal-spacer--69d494c16ad12 {\r\n        height: 100px;\r\n    }\r\n}\r\n\r\n\/* Laptop *\/\r\n@media (max-width: 1024px) {\r\n    .appeal-spacer--69d494c16ad12 {\r\n        height: 50px;\r\n    }\r\n}\r\n\r\n\/* Mobile *\/\r\n@media (max-width: 767px) {\r\n    .appeal-spacer--69d494c16ad12 {\r\n        height: 50px;\r\n    }\r\n}\r\n<\/style>\r\n<\/div>\r\n\n\n\r\n\r\n\r\n<section class=\"standout-text \" data-block=\"appeal\/standout-text\">\r\n  <div class=\"standout-text__container container--large\">\r\n    <div class=\"standout-text__content\">\r\n              <h2 class=\"standout-text__title standout-text__title-- standout-text__title--demi standout-text__title--\">Nos asociamos con los responsables de suministro para identificar y explotar las oportunidades de automatizaci\u00f3n de alto valor que redise\u00f1en su forma de suministro y el valor empresarial que esto genera.<\/h2>\r\n          <\/div>\r\n  <\/div>\r\n<\/section>\n\n<div aria-hidden=\"true\" class=\"appeal-spacer appeal-spacer--69d494c16bd7f  appeal-spacer--transparent\">\r\n<style>\r\n\/* Ultrawide *\/\r\n.appeal-spacer--69d494c16bd7f {\r\n    height: 150px;\r\n}\r\n\r\n\/* Desktop *\/\r\n@media (max-width: 1920px) {\r\n    .appeal-spacer--69d494c16bd7f {\r\n        height: 150px;\r\n    }\r\n}\r\n\r\n\/* Laptop *\/\r\n@media (max-width: 1024px) {\r\n    .appeal-spacer--69d494c16bd7f {\r\n        height: 70px;\r\n    }\r\n}\r\n\r\n\/* Mobile *\/\r\n@media (max-width: 767px) {\r\n    .appeal-spacer--69d494c16bd7f {\r\n        height: 70px;\r\n    }\r\n}\r\n<\/style>\r\n<\/div>\r\n\n\n\n\n\n<section data-loaded class=\"tam tam--ltr tam--light  tam--\" data-block=\"appeal\/text-and-inner-content\">\n  <div class=\"tam__container container--1543\">\n    <div class=\"tam__contain\">\n          <div class=\"tam__text container--default-desktop tam__text--top\">\n\n        \n                          \n        \n        \n\n        \n        <div class=\"tam__content wysiwyg\">\n          <h6><span style=\"font-weight: 400;\">Las <a href=\"https:\/\/roboyo.global\/es\/soluciones-por-departamento\/la-automatizacion-inteligente-en-la-cadena-de-suministro\/\">cadenas de suministro<\/a> \u00e1giles y eficientes y la gesti\u00f3n rigurosa de los costes nunca han sido tan importantes como ahora. La automatizaci\u00f3n inteligente de los procesos empresariales responde a esta urgencia sin precedentes con una eficiencia sin igual.<\/span><\/h6>\n<p><span style=\"color: #2154ed;\"><b>La automatizaci\u00f3n transforma los procesos de recopilaci\u00f3n de datos de m\u00faltiples fuentes, que suponen una gran carga administrativa, en un contexto de estricto cumplimiento de la normativa.<\/b><\/span><\/p>\n<p><span style=\"font-weight: 400;\">Mediante la puesta en marcha de tecnolog\u00edas rob\u00f3ticas y cognitivas, los procesos de adquisici\u00f3n pueden llevarse a cabo a una velocidad mucho mayor, con una fracci\u00f3n de los costes y sin errores. Pero esto es s\u00f3lo el principio.\u00a0<\/span><\/p>\n<p><span style=\"font-weight: 400;\">El suministro automatizado permite integrar sin problemas el cumplimiento, las pol\u00edticas y los controles en los flujos de trabajo. Esto permite al departamento de compras crear una cadena de suministro \u00e1gil y resistente que a\u00edsla a la empresa de la volatilidad y la abre a posibilidades a escala global.<\/span><\/p>\n<p><b>Cont\u00e1ctenos para saber m\u00e1s sobre c\u00f3mo su Departamento de suministro puede aprovechar todo el potencial de la automatizaci\u00f3n<\/b><\/p>\n        <\/div>\n\n                            \n<a\n    class=\"tam__link link--31 link--blue modal-button link--light link link--primary link--internal\"\n    href=\"#contactenos\"     aria-label=\": Cont\u00e1ctenos\"    data-loaded\n>\n  <div>\n          <i><\/i>\n        <span>Cont\u00e1ctenos<\/span>\n      <\/div>\n<\/a>              <\/div>\n      <div class=\"tam__block container--default-desktop  wysiwyg\">\n        \n\n\n<div  class=\"image js-image image--square image--small\">\n  <div class=\"image__container\">\n          <picture>\n                <img decoding=\"async\" src=\"https:\/\/roboyo.global\/app\/uploads\/2021\/06\/img-sbf-procurement-square.jpg\" alt=\"Warehouse with boxes stacked on each other\" class=\"image__image\" \/>\n      <\/picture>\n    \n    \n      <\/div>\n<\/div>\n\n      <\/div>\n    <\/div>\n  <\/div>\n<\/section>\n\n\n\n<section  data-loaded\n  class=\"horizontal-posts slider-common  slider-common--dark horizontal-posts--\"\n  data-block=\"appeal\/horizontal-scroller\">\n  <h2 class=\"horizontal-posts__title container\">Contenido relevante  <\/h2>\n  <h2 class=\"horizontal-posts__subtitle container\"><\/h2>\n    <div class=\"horizontal-posts__posts draggable\">\n    \n<article class=\"horizontal-posts__post card--padding card card--post\" data-id=\"12091\">\n  \n    \n            <div class=\"card__image card__image--1-1\" data-lazy style=\"background-color: #f1f1f1;\">\n                                        <img loading=\"lazy\" data-lazy-full=\"https:\/\/roboyo.global\/app\/uploads\/2021\/06\/Header-image-for-Three-Questions-blog-1-1024x498.jpg\" alt=\"La automatizaci\u00f3n inteligente: Tres preguntas para lograr un impacto inmediato y prepararse para el futuro\">\n                    <\/div>\n      <div class=\"card__body\">\n        <h4 class=\"card__category\">Blog<\/h4>\n\n            <a href=\"https:\/\/roboyo.global\/es\/blog\/la-automatizacion-inteligente-tres-preguntas-para-lograr-un-impacto-inmediato-y-prepararse-para-el-futuro\/\">\n            <h3 class=\"card__title\">La automatizaci\u00f3n inteligente: Tres preguntas para lograr un impacto inmediato y prepararse para el futuro<\/h3>\n        <\/a>\n\n      <\/div>\n<\/article>  <\/div>\n  <div class=\"horizontal-posts__footer container\">\n    <input class=\"horizontal-posts__scrollbar\" type=\"range\" min=\"0\" max=\"100\" step=\"0.01\" value=\"0\" \/>\n\n    <div\n      class=\"slider-common__controls-wrapper  slider-common__controls-wrapper--hide\">\n      <button type=\"button\" class=\"swiper-button  swiper-button--prev  js-hozposts-button-prev\"><\/button>\n      <button type=\"button\" class=\"swiper-button  swiper-button--next  js-hozposts-button-next\"><\/button>\n      <div class=\"swiper-pagination  js-slider-pagination\">\n        <span class=\"pagination-current\"><\/span>\n        <span class=\"fraction-symbol\">&#8211;<\/span>\n        <span class=\"pagination-total\"><\/span>\n      <\/div>\n    <\/div>\n\n\n  <\/div>\n  <\/section>\n\n<div aria-hidden=\"true\" class=\"appeal-spacer appeal-spacer--69d494c1784bc  appeal-spacer--transparent\">\r\n<style>\r\n\/* Ultrawide *\/\r\n.appeal-spacer--69d494c1784bc {\r\n    height: 0px;\r\n}\r\n\r\n\/* Desktop *\/\r\n@media (max-width: 1920px) {\r\n    .appeal-spacer--69d494c1784bc {\r\n        height: 0px;\r\n    }\r\n}\r\n\r\n\/* Laptop *\/\r\n@media (max-width: 1024px) {\r\n    .appeal-spacer--69d494c1784bc {\r\n        height: 50px;\r\n    }\r\n}\r\n\r\n\/* Mobile *\/\r\n@media (max-width: 767px) {\r\n    .appeal-spacer--69d494c1784bc {\r\n        height: 50px;\r\n    }\r\n}\r\n<\/style>\r\n<\/div>\r\n\n\n\r\n\r\n<section  data-horizontal-hide data-loaded class=\"cta cta--none cta--  async-load\" data-block=\"appeal\/cta\">\r\n    \r\n    <div class=\"cta__container container--edge-to-edge\">\r\n                    <h2 class=\"cta__title\">pasa al siguiente nivel. ahora.<\/h2>\r\n                        <div class=\"cta__button\">\r\n                            \n<a\n    class=\"cta__link modal-button link--dark link--dark-blue  link link--primary link--internal\"\n    href=\"#cta_footer\"     aria-label=\"Contact Us: contacta con nosotros\"    data-loaded\n>\n  <div>\n          <i><\/i>\n        <span>contacta con nosotros<\/span>\n      <\/div>\n<\/a>                    <\/div>\r\n    <\/div>\r\n    <div class=\"cta__modal\">\r\n        \r\n    <\/div>\r\n<\/section>","protected":false},"excerpt":{"rendered":"","protected":false},"author":1,"featured_media":3248,"parent":12157,"menu_order":5,"comment_status":"closed","ping_status":"closed","template":"","meta":{"_acf_changed":false,"footnotes":""},"wf_page_folders":[],"class_list":["post-11924","page","type-page","status-publish","has-post-thumbnail","hentry"],"acf":[],"yoast_head":"<!-- This site is optimized with the Yoast SEO Premium plugin v26.0 (Yoast SEO v26.8) - https:\/\/yoast.com\/product\/yoast-seo-premium-wordpress\/ -->\n<title>La Automatizaci\u00f3n Inteligente En El \u00c1rea De Suministros<\/title>\n<meta name=\"description\" content=\"Descubra c\u00f3mo la automatizaci\u00f3n inteligente en compras puede revolucionar sus procesos de negocio con la tecnolog\u00eda de vanguardia de Roboyo.\" \/>\n<meta name=\"robots\" content=\"index, follow, max-snippet:-1, max-image-preview:large, max-video-preview:-1\" \/>\n<link rel=\"canonical\" href=\"https:\/\/roboyo.global\/es\/soluciones-por-departamento\/la-automatizacion-inteligente-en-el-departamento-de-suministros\/\" \/>\n<meta property=\"og:locale\" content=\"es_ES\" \/>\n<meta property=\"og:type\" content=\"article\" \/>\n<meta property=\"og:title\" content=\"La automatizaci\u00f3n inteligente en el departamento de suministros\" \/>\n<meta property=\"og:description\" content=\"Descubra c\u00f3mo la automatizaci\u00f3n inteligente en compras puede revolucionar sus procesos de negocio con la tecnolog\u00eda de vanguardia de Roboyo.\" \/>\n<meta property=\"og:url\" content=\"https:\/\/roboyo.global\/es\/soluciones-por-departamento\/la-automatizacion-inteligente-en-el-departamento-de-suministros\/\" \/>\n<meta property=\"og:site_name\" content=\"Roboyo\" \/>\n<meta property=\"article:modified_time\" content=\"2024-05-21T11:16:36+00:00\" \/>\n<meta property=\"og:image\" content=\"https:\/\/roboyo.global\/app\/uploads\/2021\/06\/img-sbf-procurement-square.jpg\" \/>\n\t<meta property=\"og:image:width\" content=\"1420\" \/>\n\t<meta property=\"og:image:height\" content=\"1420\" \/>\n\t<meta property=\"og:image:type\" content=\"image\/jpeg\" \/>\n<meta name=\"twitter:card\" content=\"summary_large_image\" \/>\n<meta name=\"twitter:label1\" content=\"Est. reading time\" \/>\n\t<meta name=\"twitter:data1\" content=\"3 minutes\" \/>\n<script type=\"application\/ld+json\" class=\"yoast-schema-graph\">{\"@context\":\"https:\/\/schema.org\",\"@graph\":[{\"@type\":\"WebPage\",\"@id\":\"https:\/\/roboyo.global\/es\/soluciones-por-departamento\/la-automatizacion-inteligente-en-el-departamento-de-suministros\/\",\"url\":\"https:\/\/roboyo.global\/es\/soluciones-por-departamento\/la-automatizacion-inteligente-en-el-departamento-de-suministros\/\",\"name\":\"La Automatizaci\u00f3n Inteligente En El \u00c1rea De Suministros\",\"isPartOf\":{\"@id\":\"https:\/\/roboyo.global\/es\/#website\"},\"primaryImageOfPage\":{\"@id\":\"https:\/\/roboyo.global\/es\/soluciones-por-departamento\/la-automatizacion-inteligente-en-el-departamento-de-suministros\/#primaryimage\"},\"image\":{\"@id\":\"https:\/\/roboyo.global\/es\/soluciones-por-departamento\/la-automatizacion-inteligente-en-el-departamento-de-suministros\/#primaryimage\"},\"thumbnailUrl\":\"https:\/\/roboyo.global\/app\/uploads\/2021\/06\/img-sbf-procurement-square.jpg\",\"datePublished\":\"2021-07-07T09:09:54+00:00\",\"dateModified\":\"2024-05-21T11:16:36+00:00\",\"description\":\"Descubra c\u00f3mo la automatizaci\u00f3n inteligente en compras puede revolucionar sus procesos de negocio con la tecnolog\u00eda de vanguardia de Roboyo.\",\"breadcrumb\":{\"@id\":\"https:\/\/roboyo.global\/es\/soluciones-por-departamento\/la-automatizacion-inteligente-en-el-departamento-de-suministros\/#breadcrumb\"},\"inLanguage\":\"es-ES\",\"potentialAction\":[{\"@type\":\"ReadAction\",\"target\":[\"https:\/\/roboyo.global\/es\/soluciones-por-departamento\/la-automatizacion-inteligente-en-el-departamento-de-suministros\/\"]}]},{\"@type\":\"ImageObject\",\"inLanguage\":\"es-ES\",\"@id\":\"https:\/\/roboyo.global\/es\/soluciones-por-departamento\/la-automatizacion-inteligente-en-el-departamento-de-suministros\/#primaryimage\",\"url\":\"https:\/\/roboyo.global\/app\/uploads\/2021\/06\/img-sbf-procurement-square.jpg\",\"contentUrl\":\"https:\/\/roboyo.global\/app\/uploads\/2021\/06\/img-sbf-procurement-square.jpg\",\"width\":1420,\"height\":1420,\"caption\":\"Warehouse with boxes stacked on each other\"},{\"@type\":\"BreadcrumbList\",\"@id\":\"https:\/\/roboyo.global\/es\/soluciones-por-departamento\/la-automatizacion-inteligente-en-el-departamento-de-suministros\/#breadcrumb\",\"itemListElement\":[{\"@type\":\"ListItem\",\"position\":1,\"name\":\"Home\",\"item\":\"https:\/\/roboyo.global\/es\/\"},{\"@type\":\"ListItem\",\"position\":2,\"name\":\"Soluciones por Departamento\"},{\"@type\":\"ListItem\",\"position\":3,\"name\":\"La automatizaci\u00f3n inteligente en el departamento de suministros\"}]},{\"@type\":\"WebSite\",\"@id\":\"https:\/\/roboyo.global\/es\/#website\",\"url\":\"https:\/\/roboyo.global\/es\/\",\"name\":\"Roboyo - Your Agentic Automation & AI Partner of Choice\",\"description\":\"We take what\u2019s possible to the next level. Now.\",\"potentialAction\":[{\"@type\":\"SearchAction\",\"target\":{\"@type\":\"EntryPoint\",\"urlTemplate\":\"https:\/\/roboyo.global\/es\/?s={search_term_string}\"},\"query-input\":{\"@type\":\"PropertyValueSpecification\",\"valueRequired\":true,\"valueName\":\"search_term_string\"}}],\"inLanguage\":\"es-ES\"}]}<\/script>\n<!-- \/ Yoast SEO Premium plugin. -->","yoast_head_json":{"title":"La Automatizaci\u00f3n Inteligente En El \u00c1rea De Suministros","description":"Descubra c\u00f3mo la automatizaci\u00f3n inteligente en compras puede revolucionar sus procesos de negocio con la tecnolog\u00eda de vanguardia de Roboyo.","robots":{"index":"index","follow":"follow","max-snippet":"max-snippet:-1","max-image-preview":"max-image-preview:large","max-video-preview":"max-video-preview:-1"},"canonical":"https:\/\/roboyo.global\/es\/soluciones-por-departamento\/la-automatizacion-inteligente-en-el-departamento-de-suministros\/","og_locale":"es_ES","og_type":"article","og_title":"La automatizaci\u00f3n inteligente en el departamento de suministros","og_description":"Descubra c\u00f3mo la automatizaci\u00f3n inteligente en compras puede revolucionar sus procesos de negocio con la tecnolog\u00eda de vanguardia de Roboyo.","og_url":"https:\/\/roboyo.global\/es\/soluciones-por-departamento\/la-automatizacion-inteligente-en-el-departamento-de-suministros\/","og_site_name":"Roboyo","article_modified_time":"2024-05-21T11:16:36+00:00","og_image":[{"width":1420,"height":1420,"url":"https:\/\/roboyo.global\/app\/uploads\/2021\/06\/img-sbf-procurement-square.jpg","type":"image\/jpeg"}],"twitter_card":"summary_large_image","twitter_misc":{"Est. reading time":"3 minutes"},"schema":{"@context":"https:\/\/schema.org","@graph":[{"@type":"WebPage","@id":"https:\/\/roboyo.global\/es\/soluciones-por-departamento\/la-automatizacion-inteligente-en-el-departamento-de-suministros\/","url":"https:\/\/roboyo.global\/es\/soluciones-por-departamento\/la-automatizacion-inteligente-en-el-departamento-de-suministros\/","name":"La Automatizaci\u00f3n Inteligente En El \u00c1rea De Suministros","isPartOf":{"@id":"https:\/\/roboyo.global\/es\/#website"},"primaryImageOfPage":{"@id":"https:\/\/roboyo.global\/es\/soluciones-por-departamento\/la-automatizacion-inteligente-en-el-departamento-de-suministros\/#primaryimage"},"image":{"@id":"https:\/\/roboyo.global\/es\/soluciones-por-departamento\/la-automatizacion-inteligente-en-el-departamento-de-suministros\/#primaryimage"},"thumbnailUrl":"https:\/\/roboyo.global\/app\/uploads\/2021\/06\/img-sbf-procurement-square.jpg","datePublished":"2021-07-07T09:09:54+00:00","dateModified":"2024-05-21T11:16:36+00:00","description":"Descubra c\u00f3mo la automatizaci\u00f3n inteligente en compras puede revolucionar sus procesos de negocio con la tecnolog\u00eda de vanguardia de Roboyo.","breadcrumb":{"@id":"https:\/\/roboyo.global\/es\/soluciones-por-departamento\/la-automatizacion-inteligente-en-el-departamento-de-suministros\/#breadcrumb"},"inLanguage":"es-ES","potentialAction":[{"@type":"ReadAction","target":["https:\/\/roboyo.global\/es\/soluciones-por-departamento\/la-automatizacion-inteligente-en-el-departamento-de-suministros\/"]}]},{"@type":"ImageObject","inLanguage":"es-ES","@id":"https:\/\/roboyo.global\/es\/soluciones-por-departamento\/la-automatizacion-inteligente-en-el-departamento-de-suministros\/#primaryimage","url":"https:\/\/roboyo.global\/app\/uploads\/2021\/06\/img-sbf-procurement-square.jpg","contentUrl":"https:\/\/roboyo.global\/app\/uploads\/2021\/06\/img-sbf-procurement-square.jpg","width":1420,"height":1420,"caption":"Warehouse with boxes stacked on each other"},{"@type":"BreadcrumbList","@id":"https:\/\/roboyo.global\/es\/soluciones-por-departamento\/la-automatizacion-inteligente-en-el-departamento-de-suministros\/#breadcrumb","itemListElement":[{"@type":"ListItem","position":1,"name":"Home","item":"https:\/\/roboyo.global\/es\/"},{"@type":"ListItem","position":2,"name":"Soluciones por Departamento"},{"@type":"ListItem","position":3,"name":"La automatizaci\u00f3n inteligente en el departamento de suministros"}]},{"@type":"WebSite","@id":"https:\/\/roboyo.global\/es\/#website","url":"https:\/\/roboyo.global\/es\/","name":"Roboyo - Your Agentic Automation & AI Partner of Choice","description":"We take what\u2019s possible to the next level. Now.","potentialAction":[{"@type":"SearchAction","target":{"@type":"EntryPoint","urlTemplate":"https:\/\/roboyo.global\/es\/?s={search_term_string}"},"query-input":{"@type":"PropertyValueSpecification","valueRequired":true,"valueName":"search_term_string"}}],"inLanguage":"es-ES"}]}},"_links":{"self":[{"href":"https:\/\/roboyo.global\/es\/wp-json\/wp\/v2\/pages\/11924","targetHints":{"allow":["GET"]}}],"collection":[{"href":"https:\/\/roboyo.global\/es\/wp-json\/wp\/v2\/pages"}],"about":[{"href":"https:\/\/roboyo.global\/es\/wp-json\/wp\/v2\/types\/page"}],"author":[{"embeddable":true,"href":"https:\/\/roboyo.global\/es\/wp-json\/wp\/v2\/users\/1"}],"replies":[{"embeddable":true,"href":"https:\/\/roboyo.global\/es\/wp-json\/wp\/v2\/comments?post=11924"}],"version-history":[{"count":28,"href":"https:\/\/roboyo.global\/es\/wp-json\/wp\/v2\/pages\/11924\/revisions"}],"predecessor-version":[{"id":81744,"href":"https:\/\/roboyo.global\/es\/wp-json\/wp\/v2\/pages\/11924\/revisions\/81744"}],"up":[{"embeddable":true,"href":"https:\/\/roboyo.global\/es\/wp-json\/wp\/v2\/pages\/12157"}],"wp:featuredmedia":[{"embeddable":true,"href":"https:\/\/roboyo.global\/es\/wp-json\/wp\/v2\/media\/3248"}],"wp:attachment":[{"href":"https:\/\/roboyo.global\/es\/wp-json\/wp\/v2\/media?parent=11924"}],"wp:term":[{"taxonomy":"wf_page_folders","embeddable":true,"href":"https:\/\/roboyo.global\/es\/wp-json\/wp\/v2\/wf_page_folders?post=11924"}],"curies":[{"name":"wp","href":"https:\/\/api.w.org\/{rel}","templated":true}]}}