{"id":11915,"date":"2021-07-06T21:08:57","date_gmt":"2021-07-06T20:08:57","guid":{"rendered":"https:\/\/roboyo.global\/?page_id=11915"},"modified":"2024-05-21T11:56:30","modified_gmt":"2024-05-21T10:56:30","slug":"la-automatizacion-inteligente-en-el-departamento-de-informatica","status":"publish","type":"page","link":"https:\/\/roboyo.global\/es\/soluciones-por-departamento\/la-automatizacion-inteligente-en-el-departamento-de-informatica\/","title":{"rendered":"La automatizaci\u00f3n inteligente en el departamento de inform\u00e1tica"},"content":{"rendered":"\r\n\r\n<section  data-loaded data-nav-transparent class=\"hero-header-2 \" data-block=\"appeal\/hero-2\">\r\n    <div class=\"hero-header-2__wrapper\">\r\n        <div class=\"hero-header-2__container\">\r\n            <div class=\"hero-header-2__content\">\r\n                                <h1 class=\"hero-header-2__title hero-header-2__title--small\">\r\n                                            <span class=\"hero-header-2__title hero-header-2__title--top hero-header-2__title--small\">La automatizaci\u00f3n inteligente en el departamento de inform\u00e1tica<\/span>\r\n                    \r\n\r\n                    \r\n                <\/h1>\r\n                <div class=\"hero-header-2__description\">\r\n                                    <\/div>\r\n            <\/div>\r\n                    <\/div>\r\n    <\/div>\r\n<\/section>\n\n\r\n\r\n<section  data-loaded class=\"horizontal-nav horizontal-nav--light  async-load\">\r\n    <div class=\"horizontal-nav__container container--1644\">\r\n        <nav class=\"horizontal-nav__nav\">\r\n            <ul class=\"horizontal-nav__links\">\r\n                                                                                        <li class=\"horizontal-nav__link  horizontal-nav__link--mobile-default  js-hnav-default-mobile-link\">\r\n                                <a href=\"#\">Menu<\/a>\r\n                            <\/li>\r\n                                                <li class=\"horizontal-nav__link  js-hnav-link\" data-url-path=\"\/es\/soluciones-por-departamento\/la-automatizacion-inteligente-en-las-finanzas\/\">\r\n                                                        <a href=\"https:\/\/roboyo.global\/es\/soluciones-por-departamento\/la-automatizacion-inteligente-en-las-finanzas\/\">Finanzas<\/a>\r\n                            \r\n                                                    <\/li>\r\n                                                                                                        <li class=\"horizontal-nav__link  js-hnav-link\" data-url-path=\"\/es\/soluciones-por-departamento\/la-automatizacion-inteligente-en-el-departamento-de-informatica\/\">\r\n                                                        <a href=\"https:\/\/roboyo.global\/es\/soluciones-por-departamento\/la-automatizacion-inteligente-en-el-departamento-de-informatica\/\">Departamento de inform\u00e1tica<\/a>\r\n                            \r\n                                                    <\/li>\r\n                                                                                                        <li class=\"horizontal-nav__link  js-hnav-link\" data-url-path=\"\/es\/soluciones-por-departamento\/la-automatizacion-inteligente-en-el-departamento-de-operaciones\/\">\r\n                                                        <a href=\"https:\/\/roboyo.global\/es\/soluciones-por-departamento\/la-automatizacion-inteligente-en-el-departamento-de-operaciones\/\">Operaciones<\/a>\r\n                            \r\n                                                    <\/li>\r\n                                                                                                        <li class=\"horizontal-nav__link  js-hnav-link\" data-url-path=\"\/es\/soluciones-por-departamento\/la-automatizacion-inteligente-de-recursos-humanos\/\">\r\n                                                        <a href=\"https:\/\/roboyo.global\/es\/soluciones-por-departamento\/la-automatizacion-inteligente-de-recursos-humanos\/\">Recursos humanos<\/a>\r\n                            \r\n                                                    <\/li>\r\n                                                                                                        <li class=\"horizontal-nav__link  js-hnav-link\" data-url-path=\"\/es\/soluciones-por-departamento\/la-automatizacion-inteligente-en-el-departamento-de-suministros\/\">\r\n                                                        <a href=\"https:\/\/roboyo.global\/es\/soluciones-por-departamento\/la-automatizacion-inteligente-en-el-departamento-de-suministros\/\">Departamento de suministros<\/a>\r\n                            \r\n                                                    <\/li>\r\n                                                                                                        <li class=\"horizontal-nav__link  js-hnav-link\" data-url-path=\"\/es\/soluciones-por-departamento\/la-automatizacion-inteligente-en-el-servicio-de-atencion-al-cliente\/\">\r\n                                                        <a href=\"https:\/\/roboyo.global\/es\/soluciones-por-departamento\/la-automatizacion-inteligente-en-el-servicio-de-atencion-al-cliente\/\">Servicio de atenci\u00f3n al cliente<\/a>\r\n                            \r\n                                                    <\/li>\r\n                                                                                                        <li class=\"horizontal-nav__link  js-hnav-link\" data-url-path=\"\/es\/soluciones-por-departamento\/la-automatizacion-inteligente-en-la-cadena-de-suministro\/\">\r\n                                                        <a href=\"https:\/\/roboyo.global\/es\/soluciones-por-departamento\/la-automatizacion-inteligente-en-la-cadena-de-suministro\/\">CADENA DE SUMINISTRO<\/a>\r\n                            \r\n                                                    <\/li>\r\n                                                <\/ul>\r\n        <\/nav>\r\n    <\/div>\r\n<\/section>\n\n\r\n\r\n<section data-loaded data-nav-transparent class=\"hero-header-5 hero-header-5--white \" data-block=\"appeal\/hero-5\">\r\n    <div class=\"hero-header-5__container\">\r\n        <div class=\"hero-header-5__content\">\r\n            <div class=\"hero-header-5__inner-content\">\r\n                                    <h2 class=\"hero-header-5__title\">Soluciones por Departamento<\/h2>\r\n                \r\n                                    <p class=\"hero-header-5__subtitle\">departamento de inform\u00e1tica<\/p>\r\n                            <\/div>\r\n                    <\/div>\r\n    <\/div>\r\n<\/section>\n\n<div aria-hidden=\"true\" class=\"appeal-spacer appeal-spacer--69e406aa57082  appeal-spacer--transparent\">\r\n<style>\r\n\/* Ultrawide *\/\r\n.appeal-spacer--69e406aa57082 {\r\n    height: 100px;\r\n}\r\n\r\n\/* Desktop *\/\r\n@media (max-width: 1920px) {\r\n    .appeal-spacer--69e406aa57082 {\r\n        height: 100px;\r\n    }\r\n}\r\n\r\n\/* Laptop *\/\r\n@media (max-width: 1024px) {\r\n    .appeal-spacer--69e406aa57082 {\r\n        height: 50px;\r\n    }\r\n}\r\n\r\n\/* Mobile *\/\r\n@media (max-width: 767px) {\r\n    .appeal-spacer--69e406aa57082 {\r\n        height: 50px;\r\n    }\r\n}\r\n<\/style>\r\n<\/div>\r\n\n\n\r\n\r\n\r\n<section class=\"standout-text \" data-block=\"appeal\/standout-text\">\r\n  <div class=\"standout-text__container container--large\">\r\n    <div class=\"standout-text__content\">\r\n              <h2 class=\"standout-text__title standout-text__title-- standout-text__title--demi standout-text__title--\">Ayudamos a los l\u00edderes de la inform\u00e1tica a aprovechar todo el abanico de tecnolog\u00edas de automatizaci\u00f3n, lo que permite a sus empresas llegar m\u00e1s lejos, m\u00e1s r\u00e1pido.<\/h2>\r\n          <\/div>\r\n  <\/div>\r\n<\/section>\n\n<div aria-hidden=\"true\" class=\"appeal-spacer appeal-spacer--69e406aa58395  appeal-spacer--transparent\">\r\n<style>\r\n\/* Ultrawide *\/\r\n.appeal-spacer--69e406aa58395 {\r\n    height: 150px;\r\n}\r\n\r\n\/* Desktop *\/\r\n@media (max-width: 1920px) {\r\n    .appeal-spacer--69e406aa58395 {\r\n        height: 150px;\r\n    }\r\n}\r\n\r\n\/* Laptop *\/\r\n@media (max-width: 1024px) {\r\n    .appeal-spacer--69e406aa58395 {\r\n        height: 50px;\r\n    }\r\n}\r\n\r\n\/* Mobile *\/\r\n@media (max-width: 767px) {\r\n    .appeal-spacer--69e406aa58395 {\r\n        height: 75px;\r\n    }\r\n}\r\n<\/style>\r\n<\/div>\r\n\n\n\n\n\n<section data-loaded class=\"tam tam--ltr tam--  tam--\" data-block=\"appeal\/text-and-inner-content\">\n  <div class=\"tam__container container--1543\">\n    <div class=\"tam__contain\">\n          <div class=\"tam__text container--default-desktop tam__text--top\">\n\n        \n                          \n        \n        \n\n        \n        <div class=\"tam__content wysiwyg\">\n          <h6><span style=\"font-weight: 400;\">El inter\u00e9s por lo digital en el mundo, combinado con el ritmo del cambio tecnol\u00f3gico, significa que las tecnolog\u00edas emergentes tienen el potencial de impulsar la eficiencia y el crecimiento al siguiente nivel. <\/span><\/h6>\n<p><span style=\"font-weight: 400;\">La automatizaci\u00f3n inteligente act\u00faa como plataforma de lanzamiento.\u00a0<\/span><\/p>\n<p><span style=\"font-weight: 400;\">La automatizaci\u00f3n cataliza flujos de trabajo eficientes para ofrecer un apoyo empresarial mejor, m\u00e1s r\u00e1pido y m\u00e1s rentable. Los recursos liberados gracias a la automatizaci\u00f3n sin fisuras pueden reutilizarse para abordar tareas m\u00e1s complejas y valiosas.<\/span><\/p>\n<p><span style=\"color: #2154ed;\"><b>La automatizaci\u00f3n inteligente de procesos posiciona firmemente a los l\u00edderes inform\u00e1ticos no s\u00f3lo como ejemplos de las mejores pr\u00e1cticas tecnol\u00f3gicas, sino como l\u00edderes din\u00e1micos que aportan un valor empresarial real.<\/b><\/span><\/p>\n<p><span style=\"font-weight: 400;\">El departamento de inform\u00e1tica, aumentada por la automatizaci\u00f3n impulsada por la <a href=\"https:\/\/roboyo.global\/es\/tecnologias\/ia-conversacional\/\">IA<\/a>, se encuentra en una posici\u00f3n \u00fanica para crear una empresa \u00e1gil, un motor de innovaci\u00f3n del modelo de negocio, centrado en el cliente y una ventaja competitiva.<\/span><\/p>\n<p><b>Cont\u00e1ctenos para saber c\u00f3mo su departamento inform\u00e1tico puede aprovechar todo el potencial de la automatizaci\u00f3n<\/b><\/p>\n        <\/div>\n\n                            \n<a\n    class=\"tam__link link--31 link--blue modal-button link-- link link--primary link--internal\"\n    href=\"#contactenos\"     aria-label=\": CONT\u00c1CTENOS\"    data-loaded\n>\n  <div>\n          <i><\/i>\n        <span>CONT\u00c1CTENOS<\/span>\n      <\/div>\n<\/a>              <\/div>\n      <div class=\"tam__block container--default-desktop  wysiwyg\">\n        \n\n\n<div  class=\"image js-image image--square image--small\">\n  <div class=\"image__container\">\n          <picture>\n                <img decoding=\"async\" src=\"https:\/\/roboyo.global\/app\/uploads\/2021\/06\/img-sbf-it-square.jpg\" alt=\"Mac laptop and a finger pointing\" class=\"image__image\" \/>\n      <\/picture>\n    \n    \n      <\/div>\n<\/div>\n\n      <\/div>\n    <\/div>\n  <\/div>\n<\/section>\n\n\n\n<section  data-loaded\n  class=\"horizontal-posts slider-common  slider-common--dark horizontal-posts--\"\n  data-block=\"appeal\/horizontal-scroller\">\n  <h2 class=\"horizontal-posts__title container\">Contenido relevante  <\/h2>\n  <h2 class=\"horizontal-posts__subtitle container\"><\/h2>\n    <div class=\"horizontal-posts__posts draggable\">\n    \n<article class=\"horizontal-posts__post card--padding card card--post\" data-id=\"41298\">\n  \n    \n            <div class=\"card__image card__image--1-1\" data-lazy style=\"background-color: #f1f1f1;\">\n                                        <img loading=\"lazy\" data-lazy-full=\"https:\/\/roboyo.global\/app\/uploads\/2022\/09\/erol-ahmed-resized-1024x576.jpg\" alt=\"\u00bfpuede La Automatizaci\u00f3n Ayudar A Los Gobiernos A Estar Preparados Para Lo Peor?\">\n                    <\/div>\n      <div class=\"card__body\">\n        <h4 class=\"card__category\">Blog<\/h4>\n\n            <a href=\"https:\/\/roboyo.global\/es\/blog\/puede-la-automatizacion-ayudar-a-los-gobiernos-a-estar-preparados-para-lo-peor\/\">\n            <h3 class=\"card__title\">\u00bfpuede La Automatizaci\u00f3n Ayudar A Los Gobiernos A Estar Preparados Para Lo Peor?<\/h3>\n        <\/a>\n\n      <\/div>\n<\/article>  <\/div>\n  <div class=\"horizontal-posts__footer container\">\n    <input class=\"horizontal-posts__scrollbar\" type=\"range\" min=\"0\" max=\"100\" step=\"0.01\" value=\"0\" \/>\n\n    <div\n      class=\"slider-common__controls-wrapper  slider-common__controls-wrapper--hide\">\n      <button type=\"button\" class=\"swiper-button  swiper-button--prev  js-hozposts-button-prev\"><\/button>\n      <button type=\"button\" class=\"swiper-button  swiper-button--next  js-hozposts-button-next\"><\/button>\n      <div class=\"swiper-pagination  js-slider-pagination\">\n        <span class=\"pagination-current\"><\/span>\n        <span class=\"fraction-symbol\">&#8211;<\/span>\n        <span class=\"pagination-total\"><\/span>\n      <\/div>\n    <\/div>\n\n\n  <\/div>\n  <\/section>\n\n<div aria-hidden=\"true\" class=\"appeal-spacer appeal-spacer--69e406aa636a4  appeal-spacer--transparent\">\r\n<style>\r\n\/* Ultrawide *\/\r\n.appeal-spacer--69e406aa636a4 {\r\n    height: 50px;\r\n}\r\n\r\n\/* Desktop *\/\r\n@media (max-width: 1920px) {\r\n    .appeal-spacer--69e406aa636a4 {\r\n        height: 50px;\r\n    }\r\n}\r\n\r\n\/* Laptop *\/\r\n@media (max-width: 1024px) {\r\n    .appeal-spacer--69e406aa636a4 {\r\n        height: 75px;\r\n    }\r\n}\r\n\r\n\/* Mobile *\/\r\n@media (max-width: 767px) {\r\n    .appeal-spacer--69e406aa636a4 {\r\n        height: 50px;\r\n    }\r\n}\r\n<\/style>\r\n<\/div>\r\n\n\n\r\n\r\n<section  data-horizontal-hide data-loaded class=\"cta cta--none cta--  async-load\" data-block=\"appeal\/cta\">\r\n    \r\n    <div class=\"cta__container container--edge-to-edge\">\r\n                    <h2 class=\"cta__title\">pasa al siguiente nivel. ahora.<\/h2>\r\n                        <div class=\"cta__button\">\r\n                            \n<a\n    class=\"cta__link modal-button link--dark link--dark-blue  link link--primary link--internal\"\n    href=\"#cta_footer\"     aria-label=\"Contact Us: contacta con nosotros\"    data-loaded\n>\n  <div>\n          <i><\/i>\n        <span>contacta con nosotros<\/span>\n      <\/div>\n<\/a>                    <\/div>\r\n    <\/div>\r\n    <div class=\"cta__modal\">\r\n        \r\n    <\/div>\r\n<\/section>","protected":false},"excerpt":{"rendered":"","protected":false},"author":1,"featured_media":3240,"parent":12157,"menu_order":2,"comment_status":"closed","ping_status":"closed","template":"","meta":{"_acf_changed":false,"footnotes":""},"wf_page_folders":[],"class_list":["post-11915","page","type-page","status-publish","has-post-thumbnail","hentry"],"acf":[],"yoast_head":"<!-- This site is optimized with the Yoast SEO Premium plugin v26.0 (Yoast SEO v26.8) - https:\/\/yoast.com\/product\/yoast-seo-premium-wordpress\/ -->\n<title>La Automatizaci\u00f3n Inteligente En El \u00c1rea De Inform\u00e1tica<\/title>\n<meta name=\"description\" content=\"Optimice sus procesos de TI con la automatizaci\u00f3n inteligente de Roboyo. Diga adi\u00f3s a las tareas manuales y hola al aumento del ROI.\" \/>\n<meta name=\"robots\" content=\"index, follow, max-snippet:-1, max-image-preview:large, max-video-preview:-1\" \/>\n<link rel=\"canonical\" href=\"https:\/\/roboyo.global\/es\/soluciones-por-departamento\/la-automatizacion-inteligente-en-el-departamento-de-informatica\/\" \/>\n<meta property=\"og:locale\" content=\"es_ES\" \/>\n<meta property=\"og:type\" content=\"article\" \/>\n<meta property=\"og:title\" content=\"La automatizaci\u00f3n inteligente en el departamento de inform\u00e1tica\" \/>\n<meta property=\"og:description\" content=\"Optimice sus procesos de TI con la automatizaci\u00f3n inteligente de Roboyo. Diga adi\u00f3s a las tareas manuales y hola al aumento del ROI.\" \/>\n<meta property=\"og:url\" content=\"https:\/\/roboyo.global\/es\/soluciones-por-departamento\/la-automatizacion-inteligente-en-el-departamento-de-informatica\/\" \/>\n<meta property=\"og:site_name\" content=\"Roboyo\" \/>\n<meta property=\"article:modified_time\" content=\"2024-05-21T10:56:30+00:00\" \/>\n<meta property=\"og:image\" content=\"https:\/\/roboyo.global\/app\/uploads\/2021\/06\/img-sbf-it-square.jpg\" \/>\n\t<meta property=\"og:image:width\" content=\"1420\" \/>\n\t<meta property=\"og:image:height\" content=\"1420\" \/>\n\t<meta property=\"og:image:type\" content=\"image\/jpeg\" \/>\n<meta name=\"twitter:card\" content=\"summary_large_image\" \/>\n<meta name=\"twitter:label1\" content=\"Est. reading time\" \/>\n\t<meta name=\"twitter:data1\" content=\"3 minutes\" \/>\n<script type=\"application\/ld+json\" class=\"yoast-schema-graph\">{\"@context\":\"https:\/\/schema.org\",\"@graph\":[{\"@type\":\"WebPage\",\"@id\":\"https:\/\/roboyo.global\/es\/soluciones-por-departamento\/la-automatizacion-inteligente-en-el-departamento-de-informatica\/\",\"url\":\"https:\/\/roboyo.global\/es\/soluciones-por-departamento\/la-automatizacion-inteligente-en-el-departamento-de-informatica\/\",\"name\":\"La Automatizaci\u00f3n Inteligente En El \u00c1rea De Inform\u00e1tica\",\"isPartOf\":{\"@id\":\"https:\/\/roboyo.global\/es\/#website\"},\"primaryImageOfPage\":{\"@id\":\"https:\/\/roboyo.global\/es\/soluciones-por-departamento\/la-automatizacion-inteligente-en-el-departamento-de-informatica\/#primaryimage\"},\"image\":{\"@id\":\"https:\/\/roboyo.global\/es\/soluciones-por-departamento\/la-automatizacion-inteligente-en-el-departamento-de-informatica\/#primaryimage\"},\"thumbnailUrl\":\"https:\/\/roboyo.global\/app\/uploads\/2021\/06\/img-sbf-it-square.jpg\",\"datePublished\":\"2021-07-06T20:08:57+00:00\",\"dateModified\":\"2024-05-21T10:56:30+00:00\",\"description\":\"Optimice sus procesos de TI con la automatizaci\u00f3n inteligente de Roboyo. Diga adi\u00f3s a las tareas manuales y hola al aumento del ROI.\",\"breadcrumb\":{\"@id\":\"https:\/\/roboyo.global\/es\/soluciones-por-departamento\/la-automatizacion-inteligente-en-el-departamento-de-informatica\/#breadcrumb\"},\"inLanguage\":\"es-ES\",\"potentialAction\":[{\"@type\":\"ReadAction\",\"target\":[\"https:\/\/roboyo.global\/es\/soluciones-por-departamento\/la-automatizacion-inteligente-en-el-departamento-de-informatica\/\"]}]},{\"@type\":\"ImageObject\",\"inLanguage\":\"es-ES\",\"@id\":\"https:\/\/roboyo.global\/es\/soluciones-por-departamento\/la-automatizacion-inteligente-en-el-departamento-de-informatica\/#primaryimage\",\"url\":\"https:\/\/roboyo.global\/app\/uploads\/2021\/06\/img-sbf-it-square.jpg\",\"contentUrl\":\"https:\/\/roboyo.global\/app\/uploads\/2021\/06\/img-sbf-it-square.jpg\",\"width\":1420,\"height\":1420,\"caption\":\"Mac laptop and a finger pointing\"},{\"@type\":\"BreadcrumbList\",\"@id\":\"https:\/\/roboyo.global\/es\/soluciones-por-departamento\/la-automatizacion-inteligente-en-el-departamento-de-informatica\/#breadcrumb\",\"itemListElement\":[{\"@type\":\"ListItem\",\"position\":1,\"name\":\"Home\",\"item\":\"https:\/\/roboyo.global\/es\/\"},{\"@type\":\"ListItem\",\"position\":2,\"name\":\"Soluciones por Departamento\"},{\"@type\":\"ListItem\",\"position\":3,\"name\":\"La automatizaci\u00f3n inteligente en el departamento de inform\u00e1tica\"}]},{\"@type\":\"WebSite\",\"@id\":\"https:\/\/roboyo.global\/es\/#website\",\"url\":\"https:\/\/roboyo.global\/es\/\",\"name\":\"Roboyo - Your Agentic Automation & AI Partner of Choice\",\"description\":\"We take what\u2019s possible to the next level. Now.\",\"potentialAction\":[{\"@type\":\"SearchAction\",\"target\":{\"@type\":\"EntryPoint\",\"urlTemplate\":\"https:\/\/roboyo.global\/es\/?s={search_term_string}\"},\"query-input\":{\"@type\":\"PropertyValueSpecification\",\"valueRequired\":true,\"valueName\":\"search_term_string\"}}],\"inLanguage\":\"es-ES\"}]}<\/script>\n<!-- \/ Yoast SEO Premium plugin. -->","yoast_head_json":{"title":"La Automatizaci\u00f3n Inteligente En El \u00c1rea De Inform\u00e1tica","description":"Optimice sus procesos de TI con la automatizaci\u00f3n inteligente de Roboyo. Diga adi\u00f3s a las tareas manuales y hola al aumento del ROI.","robots":{"index":"index","follow":"follow","max-snippet":"max-snippet:-1","max-image-preview":"max-image-preview:large","max-video-preview":"max-video-preview:-1"},"canonical":"https:\/\/roboyo.global\/es\/soluciones-por-departamento\/la-automatizacion-inteligente-en-el-departamento-de-informatica\/","og_locale":"es_ES","og_type":"article","og_title":"La automatizaci\u00f3n inteligente en el departamento de inform\u00e1tica","og_description":"Optimice sus procesos de TI con la automatizaci\u00f3n inteligente de Roboyo. Diga adi\u00f3s a las tareas manuales y hola al aumento del ROI.","og_url":"https:\/\/roboyo.global\/es\/soluciones-por-departamento\/la-automatizacion-inteligente-en-el-departamento-de-informatica\/","og_site_name":"Roboyo","article_modified_time":"2024-05-21T10:56:30+00:00","og_image":[{"width":1420,"height":1420,"url":"https:\/\/roboyo.global\/app\/uploads\/2021\/06\/img-sbf-it-square.jpg","type":"image\/jpeg"}],"twitter_card":"summary_large_image","twitter_misc":{"Est. reading time":"3 minutes"},"schema":{"@context":"https:\/\/schema.org","@graph":[{"@type":"WebPage","@id":"https:\/\/roboyo.global\/es\/soluciones-por-departamento\/la-automatizacion-inteligente-en-el-departamento-de-informatica\/","url":"https:\/\/roboyo.global\/es\/soluciones-por-departamento\/la-automatizacion-inteligente-en-el-departamento-de-informatica\/","name":"La Automatizaci\u00f3n Inteligente En El \u00c1rea De Inform\u00e1tica","isPartOf":{"@id":"https:\/\/roboyo.global\/es\/#website"},"primaryImageOfPage":{"@id":"https:\/\/roboyo.global\/es\/soluciones-por-departamento\/la-automatizacion-inteligente-en-el-departamento-de-informatica\/#primaryimage"},"image":{"@id":"https:\/\/roboyo.global\/es\/soluciones-por-departamento\/la-automatizacion-inteligente-en-el-departamento-de-informatica\/#primaryimage"},"thumbnailUrl":"https:\/\/roboyo.global\/app\/uploads\/2021\/06\/img-sbf-it-square.jpg","datePublished":"2021-07-06T20:08:57+00:00","dateModified":"2024-05-21T10:56:30+00:00","description":"Optimice sus procesos de TI con la automatizaci\u00f3n inteligente de Roboyo. Diga adi\u00f3s a las tareas manuales y hola al aumento del ROI.","breadcrumb":{"@id":"https:\/\/roboyo.global\/es\/soluciones-por-departamento\/la-automatizacion-inteligente-en-el-departamento-de-informatica\/#breadcrumb"},"inLanguage":"es-ES","potentialAction":[{"@type":"ReadAction","target":["https:\/\/roboyo.global\/es\/soluciones-por-departamento\/la-automatizacion-inteligente-en-el-departamento-de-informatica\/"]}]},{"@type":"ImageObject","inLanguage":"es-ES","@id":"https:\/\/roboyo.global\/es\/soluciones-por-departamento\/la-automatizacion-inteligente-en-el-departamento-de-informatica\/#primaryimage","url":"https:\/\/roboyo.global\/app\/uploads\/2021\/06\/img-sbf-it-square.jpg","contentUrl":"https:\/\/roboyo.global\/app\/uploads\/2021\/06\/img-sbf-it-square.jpg","width":1420,"height":1420,"caption":"Mac laptop and a finger pointing"},{"@type":"BreadcrumbList","@id":"https:\/\/roboyo.global\/es\/soluciones-por-departamento\/la-automatizacion-inteligente-en-el-departamento-de-informatica\/#breadcrumb","itemListElement":[{"@type":"ListItem","position":1,"name":"Home","item":"https:\/\/roboyo.global\/es\/"},{"@type":"ListItem","position":2,"name":"Soluciones por Departamento"},{"@type":"ListItem","position":3,"name":"La automatizaci\u00f3n inteligente en el departamento de inform\u00e1tica"}]},{"@type":"WebSite","@id":"https:\/\/roboyo.global\/es\/#website","url":"https:\/\/roboyo.global\/es\/","name":"Roboyo - Your Agentic Automation & AI Partner of Choice","description":"We take what\u2019s possible to the next level. Now.","potentialAction":[{"@type":"SearchAction","target":{"@type":"EntryPoint","urlTemplate":"https:\/\/roboyo.global\/es\/?s={search_term_string}"},"query-input":{"@type":"PropertyValueSpecification","valueRequired":true,"valueName":"search_term_string"}}],"inLanguage":"es-ES"}]}},"_links":{"self":[{"href":"https:\/\/roboyo.global\/es\/wp-json\/wp\/v2\/pages\/11915","targetHints":{"allow":["GET"]}}],"collection":[{"href":"https:\/\/roboyo.global\/es\/wp-json\/wp\/v2\/pages"}],"about":[{"href":"https:\/\/roboyo.global\/es\/wp-json\/wp\/v2\/types\/page"}],"author":[{"embeddable":true,"href":"https:\/\/roboyo.global\/es\/wp-json\/wp\/v2\/users\/1"}],"replies":[{"embeddable":true,"href":"https:\/\/roboyo.global\/es\/wp-json\/wp\/v2\/comments?post=11915"}],"version-history":[{"count":23,"href":"https:\/\/roboyo.global\/es\/wp-json\/wp\/v2\/pages\/11915\/revisions"}],"predecessor-version":[{"id":81719,"href":"https:\/\/roboyo.global\/es\/wp-json\/wp\/v2\/pages\/11915\/revisions\/81719"}],"up":[{"embeddable":true,"href":"https:\/\/roboyo.global\/es\/wp-json\/wp\/v2\/pages\/12157"}],"wp:featuredmedia":[{"embeddable":true,"href":"https:\/\/roboyo.global\/es\/wp-json\/wp\/v2\/media\/3240"}],"wp:attachment":[{"href":"https:\/\/roboyo.global\/es\/wp-json\/wp\/v2\/media?parent=11915"}],"wp:term":[{"taxonomy":"wf_page_folders","embeddable":true,"href":"https:\/\/roboyo.global\/es\/wp-json\/wp\/v2\/wf_page_folders?post=11915"}],"curies":[{"name":"wp","href":"https:\/\/api.w.org\/{rel}","templated":true}]}}