{"id":11862,"date":"2021-07-06T18:29:07","date_gmt":"2021-07-06T17:29:07","guid":{"rendered":"https:\/\/roboyo.global\/?page_id=11862"},"modified":"2023-05-23T10:03:54","modified_gmt":"2023-05-23T09:03:54","slug":"cockpit","status":"publish","type":"page","link":"https:\/\/roboyo.global\/es\/plataforma\/cockpit\/","title":{"rendered":"Cockpit"},"content":{"rendered":"\r\n\r\n<section data-nav-transparent data-loaded data-nav-transparent class=\"hero-header-4 hero-header-4--default hero-header-4--left  hero-header-4--nav-overlap hero-header-4--fw\" data-block=\"appeal\/hero-4\">\r\n    <div class=\"hero-header-4__wrapper hero-header-4__wrapper--navy\">\r\n        <div class=\"hero-header-4__container\">\r\n                                                <div class=\"hero-header-4__image-wrapper\">\r\n                                                    \n    \n            <div class=\"hero-header-4__image hero-header-4__image--not-svg\" data-lazy=\"1\">\n            <img decoding=\"async\" src=\"https:\/\/roboyo.global\/app\/uploads\/2021\/06\/026-COCKPIT_NOLOOP-200521.gif\" alt=\"roboyo converge cockpit animation\" loading=\"eager\" fetchpriority=\"high\">\n        <\/div>\n                                                <\/div>\r\n                \r\n                        <div class=\"hero-header-4__content hero-header-4__content--\">\r\n                \r\n\r\n                                    <p class=\"hero-header-4__title default\">PLATAFORMA<\/p>\r\n                \r\n                                    <h1 class=\"hero-header-4__subtitle default\">Cockpit<\/h1>\r\n                \r\n                                    <p class=\"hero-header-4__description\">Monitoree &#038; analice los resultados<\/p>\r\n                \r\n            <\/div>\r\n        <\/div>\r\n    <\/div>\r\n<\/section>\n\n\r\n\r\n<section  data-loaded class=\"horizontal-nav horizontal-nav--dark  async-load\">\r\n    <div class=\"horizontal-nav__container container--1644\">\r\n        <nav class=\"horizontal-nav__nav\">\r\n            <ul class=\"horizontal-nav__links\">\r\n                                                                                        <li class=\"horizontal-nav__link  horizontal-nav__link--mobile-default  js-hnav-default-mobile-link\">\r\n                                <a href=\"#\">Menu<\/a>\r\n                            <\/li>\r\n                                                <li class=\"horizontal-nav__link  js-hnav-link\" data-url-path=\"\/es\/plataforma\/roboyo-converge\/\">\r\n                                                        <a href=\"https:\/\/roboyo.global\/es\/plataforma\/roboyo-converge\/\">Converge<\/a>\r\n                            \r\n                                                    <\/li>\r\n                                                                                                        <li class=\"horizontal-nav__link  js-hnav-link\" data-url-path=\"\/es\/plataforma\/campaign\/\">\r\n                                                        <a href=\"https:\/\/roboyo.global\/es\/plataforma\/campaign\/\">Campaign<\/a>\r\n                            \r\n                                                    <\/li>\r\n                                                                                                        <li class=\"horizontal-nav__link  js-hnav-link\" data-url-path=\"\/es\/plataforma\/scout\/\">\r\n                                                        <a href=\"https:\/\/roboyo.global\/es\/plataforma\/scout\/\">Scout<\/a>\r\n                            \r\n                                                    <\/li>\r\n                                                                                                        <li class=\"horizontal-nav__link  js-hnav-link\" data-url-path=\"\/es\/plataforma\/pipeline\/\">\r\n                                                        <a href=\"https:\/\/roboyo.global\/es\/plataforma\/pipeline\/\">Pipeline<\/a>\r\n                            \r\n                                                    <\/li>\r\n                                                                                                        <li class=\"horizontal-nav__link  js-hnav-link\" data-url-path=\"\/es\/plataforma\/coach\/\">\r\n                                                        <a href=\"https:\/\/roboyo.global\/es\/plataforma\/coach\/\">Coach<\/a>\r\n                            \r\n                                                    <\/li>\r\n                                                                                                        <li class=\"horizontal-nav__link  js-hnav-link\" data-url-path=\"\/es\/plataforma\/cockpit\/\">\r\n                                                        <a href=\"https:\/\/roboyo.global\/es\/plataforma\/cockpit\/\">Cockpit<\/a>\r\n                            \r\n                                                    <\/li>\r\n                                                <\/ul>\r\n        <\/nav>\r\n    <\/div>\r\n<\/section>\n\n<div aria-hidden=\"true\" class=\"appeal-spacer appeal-spacer--69d8d92e6599e  appeal-spacer--transparent\">\r\n<style>\r\n\/* Ultrawide *\/\r\n.appeal-spacer--69d8d92e6599e {\r\n    height: 155px;\r\n}\r\n\r\n\/* Desktop *\/\r\n@media (max-width: 1920px) {\r\n    .appeal-spacer--69d8d92e6599e {\r\n        height: 155px;\r\n    }\r\n}\r\n\r\n\/* Laptop *\/\r\n@media (max-width: 1024px) {\r\n    .appeal-spacer--69d8d92e6599e {\r\n        height: 70px;\r\n    }\r\n}\r\n\r\n\/* Mobile *\/\r\n@media (max-width: 767px) {\r\n    .appeal-spacer--69d8d92e6599e {\r\n        height: 70px;\r\n    }\r\n}\r\n<\/style>\r\n<\/div>\r\n\n\n\n\n\n<section data-loaded class=\"tam tam--ltr tam--ltr-respect tam--light  tam--\" data-block=\"appeal\/text-and-inner-content\">\n  <div class=\"tam__container container--1543\">\n    <div class=\"tam__contain\">\n          <div class=\"tam__text container--default-desktop tam__text--top\">\n\n        \n                          \n        \n        \n\n                  \n          <h4 class=\"tam__title tam__title--smaller\">\n            Cockpit es una herramienta de inteligencia empresarial preparada para los directivos y que permite medir el valor de su ecosistema de automatizaci\u00f3n y mejorar su impacto en el negocio.          <\/h4>\n        \n        <div class=\"tam__content wysiwyg\">\n                  <\/div>\n\n                                          <\/div>\n      <div class=\"tam__block container--default-desktop  wysiwyg\">\n        \n\n<p style=\"font-size:22px\">El m\u00f3dulo Cockpit proporciona informes de gran valor estrat\u00e9gico, listos para usar y personalizados, para que pueda liderar su viaje de automatizaci\u00f3n con un enfoque basado en datos y en pruebas.<\/p>\n\n\n\n<p>El panel de control es muy visual y destaca los par\u00e1metros cr\u00edticos para el negocio en toda su cartera de automatizaci\u00f3n, al tiempo que permite a los usuarios profundizar en los datos granulares para una supervisi\u00f3n m\u00e1s detallada. La visibilidad empresarial de los procesos en producci\u00f3n aumenta la transparencia y genera confianza. La supervisi\u00f3n activa y las alertas cuando los acuerdos de nivel de servicio est\u00e1n en peligro garantizan el cumplimiento de los objetivos de rendimiento de calidad.<\/p>\n\n\n\n<p><strong><span class=\"has-inline-color has-blue-color\"><strong>Cockpit puede conectar flujos de datos en tiempo real recogidos en toda la plataforma Converge, a\u00f1adir fuentes de datos externas o integrarse en su intranet.<\/strong><\/span><\/strong><\/p>\n\n\n\n<p>Cockpit va m\u00e1s all\u00e1 de aprovechar los datos para un diagn\u00f3stico m\u00e1s r\u00e1pido de los problemas, un mejor mantenimiento y unas operaciones m\u00e1s estables. Sus conocimientos proporcionan la hoja de ruta necesaria para ir m\u00e1s all\u00e1 de la automatizaci\u00f3n de procesos hasta la transformaci\u00f3n de la empresa.<\/p>\n\n\n\n\n<a\n    class=\"link modal-button link link--primary link--internal\"\n    href=\"#reserva_una_prueba\"     aria-label=\"Reserva una prueba\"    data-loaded\n>\n  <div>\n          <i><\/i>\n        <span>Reserva una prueba<\/span>\n      <\/div>\n<\/a>\n\n      <\/div>\n    <\/div>\n  <\/div>\n<\/section>\n\n<div aria-hidden=\"true\" class=\"appeal-spacer appeal-spacer--69d8d92e6c2bc  appeal-spacer--transparent\">\r\n<style>\r\n\/* Ultrawide *\/\r\n.appeal-spacer--69d8d92e6c2bc {\r\n    height: 130px;\r\n}\r\n\r\n\/* Desktop *\/\r\n@media (max-width: 1920px) {\r\n    .appeal-spacer--69d8d92e6c2bc {\r\n        height: 130px;\r\n    }\r\n}\r\n\r\n\/* Laptop *\/\r\n@media (max-width: 1024px) {\r\n    .appeal-spacer--69d8d92e6c2bc {\r\n        height: 75px;\r\n    }\r\n}\r\n\r\n\/* Mobile *\/\r\n@media (max-width: 767px) {\r\n    .appeal-spacer--69d8d92e6c2bc {\r\n        height: 50px;\r\n    }\r\n}\r\n<\/style>\r\n<\/div>\r\n\n\n\n\n\n<section data-loaded class=\"tam tam--rtl tam--  tam--\" data-block=\"appeal\/text-and-inner-content\">\n  <div class=\"tam__container container--1543\">\n    <div class=\"tam__contain\">\n          <div class=\"tam__text container--default-desktop tam__text--center\">\n\n        \n                          \n        \n    \n            <div class=\"tam__image\" data-lazy >\n                            <img decoding=\"async\" loading=\"lazy\" data-lazy-placeholder src=\"https:\/\/roboyo.global\/app\/uploads\/2021\/06\/026-COCKPIT-LIGHT_NOLOOP-200521-1-150x150.gif\" alt=\"roboyo converge cockpit animation\">\n                                        <img loading=\"lazy\" data-lazy-full=\"https:\/\/roboyo.global\/app\/uploads\/2021\/06\/026-COCKPIT-LIGHT_NOLOOP-200521-1.gif\" alt=\"roboyo converge cockpit animation\">\n                    <\/div>\n    \n        \n\n        \n        <div class=\"tam__content wysiwyg\">\n          <p><b>Funciones principales<\/b><\/p>\n<ul>\n<li style=\"font-weight: 400;\" aria-level=\"1\"><span style=\"font-weight: 400;\">Plantillas de informes listas para usar<\/span><\/li>\n<li style=\"font-weight: 400;\" aria-level=\"1\"><span style=\"font-weight: 400;\">Supervise el valor y el rendimiento de la inversi\u00f3n en tiempo real<\/span><\/li>\n<li style=\"font-weight: 400;\" aria-level=\"1\"><span style=\"font-weight: 400;\">Eval\u00fae el rendimiento de la automatizaci\u00f3n en toda su cartera<\/span><\/li>\n<li style=\"font-weight: 400;\" aria-level=\"1\"><span style=\"font-weight: 400;\">Exporte los datos en una serie de formatos<\/span><\/li>\n<li style=\"font-weight: 400;\" aria-level=\"1\"><span style=\"font-weight: 400;\">Cree sus propios informes personalizados<\/span><\/li>\n<\/ul>\n        <\/div>\n\n                                          <\/div>\n      <div class=\"tam__block container--default-desktop  tam__block--center wysiwyg\">\n        \n\n\n<div  class=\"image js-image image--square image--small\">\n  <div class=\"image__container\">\n          <picture>\n                <img decoding=\"async\" src=\"https:\/\/roboyo.global\/app\/uploads\/2021\/06\/img-platform-cockpit-square.jpg\" alt=\"People drawing and collaborating\" class=\"image__image\" \/>\n      <\/picture>\n    \n    \n      <\/div>\n<\/div>\n\n      <\/div>\n    <\/div>\n  <\/div>\n<\/section>\n\n<div aria-hidden=\"true\" class=\"appeal-spacer appeal-spacer--69d8d92e705bd  appeal-spacer--transparent\">\r\n<style>\r\n\/* Ultrawide *\/\r\n.appeal-spacer--69d8d92e705bd {\r\n    height: 100px;\r\n}\r\n\r\n\/* Desktop *\/\r\n@media (max-width: 1920px) {\r\n    .appeal-spacer--69d8d92e705bd {\r\n        height: 100px;\r\n    }\r\n}\r\n\r\n\/* Laptop *\/\r\n@media (max-width: 1024px) {\r\n    .appeal-spacer--69d8d92e705bd {\r\n        height: 50px;\r\n    }\r\n}\r\n\r\n\/* Mobile *\/\r\n@media (max-width: 767px) {\r\n    .appeal-spacer--69d8d92e705bd {\r\n        height: 50px;\r\n    }\r\n}\r\n<\/style>\r\n<\/div>\r\n\n\n\r\n\r\n<section  data-loaded class=\"standalone\" data-block=\"appeal\/button\">\r\n    <div class=\"standalone__container container standalone__container--center\">\r\n        <div class=\"standalone__button\">\r\n                                                \n<a\n    class=\"standalone__link standalone__link-- modal-button link link--primary link--internal\"\n    href=\"#pruebe_cockpit\"     aria-label=\"Learn more about: Pruebe Cockpit\"    data-loaded\n>\n  <div>\n          <i><\/i>\n        <span>Pruebe Cockpit<\/span>\n      <\/div>\n<\/a>                                    <\/div>\r\n    <\/div>\r\n\r\n    \r\n    <\/section>","protected":false},"excerpt":{"rendered":"","protected":false},"author":1,"featured_media":35715,"parent":12153,"menu_order":6,"comment_status":"closed","ping_status":"closed","template":"","meta":{"_acf_changed":false,"footnotes":""},"wf_page_folders":[],"class_list":["post-11862","page","type-page","status-publish","has-post-thumbnail","hentry"],"acf":[],"yoast_head":"<!-- This site is optimized with the Yoast SEO Premium plugin v26.0 (Yoast SEO v26.8) - https:\/\/yoast.com\/product\/yoast-seo-premium-wordpress\/ -->\n<title>Cockpit - Reporteo instant\u00e1neo | Roboyo<\/title>\n<meta name=\"description\" content=\"Cockpit es una herramienta preparada para Board que le permite medir el valor de su ecosistema de automatizaci\u00f3n y mejorar su impacto.\" \/>\n<meta name=\"robots\" content=\"index, follow, max-snippet:-1, max-image-preview:large, max-video-preview:-1\" \/>\n<link rel=\"canonical\" href=\"https:\/\/roboyo.global\/es\/plataforma\/cockpit\/\" \/>\n<meta property=\"og:locale\" content=\"es_ES\" \/>\n<meta property=\"og:type\" content=\"article\" \/>\n<meta property=\"og:title\" content=\"Cockpit\" \/>\n<meta property=\"og:description\" content=\"Cockpit es una herramienta preparada para Board que le permite medir el valor de su ecosistema de automatizaci\u00f3n y mejorar su impacto.\" \/>\n<meta property=\"og:url\" content=\"https:\/\/roboyo.global\/es\/plataforma\/cockpit\/\" \/>\n<meta property=\"og:site_name\" content=\"Roboyo\" \/>\n<meta property=\"article:modified_time\" content=\"2023-05-23T09:03:54+00:00\" \/>\n<meta property=\"og:image\" content=\"https:\/\/roboyo.global\/app\/uploads\/2022\/07\/cockpit-schema-thumbnail-e1657024704420.png\" \/>\n\t<meta property=\"og:image:width\" content=\"2559\" \/>\n\t<meta property=\"og:image:height\" content=\"1439\" \/>\n\t<meta property=\"og:image:type\" content=\"image\/png\" \/>\n<meta name=\"twitter:card\" content=\"summary_large_image\" \/>\n<script type=\"application\/ld+json\" class=\"yoast-schema-graph\">{\"@context\":\"https:\/\/schema.org\",\"@graph\":[{\"@type\":\"WebPage\",\"@id\":\"https:\/\/roboyo.global\/es\/plataforma\/cockpit\/\",\"url\":\"https:\/\/roboyo.global\/es\/plataforma\/cockpit\/\",\"name\":\"Cockpit - Reporteo instant\u00e1neo | Roboyo\",\"isPartOf\":{\"@id\":\"https:\/\/roboyo.global\/es\/#website\"},\"primaryImageOfPage\":{\"@id\":\"https:\/\/roboyo.global\/es\/plataforma\/cockpit\/#primaryimage\"},\"image\":{\"@id\":\"https:\/\/roboyo.global\/es\/plataforma\/cockpit\/#primaryimage\"},\"thumbnailUrl\":\"https:\/\/roboyo.global\/app\/uploads\/2022\/07\/cockpit-schema-thumbnail-e1657024704420.png\",\"datePublished\":\"2021-07-06T17:29:07+00:00\",\"dateModified\":\"2023-05-23T09:03:54+00:00\",\"description\":\"Cockpit es una herramienta preparada para Board que le permite medir el valor de su ecosistema de automatizaci\u00f3n y mejorar su impacto.\",\"breadcrumb\":{\"@id\":\"https:\/\/roboyo.global\/es\/plataforma\/cockpit\/#breadcrumb\"},\"inLanguage\":\"es-ES\",\"potentialAction\":[{\"@type\":\"ReadAction\",\"target\":[\"https:\/\/roboyo.global\/es\/plataforma\/cockpit\/\"]}]},{\"@type\":\"ImageObject\",\"inLanguage\":\"es-ES\",\"@id\":\"https:\/\/roboyo.global\/es\/plataforma\/cockpit\/#primaryimage\",\"url\":\"https:\/\/roboyo.global\/app\/uploads\/2022\/07\/cockpit-schema-thumbnail-e1657024704420.png\",\"contentUrl\":\"https:\/\/roboyo.global\/app\/uploads\/2022\/07\/cockpit-schema-thumbnail-e1657024704420.png\",\"width\":2559,\"height\":1439,\"caption\":\"cockpit schema thumbnail\"},{\"@type\":\"BreadcrumbList\",\"@id\":\"https:\/\/roboyo.global\/es\/plataforma\/cockpit\/#breadcrumb\",\"itemListElement\":[{\"@type\":\"ListItem\",\"position\":1,\"name\":\"Home\",\"item\":\"https:\/\/roboyo.global\/es\/\"},{\"@type\":\"ListItem\",\"position\":2,\"name\":\"Platforma\",\"item\":\"https:\/\/roboyo.global\/es\/plataforma\/\"},{\"@type\":\"ListItem\",\"position\":3,\"name\":\"Cockpit\"}]},{\"@type\":\"WebSite\",\"@id\":\"https:\/\/roboyo.global\/es\/#website\",\"url\":\"https:\/\/roboyo.global\/es\/\",\"name\":\"Roboyo - Your Agentic Automation & AI Partner of Choice\",\"description\":\"We take what\u2019s possible to the next level. Now.\",\"potentialAction\":[{\"@type\":\"SearchAction\",\"target\":{\"@type\":\"EntryPoint\",\"urlTemplate\":\"https:\/\/roboyo.global\/es\/?s={search_term_string}\"},\"query-input\":{\"@type\":\"PropertyValueSpecification\",\"valueRequired\":true,\"valueName\":\"search_term_string\"}}],\"inLanguage\":\"es-ES\"}]}<\/script>\n<!-- \/ Yoast SEO Premium plugin. -->","yoast_head_json":{"title":"Cockpit - Reporteo instant\u00e1neo | Roboyo","description":"Cockpit es una herramienta preparada para Board que le permite medir el valor de su ecosistema de automatizaci\u00f3n y mejorar su impacto.","robots":{"index":"index","follow":"follow","max-snippet":"max-snippet:-1","max-image-preview":"max-image-preview:large","max-video-preview":"max-video-preview:-1"},"canonical":"https:\/\/roboyo.global\/es\/plataforma\/cockpit\/","og_locale":"es_ES","og_type":"article","og_title":"Cockpit","og_description":"Cockpit es una herramienta preparada para Board que le permite medir el valor de su ecosistema de automatizaci\u00f3n y mejorar su impacto.","og_url":"https:\/\/roboyo.global\/es\/plataforma\/cockpit\/","og_site_name":"Roboyo","article_modified_time":"2023-05-23T09:03:54+00:00","og_image":[{"width":2559,"height":1439,"url":"https:\/\/roboyo.global\/app\/uploads\/2022\/07\/cockpit-schema-thumbnail-e1657024704420.png","type":"image\/png"}],"twitter_card":"summary_large_image","schema":{"@context":"https:\/\/schema.org","@graph":[{"@type":"WebPage","@id":"https:\/\/roboyo.global\/es\/plataforma\/cockpit\/","url":"https:\/\/roboyo.global\/es\/plataforma\/cockpit\/","name":"Cockpit - Reporteo instant\u00e1neo | Roboyo","isPartOf":{"@id":"https:\/\/roboyo.global\/es\/#website"},"primaryImageOfPage":{"@id":"https:\/\/roboyo.global\/es\/plataforma\/cockpit\/#primaryimage"},"image":{"@id":"https:\/\/roboyo.global\/es\/plataforma\/cockpit\/#primaryimage"},"thumbnailUrl":"https:\/\/roboyo.global\/app\/uploads\/2022\/07\/cockpit-schema-thumbnail-e1657024704420.png","datePublished":"2021-07-06T17:29:07+00:00","dateModified":"2023-05-23T09:03:54+00:00","description":"Cockpit es una herramienta preparada para Board que le permite medir el valor de su ecosistema de automatizaci\u00f3n y mejorar su impacto.","breadcrumb":{"@id":"https:\/\/roboyo.global\/es\/plataforma\/cockpit\/#breadcrumb"},"inLanguage":"es-ES","potentialAction":[{"@type":"ReadAction","target":["https:\/\/roboyo.global\/es\/plataforma\/cockpit\/"]}]},{"@type":"ImageObject","inLanguage":"es-ES","@id":"https:\/\/roboyo.global\/es\/plataforma\/cockpit\/#primaryimage","url":"https:\/\/roboyo.global\/app\/uploads\/2022\/07\/cockpit-schema-thumbnail-e1657024704420.png","contentUrl":"https:\/\/roboyo.global\/app\/uploads\/2022\/07\/cockpit-schema-thumbnail-e1657024704420.png","width":2559,"height":1439,"caption":"cockpit schema thumbnail"},{"@type":"BreadcrumbList","@id":"https:\/\/roboyo.global\/es\/plataforma\/cockpit\/#breadcrumb","itemListElement":[{"@type":"ListItem","position":1,"name":"Home","item":"https:\/\/roboyo.global\/es\/"},{"@type":"ListItem","position":2,"name":"Platforma","item":"https:\/\/roboyo.global\/es\/plataforma\/"},{"@type":"ListItem","position":3,"name":"Cockpit"}]},{"@type":"WebSite","@id":"https:\/\/roboyo.global\/es\/#website","url":"https:\/\/roboyo.global\/es\/","name":"Roboyo - Your Agentic Automation & AI Partner of Choice","description":"We take what\u2019s possible to the next level. Now.","potentialAction":[{"@type":"SearchAction","target":{"@type":"EntryPoint","urlTemplate":"https:\/\/roboyo.global\/es\/?s={search_term_string}"},"query-input":{"@type":"PropertyValueSpecification","valueRequired":true,"valueName":"search_term_string"}}],"inLanguage":"es-ES"}]}},"_links":{"self":[{"href":"https:\/\/roboyo.global\/es\/wp-json\/wp\/v2\/pages\/11862","targetHints":{"allow":["GET"]}}],"collection":[{"href":"https:\/\/roboyo.global\/es\/wp-json\/wp\/v2\/pages"}],"about":[{"href":"https:\/\/roboyo.global\/es\/wp-json\/wp\/v2\/types\/page"}],"author":[{"embeddable":true,"href":"https:\/\/roboyo.global\/es\/wp-json\/wp\/v2\/users\/1"}],"replies":[{"embeddable":true,"href":"https:\/\/roboyo.global\/es\/wp-json\/wp\/v2\/comments?post=11862"}],"version-history":[{"count":17,"href":"https:\/\/roboyo.global\/es\/wp-json\/wp\/v2\/pages\/11862\/revisions"}],"predecessor-version":[{"id":57069,"href":"https:\/\/roboyo.global\/es\/wp-json\/wp\/v2\/pages\/11862\/revisions\/57069"}],"up":[{"embeddable":true,"href":"https:\/\/roboyo.global\/es\/wp-json\/wp\/v2\/pages\/12153"}],"wp:featuredmedia":[{"embeddable":true,"href":"https:\/\/roboyo.global\/es\/wp-json\/wp\/v2\/media\/35715"}],"wp:attachment":[{"href":"https:\/\/roboyo.global\/es\/wp-json\/wp\/v2\/media?parent=11862"}],"wp:term":[{"taxonomy":"wf_page_folders","embeddable":true,"href":"https:\/\/roboyo.global\/es\/wp-json\/wp\/v2\/wf_page_folders?post=11862"}],"curies":[{"name":"wp","href":"https:\/\/api.w.org\/{rel}","templated":true}]}}