{"id":71770,"date":"2021-05-28T06:10:43","date_gmt":"2021-05-28T05:10:43","guid":{"rendered":"https:\/\/roboyo.global\/technologies\/"},"modified":"2024-03-13T14:35:01","modified_gmt":"2024-03-13T14:35:01","slug":"technologies","status":"publish","type":"page","link":"https:\/\/roboyo.global\/de\/technologien\/","title":{"rendered":"Technologien"},"content":{"rendered":"\n\n<section data-nav-transparent data-loaded data-nav-transparent\n    class=\"hero-header-3 hero-header-3--no-cat \">\n    <div class=\"hero-header-3__wrapper\">\n        <div class=\"hero-header-3__video hero-header-3__video--overlay\">\n                                    \n    \n            <div class=\"hero-header-3__image\" data-lazy=\"1\">\n            <img decoding=\"async\" src=\"https:\/\/roboyo.global\/app\/uploads\/2023\/11\/Copy-of-Blog-Post-HeroFeatured-Image-3.png\" alt=\"Image of lots of blue fairy lights\" loading=\"eager\" fetchpriority=\"high\">\n        <\/div>\n                                                            <\/div>\n        <div class=\"hero-header-3__container\">\n            <div class=\"hero-header-3__content\">\n                                <p class=\"hero-header-3__title\">Technologien<\/p>\n                \n                                                <h1 class=\"hero-header-3__subtitle\">\n                    <span>ENTFALTUNG DER KRAFT DER AUTOMATISIERUNG    <\/span>\n                <\/h1>\n                \n                            <\/div>\n                    <\/div>\n                <div class=\"hero-header-3__gradient hero-header-3__gradient--overall\"\n            style=\"background: linear-gradient(, rgb() 0%, rgb() 100%)\">\n        <\/div>\n            <\/div>\n<\/section>\n\n\n\n<div aria-hidden=\"true\" class=\"appeal-spacer appeal-spacer--69d034c6efcfc  appeal-spacer--transparent\">\r\n<style>\r\n\/* Ultrawide *\/\r\n.appeal-spacer--69d034c6efcfc {\r\n    height: 75px;\r\n}\r\n\r\n\/* Desktop *\/\r\n@media (max-width: 1920px) {\r\n    .appeal-spacer--69d034c6efcfc {\r\n        height: 75px;\r\n    }\r\n}\r\n\r\n\/* Laptop *\/\r\n@media (max-width: 1024px) {\r\n    .appeal-spacer--69d034c6efcfc {\r\n        height: 50px;\r\n    }\r\n}\r\n\r\n\/* Mobile *\/\r\n@media (max-width: 767px) {\r\n    .appeal-spacer--69d034c6efcfc {\r\n        height: 50px;\r\n    }\r\n}\r\n<\/style>\r\n<\/div>\r\n\n\n\r\n\r\n<div class=\"\"\r\n    style=\"background-color: #fff; position: relative\">\r\n    \r\n    \r\n    <section class=\"container-block container--medium\">\r\n        <div class=\"container-block__elements\">\r\n            \n\n<p class=\"has-text-align-center has-t-h-7-font-size\"><strong>An der Schnittstelle zwischen Innovation und Effizienz setzen wir Automatisierungstechnologien ein, um die Zukunft von Gesch\u00e4ftsl\u00f6sungen neu zu definieren. Unser Technologiepaket, das von k\u00fcnstlicher Intelligenz bis hin zu robotergest\u00fctzter Prozessautomatisierung reicht, ist strategisch in unsere L\u00f6sungen eingebettet. Diese Integration steigert die Produktivit\u00e4t, rationalisiert die Abl\u00e4ufe und er\u00f6ffnet eine Welt neuer M\u00f6glichkeiten.<\/strong><\/p>\n\n\r\n        <\/div>\r\n    <\/section>\r\n<\/div>\n\n\n<section class=\"column-tiles column-tiles--white\">\n  <div class=\"container--1562 column-tiles__container\">\n          <div class=\"column-tiles__tiles\">\n                  <div class=\"column-tile column-tile--white\">\n                          \n    \n            <div class=\"column-tile__icon\" data-lazy >\n                            <img decoding=\"async\" loading=\"lazy\" data-lazy-placeholder src=\"https:\/\/roboyo.global\/app\/uploads\/2023\/11\/Life-at-Roboyo-Icons-3-2-150x150.png\" alt=\"Lightning bolt logo\">\n                                        <img loading=\"lazy\" data-lazy-full=\"https:\/\/roboyo.global\/app\/uploads\/2023\/11\/Life-at-Roboyo-Icons-3-2-964x1024.png\" alt=\"Lightning bolt logo\">\n                    <\/div>\n                            <div class=\"column-tile__content\">\n                                            <h4 class=\"column-tile__title\">Hyperautomation<\/h4>\n                                            <p class=\"column-tile__description\">Nutzen Sie die M\u00f6glichkeiten der Hyperautomatisierung, indem Sie modernste Technologien zusammenf\u00fchren und so unvergleichliche Gesch\u00e4ftsvorteile erzielen.   <\/p>\n                                            \n<a\n    class=\"link--40 link--internal column-tile__link link link--primary link--internal\"\n    href=\"https:\/\/roboyo.global\/de\/hyperautomatisierung\/\"     aria-label=\"ERFAHREN SIE MEHR\u00a0\"    data-loaded\n>\n  <div>\n          <i><\/i>\n        <span>ERFAHREN SIE MEHR\u00a0<\/span>\n      <\/div>\n<\/a>                          <\/div>\n          <\/div>\n                  <div class=\"column-tile column-tile--white\">\n                          \n    \n            <div class=\"column-tile__icon\" data-lazy >\n                            <img decoding=\"async\" loading=\"lazy\" data-lazy-placeholder src=\"https:\/\/roboyo.global\/app\/uploads\/2023\/11\/Life-at-Roboyo-Icons-8-150x150.png\" alt=\"Roboyo icon\">\n                                        <img loading=\"lazy\" data-lazy-full=\"https:\/\/roboyo.global\/app\/uploads\/2023\/11\/Life-at-Roboyo-Icons-8-964x1024.png\" alt=\"Roboyo icon\">\n                    <\/div>\n                            <div class=\"column-tile__content\">\n                                            <h4 class=\"column-tile__title\">ROBOTERGEST\u00dcTZTE PROZESSAUTOMATISIERUNG (RPA)   <\/h4>\n                                            <p class=\"column-tile__description\">Nutzen Sie RPA, um Kosten, Zeit und Monotonie zu eliminieren und gleichzeitig Geschwindigkeit, Genauigkeit und Produktivit\u00e4t zu steigern.    <\/p>\n                                            \n<a\n    class=\"link--40 link--internal column-tile__link link link--primary link--internal\"\n    href=\"https:\/\/roboyo.global\/de\/robotic-prozess-automatisierung\/\"     aria-label=\"MEHR HERAUSFINDEN\"    data-loaded\n>\n  <div>\n          <i><\/i>\n        <span>MEHR HERAUSFINDEN   <\/span>\n      <\/div>\n<\/a>                          <\/div>\n          <\/div>\n                  <div class=\"column-tile column-tile--white\">\n                          \n    \n            <div class=\"column-tile__icon\" data-lazy >\n                            <img decoding=\"async\" loading=\"lazy\" data-lazy-placeholder src=\"https:\/\/roboyo.global\/app\/uploads\/2023\/11\/Life-at-Roboyo-Icons-9-150x150.png\" alt=\"Roboyo icon\">\n                                        <img loading=\"lazy\" data-lazy-full=\"https:\/\/roboyo.global\/app\/uploads\/2023\/11\/Life-at-Roboyo-Icons-9-964x1024.png\" alt=\"Roboyo icon\">\n                    <\/div>\n                            <div class=\"column-tile__content\">\n                                            <h4 class=\"column-tile__title\">INTELLIGENTE DOKUMENTENVERARBEITUNG (IDP)   <\/h4>\n                                            <p class=\"column-tile__description\">Extrahieren Sie Daten, Erkenntnisse und Gesch\u00e4ftswert aus Ihren Unternehmensdokumenten.    <\/p>\n                                            \n<a\n    class=\"link--40 link--internal column-tile__link link link--primary link--internal\"\n    href=\"https:\/\/roboyo.global\/de\/intelligente-dokumentenverarbeitung\/\"     aria-label=\"MEHR ERFAHREN\"    data-loaded\n>\n  <div>\n          <i><\/i>\n        <span>MEHR ERFAHREN   <\/span>\n      <\/div>\n<\/a>                          <\/div>\n          <\/div>\n                  <div class=\"column-tile column-tile--white\">\n                          \n    \n            <div class=\"column-tile__icon\" data-lazy >\n                            <img decoding=\"async\" loading=\"lazy\" data-lazy-placeholder src=\"https:\/\/roboyo.global\/app\/uploads\/2023\/11\/Life-at-Roboyo-Icons-10-150x150.png\" alt=\"Roboyo icon\">\n                                        <img loading=\"lazy\" data-lazy-full=\"https:\/\/roboyo.global\/app\/uploads\/2023\/11\/Life-at-Roboyo-Icons-10-964x1024.png\" alt=\"Roboyo icon\">\n                    <\/div>\n                            <div class=\"column-tile__content\">\n                                            <h4 class=\"column-tile__title\">BUSINESS PROCESS MANAGEMENT (BPM)   <\/h4>\n                                            <p class=\"column-tile__description\">Steigern Sie die Unternehmensleistung durch Zentralisierung, Stabilisierung und Optimierung von Gesch\u00e4ftsprozessen mit BPM.  <\/p>\n                                            \n<a\n    class=\"link--40 link--internal column-tile__link link link--primary link--internal\"\n    href=\"https:\/\/roboyo.global\/de\/geschaftsprozess-management\/\"     aria-label=\"MEHR ERFAHREN\"    data-loaded\n>\n  <div>\n          <i><\/i>\n        <span>MEHR ERFAHREN   <\/span>\n      <\/div>\n<\/a>                          <\/div>\n          <\/div>\n                  <div class=\"column-tile column-tile--white\">\n                          \n    \n            <div class=\"column-tile__icon\" data-lazy >\n                            <img decoding=\"async\" loading=\"lazy\" data-lazy-placeholder src=\"https:\/\/roboyo.global\/app\/uploads\/2023\/11\/Life-at-Roboyo-Icons-11-150x150.png\" alt=\"Roboyo icon\">\n                                        <img loading=\"lazy\" data-lazy-full=\"https:\/\/roboyo.global\/app\/uploads\/2023\/11\/Life-at-Roboyo-Icons-11-964x1024.png\" alt=\"Roboyo icon\">\n                    <\/div>\n                            <div class=\"column-tile__content\">\n                                            <h4 class=\"column-tile__title\">Conversational AI<\/h4>\n                                            <p class=\"column-tile__description\">Steigern Sie die Kundenzufriedenheit und -loyalit\u00e4t mit KI-gest\u00fctzten Interaktionen.    <\/p>\n                                            \n<a\n    class=\"link--40 link--internal column-tile__link link link--primary link--internal\"\n    href=\"https:\/\/roboyo.global\/de\/konversationelle-ki\/\"     aria-label=\"MEHR ERFAHREN\"    data-loaded\n>\n  <div>\n          <i><\/i>\n        <span>MEHR ERFAHREN  <\/span>\n      <\/div>\n<\/a>                          <\/div>\n          <\/div>\n                  <div class=\"column-tile column-tile--white\">\n                          \n    \n            <div class=\"column-tile__icon\" data-lazy >\n                            <img decoding=\"async\" loading=\"lazy\" data-lazy-placeholder src=\"https:\/\/roboyo.global\/app\/uploads\/2023\/11\/Life-at-Roboyo-Icons-12.png\" alt=\"Roboyo icon\">\n                                        <img loading=\"lazy\" data-lazy-full=\"https:\/\/roboyo.global\/app\/uploads\/2023\/11\/Life-at-Roboyo-Icons-12.png\" alt=\"Roboyo icon\">\n                    <\/div>\n                            <div class=\"column-tile__content\">\n                                            <h4 class=\"column-tile__title\">Process Mining<\/h4>\n                                            <p class=\"column-tile__description\">Bilden Sie Arbeitsabl\u00e4ufe intelligent ab, um wertvolle M\u00f6glichkeiten zur Automatisierung aufzudecken.    <\/p>\n                                            \n<a\n    class=\"link--40 link--internal column-tile__link link link--primary link--internal\"\n    href=\"https:\/\/roboyo.global\/de\/prozess-und-aufgaben-mining\/\"     aria-label=\"MEHR ERFAHREN\"    data-loaded\n>\n  <div>\n          <i><\/i>\n        <span>MEHR ERFAHREN    <\/span>\n      <\/div>\n<\/a>                          <\/div>\n          <\/div>\n                  <div class=\"column-tile column-tile--white\">\n                          \n    \n            <div class=\"column-tile__icon\" data-lazy >\n                            <img decoding=\"async\" loading=\"lazy\" data-lazy-placeholder src=\"https:\/\/roboyo.global\/app\/uploads\/2023\/11\/Life-at-Roboyo-Icons-12-1-150x150.png\" alt=\"Roboyo icon\">\n                                        <img loading=\"lazy\" data-lazy-full=\"https:\/\/roboyo.global\/app\/uploads\/2023\/11\/Life-at-Roboyo-Icons-12-1-964x1024.png\" alt=\"Roboyo icon\">\n                    <\/div>\n                            <div class=\"column-tile__content\">\n                                            <h4 class=\"column-tile__title\">Task Mining<\/h4>\n                                            <p class=\"column-tile__description\">Erfassen und analysieren Sie Benutzerinteraktionen, um Verbesserungsm\u00f6glichkeiten zu identifizieren.    <\/p>\n                                            \n<a\n    class=\"link--40 link--internal column-tile__link link link--primary link--internal\"\n    href=\"https:\/\/roboyo.global\/de\/prozess-und-aufgaben-mining\/\"     aria-label=\"MEHR ERFAHREN\"    data-loaded\n>\n  <div>\n          <i><\/i>\n        <span>MEHR ERFAHREN    <\/span>\n      <\/div>\n<\/a>                          <\/div>\n          <\/div>\n                  <div class=\"column-tile column-tile--white\">\n                          \n    \n            <div class=\"column-tile__icon\" data-lazy >\n                            <img decoding=\"async\" loading=\"lazy\" data-lazy-placeholder src=\"https:\/\/roboyo.global\/app\/uploads\/2023\/11\/Life-at-Roboyo-Icons-1-3-150x150.png\" alt=\"Roboyo icon\">\n                                        <img loading=\"lazy\" data-lazy-full=\"https:\/\/roboyo.global\/app\/uploads\/2023\/11\/Life-at-Roboyo-Icons-1-3-964x1024.png\" alt=\"Roboyo icon\">\n                    <\/div>\n                            <div class=\"column-tile__content\">\n                                            <h4 class=\"column-tile__title\">Low-Code<\/h4>\n                                            <p class=\"column-tile__description\">Beschleunigen Sie die Anwendungsentwicklung, senken Sie die Kosten und verbessern Sie die Flexibilit\u00e4t.   <\/p>\n                                            \n<a\n    class=\"link--40 link--internal column-tile__link link link--primary link--internal\"\n    href=\"https:\/\/roboyo.global\/de\/low-code\/\"     aria-label=\"MEHR ERFAHREN\"    data-loaded\n>\n  <div>\n          <i><\/i>\n        <span>MEHR ERFAHREN  <\/span>\n      <\/div>\n<\/a>                          <\/div>\n          <\/div>\n                  <div class=\"column-tile column-tile--white\">\n                          \n    \n            <div class=\"column-tile__icon\" data-lazy >\n                            <img decoding=\"async\" loading=\"lazy\" data-lazy-placeholder src=\"https:\/\/roboyo.global\/app\/uploads\/2023\/11\/Life-at-Roboyo-Icons-17-150x150.png\" alt=\"Roboyo icon\">\n                                        <img loading=\"lazy\" data-lazy-full=\"https:\/\/roboyo.global\/app\/uploads\/2023\/11\/Life-at-Roboyo-Icons-17-964x1024.png\" alt=\"Roboyo icon\">\n                    <\/div>\n                            <div class=\"column-tile__content\">\n                                            <h4 class=\"column-tile__title\">TESTAUTOMATISIERUNG\u00a0<\/h4>\n                                            <p class=\"column-tile__description\">Optimieren und sch\u00e4rfen Sie Ihre Qualit\u00e4tssicherung bei gleichzeitiger Reduzierung und Minderung von Risiken.    <\/p>\n                                            \n<a\n    class=\"link--40 link--internal column-tile__link link link--primary link--internal\"\n    href=\"https:\/\/roboyo.global\/de\/testautomatisierung\/\"     aria-label=\"MEHR ERFAHREN\"    data-loaded\n>\n  <div>\n          <i><\/i>\n        <span>MEHR ERFAHREN<\/span>\n      <\/div>\n<\/a>                          <\/div>\n          <\/div>\n                  <div class=\"column-tile column-tile--white\">\n                          \n    \n            <div class=\"column-tile__icon\" data-lazy >\n                            <img decoding=\"async\" loading=\"lazy\" data-lazy-placeholder src=\"https:\/\/roboyo.global\/app\/uploads\/2023\/11\/Life-at-Roboyo-Icons-2-2-150x150.png\" alt=\"Timer logo\">\n                                        <img loading=\"lazy\" data-lazy-full=\"https:\/\/roboyo.global\/app\/uploads\/2023\/11\/Life-at-Roboyo-Icons-2-2-964x1024.png\" alt=\"Timer logo\">\n                    <\/div>\n                            <div class=\"column-tile__content\">\n                                            <h4 class=\"column-tile__title\">SCHNELLE APP-ENTWICKLUNG   <\/h4>\n                                            <p class=\"column-tile__description\">Nutzen Sie die Low-Code-App-Entwicklung, um neue Dienste schneller als je zuvor bereitzustellen.    <\/p>\n                                            \n<a\n    class=\"link--40 link--internal column-tile__link link link--primary link--internal\"\n    href=\"https:\/\/roboyo.global\/de\/schnelle-app-entwicklung\/\"     aria-label=\"MEHR ERFAHREN\"    data-loaded\n>\n  <div>\n          <i><\/i>\n        <span>MEHR ERFAHREN  <\/span>\n      <\/div>\n<\/a>                          <\/div>\n          <\/div>\n              <\/div>\n      <\/div>\n<\/section>\n\n\r\n\r\n<section  data-horizontal-hide data-loaded class=\"cta cta--none cta--  async-load\" data-block=\"appeal\/cta\">\r\n    \r\n    <div class=\"cta__container container--edge-to-edge\">\r\n                    <h2 class=\"cta__title\">ERREICHEN SIE DAS N\u00c4CHSTE LEVEL. JETZT.   <\/h2>\r\n                        <div class=\"cta__button\">\r\n                            \n<a\n    class=\"cta__link modal-button link--dark link--dark-blue  link link--primary link--internal\"\n    href=\"#cta_footer\"     aria-label=\"Contact Us: KONTAKTIEREN SIE UNS\"    data-loaded\n>\n  <div>\n          <i><\/i>\n        <span>KONTAKTIEREN SIE UNS <\/span>\n      <\/div>\n<\/a>                    <\/div>\r\n    <\/div>\r\n    <div class=\"cta__modal\">\r\n        \r\n    <\/div>\r\n<\/section>","protected":false},"excerpt":{"rendered":"","protected":false},"author":1,"featured_media":70323,"parent":0,"menu_order":0,"comment_status":"closed","ping_status":"closed","template":"","meta":{"_acf_changed":false,"footnotes":""},"wf_page_folders":[],"class_list":["post-71770","page","type-page","status-publish","has-post-thumbnail","hentry"],"acf":[],"yoast_head":"<!-- This site is optimized with the Yoast SEO Premium plugin v26.0 (Yoast SEO v26.8) - https:\/\/yoast.com\/product\/yoast-seo-premium-wordpress\/ -->\n<title>Erkunden Sie Unseren Technologie-stack - Roboyo<\/title>\n<meta name=\"description\" content=\"Erfahren Sie mehr \u00fcber die Next Level Technologien, die Roboyo anbietet, von Intelligent Document Processing (IDP) bis RPA!\" \/>\n<meta name=\"robots\" content=\"index, follow, max-snippet:-1, max-image-preview:large, max-video-preview:-1\" \/>\n<link rel=\"canonical\" href=\"https:\/\/roboyo.global\/de\/technologien\/\" \/>\n<meta property=\"og:locale\" content=\"de_DE\" \/>\n<meta property=\"og:type\" content=\"article\" \/>\n<meta property=\"og:title\" content=\"Technologien\" \/>\n<meta property=\"og:description\" content=\"Erfahren Sie mehr \u00fcber die Next Level Technologien, die Roboyo anbietet, von Intelligent Document Processing (IDP) bis RPA!\" \/>\n<meta property=\"og:url\" content=\"https:\/\/roboyo.global\/de\/technologien\/\" \/>\n<meta property=\"og:site_name\" content=\"Roboyo\" \/>\n<meta property=\"article:modified_time\" content=\"2024-03-13T14:35:01+00:00\" \/>\n<meta property=\"og:image\" content=\"https:\/\/roboyo.global\/app\/uploads\/2023\/11\/Copy-of-Blog-Post-HeroFeatured-Image-3.png\" \/>\n\t<meta property=\"og:image:width\" content=\"1500\" \/>\n\t<meta property=\"og:image:height\" content=\"750\" \/>\n\t<meta property=\"og:image:type\" content=\"image\/png\" \/>\n<meta name=\"twitter:card\" content=\"summary_large_image\" \/>\n<meta name=\"twitter:description\" content=\"Erfahren Sie mehr \u00fcber die Next Level Technologien, die Roboyo anbietet, von Intelligent Document Processing (IDP) bis RPA!\" \/>\n<meta name=\"twitter:label1\" content=\"Est. reading time\" \/>\n\t<meta name=\"twitter:data1\" content=\"1 minute\" \/>\n<script type=\"application\/ld+json\" class=\"yoast-schema-graph\">{\"@context\":\"https:\/\/schema.org\",\"@graph\":[{\"@type\":\"WebPage\",\"@id\":\"https:\/\/roboyo.global\/de\/technologien\/\",\"url\":\"https:\/\/roboyo.global\/de\/technologien\/\",\"name\":\"Erkunden Sie Unseren Technologie-stack - Roboyo\",\"isPartOf\":{\"@id\":\"https:\/\/roboyo.global\/de\/#website\"},\"primaryImageOfPage\":{\"@id\":\"https:\/\/roboyo.global\/de\/technologien\/#primaryimage\"},\"image\":{\"@id\":\"https:\/\/roboyo.global\/de\/technologien\/#primaryimage\"},\"thumbnailUrl\":\"https:\/\/roboyo.global\/app\/uploads\/2023\/11\/Copy-of-Blog-Post-HeroFeatured-Image-3.png\",\"datePublished\":\"2021-05-28T05:10:43+00:00\",\"dateModified\":\"2024-03-13T14:35:01+00:00\",\"description\":\"Erfahren Sie mehr \u00fcber die Next Level Technologien, die Roboyo anbietet, von Intelligent Document Processing (IDP) bis RPA!\",\"breadcrumb\":{\"@id\":\"https:\/\/roboyo.global\/de\/technologien\/#breadcrumb\"},\"inLanguage\":\"de-DE\",\"potentialAction\":[{\"@type\":\"ReadAction\",\"target\":[\"https:\/\/roboyo.global\/de\/technologien\/\"]}]},{\"@type\":\"ImageObject\",\"inLanguage\":\"de-DE\",\"@id\":\"https:\/\/roboyo.global\/de\/technologien\/#primaryimage\",\"url\":\"https:\/\/roboyo.global\/app\/uploads\/2023\/11\/Copy-of-Blog-Post-HeroFeatured-Image-3.png\",\"contentUrl\":\"https:\/\/roboyo.global\/app\/uploads\/2023\/11\/Copy-of-Blog-Post-HeroFeatured-Image-3.png\",\"width\":1500,\"height\":750,\"caption\":\"Image of lots of blue fairy lights\"},{\"@type\":\"BreadcrumbList\",\"@id\":\"https:\/\/roboyo.global\/de\/technologien\/#breadcrumb\",\"itemListElement\":[{\"@type\":\"ListItem\",\"position\":1,\"name\":\"Home\",\"item\":\"https:\/\/roboyo.global\/de\/\"},{\"@type\":\"ListItem\",\"position\":2,\"name\":\"Technologien\"}]},{\"@type\":\"WebSite\",\"@id\":\"https:\/\/roboyo.global\/de\/#website\",\"url\":\"https:\/\/roboyo.global\/de\/\",\"name\":\"Roboyo - Your Agentic Automation & AI Partner of Choice\",\"description\":\"We take what\u2019s possible to the next level. Now.\",\"potentialAction\":[{\"@type\":\"SearchAction\",\"target\":{\"@type\":\"EntryPoint\",\"urlTemplate\":\"https:\/\/roboyo.global\/de\/?s={search_term_string}\"},\"query-input\":{\"@type\":\"PropertyValueSpecification\",\"valueRequired\":true,\"valueName\":\"search_term_string\"}}],\"inLanguage\":\"de-DE\"}]}<\/script>\n<!-- \/ Yoast SEO Premium plugin. -->","yoast_head_json":{"title":"Erkunden Sie Unseren Technologie-stack - Roboyo","description":"Erfahren Sie mehr \u00fcber die Next Level Technologien, die Roboyo anbietet, von Intelligent Document Processing (IDP) bis RPA!","robots":{"index":"index","follow":"follow","max-snippet":"max-snippet:-1","max-image-preview":"max-image-preview:large","max-video-preview":"max-video-preview:-1"},"canonical":"https:\/\/roboyo.global\/de\/technologien\/","og_locale":"de_DE","og_type":"article","og_title":"Technologien","og_description":"Erfahren Sie mehr \u00fcber die Next Level Technologien, die Roboyo anbietet, von Intelligent Document Processing (IDP) bis RPA!","og_url":"https:\/\/roboyo.global\/de\/technologien\/","og_site_name":"Roboyo","article_modified_time":"2024-03-13T14:35:01+00:00","og_image":[{"width":1500,"height":750,"url":"https:\/\/roboyo.global\/app\/uploads\/2023\/11\/Copy-of-Blog-Post-HeroFeatured-Image-3.png","type":"image\/png"}],"twitter_card":"summary_large_image","twitter_description":"Erfahren Sie mehr \u00fcber die Next Level Technologien, die Roboyo anbietet, von Intelligent Document Processing (IDP) bis RPA!","twitter_misc":{"Est. reading time":"1 minute"},"schema":{"@context":"https:\/\/schema.org","@graph":[{"@type":"WebPage","@id":"https:\/\/roboyo.global\/de\/technologien\/","url":"https:\/\/roboyo.global\/de\/technologien\/","name":"Erkunden Sie Unseren Technologie-stack - Roboyo","isPartOf":{"@id":"https:\/\/roboyo.global\/de\/#website"},"primaryImageOfPage":{"@id":"https:\/\/roboyo.global\/de\/technologien\/#primaryimage"},"image":{"@id":"https:\/\/roboyo.global\/de\/technologien\/#primaryimage"},"thumbnailUrl":"https:\/\/roboyo.global\/app\/uploads\/2023\/11\/Copy-of-Blog-Post-HeroFeatured-Image-3.png","datePublished":"2021-05-28T05:10:43+00:00","dateModified":"2024-03-13T14:35:01+00:00","description":"Erfahren Sie mehr \u00fcber die Next Level Technologien, die Roboyo anbietet, von Intelligent Document Processing (IDP) bis RPA!","breadcrumb":{"@id":"https:\/\/roboyo.global\/de\/technologien\/#breadcrumb"},"inLanguage":"de-DE","potentialAction":[{"@type":"ReadAction","target":["https:\/\/roboyo.global\/de\/technologien\/"]}]},{"@type":"ImageObject","inLanguage":"de-DE","@id":"https:\/\/roboyo.global\/de\/technologien\/#primaryimage","url":"https:\/\/roboyo.global\/app\/uploads\/2023\/11\/Copy-of-Blog-Post-HeroFeatured-Image-3.png","contentUrl":"https:\/\/roboyo.global\/app\/uploads\/2023\/11\/Copy-of-Blog-Post-HeroFeatured-Image-3.png","width":1500,"height":750,"caption":"Image of lots of blue fairy lights"},{"@type":"BreadcrumbList","@id":"https:\/\/roboyo.global\/de\/technologien\/#breadcrumb","itemListElement":[{"@type":"ListItem","position":1,"name":"Home","item":"https:\/\/roboyo.global\/de\/"},{"@type":"ListItem","position":2,"name":"Technologien"}]},{"@type":"WebSite","@id":"https:\/\/roboyo.global\/de\/#website","url":"https:\/\/roboyo.global\/de\/","name":"Roboyo - Your Agentic Automation & AI Partner of Choice","description":"We take what\u2019s possible to the next level. Now.","potentialAction":[{"@type":"SearchAction","target":{"@type":"EntryPoint","urlTemplate":"https:\/\/roboyo.global\/de\/?s={search_term_string}"},"query-input":{"@type":"PropertyValueSpecification","valueRequired":true,"valueName":"search_term_string"}}],"inLanguage":"de-DE"}]}},"_links":{"self":[{"href":"https:\/\/roboyo.global\/de\/wp-json\/wp\/v2\/pages\/71770","targetHints":{"allow":["GET"]}}],"collection":[{"href":"https:\/\/roboyo.global\/de\/wp-json\/wp\/v2\/pages"}],"about":[{"href":"https:\/\/roboyo.global\/de\/wp-json\/wp\/v2\/types\/page"}],"author":[{"embeddable":true,"href":"https:\/\/roboyo.global\/de\/wp-json\/wp\/v2\/users\/1"}],"replies":[{"embeddable":true,"href":"https:\/\/roboyo.global\/de\/wp-json\/wp\/v2\/comments?post=71770"}],"version-history":[{"count":2,"href":"https:\/\/roboyo.global\/de\/wp-json\/wp\/v2\/pages\/71770\/revisions"}],"predecessor-version":[{"id":71773,"href":"https:\/\/roboyo.global\/de\/wp-json\/wp\/v2\/pages\/71770\/revisions\/71773"}],"wp:featuredmedia":[{"embeddable":true,"href":"https:\/\/roboyo.global\/de\/wp-json\/wp\/v2\/media\/70323"}],"wp:attachment":[{"href":"https:\/\/roboyo.global\/de\/wp-json\/wp\/v2\/media?parent=71770"}],"wp:term":[{"taxonomy":"wf_page_folders","embeddable":true,"href":"https:\/\/roboyo.global\/de\/wp-json\/wp\/v2\/wf_page_folders?post=71770"}],"curies":[{"name":"wp","href":"https:\/\/api.w.org\/{rel}","templated":true}]}}