{"id":69999,"date":"2023-12-18T10:14:33","date_gmt":"2023-12-18T10:14:33","guid":{"rendered":"https:\/\/roboyo.global\/?page_id=69999"},"modified":"2023-12-18T10:14:34","modified_gmt":"2023-12-18T10:14:34","slug":"loesungen","status":"publish","type":"page","link":"https:\/\/roboyo.global\/de\/losungen\/","title":{"rendered":"L\u00f6sungen\u00a0"},"content":{"rendered":"\n\n<section data-nav-transparent data-loaded data-nav-transparent\n    class=\"hero-header-3 hero-header-3--no-cat \">\n    <div class=\"hero-header-3__wrapper\">\n        <div class=\"hero-header-3__video hero-header-3__video--overlay\">\n                                    \n    \n            <div class=\"hero-header-3__image\" data-lazy=\"1\">\n            <img decoding=\"async\" src=\"https:\/\/roboyo.global\/app\/uploads\/2023\/11\/Copy-of-Blog-Post-HeroFeatured-Image.png\" alt=\"Blue room with lights within the walls\" loading=\"eager\" fetchpriority=\"high\">\n        <\/div>\n                                                            <\/div>\n        <div class=\"hero-header-3__container\">\n            <div class=\"hero-header-3__content\">\n                                <p class=\"hero-header-3__title\">L\u00f6sungen <\/p>\n                \n                                                <h1 class=\"hero-header-3__subtitle\">\n                    <span>REVOLUTIONIERUNG DER DIGITALEN TRANSFORMATION    <\/span>\n                <\/h1>\n                \n                            <\/div>\n                    <\/div>\n                <div class=\"hero-header-3__gradient hero-header-3__gradient--overall\"\n            style=\"background: linear-gradient(, rgb() 0%, rgb() 100%)\">\n        <\/div>\n            <\/div>\n<\/section>\n\n\n\n<div aria-hidden=\"true\" class=\"appeal-spacer appeal-spacer--69d4fb45ea4c8  appeal-spacer--transparent\">\r\n<style>\r\n\/* Ultrawide *\/\r\n.appeal-spacer--69d4fb45ea4c8 {\r\n    height: 75px;\r\n}\r\n\r\n\/* Desktop *\/\r\n@media (max-width: 1920px) {\r\n    .appeal-spacer--69d4fb45ea4c8 {\r\n        height: 75px;\r\n    }\r\n}\r\n\r\n\/* Laptop *\/\r\n@media (max-width: 1024px) {\r\n    .appeal-spacer--69d4fb45ea4c8 {\r\n        height: 50px;\r\n    }\r\n}\r\n\r\n\/* Mobile *\/\r\n@media (max-width: 767px) {\r\n    .appeal-spacer--69d4fb45ea4c8 {\r\n        height: 50px;\r\n    }\r\n}\r\n<\/style>\r\n<\/div>\r\n\n\n\r\n\r\n<div class=\"\"\r\n    style=\"background-color: #fff; position: relative\">\r\n    \r\n    \r\n    <section class=\"container-block container--medium\">\r\n        <div class=\"container-block__elements\">\r\n            \n\n<p class=\"has-t-h-7-font-size\"><strong>Wir wissen, dass der Weg zur digitalen Transformation f\u00fcr jedes Unternehmen anders ist. Deshalb bieten wir eine Reihe von L\u00f6sungen an, die genau auf Ihre gesch\u00e4ftlichen Anforderungen, gew\u00fcnschten Ergebnisse und betrieblichen Funktionen zugeschnitten sind.<\/strong><\/p>\n\n\n\n<p style=\"font-size:24px\">Im Mittelpunkt unserer Mission steht die Verpflichtung, Sie zu organisatorischer Exzellenz zu f\u00fchren. Das erreichen wir durch die nahtlose Integration von Technologie, Mitarbeitern und Prozessen und durch die Aussch\u00f6pfung aller M\u00f6glichkeiten der Automatisierung. &nbsp; &nbsp;<\/p>\n\n\n\n<p style=\"font-size:24px\">Wo auch immer Sie sich auf Ihrer Reise zur digitalen Transformation befinden, wir sind hier, um Sie auf das n\u00e4chste Level zu bringen. Jetzt! Entdecken Sie unser L\u00f6sungsangebot und freuen Sie sich auf optimierte Abl\u00e4ufe, greifbare Ergebnisse und den n\u00f6tigen Vorsprung vor der Konkurrenz. \u00a0<\/p>\n\n\r\n        <\/div>\r\n    <\/section>\r\n<\/div>\n\n<div aria-hidden=\"true\" class=\"appeal-spacer appeal-spacer--69d4fb45ecec9  appeal-spacer--transparent\">\r\n<style>\r\n\/* Ultrawide *\/\r\n.appeal-spacer--69d4fb45ecec9 {\r\n    height: 75px;\r\n}\r\n\r\n\/* Desktop *\/\r\n@media (max-width: 1920px) {\r\n    .appeal-spacer--69d4fb45ecec9 {\r\n        height: 75px;\r\n    }\r\n}\r\n\r\n\/* Laptop *\/\r\n@media (max-width: 1024px) {\r\n    .appeal-spacer--69d4fb45ecec9 {\r\n        height: 50px;\r\n    }\r\n}\r\n\r\n\/* Mobile *\/\r\n@media (max-width: 767px) {\r\n    .appeal-spacer--69d4fb45ecec9 {\r\n        height: 50px;\r\n    }\r\n}\r\n<\/style>\r\n<\/div>\r\n\n\n\n\n<section class=\"icon-descriptions  js-icon-descriptions\"    data-block=\"appeal\/icon-descriptions\">\n    <div class=\"container\">\n        <div class=\"icon-descriptions__intro-text\"><p><span style=\"color: #1ff4ff;\">L\u00f6sungen <span style=\"color: #ffffff;\">auf einen blick<\/span><\/span><\/p>\n<\/div>\n        <div class=\"icon-descriptions__icon-list\">\n                            <div class=\"icon-list-item\">\n                    <div class=\"icon-list-item__icon-wrapper\">\n                                                                                \n    \n            <div class=\"icon-list-item__image\" data-lazy >\n                            <img decoding=\"async\" loading=\"lazy\" data-lazy-placeholder src=\"https:\/\/roboyo.global\/app\/uploads\/2023\/12\/ByOutcome-1-150x150.gif\" alt=\"By outcome GIF\">\n                                        <img loading=\"lazy\" data-lazy-full=\"https:\/\/roboyo.global\/app\/uploads\/2023\/12\/ByOutcome-1.gif\" alt=\"By outcome GIF\">\n                    <\/div>\n    \n                                            <\/div>\n\n                                            <div class=\"icon-list-item__title\">NACH ERGEBNIS<\/div>\n                    \n                                            <div class=\"icon-list-item__description\">Ganz gleich, ob Sie sich einen Wettbewerbsvorteil verschaffen, einen Kostenvorteil sichern , Ihre digitalen Abl\u00e4ufe zukunftssicher machen, Ihre Talente f\u00f6rdern oder Ihre Kunden begeistern m\u00f6chten &#8211; unsere ma\u00dfgeschneiderten L\u00f6sungen sind darauf ausgerichtet, Ihre Gesch\u00e4ftsziele zu erreichen. <\/div>\n                    \n                                        <div class=\"icon-list-item__button\">\n                    \n<a\n    class=\"animated-cta__link link--primary link--dark link--dark-blue link--internal link--large link link--primary link--internal\"\n    href=\"https:\/\/roboyo.global\/de\/loesungen-nach-ergebnis\/\"     aria-label=\"Learn more about: Mehr erfahren\"    data-loaded\n>\n  <div>\n          <i><\/i>\n        <span>Mehr erfahren<\/span>\n      <\/div>\n<\/a>                    <\/div>\n                                    <\/div>\n                            <div class=\"icon-list-item\">\n                    <div class=\"icon-list-item__icon-wrapper\">\n                                                                                \n    \n            <div class=\"icon-list-item__image\" data-lazy >\n                            <img decoding=\"async\" loading=\"lazy\" data-lazy-placeholder src=\"https:\/\/roboyo.global\/app\/uploads\/2023\/12\/ByNeed-1-150x150.gif\" alt=\"By need GIF\">\n                                        <img loading=\"lazy\" data-lazy-full=\"https:\/\/roboyo.global\/app\/uploads\/2023\/12\/ByNeed-1.gif\" alt=\"By need GIF\">\n                    <\/div>\n    \n                                            <\/div>\n\n                                            <div class=\"icon-list-item__title\">NACH BEDARF   <\/div>\n                    \n                                            <div class=\"icon-list-item__description\">Jede Phase Ihrer Automatisierungsreise erfordert einen differenzierten Ansatz, und unsere L\u00f6sungen sind fein abgestimmt, um bei jedem Schritt die richtige Unterst\u00fctzung und strategisches Denken zu bieten.    <\/div>\n                    \n                                        <div class=\"icon-list-item__button\">\n                    \n<a\n    class=\"animated-cta__link link--primary link--dark link--dark-blue link--internal link--large link link--primary link--internal\"\n    href=\"https:\/\/roboyo.global\/de\/loesungen-nach-bedarf\/\"     aria-label=\"Learn more about: Mehr erfahren\"    data-loaded\n>\n  <div>\n          <i><\/i>\n        <span>Mehr erfahren<\/span>\n      <\/div>\n<\/a>                    <\/div>\n                                    <\/div>\n                            <div class=\"icon-list-item\">\n                    <div class=\"icon-list-item__icon-wrapper\">\n                                                                                \n    \n            <div class=\"icon-list-item__image\" data-lazy >\n                            <img decoding=\"async\" loading=\"lazy\" data-lazy-placeholder src=\"https:\/\/roboyo.global\/app\/uploads\/2023\/12\/ByFunction-1-150x150.gif\" alt=\"By function GIF\">\n                                        <img loading=\"lazy\" data-lazy-full=\"https:\/\/roboyo.global\/app\/uploads\/2023\/12\/ByFunction-1.gif\" alt=\"By function GIF\">\n                    <\/div>\n    \n                                            <\/div>\n\n                                            <div class=\"icon-list-item__title\">NACH FUNKTION   <\/div>\n                    \n                                            <div class=\"icon-list-item__description\">Entdecken Sie die Leistungsf\u00e4higkeit von Roboyos spezialisierten Automatisierungsl\u00f6sungen f\u00fcr verschiedene Unternehmensfunktionen, von Finanzen und IT bis hin zu HR und Operations. Unser ganzheitlicher Ansatz sorgt f\u00fcr Optimierung und Leistungssteigerung in allen Abteilungen und tr\u00e4gt so zum Gesamterfolg und zur Effizienz Ihres Unternehmens bei. <\/div>\n                    \n                                        <div class=\"icon-list-item__button\">\n                    \n<a\n    class=\"animated-cta__link link--primary link--dark link--dark-blue link--internal link--large link link--primary link--internal\"\n    href=\"https:\/\/roboyo.global\/de\/intelligente-automatisierung-im-finanzwesen\/\"     aria-label=\"Learn more about: Mehr erfahren\"    data-loaded\n>\n  <div>\n          <i><\/i>\n        <span>Mehr erfahren<\/span>\n      <\/div>\n<\/a>                    <\/div>\n                                    <\/div>\n                    <\/div>\n    <\/div>\n<\/section>\n","protected":false},"excerpt":{"rendered":"","protected":false},"author":25,"featured_media":29767,"parent":0,"menu_order":0,"comment_status":"closed","ping_status":"closed","template":"","meta":{"_acf_changed":false,"footnotes":""},"wf_page_folders":[],"class_list":["post-69999","page","type-page","status-publish","has-post-thumbnail","hentry"],"acf":[],"yoast_head":"<!-- This site is optimized with the Yoast SEO Premium plugin v26.0 (Yoast SEO v26.8) - https:\/\/yoast.com\/product\/yoast-seo-premium-wordpress\/ -->\n<title>Erkunden Sie Die Von Uns Angebotenen L\u00f6sungen<\/title>\n<meta name=\"description\" content=\"Unser Fachwissen in Bezug auf transformative Technologien katalysiert die rasche Einf\u00fchrung von Gesch\u00e4ftsmodellen.\" \/>\n<meta name=\"robots\" content=\"index, follow, max-snippet:-1, max-image-preview:large, max-video-preview:-1\" \/>\n<link rel=\"canonical\" href=\"https:\/\/roboyo.global\/de\/losungen\/\" \/>\n<meta property=\"og:locale\" content=\"de_DE\" \/>\n<meta property=\"og:type\" content=\"article\" \/>\n<meta property=\"og:title\" content=\"L\u00f6sungen\u00a0\" \/>\n<meta property=\"og:description\" content=\"Unser Fachwissen in Bezug auf transformative Technologien katalysiert die rasche Einf\u00fchrung von Gesch\u00e4ftsmodellen.\" \/>\n<meta property=\"og:url\" content=\"https:\/\/roboyo.global\/de\/losungen\/\" \/>\n<meta property=\"og:site_name\" content=\"Roboyo\" \/>\n<meta property=\"article:modified_time\" content=\"2023-12-18T10:14:34+00:00\" \/>\n<meta property=\"og:image\" content=\"https:\/\/roboyo.global\/app\/uploads\/2022\/05\/img-sbo-competitive-edge-square.jpg\" \/>\n\t<meta property=\"og:image:width\" content=\"1420\" \/>\n\t<meta property=\"og:image:height\" content=\"1420\" \/>\n\t<meta property=\"og:image:type\" content=\"image\/jpeg\" \/>\n<meta name=\"twitter:card\" content=\"summary_large_image\" \/>\n<meta name=\"twitter:description\" content=\"Unser Fachwissen in Bezug auf transformative Technologien katalysiert die rasche Einf\u00fchrung von Gesch\u00e4ftsmodellen.\" \/>\n<meta name=\"twitter:label1\" content=\"Est. reading time\" \/>\n\t<meta name=\"twitter:data1\" content=\"1 minute\" \/>\n<script type=\"application\/ld+json\" class=\"yoast-schema-graph\">{\"@context\":\"https:\/\/schema.org\",\"@graph\":[{\"@type\":\"WebPage\",\"@id\":\"https:\/\/roboyo.global\/de\/losungen\/\",\"url\":\"https:\/\/roboyo.global\/de\/losungen\/\",\"name\":\"Erkunden Sie Die Von Uns Angebotenen L\u00f6sungen\",\"isPartOf\":{\"@id\":\"https:\/\/roboyo.global\/de\/#website\"},\"primaryImageOfPage\":{\"@id\":\"https:\/\/roboyo.global\/de\/losungen\/#primaryimage\"},\"image\":{\"@id\":\"https:\/\/roboyo.global\/de\/losungen\/#primaryimage\"},\"thumbnailUrl\":\"https:\/\/roboyo.global\/app\/uploads\/2022\/05\/img-sbo-competitive-edge-square.jpg\",\"datePublished\":\"2023-12-18T10:14:33+00:00\",\"dateModified\":\"2023-12-18T10:14:34+00:00\",\"description\":\"Unser Fachwissen in Bezug auf transformative Technologien katalysiert die rasche Einf\u00fchrung von Gesch\u00e4ftsmodellen.\",\"breadcrumb\":{\"@id\":\"https:\/\/roboyo.global\/de\/losungen\/#breadcrumb\"},\"inLanguage\":\"de-DE\",\"potentialAction\":[{\"@type\":\"ReadAction\",\"target\":[\"https:\/\/roboyo.global\/de\/losungen\/\"]}]},{\"@type\":\"ImageObject\",\"inLanguage\":\"de-DE\",\"@id\":\"https:\/\/roboyo.global\/de\/losungen\/#primaryimage\",\"url\":\"https:\/\/roboyo.global\/app\/uploads\/2022\/05\/img-sbo-competitive-edge-square.jpg\",\"contentUrl\":\"https:\/\/roboyo.global\/app\/uploads\/2022\/05\/img-sbo-competitive-edge-square.jpg\",\"width\":1420,\"height\":1420,\"caption\":\"F1 racing car\"},{\"@type\":\"BreadcrumbList\",\"@id\":\"https:\/\/roboyo.global\/de\/losungen\/#breadcrumb\",\"itemListElement\":[{\"@type\":\"ListItem\",\"position\":1,\"name\":\"Home\",\"item\":\"https:\/\/roboyo.global\/de\/\"},{\"@type\":\"ListItem\",\"position\":2,\"name\":\"L\u00f6sungen\u00a0\"}]},{\"@type\":\"WebSite\",\"@id\":\"https:\/\/roboyo.global\/de\/#website\",\"url\":\"https:\/\/roboyo.global\/de\/\",\"name\":\"Roboyo - Your Agentic Automation & AI Partner of Choice\",\"description\":\"We take what\u2019s possible to the next level. Now.\",\"potentialAction\":[{\"@type\":\"SearchAction\",\"target\":{\"@type\":\"EntryPoint\",\"urlTemplate\":\"https:\/\/roboyo.global\/de\/?s={search_term_string}\"},\"query-input\":{\"@type\":\"PropertyValueSpecification\",\"valueRequired\":true,\"valueName\":\"search_term_string\"}}],\"inLanguage\":\"de-DE\"}]}<\/script>\n<!-- \/ Yoast SEO Premium plugin. -->","yoast_head_json":{"title":"Erkunden Sie Die Von Uns Angebotenen L\u00f6sungen","description":"Unser Fachwissen in Bezug auf transformative Technologien katalysiert die rasche Einf\u00fchrung von Gesch\u00e4ftsmodellen.","robots":{"index":"index","follow":"follow","max-snippet":"max-snippet:-1","max-image-preview":"max-image-preview:large","max-video-preview":"max-video-preview:-1"},"canonical":"https:\/\/roboyo.global\/de\/losungen\/","og_locale":"de_DE","og_type":"article","og_title":"L\u00f6sungen\u00a0","og_description":"Unser Fachwissen in Bezug auf transformative Technologien katalysiert die rasche Einf\u00fchrung von Gesch\u00e4ftsmodellen.","og_url":"https:\/\/roboyo.global\/de\/losungen\/","og_site_name":"Roboyo","article_modified_time":"2023-12-18T10:14:34+00:00","og_image":[{"width":1420,"height":1420,"url":"https:\/\/roboyo.global\/app\/uploads\/2022\/05\/img-sbo-competitive-edge-square.jpg","type":"image\/jpeg"}],"twitter_card":"summary_large_image","twitter_description":"Unser Fachwissen in Bezug auf transformative Technologien katalysiert die rasche Einf\u00fchrung von Gesch\u00e4ftsmodellen.","twitter_misc":{"Est. reading time":"1 minute"},"schema":{"@context":"https:\/\/schema.org","@graph":[{"@type":"WebPage","@id":"https:\/\/roboyo.global\/de\/losungen\/","url":"https:\/\/roboyo.global\/de\/losungen\/","name":"Erkunden Sie Die Von Uns Angebotenen L\u00f6sungen","isPartOf":{"@id":"https:\/\/roboyo.global\/de\/#website"},"primaryImageOfPage":{"@id":"https:\/\/roboyo.global\/de\/losungen\/#primaryimage"},"image":{"@id":"https:\/\/roboyo.global\/de\/losungen\/#primaryimage"},"thumbnailUrl":"https:\/\/roboyo.global\/app\/uploads\/2022\/05\/img-sbo-competitive-edge-square.jpg","datePublished":"2023-12-18T10:14:33+00:00","dateModified":"2023-12-18T10:14:34+00:00","description":"Unser Fachwissen in Bezug auf transformative Technologien katalysiert die rasche Einf\u00fchrung von Gesch\u00e4ftsmodellen.","breadcrumb":{"@id":"https:\/\/roboyo.global\/de\/losungen\/#breadcrumb"},"inLanguage":"de-DE","potentialAction":[{"@type":"ReadAction","target":["https:\/\/roboyo.global\/de\/losungen\/"]}]},{"@type":"ImageObject","inLanguage":"de-DE","@id":"https:\/\/roboyo.global\/de\/losungen\/#primaryimage","url":"https:\/\/roboyo.global\/app\/uploads\/2022\/05\/img-sbo-competitive-edge-square.jpg","contentUrl":"https:\/\/roboyo.global\/app\/uploads\/2022\/05\/img-sbo-competitive-edge-square.jpg","width":1420,"height":1420,"caption":"F1 racing car"},{"@type":"BreadcrumbList","@id":"https:\/\/roboyo.global\/de\/losungen\/#breadcrumb","itemListElement":[{"@type":"ListItem","position":1,"name":"Home","item":"https:\/\/roboyo.global\/de\/"},{"@type":"ListItem","position":2,"name":"L\u00f6sungen\u00a0"}]},{"@type":"WebSite","@id":"https:\/\/roboyo.global\/de\/#website","url":"https:\/\/roboyo.global\/de\/","name":"Roboyo - Your Agentic Automation & AI Partner of Choice","description":"We take what\u2019s possible to the next level. Now.","potentialAction":[{"@type":"SearchAction","target":{"@type":"EntryPoint","urlTemplate":"https:\/\/roboyo.global\/de\/?s={search_term_string}"},"query-input":{"@type":"PropertyValueSpecification","valueRequired":true,"valueName":"search_term_string"}}],"inLanguage":"de-DE"}]}},"_links":{"self":[{"href":"https:\/\/roboyo.global\/de\/wp-json\/wp\/v2\/pages\/69999","targetHints":{"allow":["GET"]}}],"collection":[{"href":"https:\/\/roboyo.global\/de\/wp-json\/wp\/v2\/pages"}],"about":[{"href":"https:\/\/roboyo.global\/de\/wp-json\/wp\/v2\/types\/page"}],"author":[{"embeddable":true,"href":"https:\/\/roboyo.global\/de\/wp-json\/wp\/v2\/users\/25"}],"replies":[{"embeddable":true,"href":"https:\/\/roboyo.global\/de\/wp-json\/wp\/v2\/comments?post=69999"}],"version-history":[{"count":3,"href":"https:\/\/roboyo.global\/de\/wp-json\/wp\/v2\/pages\/69999\/revisions"}],"predecessor-version":[{"id":71768,"href":"https:\/\/roboyo.global\/de\/wp-json\/wp\/v2\/pages\/69999\/revisions\/71768"}],"wp:featuredmedia":[{"embeddable":true,"href":"https:\/\/roboyo.global\/de\/wp-json\/wp\/v2\/media\/29767"}],"wp:attachment":[{"href":"https:\/\/roboyo.global\/de\/wp-json\/wp\/v2\/media?parent=69999"}],"wp:term":[{"taxonomy":"wf_page_folders","embeddable":true,"href":"https:\/\/roboyo.global\/de\/wp-json\/wp\/v2\/wf_page_folders?post=69999"}],"curies":[{"name":"wp","href":"https:\/\/api.w.org\/{rel}","templated":true}]}}