{"id":46129,"date":"2022-11-30T10:22:48","date_gmt":"2022-11-30T10:22:48","guid":{"rendered":"https:\/\/roboyo.global\/?page_id=46129"},"modified":"2025-12-10T10:59:52","modified_gmt":"2025-12-10T10:59:52","slug":"wir-sind-ingenieure-2","status":"publish","type":"page","link":"https:\/\/roboyo.global\/de\/wir-sind-ingenieure\/","title":{"rendered":"\u00dcber Uns &#8211; Ihr f\u00fchrender Partner f\u00fcr agentische KI"},"content":{"rendered":"\n\n<section  data-loaded data-nav-transparent\n    class=\"hero-header-3 hero-header-3--left hero-header-3--no-cat hero-header-3--fw\">\n    <div class=\"hero-header-3__wrapper\">\n        <div class=\"hero-header-3__video hero-header-3__video--overlay\">\n                                                <div class=\"hero-header-3__video-fg\">\n                 <div class=\"brlbs-cmpnt-container brlbs-cmpnt-content-blocker brlbs-cmpnt-with-individual-styles\" data-borlabs-cookie-content-blocker-id=\"vimeo-content-blocker\" data-borlabs-cookie-content=\"PGlmcmFtZSB0aXRsZT0iMDAyIC0gVmlkZW8gQ29kZSBIRCAxOTIweDk1MF8xOTA1MjFfdjYubXA0IiBzcmM9Imh0dHBzOi8vcGxheWVyLnZpbWVvLmNvbS92aWRlby81NjAzMzIxNjg\/ZG50PTEmYW1wO2FwcF9pZD0xMjI5NjMmY29udHJvbHM9MCZoZD0xJmF1dG9oaWRlPTEmc2hvd2luZm89MCZhdXRvcGxheT0xJm11dGU9MSZtdXRlZD0xJmxvb3A9MSZwbGF5c2lubGluZT0xJnJlbD0wJmFwaT0xIiB3aWR0aD0iNjQwIiBoZWlnaHQ9IjMxNyIgZnJhbWVib3JkZXI9IjAiIGFsbG93PSJhdXRvcGxheTsgZnVsbHNjcmVlbjsgcGljdHVyZS1pbi1waWN0dXJlOyBjbGlwYm9hcmQtd3JpdGU7IGVuY3J5cHRlZC1tZWRpYTsgd2ViLXNoYXJlIiByZWZlcnJlcnBvbGljeT0ic3RyaWN0LW9yaWdpbi13aGVuLWNyb3NzLW9yaWdpbiIgZnJhbWVib3JkZXI9IjAiIGlkPSJ5b3V0dWJlLXZpZGVvIiBvbmxvYWQ9InJldHVybiB0aGlzLmRpc3BhdGNoRXZlbnQobmV3IEV2ZW50KCd2aWRlbzpsb2FkZWQnLCB7YnViYmxlczogdHJ1ZX0pKTsiPjwvaWZyYW1lPg==\"><div class=\"brlbs-cmpnt-cb-preset-c brlbs-cmpnt-cb-vimeo\"> <div class=\"brlbs-cmpnt-cb-thumbnail\" style=\"background-image: url('https:\/\/roboyo.global\/app\/uploads\/borlabs-cookie\/1\/vimeo_560332168.jpg')\"><\/div> <div class=\"brlbs-cmpnt-cb-main\"> <div class=\"brlbs-cmpnt-cb-play-button\"><\/div> <div class=\"brlbs-cmpnt-cb-content\"> <p class=\"brlbs-cmpnt-cb-description\">Sie sehen gerade einen Platzhalterinhalt von <strong>Vimeo<\/strong>. Um auf den eigentlichen Inhalt zuzugreifen, klicken Sie auf die Schaltfl\u00e4che unten. Bitte beachten Sie, dass dabei Daten an Drittanbieter weitergegeben werden.<\/p> <a class=\"brlbs-cmpnt-cb-provider-toggle\" href=\"#\" data-borlabs-cookie-show-provider-information role=\"button\">Mehr Informationen<\/a> <\/div> <div class=\"brlbs-cmpnt-cb-buttons\"> <a class=\"brlbs-cmpnt-cb-btn\" href=\"#\" data-borlabs-cookie-unblock role=\"button\">Inhalt entsperren<\/a> <a class=\"brlbs-cmpnt-cb-btn\" href=\"#\" data-borlabs-cookie-accept-service role=\"button\" style=\"display: inherit\">Erforderlichen Service akzeptieren und Inhalte entsperren<\/a> <\/div> <\/div> <\/div><\/div>            <\/div>\n                    <\/div>\n        <div class=\"hero-header-3__container\">\n            <div class=\"hero-header-3__content\">\n                                <p class=\"hero-header-3__title\">\u00dcBER UNS<\/p>\n                \n                                                <h1 class=\"hero-header-3__subtitle\">\n                    <span>Ihr f\u00fchrender Partner f\u00fcr agentische KI<\/span>\n                <\/h1>\n                \n                            <\/div>\n                    <\/div>\n                <div class=\"hero-header-3__gradient hero-header-3__gradient--overall\"\n            style=\"background: linear-gradient(180deg, rgba(0,0,0,0.0) 0%, rgba(0,0,0,1) 100%)\">\n        <\/div>\n            <\/div>\n<\/section>\n\n\n\n\r\n\r\n<div class=\"\"\r\n    style=\"background-color: #000000; position: relative\">\r\n    \r\n    \r\n    <section class=\"container-block container--1120\">\r\n        <div class=\"container-block__elements\">\r\n            \n\r\n\r\n<style>\r\n    @media (max-width: 599px) {\r\n        #heading_block_6939527eca19f > .heading {\r\n            font-size: 30px;\r\n            line-height: 40px;\r\n        }\r\n    }\r\n\r\n    @media (min-width: 600px) and (max-width: 1023px) {\r\n        #heading_block_6939527eca19f > .heading {\r\n            font-size: 50px;\r\n            line-height: 60px;\r\n        }\r\n    }\r\n\r\n    @media (min-width: 1024px) and (max-width: 1919px) {\r\n        #heading_block_6939527eca19f > .heading {\r\n            font-size: 70px;\r\n            line-height: 80px;\r\n        }\r\n    }\r\n\r\n    @media (min-width: 1920px) {\r\n        #heading_block_6939527eca19f > .heading {\r\n            font-size: 70px;\r\n            line-height: 80px;\r\n        }\r\n    }\r\n    \r\n<\/style>\r\n\r\n\r\n<div id=\"heading_block_6939527eca19f\" class=\"heading__container heading__container--#000000\">\r\n\r\n<h3 style=\"color: #ffffff; padding-left: 40px; padding-right: 40px;\" class=\"heading heading__size--h4 heading__alignment--center heading__weight--medium\">Roboyo wurde in Deutschland geboren, aber f\u00fcr die Welt konstruiert.<\/h3>\r\n\r\n<\/div>\n\r\n        <\/div>\r\n    <\/section>\r\n<\/div>\n\n<div aria-hidden=\"true\" class=\"appeal-spacer appeal-spacer--69f2d5857b6ac  appeal-spacer--black\">\r\n<style>\r\n\/* Ultrawide *\/\r\n.appeal-spacer--69f2d5857b6ac {\r\n    height: 100px;\r\n}\r\n\r\n\/* Desktop *\/\r\n@media (max-width: 1920px) {\r\n    .appeal-spacer--69f2d5857b6ac {\r\n        height: 100px;\r\n    }\r\n}\r\n\r\n\/* Laptop *\/\r\n@media (max-width: 1024px) {\r\n    .appeal-spacer--69f2d5857b6ac {\r\n        height: 50px;\r\n    }\r\n}\r\n\r\n\/* Mobile *\/\r\n@media (max-width: 767px) {\r\n    .appeal-spacer--69f2d5857b6ac {\r\n        height: 25px;\r\n    }\r\n}\r\n<\/style>\r\n<\/div>\r\n\n\n\r\n\r\n<div class=\"\"\r\n    style=\"background-color: #000000; position: relative\">\r\n    \r\n    \r\n    <section class=\"container-block container--1120\">\r\n        <div class=\"container-block__elements\">\r\n            \n\r\n<style>\r\n\r\n#paragraph_block_6939527eca1fb p {\r\n    margin-top: 18px;\r\n    margin-bottom: 18px;\r\n    padding-top: 0px;\r\n    padding-bottom: 0px;\r\n}\r\n\r\n<\/style>\r\n\r\n\r\n<style>\r\n    @media (max-width: 599px) {\r\n        #paragraph_block_6939527eca1fb {\r\n            font-size: 14px;\r\n            line-height: 16px;\r\n        }\r\n    }\r\n\r\n    @media (min-width: 600px) and (max-width: 1023px) {\r\n        #paragraph_block_6939527eca1fb {\r\n            font-size: 16px;\r\n            line-height: 20px;\r\n        }\r\n    }\r\n\r\n    @media (min-width: 1024px) and (max-width: 1919px) {\r\n        #paragraph_block_6939527eca1fb {\r\n            font-size: 18px;\r\n            line-height: 22px;\r\n        }\r\n    }\r\n\r\n    @media (min-width: 1920px) {\r\n        #paragraph_block_6939527eca1fb {\r\n            font-size: 18px;\r\n            line-height: 22px;\r\n        }\r\n    }\r\n<\/style>\r\n\r\n<div id=\"paragraph_block_6939527eca1fb\" class=\"aparagraph__container aparagraph__container--#000000\">\r\n    <p><span style=\"color: #ffffff;\">2015 von 3 Freunden in N\u00fcrnberg gegr\u00fcndet, ist Roboyo heute das weltweit gr\u00f6\u00dfte Unternehmen f\u00fcr professionelle Dienstleistungen im Bereich der intelligenten Automatisierung, mit Standorten in 20 St\u00e4dten, in 15 L\u00e4ndern und auf 4 Kontinenten.<\/span><\/p>\n<p><span style=\"color: #ffffff;\">Wir z\u00e4hlen viele der Fortune 500 und 22\u00a0der 40 DAX Unternehmen\u00a0zu unseren Kunden.<\/span><\/p>\n<p><span style=\"color: #ffffff;\">Wir stammen aus 15 L\u00e4ndern und sprechen mindestens ebenso viele Sprachen. Auch wenn wir unterschiedliche Sportmannschaften und sogar G\u00f6tter anbeten, so eint uns doch die Tatsache, dass wir alle Automatisierungs-Ingenieure sind.<\/span><\/p>\n<p><span style=\"color: #ffffff;\">Die L\u00f6sung komplexer technischer Probleme ist das, was uns nachts wachh\u00e4lt und uns morgens aufstehen l\u00e4sst. Die Kombination aus Vision und Pr\u00e4zision macht uns zu einem kompetenten Partner f\u00fcr die Entwicklung und Umsetzung von Projekten. Wir denken in gro\u00dfen Zusammenh\u00e4ngen, haben ein Auge f\u00fcrs Detail und krempeln mit Leidenschaft die \u00c4rmel hoch, um die Arbeit zu erledigen.<\/span><\/p>\n<p><span style=\"color: #ffffff;\">Gemeinsam haben wir uns einen Ruf als Experten f\u00fcr greifbare positive Gesch\u00e4ftsergebnissen f\u00fcr einige der gr\u00f6\u00dften und dynamischsten Unternehmen der Welt erarbeitet.<\/span><\/p>\n<\/div>\n\n<div aria-hidden=\"true\" class=\"appeal-spacer appeal-spacer--69f2d58580022  appeal-spacer--black\">\r\n<style>\r\n\/* Ultrawide *\/\r\n.appeal-spacer--69f2d58580022 {\r\n    height: 100px;\r\n}\r\n\r\n\/* Desktop *\/\r\n@media (max-width: 1920px) {\r\n    .appeal-spacer--69f2d58580022 {\r\n        height: 100px;\r\n    }\r\n}\r\n\r\n\/* Laptop *\/\r\n@media (max-width: 1024px) {\r\n    .appeal-spacer--69f2d58580022 {\r\n        height: 50px;\r\n    }\r\n}\r\n\r\n\/* Mobile *\/\r\n@media (max-width: 767px) {\r\n    .appeal-spacer--69f2d58580022 {\r\n        height: 25px;\r\n    }\r\n}\r\n<\/style>\r\n<\/div>\r\n\n\n\n<figure class=\"wp-block-embed is-type-video is-provider-youtube wp-block-embed-youtube wp-embed-aspect-16-9 wp-has-aspect-ratio\"><div class=\"wp-block-embed__wrapper\">\n <div class=\"brlbs-cmpnt-container brlbs-cmpnt-content-blocker brlbs-cmpnt-with-individual-styles\" data-borlabs-cookie-content-blocker-id=\"youtube-content-blocker\" data-borlabs-cookie-content=\"PGRpdiBjbGFzcz0idmlkZW8tY29udGFpbmVyIj48aWZyYW1lIHRpdGxlPSJBdXRvbWF0aW9uIGlzIFRyYW5zZm9ybWF0aW9uIiB3aWR0aD0iNTAwIiBoZWlnaHQ9IjI4MSIgc3JjPSJodHRwczovL3d3dy55b3V0dWJlLW5vY29va2llLmNvbS9lbWJlZC9LVEFMVlowY01vVT9mZWF0dXJlPW9lbWJlZCIgZnJhbWVib3JkZXI9IjAiIGFsbG93PSJhY2NlbGVyb21ldGVyOyBhdXRvcGxheTsgY2xpcGJvYXJkLXdyaXRlOyBlbmNyeXB0ZWQtbWVkaWE7IGd5cm9zY29wZTsgcGljdHVyZS1pbi1waWN0dXJlOyB3ZWItc2hhcmUiIHJlZmVycmVycG9saWN5PSJzdHJpY3Qtb3JpZ2luLXdoZW4tY3Jvc3Mtb3JpZ2luIiBhbGxvd2Z1bGxzY3JlZW4+PC9pZnJhbWU+PC9kaXY+\"><div class=\"brlbs-cmpnt-cb-preset-c brlbs-cmpnt-cb-youtube\"> <div class=\"brlbs-cmpnt-cb-thumbnail\" style=\"background-image: url('https:\/\/roboyo.global\/app\/uploads\/borlabs-cookie\/1\/yt_KTALVZ0cMoU_hqdefault.jpg')\"><\/div> <div class=\"brlbs-cmpnt-cb-main\"> <div class=\"brlbs-cmpnt-cb-play-button\"><\/div> <div class=\"brlbs-cmpnt-cb-content\"> <p class=\"brlbs-cmpnt-cb-description\">Sie sehen gerade einen Platzhalterinhalt von <strong>Youtube<\/strong>. Um auf den eigentlichen Inhalt zuzugreifen, klicken Sie auf die Schaltfl\u00e4che unten. Bitte beachten Sie, dass dabei Daten an Drittanbieter weitergegeben werden.<\/p> <a class=\"brlbs-cmpnt-cb-provider-toggle\" href=\"#\" data-borlabs-cookie-show-provider-information role=\"button\">Mehr Informationen<\/a> <\/div> <div class=\"brlbs-cmpnt-cb-buttons\"> <a class=\"brlbs-cmpnt-cb-btn\" href=\"#\" data-borlabs-cookie-unblock role=\"button\">Inhalt entsperren<\/a> <a class=\"brlbs-cmpnt-cb-btn\" href=\"#\" data-borlabs-cookie-accept-service role=\"button\" style=\"display: inherit\">Erforderlichen Service akzeptieren und Inhalte entsperren<\/a> <\/div> <\/div> <\/div><\/div>\n<\/div><\/figure>\n\n\n<div aria-hidden=\"true\" class=\"appeal-spacer appeal-spacer--69f2d58580309  appeal-spacer--black\">\r\n<style>\r\n\/* Ultrawide *\/\r\n.appeal-spacer--69f2d58580309 {\r\n    height: 100px;\r\n}\r\n\r\n\/* Desktop *\/\r\n@media (max-width: 1920px) {\r\n    .appeal-spacer--69f2d58580309 {\r\n        height: 100px;\r\n    }\r\n}\r\n\r\n\/* Laptop *\/\r\n@media (max-width: 1024px) {\r\n    .appeal-spacer--69f2d58580309 {\r\n        height: 50px;\r\n    }\r\n}\r\n\r\n\/* Mobile *\/\r\n@media (max-width: 767px) {\r\n    .appeal-spacer--69f2d58580309 {\r\n        height: 25px;\r\n    }\r\n}\r\n<\/style>\r\n<\/div>\r\n\n\n\r\n<section class=\"button-grid button-grid--2\">\r\n        \n<a\n    class=\"customisable-button  customisable-button__link  link  customisable-button__link--bg-blue  customisable-button__link--icon-white  customisable-button__link--colour-white  customisable-button__link--colour-hover-white link link--primary link--internal\"\n    href=\"https:\/\/roboyo.global\/de\/kontakt\/\"     aria-label=\"Learn more about: LASSEN SIE UNS ZUSAMMEN AND DIE ARBEIT GEHEN\"    data-loaded\n>\n  <div>\n          <i><\/i>\n        <span>LASSEN SIE UNS ZUSAMMEN AND DIE ARBEIT GEHEN<\/span>\n      <\/div>\n<\/a>\r\n\r\n        \n<a\n    class=\"customisable-button  customisable-button__link  link  customisable-button__link--bg-blue  customisable-button__link--icon-white  customisable-button__link--colour-white  customisable-button__link--colour-hover-white link link--primary link--internal\"\n    href=\"https:\/\/roboyo.global\/de\/karriere\/\"     aria-label=\"Learn more about: ARBEITEN SIE MIT UNS\"    data-loaded\n>\n  <div>\n          <i><\/i>\n        <span>ARBEITEN SIE MIT UNS<\/span>\n      <\/div>\n<\/a>\r\n\r\n<\/section>\n\r\n        <\/div>\r\n    <\/section>\r\n<\/div>\n\n<div aria-hidden=\"true\" class=\"appeal-spacer appeal-spacer--69f2d5858405b  appeal-spacer--black\">\r\n<style>\r\n\/* Ultrawide *\/\r\n.appeal-spacer--69f2d5858405b {\r\n    height: 125px;\r\n}\r\n\r\n\/* Desktop *\/\r\n@media (max-width: 1920px) {\r\n    .appeal-spacer--69f2d5858405b {\r\n        height: 125px;\r\n    }\r\n}\r\n\r\n\/* Laptop *\/\r\n@media (max-width: 1024px) {\r\n    .appeal-spacer--69f2d5858405b {\r\n        height: 75px;\r\n    }\r\n}\r\n\r\n\/* Mobile *\/\r\n@media (max-width: 767px) {\r\n    .appeal-spacer--69f2d5858405b {\r\n        height: 25px;\r\n    }\r\n}\r\n<\/style>\r\n<\/div>\r\n","protected":false},"excerpt":{"rendered":"","protected":false},"author":1,"featured_media":50927,"parent":0,"menu_order":0,"comment_status":"closed","ping_status":"closed","template":"","meta":{"_acf_changed":false,"footnotes":""},"wf_page_folders":[],"class_list":["post-46129","page","type-page","status-publish","has-post-thumbnail","hentry"],"acf":[],"yoast_head":"<!-- This site is optimized with the Yoast SEO Premium plugin v26.0 (Yoast SEO v26.8) - https:\/\/yoast.com\/product\/yoast-seo-premium-wordpress\/ -->\n<title>\u00dcber Uns | Ihr f\u00fchrender Partner f\u00fcr agentische KI<\/title>\n<meta name=\"description\" content=\"Wir transformieren Technologien in gro\u00dfem Ma\u00dfstab, um die Unternehmensleistung der n\u00e4chsten Stufe schnell zu steigern.\" \/>\n<meta name=\"robots\" content=\"index, follow, max-snippet:-1, max-image-preview:large, max-video-preview:-1\" \/>\n<link rel=\"canonical\" href=\"https:\/\/roboyo.global\/de\/wir-sind-ingenieure\/\" \/>\n<meta property=\"og:locale\" content=\"de_DE\" \/>\n<meta property=\"og:type\" content=\"article\" \/>\n<meta property=\"og:title\" content=\"\u00dcber Uns - Ihr f\u00fchrender Partner f\u00fcr agentische KI\" \/>\n<meta property=\"og:description\" content=\"Wir transformieren Technologien in gro\u00dfem Ma\u00dfstab, um die Unternehmensleistung der n\u00e4chsten Stufe schnell zu steigern.\" \/>\n<meta property=\"og:url\" content=\"https:\/\/roboyo.global\/de\/wir-sind-ingenieure\/\" \/>\n<meta property=\"og:site_name\" content=\"Roboyo\" \/>\n<meta property=\"article:modified_time\" content=\"2025-12-10T10:59:52+00:00\" \/>\n<meta property=\"og:image\" content=\"https:\/\/roboyo.global\/app\/uploads\/2023\/03\/About-us-we-are-engineers-GER.png\" \/>\n\t<meta property=\"og:image:width\" content=\"698\" \/>\n\t<meta property=\"og:image:height\" content=\"390\" \/>\n\t<meta property=\"og:image:type\" content=\"image\/png\" \/>\n<meta name=\"twitter:card\" content=\"summary_large_image\" \/>\n<meta name=\"twitter:label1\" content=\"Est. reading time\" \/>\n\t<meta name=\"twitter:data1\" content=\"1 minute\" \/>\n<script type=\"application\/ld+json\" class=\"yoast-schema-graph\">{\"@context\":\"https:\/\/schema.org\",\"@graph\":[{\"@type\":\"WebPage\",\"@id\":\"https:\/\/roboyo.global\/de\/wir-sind-ingenieure\/\",\"url\":\"https:\/\/roboyo.global\/de\/wir-sind-ingenieure\/\",\"name\":\"\u00dcber Uns | Ihr f\u00fchrender Partner f\u00fcr agentische KI\",\"isPartOf\":{\"@id\":\"https:\/\/roboyo.global\/de\/#website\"},\"primaryImageOfPage\":{\"@id\":\"https:\/\/roboyo.global\/de\/wir-sind-ingenieure\/#primaryimage\"},\"image\":{\"@id\":\"https:\/\/roboyo.global\/de\/wir-sind-ingenieure\/#primaryimage\"},\"thumbnailUrl\":\"https:\/\/roboyo.global\/app\/uploads\/2023\/03\/About-us-we-are-engineers-GER.png\",\"datePublished\":\"2022-11-30T10:22:48+00:00\",\"dateModified\":\"2025-12-10T10:59:52+00:00\",\"description\":\"Wir transformieren Technologien in gro\u00dfem Ma\u00dfstab, um die Unternehmensleistung der n\u00e4chsten Stufe schnell zu steigern.\",\"breadcrumb\":{\"@id\":\"https:\/\/roboyo.global\/de\/wir-sind-ingenieure\/#breadcrumb\"},\"inLanguage\":\"de-DE\",\"potentialAction\":[{\"@type\":\"ReadAction\",\"target\":[\"https:\/\/roboyo.global\/de\/wir-sind-ingenieure\/\"]}]},{\"@type\":\"ImageObject\",\"inLanguage\":\"de-DE\",\"@id\":\"https:\/\/roboyo.global\/de\/wir-sind-ingenieure\/#primaryimage\",\"url\":\"https:\/\/roboyo.global\/app\/uploads\/2023\/03\/About-us-we-are-engineers-GER.png\",\"contentUrl\":\"https:\/\/roboyo.global\/app\/uploads\/2023\/03\/About-us-we-are-engineers-GER.png\",\"width\":698,\"height\":390,\"caption\":\"About us - we are engineers GER\"},{\"@type\":\"BreadcrumbList\",\"@id\":\"https:\/\/roboyo.global\/de\/wir-sind-ingenieure\/#breadcrumb\",\"itemListElement\":[{\"@type\":\"ListItem\",\"position\":1,\"name\":\"Home\",\"item\":\"https:\/\/roboyo.global\/de\/\"},{\"@type\":\"ListItem\",\"position\":2,\"name\":\"\u00dcber Uns &#8211; Ihr f\u00fchrender Partner f\u00fcr agentische KI\"}]},{\"@type\":\"WebSite\",\"@id\":\"https:\/\/roboyo.global\/de\/#website\",\"url\":\"https:\/\/roboyo.global\/de\/\",\"name\":\"Roboyo - Your Agentic Automation & AI Partner of Choice\",\"description\":\"We take what\u2019s possible to the next level. Now.\",\"potentialAction\":[{\"@type\":\"SearchAction\",\"target\":{\"@type\":\"EntryPoint\",\"urlTemplate\":\"https:\/\/roboyo.global\/de\/?s={search_term_string}\"},\"query-input\":{\"@type\":\"PropertyValueSpecification\",\"valueRequired\":true,\"valueName\":\"search_term_string\"}}],\"inLanguage\":\"de-DE\"}]}<\/script>\n<!-- \/ Yoast SEO Premium plugin. -->","yoast_head_json":{"title":"\u00dcber Uns | Ihr f\u00fchrender Partner f\u00fcr agentische KI","description":"Wir transformieren Technologien in gro\u00dfem Ma\u00dfstab, um die Unternehmensleistung der n\u00e4chsten Stufe schnell zu steigern.","robots":{"index":"index","follow":"follow","max-snippet":"max-snippet:-1","max-image-preview":"max-image-preview:large","max-video-preview":"max-video-preview:-1"},"canonical":"https:\/\/roboyo.global\/de\/wir-sind-ingenieure\/","og_locale":"de_DE","og_type":"article","og_title":"\u00dcber Uns - Ihr f\u00fchrender Partner f\u00fcr agentische KI","og_description":"Wir transformieren Technologien in gro\u00dfem Ma\u00dfstab, um die Unternehmensleistung der n\u00e4chsten Stufe schnell zu steigern.","og_url":"https:\/\/roboyo.global\/de\/wir-sind-ingenieure\/","og_site_name":"Roboyo","article_modified_time":"2025-12-10T10:59:52+00:00","og_image":[{"width":698,"height":390,"url":"https:\/\/roboyo.global\/app\/uploads\/2023\/03\/About-us-we-are-engineers-GER.png","type":"image\/png"}],"twitter_card":"summary_large_image","twitter_misc":{"Est. reading time":"1 minute"},"schema":{"@context":"https:\/\/schema.org","@graph":[{"@type":"WebPage","@id":"https:\/\/roboyo.global\/de\/wir-sind-ingenieure\/","url":"https:\/\/roboyo.global\/de\/wir-sind-ingenieure\/","name":"\u00dcber Uns | Ihr f\u00fchrender Partner f\u00fcr agentische KI","isPartOf":{"@id":"https:\/\/roboyo.global\/de\/#website"},"primaryImageOfPage":{"@id":"https:\/\/roboyo.global\/de\/wir-sind-ingenieure\/#primaryimage"},"image":{"@id":"https:\/\/roboyo.global\/de\/wir-sind-ingenieure\/#primaryimage"},"thumbnailUrl":"https:\/\/roboyo.global\/app\/uploads\/2023\/03\/About-us-we-are-engineers-GER.png","datePublished":"2022-11-30T10:22:48+00:00","dateModified":"2025-12-10T10:59:52+00:00","description":"Wir transformieren Technologien in gro\u00dfem Ma\u00dfstab, um die Unternehmensleistung der n\u00e4chsten Stufe schnell zu steigern.","breadcrumb":{"@id":"https:\/\/roboyo.global\/de\/wir-sind-ingenieure\/#breadcrumb"},"inLanguage":"de-DE","potentialAction":[{"@type":"ReadAction","target":["https:\/\/roboyo.global\/de\/wir-sind-ingenieure\/"]}]},{"@type":"ImageObject","inLanguage":"de-DE","@id":"https:\/\/roboyo.global\/de\/wir-sind-ingenieure\/#primaryimage","url":"https:\/\/roboyo.global\/app\/uploads\/2023\/03\/About-us-we-are-engineers-GER.png","contentUrl":"https:\/\/roboyo.global\/app\/uploads\/2023\/03\/About-us-we-are-engineers-GER.png","width":698,"height":390,"caption":"About us - we are engineers GER"},{"@type":"BreadcrumbList","@id":"https:\/\/roboyo.global\/de\/wir-sind-ingenieure\/#breadcrumb","itemListElement":[{"@type":"ListItem","position":1,"name":"Home","item":"https:\/\/roboyo.global\/de\/"},{"@type":"ListItem","position":2,"name":"\u00dcber Uns &#8211; Ihr f\u00fchrender Partner f\u00fcr agentische KI"}]},{"@type":"WebSite","@id":"https:\/\/roboyo.global\/de\/#website","url":"https:\/\/roboyo.global\/de\/","name":"Roboyo - Your Agentic Automation & AI Partner of Choice","description":"We take what\u2019s possible to the next level. Now.","potentialAction":[{"@type":"SearchAction","target":{"@type":"EntryPoint","urlTemplate":"https:\/\/roboyo.global\/de\/?s={search_term_string}"},"query-input":{"@type":"PropertyValueSpecification","valueRequired":true,"valueName":"search_term_string"}}],"inLanguage":"de-DE"}]}},"_links":{"self":[{"href":"https:\/\/roboyo.global\/de\/wp-json\/wp\/v2\/pages\/46129","targetHints":{"allow":["GET"]}}],"collection":[{"href":"https:\/\/roboyo.global\/de\/wp-json\/wp\/v2\/pages"}],"about":[{"href":"https:\/\/roboyo.global\/de\/wp-json\/wp\/v2\/types\/page"}],"author":[{"embeddable":true,"href":"https:\/\/roboyo.global\/de\/wp-json\/wp\/v2\/users\/1"}],"replies":[{"embeddable":true,"href":"https:\/\/roboyo.global\/de\/wp-json\/wp\/v2\/comments?post=46129"}],"version-history":[{"count":17,"href":"https:\/\/roboyo.global\/de\/wp-json\/wp\/v2\/pages\/46129\/revisions"}],"predecessor-version":[{"id":97009,"href":"https:\/\/roboyo.global\/de\/wp-json\/wp\/v2\/pages\/46129\/revisions\/97009"}],"wp:featuredmedia":[{"embeddable":true,"href":"https:\/\/roboyo.global\/de\/wp-json\/wp\/v2\/media\/50927"}],"wp:attachment":[{"href":"https:\/\/roboyo.global\/de\/wp-json\/wp\/v2\/media?parent=46129"}],"wp:term":[{"taxonomy":"wf_page_folders","embeddable":true,"href":"https:\/\/roboyo.global\/de\/wp-json\/wp\/v2\/wf_page_folders?post=46129"}],"curies":[{"name":"wp","href":"https:\/\/api.w.org\/{rel}","templated":true}]}}