{"id":36488,"date":"2022-07-13T11:14:09","date_gmt":"2022-07-13T10:14:09","guid":{"rendered":"https:\/\/roboyo.global\/acquisitions\/"},"modified":"2023-03-22T10:42:40","modified_gmt":"2023-03-22T10:42:40","slug":"erwerbungen","status":"publish","type":"page","link":"https:\/\/roboyo.global\/de\/acquisitions\/","title":{"rendered":"Roboyo Globale Akquisitionen"},"content":{"rendered":"\r\n\r\n<section  data-loaded data-nav-transparent class=\"hero-header-4 hero-header-4--default hero-header-4--right  hero-header-4--fw\" data-block=\"appeal\/hero-4\">\r\n    <div class=\"hero-header-4__wrapper hero-header-4__wrapper--ink\">\r\n        <div class=\"hero-header-4__container\">\r\n                                                <div class=\"hero-header-4__image-wrapper\">\r\n                                                    \n    \n            <div class=\"hero-header-4__image hero-header-4__image--not-svg\" data-lazy=\"1\">\n            <img decoding=\"async\" src=\"https:\/\/roboyo.global\/app\/uploads\/2023\/03\/acquisitions.png\" alt=\"acquisitions\" loading=\"eager\" fetchpriority=\"high\">\n        <\/div>\n                                                <\/div>\r\n                \r\n                        <div class=\"hero-header-4__content hero-header-4__content--\">\r\n                \r\n\r\n                                    <h1 class=\"hero-header-4__title default\">Wir wachsen <\/h1>\r\n                \r\n                                    <h2 class=\"hero-header-4__subtitle default\">ROBOYOS AKQUISITIONSGETRIEBENES WACHSTUM IN DER HYPERAUTOMATISIERUNG <\/h2>\r\n                \r\n                \r\n            <\/div>\r\n        <\/div>\r\n    <\/div>\r\n<\/section>\n\n\n<div style=\"height:100px\" aria-hidden=\"true\" class=\"wp-block-spacer\"><\/div>\n\n\n\n<p><strong>Roboyos strategische \u00dcbernahmen von wichtigen Akteuren in der Hyperautomatisierungsbranche haben es uns erm\u00f6glicht, unsere F\u00e4higkeiten und Angebote zu erweitern und unsere Position als weltweit f\u00fchrender Anbieter in diesem Bereich zu festigen. Mit \u00fcber 600 Mitarbeitern und Standorten in 24 St\u00e4dten in 15 L\u00e4ndern und auf 4 Kontinenten ist Roboyo heute der weltweit gr\u00f6\u00dfte Anbieter von professionellen Hyperautomatisierungsdienstleistungen.<\/strong>\u00a0<\/p>\n\n\n\n<p>Das Wachstum von Roboyo durch \u00dcbernahmen bietet unseren Kunden ein breiteres Spektrum an Hyperautomatisierungsl\u00f6sungen und dienstleistungen, mehr Fachwissen und verbesserte Lieferf\u00e4higkeiten, was zu effizienteren und effektiveren L\u00f6sungen f\u00fcr jeden Gesch\u00e4ftsbedarf f\u00fchrt.\u00a0<\/p>\n\n\n\n<p>Die Akquisitionen von AKOA, Jolt Advantage Group, Lean Consulting, WeMake und Procensol sind ein bedeutender Schritt vorw\u00e4rts in der Mission von Roboyo, seinen Kunden das beste Wissen und K\u00f6nnen sowie die fortschrittlichsten technologischen L\u00f6sungen zu bieten.&nbsp;<\/p>\n\n\n\n<p>Lies weiter, um mehr \u00fcber jede dieser \u00dcbernahmen zu erfahren und wie sie deiner Strategie der digitalen Transformation zugute kommen k\u00f6nnen.&nbsp;<\/p>\n\n\n<div aria-hidden=\"true\" class=\"appeal-spacer appeal-spacer--69d8256f200b9  appeal-spacer--transparent\">\r\n<style>\r\n\/* Ultrawide *\/\r\n.appeal-spacer--69d8256f200b9 {\r\n    height: 50px;\r\n}\r\n\r\n\/* Desktop *\/\r\n@media (max-width: 1920px) {\r\n    .appeal-spacer--69d8256f200b9 {\r\n        height: 50px;\r\n    }\r\n}\r\n\r\n\/* Laptop *\/\r\n@media (max-width: 1024px) {\r\n    .appeal-spacer--69d8256f200b9 {\r\n        height: 25px;\r\n    }\r\n}\r\n\r\n\/* Mobile *\/\r\n@media (max-width: 767px) {\r\n    .appeal-spacer--69d8256f200b9 {\r\n        height: 25px;\r\n    }\r\n}\r\n<\/style>\r\n<\/div>\r\n\n\n\n<h2 class=\"has-t-h-6-font-size wp-block-heading\" id=\"h-akoa-der-schlussel-zum-weltgrossten-unternehmen-fur-hyperautomatisierung\"><strong><strong>AKOA: Der Schl\u00fcssel zum weltgr\u00f6\u00dften Unternehmen f\u00fcr Hyperautomatisierung<\/strong><\/strong><\/h2>\n\n\n\n<p>Im Jahr 2021 \u00fcbernahm Roboyo AKOA, einen f\u00fchrenden Anbieter von intelligenten Automatisierungsl\u00f6sungen. Mit dieser \u00dcbernahme wird Roboyo zum weltweit gr\u00f6\u00dften Unternehmen f\u00fcr Hyperautomatisierung und bringt zwei Branchenf\u00fchrer mit sich erg\u00e4nzenden Kompetenzen in den Bereichen RPA, KI und kognitive Automatisierung zusammen. AKOAs Expertise in End-to-End-Automatisierungsl\u00f6sungen, kombiniert mit Roboyos globaler Reichweite und fortschrittlicher Technologie, erm\u00f6glicht es Roboyo, seinen Kunden noch mehr auf Hyperautomatisierung fokussierte Dienstleistungen anzubieten, darunter <a href=\"https:\/\/roboyo.global\/de\/konversationelle-ki\/\">Conversational AI<\/a>, <a href=\"https:\/\/roboyo.global\/de\/intelligente-dokumentenverarbeitung\/\">IDP<\/a> und <a href=\"https:\/\/roboyo.global\/de\/robotic-process-automation\/\">RPA<\/a>. <a href=\"https:\/\/roboyo.global\/de\/all-insights\/press-release\/roboyo-und-akoa-schliessen-sich-zusammen\/\">Erfahre mehr<\/a>.\u00a0\u00a0<\/p>\n\n\n<div aria-hidden=\"true\" class=\"appeal-spacer appeal-spacer--69d8256f205b7  appeal-spacer--transparent\">\r\n<style>\r\n\/* Ultrawide *\/\r\n.appeal-spacer--69d8256f205b7 {\r\n    height: 50px;\r\n}\r\n\r\n\/* Desktop *\/\r\n@media (max-width: 1920px) {\r\n    .appeal-spacer--69d8256f205b7 {\r\n        height: 50px;\r\n    }\r\n}\r\n\r\n\/* Laptop *\/\r\n@media (max-width: 1024px) {\r\n    .appeal-spacer--69d8256f205b7 {\r\n        height: 25px;\r\n    }\r\n}\r\n\r\n\/* Mobile *\/\r\n@media (max-width: 767px) {\r\n    .appeal-spacer--69d8256f205b7 {\r\n        height: 25px;\r\n    }\r\n}\r\n<\/style>\r\n<\/div>\r\n\n\n\n<h2 class=\"has-t-h-6-font-size wp-block-heading\" id=\"h-jolt-advantage-group-ausweitung-von-roboyos-prasenz-auf-dem-us-markt\"><strong><strong><strong>Jolt Advantage Group: Ausweitung von Roboyos Pr\u00e4senz auf dem US-Markt<\/strong>\u00a0<\/strong><\/strong><\/h2>\n\n\n\n<p>Im Oktober 2021 \u00fcbernahm Roboyo die Jolt Advantage Group, einen in den USA ans\u00e4ssigen Anbieter von Automatisierungsl\u00f6sungen. Durch diese \u00dcbernahme wurde das Team von Roboyo um 150 Automatisierungsspezialisten erweitert, wodurch das Unternehmen den gesamten US-Markt abdecken kann. Die Expertise der Jolt Advantage Group in den Bereichen digitale Transformation, Prozessautomatisierung und Datenmanagement erg\u00e4nzt die Hyperautomatisierungsl\u00f6sungen von Roboyo und erm\u00f6glicht es dem Unternehmen, Kunden in ganz Nordamerika End-to-End-Automatisierungsdienstleistungen anzubieten. <a href=\"https:\/\/roboyo.global\/de\/all-insights\/press-release\/roboyo-and-jolt-advantage-group-join-forces-to-strengthen-us-presence\/\">Erfahre mehr<\/a>.\u00a0<\/p>\n\n\n<div aria-hidden=\"true\" class=\"appeal-spacer appeal-spacer--69d8256f20964  appeal-spacer--transparent\">\r\n<style>\r\n\/* Ultrawide *\/\r\n.appeal-spacer--69d8256f20964 {\r\n    height: 50px;\r\n}\r\n\r\n\/* Desktop *\/\r\n@media (max-width: 1920px) {\r\n    .appeal-spacer--69d8256f20964 {\r\n        height: 50px;\r\n    }\r\n}\r\n\r\n\/* Laptop *\/\r\n@media (max-width: 1024px) {\r\n    .appeal-spacer--69d8256f20964 {\r\n        height: 25px;\r\n    }\r\n}\r\n\r\n\/* Mobile *\/\r\n@media (max-width: 767px) {\r\n    .appeal-spacer--69d8256f20964 {\r\n        height: 25px;\r\n    }\r\n}\r\n<\/style>\r\n<\/div>\r\n\n\n\n<h2 class=\"has-t-h-6-font-size wp-block-heading\" id=\"h-lean-beratung-roboyo-erweitert-sein-angebot-um-lean-six-sigma-beratung-schulung-und-automatisierungsspezialisten\"><strong>Lean-Beratung: Roboyo erweitert sein Angebot um Lean Six Sigma-Beratung, -Schulung und -Automatisierungsspezialisten<\/strong>\u00a0<\/h2>\n\n\n\n<p>Im September 2022 \u00fcbernahm Roboyo Lean Consulting, einen in Gro\u00dfbritannien ans\u00e4ssigen Anbieter von <a href=\"https:\/\/roboyo.global\/de\/dienstleistungen\/lean-consulting\/\">Lean Six Sigma-Beratung<\/a>, <a href=\"https:\/\/roboyo.global\/de\/academy\/\">Schulungen<\/a> und Automatisierungsl\u00f6sungen. Mit dieser Akquisition wurde Roboyo um ein Team erfahrener Lean Six Sigma-Berater, Schulungs und Automatisierungsspezialisten erweitert, was die Kompetenz des Unternehmens in den Bereichen Prozessverbesserung und Automatisierung weiter st\u00e4rkt. Die nachgewiesene Erfolgsbilanz von Lean Consulting bei der Durchf\u00fchrung erfolgreicher Automatisierungsprojekte in Verbindung mit der Technologie und der globalen Reichweite von Roboyo erm\u00f6glicht es uns, unseren Kunden ma\u00dfgeschneiderte und wirksame L\u00f6sungen anzubieten, die betriebliche Spitzenleistungen und Gesch\u00e4ftswachstum f\u00f6rdern. <a href=\"https:\/\/roboyo.global\/de\/all-insights\/press-release\/roboyo-akquisition-lean-consulting\/\">Erfahre mehr<\/a>.\u00a0<\/p>\n\n\n<div aria-hidden=\"true\" class=\"appeal-spacer appeal-spacer--69d8256f20d28  appeal-spacer--transparent\">\r\n<style>\r\n\/* Ultrawide *\/\r\n.appeal-spacer--69d8256f20d28 {\r\n    height: 50px;\r\n}\r\n\r\n\/* Desktop *\/\r\n@media (max-width: 1920px) {\r\n    .appeal-spacer--69d8256f20d28 {\r\n        height: 50px;\r\n    }\r\n}\r\n\r\n\/* Laptop *\/\r\n@media (max-width: 1024px) {\r\n    .appeal-spacer--69d8256f20d28 {\r\n        height: 25px;\r\n    }\r\n}\r\n\r\n\/* Mobile *\/\r\n@media (max-width: 767px) {\r\n    .appeal-spacer--69d8256f20d28 {\r\n        height: 25px;\r\n    }\r\n}\r\n<\/style>\r\n<\/div>\r\n\n\n\n<h2 class=\"has-t-h-6-font-size wp-block-heading\" id=\"h-wemake-erweiterung-von-roboyos-cyber-security-und-compliance-fahigkeiten\"><strong><strong>WeMake: Erweiterung von Roboyos Cyber Security- und Compliance-F\u00e4higkeiten<\/strong><\/strong><\/h2>\n\n\n\n<p>Roboyo hat WeMake, einen f\u00fchrenden Anbieter von <a href=\"https:\/\/roboyo.global\/de\/dienstleistungen\/cybersicherheit-und-compliance\/\">Cyber Security und Compliance-L\u00f6sungen<\/a>, im Jahr 2022 \u00fcbernommen und damit ein Expertenteam von Cyber Security- und Compliance-Spezialisten in Roboyos Reihen aufgenommen. Die Expertise von WeMake in den Bereichen IT-Sicherheit und Compliance in Kombination mit Roboyos fortschrittlicher Technologie und globaler Reichweite erm\u00f6glicht es uns, unseren Kunden sichere und gesetzeskonforme Automatisierungsl\u00f6sungen anzubieten, die den h\u00f6chsten Qualit\u00e4ts- und Datenschutzstandards entsprechen. <a href=\"https:\/\/roboyo.global\/de\/all-insights\/press-release\/roboyo-staerkt-cybersecurity-und-software-kompetenzen-mit-strategischer-akquisition-von-wemake\/\">Erfahre mehr<\/a>.\u00a0<\/p>\n\n\n<div aria-hidden=\"true\" class=\"appeal-spacer appeal-spacer--69d8256f21110  appeal-spacer--transparent\">\r\n<style>\r\n\/* Ultrawide *\/\r\n.appeal-spacer--69d8256f21110 {\r\n    height: 50px;\r\n}\r\n\r\n\/* Desktop *\/\r\n@media (max-width: 1920px) {\r\n    .appeal-spacer--69d8256f21110 {\r\n        height: 50px;\r\n    }\r\n}\r\n\r\n\/* Laptop *\/\r\n@media (max-width: 1024px) {\r\n    .appeal-spacer--69d8256f21110 {\r\n        height: 25px;\r\n    }\r\n}\r\n\r\n\/* Mobile *\/\r\n@media (max-width: 767px) {\r\n    .appeal-spacer--69d8256f21110 {\r\n        height: 25px;\r\n    }\r\n}\r\n<\/style>\r\n<\/div>\r\n\n\n\n<h2 class=\"has-t-h-6-font-size wp-block-heading\" id=\"h-procensol-erweiterung-von-roboyos-angebot-im-low-code-sektor\"><strong>Procensol: Erweiterung von Roboyos Angebot im Low-Code-Sektor<\/strong>\u00a0<\/h2>\n\n\n\n<p>Im Jahr 2023 \u00fcbernahm Roboyo Procensol, einen f\u00fchrenden Anbieter von <a href=\"https:\/\/roboyo.global\/de\/rapid-app-development\/\">Low-Code-Entwicklungsl\u00f6sungen<\/a>. Mit dieser \u00dcbernahme hat Roboyo sein Angebot im Low-Code-Bereich weiter ausgebaut und kann seinen Kunden nun schnellere und kosteng\u00fcnstigere Automatisierungsl\u00f6sungen anbieten. Die Expertise von Procensol im Bereich der Low-Code-Entwicklung in Kombination mit den Hyperautomatisierungsl\u00f6sungen von Roboyo erm\u00f6glicht es dem Unternehmen, seinen Kunden ein komplettes Angebot an Automatisierungsdienstleistungen anzubieten, die ihren individuellen Bed\u00fcrfnissen und Anforderungen entsprechen. <a href=\"https:\/\/roboyo.global\/de\/all-insights\/press-release\/roboyo-kauft-procensol\/\">Erfahre mehr<\/a>.\u00a0<\/p>\n\n\n<div aria-hidden=\"true\" class=\"appeal-spacer appeal-spacer--69d8256f214c0  appeal-spacer--transparent\">\r\n<style>\r\n\/* Ultrawide *\/\r\n.appeal-spacer--69d8256f214c0 {\r\n    height: 50px;\r\n}\r\n\r\n\/* Desktop *\/\r\n@media (max-width: 1920px) {\r\n    .appeal-spacer--69d8256f214c0 {\r\n        height: 50px;\r\n    }\r\n}\r\n\r\n\/* Laptop *\/\r\n@media (max-width: 1024px) {\r\n    .appeal-spacer--69d8256f214c0 {\r\n        height: 25px;\r\n    }\r\n}\r\n\r\n\/* Mobile *\/\r\n@media (max-width: 767px) {\r\n    .appeal-spacer--69d8256f214c0 {\r\n        height: 25px;\r\n    }\r\n}\r\n<\/style>\r\n<\/div>\r\n\n\n\n<div style=\"height:100px\" aria-hidden=\"true\" class=\"wp-block-spacer\"><\/div>\n\n\n\r\n\r\n<section  data-loaded class=\"standalone\" data-block=\"appeal\/button\">\r\n    <div class=\"standalone__container container standalone__container--center\">\r\n        <div class=\"standalone__button\">\r\n                                                \n<a\n    class=\"standalone__link link standalone__link--blue link link--primary link--external\"\n    href=\"https:\/\/roboyo.global\/de\/wir-sind-ingenieure\/\" target=\"_blank\"    aria-label=\"Learn more about: Erfahren Sie mehr \u00fcber die Roboyo Group\"    data-loaded\n>\n  <div>\n        <span>Erfahren Sie mehr \u00fcber die Roboyo Group<\/span>\n          <i><\/i>\n      <\/div>\n<\/a>                                    <\/div>\r\n    <\/div>\r\n\r\n    \r\n    <\/section>","protected":false},"excerpt":{"rendered":"<p>Roboyos strategische \u00dcbernahmen von wichtigen Akteuren in der Hyperautomatisierungsbranche haben es uns erm\u00f6glicht, unsere F\u00e4higkeiten und Angebote zu erweitern und unsere Position als weltweit f\u00fchrender Anbieter in diesem Bereich zu festigen. Mit \u00fcber 600 Mitarbeitern und Standorten in 24 St\u00e4dten in 15 L\u00e4ndern und auf 4 Kontinenten ist Roboyo heute der weltweit gr\u00f6\u00dfte Anbieter von<\/p>\n","protected":false},"author":13,"featured_media":50317,"parent":0,"menu_order":0,"comment_status":"closed","ping_status":"closed","template":"","meta":{"_acf_changed":false,"footnotes":""},"wf_page_folders":[],"class_list":["post-36488","page","type-page","status-publish","has-post-thumbnail","hentry"],"acf":[],"yoast_head":"<!-- This site is optimized with the Yoast SEO Premium plugin v26.0 (Yoast SEO v26.8) - https:\/\/yoast.com\/product\/yoast-seo-premium-wordpress\/ -->\n<title>Roboyo gr\u00fcndet Hyperautomatisierungs-Gigant<\/title>\n<meta name=\"description\" content=\"Procensol, WeMake, Lean Consulting, Jolt Advantage Group und AKOA wurden jetzt von Roboyo - einem Hyperautomatisierungsriesen - \u00fcbernommen.\" \/>\n<meta name=\"robots\" content=\"index, follow, max-snippet:-1, max-image-preview:large, max-video-preview:-1\" \/>\n<link rel=\"canonical\" href=\"https:\/\/roboyo.global\/de\/acquisitions\/\" \/>\n<meta property=\"og:locale\" content=\"de_DE\" \/>\n<meta property=\"og:type\" content=\"article\" \/>\n<meta property=\"og:title\" content=\"Roboyo Globale Akquisitionen\" \/>\n<meta property=\"og:description\" content=\"Procensol, WeMake, Lean Consulting, Jolt Advantage Group und AKOA wurden jetzt von Roboyo - einem Hyperautomatisierungsriesen - \u00fcbernommen.\" \/>\n<meta property=\"og:url\" content=\"https:\/\/roboyo.global\/de\/acquisitions\/\" \/>\n<meta property=\"og:site_name\" content=\"Roboyo\" \/>\n<meta property=\"article:modified_time\" content=\"2023-03-22T10:42:40+00:00\" \/>\n<meta property=\"og:image\" content=\"https:\/\/roboyo.global\/app\/uploads\/2023\/03\/factured-image-acquisitions.png\" \/>\n\t<meta property=\"og:image:width\" content=\"890\" \/>\n\t<meta property=\"og:image:height\" content=\"620\" \/>\n\t<meta property=\"og:image:type\" content=\"image\/png\" \/>\n<meta name=\"twitter:card\" content=\"summary_large_image\" \/>\n<meta name=\"twitter:label1\" content=\"Est. reading time\" \/>\n\t<meta name=\"twitter:data1\" content=\"3 minutes\" \/>\n<script type=\"application\/ld+json\" class=\"yoast-schema-graph\">{\"@context\":\"https:\/\/schema.org\",\"@graph\":[{\"@type\":\"WebPage\",\"@id\":\"https:\/\/roboyo.global\/de\/acquisitions\/\",\"url\":\"https:\/\/roboyo.global\/de\/acquisitions\/\",\"name\":\"Roboyo gr\u00fcndet Hyperautomatisierungs-Gigant\",\"isPartOf\":{\"@id\":\"https:\/\/roboyo.global\/de\/#website\"},\"primaryImageOfPage\":{\"@id\":\"https:\/\/roboyo.global\/de\/acquisitions\/#primaryimage\"},\"image\":{\"@id\":\"https:\/\/roboyo.global\/de\/acquisitions\/#primaryimage\"},\"thumbnailUrl\":\"https:\/\/roboyo.global\/app\/uploads\/2023\/03\/factured-image-acquisitions.png\",\"datePublished\":\"2022-07-13T10:14:09+00:00\",\"dateModified\":\"2023-03-22T10:42:40+00:00\",\"description\":\"Procensol, WeMake, Lean Consulting, Jolt Advantage Group und AKOA wurden jetzt von Roboyo - einem Hyperautomatisierungsriesen - \u00fcbernommen.\",\"breadcrumb\":{\"@id\":\"https:\/\/roboyo.global\/de\/acquisitions\/#breadcrumb\"},\"inLanguage\":\"de-DE\",\"potentialAction\":[{\"@type\":\"ReadAction\",\"target\":[\"https:\/\/roboyo.global\/de\/acquisitions\/\"]}]},{\"@type\":\"ImageObject\",\"inLanguage\":\"de-DE\",\"@id\":\"https:\/\/roboyo.global\/de\/acquisitions\/#primaryimage\",\"url\":\"https:\/\/roboyo.global\/app\/uploads\/2023\/03\/factured-image-acquisitions.png\",\"contentUrl\":\"https:\/\/roboyo.global\/app\/uploads\/2023\/03\/factured-image-acquisitions.png\",\"width\":890,\"height\":620,\"caption\":\"factured image acquisitions\"},{\"@type\":\"BreadcrumbList\",\"@id\":\"https:\/\/roboyo.global\/de\/acquisitions\/#breadcrumb\",\"itemListElement\":[{\"@type\":\"ListItem\",\"position\":1,\"name\":\"Home\",\"item\":\"https:\/\/roboyo.global\/de\/\"},{\"@type\":\"ListItem\",\"position\":2,\"name\":\"Roboyo Globale Akquisitionen\"}]},{\"@type\":\"WebSite\",\"@id\":\"https:\/\/roboyo.global\/de\/#website\",\"url\":\"https:\/\/roboyo.global\/de\/\",\"name\":\"Roboyo - Your Agentic Automation & AI Partner of Choice\",\"description\":\"We take what\u2019s possible to the next level. Now.\",\"potentialAction\":[{\"@type\":\"SearchAction\",\"target\":{\"@type\":\"EntryPoint\",\"urlTemplate\":\"https:\/\/roboyo.global\/de\/?s={search_term_string}\"},\"query-input\":{\"@type\":\"PropertyValueSpecification\",\"valueRequired\":true,\"valueName\":\"search_term_string\"}}],\"inLanguage\":\"de-DE\"}]}<\/script>\n<!-- \/ Yoast SEO Premium plugin. -->","yoast_head_json":{"title":"Roboyo gr\u00fcndet Hyperautomatisierungs-Gigant","description":"Procensol, WeMake, Lean Consulting, Jolt Advantage Group und AKOA wurden jetzt von Roboyo - einem Hyperautomatisierungsriesen - \u00fcbernommen.","robots":{"index":"index","follow":"follow","max-snippet":"max-snippet:-1","max-image-preview":"max-image-preview:large","max-video-preview":"max-video-preview:-1"},"canonical":"https:\/\/roboyo.global\/de\/acquisitions\/","og_locale":"de_DE","og_type":"article","og_title":"Roboyo Globale Akquisitionen","og_description":"Procensol, WeMake, Lean Consulting, Jolt Advantage Group und AKOA wurden jetzt von Roboyo - einem Hyperautomatisierungsriesen - \u00fcbernommen.","og_url":"https:\/\/roboyo.global\/de\/acquisitions\/","og_site_name":"Roboyo","article_modified_time":"2023-03-22T10:42:40+00:00","og_image":[{"width":890,"height":620,"url":"https:\/\/roboyo.global\/app\/uploads\/2023\/03\/factured-image-acquisitions.png","type":"image\/png"}],"twitter_card":"summary_large_image","twitter_misc":{"Est. reading time":"3 minutes"},"schema":{"@context":"https:\/\/schema.org","@graph":[{"@type":"WebPage","@id":"https:\/\/roboyo.global\/de\/acquisitions\/","url":"https:\/\/roboyo.global\/de\/acquisitions\/","name":"Roboyo gr\u00fcndet Hyperautomatisierungs-Gigant","isPartOf":{"@id":"https:\/\/roboyo.global\/de\/#website"},"primaryImageOfPage":{"@id":"https:\/\/roboyo.global\/de\/acquisitions\/#primaryimage"},"image":{"@id":"https:\/\/roboyo.global\/de\/acquisitions\/#primaryimage"},"thumbnailUrl":"https:\/\/roboyo.global\/app\/uploads\/2023\/03\/factured-image-acquisitions.png","datePublished":"2022-07-13T10:14:09+00:00","dateModified":"2023-03-22T10:42:40+00:00","description":"Procensol, WeMake, Lean Consulting, Jolt Advantage Group und AKOA wurden jetzt von Roboyo - einem Hyperautomatisierungsriesen - \u00fcbernommen.","breadcrumb":{"@id":"https:\/\/roboyo.global\/de\/acquisitions\/#breadcrumb"},"inLanguage":"de-DE","potentialAction":[{"@type":"ReadAction","target":["https:\/\/roboyo.global\/de\/acquisitions\/"]}]},{"@type":"ImageObject","inLanguage":"de-DE","@id":"https:\/\/roboyo.global\/de\/acquisitions\/#primaryimage","url":"https:\/\/roboyo.global\/app\/uploads\/2023\/03\/factured-image-acquisitions.png","contentUrl":"https:\/\/roboyo.global\/app\/uploads\/2023\/03\/factured-image-acquisitions.png","width":890,"height":620,"caption":"factured image acquisitions"},{"@type":"BreadcrumbList","@id":"https:\/\/roboyo.global\/de\/acquisitions\/#breadcrumb","itemListElement":[{"@type":"ListItem","position":1,"name":"Home","item":"https:\/\/roboyo.global\/de\/"},{"@type":"ListItem","position":2,"name":"Roboyo Globale Akquisitionen"}]},{"@type":"WebSite","@id":"https:\/\/roboyo.global\/de\/#website","url":"https:\/\/roboyo.global\/de\/","name":"Roboyo - Your Agentic Automation & AI Partner of Choice","description":"We take what\u2019s possible to the next level. Now.","potentialAction":[{"@type":"SearchAction","target":{"@type":"EntryPoint","urlTemplate":"https:\/\/roboyo.global\/de\/?s={search_term_string}"},"query-input":{"@type":"PropertyValueSpecification","valueRequired":true,"valueName":"search_term_string"}}],"inLanguage":"de-DE"}]}},"_links":{"self":[{"href":"https:\/\/roboyo.global\/de\/wp-json\/wp\/v2\/pages\/36488","targetHints":{"allow":["GET"]}}],"collection":[{"href":"https:\/\/roboyo.global\/de\/wp-json\/wp\/v2\/pages"}],"about":[{"href":"https:\/\/roboyo.global\/de\/wp-json\/wp\/v2\/types\/page"}],"author":[{"embeddable":true,"href":"https:\/\/roboyo.global\/de\/wp-json\/wp\/v2\/users\/13"}],"replies":[{"embeddable":true,"href":"https:\/\/roboyo.global\/de\/wp-json\/wp\/v2\/comments?post=36488"}],"version-history":[{"count":10,"href":"https:\/\/roboyo.global\/de\/wp-json\/wp\/v2\/pages\/36488\/revisions"}],"predecessor-version":[{"id":52103,"href":"https:\/\/roboyo.global\/de\/wp-json\/wp\/v2\/pages\/36488\/revisions\/52103"}],"wp:featuredmedia":[{"embeddable":true,"href":"https:\/\/roboyo.global\/de\/wp-json\/wp\/v2\/media\/50317"}],"wp:attachment":[{"href":"https:\/\/roboyo.global\/de\/wp-json\/wp\/v2\/media?parent=36488"}],"wp:term":[{"taxonomy":"wf_page_folders","embeddable":true,"href":"https:\/\/roboyo.global\/de\/wp-json\/wp\/v2\/wf_page_folders?post=36488"}],"curies":[{"name":"wp","href":"https:\/\/api.w.org\/{rel}","templated":true}]}}