{"id":10472,"date":"2021-05-28T05:27:37","date_gmt":"2021-05-28T04:27:37","guid":{"rendered":"https:\/\/roboyo.global\/?page_id=10472"},"modified":"2024-03-13T14:39:15","modified_gmt":"2024-03-13T14:39:15","slug":"dienstleistungen","status":"publish","type":"page","link":"https:\/\/roboyo.global\/de\/dienstleistungen\/","title":{"rendered":"Dienstleistungen"},"content":{"rendered":"\n\n<section data-nav-transparent data-loaded data-nav-transparent\n    class=\"hero-header-3 hero-header-3--no-cat \">\n    <div class=\"hero-header-3__wrapper\">\n        <div class=\"hero-header-3__video hero-header-3__video--overlay\">\n                                    \n    \n            <div class=\"hero-header-3__image\" data-lazy=\"1\">\n            <img decoding=\"async\" src=\"https:\/\/roboyo.global\/app\/uploads\/2023\/11\/new.jpg\" alt=\"Wide lens view of skyscraper offices over a river with lights reflecting in the water\" loading=\"eager\" fetchpriority=\"high\">\n        <\/div>\n                                                            <\/div>\n        <div class=\"hero-header-3__container\">\n            <div class=\"hero-header-3__content\">\n                                <p class=\"hero-header-3__title\">Dienstleistungen  <\/p>\n                \n                                                <h1 class=\"hero-header-3__subtitle\">\n                    <span>AUTOMATISIERUNG AUF H\u00d6CHSTEM NIVEAU   <\/span>\n                <\/h1>\n                \n                            <\/div>\n                    <\/div>\n                <div class=\"hero-header-3__gradient hero-header-3__gradient--overall\"\n            style=\"background: linear-gradient(, rgb() 0%, rgb() 100%)\">\n        <\/div>\n            <\/div>\n<\/section>\n\n\n\n<div aria-hidden=\"true\" class=\"appeal-spacer appeal-spacer--69d36530c9e66  appeal-spacer--transparent\">\r\n<style>\r\n\/* Ultrawide *\/\r\n.appeal-spacer--69d36530c9e66 {\r\n    height: 75px;\r\n}\r\n\r\n\/* Desktop *\/\r\n@media (max-width: 1920px) {\r\n    .appeal-spacer--69d36530c9e66 {\r\n        height: 75px;\r\n    }\r\n}\r\n\r\n\/* Laptop *\/\r\n@media (max-width: 1024px) {\r\n    .appeal-spacer--69d36530c9e66 {\r\n        height: 50px;\r\n    }\r\n}\r\n\r\n\/* Mobile *\/\r\n@media (max-width: 767px) {\r\n    .appeal-spacer--69d36530c9e66 {\r\n        height: 50px;\r\n    }\r\n}\r\n<\/style>\r\n<\/div>\r\n\n\n\r\n\r\n<div class=\"\"\r\n    style=\"background-color: #fff; position: relative\">\r\n    \r\n    \r\n    <section class=\"container-block container--medium\">\r\n        <div class=\"container-block__elements\">\r\n            \n\n<p class=\"has-t-h-7-font-size\"><strong>Unsere Mission ist es, die Arbeitsweise von Unternehmen zu revolutionieren. Unsere hochmodernen Dienstleistungen sind so konzipiert, dass sie das volle Potenzial der Automatisierung aussch\u00f6pfen und Effizienz, Produktivit\u00e4t, Innovation und letztlich die Wettbewerbsf\u00e4higkeit steigern.<\/strong><\/p>\n\n\n\n<p>Unterst\u00fctzt durch ein Team von End-to-End-Automatisierungs- und Beratungsexperten und einen umfassenden Marktzugang zu den neuesten Technologien bieten wir ein umfassendes Dienstleistungspaket an, das Ihre Transformation vorantreibt. Ganz gleich, ob Sie bestehende Programme optimieren oder skalieren m\u00f6chten, unser Fachwissen hilft Ihnen, Ihr Unternehmen auf die n\u00e4chste Stufe zu heben.&nbsp;&nbsp;&nbsp;&nbsp;<\/p>\n\n\n\n<p>Informieren Sie sich \u00fcber unser Dienstleistungsangebot und entdecken Sie, wie Roboyo die Unternehmensperformance schnell steigern kann. &nbsp;<\/p>\n\n\r\n        <\/div>\r\n    <\/section>\r\n<\/div>\n\n\n<section class=\"column-tiles column-tiles--white\">\n  <div class=\"container--1562 column-tiles__container\">\n          <div class=\"column-tiles__tiles\">\n                  <div class=\"column-tile column-tile--white\">\n                          \n    \n            <div class=\"column-tile__icon\" data-lazy >\n                            <img decoding=\"async\" loading=\"lazy\" data-lazy-placeholder src=\"https:\/\/roboyo.global\/app\/uploads\/2023\/11\/Life-at-Roboyo-Icons-1-150x150.png\" alt=\"Roboyo icon\">\n                                        <img loading=\"lazy\" data-lazy-full=\"https:\/\/roboyo.global\/app\/uploads\/2023\/11\/Life-at-Roboyo-Icons-1-964x1024.png\" alt=\"Roboyo icon\">\n                    <\/div>\n                            <div class=\"column-tile__content\">\n                                            <h4 class=\"column-tile__title\">AUTOMATISIERUNGSBERATUNG  <\/h4>\n                                            <p class=\"column-tile__description\">Unsere Beratungsdienste bringen Menschen, Technologie und Performance zusammen, um harmonische, menschliche und leistungsf\u00e4hige Belegschaften zu schaffen. Ob es darum geht, Automatisierungsm\u00f6glichkeiten aufzudecken, eine skalierbare Infrastruktur und Governance einzurichten oder eine Automatisierungskultur zu verankern &#8211; wir helfen Ihnen, die Kraft der Automatisierung zu nutzen.   <\/p>\n                                            \n<a\n    class=\"link--40 link--internal column-tile__link link link--primary link--internal\"\n    href=\"https:\/\/roboyo.global\/de\/dienstleistungen\/beratung-zu-intelligenter-automatisierung\/\"     aria-label=\"MEHR ERFAHREN\"    data-loaded\n>\n  <div>\n          <i><\/i>\n        <span>MEHR ERFAHREN <\/span>\n      <\/div>\n<\/a>                          <\/div>\n          <\/div>\n                  <div class=\"column-tile column-tile--white\">\n                          \n    \n            <div class=\"column-tile__icon\" data-lazy >\n                            <img decoding=\"async\" loading=\"lazy\" data-lazy-placeholder src=\"https:\/\/roboyo.global\/app\/uploads\/2023\/11\/Life-at-Roboyo-Icons-1-1-150x150.png\" alt=\"Roboyo icon\">\n                                        <img loading=\"lazy\" data-lazy-full=\"https:\/\/roboyo.global\/app\/uploads\/2023\/11\/Life-at-Roboyo-Icons-1-1-964x1024.png\" alt=\"Roboyo icon\">\n                    <\/div>\n                            <div class=\"column-tile__content\">\n                                            <h4 class=\"column-tile__title\">ENTDECKUNG SIE AUTOMATISIERUNGSM\u00d6GLICHKEITEN   <\/h4>\n                                            <p class=\"column-tile__description\">Roboyo ist Ihr zuverl\u00e4ssiger Partner, wenn es darum geht, die Effizienz und das Wachstum Ihres Unternehmens durch Automatisierung zu maximieren, indem wir bestehende Prozesse sorgf\u00e4ltig bewerten, M\u00f6glichkeiten aufzeigen und Fachwissen \u00fcber die neuesten Technologien anbieten.    <\/p>\n                                            \n<a\n    class=\"link--40 link--internal column-tile__link link link--primary link--internal\"\n    href=\"https:\/\/roboyo.global\/de\/dienstleistungen\/discovery-service-fuer-automatisierung\/\"     aria-label=\"MEHR ERFAHREN\"    data-loaded\n>\n  <div>\n          <i><\/i>\n        <span>MEHR ERFAHREN <\/span>\n      <\/div>\n<\/a>                          <\/div>\n          <\/div>\n                  <div class=\"column-tile column-tile--white\">\n                          \n    \n            <div class=\"column-tile__icon\" data-lazy >\n                            <img decoding=\"async\" loading=\"lazy\" data-lazy-placeholder src=\"https:\/\/roboyo.global\/app\/uploads\/2023\/11\/Life-at-Roboyo-Icons-2-150x150.png\" alt=\"\">\n                                        <img loading=\"lazy\" data-lazy-full=\"https:\/\/roboyo.global\/app\/uploads\/2023\/11\/Life-at-Roboyo-Icons-2-964x1024.png\" alt=\"\">\n                    <\/div>\n                            <div class=\"column-tile__content\">\n                                            <h4 class=\"column-tile__title\">LEAN SIX SIGMA BERATUNG   <\/h4>\n                                            <p class=\"column-tile__description\">Unsere erfahrenen Berater widmen sich der Rationalisierung Ihrer Prozesse, der Reduzierung von Verschwendung und der Maximierung der Produktivit\u00e4t durch die bew\u00e4hrten Prinzipien von Lean Six Sigma. Freuen Sie sich auf unvergleichliche Kosteneinsparungen, verbesserte Qualit\u00e4t und Wachstum, wenn unser Team Sie bei der Implementierung von Lean Six Sigma-Methoden begleitet.   <\/p>\n                                            \n<a\n    class=\"link--40 link--internal column-tile__link link link--primary link--internal\"\n    href=\"https:\/\/roboyo.global\/de\/dienstleistungen\/lean-six-sigma-beratung\/\"     aria-label=\"MEHR ERFAHREN\"    data-loaded\n>\n  <div>\n          <i><\/i>\n        <span>MEHR ERFAHREN <\/span>\n      <\/div>\n<\/a>                          <\/div>\n          <\/div>\n                  <div class=\"column-tile column-tile--white\">\n                          \n    \n            <div class=\"column-tile__icon\" data-lazy >\n                            <img decoding=\"async\" loading=\"lazy\" data-lazy-placeholder src=\"https:\/\/roboyo.global\/app\/uploads\/2023\/11\/Life-at-Roboyo-Icons-5-150x150.png\" alt=\"Roboyo icon\">\n                                        <img loading=\"lazy\" data-lazy-full=\"https:\/\/roboyo.global\/app\/uploads\/2023\/11\/Life-at-Roboyo-Icons-5-964x1024.png\" alt=\"Roboyo icon\">\n                    <\/div>\n                            <div class=\"column-tile__content\">\n                                            <h4 class=\"column-tile__title\">IMPLEMENTIERUNG  <\/h4>\n                                            <p class=\"column-tile__description\">Unser globales Team besteht aus hochkar\u00e4tigen Spezialisten, die \u00fcber umfangreiche Erfahrungen bei der Entwicklung und Implementierung von leistungsstarken Automatisierungsprogrammen verf\u00fcgen. Wir beweisen stets Einfallsreichtum, wenn es darum geht, L\u00f6sungen auf die individuellen Bed\u00fcrfnisse eines jeden Unternehmens zuzuschneiden, um einen pers\u00f6nlichen und effektiven Ansatz zu gew\u00e4hrleisten.    <\/p>\n                                            \n<a\n    class=\"link--40 link--internal column-tile__link link link--primary link--internal\"\n    href=\"https:\/\/roboyo.global\/de\/dienstleistungen\/implementierung\/\"     aria-label=\"MEHR ERFAHREN\"    data-loaded\n>\n  <div>\n          <i><\/i>\n        <span>MEHR ERFAHREN <\/span>\n      <\/div>\n<\/a>                          <\/div>\n          <\/div>\n                  <div class=\"column-tile column-tile--white\">\n                          \n    \n            <div class=\"column-tile__icon\" data-lazy >\n                            <img decoding=\"async\" loading=\"lazy\" data-lazy-placeholder src=\"https:\/\/roboyo.global\/app\/uploads\/2023\/11\/Life-at-Roboyo-Icons-3.png\" alt=\"Roboyo icon\">\n                                        <img loading=\"lazy\" data-lazy-full=\"https:\/\/roboyo.global\/app\/uploads\/2023\/11\/Life-at-Roboyo-Icons-3.png\" alt=\"Roboyo icon\">\n                    <\/div>\n                            <div class=\"column-tile__content\">\n                                            <h4 class=\"column-tile__title\">CYBERSICHERHEIT UND COMPLIANCE   <\/h4>\n                                            <p class=\"column-tile__description\">Wir sind darauf spezialisiert, robuste und anpassungsf\u00e4hige L\u00f6sungen f\u00fcr Cybersicherheit und Compliance auf die individuellen Anforderungen Ihres Unternehmens zuzuschneiden. Unser Ansatz geht \u00fcber die Bew\u00e4ltigung unmittelbarer Herausforderungen hinaus und umfasst proaktive Ma\u00dfnahmen zur Vorwegnahme und Minderung k\u00fcnftiger Cybersicherheitsrisiken.    <\/p>\n                                            \n<a\n    class=\"link--40 link--internal column-tile__link link link--primary link--internal\"\n    href=\"https:\/\/roboyo.global\/de\/dienstleistungen\/cybersicherheit-und-compliance\/\"     aria-label=\"MEHR ERFAHREN\"    data-loaded\n>\n  <div>\n          <i><\/i>\n        <span>MEHR ERFAHREN <\/span>\n      <\/div>\n<\/a>                          <\/div>\n          <\/div>\n                  <div class=\"column-tile column-tile--white\">\n                          \n    \n            <div class=\"column-tile__icon\" data-lazy >\n                            <img decoding=\"async\" loading=\"lazy\" data-lazy-placeholder src=\"https:\/\/roboyo.global\/app\/uploads\/2023\/11\/Life-at-Roboyo-Icons-4.png\" alt=\"Roboyo icon\">\n                                        <img loading=\"lazy\" data-lazy-full=\"https:\/\/roboyo.global\/app\/uploads\/2023\/11\/Life-at-Roboyo-Icons-4.png\" alt=\"Roboyo icon\">\n                    <\/div>\n                            <div class=\"column-tile__content\">\n                                            <h4 class=\"column-tile__title\">Managed Services<\/h4>\n                                            <p class=\"column-tile__description\">Unser strategischer Support antizipiert und behebt Probleme, wobei die kontinuierliche Verbesserung im Vordergrund steht. Mit einem personalisierten Ansatz sorgen wir f\u00fcr eine zuverl\u00e4ssige und effiziente Optimierung der betrieblichen Leistung und setzen Ihre Ressourcen f\u00fcr wichtigere Aufgaben frei.    <\/p>\n                                            \n<a\n    class=\"link--40 link--internal column-tile__link link link--primary link--internal\"\n    href=\"https:\/\/roboyo.global\/de\/dienstleistungen\/verwaltete-dienstleistungen\/\"     aria-label=\"MEHR ERFAHREN\"    data-loaded\n>\n  <div>\n          <i><\/i>\n        <span>MEHR ERFAHREN <\/span>\n      <\/div>\n<\/a>                          <\/div>\n          <\/div>\n                  <div class=\"column-tile column-tile--white\">\n                          \n    \n            <div class=\"column-tile__icon\" data-lazy >\n                            <img decoding=\"async\" loading=\"lazy\" data-lazy-placeholder src=\"https:\/\/roboyo.global\/app\/uploads\/2023\/11\/Life-at-Roboyo-Icons-6-150x150.png\" alt=\"Roboyo icon\">\n                                        <img loading=\"lazy\" data-lazy-full=\"https:\/\/roboyo.global\/app\/uploads\/2023\/11\/Life-at-Roboyo-Icons-6-964x1024.png\" alt=\"Roboyo icon\">\n                    <\/div>\n                            <div class=\"column-tile__content\">\n                                            <h4 class=\"column-tile__title\">PLUG-AND-PLAY-AUTOMATISIERUNG\u00a0<\/h4>\n                                            <p class=\"column-tile__description\">Unser Plug-and-Play-Automatisierungsmodell dient als intelligente End-to-End-L\u00f6sung f\u00fcr die Prozessautomatisierung, die darauf ausgelegt ist, Unternehmen zu unterst\u00fctzen. Mit diesem Framework k\u00f6nnen sich F\u00fchrungskr\u00e4fte auf ihre Kernaufgaben konzentrieren, w\u00e4hrend Roboyo die Prozessautomatisierung nahtlos verwaltet.  <\/p>\n                                            \n<a\n    class=\"link--40 link--internal column-tile__link link link--primary link--internal\"\n    href=\"https:\/\/roboyo.global\/de\/dienstleistungen\/plug-play-automatisierung\/\"     aria-label=\"MEHR ERFAHREN\"    data-loaded\n>\n  <div>\n          <i><\/i>\n        <span>MEHR ERFAHREN <\/span>\n      <\/div>\n<\/a>                          <\/div>\n          <\/div>\n                  <div class=\"column-tile column-tile--white\">\n                          \n    \n            <div class=\"column-tile__icon\" data-lazy >\n                            <img decoding=\"async\" loading=\"lazy\" data-lazy-placeholder src=\"https:\/\/roboyo.global\/app\/uploads\/2023\/11\/Life-at-Roboyo-Icons-7-150x150.png\" alt=\"Roboyo icon\">\n                                        <img loading=\"lazy\" data-lazy-full=\"https:\/\/roboyo.global\/app\/uploads\/2023\/11\/Life-at-Roboyo-Icons-7-964x1024.png\" alt=\"Roboyo icon\">\n                    <\/div>\n                            <div class=\"column-tile__content\">\n                                            <h4 class=\"column-tile__title\">Academy<\/h4>\n                                            <p class=\"column-tile__description\">Wir glauben an die Kraft einer hybriden (menschlichen + digitalen) Belegschaft, die menschliches Fachwissen mit digitalen F\u00e4higkeiten kombiniert. Indem wir Spitzentechnologie mit den F\u00e4higkeiten und dem Wissen Ihres Teams zusammenbringen, helfen wir Ihnen, eine optimierte Leistung zu erzielen und ebnen den Weg f\u00fcr eine bessere Zukunft Ihres Unternehmens.    <\/p>\n                                            \n<a\n    class=\"link--40 link--internal column-tile__link link link--primary link--internal\"\n    href=\"https:\/\/roboyo.global\/de\/academy\/\"     aria-label=\"MEHR ERFAHREN\"    data-loaded\n>\n  <div>\n          <i><\/i>\n        <span>MEHR ERFAHREN <\/span>\n      <\/div>\n<\/a>                          <\/div>\n          <\/div>\n              <\/div>\n      <\/div>\n<\/section>\n\n\r\n\r\n<section  data-horizontal-hide data-loaded class=\"cta cta--none cta--  async-load\" data-block=\"appeal\/cta\">\r\n    \r\n    <div class=\"cta__container container--edge-to-edge\">\r\n                    <h2 class=\"cta__title\">ERREICHEN SIE DAS N\u00c4CHSTE LEVEL. JETZT.   <\/h2>\r\n                        <div class=\"cta__button\">\r\n                            \n<a\n    class=\"cta__link modal-button link--dark link--dark-blue  link link--primary link--internal\"\n    href=\"#cta_footer\"     aria-label=\"Contact Us: KONTAKT\"    data-loaded\n>\n  <div>\n          <i><\/i>\n        <span>KONTAKT <\/span>\n      <\/div>\n<\/a>                    <\/div>\r\n    <\/div>\r\n    <div class=\"cta__modal\">\r\n        \r\n    <\/div>\r\n<\/section>","protected":false},"excerpt":{"rendered":"","protected":false},"author":1,"featured_media":70390,"parent":0,"menu_order":0,"comment_status":"closed","ping_status":"closed","template":"","meta":{"_acf_changed":false,"footnotes":""},"wf_page_folders":[],"class_list":["post-10472","page","type-page","status-publish","has-post-thumbnail","hentry"],"acf":[],"yoast_head":"<!-- This site is optimized with the Yoast SEO Premium plugin v26.0 (Yoast SEO v26.8) - https:\/\/yoast.com\/product\/yoast-seo-premium-wordpress\/ -->\n<title>Erkunden Sie Unser Dienstleistungsangebot<\/title>\n<meta name=\"description\" content=\"Erfahren Sie mehr \u00fcber die Next Level Services, die Roboyo anbietet, von Lean Six Sigma bis zu Managed Services.\" \/>\n<meta name=\"robots\" content=\"index, follow, max-snippet:-1, max-image-preview:large, max-video-preview:-1\" \/>\n<link rel=\"canonical\" href=\"https:\/\/roboyo.global\/de\/dienstleistungen\/\" \/>\n<meta property=\"og:locale\" content=\"de_DE\" \/>\n<meta property=\"og:type\" content=\"article\" \/>\n<meta property=\"og:title\" content=\"Dienstleistungen\" \/>\n<meta property=\"og:description\" content=\"Erfahren Sie mehr \u00fcber die Next Level Services, die Roboyo anbietet, von Lean Six Sigma bis zu Managed Services.\" \/>\n<meta property=\"og:url\" content=\"https:\/\/roboyo.global\/de\/dienstleistungen\/\" \/>\n<meta property=\"og:site_name\" content=\"Roboyo\" \/>\n<meta property=\"article:modified_time\" content=\"2024-03-13T14:39:15+00:00\" \/>\n<meta property=\"og:image\" content=\"https:\/\/roboyo.global\/app\/uploads\/2023\/11\/new.jpg\" \/>\n\t<meta property=\"og:image:width\" content=\"1500\" \/>\n\t<meta property=\"og:image:height\" content=\"1000\" \/>\n\t<meta property=\"og:image:type\" content=\"image\/jpeg\" \/>\n<meta name=\"twitter:card\" content=\"summary_large_image\" \/>\n<meta name=\"twitter:description\" content=\"Erfahren Sie mehr \u00fcber die Next Level Services, die Roboyo anbietet, von Lean Six Sigma bis zu Managed Services.\" \/>\n<meta name=\"twitter:label1\" content=\"Est. reading time\" \/>\n\t<meta name=\"twitter:data1\" content=\"1 minute\" \/>\n<script type=\"application\/ld+json\" class=\"yoast-schema-graph\">{\"@context\":\"https:\/\/schema.org\",\"@graph\":[{\"@type\":\"WebPage\",\"@id\":\"https:\/\/roboyo.global\/de\/dienstleistungen\/\",\"url\":\"https:\/\/roboyo.global\/de\/dienstleistungen\/\",\"name\":\"Erkunden Sie Unser Dienstleistungsangebot\",\"isPartOf\":{\"@id\":\"https:\/\/roboyo.global\/de\/#website\"},\"primaryImageOfPage\":{\"@id\":\"https:\/\/roboyo.global\/de\/dienstleistungen\/#primaryimage\"},\"image\":{\"@id\":\"https:\/\/roboyo.global\/de\/dienstleistungen\/#primaryimage\"},\"thumbnailUrl\":\"https:\/\/roboyo.global\/app\/uploads\/2023\/11\/new.jpg\",\"datePublished\":\"2021-05-28T04:27:37+00:00\",\"dateModified\":\"2024-03-13T14:39:15+00:00\",\"description\":\"Erfahren Sie mehr \u00fcber die Next Level Services, die Roboyo anbietet, von Lean Six Sigma bis zu Managed Services.\",\"breadcrumb\":{\"@id\":\"https:\/\/roboyo.global\/de\/dienstleistungen\/#breadcrumb\"},\"inLanguage\":\"de-DE\",\"potentialAction\":[{\"@type\":\"ReadAction\",\"target\":[\"https:\/\/roboyo.global\/de\/dienstleistungen\/\"]}]},{\"@type\":\"ImageObject\",\"inLanguage\":\"de-DE\",\"@id\":\"https:\/\/roboyo.global\/de\/dienstleistungen\/#primaryimage\",\"url\":\"https:\/\/roboyo.global\/app\/uploads\/2023\/11\/new.jpg\",\"contentUrl\":\"https:\/\/roboyo.global\/app\/uploads\/2023\/11\/new.jpg\",\"width\":1500,\"height\":1000,\"caption\":\"Wide lens view of skyscraper offices over a river with lights reflecting in the water\"},{\"@type\":\"BreadcrumbList\",\"@id\":\"https:\/\/roboyo.global\/de\/dienstleistungen\/#breadcrumb\",\"itemListElement\":[{\"@type\":\"ListItem\",\"position\":1,\"name\":\"Home\",\"item\":\"https:\/\/roboyo.global\/de\/\"},{\"@type\":\"ListItem\",\"position\":2,\"name\":\"Dienstleistungen\"}]},{\"@type\":\"WebSite\",\"@id\":\"https:\/\/roboyo.global\/de\/#website\",\"url\":\"https:\/\/roboyo.global\/de\/\",\"name\":\"Roboyo - Your Agentic Automation & AI Partner of Choice\",\"description\":\"We take what\u2019s possible to the next level. Now.\",\"potentialAction\":[{\"@type\":\"SearchAction\",\"target\":{\"@type\":\"EntryPoint\",\"urlTemplate\":\"https:\/\/roboyo.global\/de\/?s={search_term_string}\"},\"query-input\":{\"@type\":\"PropertyValueSpecification\",\"valueRequired\":true,\"valueName\":\"search_term_string\"}}],\"inLanguage\":\"de-DE\"}]}<\/script>\n<!-- \/ Yoast SEO Premium plugin. -->","yoast_head_json":{"title":"Erkunden Sie Unser Dienstleistungsangebot","description":"Erfahren Sie mehr \u00fcber die Next Level Services, die Roboyo anbietet, von Lean Six Sigma bis zu Managed Services.","robots":{"index":"index","follow":"follow","max-snippet":"max-snippet:-1","max-image-preview":"max-image-preview:large","max-video-preview":"max-video-preview:-1"},"canonical":"https:\/\/roboyo.global\/de\/dienstleistungen\/","og_locale":"de_DE","og_type":"article","og_title":"Dienstleistungen","og_description":"Erfahren Sie mehr \u00fcber die Next Level Services, die Roboyo anbietet, von Lean Six Sigma bis zu Managed Services.","og_url":"https:\/\/roboyo.global\/de\/dienstleistungen\/","og_site_name":"Roboyo","article_modified_time":"2024-03-13T14:39:15+00:00","og_image":[{"width":1500,"height":1000,"url":"https:\/\/roboyo.global\/app\/uploads\/2023\/11\/new.jpg","type":"image\/jpeg"}],"twitter_card":"summary_large_image","twitter_description":"Erfahren Sie mehr \u00fcber die Next Level Services, die Roboyo anbietet, von Lean Six Sigma bis zu Managed Services.","twitter_misc":{"Est. reading time":"1 minute"},"schema":{"@context":"https:\/\/schema.org","@graph":[{"@type":"WebPage","@id":"https:\/\/roboyo.global\/de\/dienstleistungen\/","url":"https:\/\/roboyo.global\/de\/dienstleistungen\/","name":"Erkunden Sie Unser Dienstleistungsangebot","isPartOf":{"@id":"https:\/\/roboyo.global\/de\/#website"},"primaryImageOfPage":{"@id":"https:\/\/roboyo.global\/de\/dienstleistungen\/#primaryimage"},"image":{"@id":"https:\/\/roboyo.global\/de\/dienstleistungen\/#primaryimage"},"thumbnailUrl":"https:\/\/roboyo.global\/app\/uploads\/2023\/11\/new.jpg","datePublished":"2021-05-28T04:27:37+00:00","dateModified":"2024-03-13T14:39:15+00:00","description":"Erfahren Sie mehr \u00fcber die Next Level Services, die Roboyo anbietet, von Lean Six Sigma bis zu Managed Services.","breadcrumb":{"@id":"https:\/\/roboyo.global\/de\/dienstleistungen\/#breadcrumb"},"inLanguage":"de-DE","potentialAction":[{"@type":"ReadAction","target":["https:\/\/roboyo.global\/de\/dienstleistungen\/"]}]},{"@type":"ImageObject","inLanguage":"de-DE","@id":"https:\/\/roboyo.global\/de\/dienstleistungen\/#primaryimage","url":"https:\/\/roboyo.global\/app\/uploads\/2023\/11\/new.jpg","contentUrl":"https:\/\/roboyo.global\/app\/uploads\/2023\/11\/new.jpg","width":1500,"height":1000,"caption":"Wide lens view of skyscraper offices over a river with lights reflecting in the water"},{"@type":"BreadcrumbList","@id":"https:\/\/roboyo.global\/de\/dienstleistungen\/#breadcrumb","itemListElement":[{"@type":"ListItem","position":1,"name":"Home","item":"https:\/\/roboyo.global\/de\/"},{"@type":"ListItem","position":2,"name":"Dienstleistungen"}]},{"@type":"WebSite","@id":"https:\/\/roboyo.global\/de\/#website","url":"https:\/\/roboyo.global\/de\/","name":"Roboyo - Your Agentic Automation & AI Partner of Choice","description":"We take what\u2019s possible to the next level. Now.","potentialAction":[{"@type":"SearchAction","target":{"@type":"EntryPoint","urlTemplate":"https:\/\/roboyo.global\/de\/?s={search_term_string}"},"query-input":{"@type":"PropertyValueSpecification","valueRequired":true,"valueName":"search_term_string"}}],"inLanguage":"de-DE"}]}},"_links":{"self":[{"href":"https:\/\/roboyo.global\/de\/wp-json\/wp\/v2\/pages\/10472","targetHints":{"allow":["GET"]}}],"collection":[{"href":"https:\/\/roboyo.global\/de\/wp-json\/wp\/v2\/pages"}],"about":[{"href":"https:\/\/roboyo.global\/de\/wp-json\/wp\/v2\/types\/page"}],"author":[{"embeddable":true,"href":"https:\/\/roboyo.global\/de\/wp-json\/wp\/v2\/users\/1"}],"replies":[{"embeddable":true,"href":"https:\/\/roboyo.global\/de\/wp-json\/wp\/v2\/comments?post=10472"}],"version-history":[{"count":4,"href":"https:\/\/roboyo.global\/de\/wp-json\/wp\/v2\/pages\/10472\/revisions"}],"predecessor-version":[{"id":71765,"href":"https:\/\/roboyo.global\/de\/wp-json\/wp\/v2\/pages\/10472\/revisions\/71765"}],"wp:featuredmedia":[{"embeddable":true,"href":"https:\/\/roboyo.global\/de\/wp-json\/wp\/v2\/media\/70390"}],"wp:attachment":[{"href":"https:\/\/roboyo.global\/de\/wp-json\/wp\/v2\/media?parent=10472"}],"wp:term":[{"taxonomy":"wf_page_folders","embeddable":true,"href":"https:\/\/roboyo.global\/de\/wp-json\/wp\/v2\/wf_page_folders?post=10472"}],"curies":[{"name":"wp","href":"https:\/\/api.w.org\/{rel}","templated":true}]}}