{"id":10364,"date":"2021-06-22T12:02:20","date_gmt":"2021-06-22T11:02:20","guid":{"rendered":"https:\/\/roboyo.global\/?page_id=10364"},"modified":"2023-10-04T07:13:04","modified_gmt":"2023-10-04T06:13:04","slug":"schulung","status":"publish","type":"page","link":"https:\/\/roboyo.global\/de\/dienstleistungen\/schulung\/","title":{"rendered":"Schulung"},"content":{"rendered":"\n\n<section data-nav-transparent data-loaded data-nav-transparent\n    class=\"hero-header-3 hero-header-3--left hero-header-3--no-cat \">\n    <div class=\"hero-header-3__wrapper\">\n        <div class=\"hero-header-3__video hero-header-3__video--overlay\">\n                                    \n    \n            <div class=\"hero-header-3__image\" data-lazy=\"1\">\n            <img decoding=\"async\" src=\"https:\/\/roboyo.global\/app\/uploads\/2021\/06\/img-services-training-header-1.jpg\" alt=\"Microsoft Teams screenshot of people in meeting\" loading=\"eager\" fetchpriority=\"high\">\n        <\/div>\n                                                            <\/div>\n        <div class=\"hero-header-3__container\">\n            <div class=\"hero-header-3__content\">\n                                <p class=\"hero-header-3__title\">Dienstleistungen<\/p>\n                \n                                                <h1 class=\"hero-header-3__subtitle\">\n                    <span>Schulung<\/span>\n                <\/h1>\n                \n                            <\/div>\n                    <\/div>\n                <div class=\"hero-header-3__gradient hero-header-3__gradient--overall\"\n            style=\"background: linear-gradient(, rgb() 0%, rgb() 100%)\">\n        <\/div>\n            <\/div>\n<\/section>\n\n\n\n<div aria-hidden=\"true\" class=\"appeal-spacer appeal-spacer--69d4e72240506  appeal-spacer--transparent\">\r\n<style>\r\n\/* Ultrawide *\/\r\n.appeal-spacer--69d4e72240506 {\r\n    height: 150px;\r\n}\r\n\r\n\/* Desktop *\/\r\n@media (max-width: 1920px) {\r\n    .appeal-spacer--69d4e72240506 {\r\n        height: 150px;\r\n    }\r\n}\r\n\r\n\/* Laptop *\/\r\n@media (max-width: 1024px) {\r\n    .appeal-spacer--69d4e72240506 {\r\n        height: 100px;\r\n    }\r\n}\r\n\r\n\/* Mobile *\/\r\n@media (max-width: 767px) {\r\n    .appeal-spacer--69d4e72240506 {\r\n        height: 100px;\r\n    }\r\n}\r\n<\/style>\r\n<\/div>\r\n\n\n\r\n\r\n\r\n<section class=\"standout-text \" data-block=\"appeal\/standout-text\">\r\n  <div class=\"standout-text__container container--large\">\r\n    <div class=\"standout-text__content\">\r\n              <h2 class=\"standout-text__title standout-text__title-- standout-text__title--bold standout-text__title--\">Die Roboyo-Academy ist der Ort, an dem wir die n\u00e4chste Generation von Automatisierungspionieren ausbilden.<\/h2>\r\n          <\/div>\r\n  <\/div>\r\n<\/section>\n\n<div aria-hidden=\"true\" class=\"appeal-spacer appeal-spacer--69d4e72241af3  appeal-spacer--transparent\">\r\n<style>\r\n\/* Ultrawide *\/\r\n.appeal-spacer--69d4e72241af3 {\r\n    height: 150px;\r\n}\r\n\r\n\/* Desktop *\/\r\n@media (max-width: 1920px) {\r\n    .appeal-spacer--69d4e72241af3 {\r\n        height: 150px;\r\n    }\r\n}\r\n\r\n\/* Laptop *\/\r\n@media (max-width: 1024px) {\r\n    .appeal-spacer--69d4e72241af3 {\r\n        height: 50px;\r\n    }\r\n}\r\n\r\n\/* Mobile *\/\r\n@media (max-width: 767px) {\r\n    .appeal-spacer--69d4e72241af3 {\r\n        height: 50px;\r\n    }\r\n}\r\n<\/style>\r\n<\/div>\r\n\n\n\n\n\n<section data-loaded class=\"tam tam--ltr tam--light  tam--\" data-block=\"appeal\/text-and-inner-content\">\n  <div class=\"tam__container container--1543\">\n    <div class=\"tam__contain\">\n          <div class=\"tam__text container--default-desktop tam__text--top\">\n\n        \n                          \n        \n        \n\n        \n        <div class=\"tam__content wysiwyg\">\n          <h6><span style=\"font-weight: 400;\">Der Begriff der Arbeitskraft und die Art der Arbeit \u00e4ndern sich schnell. Der Fortschritt schreitet immer weiter voran, und neue Technologien erfordern neue F\u00e4higkeiten. Wir k\u00f6nnen helfen.<\/span><\/h6>\n<p>Als Automation Engineers, die seit den Anf\u00e4ngen der Intelligenten Automatisierung an vorderster Front gearbeitet haben, verf\u00fcgen wir \u00fcber ein unvergleichliches Ma\u00df an Wissen und Erfahrung, das wir weitergeben m\u00f6chten.<\/p>\n<p><span data-sheets-formula-bar-text-style=\"font-size:13px;color:#000000;font-weight:normal;text-decoration:none;font-family:'Arial';font-style:normal;text-decoration-skip-ink:none;\">Unsere mehrsprachigen Kurse k\u00f6nnen vor Ort oder virtuell abgehalten werden und sind als private oder \u00f6ffentliche Trainings vef\u00fcgbar.<\/span> Wir arbeiten in kleinen Gruppen, um ein interaktives, praxisnahes Training anzubieten. Von der Zertifizierung mit den f\u00fchrenden Automatisierungsanbietern (UiPath, Blue Prism, Automation Anywhere und ABBYY) bis hin zu unserem Business Analyst Training k\u00f6nnen wir Ihre Mitarbeiter um- und weiterbilden, damit sie die M\u00f6glichkeiten der intelligenten Automatisierung voll aussch\u00f6pfen k\u00f6nnen.<\/p>\n        <\/div>\n\n                  \n<a\n    class=\"tam__link link--31 link--blue link--light link link--primary link--internal\"\n    href=\"https:\/\/roboyo.global\/de\/academy\/\"     aria-label=\": Roboyo Akademie\"    data-loaded\n>\n  <div>\n          <i><\/i>\n        <span>Roboyo Akademie<\/span>\n      <\/div>\n<\/a>                        <\/div>\n      <div class=\"tam__block container--default-desktop  wysiwyg\">\n        \n\n\n<div  class=\"image js-image image--square image--small\">\n  <div class=\"image__container\">\n          <picture>\n                <img decoding=\"async\" src=\"https:\/\/roboyo.global\/app\/uploads\/2021\/06\/img-services-training-square.jpg\" alt=\"Turbo rollercoaster\" class=\"image__image\" \/>\n      <\/picture>\n    \n    \n      <\/div>\n<\/div>\n\n      <\/div>\n    <\/div>\n  <\/div>\n<\/section>\n\n<div aria-hidden=\"true\" class=\"appeal-spacer appeal-spacer--69d4e72248b80  appeal-spacer--transparent\">\r\n<style>\r\n\/* Ultrawide *\/\r\n.appeal-spacer--69d4e72248b80 {\r\n    height: 50px;\r\n}\r\n\r\n\/* Desktop *\/\r\n@media (max-width: 1920px) {\r\n    .appeal-spacer--69d4e72248b80 {\r\n        height: 50px;\r\n    }\r\n}\r\n\r\n\/* Laptop *\/\r\n@media (max-width: 1024px) {\r\n    .appeal-spacer--69d4e72248b80 {\r\n        height: 25px;\r\n    }\r\n}\r\n\r\n\/* Mobile *\/\r\n@media (max-width: 767px) {\r\n    .appeal-spacer--69d4e72248b80 {\r\n        height: 25px;\r\n    }\r\n}\r\n<\/style>\r\n<\/div>\r\n\n\n\n<p class=\"has-text-align-center\">Unsere Automation Engineers sind zertifizierte Trainer f\u00fcr die weltweit f\u00fchrenden Automatisierungsanbieter und Roboyo ist der einzige globale UiPath Partner mit den h\u00f6chsten Partner Level.<\/p>\n\n\n\n\n<section  data-loaded class=\"logos container--logos logos--global\">\n  \n   \n\n  \n  \n    <div class=\"logos__featured logos__featured--4 logos__featured--last  logos__featured--standalone\">\n              <div class=\"logos__logo\">\n                    \n    \n            <div class=\"logos__image\" data-lazy >\n                            <img decoding=\"async\" loading=\"lazy\" data-lazy-placeholder src=\"https:\/\/roboyo.global\/app\/uploads\/2021\/06\/UiPath_PartnerLogos_Diamond_SMALL_rgb.svg\" alt=\"UiPath Diamond Partner\">\n                                        <img loading=\"lazy\" data-lazy-full=\"https:\/\/roboyo.global\/app\/uploads\/2021\/06\/UiPath_PartnerLogos_Diamond_SMALL_rgb.svg\" alt=\"UiPath Diamond Partner\">\n                    <\/div>\n              <p class=\"logos__subtext\">\n            Global Diamond Status Partner          <\/p>\n        <\/div>\n              <div class=\"logos__logo\">\n                    \n    \n            <div class=\"logos__image\" data-lazy >\n                            <img decoding=\"async\" loading=\"lazy\" data-lazy-placeholder src=\"https:\/\/roboyo.global\/app\/uploads\/2021\/06\/UiPath-Certified_rgb.svg\" alt=\"UiPath certified professional services\">\n                                        <img loading=\"lazy\" data-lazy-full=\"https:\/\/roboyo.global\/app\/uploads\/2021\/06\/UiPath-Certified_rgb.svg\" alt=\"UiPath certified professional services\">\n                    <\/div>\n              <p class=\"logos__subtext\">\n            USN Zertifizierter Partner          <\/p>\n        <\/div>\n              <div class=\"logos__logo\">\n                    \n    \n            <div class=\"logos__image\" data-lazy >\n                            <img decoding=\"async\" loading=\"lazy\" data-lazy-placeholder src=\"https:\/\/roboyo.global\/app\/uploads\/2021\/06\/UiPath-Learning-Partner-150x49.png\" alt=\"UiPath Learning Partner\">\n                                        <img loading=\"lazy\" data-lazy-full=\"https:\/\/roboyo.global\/app\/uploads\/2021\/06\/UiPath-Learning-Partner.png\" alt=\"UiPath Learning Partner\">\n                    <\/div>\n              <p class=\"logos__subtext\">\n            RPA vom ersten Tag an demokratisieren          <\/p>\n        <\/div>\n              <div class=\"logos__logo\">\n                    \n    \n            <div class=\"logos__image\" data-lazy >\n                            <img decoding=\"async\" loading=\"lazy\" data-lazy-placeholder src=\"https:\/\/roboyo.global\/app\/uploads\/2021\/05\/uipath_techpartnerlogo_advanced_pref_rgb_optimized-150x139.png\" alt=\"UiPath advanced technology partner\">\n                                        <img loading=\"lazy\" data-lazy-full=\"https:\/\/roboyo.global\/app\/uploads\/2021\/05\/uipath_techpartnerlogo_advanced_pref_rgb_optimized.png\" alt=\"UiPath advanced technology partner\">\n                    <\/div>\n              <p class=\"logos__subtext\">\n            Premier Technology Alliance Partner          <\/p>\n        <\/div>\n          <\/div>\n    \n  <\/section>\n\n\n\n<section  data-loaded\n  class=\"horizontal-posts slider-common  slider-common--dark horizontal-posts--dark\"\n  data-block=\"appeal\/horizontal-scroller\">\n  <h2 class=\"horizontal-posts__title container\">Related Content  <\/h2>\n  <h2 class=\"horizontal-posts__subtitle container\"><\/h2>\n  <\/section>\n\n<div aria-hidden=\"true\" class=\"appeal-spacer appeal-spacer--69d4e722516d0  appeal-spacer--transparent\">\r\n<style>\r\n\/* Ultrawide *\/\r\n.appeal-spacer--69d4e722516d0 {\r\n    height: 0px;\r\n}\r\n\r\n\/* Desktop *\/\r\n@media (max-width: 1920px) {\r\n    .appeal-spacer--69d4e722516d0 {\r\n        height: 0px;\r\n    }\r\n}\r\n\r\n\/* Laptop *\/\r\n@media (max-width: 1024px) {\r\n    .appeal-spacer--69d4e722516d0 {\r\n        height: 50px;\r\n    }\r\n}\r\n\r\n\/* Mobile *\/\r\n@media (max-width: 767px) {\r\n    .appeal-spacer--69d4e722516d0 {\r\n        height: 50px;\r\n    }\r\n}\r\n<\/style>\r\n<\/div>\r\n\n\n\r\n\r\n<section  data-horizontal-hide data-loaded class=\"link-list link-list--light link-list--left\" data-block=\"appeal\/link-list\">\r\n    <div class=\"link-list__container link-list__container--four-tiles container--1644\">\r\n                 <h4 class=\"link-list__title link-list__title--left link-list__title--tablet\">DIENSTE ERKUNDEN<\/h4>\r\n        <div class=\"link-list__content\">\r\n             <h4 class=\"link-list__title link-list__title--left\">DIENSTE ERKUNDEN<\/h4>\r\n                        <h4 class=\"link-list__title link-list__title--mobile\"><\/h4>\r\n\r\n            <div class=\"link-list__links \">\r\n                \r\n                                    <ol>\r\n                                            \r\n                        <li class=\"link-list__link\"><a href=\"https:\/\/roboyo.global\/de\/dienstleistungen\/beratung-zu-intelligenter-automatisierung\/\">BERATUNG<\/a><\/li>\r\n                                            \r\n                        <li class=\"link-list__link\"><a href=\"https:\/\/roboyo.global\/de\/dienstleistungen\/implementierung\/\">IMPLEMENTIERUNG<\/a><\/li>\r\n                                        <\/ol>\r\n\r\n                                \r\n            <\/div>\r\n                        <h4 class=\"link-list__title link-list__title--mobile\"><\/h4>\r\n\r\n            <div class=\"link-list__links \">\r\n                \r\n                                    <ol>\r\n                                            \r\n                        <li class=\"link-list__link\"><a href=\"https:\/\/roboyo.global\/de\/dienstleistungen\/support-wartung\/\">Managed Services<\/a><\/li>\r\n                                            \r\n                        <li class=\"link-list__link\"><a href=\"https:\/\/roboyo.global\/de\/dienstleistungen\/plug-and-play-automation\/\">Plug and Play Automation<\/a><\/li>\r\n                                        <\/ol>\r\n\r\n                                \r\n            <\/div>\r\n                        <h4 class=\"link-list__title link-list__title--mobile\"><\/h4>\r\n\r\n            <div class=\"link-list__links \">\r\n                \r\n                                    <ol>\r\n                                            \r\n                        <li class=\"link-list__link\"><a href=\"https:\/\/roboyo.global\/de\/dienstleistungen\/schulung\/\">SCHULUNG<\/a><\/li>\r\n                                        <\/ol>\r\n\r\n                                \r\n            <\/div>\r\n                    <\/div>                           \r\n    <\/div>\r\n<\/section>\n\n<div aria-hidden=\"true\" class=\"appeal-spacer appeal-spacer--69d4e72254979  appeal-spacer--transparent\">\r\n<style>\r\n\/* Ultrawide *\/\r\n.appeal-spacer--69d4e72254979 {\r\n    height: 0px;\r\n}\r\n\r\n\/* Desktop *\/\r\n@media (max-width: 1920px) {\r\n    .appeal-spacer--69d4e72254979 {\r\n        height: 0px;\r\n    }\r\n}\r\n\r\n\/* Laptop *\/\r\n@media (max-width: 1024px) {\r\n    .appeal-spacer--69d4e72254979 {\r\n        height: 50px;\r\n    }\r\n}\r\n\r\n\/* Mobile *\/\r\n@media (max-width: 767px) {\r\n    .appeal-spacer--69d4e72254979 {\r\n        height: 50px;\r\n    }\r\n}\r\n<\/style>\r\n<\/div>\r\n\n\n","protected":false},"excerpt":{"rendered":"<p>Unsere Automation Engineers sind zertifizierte Trainer f\u00fcr die weltweit f\u00fchrenden Automatisierungsanbieter und Roboyo ist der einzige globale UiPath Partner mit den h\u00f6chsten Partner Level.<\/p>\n","protected":false},"author":1,"featured_media":7537,"parent":10472,"menu_order":5,"comment_status":"closed","ping_status":"closed","template":"","meta":{"_acf_changed":false,"footnotes":""},"wf_page_folders":[],"class_list":["post-10364","page","type-page","status-publish","has-post-thumbnail","hentry"],"acf":[],"yoast_head":"<!-- This site is optimized with the Yoast SEO Premium plugin v26.0 (Yoast SEO v26.8) - https:\/\/yoast.com\/product\/yoast-seo-premium-wordpress\/ -->\n<title>Schulung - Roboyo<\/title>\n<meta name=\"description\" content=\"Die Roboyo-Academy ist der Ort, an dem wir die n\u00e4chste Generation von Automatisierungspionieren ausbilden.\" \/>\n<meta name=\"robots\" content=\"noindex, follow\" \/>\n<meta property=\"og:locale\" content=\"de_DE\" \/>\n<meta property=\"og:type\" content=\"article\" \/>\n<meta property=\"og:title\" content=\"Schulung\" \/>\n<meta property=\"og:description\" content=\"Die Roboyo-Academy ist der Ort, an dem wir die n\u00e4chste Generation von Automatisierungspionieren ausbilden.\" \/>\n<meta property=\"og:url\" content=\"https:\/\/roboyo.global\/de\/dienstleistungen\/schulung\/\" \/>\n<meta property=\"og:site_name\" content=\"Roboyo\" \/>\n<meta property=\"article:modified_time\" content=\"2023-10-04T06:13:04+00:00\" \/>\n<meta property=\"og:image\" content=\"https:\/\/roboyo.global\/app\/uploads\/2021\/06\/img-services-training-header-1.jpg\" \/>\n\t<meta property=\"og:image:width\" content=\"2560\" \/>\n\t<meta property=\"og:image:height\" content=\"1267\" \/>\n\t<meta property=\"og:image:type\" content=\"image\/jpeg\" \/>\n<meta name=\"twitter:card\" content=\"summary_large_image\" \/>\n<meta name=\"twitter:label1\" content=\"Est. reading time\" \/>\n\t<meta name=\"twitter:data1\" content=\"1 minute\" \/>\n<script type=\"application\/ld+json\" class=\"yoast-schema-graph\">{\"@context\":\"https:\/\/schema.org\",\"@graph\":[{\"@type\":\"WebPage\",\"@id\":\"https:\/\/roboyo.global\/de\/dienstleistungen\/schulung\/\",\"url\":\"https:\/\/roboyo.global\/de\/dienstleistungen\/schulung\/\",\"name\":\"Schulung - Roboyo\",\"isPartOf\":{\"@id\":\"https:\/\/roboyo.global\/de\/#website\"},\"primaryImageOfPage\":{\"@id\":\"https:\/\/roboyo.global\/de\/dienstleistungen\/schulung\/#primaryimage\"},\"image\":{\"@id\":\"https:\/\/roboyo.global\/de\/dienstleistungen\/schulung\/#primaryimage\"},\"thumbnailUrl\":\"https:\/\/roboyo.global\/app\/uploads\/2021\/06\/img-services-training-header-1.jpg\",\"datePublished\":\"2021-06-22T11:02:20+00:00\",\"dateModified\":\"2023-10-04T06:13:04+00:00\",\"description\":\"Die Roboyo-Academy ist der Ort, an dem wir die n\u00e4chste Generation von Automatisierungspionieren ausbilden.\",\"breadcrumb\":{\"@id\":\"https:\/\/roboyo.global\/de\/dienstleistungen\/schulung\/#breadcrumb\"},\"inLanguage\":\"de-DE\",\"potentialAction\":[{\"@type\":\"ReadAction\",\"target\":[\"https:\/\/roboyo.global\/de\/dienstleistungen\/schulung\/\"]}]},{\"@type\":\"ImageObject\",\"inLanguage\":\"de-DE\",\"@id\":\"https:\/\/roboyo.global\/de\/dienstleistungen\/schulung\/#primaryimage\",\"url\":\"https:\/\/roboyo.global\/app\/uploads\/2021\/06\/img-services-training-header-1.jpg\",\"contentUrl\":\"https:\/\/roboyo.global\/app\/uploads\/2021\/06\/img-services-training-header-1.jpg\",\"width\":2560,\"height\":1267,\"caption\":\"Microsoft Teams screenshot of people in meeting\"},{\"@type\":\"BreadcrumbList\",\"@id\":\"https:\/\/roboyo.global\/de\/dienstleistungen\/schulung\/#breadcrumb\",\"itemListElement\":[{\"@type\":\"ListItem\",\"position\":1,\"name\":\"Home\",\"item\":\"https:\/\/roboyo.global\/de\/\"},{\"@type\":\"ListItem\",\"position\":2,\"name\":\"Dienstleistungen\",\"item\":\"https:\/\/roboyo.global\/de\/dienstleistungen\/\"},{\"@type\":\"ListItem\",\"position\":3,\"name\":\"Schulung\"}]},{\"@type\":\"WebSite\",\"@id\":\"https:\/\/roboyo.global\/de\/#website\",\"url\":\"https:\/\/roboyo.global\/de\/\",\"name\":\"Roboyo - Your Agentic Automation & AI Partner of Choice\",\"description\":\"We take what\u2019s possible to the next level. Now.\",\"potentialAction\":[{\"@type\":\"SearchAction\",\"target\":{\"@type\":\"EntryPoint\",\"urlTemplate\":\"https:\/\/roboyo.global\/de\/?s={search_term_string}\"},\"query-input\":{\"@type\":\"PropertyValueSpecification\",\"valueRequired\":true,\"valueName\":\"search_term_string\"}}],\"inLanguage\":\"de-DE\"}]}<\/script>\n<!-- \/ Yoast SEO Premium plugin. -->","yoast_head_json":{"title":"Schulung - Roboyo","description":"Die Roboyo-Academy ist der Ort, an dem wir die n\u00e4chste Generation von Automatisierungspionieren ausbilden.","robots":{"index":"noindex","follow":"follow"},"og_locale":"de_DE","og_type":"article","og_title":"Schulung","og_description":"Die Roboyo-Academy ist der Ort, an dem wir die n\u00e4chste Generation von Automatisierungspionieren ausbilden.","og_url":"https:\/\/roboyo.global\/de\/dienstleistungen\/schulung\/","og_site_name":"Roboyo","article_modified_time":"2023-10-04T06:13:04+00:00","og_image":[{"width":2560,"height":1267,"url":"https:\/\/roboyo.global\/app\/uploads\/2021\/06\/img-services-training-header-1.jpg","type":"image\/jpeg"}],"twitter_card":"summary_large_image","twitter_misc":{"Est. reading time":"1 minute"},"schema":{"@context":"https:\/\/schema.org","@graph":[{"@type":"WebPage","@id":"https:\/\/roboyo.global\/de\/dienstleistungen\/schulung\/","url":"https:\/\/roboyo.global\/de\/dienstleistungen\/schulung\/","name":"Schulung - Roboyo","isPartOf":{"@id":"https:\/\/roboyo.global\/de\/#website"},"primaryImageOfPage":{"@id":"https:\/\/roboyo.global\/de\/dienstleistungen\/schulung\/#primaryimage"},"image":{"@id":"https:\/\/roboyo.global\/de\/dienstleistungen\/schulung\/#primaryimage"},"thumbnailUrl":"https:\/\/roboyo.global\/app\/uploads\/2021\/06\/img-services-training-header-1.jpg","datePublished":"2021-06-22T11:02:20+00:00","dateModified":"2023-10-04T06:13:04+00:00","description":"Die Roboyo-Academy ist der Ort, an dem wir die n\u00e4chste Generation von Automatisierungspionieren ausbilden.","breadcrumb":{"@id":"https:\/\/roboyo.global\/de\/dienstleistungen\/schulung\/#breadcrumb"},"inLanguage":"de-DE","potentialAction":[{"@type":"ReadAction","target":["https:\/\/roboyo.global\/de\/dienstleistungen\/schulung\/"]}]},{"@type":"ImageObject","inLanguage":"de-DE","@id":"https:\/\/roboyo.global\/de\/dienstleistungen\/schulung\/#primaryimage","url":"https:\/\/roboyo.global\/app\/uploads\/2021\/06\/img-services-training-header-1.jpg","contentUrl":"https:\/\/roboyo.global\/app\/uploads\/2021\/06\/img-services-training-header-1.jpg","width":2560,"height":1267,"caption":"Microsoft Teams screenshot of people in meeting"},{"@type":"BreadcrumbList","@id":"https:\/\/roboyo.global\/de\/dienstleistungen\/schulung\/#breadcrumb","itemListElement":[{"@type":"ListItem","position":1,"name":"Home","item":"https:\/\/roboyo.global\/de\/"},{"@type":"ListItem","position":2,"name":"Dienstleistungen","item":"https:\/\/roboyo.global\/de\/dienstleistungen\/"},{"@type":"ListItem","position":3,"name":"Schulung"}]},{"@type":"WebSite","@id":"https:\/\/roboyo.global\/de\/#website","url":"https:\/\/roboyo.global\/de\/","name":"Roboyo - Your Agentic Automation & AI Partner of Choice","description":"We take what\u2019s possible to the next level. Now.","potentialAction":[{"@type":"SearchAction","target":{"@type":"EntryPoint","urlTemplate":"https:\/\/roboyo.global\/de\/?s={search_term_string}"},"query-input":{"@type":"PropertyValueSpecification","valueRequired":true,"valueName":"search_term_string"}}],"inLanguage":"de-DE"}]}},"_links":{"self":[{"href":"https:\/\/roboyo.global\/de\/wp-json\/wp\/v2\/pages\/10364","targetHints":{"allow":["GET"]}}],"collection":[{"href":"https:\/\/roboyo.global\/de\/wp-json\/wp\/v2\/pages"}],"about":[{"href":"https:\/\/roboyo.global\/de\/wp-json\/wp\/v2\/types\/page"}],"author":[{"embeddable":true,"href":"https:\/\/roboyo.global\/de\/wp-json\/wp\/v2\/users\/1"}],"replies":[{"embeddable":true,"href":"https:\/\/roboyo.global\/de\/wp-json\/wp\/v2\/comments?post=10364"}],"version-history":[{"count":34,"href":"https:\/\/roboyo.global\/de\/wp-json\/wp\/v2\/pages\/10364\/revisions"}],"predecessor-version":[{"id":66556,"href":"https:\/\/roboyo.global\/de\/wp-json\/wp\/v2\/pages\/10364\/revisions\/66556"}],"up":[{"embeddable":true,"href":"https:\/\/roboyo.global\/de\/wp-json\/wp\/v2\/pages\/10472"}],"wp:featuredmedia":[{"embeddable":true,"href":"https:\/\/roboyo.global\/de\/wp-json\/wp\/v2\/media\/7537"}],"wp:attachment":[{"href":"https:\/\/roboyo.global\/de\/wp-json\/wp\/v2\/media?parent=10364"}],"wp:term":[{"taxonomy":"wf_page_folders","embeddable":true,"href":"https:\/\/roboyo.global\/de\/wp-json\/wp\/v2\/wf_page_folders?post=10364"}],"curies":[{"name":"wp","href":"https:\/\/api.w.org\/{rel}","templated":true}]}}