{"id":10343,"date":"2021-06-22T11:40:16","date_gmt":"2021-06-22T10:40:16","guid":{"rendered":"https:\/\/roboyo.global\/?page_id=10343"},"modified":"2024-05-21T12:07:59","modified_gmt":"2024-05-21T11:07:59","slug":"intelligente-automatisierung-im-personalbereich","status":"publish","type":"page","link":"https:\/\/roboyo.global\/de\/intelligente-automatisierung-im-personalbereich\/","title":{"rendered":"Intelligente Automatisierung im Personalbereich"},"content":{"rendered":"\r\n\r\n<section  data-loaded data-nav-transparent class=\"hero-header-2 \" data-block=\"appeal\/hero-2\">\r\n    <div class=\"hero-header-2__wrapper\">\r\n        <div class=\"hero-header-2__container\">\r\n            <div class=\"hero-header-2__content\">\r\n                                <h1 class=\"hero-header-2__title hero-header-2__title--small\">\r\n                                            <span class=\"hero-header-2__title hero-header-2__title--top hero-header-2__title--small\">Intelligente Automatisierung im Personalbereich<\/span>\r\n                    \r\n\r\n                    \r\n                <\/h1>\r\n                <div class=\"hero-header-2__description\">\r\n                                    <\/div>\r\n            <\/div>\r\n                    <\/div>\r\n    <\/div>\r\n<\/section>\n\n\r\n\r\n<section  data-loaded class=\"horizontal-nav horizontal-nav--light  async-load\">\r\n    <div class=\"horizontal-nav__container container--1644\">\r\n        <nav class=\"horizontal-nav__nav\">\r\n            <ul class=\"horizontal-nav__links\">\r\n                                                                                        <li class=\"horizontal-nav__link  horizontal-nav__link--mobile-default  js-hnav-default-mobile-link\">\r\n                                <a href=\"#\">Menu<\/a>\r\n                            <\/li>\r\n                                                <li class=\"horizontal-nav__link  js-hnav-link\" data-url-path=\"\/de\/intelligente-automatisierung-im-finanzwesen\/\">\r\n                                                        <a href=\"https:\/\/roboyo.global\/de\/intelligente-automatisierung-im-finanzwesen\/\">FINANZWESEN<\/a>\r\n                            \r\n                                                    <\/li>\r\n                                                                                                        <li class=\"horizontal-nav__link  js-hnav-link\" data-url-path=\"\/de\/intelligente-automatisierung-in-der-it\/\">\r\n                                                        <a href=\"https:\/\/roboyo.global\/de\/intelligente-automatisierung-in-der-it\/\">IT<\/a>\r\n                            \r\n                                                    <\/li>\r\n                                                                                                        <li class=\"horizontal-nav__link  js-hnav-link\" data-url-path=\"\/de\/intelligente-automatisierung-in-der-operations\/\">\r\n                                                        <a href=\"https:\/\/roboyo.global\/de\/intelligente-automatisierung-in-der-operations\/\">Operations<\/a>\r\n                            \r\n                                                    <\/li>\r\n                                                                                                        <li class=\"horizontal-nav__link  js-hnav-link\" data-url-path=\"\/de\/intelligente-automatisierung-im-personalbereich\/\">\r\n                                                        <a href=\"https:\/\/roboyo.global\/de\/intelligente-automatisierung-im-personalbereich\/\">Personalbereich<\/a>\r\n                            \r\n                                                    <\/li>\r\n                                                                                                        <li class=\"horizontal-nav__link  js-hnav-link\" data-url-path=\"\/de\/intelligente-automatisierung-im-einkauf\/\">\r\n                                                        <a href=\"https:\/\/roboyo.global\/de\/intelligente-automatisierung-im-einkauf\/\">Einkauf<\/a>\r\n                            \r\n                                                    <\/li>\r\n                                                                                                        <li class=\"horizontal-nav__link  js-hnav-link\" data-url-path=\"\/de\/intelligente-automatisierung-im-kundenservice\/\">\r\n                                                        <a href=\"https:\/\/roboyo.global\/de\/intelligente-automatisierung-im-kundenservice\/\">Kundenservice<\/a>\r\n                            \r\n                                                    <\/li>\r\n                                                                                                        <li class=\"horizontal-nav__link  js-hnav-link\" data-url-path=\"\/de\/intelligente-automatisierung-in-der-supply-chain\/\">\r\n                                                        <a href=\"https:\/\/roboyo.global\/de\/intelligente-automatisierung-in-der-supply-chain\/\">Supply Chain<\/a>\r\n                            \r\n                                                    <\/li>\r\n                                                <\/ul>\r\n        <\/nav>\r\n    <\/div>\r\n<\/section>\n\n\r\n\r\n<section data-loaded data-nav-transparent class=\"hero-header-5 hero-header-5--white \" data-block=\"appeal\/hero-5\">\r\n    <div class=\"hero-header-5__container\">\r\n        <div class=\"hero-header-5__content\">\r\n            <div class=\"hero-header-5__inner-content\">\r\n                                    <h2 class=\"hero-header-5__title\">L\u00f6sungen nach Funktion<\/h2>\r\n                \r\n                                    <p class=\"hero-header-5__subtitle\">Personalbereich<\/p>\r\n                            <\/div>\r\n                    <\/div>\r\n    <\/div>\r\n<\/section>\n\n<div aria-hidden=\"true\" class=\"appeal-spacer appeal-spacer--69e12a4d46fdb  appeal-spacer--transparent\">\r\n<style>\r\n\/* Ultrawide *\/\r\n.appeal-spacer--69e12a4d46fdb {\r\n    height: 100px;\r\n}\r\n\r\n\/* Desktop *\/\r\n@media (max-width: 1920px) {\r\n    .appeal-spacer--69e12a4d46fdb {\r\n        height: 100px;\r\n    }\r\n}\r\n\r\n\/* Laptop *\/\r\n@media (max-width: 1024px) {\r\n    .appeal-spacer--69e12a4d46fdb {\r\n        height: 50px;\r\n    }\r\n}\r\n\r\n\/* Mobile *\/\r\n@media (max-width: 767px) {\r\n    .appeal-spacer--69e12a4d46fdb {\r\n        height: 50px;\r\n    }\r\n}\r\n<\/style>\r\n<\/div>\r\n\n\n\r\n\r\n\r\n<section class=\"standout-text \" data-block=\"appeal\/standout-text\">\r\n  <div class=\"standout-text__container container--large\">\r\n    <div class=\"standout-text__content\">\r\n              <h2 class=\"standout-text__title standout-text__title-- standout-text__title--demi standout-text__title--\">Wir unterst\u00fctzen F\u00fchrungskr\u00e4fte im Personalbereich  bei der Entwicklung und Implementierung von ethischen, human+ digitalen Belegschaften, die das Wohlbefinden und die Produktivit\u00e4t der Mitarbeiter auf die n\u00e4chste Stufe heben.<\/h2>\r\n          <\/div>\r\n  <\/div>\r\n<\/section>\n\n<div aria-hidden=\"true\" class=\"appeal-spacer appeal-spacer--69e12a4d480f4  appeal-spacer--transparent\">\r\n<style>\r\n\/* Ultrawide *\/\r\n.appeal-spacer--69e12a4d480f4 {\r\n    height: 150px;\r\n}\r\n\r\n\/* Desktop *\/\r\n@media (max-width: 1920px) {\r\n    .appeal-spacer--69e12a4d480f4 {\r\n        height: 150px;\r\n    }\r\n}\r\n\r\n\/* Laptop *\/\r\n@media (max-width: 1024px) {\r\n    .appeal-spacer--69e12a4d480f4 {\r\n        height: 70px;\r\n    }\r\n}\r\n\r\n\/* Mobile *\/\r\n@media (max-width: 767px) {\r\n    .appeal-spacer--69e12a4d480f4 {\r\n        height: 70px;\r\n    }\r\n}\r\n<\/style>\r\n<\/div>\r\n\n\n\n\n\n<section data-loaded class=\"tam tam--ltr tam--light  tam--\" data-block=\"appeal\/text-and-inner-content\">\n  <div class=\"tam__container container--1543\">\n    <div class=\"tam__contain\">\n          <div class=\"tam__text container--default-desktop tam__text--top\">\n\n        \n                          \n        \n        \n\n        \n        <div class=\"tam__content wysiwyg\">\n          <h6><span style=\"font-weight: 400;\"><span data-sheets-formula-bar-text-style=\"font-size:13px;color:#000000;font-weight:normal;text-decoration:none;font-family:'Arial';font-style:normal;text-decoration-skip-ink:none;\">Humankapitalentwicklung hei\u00dft, dass eine gute Mitarbeitererfahrung (EX) eine bessere Kundenerfahrung (CX) untermauert. Intelligente Automatisierung kann beides ver\u00e4ndern.<\/span><br \/>\n<\/span><\/h6>\n<p><span style=\"color: #2154ed;\"><strong> Intelligente Prozessautomatisierung erm\u00f6glicht es den menschlichen Mitarbeitern, dort Einfluss zu nehmen, wo Roboter es nicht k\u00f6nnen: bei der Zusammenarbeit, der Ideenfindung und der Wertsch\u00f6pfung.\u2028 <\/strong><\/span><\/p>\n<p>Innerhalb der HR-Funktion erm\u00f6glicht die Automatisierung sich wiederholender Aufgaben wie Lebenslaufverarbeitung, Spesenabrechnungen, Zeiterfassung und Berichtswesen den HR-Mitarbeitern, sich auf hochqualifizierte, hochwertige Aktivit\u00e4ten wie Vorstellungsgespr\u00e4che, die Unterst\u00fctzung einzelner Abteilungen und das Vorantreiben der Talentagenda zu konzentrieren. \u00dcber die Funktion hinaus befreit Intelligente Automatisierung die Mitarbeiter von Wiederholungen, die am besten von digitalen Null-Fehler-, \u201eAlways On\u201c-Mitarbeitern erledigt werden.<\/p>\n<p>Durch die sorgf\u00e4ltige Pflege einer harmonischen, hybriden Belegschaft erm\u00f6glichen wir der Humankapital-Funktion, ein agiles Unternehmen zu schaffen, das sowohl das Wohlbefinden als auch die Leistung verbessert.<\/p>\n<p><strong>Sprechen Sie mit uns dar\u00fcber, wie Ihre <a href=\"https:\/\/roboyo.global\/elevating-human-resources-with-hyperautomation\/\">Humankapital-Funktion<\/a> das volle Potenzial der Automatisierung aussch\u00f6pfen kann<\/strong><\/p>\n        <\/div>\n\n                            \n<a\n    class=\"tam__link link--31 link--blue modal-button link--light link link--primary link--internal\"\n    href=\"#kontaktieren_sie_uns\"     aria-label=\": Kontaktieren Sie uns\"    data-loaded\n>\n  <div>\n          <i><\/i>\n        <span>Kontaktieren Sie uns<\/span>\n      <\/div>\n<\/a>              <\/div>\n      <div class=\"tam__block container--default-desktop  wysiwyg\">\n        \n\n\n<div  class=\"image js-image image--square image--small\">\n  <div class=\"image__container\">\n          <picture>\n                <img decoding=\"async\" src=\"https:\/\/roboyo.global\/app\/uploads\/2021\/06\/img-sbf-human-capital-square.jpg\" alt=\"foosball table\" class=\"image__image\" \/>\n      <\/picture>\n    \n    \n      <\/div>\n<\/div>\n\n      <\/div>\n    <\/div>\n  <\/div>\n<\/section>\n\n\n\n<section  data-loaded\n  class=\"horizontal-posts slider-common  slider-common--dark horizontal-posts--\"\n  data-block=\"appeal\/horizontal-scroller\">\n  <h2 class=\"horizontal-posts__title container\">Verwandte Inhalte  <\/h2>\n  <h2 class=\"horizontal-posts__subtitle container\"><\/h2>\n    <div class=\"horizontal-posts__posts draggable\">\n    \n<article class=\"horizontal-posts__post card--padding card card--post\" data-id=\"23146\">\n  \n    \n            <div class=\"card__image card__image--1-1\" data-lazy style=\"background-color: #f1f1f1;\">\n                                        <img loading=\"lazy\" data-lazy-full=\"https:\/\/roboyo.global\/app\/uploads\/2022\/03\/jonny-mckenna-tVi5i7887ko-unsplash-767x1024.jpg\" alt=\"Maximierung des RPA-ROI\">\n                    <\/div>\n      <div class=\"card__body\">\n        <h4 class=\"card__category\">Blog<\/h4>\n\n            <a href=\"https:\/\/roboyo.global\/de\/blog\/blog-maximierung-des-rpa-roi\/\">\n            <h3 class=\"card__title\">Maximierung des RPA-ROI<\/h3>\n        <\/a>\n\n      <\/div>\n<\/article>  <\/div>\n  <div class=\"horizontal-posts__footer container\">\n    <input class=\"horizontal-posts__scrollbar\" type=\"range\" min=\"0\" max=\"100\" step=\"0.01\" value=\"0\" \/>\n\n    <div\n      class=\"slider-common__controls-wrapper  slider-common__controls-wrapper--hide\">\n      <button type=\"button\" class=\"swiper-button  swiper-button--prev  js-hozposts-button-prev\"><\/button>\n      <button type=\"button\" class=\"swiper-button  swiper-button--next  js-hozposts-button-next\"><\/button>\n      <div class=\"swiper-pagination  js-slider-pagination\">\n        <span class=\"pagination-current\"><\/span>\n        <span class=\"fraction-symbol\">&#8211;<\/span>\n        <span class=\"pagination-total\"><\/span>\n      <\/div>\n    <\/div>\n\n\n  <\/div>\n  <\/section>\n\n<div aria-hidden=\"true\" class=\"appeal-spacer appeal-spacer--69e12a4d5361c  appeal-spacer--transparent\">\r\n<style>\r\n\/* Ultrawide *\/\r\n.appeal-spacer--69e12a4d5361c {\r\n    height: 50px;\r\n}\r\n\r\n\/* Desktop *\/\r\n@media (max-width: 1920px) {\r\n    .appeal-spacer--69e12a4d5361c {\r\n        height: 50px;\r\n    }\r\n}\r\n\r\n\/* Laptop *\/\r\n@media (max-width: 1024px) {\r\n    .appeal-spacer--69e12a4d5361c {\r\n        height: 50px;\r\n    }\r\n}\r\n\r\n\/* Mobile *\/\r\n@media (max-width: 767px) {\r\n    .appeal-spacer--69e12a4d5361c {\r\n        height: 50px;\r\n    }\r\n}\r\n<\/style>\r\n<\/div>\r\n\n\n\r\n\r\n<section  data-horizontal-hide data-loaded class=\"cta cta--none cta--blue  async-load\" data-block=\"appeal\/cta\">\r\n    \r\n    <div class=\"cta__container container--edge-to-edge\">\r\n                    <h2 class=\"cta__title\">ERREICHEN SIE DIE N\u00c4CHSTE STUFE. JETZT.<\/h2>\r\n                        <div class=\"cta__button\">\r\n                            \n<a\n    class=\"cta__link modal-button link--dark link--dark-blue  link link--primary link--internal\"\n    href=\"#cta_footer\"     aria-label=\"Contact Us: KONTAKTIEREN SIE UNS\"    data-loaded\n>\n  <div>\n          <i><\/i>\n        <span>KONTAKTIEREN SIE UNS<\/span>\n      <\/div>\n<\/a>                    <\/div>\r\n    <\/div>\r\n    <div class=\"cta__modal\">\r\n        \r\n    <\/div>\r\n<\/section>","protected":false},"excerpt":{"rendered":"","protected":false},"author":1,"featured_media":29811,"parent":0,"menu_order":4,"comment_status":"closed","ping_status":"closed","template":"","meta":{"_acf_changed":false,"footnotes":""},"wf_page_folders":[],"class_list":["post-10343","page","type-page","status-publish","has-post-thumbnail","hentry"],"acf":[],"yoast_head":"<!-- This site is optimized with the Yoast SEO Premium plugin v26.0 (Yoast SEO v26.8) - https:\/\/yoast.com\/product\/yoast-seo-premium-wordpress\/ -->\n<title>Intelligente Automatisierung im Personalbereich - Roboyo<\/title>\n<meta name=\"description\" content=\"Entdecken Sie, wie die intelligenten Automatisierungsl\u00f6sungen von Roboyo Ihre HR-Prozesse revolutionieren k\u00f6nnen.\" \/>\n<meta name=\"robots\" content=\"index, follow, max-snippet:-1, max-image-preview:large, max-video-preview:-1\" \/>\n<link rel=\"canonical\" href=\"https:\/\/roboyo.global\/de\/intelligente-automatisierung-im-personalbereich\/\" \/>\n<meta property=\"og:locale\" content=\"de_DE\" \/>\n<meta property=\"og:type\" content=\"article\" \/>\n<meta property=\"og:title\" content=\"Intelligente Automatisierung im Personalbereich\" \/>\n<meta property=\"og:description\" content=\"Entdecken Sie, wie die intelligenten Automatisierungsl\u00f6sungen von Roboyo Ihre HR-Prozesse revolutionieren k\u00f6nnen.\" \/>\n<meta property=\"og:url\" content=\"https:\/\/roboyo.global\/de\/intelligente-automatisierung-im-personalbereich\/\" \/>\n<meta property=\"og:site_name\" content=\"Roboyo\" \/>\n<meta property=\"article:modified_time\" content=\"2024-05-21T11:07:59+00:00\" \/>\n<meta property=\"og:image\" content=\"https:\/\/roboyo.global\/app\/uploads\/2022\/05\/img-sbf-human-capital-square.jpg\" \/>\n\t<meta property=\"og:image:width\" content=\"1420\" \/>\n\t<meta property=\"og:image:height\" content=\"1420\" \/>\n\t<meta property=\"og:image:type\" content=\"image\/jpeg\" \/>\n<meta name=\"twitter:card\" content=\"summary_large_image\" \/>\n<meta name=\"twitter:label1\" content=\"Est. reading time\" \/>\n\t<meta name=\"twitter:data1\" content=\"2 minutes\" \/>\n<script type=\"application\/ld+json\" class=\"yoast-schema-graph\">{\"@context\":\"https:\/\/schema.org\",\"@graph\":[{\"@type\":\"WebPage\",\"@id\":\"https:\/\/roboyo.global\/de\/intelligente-automatisierung-im-personalbereich\/\",\"url\":\"https:\/\/roboyo.global\/de\/intelligente-automatisierung-im-personalbereich\/\",\"name\":\"Intelligente Automatisierung im Personalbereich - Roboyo\",\"isPartOf\":{\"@id\":\"https:\/\/roboyo.global\/de\/#website\"},\"primaryImageOfPage\":{\"@id\":\"https:\/\/roboyo.global\/de\/intelligente-automatisierung-im-personalbereich\/#primaryimage\"},\"image\":{\"@id\":\"https:\/\/roboyo.global\/de\/intelligente-automatisierung-im-personalbereich\/#primaryimage\"},\"thumbnailUrl\":\"https:\/\/roboyo.global\/app\/uploads\/2022\/05\/img-sbf-human-capital-square.jpg\",\"datePublished\":\"2021-06-22T10:40:16+00:00\",\"dateModified\":\"2024-05-21T11:07:59+00:00\",\"description\":\"Entdecken Sie, wie die intelligenten Automatisierungsl\u00f6sungen von Roboyo Ihre HR-Prozesse revolutionieren k\u00f6nnen.\",\"breadcrumb\":{\"@id\":\"https:\/\/roboyo.global\/de\/intelligente-automatisierung-im-personalbereich\/#breadcrumb\"},\"inLanguage\":\"de-DE\",\"potentialAction\":[{\"@type\":\"ReadAction\",\"target\":[\"https:\/\/roboyo.global\/de\/intelligente-automatisierung-im-personalbereich\/\"]}]},{\"@type\":\"ImageObject\",\"inLanguage\":\"de-DE\",\"@id\":\"https:\/\/roboyo.global\/de\/intelligente-automatisierung-im-personalbereich\/#primaryimage\",\"url\":\"https:\/\/roboyo.global\/app\/uploads\/2022\/05\/img-sbf-human-capital-square.jpg\",\"contentUrl\":\"https:\/\/roboyo.global\/app\/uploads\/2022\/05\/img-sbf-human-capital-square.jpg\",\"width\":1420,\"height\":1420,\"caption\":\"fussball\"},{\"@type\":\"BreadcrumbList\",\"@id\":\"https:\/\/roboyo.global\/de\/intelligente-automatisierung-im-personalbereich\/#breadcrumb\",\"itemListElement\":[{\"@type\":\"ListItem\",\"position\":1,\"name\":\"Home\",\"item\":\"https:\/\/roboyo.global\/de\/\"},{\"@type\":\"ListItem\",\"position\":2,\"name\":\"Intelligente Automatisierung im Personalbereich\"}]},{\"@type\":\"WebSite\",\"@id\":\"https:\/\/roboyo.global\/de\/#website\",\"url\":\"https:\/\/roboyo.global\/de\/\",\"name\":\"Roboyo - Your Agentic Automation & AI Partner of Choice\",\"description\":\"We take what\u2019s possible to the next level. Now.\",\"potentialAction\":[{\"@type\":\"SearchAction\",\"target\":{\"@type\":\"EntryPoint\",\"urlTemplate\":\"https:\/\/roboyo.global\/de\/?s={search_term_string}\"},\"query-input\":{\"@type\":\"PropertyValueSpecification\",\"valueRequired\":true,\"valueName\":\"search_term_string\"}}],\"inLanguage\":\"de-DE\"}]}<\/script>\n<!-- \/ Yoast SEO Premium plugin. -->","yoast_head_json":{"title":"Intelligente Automatisierung im Personalbereich - Roboyo","description":"Entdecken Sie, wie die intelligenten Automatisierungsl\u00f6sungen von Roboyo Ihre HR-Prozesse revolutionieren k\u00f6nnen.","robots":{"index":"index","follow":"follow","max-snippet":"max-snippet:-1","max-image-preview":"max-image-preview:large","max-video-preview":"max-video-preview:-1"},"canonical":"https:\/\/roboyo.global\/de\/intelligente-automatisierung-im-personalbereich\/","og_locale":"de_DE","og_type":"article","og_title":"Intelligente Automatisierung im Personalbereich","og_description":"Entdecken Sie, wie die intelligenten Automatisierungsl\u00f6sungen von Roboyo Ihre HR-Prozesse revolutionieren k\u00f6nnen.","og_url":"https:\/\/roboyo.global\/de\/intelligente-automatisierung-im-personalbereich\/","og_site_name":"Roboyo","article_modified_time":"2024-05-21T11:07:59+00:00","og_image":[{"width":1420,"height":1420,"url":"https:\/\/roboyo.global\/app\/uploads\/2022\/05\/img-sbf-human-capital-square.jpg","type":"image\/jpeg"}],"twitter_card":"summary_large_image","twitter_misc":{"Est. reading time":"2 minutes"},"schema":{"@context":"https:\/\/schema.org","@graph":[{"@type":"WebPage","@id":"https:\/\/roboyo.global\/de\/intelligente-automatisierung-im-personalbereich\/","url":"https:\/\/roboyo.global\/de\/intelligente-automatisierung-im-personalbereich\/","name":"Intelligente Automatisierung im Personalbereich - Roboyo","isPartOf":{"@id":"https:\/\/roboyo.global\/de\/#website"},"primaryImageOfPage":{"@id":"https:\/\/roboyo.global\/de\/intelligente-automatisierung-im-personalbereich\/#primaryimage"},"image":{"@id":"https:\/\/roboyo.global\/de\/intelligente-automatisierung-im-personalbereich\/#primaryimage"},"thumbnailUrl":"https:\/\/roboyo.global\/app\/uploads\/2022\/05\/img-sbf-human-capital-square.jpg","datePublished":"2021-06-22T10:40:16+00:00","dateModified":"2024-05-21T11:07:59+00:00","description":"Entdecken Sie, wie die intelligenten Automatisierungsl\u00f6sungen von Roboyo Ihre HR-Prozesse revolutionieren k\u00f6nnen.","breadcrumb":{"@id":"https:\/\/roboyo.global\/de\/intelligente-automatisierung-im-personalbereich\/#breadcrumb"},"inLanguage":"de-DE","potentialAction":[{"@type":"ReadAction","target":["https:\/\/roboyo.global\/de\/intelligente-automatisierung-im-personalbereich\/"]}]},{"@type":"ImageObject","inLanguage":"de-DE","@id":"https:\/\/roboyo.global\/de\/intelligente-automatisierung-im-personalbereich\/#primaryimage","url":"https:\/\/roboyo.global\/app\/uploads\/2022\/05\/img-sbf-human-capital-square.jpg","contentUrl":"https:\/\/roboyo.global\/app\/uploads\/2022\/05\/img-sbf-human-capital-square.jpg","width":1420,"height":1420,"caption":"fussball"},{"@type":"BreadcrumbList","@id":"https:\/\/roboyo.global\/de\/intelligente-automatisierung-im-personalbereich\/#breadcrumb","itemListElement":[{"@type":"ListItem","position":1,"name":"Home","item":"https:\/\/roboyo.global\/de\/"},{"@type":"ListItem","position":2,"name":"Intelligente Automatisierung im Personalbereich"}]},{"@type":"WebSite","@id":"https:\/\/roboyo.global\/de\/#website","url":"https:\/\/roboyo.global\/de\/","name":"Roboyo - Your Agentic Automation & AI Partner of Choice","description":"We take what\u2019s possible to the next level. Now.","potentialAction":[{"@type":"SearchAction","target":{"@type":"EntryPoint","urlTemplate":"https:\/\/roboyo.global\/de\/?s={search_term_string}"},"query-input":{"@type":"PropertyValueSpecification","valueRequired":true,"valueName":"search_term_string"}}],"inLanguage":"de-DE"}]}},"_links":{"self":[{"href":"https:\/\/roboyo.global\/de\/wp-json\/wp\/v2\/pages\/10343","targetHints":{"allow":["GET"]}}],"collection":[{"href":"https:\/\/roboyo.global\/de\/wp-json\/wp\/v2\/pages"}],"about":[{"href":"https:\/\/roboyo.global\/de\/wp-json\/wp\/v2\/types\/page"}],"author":[{"embeddable":true,"href":"https:\/\/roboyo.global\/de\/wp-json\/wp\/v2\/users\/1"}],"replies":[{"embeddable":true,"href":"https:\/\/roboyo.global\/de\/wp-json\/wp\/v2\/comments?post=10343"}],"version-history":[{"count":26,"href":"https:\/\/roboyo.global\/de\/wp-json\/wp\/v2\/pages\/10343\/revisions"}],"predecessor-version":[{"id":81732,"href":"https:\/\/roboyo.global\/de\/wp-json\/wp\/v2\/pages\/10343\/revisions\/81732"}],"wp:featuredmedia":[{"embeddable":true,"href":"https:\/\/roboyo.global\/de\/wp-json\/wp\/v2\/media\/29811"}],"wp:attachment":[{"href":"https:\/\/roboyo.global\/de\/wp-json\/wp\/v2\/media?parent=10343"}],"wp:term":[{"taxonomy":"wf_page_folders","embeddable":true,"href":"https:\/\/roboyo.global\/de\/wp-json\/wp\/v2\/wf_page_folders?post=10343"}],"curies":[{"name":"wp","href":"https:\/\/api.w.org\/{rel}","templated":true}]}}