{"id":10305,"date":"2021-06-22T11:13:34","date_gmt":"2021-06-22T10:13:34","guid":{"rendered":"https:\/\/roboyo.global\/?page_id=10305"},"modified":"2023-05-22T12:23:25","modified_gmt":"2023-05-22T11:23:25","slug":"cockpit","status":"publish","type":"page","link":"https:\/\/roboyo.global\/de\/cockpit\/","title":{"rendered":"Cockpit"},"content":{"rendered":"\r\n\r\n<section data-nav-transparent data-loaded data-nav-transparent class=\"hero-header-4 hero-header-4--default hero-header-4--left  hero-header-4--nav-overlap hero-header-4--fw\" data-block=\"appeal\/hero-4\">\r\n    <div class=\"hero-header-4__wrapper hero-header-4__wrapper--navy\">\r\n        <div class=\"hero-header-4__container\">\r\n                                                <div class=\"hero-header-4__image-wrapper\">\r\n                                                    \n    \n            <div class=\"hero-header-4__image hero-header-4__image--not-svg\" data-lazy=\"1\">\n            <img decoding=\"async\" src=\"https:\/\/roboyo.global\/app\/uploads\/2021\/06\/026-COCKPIT_NOLOOP-200521.gif\" alt=\"roboyo converge cockpit animation\" loading=\"eager\" fetchpriority=\"high\">\n        <\/div>\n                                                <\/div>\r\n                \r\n                        <div class=\"hero-header-4__content hero-header-4__content--\">\r\n                \r\n\r\n                                    <p class=\"hero-header-4__title default\">Plattform<\/p>\r\n                \r\n                                    <h1 class=\"hero-header-4__subtitle default\">Cockpit<\/h1>\r\n                \r\n                                    <p class=\"hero-header-4__description\">\u00dcberwachen &#038; Analysieren der Ergebnisse<\/p>\r\n                \r\n            <\/div>\r\n        <\/div>\r\n    <\/div>\r\n<\/section>\n\n\r\n\r\n<section  data-loaded class=\"horizontal-nav horizontal-nav--dark  async-load\">\r\n    <div class=\"horizontal-nav__container container--1644\">\r\n        <nav class=\"horizontal-nav__nav\">\r\n            <ul class=\"horizontal-nav__links\">\r\n                                                                                        <li class=\"horizontal-nav__link  horizontal-nav__link--mobile-default  js-hnav-default-mobile-link\">\r\n                                <a href=\"#\">Menu<\/a>\r\n                            <\/li>\r\n                                                <li class=\"horizontal-nav__link  js-hnav-link\" data-url-path=\"\/de\/roboyo-converge\/\">\r\n                                                        <a href=\"https:\/\/roboyo.global\/de\/roboyo-converge\/\">Converge<\/a>\r\n                            \r\n                                                    <\/li>\r\n                                                                                                        <li class=\"horizontal-nav__link  js-hnav-link\" data-url-path=\"\/de\/campaign\/\">\r\n                                                        <a href=\"https:\/\/roboyo.global\/de\/campaign\/\">Campaign<\/a>\r\n                            \r\n                                                    <\/li>\r\n                                                                                                        <li class=\"horizontal-nav__link  js-hnav-link\" data-url-path=\"\/de\/scout\/\">\r\n                                                        <a href=\"https:\/\/roboyo.global\/de\/scout\/\">Scout<\/a>\r\n                            \r\n                                                    <\/li>\r\n                                                                                                        <li class=\"horizontal-nav__link  js-hnav-link\" data-url-path=\"\/de\/pipeline\/\">\r\n                                                        <a href=\"https:\/\/roboyo.global\/de\/pipeline\/\">Pipeline<\/a>\r\n                            \r\n                                                    <\/li>\r\n                                                                                                        <li class=\"horizontal-nav__link  js-hnav-link\" data-url-path=\"\/de\/coach\/\">\r\n                                                        <a href=\"https:\/\/roboyo.global\/de\/coach\/\">Coach<\/a>\r\n                            \r\n                                                    <\/li>\r\n                                                                                                        <li class=\"horizontal-nav__link  js-hnav-link\" data-url-path=\"\/de\/cockpit\/\">\r\n                                                        <a href=\"https:\/\/roboyo.global\/de\/cockpit\/\">Cockpit<\/a>\r\n                            \r\n                                                    <\/li>\r\n                                                <\/ul>\r\n        <\/nav>\r\n    <\/div>\r\n<\/section>\n\n<div aria-hidden=\"true\" class=\"appeal-spacer appeal-spacer--69d17c1653106  appeal-spacer--transparent\">\r\n<style>\r\n\/* Ultrawide *\/\r\n.appeal-spacer--69d17c1653106 {\r\n    height: 155px;\r\n}\r\n\r\n\/* Desktop *\/\r\n@media (max-width: 1920px) {\r\n    .appeal-spacer--69d17c1653106 {\r\n        height: 155px;\r\n    }\r\n}\r\n\r\n\/* Laptop *\/\r\n@media (max-width: 1024px) {\r\n    .appeal-spacer--69d17c1653106 {\r\n        height: 70px;\r\n    }\r\n}\r\n\r\n\/* Mobile *\/\r\n@media (max-width: 767px) {\r\n    .appeal-spacer--69d17c1653106 {\r\n        height: 70px;\r\n    }\r\n}\r\n<\/style>\r\n<\/div>\r\n\n\n\n\n\n<section data-loaded class=\"tam tam--ltr tam--ltr-respect tam--light  tam--\" data-block=\"appeal\/text-and-inner-content\">\n  <div class=\"tam__container container--1543\">\n    <div class=\"tam__contain\">\n          <div class=\"tam__text container--default-desktop tam__text--top\">\n\n        \n                          \n        \n        \n\n                  \n          <h4 class=\"tam__title tam__title--smaller\">\n            Cockpit ist ein Board-f\u00e4higes BI-Tool, mit dem Sie den Wert Ihres Automatisierungs-\u00d6kosystems messen und dessen gesch\u00e4ftliche Auswirkungen verbessern k\u00f6nnen.          <\/h4>\n        \n        <div class=\"tam__content wysiwyg\">\n                  <\/div>\n\n                                          <\/div>\n      <div class=\"tam__block container--default-desktop  wysiwyg\">\n        \n\n<p style=\"font-size:22px\">Das Cockpit-Modul bietet leistungsstarke, gebrauchsfertige und benutzerdefinierte Berichte, damit Sie Ihre Automatisierungsreise mit einem evidenzbasierten und datengesteuerten Ansatz steuern k\u00f6nnen.<\/p>\n\n\n\n<p>Das hochgradig visuelle Dashboard stellt gesch\u00e4ftskritische Metriken \u00fcber Ihr gesamtes Automatisierungsportfolio in den Vordergrund, w\u00e4hrend es den Anwendern erlaubt, f\u00fcr eine genauere \u00dcberwachung bis zu den granularen Daten vorzudringen. Die unternehmensweite Sichtbarkeit von Prozessen in der Produktion erh\u00f6ht die Transparenz und schafft Vertrauen. Aktive \u00dcberwachung und Warnmeldungen, wenn die SLAs gef\u00e4hrdet sind, stellen sicher, dass die Qualit\u00e4tsleistungsziele eingehalten werden.<\/p>\n\n\n\n<p><strong><span class=\"has-inline-color has-blue-color\"><strong>Cockpit kann Echtzeit-Datenstr\u00f6me aus der gesamten Converge-Plattform einbinden, externe Datenquellen hinzuf\u00fcgen oder in Ihr Intranet integrieren.<\/strong><\/span><\/strong><\/p>\n\n\n\n<p>Cockpit geht weiter als die Nutzung von Daten f\u00fcr eine schnellere Fehlerdiagnose, eine bessere Wartung und einen stabileren Betrieb. Die Erkenntnisse liefern den Fahrplan, der ben\u00f6tigt wird, um \u00fcber die Prozessautomatisierung hinaus zur Unternehmenstransformation zu gelangen.<\/p>\n\n\n\n\n<a\n    class=\"link modal-button link link--primary link--internal\"\n    href=\"#demo_buchen\"     aria-label=\"Demo buchen\"    data-loaded\n>\n  <div>\n          <i><\/i>\n        <span>Demo buchen<\/span>\n      <\/div>\n<\/a>\n\n      <\/div>\n    <\/div>\n  <\/div>\n<\/section>\n\n<div aria-hidden=\"true\" class=\"appeal-spacer appeal-spacer--69d17c1659a78  appeal-spacer--transparent\">\r\n<style>\r\n\/* Ultrawide *\/\r\n.appeal-spacer--69d17c1659a78 {\r\n    height: 130px;\r\n}\r\n\r\n\/* Desktop *\/\r\n@media (max-width: 1920px) {\r\n    .appeal-spacer--69d17c1659a78 {\r\n        height: 130px;\r\n    }\r\n}\r\n\r\n\/* Laptop *\/\r\n@media (max-width: 1024px) {\r\n    .appeal-spacer--69d17c1659a78 {\r\n        height: 75px;\r\n    }\r\n}\r\n\r\n\/* Mobile *\/\r\n@media (max-width: 767px) {\r\n    .appeal-spacer--69d17c1659a78 {\r\n        height: 50px;\r\n    }\r\n}\r\n<\/style>\r\n<\/div>\r\n\n\n\n\n\n<section data-loaded class=\"tam tam--rtl tam--  tam--\" data-block=\"appeal\/text-and-inner-content\">\n  <div class=\"tam__container container--1543\">\n    <div class=\"tam__contain\">\n          <div class=\"tam__text container--default-desktop tam__text--center\">\n\n        \n                          \n        \n    \n            <div class=\"tam__image\" data-lazy >\n                            <img decoding=\"async\" loading=\"lazy\" data-lazy-placeholder src=\"https:\/\/roboyo.global\/app\/uploads\/2021\/06\/026-COCKPIT-LIGHT_NOLOOP-200521-1-150x150.gif\" alt=\"roboyo converge cockpit animation\">\n                                        <img loading=\"lazy\" data-lazy-full=\"https:\/\/roboyo.global\/app\/uploads\/2021\/06\/026-COCKPIT-LIGHT_NOLOOP-200521-1.gif\" alt=\"roboyo converge cockpit animation\">\n                    <\/div>\n    \n        \n\n        \n        <div class=\"tam__content wysiwyg\">\n          <p><strong>Hauptmerkmale<\/strong><\/p>\n<ul>\n<li>Vorgefertigte Berichtsvorlagen<\/li>\n<li>\u00dcberwachen Sie Wert und Return on Investment in Echtzeit<\/li>\n<li>Bewerten Sie die Automatisierungsleistung \u00fcber Ihr gesamtes Portfolio<\/li>\n<li>Exportieren von Daten in einer Reihe von Formaten<\/li>\n<li>Erstellen Sie Ihre eigenen benutzerdefinierten Berichte<\/li>\n<\/ul>\n        <\/div>\n\n                                          <\/div>\n      <div class=\"tam__block container--default-desktop  tam__block--center wysiwyg\">\n        \n\n\n<div  class=\"image js-image image--square image--small\">\n  <div class=\"image__container\">\n          <picture>\n                <img decoding=\"async\" src=\"https:\/\/roboyo.global\/app\/uploads\/2021\/06\/img-platform-cockpit-square.jpg\" alt=\"People drawing and collaborating\" class=\"image__image\" \/>\n      <\/picture>\n    \n    \n      <\/div>\n<\/div>\n\n      <\/div>\n    <\/div>\n  <\/div>\n<\/section>\n\n<div aria-hidden=\"true\" class=\"appeal-spacer appeal-spacer--69d17c165da47  appeal-spacer--transparent\">\r\n<style>\r\n\/* Ultrawide *\/\r\n.appeal-spacer--69d17c165da47 {\r\n    height: 100px;\r\n}\r\n\r\n\/* Desktop *\/\r\n@media (max-width: 1920px) {\r\n    .appeal-spacer--69d17c165da47 {\r\n        height: 100px;\r\n    }\r\n}\r\n\r\n\/* Laptop *\/\r\n@media (max-width: 1024px) {\r\n    .appeal-spacer--69d17c165da47 {\r\n        height: 50px;\r\n    }\r\n}\r\n\r\n\/* Mobile *\/\r\n@media (max-width: 767px) {\r\n    .appeal-spacer--69d17c165da47 {\r\n        height: 50px;\r\n    }\r\n}\r\n<\/style>\r\n<\/div>\r\n\n\n\r\n\r\n<section  data-loaded class=\"standalone\" data-block=\"appeal\/button\">\r\n    <div class=\"standalone__container container standalone__container--center\">\r\n        <div class=\"standalone__button\">\r\n                                                \n<a\n    class=\"standalone__link standalone__link-- modal-button link link--primary link--internal\"\n    href=\"#nehmen_sie_cockpit_mit_auf_eine_probefahrt\"     aria-label=\"Learn more about: Nehmen Sie Cockpit mit auf eine Probefahrt\"    data-loaded\n>\n  <div>\n          <i><\/i>\n        <span>Nehmen Sie Cockpit mit auf eine Probefahrt<\/span>\n      <\/div>\n<\/a>                                    <\/div>\r\n    <\/div>\r\n\r\n    \r\n    <\/section>","protected":false},"excerpt":{"rendered":"","protected":false},"author":1,"featured_media":35714,"parent":0,"menu_order":6,"comment_status":"closed","ping_status":"closed","template":"","meta":{"_acf_changed":false,"footnotes":""},"wf_page_folders":[],"class_list":["post-10305","page","type-page","status-publish","has-post-thumbnail","hentry"],"acf":[],"yoast_head":"<!-- This site is optimized with the Yoast SEO Premium plugin v26.0 (Yoast SEO v26.8) - https:\/\/yoast.com\/product\/yoast-seo-premium-wordpress\/ -->\n<title>Cockpit - Vostandsgerechtes Berichtswesen | Roboyo<\/title>\n<meta name=\"description\" content=\"Cockpit ist ein Board-f\u00e4higes Tool, mit dem Sie den Wert Ihres Automatisierungs\u00f6kosystems messen und seine Wirkung verbessern k\u00f6nnen.\" \/>\n<meta name=\"robots\" content=\"index, follow, max-snippet:-1, max-image-preview:large, max-video-preview:-1\" \/>\n<link rel=\"canonical\" href=\"https:\/\/roboyo.global\/de\/cockpit\/\" \/>\n<meta property=\"og:locale\" content=\"de_DE\" \/>\n<meta property=\"og:type\" content=\"article\" \/>\n<meta property=\"og:title\" content=\"Cockpit\" \/>\n<meta property=\"og:description\" content=\"Cockpit ist ein Board-f\u00e4higes Tool, mit dem Sie den Wert Ihres Automatisierungs\u00f6kosystems messen und seine Wirkung verbessern k\u00f6nnen.\" \/>\n<meta property=\"og:url\" content=\"https:\/\/roboyo.global\/de\/cockpit\/\" \/>\n<meta property=\"og:site_name\" content=\"Roboyo\" \/>\n<meta property=\"article:modified_time\" content=\"2023-05-22T11:23:25+00:00\" \/>\n<meta property=\"og:image\" content=\"https:\/\/roboyo.global\/app\/uploads\/2022\/07\/cockpit-schema-thumbnail-e1657024704420.png\" \/>\n\t<meta property=\"og:image:width\" content=\"2559\" \/>\n\t<meta property=\"og:image:height\" content=\"1439\" \/>\n\t<meta property=\"og:image:type\" content=\"image\/png\" \/>\n<meta name=\"twitter:card\" content=\"summary_large_image\" \/>\n<meta name=\"twitter:label1\" content=\"Est. reading time\" \/>\n\t<meta name=\"twitter:data1\" content=\"1 minute\" \/>\n<script type=\"application\/ld+json\" class=\"yoast-schema-graph\">{\"@context\":\"https:\/\/schema.org\",\"@graph\":[{\"@type\":\"WebPage\",\"@id\":\"https:\/\/roboyo.global\/de\/cockpit\/\",\"url\":\"https:\/\/roboyo.global\/de\/cockpit\/\",\"name\":\"Cockpit - Vostandsgerechtes Berichtswesen | Roboyo\",\"isPartOf\":{\"@id\":\"https:\/\/roboyo.global\/de\/#website\"},\"primaryImageOfPage\":{\"@id\":\"https:\/\/roboyo.global\/de\/cockpit\/#primaryimage\"},\"image\":{\"@id\":\"https:\/\/roboyo.global\/de\/cockpit\/#primaryimage\"},\"thumbnailUrl\":\"https:\/\/roboyo.global\/app\/uploads\/2022\/07\/cockpit-schema-thumbnail-e1657024704420.png\",\"datePublished\":\"2021-06-22T10:13:34+00:00\",\"dateModified\":\"2023-05-22T11:23:25+00:00\",\"description\":\"Cockpit ist ein Board-f\u00e4higes Tool, mit dem Sie den Wert Ihres Automatisierungs\u00f6kosystems messen und seine Wirkung verbessern k\u00f6nnen.\",\"breadcrumb\":{\"@id\":\"https:\/\/roboyo.global\/de\/cockpit\/#breadcrumb\"},\"inLanguage\":\"de-DE\",\"potentialAction\":[{\"@type\":\"ReadAction\",\"target\":[\"https:\/\/roboyo.global\/de\/cockpit\/\"]}]},{\"@type\":\"ImageObject\",\"inLanguage\":\"de-DE\",\"@id\":\"https:\/\/roboyo.global\/de\/cockpit\/#primaryimage\",\"url\":\"https:\/\/roboyo.global\/app\/uploads\/2022\/07\/cockpit-schema-thumbnail-e1657024704420.png\",\"contentUrl\":\"https:\/\/roboyo.global\/app\/uploads\/2022\/07\/cockpit-schema-thumbnail-e1657024704420.png\",\"width\":2559,\"height\":1439,\"caption\":\"cockpit schema thumbnail\"},{\"@type\":\"BreadcrumbList\",\"@id\":\"https:\/\/roboyo.global\/de\/cockpit\/#breadcrumb\",\"itemListElement\":[{\"@type\":\"ListItem\",\"position\":1,\"name\":\"Home\",\"item\":\"https:\/\/roboyo.global\/de\/\"},{\"@type\":\"ListItem\",\"position\":2,\"name\":\"Cockpit\"}]},{\"@type\":\"WebSite\",\"@id\":\"https:\/\/roboyo.global\/de\/#website\",\"url\":\"https:\/\/roboyo.global\/de\/\",\"name\":\"Roboyo - Your Agentic Automation & AI Partner of Choice\",\"description\":\"We take what\u2019s possible to the next level. Now.\",\"potentialAction\":[{\"@type\":\"SearchAction\",\"target\":{\"@type\":\"EntryPoint\",\"urlTemplate\":\"https:\/\/roboyo.global\/de\/?s={search_term_string}\"},\"query-input\":{\"@type\":\"PropertyValueSpecification\",\"valueRequired\":true,\"valueName\":\"search_term_string\"}}],\"inLanguage\":\"de-DE\"}]}<\/script>\n<!-- \/ Yoast SEO Premium plugin. -->","yoast_head_json":{"title":"Cockpit - Vostandsgerechtes Berichtswesen | Roboyo","description":"Cockpit ist ein Board-f\u00e4higes Tool, mit dem Sie den Wert Ihres Automatisierungs\u00f6kosystems messen und seine Wirkung verbessern k\u00f6nnen.","robots":{"index":"index","follow":"follow","max-snippet":"max-snippet:-1","max-image-preview":"max-image-preview:large","max-video-preview":"max-video-preview:-1"},"canonical":"https:\/\/roboyo.global\/de\/cockpit\/","og_locale":"de_DE","og_type":"article","og_title":"Cockpit","og_description":"Cockpit ist ein Board-f\u00e4higes Tool, mit dem Sie den Wert Ihres Automatisierungs\u00f6kosystems messen und seine Wirkung verbessern k\u00f6nnen.","og_url":"https:\/\/roboyo.global\/de\/cockpit\/","og_site_name":"Roboyo","article_modified_time":"2023-05-22T11:23:25+00:00","og_image":[{"width":2559,"height":1439,"url":"https:\/\/roboyo.global\/app\/uploads\/2022\/07\/cockpit-schema-thumbnail-e1657024704420.png","type":"image\/png"}],"twitter_card":"summary_large_image","twitter_misc":{"Est. reading time":"1 minute"},"schema":{"@context":"https:\/\/schema.org","@graph":[{"@type":"WebPage","@id":"https:\/\/roboyo.global\/de\/cockpit\/","url":"https:\/\/roboyo.global\/de\/cockpit\/","name":"Cockpit - Vostandsgerechtes Berichtswesen | Roboyo","isPartOf":{"@id":"https:\/\/roboyo.global\/de\/#website"},"primaryImageOfPage":{"@id":"https:\/\/roboyo.global\/de\/cockpit\/#primaryimage"},"image":{"@id":"https:\/\/roboyo.global\/de\/cockpit\/#primaryimage"},"thumbnailUrl":"https:\/\/roboyo.global\/app\/uploads\/2022\/07\/cockpit-schema-thumbnail-e1657024704420.png","datePublished":"2021-06-22T10:13:34+00:00","dateModified":"2023-05-22T11:23:25+00:00","description":"Cockpit ist ein Board-f\u00e4higes Tool, mit dem Sie den Wert Ihres Automatisierungs\u00f6kosystems messen und seine Wirkung verbessern k\u00f6nnen.","breadcrumb":{"@id":"https:\/\/roboyo.global\/de\/cockpit\/#breadcrumb"},"inLanguage":"de-DE","potentialAction":[{"@type":"ReadAction","target":["https:\/\/roboyo.global\/de\/cockpit\/"]}]},{"@type":"ImageObject","inLanguage":"de-DE","@id":"https:\/\/roboyo.global\/de\/cockpit\/#primaryimage","url":"https:\/\/roboyo.global\/app\/uploads\/2022\/07\/cockpit-schema-thumbnail-e1657024704420.png","contentUrl":"https:\/\/roboyo.global\/app\/uploads\/2022\/07\/cockpit-schema-thumbnail-e1657024704420.png","width":2559,"height":1439,"caption":"cockpit schema thumbnail"},{"@type":"BreadcrumbList","@id":"https:\/\/roboyo.global\/de\/cockpit\/#breadcrumb","itemListElement":[{"@type":"ListItem","position":1,"name":"Home","item":"https:\/\/roboyo.global\/de\/"},{"@type":"ListItem","position":2,"name":"Cockpit"}]},{"@type":"WebSite","@id":"https:\/\/roboyo.global\/de\/#website","url":"https:\/\/roboyo.global\/de\/","name":"Roboyo - Your Agentic Automation & AI Partner of Choice","description":"We take what\u2019s possible to the next level. Now.","potentialAction":[{"@type":"SearchAction","target":{"@type":"EntryPoint","urlTemplate":"https:\/\/roboyo.global\/de\/?s={search_term_string}"},"query-input":{"@type":"PropertyValueSpecification","valueRequired":true,"valueName":"search_term_string"}}],"inLanguage":"de-DE"}]}},"_links":{"self":[{"href":"https:\/\/roboyo.global\/de\/wp-json\/wp\/v2\/pages\/10305","targetHints":{"allow":["GET"]}}],"collection":[{"href":"https:\/\/roboyo.global\/de\/wp-json\/wp\/v2\/pages"}],"about":[{"href":"https:\/\/roboyo.global\/de\/wp-json\/wp\/v2\/types\/page"}],"author":[{"embeddable":true,"href":"https:\/\/roboyo.global\/de\/wp-json\/wp\/v2\/users\/1"}],"replies":[{"embeddable":true,"href":"https:\/\/roboyo.global\/de\/wp-json\/wp\/v2\/comments?post=10305"}],"version-history":[{"count":16,"href":"https:\/\/roboyo.global\/de\/wp-json\/wp\/v2\/pages\/10305\/revisions"}],"predecessor-version":[{"id":56765,"href":"https:\/\/roboyo.global\/de\/wp-json\/wp\/v2\/pages\/10305\/revisions\/56765"}],"wp:featuredmedia":[{"embeddable":true,"href":"https:\/\/roboyo.global\/de\/wp-json\/wp\/v2\/media\/35714"}],"wp:attachment":[{"href":"https:\/\/roboyo.global\/de\/wp-json\/wp\/v2\/media?parent=10305"}],"wp:term":[{"taxonomy":"wf_page_folders","embeddable":true,"href":"https:\/\/roboyo.global\/de\/wp-json\/wp\/v2\/wf_page_folders?post=10305"}],"curies":[{"name":"wp","href":"https:\/\/api.w.org\/{rel}","templated":true}]}}