{"id":10283,"date":"2021-06-22T10:50:15","date_gmt":"2021-06-22T09:50:15","guid":{"rendered":"https:\/\/roboyo.global\/?page_id=10283"},"modified":"2024-03-13T14:57:45","modified_gmt":"2024-03-13T14:57:45","slug":"group","status":"publish","type":"page","link":"https:\/\/roboyo.global\/de\/impressum\/","title":{"rendered":"Group"},"content":{"rendered":"\r\n\r\n<section  data-loaded data-nav-transparent class=\"hero-header-4 hero-header-4--default hero-header-4--left  hero-header-4--fw\" data-block=\"appeal\/hero-4\">\r\n    <div class=\"hero-header-4__wrapper hero-header-4__wrapper--white\">\r\n        <div class=\"hero-header-4__container\">\r\n                        <div class=\"hero-header-4__content hero-header-4__content--\">\r\n                \r\n\r\n                                    <h1 class=\"hero-header-4__title default\">Roboyo GmbH<\/h1>\r\n                \r\n                                    <h2 class=\"hero-header-4__subtitle default\">Group<\/h2>\r\n                \r\n                \r\n            <\/div>\r\n        <\/div>\r\n    <\/div>\r\n<\/section>\n\n\n<h6 class=\"wp-block-heading\" id=\"unternehmensinformationen\"><strong>Unternehmensinformationen<\/strong><\/h6>\n\n\n\n<p><strong>Roboyo Group Limited<\/strong><\/p>\n\n\n\n<p>Firmennummer: 12830317&nbsp;<\/p>\n\n\n\n<p><strong>Eingetragene Firmenadresse:<\/strong>&nbsp;<\/p>\n\n\n\n<p>Orion House,&nbsp;<\/p>\n\n\n\n<p>5 Upper St Martin&#8217;s Lane,&nbsp;<\/p>\n\n\n\n<p>London, Vereinigtes K\u00f6nigreich, WC2H 9EA&nbsp;<\/p>\n\n\n\n<p>Umsatzsteuer-Identifikationsnummer 360659387&nbsp;<\/p>\n\n\n\n<h6 class=\"wp-block-heading\" id=\"website-haftungsausschluss\"><strong>Website-Haftungsausschluss&nbsp;<\/strong><\/h6>\n\n\n\n<p>Die auf dieser Website enthaltenen Informationen dienen nur zu allgemeinen Informationszwecken. Die Informationen werden von ROBOYO GROUP LIMITED zur Verf\u00fcgung gestellt, und obwohl wir uns bem\u00fchen, die Informationen aktuell und korrekt zu halten, geben wir keine ausdr\u00fccklichen oder stillschweigenden Zusicherungen oder Gew\u00e4hrleistungen in Bezug auf die Vollst\u00e4ndigkeit, Genauigkeit, Zuverl\u00e4ssigkeit, Eignung oder Verf\u00fcgbarkeit in Bezug auf die Website oder die auf der Website enthaltenen Informationen, Produkte, Dienstleistungen oder zugeh\u00f6rigen Grafiken f\u00fcr irgendeinen Zweck. Jegliches Vertrauen, das Sie auf solche Informationen setzen, geschieht daher ausschlie\u00dflich auf Ihr eigenes Risiko.&nbsp;<\/p>\n\n\n\n<p>In keinem Fall haften wir f\u00fcr Verluste oder Sch\u00e4den, einschlie\u00dflich, aber nicht beschr\u00e4nkt auf indirekte oder Folgesch\u00e4den, oder Verluste oder Sch\u00e4den, die sich aus dem Verlust von Daten oder Gewinnen ergeben, die sich aus der Nutzung dieser Website ergeben oder damit in Zusammenhang stehen.&nbsp;<\/p>\n\n\n\n<p>\u00dcber diese Website k\u00f6nnen Sie sich mit anderen Websites verbinden, die nicht unter der Kontrolle der ROBOYO GROUP LIMITED stehen. Wir haben keine Kontrolle \u00fcber die Art, den Inhalt und die Verf\u00fcgbarkeit dieser Seiten. Die Aufnahme von Links bedeutet nicht notwendigerweise eine Empfehlung oder Bef\u00fcrwortung der auf diesen Seiten ge\u00e4u\u00dferten Ansichten.&nbsp;<\/p>\n\n\n\n<p>Es werden alle Anstrengungen unternommen, um den reibungslosen Betrieb der Website aufrechtzuerhalten. ROBOYO GROUP LIMITED \u00fcbernimmt jedoch keine Verantwortung f\u00fcr die vor\u00fcbergehende Nichtverf\u00fcgbarkeit der Website aufgrund von technischen Problemen, die au\u00dferhalb unserer Kontrolle liegen.&nbsp;<\/p>\n\n\n\n<h6 class=\"wp-block-heading\" id=\"website-bedingungen-und-konditionen\"><strong>Website Bedingungen und Konditionen&nbsp;&nbsp;<\/strong><\/h6>\n\n\n\n<p>Willkommen auf unserer Website. Wenn Sie auf dieser Website weitersurfen, erkl\u00e4ren Sie sich mit den folgenden Nutzungsbedingungen einverstanden, die zusammen mit unserer Datenschutzrichtlinie die Beziehung zwischen der ROBOYO GROUP LIMITED und Ihnen in Bezug auf diese Website regeln. Wenn Sie mit irgendeinem Teil dieser Bedingungen nicht einverstanden sind, benutzen Sie unsere Website bitte nicht.&nbsp;<\/p>\n\n\n\n<p>Der Begriff &#8220;ROBOYO GROUP LIMITED&#8221; oder &#8220;uns&#8221; oder &#8220;wir&#8221; bezieht sich auf den Eigent\u00fcmer der Website, dessen eingetragener Sitz Orion House, 5 Upper St Martin&#8217;s Lane, London, Vereinigtes K\u00f6nigreich, WC2H 9EA ist. Unsere Firmenregistrierungsnummer ist 12830317 und der Ort der Registrierung ist UK. Der Begriff &#8220;Sie&#8221; bezieht sich auf den Benutzer oder Betrachter unserer Website.&nbsp;<\/p>\n\n\n\n<p>Die Nutzung dieser Website unterliegt den folgenden Nutzungsbedingungen:&nbsp;<\/p>\n\n\n\n<ul class=\"wp-block-list\"><li>Der Inhalt der Seiten dieser Website dient nur zu Ihrer allgemeinen Information und Nutzung. Er kann ohne vorherige Ank\u00fcndigung ge\u00e4ndert werden.&nbsp;<\/li><li>Diese Website verwendet Cookies, um Ihre Browsing-Pr\u00e4ferenzen zu \u00fcberwachen.&nbsp;&nbsp;<\/li><li>Weder wir noch Dritte \u00fcbernehmen eine Garantie oder Gew\u00e4hrleistung f\u00fcr die Richtigkeit, Aktualit\u00e4t, Leistung, Vollst\u00e4ndigkeit oder Eignung der Informationen und Materialien, die auf dieser Website gefunden oder angeboten werden, f\u00fcr einen bestimmten Zweck. Sie erkennen an, dass solche Informationen und Materialien Ungenauigkeiten oder Fehler enthalten k\u00f6nnen, und wir schlie\u00dfen die Haftung f\u00fcr solche Ungenauigkeiten oder Fehler ausdr\u00fccklich aus, soweit dies gesetzlich zul\u00e4ssig ist.&nbsp;<\/li><li>Die Nutzung von Informationen oder Materialien auf dieser Website erfolgt ausschlie\u00dflich auf Ihr eigenes Risiko, f\u00fcr das wir nicht haften. Es liegt in Ihrer eigenen Verantwortung, sicherzustellen, dass alle Produkte, Dienstleistungen oder Informationen, die \u00fcber diese Website verf\u00fcgbar sind, Ihren spezifischen Anforderungen entsprechen.&nbsp;<\/li><\/ul>\n\n\n\n<ul class=\"wp-block-list\"><li>Diese Website enth\u00e4lt Material, das sich in unserem Eigentum befindet oder f\u00fcr das wir eine Lizenz besitzen. Dieses Material umfasst unter anderem das Design, Layout, Aussehen, Erscheinungsbild und die Grafiken. Die Vervielf\u00e4ltigung ist nur in \u00dcbereinstimmung mit dem Urheberrechtshinweis gestattet, der Teil dieser Bedingungen ist.&nbsp;<\/li><li>Alle auf dieser Website wiedergegebenen Warenzeichen, die nicht Eigentum des Betreibers sind oder f\u00fcr die er eine Lizenz besitzt, werden auf der Website angegeben.&nbsp;<\/li><li>Die unbefugte Nutzung dieser Website kann zu Schadensersatzanspr\u00fcchen f\u00fchren und\/oder eine Straftat darstellen.&nbsp;<\/li><li>Von Zeit zu Zeit kann diese Website auch Links zu anderen Websites enthalten. Diese Links werden zu Ihrer Bequemlichkeit bereitgestellt, um weitere Informationen zu liefern. Sie bedeuten nicht, dass wir die Website(s) guthei\u00dfen. Wir haben keine Verantwortung f\u00fcr den Inhalt der verlinkten Website(s).&nbsp;<\/li><li>Ihre Nutzung dieser Website und jegliche Streitigkeiten, die sich aus dieser Nutzung der Website ergeben, unterliegen den Gesetzen von England, Nordirland, Schottland und Wales.&nbsp;<\/li><\/ul>\n\n\n\n<h6 class=\"wp-block-heading\" id=\"uk-copyright-erklarung\"><strong>UK Copyright-Erkl\u00e4rung&nbsp;<\/strong><\/h6>\n\n\n\n<p>Diese Website und ihr Inhalt unterliegen dem Copyright von ROBOYO GROUP LIMITED &#8211; \u00a9 ROBOYO GROUP LIMITED 2021. Alle Rechte vorbehalten.&nbsp;<\/p>\n\n\n\n<p>Jegliche Weiterverbreitung oder Vervielf\u00e4ltigung eines Teils oder des gesamten Inhalts in jeglicher Form ist verboten, mit Ausnahme der folgenden:&nbsp;<\/p>\n\n\n\n<ul class=\"wp-block-list\"><li>Sie d\u00fcrfen den Inhalt auszugsweise f\u00fcr Ihren pers\u00f6nlichen und nicht-kommerziellen Gebrauch ausdrucken oder auf eine lokale Festplatte herunterladen&nbsp;<\/li><\/ul>\n\n\n\n<ul class=\"wp-block-list\"><li>Sie d\u00fcrfen den Inhalt an einzelne Dritte f\u00fcr deren pers\u00f6nlichen Gebrauch kopieren, aber nur, wenn Sie die Website als Quelle des Materials angeben&nbsp;<\/li><li>Sie d\u00fcrfen den Inhalt nicht, au\u00dfer mit unserer ausdr\u00fccklichen schriftlichen Genehmigung, verbreiten oder kommerziell verwerten. Sie d\u00fcrfen ihn auch nicht \u00fcbertragen oder in einer anderen Website oder einer anderen Form eines elektronischen Abrufsystems speichern.<\/li><\/ul>\n\n\n<div aria-hidden=\"true\" class=\"appeal-spacer appeal-spacer--69f8a914b3113  appeal-spacer--transparent\">\r\n<style>\r\n\/* Ultrawide *\/\r\n.appeal-spacer--69f8a914b3113 {\r\n    height: 100px;\r\n}\r\n\r\n\/* Desktop *\/\r\n@media (max-width: 1920px) {\r\n    .appeal-spacer--69f8a914b3113 {\r\n        height: 100px;\r\n    }\r\n}\r\n\r\n\/* Laptop *\/\r\n@media (max-width: 1024px) {\r\n    .appeal-spacer--69f8a914b3113 {\r\n        height: 50px;\r\n    }\r\n}\r\n\r\n\/* Mobile *\/\r\n@media (max-width: 767px) {\r\n    .appeal-spacer--69f8a914b3113 {\r\n        height: 30px;\r\n    }\r\n}\r\n<\/style>\r\n<\/div>\r\n","protected":false},"excerpt":{"rendered":"<p>Unternehmensinformationen Roboyo Group Limited Firmennummer: 12830317&nbsp; Eingetragene Firmenadresse:&nbsp; Orion House,&nbsp; 5 Upper St Martin&#8217;s Lane,&nbsp; London, Vereinigtes K\u00f6nigreich, WC2H 9EA&nbsp; Umsatzsteuer-Identifikationsnummer 360659387&nbsp; Website-Haftungsausschluss&nbsp; Die auf dieser Website enthaltenen Informationen dienen nur zu allgemeinen Informationszwecken. Die Informationen werden von ROBOYO GROUP LIMITED zur Verf\u00fcgung gestellt, und obwohl wir uns bem\u00fchen, die Informationen aktuell und korrekt zu<\/p>\n","protected":false},"author":1,"featured_media":64384,"parent":0,"menu_order":0,"comment_status":"closed","ping_status":"closed","template":"","meta":{"_acf_changed":false,"footnotes":""},"wf_page_folders":[],"class_list":["post-10283","page","type-page","status-publish","has-post-thumbnail","hentry"],"acf":[],"yoast_head":"<!-- This site is optimized with the Yoast SEO Premium plugin v26.0 (Yoast SEO v26.8) - https:\/\/yoast.com\/product\/yoast-seo-premium-wordpress\/ -->\n<title>Alles \u00fcber die Roboyo Gruppe | Roboyo<\/title>\n<meta name=\"description\" content=\"Die auf dieser Website enthaltenen Informationen dienen ausschlie\u00dflich zu allgemeinen Informationszwecken.\" \/>\n<meta name=\"robots\" content=\"index, follow, max-snippet:-1, max-image-preview:large, max-video-preview:-1\" \/>\n<link rel=\"canonical\" href=\"https:\/\/roboyo.global\/de\/impressum\/\" \/>\n<meta property=\"og:locale\" content=\"de_DE\" \/>\n<meta property=\"og:type\" content=\"article\" \/>\n<meta property=\"og:title\" content=\"Group\" \/>\n<meta property=\"og:description\" content=\"Die auf dieser Website enthaltenen Informationen dienen ausschlie\u00dflich zu allgemeinen Informationszwecken.\" \/>\n<meta property=\"og:url\" content=\"https:\/\/roboyo.global\/de\/impressum\/\" \/>\n<meta property=\"og:site_name\" content=\"Roboyo\" \/>\n<meta property=\"article:modified_time\" content=\"2024-03-13T14:57:45+00:00\" \/>\n<meta property=\"og:image\" content=\"https:\/\/roboyo.global\/app\/uploads\/2023\/08\/Roboyo-Logo-Tag-Blue-RGB-resized-for-Teams.webp\" \/>\n\t<meta property=\"og:image:width\" content=\"400\" \/>\n\t<meta property=\"og:image:height\" content=\"148\" \/>\n\t<meta property=\"og:image:type\" content=\"image\/webp\" \/>\n<meta name=\"twitter:card\" content=\"summary_large_image\" \/>\n<meta name=\"twitter:label1\" content=\"Est. reading time\" \/>\n\t<meta name=\"twitter:data1\" content=\"4 minutes\" \/>\n<script type=\"application\/ld+json\" class=\"yoast-schema-graph\">{\"@context\":\"https:\/\/schema.org\",\"@graph\":[{\"@type\":\"WebPage\",\"@id\":\"https:\/\/roboyo.global\/de\/impressum\/\",\"url\":\"https:\/\/roboyo.global\/de\/impressum\/\",\"name\":\"Alles \u00fcber die Roboyo Gruppe | Roboyo\",\"isPartOf\":{\"@id\":\"https:\/\/roboyo.global\/de\/#website\"},\"primaryImageOfPage\":{\"@id\":\"https:\/\/roboyo.global\/de\/impressum\/#primaryimage\"},\"image\":{\"@id\":\"https:\/\/roboyo.global\/de\/impressum\/#primaryimage\"},\"thumbnailUrl\":\"https:\/\/roboyo.global\/app\/uploads\/2023\/08\/Roboyo-Logo-Tag-Blue-RGB-resized-for-Teams.webp\",\"datePublished\":\"2021-06-22T09:50:15+00:00\",\"dateModified\":\"2024-03-13T14:57:45+00:00\",\"description\":\"Die auf dieser Website enthaltenen Informationen dienen ausschlie\u00dflich zu allgemeinen Informationszwecken.\",\"breadcrumb\":{\"@id\":\"https:\/\/roboyo.global\/de\/impressum\/#breadcrumb\"},\"inLanguage\":\"de-DE\",\"potentialAction\":[{\"@type\":\"ReadAction\",\"target\":[\"https:\/\/roboyo.global\/de\/impressum\/\"]}]},{\"@type\":\"ImageObject\",\"inLanguage\":\"de-DE\",\"@id\":\"https:\/\/roboyo.global\/de\/impressum\/#primaryimage\",\"url\":\"https:\/\/roboyo.global\/app\/uploads\/2023\/08\/Roboyo-Logo-Tag-Blue-RGB-resized-for-Teams.webp\",\"contentUrl\":\"https:\/\/roboyo.global\/app\/uploads\/2023\/08\/Roboyo-Logo-Tag-Blue-RGB-resized-for-Teams.webp\",\"width\":400,\"height\":148,\"caption\":\"Roboyo logo\"},{\"@type\":\"BreadcrumbList\",\"@id\":\"https:\/\/roboyo.global\/de\/impressum\/#breadcrumb\",\"itemListElement\":[{\"@type\":\"ListItem\",\"position\":1,\"name\":\"Home\",\"item\":\"https:\/\/roboyo.global\/de\/\"},{\"@type\":\"ListItem\",\"position\":2,\"name\":\"Group\"}]},{\"@type\":\"WebSite\",\"@id\":\"https:\/\/roboyo.global\/de\/#website\",\"url\":\"https:\/\/roboyo.global\/de\/\",\"name\":\"Roboyo - Your Agentic Automation & AI Partner of Choice\",\"description\":\"We take what\u2019s possible to the next level. Now.\",\"potentialAction\":[{\"@type\":\"SearchAction\",\"target\":{\"@type\":\"EntryPoint\",\"urlTemplate\":\"https:\/\/roboyo.global\/de\/?s={search_term_string}\"},\"query-input\":{\"@type\":\"PropertyValueSpecification\",\"valueRequired\":true,\"valueName\":\"search_term_string\"}}],\"inLanguage\":\"de-DE\"}]}<\/script>\n<!-- \/ Yoast SEO Premium plugin. -->","yoast_head_json":{"title":"Alles \u00fcber die Roboyo Gruppe | Roboyo","description":"Die auf dieser Website enthaltenen Informationen dienen ausschlie\u00dflich zu allgemeinen Informationszwecken.","robots":{"index":"index","follow":"follow","max-snippet":"max-snippet:-1","max-image-preview":"max-image-preview:large","max-video-preview":"max-video-preview:-1"},"canonical":"https:\/\/roboyo.global\/de\/impressum\/","og_locale":"de_DE","og_type":"article","og_title":"Group","og_description":"Die auf dieser Website enthaltenen Informationen dienen ausschlie\u00dflich zu allgemeinen Informationszwecken.","og_url":"https:\/\/roboyo.global\/de\/impressum\/","og_site_name":"Roboyo","article_modified_time":"2024-03-13T14:57:45+00:00","og_image":[{"width":400,"height":148,"url":"https:\/\/roboyo.global\/app\/uploads\/2023\/08\/Roboyo-Logo-Tag-Blue-RGB-resized-for-Teams.webp","type":"image\/webp"}],"twitter_card":"summary_large_image","twitter_misc":{"Est. reading time":"4 minutes"},"schema":{"@context":"https:\/\/schema.org","@graph":[{"@type":"WebPage","@id":"https:\/\/roboyo.global\/de\/impressum\/","url":"https:\/\/roboyo.global\/de\/impressum\/","name":"Alles \u00fcber die Roboyo Gruppe | Roboyo","isPartOf":{"@id":"https:\/\/roboyo.global\/de\/#website"},"primaryImageOfPage":{"@id":"https:\/\/roboyo.global\/de\/impressum\/#primaryimage"},"image":{"@id":"https:\/\/roboyo.global\/de\/impressum\/#primaryimage"},"thumbnailUrl":"https:\/\/roboyo.global\/app\/uploads\/2023\/08\/Roboyo-Logo-Tag-Blue-RGB-resized-for-Teams.webp","datePublished":"2021-06-22T09:50:15+00:00","dateModified":"2024-03-13T14:57:45+00:00","description":"Die auf dieser Website enthaltenen Informationen dienen ausschlie\u00dflich zu allgemeinen Informationszwecken.","breadcrumb":{"@id":"https:\/\/roboyo.global\/de\/impressum\/#breadcrumb"},"inLanguage":"de-DE","potentialAction":[{"@type":"ReadAction","target":["https:\/\/roboyo.global\/de\/impressum\/"]}]},{"@type":"ImageObject","inLanguage":"de-DE","@id":"https:\/\/roboyo.global\/de\/impressum\/#primaryimage","url":"https:\/\/roboyo.global\/app\/uploads\/2023\/08\/Roboyo-Logo-Tag-Blue-RGB-resized-for-Teams.webp","contentUrl":"https:\/\/roboyo.global\/app\/uploads\/2023\/08\/Roboyo-Logo-Tag-Blue-RGB-resized-for-Teams.webp","width":400,"height":148,"caption":"Roboyo logo"},{"@type":"BreadcrumbList","@id":"https:\/\/roboyo.global\/de\/impressum\/#breadcrumb","itemListElement":[{"@type":"ListItem","position":1,"name":"Home","item":"https:\/\/roboyo.global\/de\/"},{"@type":"ListItem","position":2,"name":"Group"}]},{"@type":"WebSite","@id":"https:\/\/roboyo.global\/de\/#website","url":"https:\/\/roboyo.global\/de\/","name":"Roboyo - Your Agentic Automation & AI Partner of Choice","description":"We take what\u2019s possible to the next level. Now.","potentialAction":[{"@type":"SearchAction","target":{"@type":"EntryPoint","urlTemplate":"https:\/\/roboyo.global\/de\/?s={search_term_string}"},"query-input":{"@type":"PropertyValueSpecification","valueRequired":true,"valueName":"search_term_string"}}],"inLanguage":"de-DE"}]}},"_links":{"self":[{"href":"https:\/\/roboyo.global\/de\/wp-json\/wp\/v2\/pages\/10283","targetHints":{"allow":["GET"]}}],"collection":[{"href":"https:\/\/roboyo.global\/de\/wp-json\/wp\/v2\/pages"}],"about":[{"href":"https:\/\/roboyo.global\/de\/wp-json\/wp\/v2\/types\/page"}],"author":[{"embeddable":true,"href":"https:\/\/roboyo.global\/de\/wp-json\/wp\/v2\/users\/1"}],"replies":[{"embeddable":true,"href":"https:\/\/roboyo.global\/de\/wp-json\/wp\/v2\/comments?post=10283"}],"version-history":[{"count":14,"href":"https:\/\/roboyo.global\/de\/wp-json\/wp\/v2\/pages\/10283\/revisions"}],"predecessor-version":[{"id":36236,"href":"https:\/\/roboyo.global\/de\/wp-json\/wp\/v2\/pages\/10283\/revisions\/36236"}],"wp:featuredmedia":[{"embeddable":true,"href":"https:\/\/roboyo.global\/de\/wp-json\/wp\/v2\/media\/64384"}],"wp:attachment":[{"href":"https:\/\/roboyo.global\/de\/wp-json\/wp\/v2\/media?parent=10283"}],"wp:term":[{"taxonomy":"wf_page_folders","embeddable":true,"href":"https:\/\/roboyo.global\/de\/wp-json\/wp\/v2\/wf_page_folders?post=10283"}],"curies":[{"name":"wp","href":"https:\/\/api.w.org\/{rel}","templated":true}]}}