{"id":10282,"date":"2021-06-22T10:51:34","date_gmt":"2021-06-22T09:51:34","guid":{"rendered":"https:\/\/roboyo.global\/?page_id=10282"},"modified":"2023-05-22T12:22:05","modified_gmt":"2023-05-22T11:22:05","slug":"campaign","status":"publish","type":"page","link":"https:\/\/roboyo.global\/de\/campaign\/","title":{"rendered":"Campaign"},"content":{"rendered":"\r\n\r\n<section data-nav-transparent data-loaded data-nav-transparent class=\"hero-header-4 hero-header-4--default hero-header-4--left  hero-header-4--nav-overlap hero-header-4--fw\" data-block=\"appeal\/hero-4\">\r\n    <div class=\"hero-header-4__wrapper hero-header-4__wrapper--navy\">\r\n        <div class=\"hero-header-4__container\">\r\n                                                <div class=\"hero-header-4__image-wrapper\">\r\n                                                    \n    \n            <div class=\"hero-header-4__image hero-header-4__image--not-svg\" data-lazy=\"1\">\n            <img decoding=\"async\" src=\"https:\/\/roboyo.global\/app\/uploads\/2021\/06\/024-CAMPAIGN-NOLOOP-200521.gif\" alt=\"Campaign\" loading=\"eager\" fetchpriority=\"high\">\n        <\/div>\n                                                <\/div>\r\n                \r\n                        <div class=\"hero-header-4__content hero-header-4__content--\">\r\n                \r\n\r\n                                    <p class=\"hero-header-4__title default\">Plattform<\/p>\r\n                \r\n                                    <h1 class=\"hero-header-4__subtitle default\">Campaign<\/h1>\r\n                \r\n                                    <p class=\"hero-header-4__description\">Automatisierung evangelisieren &#038; demokratisieren<\/p>\r\n                \r\n            <\/div>\r\n        <\/div>\r\n    <\/div>\r\n<\/section>\n\n\r\n\r\n<section  data-loaded class=\"horizontal-nav horizontal-nav--dark  async-load\">\r\n    <div class=\"horizontal-nav__container container--1644\">\r\n        <nav class=\"horizontal-nav__nav\">\r\n            <ul class=\"horizontal-nav__links\">\r\n                                                                                        <li class=\"horizontal-nav__link  horizontal-nav__link--mobile-default  js-hnav-default-mobile-link\">\r\n                                <a href=\"#\">Menu<\/a>\r\n                            <\/li>\r\n                                                <li class=\"horizontal-nav__link  js-hnav-link\" data-url-path=\"\/de\/roboyo-converge\/\">\r\n                                                        <a href=\"https:\/\/roboyo.global\/de\/roboyo-converge\/\">Converge<\/a>\r\n                            \r\n                                                    <\/li>\r\n                                                                                                        <li class=\"horizontal-nav__link  js-hnav-link\" data-url-path=\"\/de\/campaign\/\">\r\n                                                        <a href=\"https:\/\/roboyo.global\/de\/campaign\/\">Campaign<\/a>\r\n                            \r\n                                                    <\/li>\r\n                                                                                                        <li class=\"horizontal-nav__link  js-hnav-link\" data-url-path=\"\/de\/scout\/\">\r\n                                                        <a href=\"https:\/\/roboyo.global\/de\/scout\/\">Scout<\/a>\r\n                            \r\n                                                    <\/li>\r\n                                                                                                        <li class=\"horizontal-nav__link  js-hnav-link\" data-url-path=\"\/de\/pipeline\/\">\r\n                                                        <a href=\"https:\/\/roboyo.global\/de\/pipeline\/\">Pipeline<\/a>\r\n                            \r\n                                                    <\/li>\r\n                                                                                                        <li class=\"horizontal-nav__link  js-hnav-link\" data-url-path=\"\/de\/coach\/\">\r\n                                                        <a href=\"https:\/\/roboyo.global\/de\/coach\/\">Coach<\/a>\r\n                            \r\n                                                    <\/li>\r\n                                                                                                        <li class=\"horizontal-nav__link  js-hnav-link\" data-url-path=\"\/de\/cockpit\/\">\r\n                                                        <a href=\"https:\/\/roboyo.global\/de\/cockpit\/\">cockpit<\/a>\r\n                            \r\n                                                    <\/li>\r\n                                                <\/ul>\r\n        <\/nav>\r\n    <\/div>\r\n<\/section>\n\n<div aria-hidden=\"true\" class=\"appeal-spacer appeal-spacer--69e8e4d7d7500  appeal-spacer--transparent\">\r\n<style>\r\n\/* Ultrawide *\/\r\n.appeal-spacer--69e8e4d7d7500 {\r\n    height: 130px;\r\n}\r\n\r\n\/* Desktop *\/\r\n@media (max-width: 1920px) {\r\n    .appeal-spacer--69e8e4d7d7500 {\r\n        height: 130px;\r\n    }\r\n}\r\n\r\n\/* Laptop *\/\r\n@media (max-width: 1024px) {\r\n    .appeal-spacer--69e8e4d7d7500 {\r\n        height: 50px;\r\n    }\r\n}\r\n\r\n\/* Mobile *\/\r\n@media (max-width: 767px) {\r\n    .appeal-spacer--69e8e4d7d7500 {\r\n        height: 50px;\r\n    }\r\n}\r\n<\/style>\r\n<\/div>\r\n\n\n\n\n\n<section data-loaded class=\"tam tam--ltr tam--ltr-respect tam--light  tam--\" data-block=\"appeal\/text-and-inner-content\">\n  <div class=\"tam__container container--1543\">\n    <div class=\"tam__contain\">\n          <div class=\"tam__text container--default-desktop tam__text--top\">\n\n        \n                          \n        \n        \n\n                  \n          <h4 class=\"tam__title tam__title--smaller\">\n            Campaign nutzt die Kraft Ihrer Mitarbeiter, um die wertvollsten Automatisierungsm\u00f6glichkeiten aus dem gesamten Unternehmen zu ermitteln.          <\/h4>\n        \n        <div class=\"tam__content wysiwyg\">\n                  <\/div>\n\n                                          <\/div>\n      <div class=\"tam__block container--default-desktop  wysiwyg\">\n        \n\n<p style=\"font-size:22px\">\u00dcber ein intuitives Dashboard generiert Campaign Frageb\u00f6gen, versendet E-Mails und erstellt Landing Pages, die Gesch\u00e4ftsanwender dazu einladen, die Prozesse hervorzuheben, die die meisten Schmerzen verursachen und die das meiste Potenzial bieten.<br><\/p>\n\n\n\n<p>Ausgehend von diesen Leads erm\u00f6glicht Campaign den Prozess-Experten (SME\u2019s), gemeinsam mit Ihrem Center of Excellence (CoE) an einer detaillierteren Bewertung der Automatisierungsideen zu arbeiten. Die besten Ideen werden dann nahtlos in das Scout-Modul \u00fcberf\u00fchrt.&nbsp;<\/p>\n\n\n\n<p><strong>Durch die Anwendung eines umfassenden Ansatzes reicht Campaign weit in Ihr Unternehmen hinein, um eine gr\u00f6\u00dfere Palette an Automatisierungsm\u00f6glichkeiten aufzudecken.&nbsp;<\/strong><\/p>\n\n\n\n<p>Au\u00dferdem wird dadurch vom ersten Tag an ein Engagement eingeplant. Indem Campaign die Mitarbeiter bef\u00e4higt, die Zukunft der Arbeit zu gestalten, anstatt von ihr gestaltet zu werden, schafft Campaign eher Bef\u00fcrworter als Gegner des Wandels.<\/p>\n\n\n\n<p>Durch die Konzeption einer hybriden human+ digitalen Belegschaft in Zusammenarbeit mit Ihrer menschlichen Belegschaft erm\u00f6glicht Campaign Ihnen, auf einem Fundament aufzubauen, das die Akzeptanz, Wirkung und Dauerhaftigkeit Ihrer Automatisierungsprogramme maximiert.<\/p>\n\n\n\n\n<a\n    class=\"link modal-button link link--primary link--internal\"\n    href=\"#demo_buchen\"     aria-label=\"Demo buchen\"    data-loaded\n>\n  <div>\n          <i><\/i>\n        <span>Demo buchen<\/span>\n      <\/div>\n<\/a>\n\n      <\/div>\n    <\/div>\n  <\/div>\n<\/section>\n\n<div aria-hidden=\"true\" class=\"appeal-spacer appeal-spacer--69e8e4d7dd982  appeal-spacer--transparent\">\r\n<style>\r\n\/* Ultrawide *\/\r\n.appeal-spacer--69e8e4d7dd982 {\r\n    height: 130px;\r\n}\r\n\r\n\/* Desktop *\/\r\n@media (max-width: 1920px) {\r\n    .appeal-spacer--69e8e4d7dd982 {\r\n        height: 130px;\r\n    }\r\n}\r\n\r\n\/* Laptop *\/\r\n@media (max-width: 1024px) {\r\n    .appeal-spacer--69e8e4d7dd982 {\r\n        height: 70px;\r\n    }\r\n}\r\n\r\n\/* Mobile *\/\r\n@media (max-width: 767px) {\r\n    .appeal-spacer--69e8e4d7dd982 {\r\n        height: 70px;\r\n    }\r\n}\r\n<\/style>\r\n<\/div>\r\n\n\n\r\n\r\n\r\n<section class=\"standout-text \" data-block=\"appeal\/standout-text\">\r\n  <div class=\"standout-text__container container--small\">\r\n    <div class=\"standout-text__content\">\r\n              <h2 class=\"standout-text__title standout-text__title-- standout-text__title--bold standout-text__title--\">Schaffung von Nachfrage: Ein proaktiver Kommunikations- und Interessenvertretungsplan ist der Schl\u00fcssel zu Skalierung und Erfolg<\/h2>\r\n          <\/div>\r\n  <\/div>\r\n<\/section>\n\n<div aria-hidden=\"true\" class=\"appeal-spacer appeal-spacer--69e8e4d7dea34  appeal-spacer--transparent\">\r\n<style>\r\n\/* Ultrawide *\/\r\n.appeal-spacer--69e8e4d7dea34 {\r\n    height: 130px;\r\n}\r\n\r\n\/* Desktop *\/\r\n@media (max-width: 1920px) {\r\n    .appeal-spacer--69e8e4d7dea34 {\r\n        height: 130px;\r\n    }\r\n}\r\n\r\n\/* Laptop *\/\r\n@media (max-width: 1024px) {\r\n    .appeal-spacer--69e8e4d7dea34 {\r\n        height: 25px;\r\n    }\r\n}\r\n\r\n\/* Mobile *\/\r\n@media (max-width: 767px) {\r\n    .appeal-spacer--69e8e4d7dea34 {\r\n        height: 25px;\r\n    }\r\n}\r\n<\/style>\r\n<\/div>\r\n\n\n\n\n\n<section data-loaded class=\"tam tam--rtl tam--light  tam--\" data-block=\"appeal\/text-and-inner-content\">\n  <div class=\"tam__container container--1543\">\n    <div class=\"tam__contain\">\n          <div class=\"tam__text container--default-desktop tam__text--center\">\n\n                  <div class=\"tam__number\">\n            <span>01<\/span>\n          <\/div>\n        \n                          \n        \n        \n\n        \n        <div class=\"tam__content wysiwyg\">\n          <h4>Erstellen Sie die Kampagne und laden Sie das Unternehmen ein<\/h4>\n<p>Erstellen Sie Kampagnen und Frageb\u00f6gen in einem intuitiven Dashboard und versenden Sie E-Mails oder stellen Sie eine Landing Page bereit, um Ideen von Ihren Gesch\u00e4ftsanwendern zu erfassen<\/p>\n        <\/div>\n\n                                          <\/div>\n      <div class=\"tam__block container--default-desktop  tam__block--center wysiwyg\">\n        \n\n\n<div  class=\"image js-image image--original image--small\">\n  <div class=\"image__container\">\n          <picture>\n                <img decoding=\"async\" src=\"https:\/\/roboyo.global\/app\/uploads\/2021\/06\/Campaign_create.png\" alt=\"Roboyo Converge Campaign module\" class=\"image__image\" \/>\n      <\/picture>\n    \n    \n      <\/div>\n<\/div>\n\n      <\/div>\n    <\/div>\n  <\/div>\n<\/section>\n\n<div aria-hidden=\"true\" class=\"appeal-spacer appeal-spacer--69e8e4d7e1913  appeal-spacer--transparent\">\r\n<style>\r\n\/* Ultrawide *\/\r\n.appeal-spacer--69e8e4d7e1913 {\r\n    height: 0px;\r\n}\r\n\r\n\/* Desktop *\/\r\n@media (max-width: 1920px) {\r\n    .appeal-spacer--69e8e4d7e1913 {\r\n        height: 0px;\r\n    }\r\n}\r\n\r\n\/* Laptop *\/\r\n@media (max-width: 1024px) {\r\n    .appeal-spacer--69e8e4d7e1913 {\r\n        height: 25px;\r\n    }\r\n}\r\n\r\n\/* Mobile *\/\r\n@media (max-width: 767px) {\r\n    .appeal-spacer--69e8e4d7e1913 {\r\n        height: 25px;\r\n    }\r\n}\r\n<\/style>\r\n<\/div>\r\n\n\n\n\n\n<section data-loaded class=\"tam tam--ltr tam--light  tam--\" data-block=\"appeal\/text-and-inner-content\">\n  <div class=\"tam__container container--1543\">\n    <div class=\"tam__contain\">\n          <div class=\"tam__text container--default-desktop tam__text--center\">\n\n                  <div class=\"tam__number\">\n            <span>02<\/span>\n          <\/div>\n        \n                          \n        \n        \n\n        \n        <div class=\"tam__content wysiwyg\">\n          <h4>Validieren &#038; freigeben<\/h4>\n<p>Bewerten Sie die Qualit\u00e4t Ihres Kampagnen-Feedbacks. Kl\u00e4ren und setzen Sie den Status von Antworten, um den Kampagnenprozess effizient und transparent f\u00fcr Ihre Mitarbeiter zu halten<\/p>\n        <\/div>\n\n                                          <\/div>\n      <div class=\"tam__block container--default-desktop  tam__block--center wysiwyg\">\n        \n\n\n<div  class=\"image js-image image--original image--small\">\n  <div class=\"image__container\">\n          <picture>\n                <img decoding=\"async\" src=\"https:\/\/roboyo.global\/app\/uploads\/2021\/06\/campaign-validate.png\" alt=\"Roboyo converge campaign validation\" class=\"image__image\" \/>\n      <\/picture>\n    \n    \n      <\/div>\n<\/div>\n\n      <\/div>\n    <\/div>\n  <\/div>\n<\/section>\n\n<div aria-hidden=\"true\" class=\"appeal-spacer appeal-spacer--69e8e4d7e3d99  appeal-spacer--transparent\">\r\n<style>\r\n\/* Ultrawide *\/\r\n.appeal-spacer--69e8e4d7e3d99 {\r\n    height: 0px;\r\n}\r\n\r\n\/* Desktop *\/\r\n@media (max-width: 1920px) {\r\n    .appeal-spacer--69e8e4d7e3d99 {\r\n        height: 0px;\r\n    }\r\n}\r\n\r\n\/* Laptop *\/\r\n@media (max-width: 1024px) {\r\n    .appeal-spacer--69e8e4d7e3d99 {\r\n        height: 25px;\r\n    }\r\n}\r\n\r\n\/* Mobile *\/\r\n@media (max-width: 767px) {\r\n    .appeal-spacer--69e8e4d7e3d99 {\r\n        height: 25px;\r\n    }\r\n}\r\n<\/style>\r\n<\/div>\r\n\n\n\n\n\n<section data-loaded class=\"tam tam--rtl tam--light  tam--\" data-block=\"appeal\/text-and-inner-content\">\n  <div class=\"tam__container container--1543\">\n    <div class=\"tam__contain\">\n          <div class=\"tam__text container--default-desktop tam__text--center\">\n\n                  <div class=\"tam__number\">\n            <span>03<\/span>\n          <\/div>\n        \n                          \n        \n        \n\n        \n        <div class=\"tam__content wysiwyg\">\n          <h4>Gemeinsam an der Ideenbewertung arbeiten<\/h4>\n<p>Sobald eine Automatisierungsidee genehmigt ist, arbeiten die Fachanwender mit dem CoE f\u00fcr eine detailliertere Prozessbewertung mit einer nahtlosen Migration zu Scout zusammen<\/p>\n        <\/div>\n\n                                          <\/div>\n      <div class=\"tam__block container--default-desktop  tam__block--center wysiwyg\">\n        \n\n\n<div  class=\"image js-image image--original image--small\">\n  <div class=\"image__container\">\n          <picture>\n                <img decoding=\"async\" src=\"https:\/\/roboyo.global\/app\/uploads\/2021\/06\/create-collaborate.png\" alt=\"roboyo converge campaign collaboration\" class=\"image__image\" \/>\n      <\/picture>\n    \n    \n      <\/div>\n<\/div>\n\n      <\/div>\n    <\/div>\n  <\/div>\n<\/section>\n\n<div aria-hidden=\"true\" class=\"appeal-spacer appeal-spacer--69e8e4d7e624d  appeal-spacer--transparent\">\r\n<style>\r\n\/* Ultrawide *\/\r\n.appeal-spacer--69e8e4d7e624d {\r\n    height: 0px;\r\n}\r\n\r\n\/* Desktop *\/\r\n@media (max-width: 1920px) {\r\n    .appeal-spacer--69e8e4d7e624d {\r\n        height: 0px;\r\n    }\r\n}\r\n\r\n\/* Laptop *\/\r\n@media (max-width: 1024px) {\r\n    .appeal-spacer--69e8e4d7e624d {\r\n        height: 25px;\r\n    }\r\n}\r\n\r\n\/* Mobile *\/\r\n@media (max-width: 767px) {\r\n    .appeal-spacer--69e8e4d7e624d {\r\n        height: 25px;\r\n    }\r\n}\r\n<\/style>\r\n<\/div>\r\n\n\n\n\n\n<section data-loaded class=\"tam tam--ltr tam--light  tam--\" data-block=\"appeal\/text-and-inner-content\">\n  <div class=\"tam__container container--1543\">\n    <div class=\"tam__contain\">\n          <div class=\"tam__text container--default-desktop tam__text--center\">\n\n        \n                          \n        \n    \n            <div class=\"tam__image\" data-lazy >\n                            <img decoding=\"async\" loading=\"lazy\" data-lazy-placeholder src=\"https:\/\/roboyo.global\/app\/uploads\/2021\/06\/024-CAMPAIGN-LIGHT-NOLOOP-200521-1-150x150.gif\" alt=\"Animated circles and lines\">\n                                        <img loading=\"lazy\" data-lazy-full=\"https:\/\/roboyo.global\/app\/uploads\/2021\/06\/024-CAMPAIGN-LIGHT-NOLOOP-200521-1.gif\" alt=\"Animated circles and lines\">\n                    <\/div>\n    \n        \n\n        \n        <div class=\"tam__content wysiwyg\">\n          <p><strong>Hauptmerkmale<\/strong><\/p>\n<ul>\n<li>Einfach zu verwenden &#8211; generierte Links k\u00f6nnen \u00fcberall verwendet werden<\/li>\n<li>Vollst\u00e4ndig demokratisierter Prozess &#8211; kein Benutzerkonto f\u00fcr Beitr\u00e4ge erforderlich<\/li>\n<li>Einfaches Datenerfassungsformular f\u00fcr maximale Teilnahme<\/li>\n<\/ul>\n        <\/div>\n\n                                          <\/div>\n      <div class=\"tam__block container--default-desktop  tam__block--center wysiwyg\">\n        \n\n\n<div  class=\"image js-image image--square image--small\">\n  <div class=\"image__container\">\n          <picture>\n                <img decoding=\"async\" src=\"https:\/\/roboyo.global\/app\/uploads\/2021\/05\/img-platform-campaign-square_optimized.jpg\" alt=\"two people discussing work\" class=\"image__image\" \/>\n      <\/picture>\n    \n    \n      <\/div>\n<\/div>\n\n      <\/div>\n    <\/div>\n  <\/div>\n<\/section>\n\n\n<div style=\"height:50px\" aria-hidden=\"true\" class=\"wp-block-spacer\"><\/div>\n\n\n\n<div style=\"height:100px\" aria-hidden=\"true\" class=\"wp-block-spacer\"><\/div>\n\n\n\r\n\r\n<section  data-loaded class=\"standalone\" data-block=\"appeal\/button\">\r\n    <div class=\"standalone__container container standalone__container--center\">\r\n        <div class=\"standalone__button\">\r\n                                                \n<a\n    class=\"standalone__link standalone__link-- modal-button link link--primary link--internal\"\n    href=\"#nehmen_sie_campaign_mit_auf_eine_probefahrt\"     aria-label=\"Learn more about: Nehmen Sie Campaign mit auf eine Probefahrt\"    data-loaded\n>\n  <div>\n          <i><\/i>\n        <span>Nehmen Sie Campaign mit auf eine Probefahrt<\/span>\n      <\/div>\n<\/a>                                    <\/div>\r\n    <\/div>\r\n\r\n    \r\n    <\/section>","protected":false},"excerpt":{"rendered":"","protected":false},"author":1,"featured_media":35697,"parent":0,"menu_order":2,"comment_status":"closed","ping_status":"closed","template":"","meta":{"_acf_changed":false,"footnotes":""},"wf_page_folders":[],"class_list":["post-10282","page","type-page","status-publish","has-post-thumbnail","hentry"],"acf":[],"yoast_head":"<!-- This site is optimized with the Yoast SEO Premium plugin v26.0 (Yoast SEO v26.8) - https:\/\/yoast.com\/product\/yoast-seo-premium-wordpress\/ -->\n<title>Campaign - Entdecken Sie Automatisierungspotenzial | Roboyo<\/title>\n<meta name=\"description\" content=\"Campaign nutzt die Macht Ihrer Mitarbeiter, um die wertvollsten Automatisierungsm\u00f6glichkeiten aus dem gesamten Unternehmen zu sammeln.\" \/>\n<meta name=\"robots\" content=\"index, follow, max-snippet:-1, max-image-preview:large, max-video-preview:-1\" \/>\n<link rel=\"canonical\" href=\"https:\/\/roboyo.global\/de\/campaign\/\" \/>\n<meta property=\"og:locale\" content=\"de_DE\" \/>\n<meta property=\"og:type\" content=\"article\" \/>\n<meta property=\"og:title\" content=\"Campaign\" \/>\n<meta property=\"og:description\" content=\"Campaign nutzt die Macht Ihrer Mitarbeiter, um die wertvollsten Automatisierungsm\u00f6glichkeiten aus dem gesamten Unternehmen zu sammeln.\" \/>\n<meta property=\"og:url\" content=\"https:\/\/roboyo.global\/de\/campaign\/\" \/>\n<meta property=\"og:site_name\" content=\"Roboyo\" \/>\n<meta property=\"article:modified_time\" content=\"2023-05-22T11:22:05+00:00\" \/>\n<meta property=\"og:image\" content=\"https:\/\/roboyo.global\/app\/uploads\/2022\/07\/campaign-schema-thumbnail-e1657021727738.png\" \/>\n\t<meta property=\"og:image:width\" content=\"2559\" \/>\n\t<meta property=\"og:image:height\" content=\"1439\" \/>\n\t<meta property=\"og:image:type\" content=\"image\/png\" \/>\n<meta name=\"twitter:card\" content=\"summary_large_image\" \/>\n<meta name=\"twitter:label1\" content=\"Est. reading time\" \/>\n\t<meta name=\"twitter:data1\" content=\"1 minute\" \/>\n<script type=\"application\/ld+json\" class=\"yoast-schema-graph\">{\"@context\":\"https:\/\/schema.org\",\"@graph\":[{\"@type\":\"WebPage\",\"@id\":\"https:\/\/roboyo.global\/de\/campaign\/\",\"url\":\"https:\/\/roboyo.global\/de\/campaign\/\",\"name\":\"Campaign - Entdecken Sie Automatisierungspotenzial | Roboyo\",\"isPartOf\":{\"@id\":\"https:\/\/roboyo.global\/de\/#website\"},\"primaryImageOfPage\":{\"@id\":\"https:\/\/roboyo.global\/de\/campaign\/#primaryimage\"},\"image\":{\"@id\":\"https:\/\/roboyo.global\/de\/campaign\/#primaryimage\"},\"thumbnailUrl\":\"https:\/\/roboyo.global\/app\/uploads\/2022\/07\/campaign-schema-thumbnail-e1657021727738.png\",\"datePublished\":\"2021-06-22T09:51:34+00:00\",\"dateModified\":\"2023-05-22T11:22:05+00:00\",\"description\":\"Campaign nutzt die Macht Ihrer Mitarbeiter, um die wertvollsten Automatisierungsm\u00f6glichkeiten aus dem gesamten Unternehmen zu sammeln.\",\"breadcrumb\":{\"@id\":\"https:\/\/roboyo.global\/de\/campaign\/#breadcrumb\"},\"inLanguage\":\"de-DE\",\"potentialAction\":[{\"@type\":\"ReadAction\",\"target\":[\"https:\/\/roboyo.global\/de\/campaign\/\"]}]},{\"@type\":\"ImageObject\",\"inLanguage\":\"de-DE\",\"@id\":\"https:\/\/roboyo.global\/de\/campaign\/#primaryimage\",\"url\":\"https:\/\/roboyo.global\/app\/uploads\/2022\/07\/campaign-schema-thumbnail-e1657021727738.png\",\"contentUrl\":\"https:\/\/roboyo.global\/app\/uploads\/2022\/07\/campaign-schema-thumbnail-e1657021727738.png\",\"width\":2559,\"height\":1439,\"caption\":\"campaign schema thumbnail\"},{\"@type\":\"BreadcrumbList\",\"@id\":\"https:\/\/roboyo.global\/de\/campaign\/#breadcrumb\",\"itemListElement\":[{\"@type\":\"ListItem\",\"position\":1,\"name\":\"Home\",\"item\":\"https:\/\/roboyo.global\/de\/\"},{\"@type\":\"ListItem\",\"position\":2,\"name\":\"Campaign\"}]},{\"@type\":\"WebSite\",\"@id\":\"https:\/\/roboyo.global\/de\/#website\",\"url\":\"https:\/\/roboyo.global\/de\/\",\"name\":\"Roboyo - Your Agentic Automation & AI Partner of Choice\",\"description\":\"We take what\u2019s possible to the next level. Now.\",\"potentialAction\":[{\"@type\":\"SearchAction\",\"target\":{\"@type\":\"EntryPoint\",\"urlTemplate\":\"https:\/\/roboyo.global\/de\/?s={search_term_string}\"},\"query-input\":{\"@type\":\"PropertyValueSpecification\",\"valueRequired\":true,\"valueName\":\"search_term_string\"}}],\"inLanguage\":\"de-DE\"}]}<\/script>\n<!-- \/ Yoast SEO Premium plugin. -->","yoast_head_json":{"title":"Campaign - Entdecken Sie Automatisierungspotenzial | Roboyo","description":"Campaign nutzt die Macht Ihrer Mitarbeiter, um die wertvollsten Automatisierungsm\u00f6glichkeiten aus dem gesamten Unternehmen zu sammeln.","robots":{"index":"index","follow":"follow","max-snippet":"max-snippet:-1","max-image-preview":"max-image-preview:large","max-video-preview":"max-video-preview:-1"},"canonical":"https:\/\/roboyo.global\/de\/campaign\/","og_locale":"de_DE","og_type":"article","og_title":"Campaign","og_description":"Campaign nutzt die Macht Ihrer Mitarbeiter, um die wertvollsten Automatisierungsm\u00f6glichkeiten aus dem gesamten Unternehmen zu sammeln.","og_url":"https:\/\/roboyo.global\/de\/campaign\/","og_site_name":"Roboyo","article_modified_time":"2023-05-22T11:22:05+00:00","og_image":[{"width":2559,"height":1439,"url":"https:\/\/roboyo.global\/app\/uploads\/2022\/07\/campaign-schema-thumbnail-e1657021727738.png","type":"image\/png"}],"twitter_card":"summary_large_image","twitter_misc":{"Est. reading time":"1 minute"},"schema":{"@context":"https:\/\/schema.org","@graph":[{"@type":"WebPage","@id":"https:\/\/roboyo.global\/de\/campaign\/","url":"https:\/\/roboyo.global\/de\/campaign\/","name":"Campaign - Entdecken Sie Automatisierungspotenzial | Roboyo","isPartOf":{"@id":"https:\/\/roboyo.global\/de\/#website"},"primaryImageOfPage":{"@id":"https:\/\/roboyo.global\/de\/campaign\/#primaryimage"},"image":{"@id":"https:\/\/roboyo.global\/de\/campaign\/#primaryimage"},"thumbnailUrl":"https:\/\/roboyo.global\/app\/uploads\/2022\/07\/campaign-schema-thumbnail-e1657021727738.png","datePublished":"2021-06-22T09:51:34+00:00","dateModified":"2023-05-22T11:22:05+00:00","description":"Campaign nutzt die Macht Ihrer Mitarbeiter, um die wertvollsten Automatisierungsm\u00f6glichkeiten aus dem gesamten Unternehmen zu sammeln.","breadcrumb":{"@id":"https:\/\/roboyo.global\/de\/campaign\/#breadcrumb"},"inLanguage":"de-DE","potentialAction":[{"@type":"ReadAction","target":["https:\/\/roboyo.global\/de\/campaign\/"]}]},{"@type":"ImageObject","inLanguage":"de-DE","@id":"https:\/\/roboyo.global\/de\/campaign\/#primaryimage","url":"https:\/\/roboyo.global\/app\/uploads\/2022\/07\/campaign-schema-thumbnail-e1657021727738.png","contentUrl":"https:\/\/roboyo.global\/app\/uploads\/2022\/07\/campaign-schema-thumbnail-e1657021727738.png","width":2559,"height":1439,"caption":"campaign schema thumbnail"},{"@type":"BreadcrumbList","@id":"https:\/\/roboyo.global\/de\/campaign\/#breadcrumb","itemListElement":[{"@type":"ListItem","position":1,"name":"Home","item":"https:\/\/roboyo.global\/de\/"},{"@type":"ListItem","position":2,"name":"Campaign"}]},{"@type":"WebSite","@id":"https:\/\/roboyo.global\/de\/#website","url":"https:\/\/roboyo.global\/de\/","name":"Roboyo - Your Agentic Automation & AI Partner of Choice","description":"We take what\u2019s possible to the next level. Now.","potentialAction":[{"@type":"SearchAction","target":{"@type":"EntryPoint","urlTemplate":"https:\/\/roboyo.global\/de\/?s={search_term_string}"},"query-input":{"@type":"PropertyValueSpecification","valueRequired":true,"valueName":"search_term_string"}}],"inLanguage":"de-DE"}]}},"_links":{"self":[{"href":"https:\/\/roboyo.global\/de\/wp-json\/wp\/v2\/pages\/10282","targetHints":{"allow":["GET"]}}],"collection":[{"href":"https:\/\/roboyo.global\/de\/wp-json\/wp\/v2\/pages"}],"about":[{"href":"https:\/\/roboyo.global\/de\/wp-json\/wp\/v2\/types\/page"}],"author":[{"embeddable":true,"href":"https:\/\/roboyo.global\/de\/wp-json\/wp\/v2\/users\/1"}],"replies":[{"embeddable":true,"href":"https:\/\/roboyo.global\/de\/wp-json\/wp\/v2\/comments?post=10282"}],"version-history":[{"count":26,"href":"https:\/\/roboyo.global\/de\/wp-json\/wp\/v2\/pages\/10282\/revisions"}],"predecessor-version":[{"id":56757,"href":"https:\/\/roboyo.global\/de\/wp-json\/wp\/v2\/pages\/10282\/revisions\/56757"}],"wp:featuredmedia":[{"embeddable":true,"href":"https:\/\/roboyo.global\/de\/wp-json\/wp\/v2\/media\/35697"}],"wp:attachment":[{"href":"https:\/\/roboyo.global\/de\/wp-json\/wp\/v2\/media?parent=10282"}],"wp:term":[{"taxonomy":"wf_page_folders","embeddable":true,"href":"https:\/\/roboyo.global\/de\/wp-json\/wp\/v2\/wf_page_folders?post=10282"}],"curies":[{"name":"wp","href":"https:\/\/api.w.org\/{rel}","templated":true}]}}