{"id":10278,"date":"2021-06-22T10:43:31","date_gmt":"2021-06-22T09:43:31","guid":{"rendered":"https:\/\/roboyo.global\/?page_id=10278"},"modified":"2023-12-11T12:12:28","modified_gmt":"2023-12-11T12:12:28","slug":"roboyo-converge","status":"publish","type":"page","link":"https:\/\/roboyo.global\/de\/roboyo-converge\/","title":{"rendered":"Roboyo Converge"},"content":{"rendered":"\r\n\r\n<section data-nav-transparent data-loaded data-nav-transparent class=\"hero-header-4 hero-header-4--default hero-header-4--right  hero-header-4--nav-overlap hero-header-4--fw\" data-block=\"appeal\/hero-4\">\r\n    <div class=\"hero-header-4__wrapper hero-header-4__wrapper--navy\">\r\n        <div class=\"hero-header-4__container\">\r\n                                                <div class=\"hero-header-4__image-wrapper\">\r\n                                                    \n    \n            <div class=\"hero-header-4__image hero-header-4__image--not-svg\" data-lazy=\"1\">\n            <img decoding=\"async\" src=\"https:\/\/roboyo.global\/app\/uploads\/2021\/06\/022-Converge_NOLOOP-200521-1.gif\" alt=\"roboyo converge animation\" loading=\"eager\" fetchpriority=\"high\">\n        <\/div>\n                                                <\/div>\r\n                \r\n                        <div class=\"hero-header-4__content hero-header-4__content--\">\r\n                \r\n\r\n                                    <p class=\"hero-header-4__title default\">Plattform<\/p>\r\n                \r\n                                    <h1 class=\"hero-header-4__subtitle default\">ROBOYO CONVERGE<\/h1>\r\n                \r\n                \r\n            <\/div>\r\n        <\/div>\r\n    <\/div>\r\n<\/section>\n\n\r\n\r\n<section  data-loaded class=\"horizontal-nav horizontal-nav--dark  async-load\">\r\n    <div class=\"horizontal-nav__container container--1644\">\r\n        <nav class=\"horizontal-nav__nav\">\r\n            <ul class=\"horizontal-nav__links\">\r\n                                                                                        <li class=\"horizontal-nav__link  horizontal-nav__link--mobile-default  js-hnav-default-mobile-link\">\r\n                                <a href=\"#\">Menu<\/a>\r\n                            <\/li>\r\n                                                <li class=\"horizontal-nav__link  js-hnav-link\" data-url-path=\"\/de\/roboyo-converge\/\">\r\n                                                        <a href=\"https:\/\/roboyo.global\/de\/roboyo-converge\/\">Converge<\/a>\r\n                            \r\n                                                    <\/li>\r\n                                                                                                        <li class=\"horizontal-nav__link  js-hnav-link\" data-url-path=\"\/de\/campaign\/\">\r\n                                                        <a href=\"https:\/\/roboyo.global\/de\/campaign\/\">Campaign<\/a>\r\n                            \r\n                                                    <\/li>\r\n                                                                                                        <li class=\"horizontal-nav__link  js-hnav-link\" data-url-path=\"\/de\/scout\/\">\r\n                                                        <a href=\"https:\/\/roboyo.global\/de\/scout\/\">Scout<\/a>\r\n                            \r\n                                                    <\/li>\r\n                                                                                                        <li class=\"horizontal-nav__link  js-hnav-link\" data-url-path=\"\/de\/pipeline\/\">\r\n                                                        <a href=\"https:\/\/roboyo.global\/de\/pipeline\/\">Pipeline<\/a>\r\n                            \r\n                                                    <\/li>\r\n                                                                                                        <li class=\"horizontal-nav__link  js-hnav-link\" data-url-path=\"\/de\/coach\/\">\r\n                                                        <a href=\"https:\/\/roboyo.global\/de\/coach\/\">Coach<\/a>\r\n                            \r\n                                                    <\/li>\r\n                                                                                                        <li class=\"horizontal-nav__link  js-hnav-link\" data-url-path=\"\/de\/cockpit\/\">\r\n                                                        <a href=\"https:\/\/roboyo.global\/de\/cockpit\/\">Cockpit<\/a>\r\n                            \r\n                                                    <\/li>\r\n                                                <\/ul>\r\n        <\/nav>\r\n    <\/div>\r\n<\/section>\n\n<div aria-hidden=\"true\" class=\"appeal-spacer appeal-spacer--69e8e9f651a07  appeal-spacer--ink\">\r\n<style>\r\n\/* Ultrawide *\/\r\n.appeal-spacer--69e8e9f651a07 {\r\n    height: 100px;\r\n}\r\n\r\n\/* Desktop *\/\r\n@media (max-width: 1920px) {\r\n    .appeal-spacer--69e8e9f651a07 {\r\n        height: 100px;\r\n    }\r\n}\r\n\r\n\/* Laptop *\/\r\n@media (max-width: 1024px) {\r\n    .appeal-spacer--69e8e9f651a07 {\r\n        height: 75px;\r\n    }\r\n}\r\n\r\n\/* Mobile *\/\r\n@media (max-width: 767px) {\r\n    .appeal-spacer--69e8e9f651a07 {\r\n        height: 50px;\r\n    }\r\n}\r\n<\/style>\r\n<\/div>\r\n\n\n\n\n\n<section data-loaded class=\"tam tam--ltr tam--ltr-respect tam--dark  tam--\" data-block=\"appeal\/text-and-inner-content\">\n  <div class=\"tam__container container--1543\">\n    <div class=\"tam__contain\">\n          <div class=\"tam__text container--default-desktop tam__text--top\">\n\n        \n                          \n        \n        \n\n                  \n          <h4 class=\"tam__title tam__title--smaller\">\n            Die Converge-Plattform durchbricht Silos und bringt interne Kunden, Lieferteams und Technologien zusammen, um die n\u00e4chste Stufe der Automatisierung zu erreichen          <\/h4>\n        \n        <div class=\"tam__content wysiwyg\">\n          <p>&nbsp;<\/p>\n<p>Hauptmerkmale <\/p>\n<ul>\n<li>Gesch\u00e4ftsergebnisorientiert<\/li>\n<li>Integriertes \u00d6kosystem<\/li>\n<li>Mehrsprachige Unterst\u00fctzung <\/li>\n<li>Intuitives Dashboard <\/li>\n<li>Cloud oder On-Premise <\/li>\n<li>Managed Services<\/li>\n        <\/div>\n\n                            \n<a\n    class=\"tam__link link--31 link--blue modal-button link--dark link link--primary link--internal\"\n    href=\"#demo_buchen\"     aria-label=\"Die Converge-Plattform durchbricht Silos und bringt interne Kunden, Lieferteams und Technologien zusammen, um die n\u00e4chste Stufe der Automatisierung zu erreichen: Demo buchen\"    data-loaded\n>\n  <div>\n          <i><\/i>\n        <span>Demo buchen<\/span>\n      <\/div>\n<\/a>              <\/div>\n      <div class=\"tam__block container--default-desktop  wysiwyg\">\n        \n\n<p style=\"font-size:22px\"><strong>Roboyo Converge ist unsere intelligente End-to-End-Automatisierungsplattform.<\/strong><\/p>\n\n\n\n<p>Das Ziel ist einfach &#8211; Ihrem Unternehmen zu helfen, die exponentielle Kraft der Automatisierung zu nutzen, um Leistungssteigerungen von Inkrementen auf ein Vielfaches zu erh\u00f6hen.<\/p>\n\n\n\n<p>Die Plattform b\u00fcndelt unser gemeinsames Wissen als Automatisierungspioniere, das wir in Tausenden von erfolgreichen Implementierungen gewonnen haben, von einzelnen Prozessen bis hin zu unternehmensweiten Workflows.<\/p>\n\n\n\n<p>Der Zugriff kann linear erfolgen, um Ihre Automatisierungsreise vom Anfang bis zum Ende zu unterst\u00fctzen, oder \u00fcber mehrere Einstiegspunkte, um die Automatisierungsleistung gezielt zu steigern, je nach Ihren Bed\u00fcrfnissen und Zielen.<\/p>\n\n\n\n<p><strong>Converge ist ein intuitives Plattform, mit dem Sie Ihre Unternehmensautomatisierung identifizieren, priorisieren, erfolgreich implementieren und effektiv betreiben k\u00f6nnen.<\/strong><\/p>\n\n\n\n<p>Unsere Beratungs- und Implementierungsteams verwenden Converge in allen unseren Projekten, um eine Bereitstellung nach den h\u00f6chsten Standards zu gew\u00e4hrleisten. Gleichzeitig nutzen unsere Kunden Converge, um unsere Expertise in ihre eigenen Kompetenzzentren einzubetten und um bestehende Automatisierungen zu skalieren.<\/p>\n\n\n\n<p>Converge ist vollst\u00e4ndig an die Arbeitsweise Ihres Unternehmens anpassbar und wird in unserer Cloud oder bei Ihnen vor Ort gehostet. Converge bietet eine ganzheitliche Sicht auf Ihr Automatisierungs\u00f6kosystem, von der Prozessuntersuchung bis hin zu den Auswirkungen auf das Endergebnis.&nbsp;<\/p>\n\n\n      <\/div>\n    <\/div>\n  <\/div>\n<\/section>\n\n<div aria-hidden=\"true\" class=\"appeal-spacer appeal-spacer--69e8e9f6568f7  appeal-spacer--ink\">\r\n<style>\r\n\/* Ultrawide *\/\r\n.appeal-spacer--69e8e9f6568f7 {\r\n    height: 75px;\r\n}\r\n\r\n\/* Desktop *\/\r\n@media (max-width: 1920px) {\r\n    .appeal-spacer--69e8e9f6568f7 {\r\n        height: 75px;\r\n    }\r\n}\r\n\r\n\/* Laptop *\/\r\n@media (max-width: 1024px) {\r\n    .appeal-spacer--69e8e9f6568f7 {\r\n        height: 50px;\r\n    }\r\n}\r\n\r\n\/* Mobile *\/\r\n@media (max-width: 767px) {\r\n    .appeal-spacer--69e8e9f6568f7 {\r\n        height: 50px;\r\n    }\r\n}\r\n<\/style>\r\n<\/div>\r\n\n\n\n\n<section class=\"icon-text icon-text--grid\" data-block=\"appeal\/numbered-icon-text-columned\">\n  <div class=\"icon-text__container container--1644\">\n    <div class=\"icon-text__title\">\n      Roboyo Converge Plattform    <\/div>\n          <div class=\"icon-text__blocks\">\n                  <div class=\"icon-text__block block\" data-loaded>\n            <div class=\"block__container\">\n              <div class=\"block__icon\">\n                                  \n    \n            <div class=\"block__image\" data-lazy >\n                            <img decoding=\"async\" loading=\"lazy\" data-lazy-placeholder src=\"https:\/\/roboyo.global\/app\/uploads\/2021\/06\/024-CAMPAIGN-NOLOOP-200521-150x150.gif\" alt=\"Campaign\">\n                                        <img loading=\"lazy\" data-lazy-full=\"https:\/\/roboyo.global\/app\/uploads\/2021\/06\/024-CAMPAIGN-NOLOOP-200521.gif\" alt=\"Campaign\">\n                    <\/div>\n                                  <\/div>\n\n              <div class=\"block__text\">\n                <div class=\"block__number\">\n                  01                <\/div>\n                <h4 class=\"block__title\">\n                  Campaign                 <\/h4>\n                <h5 class=\"block__subtitle\">\n                  Evangelisierung &#038; Demokratisierung der Automatisierung                <\/h5>\n                <div class=\"block__content\">\n                  <p>Binden Sie Ihre Mitarbeiter in die Suche nach hochwertigen Automatisierungsm\u00f6glichkeiten ein <\/p>\n                <\/div>\n                \n<a\n    class=\"block__link link--dark link link--primary link--internal\"\n    href=\"https:\/\/roboyo.global\/platform\/campaign\/\"     aria-label=\"Roboyo Converge Plattform: Erfahren Sie mehr \u00fcber Campaign\"    data-loaded\n>\n  <div>\n          <i><\/i>\n        <span>Erfahren Sie mehr \u00fcber Campaign<\/span>\n      <\/div>\n<\/a>              <\/div>\n            <\/div>\n          <\/div>\n                  <div class=\"icon-text__block block\" data-loaded>\n            <div class=\"block__container\">\n              <div class=\"block__icon\">\n                                  \n    \n            <div class=\"block__image\" data-lazy >\n                            <img decoding=\"async\" loading=\"lazy\" data-lazy-placeholder src=\"https:\/\/roboyo.global\/app\/uploads\/2021\/06\/021-SCOUT_NOLOOP-200521-150x150.gif\" alt=\"Roboyo converge scout animation\">\n                                        <img loading=\"lazy\" data-lazy-full=\"https:\/\/roboyo.global\/app\/uploads\/2021\/06\/021-SCOUT_NOLOOP-200521.gif\" alt=\"Roboyo converge scout animation\">\n                    <\/div>\n                                  <\/div>\n\n              <div class=\"block__text\">\n                <div class=\"block__number\">\n                  02                <\/div>\n                <h4 class=\"block__title\">\n                  Scout                 <\/h4>\n                <h5 class=\"block__subtitle\">\n                  Identifizieren und bewerten Sie M\u00f6glichkeiten                <\/h5>\n                <div class=\"block__content\">\n                  <p>Qualifizieren und priorisieren Sie Automatisierungen auf Basis von Gesch\u00e4ftswert, Komplexit\u00e4t und Kosten <\/p>\n                <\/div>\n                \n<a\n    class=\"block__link link--dark link link--primary link--internal\"\n    href=\"https:\/\/roboyo.global\/platform\/scout\/\"     aria-label=\"Roboyo Converge Plattform: Erfahren Sie mehr \u00fcber Scout\"    data-loaded\n>\n  <div>\n          <i><\/i>\n        <span>Erfahren Sie mehr \u00fcber Scout<\/span>\n      <\/div>\n<\/a>              <\/div>\n            <\/div>\n          <\/div>\n                  <div class=\"icon-text__block block\" data-loaded>\n            <div class=\"block__container\">\n              <div class=\"block__icon\">\n                                  \n    \n            <div class=\"block__image\" data-lazy >\n                            <img decoding=\"async\" loading=\"lazy\" data-lazy-placeholder src=\"https:\/\/roboyo.global\/app\/uploads\/2021\/06\/023-PIPELINE_NOLOOP-200521-150x150.gif\" alt=\"roboyo converge pipeline\">\n                                        <img loading=\"lazy\" data-lazy-full=\"https:\/\/roboyo.global\/app\/uploads\/2021\/06\/023-PIPELINE_NOLOOP-200521.gif\" alt=\"roboyo converge pipeline\">\n                    <\/div>\n                                  <\/div>\n\n              <div class=\"block__text\">\n                <div class=\"block__number\">\n                  03                <\/div>\n                <h4 class=\"block__title\">\n                  Pipeline                 <\/h4>\n                <h5 class=\"block__subtitle\">\n                  Verwalten &#038; Optimieren der Bereitstellung                <\/h5>\n                <div class=\"block__content\">\n                  <p>Erh\u00f6hen Sie die Einfachheit und Effizienz der Implementierung, Nachverfolgung und Berichterstattung \u00fcber Ihre Automatisierungsprojekte<\/p>\n                <\/div>\n                \n<a\n    class=\"block__link link--dark link link--primary link--internal\"\n    href=\"https:\/\/roboyo.global\/platform\/pipeline\/\"     aria-label=\"Roboyo Converge Plattform: Erfahren Sie mehr \u00fcber Pipeline\"    data-loaded\n>\n  <div>\n          <i><\/i>\n        <span>Erfahren Sie mehr \u00fcber Pipeline<\/span>\n      <\/div>\n<\/a>              <\/div>\n            <\/div>\n          <\/div>\n                  <div class=\"icon-text__block block\" data-loaded>\n            <div class=\"block__container\">\n              <div class=\"block__icon\">\n                                  \n    \n            <div class=\"block__image\" data-lazy >\n                            <img decoding=\"async\" loading=\"lazy\" data-lazy-placeholder src=\"https:\/\/roboyo.global\/app\/uploads\/2021\/06\/025-COACH-NOLOOP-200521-150x150.gif\" alt=\"Coach\">\n                                        <img loading=\"lazy\" data-lazy-full=\"https:\/\/roboyo.global\/app\/uploads\/2021\/06\/025-COACH-NOLOOP-200521.gif\" alt=\"Coach\">\n                    <\/div>\n                                  <\/div>\n\n              <div class=\"block__text\">\n                <div class=\"block__number\">\n                  04                <\/div>\n                <h4 class=\"block__title\">\n                  Coach                 <\/h4>\n                <h5 class=\"block__subtitle\">\n                  Code-Qualit\u00e4t bewerten &#038; verbessern                <\/h5>\n                <div class=\"block__content\">\n                  <p>Beschleunigen Sie die Geschwindigkeit und den Erfolg durch Echtzeit-Evaluierung der Code-Qualit\u00e4t und Einhaltung von Best Practices <\/p>\n                <\/div>\n                \n<a\n    class=\"block__link link--dark link link--primary link--internal\"\n    href=\"https:\/\/roboyo.global\/platform\/coach\/\"     aria-label=\"Roboyo Converge Plattform: Erfahren Sie mehr \u00fcber Coach\"    data-loaded\n>\n  <div>\n          <i><\/i>\n        <span>Erfahren Sie mehr \u00fcber Coach<\/span>\n      <\/div>\n<\/a>              <\/div>\n            <\/div>\n          <\/div>\n                  <div class=\"icon-text__block block\" data-loaded>\n            <div class=\"block__container\">\n              <div class=\"block__icon\">\n                                  \n    \n            <div class=\"block__image\" data-lazy >\n                            <img decoding=\"async\" loading=\"lazy\" data-lazy-placeholder src=\"https:\/\/roboyo.global\/app\/uploads\/2021\/06\/026-COCKPIT_NOLOOP-200521-150x150.gif\" alt=\"roboyo converge cockpit animation\">\n                                        <img loading=\"lazy\" data-lazy-full=\"https:\/\/roboyo.global\/app\/uploads\/2021\/06\/026-COCKPIT_NOLOOP-200521.gif\" alt=\"roboyo converge cockpit animation\">\n                    <\/div>\n                                  <\/div>\n\n              <div class=\"block__text\">\n                <div class=\"block__number\">\n                  05                <\/div>\n                <h4 class=\"block__title\">\n                  Cockpit                 <\/h4>\n                <h5 class=\"block__subtitle\">\n                  \u00dcberwachen &#038; Analysieren der Ergebnisse                <\/h5>\n                <div class=\"block__content\">\n                  <p>Nutzen Sie Daten, um den Wert Ihrer Automatisierung zu messen und die Auswirkungen auf Ihr Unternehmen zu verbessern<\/p>\n                <\/div>\n                \n<a\n    class=\"block__link link--dark link link--primary link--internal\"\n    href=\"https:\/\/roboyo.global\/platform\/cockpit\/\"     aria-label=\"Roboyo Converge Plattform: Erfahren Sie mehr \u00fcber Cockpit\"    data-loaded\n>\n  <div>\n          <i><\/i>\n        <span>Erfahren Sie mehr \u00fcber Cockpit<\/span>\n      <\/div>\n<\/a>              <\/div>\n            <\/div>\n          <\/div>\n              <\/div>\n      <\/div>\n<\/section>","protected":false},"excerpt":{"rendered":"","protected":false},"author":1,"featured_media":35693,"parent":0,"menu_order":1,"comment_status":"closed","ping_status":"closed","template":"","meta":{"_acf_changed":false,"footnotes":""},"wf_page_folders":[],"class_list":["post-10278","page","type-page","status-publish","has-post-thumbnail","hentry"],"acf":[],"yoast_head":"<!-- This site is optimized with the Yoast SEO Premium plugin v26.0 (Yoast SEO v26.8) - https:\/\/yoast.com\/product\/yoast-seo-premium-wordpress\/ -->\n<title>Entdecken Sie unsere Roboyo Converge Plattform - Roboyo<\/title>\n<meta name=\"description\" content=\"Roboyo Converge ist ein intuitives Toolset, mit dem Sie Ihre Unternehmensautomatisierung identifizieren und effektiv ausf\u00fchren k\u00f6nnen.\" \/>\n<meta name=\"robots\" content=\"index, follow, max-snippet:-1, max-image-preview:large, max-video-preview:-1\" \/>\n<link rel=\"canonical\" href=\"https:\/\/roboyo.global\/de\/roboyo-converge\/\" \/>\n<meta property=\"og:locale\" content=\"de_DE\" \/>\n<meta property=\"og:type\" content=\"article\" \/>\n<meta property=\"og:title\" content=\"Roboyo Converge\" \/>\n<meta property=\"og:description\" content=\"Roboyo Converge ist ein intuitives Toolset, mit dem Sie Ihre Unternehmensautomatisierung identifizieren und effektiv ausf\u00fchren k\u00f6nnen.\" \/>\n<meta property=\"og:url\" content=\"https:\/\/roboyo.global\/de\/roboyo-converge\/\" \/>\n<meta property=\"og:site_name\" content=\"Roboyo\" \/>\n<meta property=\"article:modified_time\" content=\"2023-12-11T12:12:28+00:00\" \/>\n<meta property=\"og:image\" content=\"https:\/\/roboyo.global\/app\/uploads\/2022\/07\/Converge-Schema-Thumbail-e1657020485796.png\" \/>\n\t<meta property=\"og:image:width\" content=\"2559\" \/>\n\t<meta property=\"og:image:height\" content=\"1439\" \/>\n\t<meta property=\"og:image:type\" content=\"image\/png\" \/>\n<meta name=\"twitter:card\" content=\"summary_large_image\" \/>\n<meta name=\"twitter:label1\" content=\"Est. reading time\" \/>\n\t<meta name=\"twitter:data1\" content=\"1 minute\" \/>\n<script type=\"application\/ld+json\" class=\"yoast-schema-graph\">{\"@context\":\"https:\/\/schema.org\",\"@graph\":[{\"@type\":\"WebPage\",\"@id\":\"https:\/\/roboyo.global\/de\/roboyo-converge\/\",\"url\":\"https:\/\/roboyo.global\/de\/roboyo-converge\/\",\"name\":\"Entdecken Sie unsere Roboyo Converge Plattform - Roboyo\",\"isPartOf\":{\"@id\":\"https:\/\/roboyo.global\/de\/#website\"},\"primaryImageOfPage\":{\"@id\":\"https:\/\/roboyo.global\/de\/roboyo-converge\/#primaryimage\"},\"image\":{\"@id\":\"https:\/\/roboyo.global\/de\/roboyo-converge\/#primaryimage\"},\"thumbnailUrl\":\"https:\/\/roboyo.global\/app\/uploads\/2022\/07\/Converge-Schema-Thumbail-e1657020485796.png\",\"datePublished\":\"2021-06-22T09:43:31+00:00\",\"dateModified\":\"2023-12-11T12:12:28+00:00\",\"description\":\"Roboyo Converge ist ein intuitives Toolset, mit dem Sie Ihre Unternehmensautomatisierung identifizieren und effektiv ausf\u00fchren k\u00f6nnen.\",\"breadcrumb\":{\"@id\":\"https:\/\/roboyo.global\/de\/roboyo-converge\/#breadcrumb\"},\"inLanguage\":\"de-DE\",\"potentialAction\":[{\"@type\":\"ReadAction\",\"target\":[\"https:\/\/roboyo.global\/de\/roboyo-converge\/\"]}]},{\"@type\":\"ImageObject\",\"inLanguage\":\"de-DE\",\"@id\":\"https:\/\/roboyo.global\/de\/roboyo-converge\/#primaryimage\",\"url\":\"https:\/\/roboyo.global\/app\/uploads\/2022\/07\/Converge-Schema-Thumbail-e1657020485796.png\",\"contentUrl\":\"https:\/\/roboyo.global\/app\/uploads\/2022\/07\/Converge-Schema-Thumbail-e1657020485796.png\",\"width\":2559,\"height\":1439,\"caption\":\"Converge Schema Thumbail\"},{\"@type\":\"BreadcrumbList\",\"@id\":\"https:\/\/roboyo.global\/de\/roboyo-converge\/#breadcrumb\",\"itemListElement\":[{\"@type\":\"ListItem\",\"position\":1,\"name\":\"Home\",\"item\":\"https:\/\/roboyo.global\/de\/\"},{\"@type\":\"ListItem\",\"position\":2,\"name\":\"Roboyo Converge\"}]},{\"@type\":\"WebSite\",\"@id\":\"https:\/\/roboyo.global\/de\/#website\",\"url\":\"https:\/\/roboyo.global\/de\/\",\"name\":\"Roboyo - Your Agentic Automation & AI Partner of Choice\",\"description\":\"We take what\u2019s possible to the next level. Now.\",\"potentialAction\":[{\"@type\":\"SearchAction\",\"target\":{\"@type\":\"EntryPoint\",\"urlTemplate\":\"https:\/\/roboyo.global\/de\/?s={search_term_string}\"},\"query-input\":{\"@type\":\"PropertyValueSpecification\",\"valueRequired\":true,\"valueName\":\"search_term_string\"}}],\"inLanguage\":\"de-DE\"}]}<\/script>\n<!-- \/ Yoast SEO Premium plugin. -->","yoast_head_json":{"title":"Entdecken Sie unsere Roboyo Converge Plattform - Roboyo","description":"Roboyo Converge ist ein intuitives Toolset, mit dem Sie Ihre Unternehmensautomatisierung identifizieren und effektiv ausf\u00fchren k\u00f6nnen.","robots":{"index":"index","follow":"follow","max-snippet":"max-snippet:-1","max-image-preview":"max-image-preview:large","max-video-preview":"max-video-preview:-1"},"canonical":"https:\/\/roboyo.global\/de\/roboyo-converge\/","og_locale":"de_DE","og_type":"article","og_title":"Roboyo Converge","og_description":"Roboyo Converge ist ein intuitives Toolset, mit dem Sie Ihre Unternehmensautomatisierung identifizieren und effektiv ausf\u00fchren k\u00f6nnen.","og_url":"https:\/\/roboyo.global\/de\/roboyo-converge\/","og_site_name":"Roboyo","article_modified_time":"2023-12-11T12:12:28+00:00","og_image":[{"width":2559,"height":1439,"url":"https:\/\/roboyo.global\/app\/uploads\/2022\/07\/Converge-Schema-Thumbail-e1657020485796.png","type":"image\/png"}],"twitter_card":"summary_large_image","twitter_misc":{"Est. reading time":"1 minute"},"schema":{"@context":"https:\/\/schema.org","@graph":[{"@type":"WebPage","@id":"https:\/\/roboyo.global\/de\/roboyo-converge\/","url":"https:\/\/roboyo.global\/de\/roboyo-converge\/","name":"Entdecken Sie unsere Roboyo Converge Plattform - Roboyo","isPartOf":{"@id":"https:\/\/roboyo.global\/de\/#website"},"primaryImageOfPage":{"@id":"https:\/\/roboyo.global\/de\/roboyo-converge\/#primaryimage"},"image":{"@id":"https:\/\/roboyo.global\/de\/roboyo-converge\/#primaryimage"},"thumbnailUrl":"https:\/\/roboyo.global\/app\/uploads\/2022\/07\/Converge-Schema-Thumbail-e1657020485796.png","datePublished":"2021-06-22T09:43:31+00:00","dateModified":"2023-12-11T12:12:28+00:00","description":"Roboyo Converge ist ein intuitives Toolset, mit dem Sie Ihre Unternehmensautomatisierung identifizieren und effektiv ausf\u00fchren k\u00f6nnen.","breadcrumb":{"@id":"https:\/\/roboyo.global\/de\/roboyo-converge\/#breadcrumb"},"inLanguage":"de-DE","potentialAction":[{"@type":"ReadAction","target":["https:\/\/roboyo.global\/de\/roboyo-converge\/"]}]},{"@type":"ImageObject","inLanguage":"de-DE","@id":"https:\/\/roboyo.global\/de\/roboyo-converge\/#primaryimage","url":"https:\/\/roboyo.global\/app\/uploads\/2022\/07\/Converge-Schema-Thumbail-e1657020485796.png","contentUrl":"https:\/\/roboyo.global\/app\/uploads\/2022\/07\/Converge-Schema-Thumbail-e1657020485796.png","width":2559,"height":1439,"caption":"Converge Schema Thumbail"},{"@type":"BreadcrumbList","@id":"https:\/\/roboyo.global\/de\/roboyo-converge\/#breadcrumb","itemListElement":[{"@type":"ListItem","position":1,"name":"Home","item":"https:\/\/roboyo.global\/de\/"},{"@type":"ListItem","position":2,"name":"Roboyo Converge"}]},{"@type":"WebSite","@id":"https:\/\/roboyo.global\/de\/#website","url":"https:\/\/roboyo.global\/de\/","name":"Roboyo - Your Agentic Automation & AI Partner of Choice","description":"We take what\u2019s possible to the next level. Now.","potentialAction":[{"@type":"SearchAction","target":{"@type":"EntryPoint","urlTemplate":"https:\/\/roboyo.global\/de\/?s={search_term_string}"},"query-input":{"@type":"PropertyValueSpecification","valueRequired":true,"valueName":"search_term_string"}}],"inLanguage":"de-DE"}]}},"_links":{"self":[{"href":"https:\/\/roboyo.global\/de\/wp-json\/wp\/v2\/pages\/10278","targetHints":{"allow":["GET"]}}],"collection":[{"href":"https:\/\/roboyo.global\/de\/wp-json\/wp\/v2\/pages"}],"about":[{"href":"https:\/\/roboyo.global\/de\/wp-json\/wp\/v2\/types\/page"}],"author":[{"embeddable":true,"href":"https:\/\/roboyo.global\/de\/wp-json\/wp\/v2\/users\/1"}],"replies":[{"embeddable":true,"href":"https:\/\/roboyo.global\/de\/wp-json\/wp\/v2\/comments?post=10278"}],"version-history":[{"count":23,"href":"https:\/\/roboyo.global\/de\/wp-json\/wp\/v2\/pages\/10278\/revisions"}],"predecessor-version":[{"id":60894,"href":"https:\/\/roboyo.global\/de\/wp-json\/wp\/v2\/pages\/10278\/revisions\/60894"}],"wp:featuredmedia":[{"embeddable":true,"href":"https:\/\/roboyo.global\/de\/wp-json\/wp\/v2\/media\/35693"}],"wp:attachment":[{"href":"https:\/\/roboyo.global\/de\/wp-json\/wp\/v2\/media?parent=10278"}],"wp:term":[{"taxonomy":"wf_page_folders","embeddable":true,"href":"https:\/\/roboyo.global\/de\/wp-json\/wp\/v2\/wf_page_folders?post=10278"}],"curies":[{"name":"wp","href":"https:\/\/api.w.org\/{rel}","templated":true}]}}