{"id":10104,"date":"2021-06-21T15:55:20","date_gmt":"2021-06-21T14:55:20","guid":{"rendered":"https:\/\/roboyo.global\/?page_id=10104"},"modified":"2024-03-13T14:58:15","modified_gmt":"2024-03-13T14:58:15","slug":"404-page","status":"publish","type":"page","link":"https:\/\/roboyo.global\/de\/404-page\/","title":{"rendered":"404 Page"},"content":{"rendered":"<div aria-hidden=\"true\" class=\"appeal-spacer appeal-spacer--69e9fd910bc06  appeal-spacer--transparent\">\r\n<style>\r\n\/* Ultrawide *\/\r\n.appeal-spacer--69e9fd910bc06 {\r\n    height: 150px;\r\n}\r\n\r\n\/* Desktop *\/\r\n@media (max-width: 1920px) {\r\n    .appeal-spacer--69e9fd910bc06 {\r\n        height: 150px;\r\n    }\r\n}\r\n\r\n\/* Laptop *\/\r\n@media (max-width: 1024px) {\r\n    .appeal-spacer--69e9fd910bc06 {\r\n        height: 75px;\r\n    }\r\n}\r\n\r\n\/* Mobile *\/\r\n@media (max-width: 767px) {\r\n    .appeal-spacer--69e9fd910bc06 {\r\n        height: 75px;\r\n    }\r\n}\r\n<\/style>\r\n<\/div>\r\n\n\n\r\n\r\n\r\n<section class=\"standout-text \" data-block=\"appeal\/standout-text\">\r\n  <div class=\"standout-text__container container--small\">\r\n    <div class=\"standout-text__content\">\r\n              <h2 class=\"standout-text__title standout-text__title-- standout-text__title--normal standout-text__title--\">Die Seite, die Sie suchen, ist nicht mehr verf\u00fcgbar! Bitte gehen Sie zur\u00fcck zur Hauptseite, um weiter zu bl\u00e4ttern.<\/h2>\r\n          <\/div>\r\n  <\/div>\r\n<\/section>\n\n<div aria-hidden=\"true\" class=\"appeal-spacer appeal-spacer--69e9fd910ce12  appeal-spacer--transparent\">\r\n<style>\r\n\/* Ultrawide *\/\r\n.appeal-spacer--69e9fd910ce12 {\r\n    height: 50px;\r\n}\r\n\r\n\/* Desktop *\/\r\n@media (max-width: 1920px) {\r\n    .appeal-spacer--69e9fd910ce12 {\r\n        height: 50px;\r\n    }\r\n}\r\n\r\n\/* Laptop *\/\r\n@media (max-width: 1024px) {\r\n    .appeal-spacer--69e9fd910ce12 {\r\n        height: 25px;\r\n    }\r\n}\r\n\r\n\/* Mobile *\/\r\n@media (max-width: 767px) {\r\n    .appeal-spacer--69e9fd910ce12 {\r\n        height: 50px;\r\n    }\r\n}\r\n<\/style>\r\n<\/div>\r\n\n\n\r\n\r\n<section  data-loaded class=\"standalone\" data-block=\"appeal\/button\">\r\n    <div class=\"standalone__container container standalone__container--center\">\r\n        <div class=\"standalone__button\">\r\n                                                \n<a\n    class=\"standalone__link link link link--primary link--internal\"\n    href=\"https:\/\/roboyo.global\/de\/\"     aria-label=\"Learn more about: Bring mich nach Hause\"    data-loaded\n>\n  <div>\n          <i><\/i>\n        <span>Bring mich nach Hause<\/span>\n      <\/div>\n<\/a>                                    <\/div>\r\n    <\/div>\r\n\r\n    \r\n    <\/section>","protected":false},"excerpt":{"rendered":"","protected":false},"author":1,"featured_media":64384,"parent":0,"menu_order":0,"comment_status":"closed","ping_status":"closed","template":"","meta":{"_acf_changed":false,"footnotes":""},"wf_page_folders":[],"class_list":["post-10104","page","type-page","status-publish","has-post-thumbnail","hentry"],"acf":[],"yoast_head":"<!-- This site is optimized with the Yoast SEO Premium plugin v26.0 (Yoast SEO v26.8) - https:\/\/yoast.com\/product\/yoast-seo-premium-wordpress\/ -->\n<title>404 Page - Roboyo<\/title>\n<meta name=\"robots\" content=\"noindex, follow\" \/>\n<meta property=\"og:locale\" content=\"de_DE\" \/>\n<meta property=\"og:type\" content=\"article\" \/>\n<meta property=\"og:title\" content=\"404 Page\" \/>\n<meta property=\"og:url\" content=\"https:\/\/roboyo.global\/de\/404-page\/\" \/>\n<meta property=\"og:site_name\" content=\"Roboyo\" \/>\n<meta property=\"article:modified_time\" content=\"2024-03-13T14:58:15+00:00\" \/>\n<meta property=\"og:image\" content=\"https:\/\/roboyo.global\/app\/uploads\/2023\/08\/Roboyo-Logo-Tag-Blue-RGB-resized-for-Teams.webp\" \/>\n\t<meta property=\"og:image:width\" content=\"400\" \/>\n\t<meta property=\"og:image:height\" content=\"148\" \/>\n\t<meta property=\"og:image:type\" content=\"image\/webp\" \/>\n<meta name=\"twitter:card\" content=\"summary_large_image\" \/>\n<meta name=\"twitter:label1\" content=\"Est. reading time\" \/>\n\t<meta name=\"twitter:data1\" content=\"1 minute\" \/>\n<script type=\"application\/ld+json\" class=\"yoast-schema-graph\">{\"@context\":\"https:\/\/schema.org\",\"@graph\":[{\"@type\":\"WebPage\",\"@id\":\"https:\/\/roboyo.global\/de\/404-page\/\",\"url\":\"https:\/\/roboyo.global\/de\/404-page\/\",\"name\":\"404 Page - Roboyo\",\"isPartOf\":{\"@id\":\"https:\/\/roboyo.global\/de\/#website\"},\"primaryImageOfPage\":{\"@id\":\"https:\/\/roboyo.global\/de\/404-page\/#primaryimage\"},\"image\":{\"@id\":\"https:\/\/roboyo.global\/de\/404-page\/#primaryimage\"},\"thumbnailUrl\":\"https:\/\/roboyo.global\/app\/uploads\/2023\/08\/Roboyo-Logo-Tag-Blue-RGB-resized-for-Teams.webp\",\"datePublished\":\"2021-06-21T14:55:20+00:00\",\"dateModified\":\"2024-03-13T14:58:15+00:00\",\"breadcrumb\":{\"@id\":\"https:\/\/roboyo.global\/de\/404-page\/#breadcrumb\"},\"inLanguage\":\"de-DE\",\"potentialAction\":[{\"@type\":\"ReadAction\",\"target\":[\"https:\/\/roboyo.global\/de\/404-page\/\"]}]},{\"@type\":\"ImageObject\",\"inLanguage\":\"de-DE\",\"@id\":\"https:\/\/roboyo.global\/de\/404-page\/#primaryimage\",\"url\":\"https:\/\/roboyo.global\/app\/uploads\/2023\/08\/Roboyo-Logo-Tag-Blue-RGB-resized-for-Teams.webp\",\"contentUrl\":\"https:\/\/roboyo.global\/app\/uploads\/2023\/08\/Roboyo-Logo-Tag-Blue-RGB-resized-for-Teams.webp\",\"width\":400,\"height\":148,\"caption\":\"Roboyo logo\"},{\"@type\":\"BreadcrumbList\",\"@id\":\"https:\/\/roboyo.global\/de\/404-page\/#breadcrumb\",\"itemListElement\":[{\"@type\":\"ListItem\",\"position\":1,\"name\":\"Home\",\"item\":\"https:\/\/roboyo.global\/de\/\"},{\"@type\":\"ListItem\",\"position\":2,\"name\":\"404 Page\"}]},{\"@type\":\"WebSite\",\"@id\":\"https:\/\/roboyo.global\/de\/#website\",\"url\":\"https:\/\/roboyo.global\/de\/\",\"name\":\"Roboyo - Your Agentic Automation & AI Partner of Choice\",\"description\":\"We take what\u2019s possible to the next level. Now.\",\"potentialAction\":[{\"@type\":\"SearchAction\",\"target\":{\"@type\":\"EntryPoint\",\"urlTemplate\":\"https:\/\/roboyo.global\/de\/?s={search_term_string}\"},\"query-input\":{\"@type\":\"PropertyValueSpecification\",\"valueRequired\":true,\"valueName\":\"search_term_string\"}}],\"inLanguage\":\"de-DE\"}]}<\/script>\n<!-- \/ Yoast SEO Premium plugin. -->","yoast_head_json":{"title":"404 Page - Roboyo","robots":{"index":"noindex","follow":"follow"},"og_locale":"de_DE","og_type":"article","og_title":"404 Page","og_url":"https:\/\/roboyo.global\/de\/404-page\/","og_site_name":"Roboyo","article_modified_time":"2024-03-13T14:58:15+00:00","og_image":[{"width":400,"height":148,"url":"https:\/\/roboyo.global\/app\/uploads\/2023\/08\/Roboyo-Logo-Tag-Blue-RGB-resized-for-Teams.webp","type":"image\/webp"}],"twitter_card":"summary_large_image","twitter_misc":{"Est. reading time":"1 minute"},"schema":{"@context":"https:\/\/schema.org","@graph":[{"@type":"WebPage","@id":"https:\/\/roboyo.global\/de\/404-page\/","url":"https:\/\/roboyo.global\/de\/404-page\/","name":"404 Page - Roboyo","isPartOf":{"@id":"https:\/\/roboyo.global\/de\/#website"},"primaryImageOfPage":{"@id":"https:\/\/roboyo.global\/de\/404-page\/#primaryimage"},"image":{"@id":"https:\/\/roboyo.global\/de\/404-page\/#primaryimage"},"thumbnailUrl":"https:\/\/roboyo.global\/app\/uploads\/2023\/08\/Roboyo-Logo-Tag-Blue-RGB-resized-for-Teams.webp","datePublished":"2021-06-21T14:55:20+00:00","dateModified":"2024-03-13T14:58:15+00:00","breadcrumb":{"@id":"https:\/\/roboyo.global\/de\/404-page\/#breadcrumb"},"inLanguage":"de-DE","potentialAction":[{"@type":"ReadAction","target":["https:\/\/roboyo.global\/de\/404-page\/"]}]},{"@type":"ImageObject","inLanguage":"de-DE","@id":"https:\/\/roboyo.global\/de\/404-page\/#primaryimage","url":"https:\/\/roboyo.global\/app\/uploads\/2023\/08\/Roboyo-Logo-Tag-Blue-RGB-resized-for-Teams.webp","contentUrl":"https:\/\/roboyo.global\/app\/uploads\/2023\/08\/Roboyo-Logo-Tag-Blue-RGB-resized-for-Teams.webp","width":400,"height":148,"caption":"Roboyo logo"},{"@type":"BreadcrumbList","@id":"https:\/\/roboyo.global\/de\/404-page\/#breadcrumb","itemListElement":[{"@type":"ListItem","position":1,"name":"Home","item":"https:\/\/roboyo.global\/de\/"},{"@type":"ListItem","position":2,"name":"404 Page"}]},{"@type":"WebSite","@id":"https:\/\/roboyo.global\/de\/#website","url":"https:\/\/roboyo.global\/de\/","name":"Roboyo - Your Agentic Automation & AI Partner of Choice","description":"We take what\u2019s possible to the next level. Now.","potentialAction":[{"@type":"SearchAction","target":{"@type":"EntryPoint","urlTemplate":"https:\/\/roboyo.global\/de\/?s={search_term_string}"},"query-input":{"@type":"PropertyValueSpecification","valueRequired":true,"valueName":"search_term_string"}}],"inLanguage":"de-DE"}]}},"_links":{"self":[{"href":"https:\/\/roboyo.global\/de\/wp-json\/wp\/v2\/pages\/10104","targetHints":{"allow":["GET"]}}],"collection":[{"href":"https:\/\/roboyo.global\/de\/wp-json\/wp\/v2\/pages"}],"about":[{"href":"https:\/\/roboyo.global\/de\/wp-json\/wp\/v2\/types\/page"}],"author":[{"embeddable":true,"href":"https:\/\/roboyo.global\/de\/wp-json\/wp\/v2\/users\/1"}],"replies":[{"embeddable":true,"href":"https:\/\/roboyo.global\/de\/wp-json\/wp\/v2\/comments?post=10104"}],"version-history":[{"count":5,"href":"https:\/\/roboyo.global\/de\/wp-json\/wp\/v2\/pages\/10104\/revisions"}],"predecessor-version":[{"id":79422,"href":"https:\/\/roboyo.global\/de\/wp-json\/wp\/v2\/pages\/10104\/revisions\/79422"}],"wp:featuredmedia":[{"embeddable":true,"href":"https:\/\/roboyo.global\/de\/wp-json\/wp\/v2\/media\/64384"}],"wp:attachment":[{"href":"https:\/\/roboyo.global\/de\/wp-json\/wp\/v2\/media?parent=10104"}],"wp:term":[{"taxonomy":"wf_page_folders","embeddable":true,"href":"https:\/\/roboyo.global\/de\/wp-json\/wp\/v2\/wf_page_folders?post=10104"}],"curies":[{"name":"wp","href":"https:\/\/api.w.org\/{rel}","templated":true}]}}