{"id":10086,"date":"2021-06-17T08:19:04","date_gmt":"2021-06-17T07:19:04","guid":{"rendered":"https:\/\/roboyo.global\/all-insights\/case-study\/"},"modified":"2023-09-12T14:05:07","modified_gmt":"2023-09-12T13:05:07","slug":"erfolgsgeschichten","status":"publish","type":"page","link":"https:\/\/roboyo.global\/de\/alle-insights\/erfolgsgeschichten\/","title":{"rendered":"Erfolgsgeschichten"},"content":{"rendered":"\r\n\r\n<section  data-loaded data-nav-transparent class=\"hero-header-4 hero-header-4--h6 hero-header-4--left  hero-header-4--fw\" data-block=\"appeal\/hero-4\">\r\n    <div class=\"hero-header-4__wrapper hero-header-4__wrapper--white\">\r\n        <div class=\"hero-header-4__container\">\r\n                        <div class=\"hero-header-4__content hero-header-4__content--\">\r\n                \r\n\r\n                                    <p class=\"hero-header-4__title h6 uppercase\">intelligente Automatisierung<\/p>\r\n                \r\n                                    <h1 class=\"hero-header-4__subtitle h3 uppercase\">ERFOLGSGESCHICHTEN DER N\u00c4CHSTEN STUFE<\/h1>\r\n                \r\n                \r\n            <\/div>\r\n        <\/div>\r\n    <\/div>\r\n<\/section>\n\n\r\n\r\n<section  data-loaded class=\"horizontal-nav  async-load\">\r\n    <div class=\"horizontal-nav__container container--1644\">\r\n        <nav class=\"horizontal-nav__nav\">\r\n            <ul class=\"horizontal-nav__links\">\r\n                                                                                        <li class=\"horizontal-nav__link  horizontal-nav__link--mobile-default  js-hnav-default-mobile-link\">\r\n                                <a href=\"#\">Menu<\/a>\r\n                            <\/li>\r\n                                                <li class=\"horizontal-nav__link  js-hnav-link\" data-url-path=\"\/de\/all-insights\/\">\r\n                                                        <a href=\"https:\/\/roboyo.global\/de\/all-insights\/\">alle Erkenntnisse<\/a>\r\n                            \r\n                                                    <\/li>\r\n                                                                                                        <li class=\"horizontal-nav__link  js-hnav-link\" data-url-path=\"\/de\/all-insights\/blog\/\">\r\n                                                        <a href=\"https:\/\/roboyo.global\/de\/all-insights\/blog\/\">Blog<\/a>\r\n                            \r\n                                                    <\/li>\r\n                                                                                                        <li class=\"horizontal-nav__link  js-hnav-link\" data-url-path=\"\/de\/all-insights\/fallstudien\/\">\r\n                                                        <a href=\"https:\/\/roboyo.global\/de\/all-insights\/fallstudien\/\">Erfolgsgeschichten<\/a>\r\n                            \r\n                                                    <\/li>\r\n                                                                                                        <li class=\"horizontal-nav__link  js-hnav-link\" data-url-path=\"\/de\/all-insights\/resources\/\">\r\n                                                        <a href=\"https:\/\/roboyo.global\/de\/all-insights\/resources\/\">Ressourcen<\/a>\r\n                            \r\n                                                    <\/li>\r\n                                                                                                        <li class=\"horizontal-nav__link  js-hnav-link\" data-url-path=\"\/de\/all-insights\/presse\/\">\r\n                                                        <a href=\"https:\/\/roboyo.global\/de\/all-insights\/presse\/\">Presse<\/a>\r\n                            \r\n                                                    <\/li>\r\n                                                                                                        <li class=\"horizontal-nav__link  js-hnav-link\" data-url-path=\"\/de\/all-insights\/veranstaltungen\/\">\r\n                                                        <a href=\"https:\/\/roboyo.global\/de\/all-insights\/veranstaltungen\/\">Veranstaltungen<\/a>\r\n                            \r\n                                                    <\/li>\r\n                                                                                                        <li class=\"horizontal-nav__link  js-hnav-link\" data-url-path=\"\/de\/all-insights\/videos\/\">\r\n                                                        <a href=\"https:\/\/roboyo.global\/de\/all-insights\/videos\/\">Videos<\/a>\r\n                            \r\n                                                    <\/li>\r\n                                                <\/ul>\r\n        <\/nav>\r\n    <\/div>\r\n<\/section>\n\n\n\n<section id=\"feed-v2\" >\n    <feed-component :feed-layout='{\"layout\":\"single_post_type\",\"postType\":\"case_study\",\"enableFilters\":false}' :translations='{\"Load Previous Insights\":\"Load Previous Insights\",\"Load More Insights\":\"Mehr Einblicke laden\",\"No results to show\":\"Keine Ergebnisse zu zeigen\",\"Filter\":\"Filter\",\"Filters\":\"Filters\",\"Clear all filters\":\"Clear all filters\",\"Show results\":\"Show results\",\"All Results\":\"All Results\",\"%read_time% min read\":\"%read_time% min lesen\",\"By\":\"Nach\",\"more\":\"more\",\"Episode\":\"Episode\",\"Latest\":\"Latest\",\"Listen here\":\"Listen here\",\"Watch episode\":\"Watch episode\"}' language-code='de' \/>\n<\/section>\n\n    <noscript>\n                    <article>\n                <a href=\"https:\/\/roboyo.global\/de\/case-study\/ki-gesteuerte-extraktion-von-immobiliendokumenten-99-genauigkeit-und-85-straight-through-verarbeitung\/\">\n                    <h3>KI-gesteuerte Extraktion von Immobiliendokumenten: 99% Genauigkeit und 85% Straight-Through-Verarbeitung<\/h3>\n                <\/a>\n            <\/article>\n                    <article>\n                <a href=\"https:\/\/roboyo.global\/de\/case-study\/ki-gestuetzte-fallklassifikation-steigerung-der-genauigkeit-und-einsparung-von-58-ftes-im-kundenservice\/\">\n                    <h3>KI-gest\u00fctzte Fallklassifikation: Steigerung der Genauigkeit und Einsparung von 5,8 FTEs im Kundenservice<\/h3>\n                <\/a>\n            <\/article>\n                    <article>\n                <a href=\"https:\/\/roboyo.global\/de\/case-study\/ki-scoring-in-aktion-150-mio-e-umsatzsteigerung-und-570-000-e-einsparungen-durch-rfq-automatisierung\/\">\n                    <h3>KI-Scoring in Aktion: 150 Mio. \u20ac Umsatzsteigerung und 570.000 \u20ac Einsparungen durch RFQ-Automatisierung<\/h3>\n                <\/a>\n            <\/article>\n                    <article>\n                <a href=\"https:\/\/roboyo.global\/de\/case-study\/agentic-ai-verbessert-die-ap-prognosen-skalierbare-intelligenz-im-finanzwesen\/\">\n                    <h3>Agentic AI verbessert die AP-Prognosen: Skalierbare Intelligenz im Finanzwesen<\/h3>\n                <\/a>\n            <\/article>\n                    <article>\n                <a href=\"https:\/\/roboyo.global\/de\/case-study\/skalierung-der-automatisierungsoperationen-in-der-automobilbranche-wie-opmobility-mehr-als-100-stunden-pro-monat-zurueckgewinnen-konnte\/\">\n                    <h3>Skalierung der Automatisierungsoperationen in der Automobilbranche: Wie OPmobility mehr als 100 Stunden pro Monat zur\u00fcckgewinnen konnte<\/h3>\n                <\/a>\n            <\/article>\n                    <article>\n                <a href=\"https:\/\/roboyo.global\/de\/case-study\/automobiles-liefern-der-nachsten-ebene-entscheidungsfindung\/\">\n                    <h3>Automobilindustrie: Entscheidungsfindung der n\u00e4chsten Stufe<\/h3>\n                <\/a>\n            <\/article>\n                    <article>\n                <a href=\"https:\/\/roboyo.global\/de\/case-study\/im-rahmen-der-initiative-re-imagine-zur-steigerung-der-betrieblichen-effizienz-half-roboyo-bei-der-einrichtung-eines-kompetenzzentrums-mit-dem-ziel-innerhalb-von-18-monaten-von-der\/\">\n                    <h3>Fertigung: Die n\u00e4chste Stufe der Agilit\u00e4t erreichen<\/h3>\n                <\/a>\n            <\/article>\n                    <article>\n                <a href=\"https:\/\/roboyo.global\/de\/case-study\/biowissenschaften-die-naechste-stufe-der-transformation-erreichen\/\">\n                    <h3>Biowissenschaften: Die n\u00e4chste Stufe der Transformation erreichen<\/h3>\n                <\/a>\n            <\/article>\n                    <article>\n                <a href=\"https:\/\/roboyo.global\/de\/case-study\/naechsthoehere-kundenerfahrung-aok\/\">\n                    <h3>Versicherung: Die n\u00e4chste Stufe der CX liefern<\/h3>\n                <\/a>\n            <\/article>\n                    <article>\n                <a href=\"https:\/\/roboyo.global\/de\/case-study\/die-naechste-stufe-der-betrieblichen-effizienz-im-bankwesen\/\">\n                    <h3>Bankwesen: Operative Effizienz der n\u00e4chsten Stufe<\/h3>\n                <\/a>\n            <\/article>\n                    <article>\n                <a href=\"https:\/\/roboyo.global\/de\/fallstudie\/regierung-finanzielle-absicherung-der-nachsten-stufe\/\">\n                    <h3>Regierung: Finanzielle Absicherung Der N\u00e4chsten Stufe<\/h3>\n                <\/a>\n            <\/article>\n                    <article>\n                <a href=\"https:\/\/roboyo.global\/de\/fallstudie\/gesundheitsversorgung-nachste-stufe-anspruchsabwicklung\/\">\n                    <h3>Roboyo X F\u00fchrender Gesundheitsanbieter<\/h3>\n                <\/a>\n            <\/article>\n                                    <a href=\"\/de\/wp-json\/wp\/v2\/pages\/10086?current_page=2\" rel=\"next\">Next<\/a>\n            <\/noscript>\n\n\n\r\n\r\n<section  data-horizontal-hide data-loaded class=\"cta cta--none cta--blue  async-load\" data-block=\"appeal\/cta\">\r\n    \r\n    <div class=\"cta__container container--edge-to-edge\">\r\n                    <h2 class=\"cta__title\">ERREICHEN SIE DIE N\u00c4CHSTE STUFE. JETZT.<\/h2>\r\n                        <div class=\"cta__button\">\r\n                            \n<a\n    class=\"cta__link modal-button link--dark link--dark-blue  link link--primary link--internal\"\n    href=\"#cta_footer\"     aria-label=\"Contact Us: KONTAKTIEREN SIE UNS\"    data-loaded\n>\n  <div>\n          <i><\/i>\n        <span>KONTAKTIEREN SIE UNS<\/span>\n      <\/div>\n<\/a>                    <\/div>\r\n    <\/div>\r\n    <div class=\"cta__modal\">\r\n        \r\n    <\/div>\r\n<\/section>","protected":false},"excerpt":{"rendered":"","protected":false},"author":1,"featured_media":42971,"parent":9947,"menu_order":0,"comment_status":"closed","ping_status":"closed","template":"","meta":{"_acf_changed":false,"footnotes":""},"wf_page_folders":[],"class_list":["post-10086","page","type-page","status-publish","has-post-thumbnail","hentry"],"acf":[],"yoast_head":"<!-- This site is optimized with the Yoast SEO Premium plugin v26.0 (Yoast SEO v26.8) - https:\/\/yoast.com\/product\/yoast-seo-premium-wordpress\/ -->\n<title>Intelligente Automatisierung Erfolgsgeschichten - Roboyo<\/title>\n<meta name=\"description\" content=\"Um noch mehr \u00fcber Roboyo zu erfahren, folgen f\u00fcr Sie in K\u00fcrze spannende und informative Erfolgsgeschichten.\" \/>\n<meta name=\"robots\" content=\"index, follow, max-snippet:-1, max-image-preview:large, max-video-preview:-1\" \/>\n<link rel=\"canonical\" href=\"https:\/\/roboyo.global\/de\/alle-insights\/erfolgsgeschichten\/\" \/>\n<meta property=\"og:locale\" content=\"de_DE\" \/>\n<meta property=\"og:type\" content=\"article\" \/>\n<meta property=\"og:title\" content=\"Erfolgsgeschichten\" \/>\n<meta property=\"og:description\" content=\"Um noch mehr \u00fcber Roboyo zu erfahren, folgen f\u00fcr Sie in K\u00fcrze spannende und informative Erfolgsgeschichten.\" \/>\n<meta property=\"og:url\" content=\"https:\/\/roboyo.global\/de\/alle-insights\/erfolgsgeschichten\/\" \/>\n<meta property=\"og:site_name\" content=\"Roboyo\" \/>\n<meta property=\"article:modified_time\" content=\"2023-09-12T13:05:07+00:00\" \/>\n<meta property=\"og:image\" content=\"https:\/\/roboyo.global\/app\/uploads\/2022\/10\/3.png\" \/>\n\t<meta property=\"og:image:width\" content=\"1080\" \/>\n\t<meta property=\"og:image:height\" content=\"1080\" \/>\n\t<meta property=\"og:image:type\" content=\"image\/png\" \/>\n<meta name=\"twitter:card\" content=\"summary_large_image\" \/>\n<script type=\"application\/ld+json\" class=\"yoast-schema-graph\">{\"@context\":\"https:\/\/schema.org\",\"@graph\":[{\"@type\":\"WebPage\",\"@id\":\"https:\/\/roboyo.global\/de\/alle-insights\/erfolgsgeschichten\/\",\"url\":\"https:\/\/roboyo.global\/de\/alle-insights\/erfolgsgeschichten\/\",\"name\":\"Intelligente Automatisierung Erfolgsgeschichten - Roboyo\",\"isPartOf\":{\"@id\":\"https:\/\/roboyo.global\/de\/#website\"},\"primaryImageOfPage\":{\"@id\":\"https:\/\/roboyo.global\/de\/alle-insights\/erfolgsgeschichten\/#primaryimage\"},\"image\":{\"@id\":\"https:\/\/roboyo.global\/de\/alle-insights\/erfolgsgeschichten\/#primaryimage\"},\"thumbnailUrl\":\"https:\/\/roboyo.global\/app\/uploads\/2022\/10\/3.png\",\"datePublished\":\"2021-06-17T07:19:04+00:00\",\"dateModified\":\"2023-09-12T13:05:07+00:00\",\"description\":\"Um noch mehr \u00fcber Roboyo zu erfahren, folgen f\u00fcr Sie in K\u00fcrze spannende und informative Erfolgsgeschichten.\",\"breadcrumb\":{\"@id\":\"https:\/\/roboyo.global\/de\/alle-insights\/erfolgsgeschichten\/#breadcrumb\"},\"inLanguage\":\"de-DE\",\"potentialAction\":[{\"@type\":\"ReadAction\",\"target\":[\"https:\/\/roboyo.global\/de\/alle-insights\/erfolgsgeschichten\/\"]}]},{\"@type\":\"ImageObject\",\"inLanguage\":\"de-DE\",\"@id\":\"https:\/\/roboyo.global\/de\/alle-insights\/erfolgsgeschichten\/#primaryimage\",\"url\":\"https:\/\/roboyo.global\/app\/uploads\/2022\/10\/3.png\",\"contentUrl\":\"https:\/\/roboyo.global\/app\/uploads\/2022\/10\/3.png\",\"width\":1080,\"height\":1080,\"caption\":\"Case Studies\"},{\"@type\":\"BreadcrumbList\",\"@id\":\"https:\/\/roboyo.global\/de\/alle-insights\/erfolgsgeschichten\/#breadcrumb\",\"itemListElement\":[{\"@type\":\"ListItem\",\"position\":1,\"name\":\"Home\",\"item\":\"https:\/\/roboyo.global\/de\/\"},{\"@type\":\"ListItem\",\"position\":2,\"name\":\"Alle Insights\",\"item\":\"https:\/\/roboyo.global\/de\/?page_id=9947\"},{\"@type\":\"ListItem\",\"position\":3,\"name\":\"Erfolgsgeschichten\"}]},{\"@type\":\"WebSite\",\"@id\":\"https:\/\/roboyo.global\/de\/#website\",\"url\":\"https:\/\/roboyo.global\/de\/\",\"name\":\"Roboyo - Your Agentic Automation & AI Partner of Choice\",\"description\":\"We take what\u2019s possible to the next level. Now.\",\"potentialAction\":[{\"@type\":\"SearchAction\",\"target\":{\"@type\":\"EntryPoint\",\"urlTemplate\":\"https:\/\/roboyo.global\/de\/?s={search_term_string}\"},\"query-input\":{\"@type\":\"PropertyValueSpecification\",\"valueRequired\":true,\"valueName\":\"search_term_string\"}}],\"inLanguage\":\"de-DE\"}]}<\/script>\n<!-- \/ Yoast SEO Premium plugin. -->","yoast_head_json":{"title":"Intelligente Automatisierung Erfolgsgeschichten - Roboyo","description":"Um noch mehr \u00fcber Roboyo zu erfahren, folgen f\u00fcr Sie in K\u00fcrze spannende und informative Erfolgsgeschichten.","robots":{"index":"index","follow":"follow","max-snippet":"max-snippet:-1","max-image-preview":"max-image-preview:large","max-video-preview":"max-video-preview:-1"},"canonical":"https:\/\/roboyo.global\/de\/alle-insights\/erfolgsgeschichten\/","og_locale":"de_DE","og_type":"article","og_title":"Erfolgsgeschichten","og_description":"Um noch mehr \u00fcber Roboyo zu erfahren, folgen f\u00fcr Sie in K\u00fcrze spannende und informative Erfolgsgeschichten.","og_url":"https:\/\/roboyo.global\/de\/alle-insights\/erfolgsgeschichten\/","og_site_name":"Roboyo","article_modified_time":"2023-09-12T13:05:07+00:00","og_image":[{"width":1080,"height":1080,"url":"https:\/\/roboyo.global\/app\/uploads\/2022\/10\/3.png","type":"image\/png"}],"twitter_card":"summary_large_image","schema":{"@context":"https:\/\/schema.org","@graph":[{"@type":"WebPage","@id":"https:\/\/roboyo.global\/de\/alle-insights\/erfolgsgeschichten\/","url":"https:\/\/roboyo.global\/de\/alle-insights\/erfolgsgeschichten\/","name":"Intelligente Automatisierung Erfolgsgeschichten - Roboyo","isPartOf":{"@id":"https:\/\/roboyo.global\/de\/#website"},"primaryImageOfPage":{"@id":"https:\/\/roboyo.global\/de\/alle-insights\/erfolgsgeschichten\/#primaryimage"},"image":{"@id":"https:\/\/roboyo.global\/de\/alle-insights\/erfolgsgeschichten\/#primaryimage"},"thumbnailUrl":"https:\/\/roboyo.global\/app\/uploads\/2022\/10\/3.png","datePublished":"2021-06-17T07:19:04+00:00","dateModified":"2023-09-12T13:05:07+00:00","description":"Um noch mehr \u00fcber Roboyo zu erfahren, folgen f\u00fcr Sie in K\u00fcrze spannende und informative Erfolgsgeschichten.","breadcrumb":{"@id":"https:\/\/roboyo.global\/de\/alle-insights\/erfolgsgeschichten\/#breadcrumb"},"inLanguage":"de-DE","potentialAction":[{"@type":"ReadAction","target":["https:\/\/roboyo.global\/de\/alle-insights\/erfolgsgeschichten\/"]}]},{"@type":"ImageObject","inLanguage":"de-DE","@id":"https:\/\/roboyo.global\/de\/alle-insights\/erfolgsgeschichten\/#primaryimage","url":"https:\/\/roboyo.global\/app\/uploads\/2022\/10\/3.png","contentUrl":"https:\/\/roboyo.global\/app\/uploads\/2022\/10\/3.png","width":1080,"height":1080,"caption":"Case Studies"},{"@type":"BreadcrumbList","@id":"https:\/\/roboyo.global\/de\/alle-insights\/erfolgsgeschichten\/#breadcrumb","itemListElement":[{"@type":"ListItem","position":1,"name":"Home","item":"https:\/\/roboyo.global\/de\/"},{"@type":"ListItem","position":2,"name":"Alle Insights","item":"https:\/\/roboyo.global\/de\/?page_id=9947"},{"@type":"ListItem","position":3,"name":"Erfolgsgeschichten"}]},{"@type":"WebSite","@id":"https:\/\/roboyo.global\/de\/#website","url":"https:\/\/roboyo.global\/de\/","name":"Roboyo - Your Agentic Automation & AI Partner of Choice","description":"We take what\u2019s possible to the next level. Now.","potentialAction":[{"@type":"SearchAction","target":{"@type":"EntryPoint","urlTemplate":"https:\/\/roboyo.global\/de\/?s={search_term_string}"},"query-input":{"@type":"PropertyValueSpecification","valueRequired":true,"valueName":"search_term_string"}}],"inLanguage":"de-DE"}]}},"_links":{"self":[{"href":"https:\/\/roboyo.global\/de\/wp-json\/wp\/v2\/pages\/10086","targetHints":{"allow":["GET"]}}],"collection":[{"href":"https:\/\/roboyo.global\/de\/wp-json\/wp\/v2\/pages"}],"about":[{"href":"https:\/\/roboyo.global\/de\/wp-json\/wp\/v2\/types\/page"}],"author":[{"embeddable":true,"href":"https:\/\/roboyo.global\/de\/wp-json\/wp\/v2\/users\/1"}],"replies":[{"embeddable":true,"href":"https:\/\/roboyo.global\/de\/wp-json\/wp\/v2\/comments?post=10086"}],"version-history":[{"count":36,"href":"https:\/\/roboyo.global\/de\/wp-json\/wp\/v2\/pages\/10086\/revisions"}],"predecessor-version":[{"id":65361,"href":"https:\/\/roboyo.global\/de\/wp-json\/wp\/v2\/pages\/10086\/revisions\/65361"}],"up":[{"embeddable":true,"href":"https:\/\/roboyo.global\/de\/wp-json\/wp\/v2\/pages\/9947"}],"wp:featuredmedia":[{"embeddable":true,"href":"https:\/\/roboyo.global\/de\/wp-json\/wp\/v2\/media\/42971"}],"wp:attachment":[{"href":"https:\/\/roboyo.global\/de\/wp-json\/wp\/v2\/media?parent=10086"}],"wp:term":[{"taxonomy":"wf_page_folders","embeddable":true,"href":"https:\/\/roboyo.global\/de\/wp-json\/wp\/v2\/wf_page_folders?post=10086"}],"curies":[{"name":"wp","href":"https:\/\/api.w.org\/{rel}","templated":true}]}}